{"id":10437,"date":"2020-09-12T18:51:17","date_gmt":"2020-09-12T10:51:17","guid":{"rendered":"https:\/\/mairsturnstile.com\/product\/tornelli-da-costruzione-tornelli-a-tutta-altezza-mt404-2"},"modified":"2024-10-29T18:34:11","modified_gmt":"2024-10-29T10:34:11","slug":"costruzione-tornelli","status":"publish","type":"product","link":"https:\/\/mairsturnstile.com\/it\/prodotto\/costruzione-tornelli","title":{"rendered":"TORNELLI DA COSTRUZIONE A TUTTA ALTEZZA"},"content":{"rendered":"        <!-- 3D Model html -->\r\n        <div class=\"bp_grand wrapper_19987\">   \r\n        <div class=\"bp_model_parent\">\r\n            <model-viewer class=\"model\" id=\"bp_model_id_19987\" src=\"http:\/\/mairsturnstile.com\/wp-content\/uploads\/2023\/07\/MT404-2.glb\" alt=\"MT404-2\" camera-controls  loading=\"auto\" auto-rotate                        >\r\n            <\/model-viewer>\r\n        \r\n            <!-- Button -->\r\n            <svg id=\"openBtn\" width=\"30px\" height=\"30px\" viewBox=\"0 0 16 16\" xmlns=\"http:\/\/www.w3.org\/2000\/svg\" fill=\"#f2f2f2\" class=\"bi bi-arrows-fullscreen model-icon\">\r\n                <path fill-rule=\"evenodd\" d=\"M5.828 10.172a.5.5 0 0 0-.707 0l-4.096 4.096V11.5a.5.5 0 0 0-1 0v3.975a.5.5 0 0 0 .5.5H4.5a.5.5 0 0 0 0-1H1.732l4.096-4.096a.5.5 0 0 0 0-.707zm4.344 0a.5.5 0 0 1 .707 0l4.096 4.096V11.5a.5.5 0 1 1 1 0v3.975a.5.5 0 0 1-.5.5H11.5a.5.5 0 0 1 0-1h2.768l-4.096-4.096a.5.5 0 0 1 0-.707zm0-4.344a.5.5 0 0 0 .707 0l4.096-4.096V4.5a.5.5 0 1 0 1 0V.525a.5.5 0 0 0-.5-.5H11.5a.5.5 0 0 0 0 1h2.768l-4.096 4.096a.5.5 0 0 0 0 .707zm-4.344 0a.5.5 0 0 1-.707 0L1.025 1.732V4.5a.5.5 0 0 1-1 0V.525a.5.5 0 0 1 .5-.5H4.5a.5.5 0 0 1 0 1H1.732l4.096 4.096a.5.5 0 0 1 0 .707z\"\/>\r\n            <\/svg>\r\n        \r\n            <svg id=\"closeBtn\" class=\"model-icon\" width=\"34px\" height=\"34px\" viewBox=\"0 0 24 24\" xmlns=\"http:\/\/www.w3.org\/2000\/svg\">\r\n                <path fill=\"none\" stroke=\"#f2f2f2\" stroke-width=\"2\" d=\"M7,7 L17,17 M7,17 L17,7\"\/>\r\n            <\/svg>\r\n        \r\n        <\/div>\r\n        <\/div> \r\n\r\n        <!-- Model Viewer Style -->\r\n        <style>\r\n            \r\n            .wrapper_19987 .bp_model_parent, #bp_model_id_19987 {\r\n                width: 1150px;\r\n                max-width: 100%;\r\n                                            }\r\n            #bp_model_id_19987 {\r\n                height:700px;\r\n                background-color: #f2f2f2;\r\n            }\r\n            .fullscreen #bp_model_id_19987{\r\n            height: 100%;\r\n            width: 100%;\r\n            }\r\n            .wrapper_19987 .bp_model_parent{\r\n                justify-content: start            }\r\n            model-viewer.model {\r\n                --poster-color: transparent;\r\n            }\r\n        <\/style>\r\n        \r\n        \n<p>Siamo in grado di fornire servizi OEM e ODM. Abbiamo designer esperti che possono completare una profonda personalizzazione in base a qualsiasi tua esigenza. Forniremo una serie di materiali come rendering 3D, disegni dimensionali, ecc. il prima possibile. Forniamo anche dispositivi biometrici, come lettori di carte IC\/ID, scanner di impronte digitali, scanner di codici QR, fotocamera per il riconoscimento facciale e cos\u00ec via. Abbiamo anche lanciato una nuova serie di tornelli a tutta altezza dall&#8217;aspetto elegante e dalla struttura robusta. Consulta: <a href=\"https:\/\/mairsturnstile.com\/full-height-series-turnstile\" target=\"_blank\" rel=\"noopener\">serie di tornelli a tutta altezza<\/a> <\/p>\n<h2><b data-spm-anchor-id=\"a2700.details.pronpeci14.i2.770ea594C5VqRv\">TORNELLI DA COSTRUZIONE TORNELLI A TUTTA ALTEZZA, tornelli da costruzione a doppia corsia Cancello pedonale a tutta altezza.<\/b><\/h2>\n<p>Tornelli da costruzione I <a href=\"https:\/\/mairsturnstile.com\/full-height-turnstiles.html\" target=\"_blank\" rel=\"noopener\">tornelli a tutta altezza<\/a> hanno una garanzia di 2 anni e un supporto duraturo per la manutenzione e la riparazione.<\/p>\n<p><strong>Il tornello di costruzione \u00e8 una sorta di cancello pedonale del tornello utilizzato per la gestione del controllo dell&#8217;accesso del personale di cantiere, che \u00e8 l&#8217;apparecchiatura di controllo principale del controllo dell&#8217;accesso del traffico pedonale nel cantiere. <\/strong>Allo stesso tempo, in base ai requisiti ambientali del cantiere, i tornelli di costruzione devono avere buone prestazioni di impermeabilit\u00e0 e illuminazione e realizzare le funzioni di controllo accessi e presenze, pattugliamento in loco, registrazione riunioni, gestione delle violazioni, report statistico e gestione del sistema tramite riconoscimento facciale, tessera RFID, ecc.<\/p>\n<p>Il tornello da cantiere \u00e8 generalmente un cancello girevole a tripode e un cancello girevole a tutta altezza, perch\u00e9 il suo design \u00e8 molto adatto al cantiere. Il cancello del tornello a tutta altezza ha prestazioni di sicurezza pi\u00f9 elevate, il cancello del tornello in cantiere non solo pu\u00f2 impedire l&#8217;ingresso e l&#8217;uscita di personale straniero, ma anche essere dotato di un sistema di presenza per registrare lo stato di presenza dei lavoratori. L&#8217;uso di tornelli edili pu\u00f2 rendere ordinato il flusso di persone in cantiere attraverso il canale.<\/p>\n<p>I tornelli di costruzione hanno la funzione di prevenire i danni umani; I tornelli di costruzione sono utilizzati per proteggere l&#8217;incolumit\u00e0 del personale e delle cose; Assicurarsi che la propriet\u00e0 in cantiere non sia facile da perdere.<\/p>\n<p>Solo una persona alla volta pu\u00f2 passare attraverso il cancello del tornello in cantiere, il che pu\u00f2 anche prevenire incidenti dovuti alla congestione. Quando si verifica un evento importante in cantiere, l&#8217;amministratore interrompe l&#8217;alimentazione al cancello del tornello e il cancello verr\u00e0 aperto, in modo che i pedoni possano passare da soli, in modo da accelerare l&#8217;evacuazione della folla.<\/p>\n<p>Questo cancello girevole a tutta altezza \u00e8 a doppia corsia, progettato per controllare l&#8217;ingresso e l&#8217;uscita dei pedoni, adotta l&#8217;acciaio inossidabile #304, il trattamento superficiale a doppia spazzolatura, <a href=\"https:\/\/en.wiktionary.org\/wiki\/dustproof\" target=\"_blank\" rel=\"noopener\">l&#8217;antipolvere<\/a>, l&#8217;antiruggine, il design impermeabile, adatto all&#8217;uso interno ed esterno, facile da integrare con altri dispositivi di lettura\/scrittura e ampiamente utilizzato per applicazioni come uno stadio, un appartamento, una palestra, un museo, una stazione, una biblioteca e una fabbrica, ecc.<\/p>\n\n        \t\n\t<style type=\"text\/css\">\n\t\t.slider-info-19991.bafg-slider-info .bafg-slider-title {\n\t\t\t\t\t\tfont-size: 22px;\n\t\t\t\t\t\t\n\t\t\t\n\t\t\t\t\t}\n\n\t\t.slider-info-19991.bafg-slider-info .bafg-slider-description {\n\t\t\t\n\t\t\t\n\t\t\t\t\t}\n\n\t\t.slider-info-19991.bafg-slider-info .bafg_slider_readmore_button {\n\t\t\t\n\t\t\t\n\t\t\t\n\t\t\t\n\t\t\t\n\t\t\ttext-align: center;\n\n\t\t\t\n\t\t\t\n\t\t\t\n\t\t\t\n\t\t\t\n\t\t\t\n\t\t\t\t\t}\n\n\t\t.slider-info-19991.bafg-slider-info .bafg_slider_readmore_button:hover {\n\n\t\t\t\n\t\t\t\n\t\t\t\t\t}\n\n\t<\/style>\n\t\n        <div class=\"bafg-twentytwenty-container slider-19991 \" bafg-orientation=\"horizontal\" bafg-default-offset=\"0.5\" bafg-before-label=\"Before\" bafg-after-label=\"After\" bafg-overlay=\"yes\" bafg-move-slider-on-hover=\"yes\" bafg-click-to-move=\"no\">\n              \n            <img decoding=\"async\" class=\"skip-lazy\" src=\"http:\/\/mairsturnstile.com\/wp-content\/uploads\/2024\/10\/construction-turnstiles-5.jpg\" alt=\"construction turnstiles\" data-skip-lazy title=\"\">\n            <img decoding=\"async\" class=\"skip-lazy\" src=\"http:\/\/mairsturnstile.com\/wp-content\/uploads\/2020\/09\/construction-turnstiles-6.jpg\" alt=\"construction turnstiles \" data-skip-lazy title=\"\">\n           \n        <\/div>\n\n        \t<div class=\"bafg-slider-info-wraper\">\n\t\t<div style=\"\" class=\"slider-info-19991 bafg-slider-info\">\n\t\t\t\t\t<\/div>\n\t<\/div>\n\t\n        <style type=\"text\/css\">\n            \n        <\/style>\n        \n<p>Possiamo anche creare un rendering per te in pochi minuti in base al tuo scenario reale. Forniamo anche layout e disegni dettagliati, nonch\u00e9 disegni di installazione. Non preoccuparti dell&#8217;installazione. Si prega di scaricare il nostro file PDF corrispondente per dimensioni specifiche e dimensioni di installazione.<\/p>\n<p>I nostri tornelli ad alta sicurezza sono progettati per soddisfare i requisiti di sicurezza e controllo pi\u00f9 esigenti e sono ideali per situazioni di spazi ristretti in cui un gran numero di persone deve essere autenticato per l&#8217;ingresso. Le doppie corsie sono essenzialmente due tornelli singoli in un telaio che migliora l&#8217;efficienza e consente di risparmiare spazio significativo.<\/p>\n<ul>\n<li>Il cancello dei tornelli a tutta altezza dei tornelli di costruzione viene spesso utilizzato per soluzioni di controllo degli accessi ad alta sicurezza.<\/li>\n<li>Il materiale del corpo \u00e8 in acciaio inossidabile 304 che \u00e8 antiruggine e durevole e ha un&#8217;elevata resistenza. Il braccio \u00e8 di tipo U.<\/li>\n<li>Il cancello per tornelli edili \u00e8 adatto sia per ambienti interni che esterni.<\/li>\n<li>Con la funzione anti-inversione, fermare la direzione invertita.<\/li>\n<li>Per soddisfare i requisiti di controllo di emergenza, il cancello del tornello si aprir\u00e0 automaticamente quando l&#8217;alimentazione \u00e8 interrotta.<\/li>\n<li>L&#8217;intero sistema funziona in modo molto fluido, con lunga durata e prestazioni elevate, elevata affidabilit\u00e0 operativa e risposta rapida.<\/li>\n<li>Il meccanismo \u00e8 dotato di un ammortizzatore idraulico di alta qualit\u00e0. Con questo dispositivo, c&#8217;\u00e8 un rumore molto basso durante il funzionamento ed \u00e8 pi\u00f9 fluido.<\/li>\n<li>Funzione di autotest, il cancello si ripristiner\u00e0 automaticamente all&#8217;accensione.<\/li>\n<li>Dispositivi a doppio cuscinetto, mantengono il cancello in equilibrio quando c&#8217;\u00e8 una forza esterna.<\/li>\n<li>Unidirezionale o bidirezionale \u00e8 facoltativo.<\/li>\n<li>Con spia LED.<\/li>\n<li>Azionamento: semiautomatico<\/li>\n<li>Pu\u00f2 essere controllato da un telecomando e gestito direttamente dal computer.<\/li>\n<li>In caso di interruzione di corrente, la corsia del tornello sar\u00e0 di libero accesso, nel rispetto dei requisiti di sicurezza antincendio.<\/li>\n<li>Le dimensioni\/design del cancello possono essere personalizzate in base al disegno del cliente.<\/li>\n<li>La dimensione pu\u00f2 essere regolata per soddisfare i requisiti in luoghi diversi.<\/li>\n<\/ul>\n<p>Siamo in grado di fornire l&#8217;intera soluzione di controllo degli accessi di sicurezza. Se disponi di un tuo sistema di controllo degli accessi, puoi utilizzare direttamente il nostro cancello tornello. Se non ne hai uno, forniamo anche una soluzione completa per il controllo degli accessi di sicurezza. Si prega di fare riferimento al video qui sotto per i dettagli.<\/p>\n<p><iframe title=\"Tornello a doppia corsia a tutta altezza con lettore di schede, codice QR, soluzione di controllo remoto - MairsTurnstile\" src=\"https:\/\/www.youtube.com\/embed\/XyxFKnS3Br0\" width=\"1150\" height=\"650\" frameborder=\"0\" allowfullscreen=\"allowfullscreen\"><\/iframe><\/p>\n","protected":false},"excerpt":{"rendered":"<p>1. Dimensioni: 2300 * 1450 * 2300 mm (pu\u00f2 essere personalizzato)<\/p>\n<p>2. Larghezza corsia: 650 mm (personalizzabile)<\/p>\n<p>3. Velocit\u00e0 di passaggio: 30 persone\/min<\/p>\n<p>4. Alimentazione: 110 V\/220 V 50\/60 Hz<\/p>\n<p>5. Tornello a tutta altezza in vendita Solenoide: DC24V<\/p>\n<p>6. Segnale cancello aperto: contatto pulito\/rel\u00e8<\/p>\n<p>7. Tensione logica: DC24V<\/p>\n<p>8. Materiale: acciaio inossidabile 304 o acciaio inossidabile 316<\/p>\n<p>9. Interfaccia di comunicazione: RS485<\/p>\n<p><strong><a title=\"Tornello a tutta altezza certificato CE Mairs\" href=\"http:\/\/mairsturnstile.com\/wp-content\/uploads\/2022\/09\/Mairs-CE-Certificate-Full-Height-Turnstile.pdf\" target=\"_blank\" rel=\"noopener noreferrer\">Certificazione CE<\/a>, <a title=\"Certificato Mairs ISO9001\" href=\"http:\/\/mairsturnstile.com\/wp-content\/uploads\/2022\/09\/Mairs-Registration-Certificate-ISO9001.pdf\" target=\"_blank\" rel=\"noopener noreferrer\">certificato ISO 9001.<\/a><\/strong><\/p>\n<p><a title=\"Brochure del doppio tornello a tutta altezza\" href=\"http:\/\/mairsturnstile.com\/wp-content\/uploads\/2023\/12\/MT404-2-brochure.pdf\" target=\"_blank\" rel=\"noopener noreferrer\"><img decoding=\"async\" class=\"alignnone size-full wp-image-11034\" src=\"http:\/\/mairsturnstile.com\/wp-content\/uploads\/2022\/09\/pdf-MairsTurnstile.png\" alt=\"\" width=\"32\" height=\"32\"><span style=\"color: #0000ff;\"><strong>Brochure del tornello doppio a tutta altezza MT404-2<\/strong><\/span><\/a><\/p>\n<p><a title=\"Manuale di installazione del tornello a tutta altezza\" href=\"http:\/\/mairsturnstile.com\/wp-content\/uploads\/2023\/09\/Full-height-turnstile-installation-manual.pdf\" target=\"_blank\" rel=\"noopener noreferrer\"><img decoding=\"async\" class=\"alignnone size-full wp-image-11034\" src=\"http:\/\/mairsturnstile.com\/wp-content\/uploads\/2022\/09\/pdf-MairsTurnstile.png\" alt=\"\" width=\"32\" height=\"32\"><strong><span style=\"color: #0000ff;\"> Manuale d&#8217;uso e installazione del tornello a tutta altezza<\/span><\/strong><\/a><\/p>\n","protected":false},"featured_media":58155,"comment_status":"closed","ping_status":"closed","template":"","meta":{"neve_meta_sidebar":"","neve_meta_container":"","neve_meta_enable_content_width":"off","neve_meta_content_width":0,"neve_meta_title_alignment":"","neve_meta_author_avatar":"","neve_post_elements_order":"","neve_meta_disable_header":"","neve_meta_disable_footer":"","neve_meta_disable_title":"","_ti_tpc_template_sync":false,"_ti_tpc_template_id":""},"product_cat":[884,888],"product_tag":[910,900,915,913,914,1648],"class_list":["post-10437","product","type-product","status-publish","has-post-thumbnail","hentry","product_cat-tornelli-a-tutta-altezza","product_cat-tornelli-di-sicurezza","product_tag-doppio-tornello-a-tutta-altezza-it","product_tag-tornelli-a-tutta-altezza","product_tag-tornelli-da-cantiere","product_tag-tornelli-da-costruzione","product_tag-tornelli-di-sicurezza-per-cantieri","product_tag-tornello-da-cantiere"],"_links":{"self":[{"href":"https:\/\/mairsturnstile.com\/it\/wp-json\/wp\/v2\/product\/10437","targetHints":{"allow":["GET"]}}],"collection":[{"href":"https:\/\/mairsturnstile.com\/it\/wp-json\/wp\/v2\/product"}],"about":[{"href":"https:\/\/mairsturnstile.com\/it\/wp-json\/wp\/v2\/types\/product"}],"replies":[{"embeddable":true,"href":"https:\/\/mairsturnstile.com\/it\/wp-json\/wp\/v2\/comments?post=10437"}],"version-history":[{"count":0,"href":"https:\/\/mairsturnstile.com\/it\/wp-json\/wp\/v2\/product\/10437\/revisions"}],"wp:featuredmedia":[{"embeddable":true,"href":"https:\/\/mairsturnstile.com\/it\/wp-json\/wp\/v2\/media\/58155"}],"wp:attachment":[{"href":"https:\/\/mairsturnstile.com\/it\/wp-json\/wp\/v2\/media?parent=10437"}],"wp:term":[{"taxonomy":"product_cat","embeddable":true,"href":"https:\/\/mairsturnstile.com\/it\/wp-json\/wp\/v2\/product_cat?post=10437"},{"taxonomy":"product_tag","embeddable":true,"href":"https:\/\/mairsturnstile.com\/it\/wp-json\/wp\/v2\/product_tag?post=10437"}],"curies":[{"name":"wp","href":"https:\/\/api.w.org\/{rel}","templated":true}]}}