{"id":10439,"date":"2020-09-13T17:06:48","date_gmt":"2020-09-13T09:06:48","guid":{"rendered":"https:\/\/mairsturnstile.com\/product\/tornello-a-tutta-altezza-tornello-handicap-mt451-c"},"modified":"2024-10-29T18:36:45","modified_gmt":"2024-10-29T10:36:45","slug":"tornello-handicap","status":"publish","type":"product","link":"https:\/\/mairsturnstile.com\/it\/prodotto\/tornello-handicap","title":{"rendered":"TORNELLO PER DISABILI A TUTTA ALTEZZA"},"content":{"rendered":"        <!-- 3D Model html -->\r\n        <div class=\"bp_grand wrapper_51818\">   \r\n        <div class=\"bp_model_parent\">\r\n            <model-viewer class=\"model\" id=\"bp_model_id_51818\" src=\"http:\/\/mairsturnstile.com\/wp-content\/uploads\/2024\/09\/MT-XW400C.glb\" alt=\"MT-XW400C\" camera-controls  loading=\"auto\" auto-rotate                        >\r\n            <\/model-viewer>\r\n        \r\n            <!-- Button -->\r\n            <svg id=\"openBtn\" width=\"30px\" height=\"30px\" viewBox=\"0 0 16 16\" xmlns=\"http:\/\/www.w3.org\/2000\/svg\" fill=\"#f2f2f2\" class=\"bi bi-arrows-fullscreen model-icon\">\r\n                <path fill-rule=\"evenodd\" d=\"M5.828 10.172a.5.5 0 0 0-.707 0l-4.096 4.096V11.5a.5.5 0 0 0-1 0v3.975a.5.5 0 0 0 .5.5H4.5a.5.5 0 0 0 0-1H1.732l4.096-4.096a.5.5 0 0 0 0-.707zm4.344 0a.5.5 0 0 1 .707 0l4.096 4.096V11.5a.5.5 0 1 1 1 0v3.975a.5.5 0 0 1-.5.5H11.5a.5.5 0 0 1 0-1h2.768l-4.096-4.096a.5.5 0 0 1 0-.707zm0-4.344a.5.5 0 0 0 .707 0l4.096-4.096V4.5a.5.5 0 1 0 1 0V.525a.5.5 0 0 0-.5-.5H11.5a.5.5 0 0 0 0 1h2.768l-4.096 4.096a.5.5 0 0 0 0 .707zm-4.344 0a.5.5 0 0 1-.707 0L1.025 1.732V4.5a.5.5 0 0 1-1 0V.525a.5.5 0 0 1 .5-.5H4.5a.5.5 0 0 1 0 1H1.732l4.096 4.096a.5.5 0 0 1 0 .707z\"\/>\r\n            <\/svg>\r\n        \r\n            <svg id=\"closeBtn\" class=\"model-icon\" width=\"34px\" height=\"34px\" viewBox=\"0 0 24 24\" xmlns=\"http:\/\/www.w3.org\/2000\/svg\">\r\n                <path fill=\"none\" stroke=\"#f2f2f2\" stroke-width=\"2\" d=\"M7,7 L17,17 M7,17 L17,7\"\/>\r\n            <\/svg>\r\n        \r\n        <\/div>\r\n        <\/div> \r\n\r\n        <!-- Model Viewer Style -->\r\n        <style>\r\n            \r\n            .wrapper_51818 .bp_model_parent, #bp_model_id_51818 {\r\n                width: 1150px;\r\n                max-width: 100%;\r\n                                            }\r\n            #bp_model_id_51818 {\r\n                height:700px;\r\n                background-color: #f9f9f9;\r\n            }\r\n            .fullscreen #bp_model_id_51818{\r\n            height: 100%;\r\n            width: 100%;\r\n            }\r\n            .wrapper_51818 .bp_model_parent{\r\n                justify-content: start            }\r\n            model-viewer.model {\r\n                --poster-color: transparent;\r\n            }\r\n        <\/style>\r\n        \r\n        \n<h4>il cancello del tornello per disabili ha una garanzia di 2 anni e un supporto duraturo per la manutenzione e la riparazione.<\/h4>\n<p>Siamo in grado di fornire servizi OEM e ODM. Abbiamo designer esperti che possono completare una profonda personalizzazione in base a qualsiasi tua esigenza. Forniremo una serie di materiali come rendering 3D, disegni dimensionali, ecc. il prima possibile. Se hai esigenze particolari e devi personalizzare il prodotto, devi solo fornire immagini e parametri pertinenti. Forniamo anche dispositivi biometrici, come lettori di carte IC\/ID, scanner di impronte digitali, scanner di codici QR, fotocamere con riconoscimento facciale e cos\u00ec via.<\/p>\n<p>Abbiamo anche lanciato una nuova serie di tornelli a tutta altezza dall&#8217;aspetto elegante e dalla struttura robusta. Consulta:<span style=\"\"> <a style=\"\" href=\"\" target=\"\" rel=\"noopener\">serie di tornelli a tutta altezza<\/a><\/span> <\/p>\n<p><strong>Il tornello per disabili \u00e8 una sorta di cancello pedonale del tornello utilizzato per il controllo dell&#8217;accesso per disabili in sedia a rotelle, la cui larghezza della corsia deve essere di almeno 900 mm. Il tornello per disabili \u00e8 solitamente progettato per portatori di handicap, disabili, il che facilita il viaggio dei disabili.<\/strong> I disabili e le sedie a rotelle possono passare facilmente. Il tornello per disabili \u00e8 diverso dal tradizionale tornello a barriera a ribalta e dal tornello a tripode. L&#8217;accesso non \u00e8 limitato da vie fisiche come la piastra alare e l&#8217;asta di blocco. Il tornello handicap non ha un principio di movimento, solo una funzione di riconoscimento induttivo.<\/p>\n<p>Esistono molti stili di tornelli per disabili, che possono anche essere personalizzati in base alle proprie effettive esigenze. Tutti i nostri cancelli girevoli a battente e i cancelli veloci possono essere progettati appositamente per persone disabili e portatori di handicap. Tutti i modelli di tornelli a battente e porte veloci possono essere utilizzati per l&#8217;accesso ai disabili. Alcuni modelli di barriera a doppia falda a scomparsa e tornello scorrevole possono avere anche una larghezza di passaggio di 900 mm. \u00c8 conforme all&#8217;ADA (The Americans with Disabilities Act). Se avete bisogno di qualsiasi tipo di tornello per disabili, <a href=\"https:\/\/mairsturnstile.com\/contact\">chiedeteci<\/a> pure<\/p>\n<p>A proposito di questo tornello ADA o prodotto di tornelli per disabili, a causa dei fattori dell&#8217;ambiente di installazione in loco o dei requisiti di accesso al sito e al sito, molti clienti potrebbero aver bisogno solo della versione semplice del tornello ADA. Se hai qualche esigenza in tal senso, puoi anche contattarci per personalizzarla. Ad esempio, le seguenti due semplici versioni del cancello girevole a battente a tutta altezza sono personalizzate dai nostri clienti. Questo tornello oscillante a tutta altezza risolve il problema che i tornelli a tutta altezza non possono passare attraverso biciclette e sedie a rotelle. La versione semplice del cancello girevole a battente \u00e8 completamente pensata per il passaggio di biciclette o persone disabili.<\/p>\n<p>Possiamo anche creare un rendering per te in pochi minuti in base al tuo scenario reale. Forniamo anche layout e disegni dettagliati, nonch\u00e9 disegni di installazione.<\/p>\n\n        \t\n\t<style type=\"text\/css\">\n\t\t.slider-info-53264.bafg-slider-info .bafg-slider-title {\n\t\t\t\t\t\tfont-size: 22px;\n\t\t\t\t\t\t\n\t\t\t\n\t\t\t\t\t}\n\n\t\t.slider-info-53264.bafg-slider-info .bafg-slider-description {\n\t\t\t\n\t\t\t\n\t\t\t\t\t}\n\n\t\t.slider-info-53264.bafg-slider-info .bafg_slider_readmore_button {\n\t\t\t\n\t\t\t\n\t\t\t\n\t\t\t\n\t\t\t\n\t\t\ttext-align: center;\n\n\t\t\t\n\t\t\t\n\t\t\t\n\t\t\t\n\t\t\t\n\t\t\t\n\t\t\t\t\t}\n\n\t\t.slider-info-53264.bafg-slider-info .bafg_slider_readmore_button:hover {\n\n\t\t\t\n\t\t\t\n\t\t\t\t\t}\n\n\t<\/style>\n\t\n        <div class=\"bafg-twentytwenty-container slider-53264 \" bafg-orientation=\"horizontal\" bafg-default-offset=\"0.5\" bafg-before-label=\"Before\" bafg-after-label=\"After\" bafg-overlay=\"yes\" bafg-move-slider-on-hover=\"yes\" bafg-click-to-move=\"no\">\n              \n            <img decoding=\"async\" class=\"skip-lazy\" src=\"http:\/\/mairsturnstile.com\/wp-content\/uploads\/2024\/09\/xw-series-full-height-handicap-turnstile-XW400-C.jpg\" alt=\"\" data-skip-lazy title=\"\">\n            <img decoding=\"async\" class=\"skip-lazy\" src=\"http:\/\/mairsturnstile.com\/wp-content\/uploads\/2024\/09\/xw-series-full-height-handicap-turnstile-XW400-C-1.jpg\" alt=\"\" data-skip-lazy title=\"\">\n           \n        <\/div>\n\n        \t<div class=\"bafg-slider-info-wraper\">\n\t\t<div style=\"\" class=\"slider-info-53264 bafg-slider-info\">\n\t\t\t\t\t<\/div>\n\t<\/div>\n\t\n        <style type=\"text\/css\">\n            \n        <\/style>\n        \n<p>Sul coperchio superiore del prodotto \u00e8 presente un semaforo e viene realizzato un semaforo a LED in base alle esigenze del cliente. Siamo in grado di soddisfare le esigenze di qualsiasi OEM o ODM.<\/p>\n<p>Il tornello per disabili pu\u00f2 giudicare in modo rapido e accurato l&#8217;identit\u00e0 illegale del personale durante il passaggio attraverso l&#8217;attrezzatura, emettere segnali di allarme e scattare foto. Inoltre, il sistema di controllo degli accessi pu\u00f2 utilizzare la tecnologia di confronto delle immagini per schermare record di accesso sospetti o informazioni sospette sul personale in periodi di tempo sensibili.<\/p>\n<p>Il tornello per handicap giudica se ci sono persone e merci dentro e fuori dal canale attraverso la tecnologia RFID e la tecnologia a infrarossi, giudica la legittimit\u00e0 di persone e merci dentro e fuori dal canale in combinazione con la tecnologia di acquisizione dati wireless a lunga distanza e ricorda loro per mezzo di indicazioni sonore e visive.<\/p>\n<p>Il tornello per disabili \u00e8 caratterizzato dalla tecnologia di acquisizione dati wireless a lunga distanza. Il personale che entra ed esce dal canale non ha bisogno di mostrare attivamente i propri documenti di identit\u00e0, ma ha solo bisogno di conoscere le proprie informazioni di identit\u00e0 e legittimit\u00e0 attraverso il canale.<\/p>\n<p>Il cancello del tornello per disabili \u00e8 composto da un telaio e da un modulo elettrico di controllo. La scheda madre di controllo del cancello del tornello rileva il passaggio delle persone disabili attraverso un rilevatore a infrarossi, e le persone portatrici di handicap\/disabili possono transitare previa autorizzazione legale; Se un pedone entra nel passaggio senza autorizzazione, verr\u00e0 attivato l&#8217;allarme acustico e visivo per avvisare che al pedone non \u00e8 consentito passare senza autorizzazione.<\/p>\n<p style=\"font-weight: 400;\">Tornello per disabili Controllo accessi Riconoscimento facciale Tornello RFID per edificio per uffici. Le interfacce di ingresso del segnale standard sono generalmente configurate, come l&#8217;interfaccia RS485 \/ RS232 o TCP \/ IP, che possono integrarsi con vari software di terze parti, apparecchiature biometriche e controller di controllo degli accessi. \u00c8 adatto a varie occasioni al chiuso come edifici commerciali, edifici per uffici, sale espositive e cos\u00ec via.<\/p>\n<p>Il tornello per disabili a tutta altezza controlla le persone che entrano o escono dall&#8217;area riservata. L&#8217;involucro \u00e8 in acciaio inossidabile 304 spazzolato di alta qualit\u00e0. Il meccanismo utilizza una tecnologia all&#8217;avanguardia per ridurre al minimo le dimensioni ma garantisce prestazioni elevate. Sono inoltre dotati di un famoso motore DC brushless di marca e di un sofisticato sensore. Il <a href=\"https:\/\/mairsturnstile.com\/swing-turnstile-gate.html\" target=\"_blank\" rel=\"noopener\">tornello a battente<\/a> \u00e8 dotato di un&#8217;uscita a rel\u00e8 standard, che pu\u00f2 essere facilmente integrata con tutti i tipi di sistemi di controllo accessi di terze parti (ad esempio RFID, impronte digitali, volto, codice a barre, <a href=\"https:\/\/en.wikipedia.org\/wiki\/Thermometer\" target=\"_blank\" rel=\"noopener\">termometro<\/a> IR). \u00c8 facile impostare pi\u00f9 corsie. Mairs offre il miglior cancello girevole per disabili al prezzo pi\u00f9 conveniente online. Tornello handicap per portatori di handicap, portatori di handicap e portatori di handicap.<\/p>\n<ul>\n<li style=\"list-style-type: none;\">\n<ul>\n<li>In caso di emergenza, togliendo corrente, il tornello per disabili si aprir\u00e0 automaticamente per consentire il libero passaggio nel rispetto dei requisiti di sicurezza antincendio. Ma deve venire con una batteria. Per quanto riguarda l&#8217;esportazione, la batteria \u00e8 sensibile, possiamo usare il condensatore per sostituirla.<\/li>\n<li>Il cancello girevole a tutta altezza per portatori di handicap \u00e8 adatto per soluzioni di ingresso di lusso e di fascia alta.<\/li>\n<li>L&#8217;intero sistema funziona senza intoppi, con bassa rumorosit\u00e0 e alta velocit\u00e0.<\/li>\n<li>Funzione di allarme, se c&#8217;\u00e8 un&#8217;intrusione illegale e un&#8217;intrusione inversa, il cancello emette l&#8217;allarme e la porta si blocca.<\/li>\n<li>Ci sono un totale di 6 coppie di sensori a infrarossi. Il sensore centrale serve a prevenire i pedoni pizzicati.<\/li>\n<li>Funzione anti-coda, una persona pu\u00f2 passare alla volta. Se qualcuno segue le persone in prima fila, il cancello emetter\u00e0 un allarme<\/li>\n<li>Indicatore LED. Croce rossa e freccia verde. Ci sono anche indicatori LED sul montante anteriore. La luce LED pu\u00f2 essere aggiunta ai bracci.<\/li>\n<li>L&#8217;accesso bidirezionale riduce la necessit\u00e0 di pi\u00f9 cancelli. \u00c8 ospitato per sedia a rotelle, il passeggino per la spesa aumenta l&#8217;efficienza di passaggio.<\/li>\n<li>Funzione di ripristino automatico. Se le persone non sono passate entro il tempo prestabilito (il tempo predefinito \u00e8 5 secondi), il sistema canceller\u00e0 l&#8217;autorizzazione dell&#8217;utente e chiuder\u00e0 automaticamente<\/li>\n<li>Anti-bump, Anti clamp, I cancelli sono dotati di motore brushless. Durante il funzionamento, se qualcuno colpisce il braccio, il cancello si ripristiner\u00e0 automaticamente. Questa funzione impedisce efficacemente ai pedoni, in particolare ai bambini, di urtare, tagliare, colpire, ecc.<\/li>\n<li>Meccanismo: il cancello portatori di handicap \u00e8 automatico con motore Brushless<\/li>\n<li> Semiautomatico a tutta altezza per accesso regolare (automatico opzionale)<\/li>\n<li>Il senso di rotazione: bidirezionale\/unidirezionale<\/li>\n<li>Situazione di emergenza: In caso di emergenza o di isolamento dell&#8217;alimentazione, la Porta Rotante pu\u00f2 essere configurata su Fail-Safe ovvero ruota liberamente o Fail-Lock<\/li>\n<li>Umidit\u00e0: \u226495%<\/li>\n<li>Azionamento: semiautomatico<\/li>\n<li>Temperatura di lavoro: -25\u2103~60\u2103<\/li>\n<li>Funzionalit\u00e0 opzionale: lettore IC\/ID, lettore di codici a barre, riconoscimento facciale, impronte digitali, altre apparecchiature di controllo accessi, UPS, ecc.<\/li>\n<li>Distanza di comunicazione: \u22641200 m<\/li>\n<li>Interfaccia di comunicazione: RS485<\/li>\n<li>Tempo necessario per l&#8217;apertura: 0,2 s<\/li>\n<li>Ambiente di lavoro: interno o esterno<\/li>\n<li>Campo di applicazione: comunit\u00e0, fabbrica, cantiere, scuola, luogo del resort, struttura governativa, ecc<\/li>\n<\/ul>\n<\/li>\n<\/ul>\n<p>Siamo in grado di fornire l&#8217;intera soluzione di controllo degli accessi di sicurezza. Se disponi di un tuo sistema di controllo degli accessi, puoi utilizzare direttamente il nostro cancello tornello. Se non ne hai uno, forniamo anche una soluzione completa per il controllo degli accessi di sicurezza. Si prega di fare riferimento al video qui sotto per i dettagli.<\/p>\n<p><iframe title=\"Lettore video di YouTube\" src=\"https:\/\/www.youtube.com\/embed\/XyxFKnS3Br0\" width=\"1150\" height=\"650\" frameborder=\"0\" allowfullscreen=\"allowfullscreen\"><span data-mce-type=\"bookmark\" style=\"display: inline-block; width: 0px; overflow: hidden; line-height: 0;\" class=\"mce_SELRES_start\"><\/span><\/iframe><\/p>\n","protected":false},"excerpt":{"rendered":"<p>1. Dimensione: 2650*1500*2200 mm (pu\u00f2 essere personalizzato)<\/p>\n<p>2. Larghezza corsia: 650 mm (rotore) 900 mm (portatori di handicap)<\/p>\n<p>3. Materiale: acciaio inossidabile 304 o acciaio inossidabile 316<\/p>\n<p>4. Velocit\u00e0 di passaggio: 25 persone\/min<\/p>\n<p>5. Alimentazione: 110V\/220V 50\/60hz<\/p>\n<p>6. Elettrovalvola: DC24V<\/p>\n<p>7. Segnale cancello aperto: contatto pulito\/rel\u00e8<\/p>\n<p>8. Affidabilit\u00e0 del meccanismo: 5 milioni, senza colpa<\/p>\n<p>9. Meccanismo con ammortizzatore idraulico per l&#8217;assorbimento degli urti<\/p>\n<p><strong><a title=\"Tornello a tutta altezza certificato CE Mairs\" href=\"http:\/\/mairsturnstile.com\/wp-content\/uploads\/2022\/09\/Mairs-CE-Certificate-Full-Height-Turnstile.pdf\" target=\"_blank\" rel=\"noopener noreferrer\">Certificazione CE<\/a>, <a title=\"Certificato Mairs ISO9001\" href=\"http:\/\/mairsturnstile.com\/wp-content\/uploads\/2022\/09\/Mairs-Registration-Certificate-ISO9001.pdf\" target=\"_blank\" rel=\"noopener noreferrer\">certificato ISO 9001.<\/a><\/strong><\/p>\n<p><a title=\"Manuale di installazione del tornello a tutta altezza\" href=\"http:\/\/mairsturnstile.com\/wp-content\/uploads\/2023\/09\/Full-height-turnstile-installation-manual.pdf\" target=\"_blank\" rel=\"noopener noreferrer\"><img decoding=\"async\" class=\"alignnone size-full wp-image-11034\" src=\"http:\/\/mairsturnstile.com\/wp-content\/uploads\/2022\/09\/pdf-MairsTurnstile.png\" alt=\"\" width=\"32\" height=\"32\"><strong><span style=\"color: #0000ff;\"> Manuale d&#8217;uso e installazione del tornello a tutta altezza<\/span><\/strong><\/a><\/p>\n","protected":false},"featured_media":56875,"comment_status":"closed","ping_status":"closed","template":"","meta":{"neve_meta_sidebar":"","neve_meta_container":"","neve_meta_enable_content_width":"off","neve_meta_content_width":0,"neve_meta_title_alignment":"","neve_meta_author_avatar":"","neve_post_elements_order":"","neve_meta_disable_header":"","neve_meta_disable_footer":"","neve_meta_disable_title":"","_ti_tpc_template_sync":false,"_ti_tpc_template_id":""},"product_cat":[884,888],"product_tag":[1568,920,919,1569],"class_list":["post-10439","product","type-product","status-publish","has-post-thumbnail","hentry","product_cat-tornelli-a-tutta-altezza","product_cat-tornelli-di-sicurezza","product_tag-ada-tornello","product_tag-cancello-tornello-per-disabili","product_tag-tornello-per-disabili","product_tag-tornello-per-disabili-it"],"_links":{"self":[{"href":"https:\/\/mairsturnstile.com\/it\/wp-json\/wp\/v2\/product\/10439","targetHints":{"allow":["GET"]}}],"collection":[{"href":"https:\/\/mairsturnstile.com\/it\/wp-json\/wp\/v2\/product"}],"about":[{"href":"https:\/\/mairsturnstile.com\/it\/wp-json\/wp\/v2\/types\/product"}],"replies":[{"embeddable":true,"href":"https:\/\/mairsturnstile.com\/it\/wp-json\/wp\/v2\/comments?post=10439"}],"version-history":[{"count":0,"href":"https:\/\/mairsturnstile.com\/it\/wp-json\/wp\/v2\/product\/10439\/revisions"}],"wp:featuredmedia":[{"embeddable":true,"href":"https:\/\/mairsturnstile.com\/it\/wp-json\/wp\/v2\/media\/56875"}],"wp:attachment":[{"href":"https:\/\/mairsturnstile.com\/it\/wp-json\/wp\/v2\/media?parent=10439"}],"wp:term":[{"taxonomy":"product_cat","embeddable":true,"href":"https:\/\/mairsturnstile.com\/it\/wp-json\/wp\/v2\/product_cat?post=10439"},{"taxonomy":"product_tag","embeddable":true,"href":"https:\/\/mairsturnstile.com\/it\/wp-json\/wp\/v2\/product_tag?post=10439"}],"curies":[{"name":"wp","href":"https:\/\/api.w.org\/{rel}","templated":true}]}}