{"id":10440,"date":"2021-03-08T18:33:54","date_gmt":"2021-03-08T10:33:54","guid":{"rendered":"https:\/\/mairsturnstile.com\/product\/tornello-a-tutta-altezza-in-vendita-mt401"},"modified":"2026-05-05T21:28:40","modified_gmt":"2026-05-05T13:28:40","slug":"prezzo-tornello-a-tutta-altezza-in-pakistan","status":"publish","type":"product","link":"https:\/\/mairsturnstile.com\/it\/prodotto\/prezzo-tornello-a-tutta-altezza-in-pakistan","title":{"rendered":"TORNELLO A TUTTA ALTEZZA IN VENDITA"},"content":{"rendered":"        <!-- 3D Model html -->\r\n        <div class=\"bp_grand wrapper_21823\">   \r\n        <div class=\"bp_model_parent\">\r\n            <model-viewer class=\"model\" id=\"bp_model_id_21823\" src=\"http:\/\/mairsturnstile.com\/wp-content\/uploads\/2023\/07\/MT401.glb\" alt=\"MT401\" camera-controls  loading=\"auto\" auto-rotate                        >\r\n            <\/model-viewer>\r\n        \r\n            <!-- Button -->\r\n            <svg id=\"openBtn\" width=\"30px\" height=\"30px\" viewBox=\"0 0 16 16\" xmlns=\"http:\/\/www.w3.org\/2000\/svg\" fill=\"#f2f2f2\" class=\"bi bi-arrows-fullscreen model-icon\">\r\n                <path fill-rule=\"evenodd\" d=\"M5.828 10.172a.5.5 0 0 0-.707 0l-4.096 4.096V11.5a.5.5 0 0 0-1 0v3.975a.5.5 0 0 0 .5.5H4.5a.5.5 0 0 0 0-1H1.732l4.096-4.096a.5.5 0 0 0 0-.707zm4.344 0a.5.5 0 0 1 .707 0l4.096 4.096V11.5a.5.5 0 1 1 1 0v3.975a.5.5 0 0 1-.5.5H11.5a.5.5 0 0 1 0-1h2.768l-4.096-4.096a.5.5 0 0 1 0-.707zm0-4.344a.5.5 0 0 0 .707 0l4.096-4.096V4.5a.5.5 0 1 0 1 0V.525a.5.5 0 0 0-.5-.5H11.5a.5.5 0 0 0 0 1h2.768l-4.096 4.096a.5.5 0 0 0 0 .707zm-4.344 0a.5.5 0 0 1-.707 0L1.025 1.732V4.5a.5.5 0 0 1-1 0V.525a.5.5 0 0 1 .5-.5H4.5a.5.5 0 0 1 0 1H1.732l4.096 4.096a.5.5 0 0 1 0 .707z\"\/>\r\n            <\/svg>\r\n        \r\n            <svg id=\"closeBtn\" class=\"model-icon\" width=\"34px\" height=\"34px\" viewBox=\"0 0 24 24\" xmlns=\"http:\/\/www.w3.org\/2000\/svg\">\r\n                <path fill=\"none\" stroke=\"#f2f2f2\" stroke-width=\"2\" d=\"M7,7 L17,17 M7,17 L17,7\"\/>\r\n            <\/svg>\r\n        \r\n        <\/div>\r\n        <\/div> \r\n\r\n        <!-- Model Viewer Style -->\r\n        <style>\r\n            \r\n            .wrapper_21823 .bp_model_parent, #bp_model_id_21823 {\r\n                width: 1150px;\r\n                max-width: 100%;\r\n                                            }\r\n            #bp_model_id_21823 {\r\n                height:700px;\r\n                background-color: #f2f2f2;\r\n            }\r\n            .fullscreen #bp_model_id_21823{\r\n            height: 100%;\r\n            width: 100%;\r\n            }\r\n            .wrapper_21823 .bp_model_parent{\r\n                justify-content: start            }\r\n            model-viewer.model {\r\n                --poster-color: transparent;\r\n            }\r\n        <\/style>\r\n        \r\n        \n<h2>Prezzo del tornello a tutta altezza in Pakistan, questo modello offre una garanzia di 2 anni e un supporto durevole di manutenzione e riparazione.<\/h2>\n<p> Full Height Turnstile Price in Pakistan, Unique Designer Tripod Turnstile Alternative, Get the latest full-height turnstile price in Pakistan. Our uniquely crafted tripod turnstiles offer similar security with elegant curved body. Request quote.<br \/>\nWe can provide OEM and ODM services.   Forniamo anche dispositivi biometrici, come lettori di carte IC\/ID, scanner di impronte digitali, scanner di codici QR, fotocamere con riconoscimento facciale e cos\u00ec via. Abbiamo anche lanciato una nuova serie di tornelli a tutta altezza dall&#8217;aspetto elegante e dalla struttura robusta. Consulta:<span style=\"color: #0000ff;\"> <a style=\"color: #0000ff;\" href=\"https:\/\/mairsturnstile.com\/full-height-series-turnstile\" target=\"_blank\" rel=\"noopener\">serie di tornelli a tutta altezza<\/a><\/span> <\/p>\n<p><strong>Questo cancello girevole a tutta altezza <\/strong>\u00e8 progettato per controllare l&#8217;ingresso e l&#8217;uscita dei pedoni, adatto per l&#8217;uso in interni ed esterni. Full height turnstile price in Pakistan varies by design. Full-height turnstile price in Pakistan varies by design. Searching full-height turnstile price in Pakistan? Get our uniquely designed tripod turnstile \u2013 modern look, stainless steel, biometric ready. Wholesale rates.    <\/p>\n<p>Il cancello girevole a tutta altezza pu\u00f2 essere utilizzato all&#8217;interno e all&#8217;esterno. Con il miglior prezzo del tornello a tutta altezza in Pakistan.<\/p>\n<p>Questo cancello girevole a tutta altezza per il Pakistan a un prezzo accessibile \u00e8 ampiamente utilizzato per stazioni ferroviarie, biblioteche scolastiche, strutture governative, parchi di divertimento, prigioni, stadi di calcio, appartamenti, musei e fabbriche, ecc.<\/p>\n<p>Utilizzando l&#8217;interfaccia elettrica standard, \u00e8 compatibile con carte ID\/IC, impronte digitali, riconoscimento facciale, rilevatore a infrarossi, termoregolatore,<a href=\"https:\/\/en.wikipedia.org\/wiki\/QR_code\" target=\"_blank\" rel=\"noopener\">codice<\/a> a barre\/QR, app per telefono, sistema ESD, sistema per visitatori, ecc. Produttori di <a href=\"https:\/\/mairsturnstile.com\/full-height-turnstiles.html\" target=\"_blank\" rel=\"noopener\">tornelli a tutta altezza<\/a> &#8211; Mairsturnstile offre il prezzo pi\u00f9 conveniente dei tornelli a tutta altezza in Pakistan.<\/p>\n<p>Il cancello del tornello a tutta altezza \u00e8 integrato con un meccanismo, elettrico e microcontrollore e vari tipi di tecnologie di identificazione, compatibili con IC, ID, codice a barre, lettore di impronte digitali e cos\u00ec via per fornire controllo e gestione intelligenti al controllo del flusso.<\/p>\n<p>Possiamo anche creare un rendering per te in pochi minuti in base al tuo scenario reale. Forniamo anche layout e disegni dettagliati, nonch\u00e9 disegni di installazione.<\/p>\n\n        \t\n\t<style type=\"text\/css\">\n\t\t.slider-info-21841.bafg-slider-info .bafg-slider-title {\n\t\t\t\t\t\tfont-size: 22px;\n\t\t\t\t\t\t\n\t\t\t\n\t\t\t\t\t}\n\n\t\t.slider-info-21841.bafg-slider-info .bafg-slider-description {\n\t\t\t\n\t\t\t\n\t\t\t\t\t}\n\n\t\t.slider-info-21841.bafg-slider-info .bafg_slider_readmore_button {\n\t\t\t\n\t\t\t\n\t\t\t\n\t\t\t\n\t\t\t\n\t\t\ttext-align: center;\n\n\t\t\t\n\t\t\t\n\t\t\t\n\t\t\t\n\t\t\t\n\t\t\t\n\t\t\t\t\t}\n\n\t\t.slider-info-21841.bafg-slider-info .bafg_slider_readmore_button:hover {\n\n\t\t\t\n\t\t\t\n\t\t\t\t\t}\n\n\t<\/style>\n\t\n        <div class=\"bafg-twentytwenty-container slider-21841 \" bafg-orientation=\"horizontal\" bafg-default-offset=\"0.5\" bafg-before-label=\"Before\" bafg-after-label=\"After\" bafg-overlay=\"yes\" bafg-move-slider-on-hover=\"yes\" bafg-click-to-move=\"no\">\n              \n            <img decoding=\"async\" class=\"skip-lazy\" src=\"http:\/\/mairsturnstile.com\/wp-content\/uploads\/2023\/07\/full-height-turnstile-price-in-pakistan_4.jpg\" alt=\"\" data-skip-lazy title=\"\">\n            <img decoding=\"async\" class=\"skip-lazy\" src=\"http:\/\/mairsturnstile.com\/wp-content\/uploads\/2023\/07\/full-height-turnstile-price-in-pakistan_5.jpg\" alt=\"\" data-skip-lazy title=\"\">\n           \n        <\/div>\n\n        \t<div class=\"bafg-slider-info-wraper\">\n\t\t<div style=\"\" class=\"slider-info-21841 bafg-slider-info\">\n\t\t\t\t\t<\/div>\n\t<\/div>\n\t\n        <style type=\"text\/css\">\n            \n        <\/style>\n        \n<ul>\n<li>Il cancello girevole a tutta altezza viene spesso utilizzato per soluzioni di controllo accessi ad alta sicurezza.<\/li>\n<li>I cancelli del tornello sono realizzati in acciaio inossidabile 304 che \u00e8 antiruggine, robusto e rigido.<\/li>\n<li>Il prezzo del tornello a tutta altezza in Pakistan \u00e8 ideale sia per ambienti interni che esterni.<\/li>\n<li>Pu\u00f2 essere integrato con qualsiasi tipo di sistema di controllo accessi (es: dispositivo RFID, Fingerprint e dispositivo biometrico).<\/li>\n<li data-spm-anchor-id=\"a2700.details.pronpeci14.i0.58226f8fLZmm5D\">Il cancello del tornello si aprir\u00e0 automaticamente quando l&#8217;alimentazione \u00e8 spenta, \u00e8 molto sicuro, per soddisfare i requisiti di passaggio antincendio.<\/li>\n<li>prezzo del tornello a tutta altezza in Pakistan con funzione antireverse, per fermare la direzione inversa.<\/li>\n<li>Il meccanismo \u00e8 dotato di un dispositivo tampone idraulico regolato automaticamente. Nessun rumore e impatto durante la corsa.<\/li>\n<li>Funzione di ripristino automatico, all&#8217;accensione il sistema si riavvier\u00e0 automaticamente.<\/li>\n<li>Il dispositivo a doppio cuscinetto mantiene in equilibrio il cancello in presenza di una forza esterna.<\/li>\n<li>Unidirezionale o bidirezionale \u00e8 facoltativo.<\/li>\n<li>Affidabilit\u00e0 del meccanismo: 5 milioni, senza colpa<\/li>\n<li>Con spia LED.<\/li>\n<li>Prezzo accessibile del tornello a tutta altezza in Pakistan.<\/li>\n<li>Pu\u00f2 essere personalizzato per soddisfare le diverse esigenze di luoghi diversi.<\/li>\n<li>La piccola tastiera incorporata nella scheda elettronica, con dispositivi programmabili per la gestione dello stato di funzionamento.<\/li>\n<\/ul>\n<p>Siamo in grado di fornire l&#8217;intera soluzione di controllo degli accessi di sicurezza. Se disponi di un tuo sistema di controllo degli accessi, puoi utilizzare direttamente il nostro cancello tornello. Se non ne hai uno, forniamo anche una soluzione completa per il controllo degli accessi di sicurezza. Si prega di fare riferimento al video qui sotto per i dettagli.<\/p>\n<p><iframe title=\"Lettore video di YouTube\" src=\"https:\/\/www.youtube.com\/embed\/v7QQMtt97e0?si=BNRilLDK3xC6Q5x-\" width=\"1150\" height=\"650\" frameborder=\"0\" allowfullscreen=\"allowfullscreen\"><span data-mce-type=\"bookmark\" style=\"display: inline-block; width: 0px; overflow: hidden; line-height: 0;\" class=\"mce_SELRES_start\"><\/span><\/iframe><\/p>\n","protected":false},"excerpt":{"rendered":"<p>1. Dimensioni: 1400 * 1200 * 2230 mm (pu\u00f2 essere personalizzato)<\/p>\n<p>2. Larghezza corsia: 650 mm (personalizzabile)<\/p>\n<p>3. Velocit\u00e0 di passaggio: 30 persone\/min<\/p>\n<p>4. Alimentazione: 110V\/220V 50\/60Hz<\/p>\n<p>5. Solenoide: DC24V<\/p>\n<p>6. Ingresso cancello aperto: contatto pulito\/rel\u00e8<\/p>\n<p>7. Tensione logica: DC24V<\/p>\n<p>8. Materiale dell&#8217;involucro: acciaio inossidabile 304 o inossidabile 316<\/p>\n<p>9. Il meccanismo \u00e8 dotato di ammortizzatore idraulico per l&#8217;assorbimento degli urti<\/p>\n<p><span style=\"color: #000000;\"><strong><a style=\"color: #000000;\" title=\"Tornello a tutta altezza certificato CE Mairs\" href=\"http:\/\/mairsturnstile.com\/wp-content\/uploads\/2022\/09\/Mairs-CE-Certificate-Full-Height-Turnstile.pdf\" target=\"_blank\" rel=\"noopener noreferrer\">Certificazione CE<\/a>, <a style=\"color: #000000;\" title=\"Certificato Mairs ISO9001\" href=\"http:\/\/mairsturnstile.com\/wp-content\/uploads\/2022\/09\/Mairs-Registration-Certificate-ISO9001.pdf\" target=\"_blank\" rel=\"noopener noreferrer\">certificato ISO 9001.<\/a><\/strong><\/span><\/p>\n<p><a title=\"Brochure sui tornelli a tutta altezza\" href=\"https:\/\/mairsturnstile-online.com\/flipbook\/mt401-full-height-turnstile-brochure\" target=\"_blank\" rel=\"noopener noreferrer\"><strong><span style=\"color: #fcaf3b;\">Download MT401 Full Height Turnstile Brochure<\/span><\/strong><\/a><\/p>\n<p><a title=\"Manuale di installazione del tornello a tutta altezza\" href=\"http:\/\/mairsturnstile.com\/wp-content\/uploads\/2023\/09\/Full-height-turnstile-installation-manual.pdf\" target=\"_blank\" rel=\"noopener noreferrer\"><strong><span style=\"color: #fcaf3b;\">Dpwnload Full Height Turnstile User &#038; Installation Manual<\/span><\/strong><\/a><\/p>\n","protected":false},"featured_media":26511,"comment_status":"closed","ping_status":"closed","template":"","meta":{"neve_meta_sidebar":"","neve_meta_container":"","neve_meta_enable_content_width":"off","neve_meta_content_width":0,"neve_meta_title_alignment":"","neve_meta_author_avatar":"","neve_post_elements_order":"","neve_meta_disable_header":"","neve_meta_disable_footer":"","neve_meta_disable_title":"","_ti_tpc_template_sync":false,"_ti_tpc_template_id":""},"product_cat":[884,888],"product_tag":[931,921,900,1553,1560],"class_list":["post-10440","product","type-product","status-publish","has-post-thumbnail","hentry","product_cat-tornelli-a-tutta-altezza","product_cat-tornelli-di-sicurezza","product_tag-cancello-del-tornello-pakistan","product_tag-prezzo-del-tornello-a-tutta-altezza-in-pakistan","product_tag-tornelli-a-tutta-altezza","product_tag-tornello-con-codice-qr","product_tag-tornello-singolo-a-tutta-altezza"],"_links":{"self":[{"href":"https:\/\/mairsturnstile.com\/it\/wp-json\/wp\/v2\/product\/10440","targetHints":{"allow":["GET"]}}],"collection":[{"href":"https:\/\/mairsturnstile.com\/it\/wp-json\/wp\/v2\/product"}],"about":[{"href":"https:\/\/mairsturnstile.com\/it\/wp-json\/wp\/v2\/types\/product"}],"replies":[{"embeddable":true,"href":"https:\/\/mairsturnstile.com\/it\/wp-json\/wp\/v2\/comments?post=10440"}],"version-history":[{"count":1,"href":"https:\/\/mairsturnstile.com\/it\/wp-json\/wp\/v2\/product\/10440\/revisions"}],"predecessor-version":[{"id":72575,"href":"https:\/\/mairsturnstile.com\/it\/wp-json\/wp\/v2\/product\/10440\/revisions\/72575"}],"wp:featuredmedia":[{"embeddable":true,"href":"https:\/\/mairsturnstile.com\/it\/wp-json\/wp\/v2\/media\/26511"}],"wp:attachment":[{"href":"https:\/\/mairsturnstile.com\/it\/wp-json\/wp\/v2\/media?parent=10440"}],"wp:term":[{"taxonomy":"product_cat","embeddable":true,"href":"https:\/\/mairsturnstile.com\/it\/wp-json\/wp\/v2\/product_cat?post=10440"},{"taxonomy":"product_tag","embeddable":true,"href":"https:\/\/mairsturnstile.com\/it\/wp-json\/wp\/v2\/product_tag?post=10440"}],"curies":[{"name":"wp","href":"https:\/\/api.w.org\/{rel}","templated":true}]}}