{"id":10441,"date":"2021-04-27T16:38:55","date_gmt":"2021-04-27T08:38:55","guid":{"rendered":"https:\/\/mairsturnstile.com\/product\/meccanismo-tornello-a-tutta-altezza-in-vendita-mt601"},"modified":"2024-10-29T18:42:07","modified_gmt":"2024-10-29T10:42:07","slug":"meccanismo-del-tornello-a-tutta-altezza","status":"publish","type":"product","link":"https:\/\/mairsturnstile.com\/it\/prodotto\/meccanismo-del-tornello-a-tutta-altezza","title":{"rendered":"MECCANISMO TORNELLO A TUTTA ALTEZZA MT601"},"content":{"rendered":"<p><iframe title=\"Lettore video di YouTube\" src=\"https:\/\/www.youtube.com\/embed\/Su17joHCYgU\" width=\"560\" height=\"315\" frameborder=\"0\" allowfullscreen=\"allowfullscreen\"><\/iframe><\/p>\n<h2>Meccanismo per tornelli a tutta altezza, <strong><b>Meccanismo semiautomatico per tornelli a tutta altezza <\/b><\/strong> <\/h2>\n<p>Il <a href=\"https:\/\/mairsturnstile.com\/turnstile-mechanism.html\" target=\"_blank\" rel=\"noopener\">meccanismo del tornello<\/a> a tutta altezza \u00e8 uno dei componenti principali del cancello del tornello e il meccanismo del tornello a tutta altezza controlla il cancello del tornello controllando l&#8217;oscillazione del braccio ad ala. Questo meccanismo di tornello a tutta altezza \u00e8 per tornelli rotanti a tutta altezza a 120 gradi o 90 gradi.<\/p>\n<p>Il <a href=\"https:\/\/en.wikipedia.org\/wiki\/Mechanism\" target=\"_blank\" rel=\"noopener\">meccanismo<\/a> del cancello girevole a tutta altezza \u00e8 il cuore dell&#8217;intero cancello girevole a tutta altezza.<\/p>\n<p>La qualit\u00e0 di funzionamento del meccanismo determina la qualit\u00e0 del <a href=\"https:\/\/mairsturnstile.com\/product\/full-height-turnstile-gate-mt402-2-b\">cancello del tornello a tutta altezza<\/a>, ma anche il guasto del cancello del tornello a tutta altezza \u00e8 correlato al meccanismo. Solo il corretto utilizzo e la corretta manutenzione sono le chiavi per garantire la vita utile del cancello del tornello. \u00c8 anche un metodo per migliorare la durata complessiva del cancello del tornello, Mairs offre il meccanismo della migliore qualit\u00e0 per un cancello del tornello a tutta altezza.<\/p>\n<p><strong>Caratteristiche:<\/strong><\/p>\n<ol>\n<li>Funzionamento stabile, nessun rumore e impatto meccanico<\/li>\n<li>\u00c8 possibile impostare il numero di passeggeri<\/li>\n<li>Diversi metodi di lavorazione dello stampo tra cui scegliere<\/li>\n<li>Bidirezionale una direzione consentita, una vietata, oppure una direzione di ricarica, una libera. Tutti gli stampi di lavoro sono impostati da pulsanti sulla scheda di controllo principale<\/li>\n<li>Il raggio di caduta e il raggio sospeso possono essere controllati su una lunga distanza per soddisfare i requisiti speciali degli utenti e i requisiti di protezione antincendio.<\/li>\n<li>La luce dell&#8217;indicatore di direzione ti dice la direzione da percorrere sul tornello<\/li>\n<li>Interfaccia elettrica standard, interfaccia di comunicazione RS485, interfaccia rel\u00e8 e interfaccia di livello collegata a vari dispositivi di lettura e scrittura<\/li>\n<li>Tutte le funzioni sono realizzate su un computer all-in-one, controllato e gestito in remoto da un computer<\/li>\n<li>Pu\u00f2 contare automaticamente il numero di passanti, display a LED<\/li>\n<li>Togliere l&#8217;alimentazione per sollevare la trave. Quando l&#8217;alimentazione \u00e8 accesa, il braccio si alzer\u00e0 automaticamente e si fermer\u00e0 quando incontra ostacoli<\/li>\n<li>La funzione con o senza memoria del lettore di schede pu\u00f2 essere impostata in base alle proprie esigenze.<\/li>\n<li>Operazione di autoverifica dell&#8217;allarme<\/li>\n<\/ol>\n","protected":false},"excerpt":{"rendered":"<p>1. Potenza: AC220C\u00b110V,50\/60HZ;<\/p>\n<p>2. Nucleo macchina: semiautomatico<\/p>\n<p>3. Temperatura di esercizio: -45\u2103-60\u2103<\/p>\n<p>4. Velocit\u00e0 di passaggio: 30 persone\/min (carta IC)<\/p>\n<p>5. Umidit\u00e0 relativa: \u226495%, senza condensa<\/p>\n<p>6. Larghezza del passaggio: \u2264600 mm<\/p>\n<p>7. Collegamento di comunicazione: comunicazione RS485<\/p>\n<p>8. Materiale: acciaio inossidabile 304, lo spessore non \u00e8 inferiore a 1,3 mm<\/p>\n<p>9. Distanza di comunicazione: 1200 M<\/p>\n<p>10. Durata: 3 milioni (operazione di apertura e chiusura continua)<\/p>\n<p>11. Livello di protezione: IP54<\/p>\n","protected":false},"featured_media":35787,"comment_status":"closed","ping_status":"closed","template":"","meta":{"neve_meta_sidebar":"","neve_meta_container":"","neve_meta_enable_content_width":"off","neve_meta_content_width":0,"neve_meta_title_alignment":"","neve_meta_author_avatar":"","neve_post_elements_order":"","neve_meta_disable_header":"","neve_meta_disable_footer":"","neve_meta_disable_title":"","_ti_tpc_template_sync":false,"_ti_tpc_template_id":""},"product_cat":[884,888],"product_tag":[1566,924,923,1565,922],"class_list":["post-10441","product","type-product","status-publish","has-post-thumbnail","hentry","product_cat-tornelli-a-tutta-altezza","product_cat-tornelli-di-sicurezza","product_tag-componenti-del-tornello","product_tag-meccanismo-del-cancello-del-tornello","product_tag-meccanismo-del-cancello-del-tornello-a-tutta-altezza","product_tag-meccanismo-del-tornello","product_tag-meccanismo-del-tornello-a-tutta-altezza"],"_links":{"self":[{"href":"https:\/\/mairsturnstile.com\/it\/wp-json\/wp\/v2\/product\/10441","targetHints":{"allow":["GET"]}}],"collection":[{"href":"https:\/\/mairsturnstile.com\/it\/wp-json\/wp\/v2\/product"}],"about":[{"href":"https:\/\/mairsturnstile.com\/it\/wp-json\/wp\/v2\/types\/product"}],"replies":[{"embeddable":true,"href":"https:\/\/mairsturnstile.com\/it\/wp-json\/wp\/v2\/comments?post=10441"}],"version-history":[{"count":0,"href":"https:\/\/mairsturnstile.com\/it\/wp-json\/wp\/v2\/product\/10441\/revisions"}],"wp:featuredmedia":[{"embeddable":true,"href":"https:\/\/mairsturnstile.com\/it\/wp-json\/wp\/v2\/media\/35787"}],"wp:attachment":[{"href":"https:\/\/mairsturnstile.com\/it\/wp-json\/wp\/v2\/media?parent=10441"}],"wp:term":[{"taxonomy":"product_cat","embeddable":true,"href":"https:\/\/mairsturnstile.com\/it\/wp-json\/wp\/v2\/product_cat?post=10441"},{"taxonomy":"product_tag","embeddable":true,"href":"https:\/\/mairsturnstile.com\/it\/wp-json\/wp\/v2\/product_tag?post=10441"}],"curies":[{"name":"wp","href":"https:\/\/api.w.org\/{rel}","templated":true}]}}