{"id":10442,"date":"2021-11-24T02:16:16","date_gmt":"2021-11-23T18:16:16","guid":{"rendered":"https:\/\/mairsturnstile.com\/product\/tornello-girevole-a-tutta-altezza-con-porta-girevole-mt406"},"modified":"2023-11-02T11:59:27","modified_gmt":"2023-11-02T03:59:27","slug":"porta-a-giro","status":"publish","type":"product","link":"https:\/\/mairsturnstile.com\/it\/prodotto\/porta-a-giro","title":{"rendered":"Tornello girevole a tutta altezza con porta girevole MT406"},"content":{"rendered":"        <!-- 3D Model html -->\r\n        <div class=\"bp_grand wrapper_21818\">   \r\n        <div class=\"bp_model_parent\">\r\n            <model-viewer class=\"model\" id=\"bp_model_id_21818\" src=\"http:\/\/mairsturnstile.com\/wp-content\/uploads\/2024\/10\/turnstyle-door.glb\" alt=\"turnstyle door\" camera-controls  loading=\"auto\" auto-rotate                        >\r\n            <\/model-viewer>\r\n        \r\n            <!-- Button -->\r\n            <svg id=\"openBtn\" width=\"30px\" height=\"30px\" viewBox=\"0 0 16 16\" xmlns=\"http:\/\/www.w3.org\/2000\/svg\" fill=\"#f2f2f2\" class=\"bi bi-arrows-fullscreen model-icon\">\r\n                <path fill-rule=\"evenodd\" d=\"M5.828 10.172a.5.5 0 0 0-.707 0l-4.096 4.096V11.5a.5.5 0 0 0-1 0v3.975a.5.5 0 0 0 .5.5H4.5a.5.5 0 0 0 0-1H1.732l4.096-4.096a.5.5 0 0 0 0-.707zm4.344 0a.5.5 0 0 1 .707 0l4.096 4.096V11.5a.5.5 0 1 1 1 0v3.975a.5.5 0 0 1-.5.5H11.5a.5.5 0 0 1 0-1h2.768l-4.096-4.096a.5.5 0 0 1 0-.707zm0-4.344a.5.5 0 0 0 .707 0l4.096-4.096V4.5a.5.5 0 1 0 1 0V.525a.5.5 0 0 0-.5-.5H11.5a.5.5 0 0 0 0 1h2.768l-4.096 4.096a.5.5 0 0 0 0 .707zm-4.344 0a.5.5 0 0 1-.707 0L1.025 1.732V4.5a.5.5 0 0 1-1 0V.525a.5.5 0 0 1 .5-.5H4.5a.5.5 0 0 1 0 1H1.732l4.096 4.096a.5.5 0 0 1 0 .707z\"\/>\r\n            <\/svg>\r\n        \r\n            <svg id=\"closeBtn\" class=\"model-icon\" width=\"34px\" height=\"34px\" viewBox=\"0 0 24 24\" xmlns=\"http:\/\/www.w3.org\/2000\/svg\">\r\n                <path fill=\"none\" stroke=\"#f2f2f2\" stroke-width=\"2\" d=\"M7,7 L17,17 M7,17 L17,7\"\/>\r\n            <\/svg>\r\n        \r\n        <\/div>\r\n        <\/div> \r\n\r\n        <!-- Model Viewer Style -->\r\n        <style>\r\n            \r\n            .wrapper_21818 .bp_model_parent, #bp_model_id_21818 {\r\n                width: 1150px;\r\n                max-width: 100%;\r\n                                            }\r\n            #bp_model_id_21818 {\r\n                height:700px;\r\n                background-color: #f2f2f2;\r\n            }\r\n            .fullscreen #bp_model_id_21818{\r\n            height: 100%;\r\n            width: 100%;\r\n            }\r\n            .wrapper_21818 .bp_model_parent{\r\n                justify-content: start            }\r\n            model-viewer.model {\r\n                --poster-color: transparent;\r\n            }\r\n        <\/style>\r\n        \r\n        \n<h2>Il tornello girevole a tutta altezza della porta Turn offre una garanzia di 2 anni e un supporto duraturo per la manutenzione e la riparazione.<\/h2>\n<p>Siamo in grado di fornire servizi OEM e ODM. Abbiamo designer esperti che possono completare una profonda personalizzazione in base a qualsiasi tua esigenza. Forniremo una serie di materiali come rendering 3D, disegni dimensionali, ecc. il prima possibile. Forniamo anche dispositivi biometrici, come lettori di carte IC\/ID, scanner di impronte digitali, scanner di codici QR, fotocamere con riconoscimento facciale e cos\u00ec via. Se hai bisogno di integrare questi dispositivi sul cancello del tornello a tutta altezza o hai domande, <a href=\"https:\/\/mairsturnstile.com\/contact\" target=\"_blank\" rel=\"noopener\">contattaci<\/a><\/p>\n<p><strong>La porta in stile Turn \u00e8 una sorta di singolo tornello girevole a tutta altezza con una grande forma circolare di porta rotante\/girevole. Rispetto ai normali tornelli a tutta altezza, la differenza pi\u00f9 grande \u00e8 l&#8217;aspetto.<\/strong><\/p>\n<p><strong>Il tornello girevole \u00e8 sviluppato dal cancello del tornello a treppiede e trae insegnamenti dalle caratteristiche della porta rotante. <\/strong>Pu\u00f2 essere suddiviso in tornello girevole a tutta altezza e tornello girevole a mezza altezza in base all&#8217;altezza. Questo tornello girevole appartiene al tornello girevole a tutta altezza. Se avete bisogno di un tornello girevole a mezza altezza, consultate il nostro altro prodotto: <a href=\"https:\/\/mairsturnstile.com\/product\/half-height-turnstile\" target=\"_blank\" rel=\"noopener\">tornello a mezza altezza<\/a><\/p>\n<p>Il box di grande volume \u00e8 dotato di una modalit\u00e0 di identificazione flessibile, che lo rende poco ingombrante da usare, ma ha le migliori prestazioni di sicurezza. I suoi due lati non sono pi\u00f9 costituiti da barre laterali in <a href=\"https:\/\/en.wikipedia.org\/wiki\/Stainless_steel\" target=\"_blank\" rel=\"noopener\">acciaio inox<\/a> 304, ma da uno speciale materiale, il PC board (lastra di policarbonato), che presenta i vantaggi della resistenza al calore, al freddo, alla fiamma, al fuoco, agli urti, un&#8217;ottima trasmittanza luminosa e molteplici colori. Questa composizione rende l&#8217;intera porta a giro bella e resistente, facile da smontare e comoda per il trasporto e l&#8217;installazione.<\/p>\n<p>La porta stile Turn pu\u00f2 essere applicata a tutti gli ambienti edilizi e pu\u00f2 risolvere tutti i problemi di controllo dei varchi pedonali di ingresso e uscita. Pu\u00f2 controllare se la porta in stile turn \u00e8 aperta o chiusa in qualsiasi momento, il prodotto ha anche diversi tipi di interfacce di segnale. I clienti possono integrarsi con diversi software di terze parti o apparecchiature biometriche per espandere le funzioni speciali richieste.<\/p>\n<p>Possiamo anche creare un rendering per te in pochi minuti in base al tuo scenario reale. Forniamo anche layout e disegni dettagliati, nonch\u00e9 disegni di installazione.<\/p>\n\n        \t\n\t<style type=\"text\/css\">\n\t\t.slider-info-21840.bafg-slider-info .bafg-slider-title {\n\t\t\t\t\t\tfont-size: 22px;\n\t\t\t\t\t\t\n\t\t\t\n\t\t\t\t\t}\n\n\t\t.slider-info-21840.bafg-slider-info .bafg-slider-description {\n\t\t\t\n\t\t\t\n\t\t\t\t\t}\n\n\t\t.slider-info-21840.bafg-slider-info .bafg_slider_readmore_button {\n\t\t\t\n\t\t\t\n\t\t\t\n\t\t\t\n\t\t\t\n\t\t\ttext-align: center;\n\n\t\t\t\n\t\t\t\n\t\t\t\n\t\t\t\n\t\t\t\n\t\t\t\n\t\t\t\t\t}\n\n\t\t.slider-info-21840.bafg-slider-info .bafg_slider_readmore_button:hover {\n\n\t\t\t\n\t\t\t\n\t\t\t\t\t}\n\n\t<\/style>\n\t\n        <div class=\"bafg-twentytwenty-container slider-21840 \" bafg-orientation=\"horizontal\" bafg-default-offset=\"0.5\" bafg-before-label=\"Before\" bafg-after-label=\"After\" bafg-overlay=\"yes\" bafg-move-slider-on-hover=\"yes\" bafg-click-to-move=\"no\">\n              \n            <img decoding=\"async\" class=\"skip-lazy\" src=\"http:\/\/mairsturnstile.com\/wp-content\/uploads\/2021\/11\/turn-style-door-3-1.jpg\" alt=\"turn style door\" data-skip-lazy title=\"\">\n            <img decoding=\"async\" class=\"skip-lazy\" src=\"http:\/\/mairsturnstile.com\/wp-content\/uploads\/2021\/11\/turn-style-door-4.jpg\" alt=\"turn style door\" data-skip-lazy title=\"\">\n           \n        <\/div>\n\n        \t<div class=\"bafg-slider-info-wraper\">\n\t\t<div style=\"\" class=\"slider-info-21840 bafg-slider-info\">\n\t\t\t\t\t<\/div>\n\t<\/div>\n\t\n        <style type=\"text\/css\">\n            \n        <\/style>\n        \n<p>Azionamento: semiautomatico<br \/>\nLunghezza del braccio: 600 mm<br \/>\nIl senso di rotazione: bidirezionale<br \/>\nAffidabilit\u00e0 del meccanismo: 5 milioni, senza colpa<br \/>\nSituazione di emergenza: In caso di emergenza o di isolamento dell&#8217;alimentazione la Porta Rotante pu\u00f2 essere configurata in Fail-Safe ovvero ruota liberamente o Fail-Lock<br \/>\nUmidit\u00e0: \u226495%<br \/>\nTemperatura di lavoro: -25\u2103~60\u2103<br \/>\nFunzionalit\u00e0 opzionali: lettore IC\/ID, lettore di codici a barre, riconoscimento facciale, impronte digitali, altre apparecchiature di controllo accessi, UPS, ecc<br \/>\nDistanza di comunicazione: \u22641200 m<br \/>\nInterfaccia di comunicazione: RS485<br \/>\nLe dimensioni possono essere personalizzate<\/p>\n<p>Tempo necessario per l&#8217;apertura: 0,2 s<br \/>\nAmbiente di lavoro: interno o esterno<br \/>\nAnti tailgating: il tornello rimarr\u00e0 nella serratura quando aperto di circa 60 gradi (3 bracci) o 45 gradi (4 bracci) in modo che il cancello non possa funzionare nella direzione inversa per il gating preventivo<br \/>\nCampo di applicazione: comunit\u00e0, fabbrica, cantiere, scuola, luogo del resort, ecc<\/p>\n<p>Siamo in grado di fornire l&#8217;intera soluzione di controllo degli accessi di sicurezza. Se disponi di un tuo sistema di controllo degli accessi, puoi utilizzare direttamente il nostro cancello tornello. Se non ne hai uno, forniamo anche una soluzione completa per il controllo degli accessi di sicurezza. Si prega di fare riferimento al video qui sotto per i dettagli.<\/p>\n<p><iframe title=\"Lettore video di YouTube\" src=\"https:\/\/www.youtube.com\/embed\/XyxFKnS3Br0\" width=\"1150\" height=\"650\" frameborder=\"0\" allowfullscreen=\"allowfullscreen\"><span data-mce-type=\"bookmark\" style=\"display: inline-block; width: 0px; overflow: hidden; line-height: 0;\" class=\"mce_SELRES_start\"><\/span><\/iframe><\/p>\n","protected":false},"excerpt":{"rendered":"<p>1. Dimensioni: 1520*1520*2300 mm (pu\u00f2 essere personalizzato)<\/p>\n<p>2. Larghezza della corsia: circa 650 mm (personalizzabile)<\/p>\n<p>3. Velocit\u00e0 di passaggio: 30 persone\/min<\/p>\n<p>4. Alimentazione: 110V\/220V 50\/60Hz<\/p>\n<p>5. Solenoide: DC24V<\/p>\n<p>6. Segnale cancello aperto: contatto pulito\/rel\u00e8<\/p>\n<p>7. Tensione logica: DC24V<\/p>\n<p>8. Materiale dell&#8217;involucro: acciaio inossidabile 304 o acciaio inossidabile 316 e scheda PC<\/p>\n<p>9. Meccanismo con ammortizzatore idraulico per l&#8217;assorbimento degli urti<\/p>\n<p><strong><a title=\"Tornello a tutta altezza certificato CE Mairs\" href=\"http:\/\/mairsturnstile.com\/wp-content\/uploads\/2022\/09\/Mairs-CE-Certificate-Full-Height-Turnstile.pdf\" target=\"_blank\" rel=\"noopener noreferrer\">Certificazione CE<\/a>, <a title=\"Certificato Mairs ISO9001\" href=\"http:\/\/mairsturnstile.com\/wp-content\/uploads\/2022\/09\/Mairs-Registration-Certificate-ISO9001.pdf\" target=\"_blank\" rel=\"noopener noreferrer\">certificato ISO 9001.<\/a><\/strong><\/p>\n<p><a title=\"Brochure sui tornelli girevoli a tutta altezza\" href=\"http:\/\/mairsturnstile.com\/wp-content\/uploads\/2022\/09\/MT406-Full-Height-Revolving-Turnstile-Brochure.pdf\" target=\"_blank\" rel=\"noopener noreferrer\"><img decoding=\"async\" class=\"alignnone size-full wp-image-11034\" src=\"http:\/\/mairsturnstile.com\/wp-content\/uploads\/2022\/09\/pdf-MairsTurnstile.png\" alt=\"\" width=\"32\" height=\"32\"><span style=\"color: #0000ff;\"><strong>Brochure del tornello girevole a tutta altezza MT406<\/strong><\/span><\/a><\/p>\n<p><a title=\"Manuale di installazione del tornello a tutta altezza\" href=\"http:\/\/mairsturnstile.com\/wp-content\/uploads\/2023\/09\/Full-height-turnstile-installation-manual.pdf\" target=\"_blank\" rel=\"noopener noreferrer\"><img decoding=\"async\" class=\"alignnone size-full wp-image-11034\" src=\"http:\/\/mairsturnstile.com\/wp-content\/uploads\/2022\/09\/pdf-MairsTurnstile.png\" alt=\"\" width=\"32\" height=\"32\"><strong><span style=\"color: #0000ff;\"> Manuale d&#8217;uso e installazione del tornello a tutta altezza<\/span><\/strong><\/a><\/p>\n","protected":false},"featured_media":58365,"comment_status":"closed","ping_status":"closed","template":"","meta":{"neve_meta_sidebar":"","neve_meta_container":"","neve_meta_enable_content_width":"off","neve_meta_content_width":0,"neve_meta_title_alignment":"","neve_meta_author_avatar":"","neve_post_elements_order":"","neve_meta_disable_header":"","neve_meta_disable_footer":"","neve_meta_disable_title":"","_ti_tpc_template_sync":false,"_ti_tpc_template_id":""},"product_cat":[884,888],"product_tag":[925,1605,1641,1557,926,894],"class_list":["post-10442","product","type-product","status-publish","has-post-thumbnail","hentry","product_cat-tornelli-a-tutta-altezza","product_cat-tornelli-di-sicurezza","product_tag-girare-la-porta-in-stile","product_tag-girare-stile-cancello","product_tag-porte-girevoli-in-vetro","product_tag-tornelli-in-vetro","product_tag-tornello-girevole","product_tag-tornello-o-tornello"],"_links":{"self":[{"href":"https:\/\/mairsturnstile.com\/it\/wp-json\/wp\/v2\/product\/10442","targetHints":{"allow":["GET"]}}],"collection":[{"href":"https:\/\/mairsturnstile.com\/it\/wp-json\/wp\/v2\/product"}],"about":[{"href":"https:\/\/mairsturnstile.com\/it\/wp-json\/wp\/v2\/types\/product"}],"replies":[{"embeddable":true,"href":"https:\/\/mairsturnstile.com\/it\/wp-json\/wp\/v2\/comments?post=10442"}],"version-history":[{"count":0,"href":"https:\/\/mairsturnstile.com\/it\/wp-json\/wp\/v2\/product\/10442\/revisions"}],"wp:featuredmedia":[{"embeddable":true,"href":"https:\/\/mairsturnstile.com\/it\/wp-json\/wp\/v2\/media\/58365"}],"wp:attachment":[{"href":"https:\/\/mairsturnstile.com\/it\/wp-json\/wp\/v2\/media?parent=10442"}],"wp:term":[{"taxonomy":"product_cat","embeddable":true,"href":"https:\/\/mairsturnstile.com\/it\/wp-json\/wp\/v2\/product_cat?post=10442"},{"taxonomy":"product_tag","embeddable":true,"href":"https:\/\/mairsturnstile.com\/it\/wp-json\/wp\/v2\/product_tag?post=10442"}],"curies":[{"name":"wp","href":"https:\/\/api.w.org\/{rel}","templated":true}]}}