{"id":10453,"date":"2022-06-19T23:13:57","date_gmt":"2022-06-19T15:13:57","guid":{"rendered":"https:\/\/mairsturnstile.com\/product\/nuovo-tornello-flap-barrier-flap-mt216"},"modified":"2024-05-27T19:57:40","modified_gmt":"2024-05-27T11:57:40","slug":"tornelli-cancelli-saudi-arabia","status":"publish","type":"product","link":"https:\/\/mairsturnstile.com\/it\/prodotto\/tornelli-cancelli-saudi-arabia","title":{"rendered":"NUOVO TORNELLO FLAP BARRIERA FLAP MT237"},"content":{"rendered":"        <!-- 3D Model html -->\r\n        <div class=\"bp_grand wrapper_37727\">   \r\n        <div class=\"bp_model_parent\">\r\n            <model-viewer class=\"model\" id=\"bp_model_id_37727\" src=\"http:\/\/mairsturnstile.com\/wp-content\/uploads\/2023\/11\/MT237.glb\" alt=\"MT237\" camera-controls  loading=\"auto\" auto-rotate                        >\r\n            <\/model-viewer>\r\n        \r\n            <!-- Button -->\r\n            <svg id=\"openBtn\" width=\"30px\" height=\"30px\" viewBox=\"0 0 16 16\" xmlns=\"http:\/\/www.w3.org\/2000\/svg\" fill=\"#f2f2f2\" class=\"bi bi-arrows-fullscreen model-icon\">\r\n                <path fill-rule=\"evenodd\" d=\"M5.828 10.172a.5.5 0 0 0-.707 0l-4.096 4.096V11.5a.5.5 0 0 0-1 0v3.975a.5.5 0 0 0 .5.5H4.5a.5.5 0 0 0 0-1H1.732l4.096-4.096a.5.5 0 0 0 0-.707zm4.344 0a.5.5 0 0 1 .707 0l4.096 4.096V11.5a.5.5 0 1 1 1 0v3.975a.5.5 0 0 1-.5.5H11.5a.5.5 0 0 1 0-1h2.768l-4.096-4.096a.5.5 0 0 1 0-.707zm0-4.344a.5.5 0 0 0 .707 0l4.096-4.096V4.5a.5.5 0 1 0 1 0V.525a.5.5 0 0 0-.5-.5H11.5a.5.5 0 0 0 0 1h2.768l-4.096 4.096a.5.5 0 0 0 0 .707zm-4.344 0a.5.5 0 0 1-.707 0L1.025 1.732V4.5a.5.5 0 0 1-1 0V.525a.5.5 0 0 1 .5-.5H4.5a.5.5 0 0 1 0 1H1.732l4.096 4.096a.5.5 0 0 1 0 .707z\"\/>\r\n            <\/svg>\r\n        \r\n            <svg id=\"closeBtn\" class=\"model-icon\" width=\"34px\" height=\"34px\" viewBox=\"0 0 24 24\" xmlns=\"http:\/\/www.w3.org\/2000\/svg\">\r\n                <path fill=\"none\" stroke=\"#f2f2f2\" stroke-width=\"2\" d=\"M7,7 L17,17 M7,17 L17,7\"\/>\r\n            <\/svg>\r\n        \r\n        <\/div>\r\n        <\/div> \r\n\r\n        <!-- Model Viewer Style -->\r\n        <style>\r\n            \r\n            .wrapper_37727 .bp_model_parent, #bp_model_id_37727 {\r\n                width: 1150px;\r\n                max-width: 100%;\r\n                                            }\r\n            #bp_model_id_37727 {\r\n                height:700px;\r\n                background-color: #f9f9f9;\r\n            }\r\n            .fullscreen #bp_model_id_37727{\r\n            height: 100%;\r\n            width: 100%;\r\n            }\r\n            .wrapper_37727 .bp_model_parent{\r\n                justify-content: start            }\r\n            model-viewer.model {\r\n                --poster-color: transparent;\r\n            }\r\n        <\/style>\r\n        \r\n        \n<h4>TURNSTILE GATES ARABIA SAUDITA FLAP TURNSTILE MT216 ha una garanzia di 2 anni e un supporto duraturo per la manutenzione e la riparazione.<\/h4>\n<p>Fornitore professionale di cancelli tornelli in Arabia Saudita produttore di cancelli tornelli &#8211; MairsTurnstile esporta i cancelli tornelli di sicurezza della migliore qualit\u00e0 in Arabia Saudita. Se stai cercando un tornello di sicurezza per cancelli in Arabia Saudita per il tuo progetto, se stai cercando un fornitore di tornelli di sicurezza professionale e affidabile in Arabia Saudita, contatta MairsTurnstile, ci assumeremo la piena responsabilit\u00e0 per i tornelli di sicurezza di cui hai bisogno dalla nostra fabbrica a Riyadh, Dammam, Jeddah, Mecca e Medina, Arabia Saudita, allo stesso tempo, forniamo cancelli tornelli Arabia Saudita con prezzi competitivi e i migliori servizi.<\/p>\n<p>Siamo in grado di fornire servizi OEM e ODM. Abbiamo designer esperti che possono completare una profonda personalizzazione in base a qualsiasi tua esigenza. Forniremo una serie di materiali come rendering 3D, disegni dimensionali, ecc. il prima possibile. Forniamo anche dispositivi biometrici, come lettori di carte IC\/ID, scanner di impronte digitali, scanner di codici QR, fotocamere con riconoscimento facciale e cos\u00ec via.<\/p>\n<h4 style=\"font-weight: 400;\"><span style=\"font-style: inherit; font-weight: inherit;\">Sistema di controllo accessi per parco divertimenti. Se desideri altri tipi di tornelli, puoi anche controllare la nostra pagina dei prodotti sui tornelli di sicurezza, <a href=\"https:\/\/mairsturnstile.com\/product\/outdoor-turnstile\" target=\"_blank\" rel=\"noopener\">abbiamo tornelli<\/a> per esterni e <a href=\"https:\/\/mairsturnstile.com\/full-height-turnstiles.html\" target=\"_blank\" rel=\"noopener\">tornelli a tutta altezza<\/a> realizzati appositamente per ambienti esterni difficili. Puoi personalizzare i cancelli tornelli che soddisfano le tue esigenze in base alle tue esigenze specifiche. Abbiamo avuto clienti che producevano appositamente cancelli tornelli a tutta altezza in materiale 316 per adattarsi ad ambienti speciali. In qualit\u00e0 di fornitore professionale di tornelli in Arabia Saudita, siamo responsabili della fornitura di tornelli e servizi di alta qualit\u00e0 per soddisfare i nostri clienti.<\/span><\/h4>\n<p>Il cancello girevole a ribalta MT244 offre un metodo affidabile ed efficiente per garantire che solo gli utenti autorizzati possano accedere a ciascuna area di un edificio. Un indicatore di direzione ha mostrato che l&#8217;accesso dei pedoni allo stato attuale e il passaggio dei pedoni corretto e regolare. Il <a href=\"https:\/\/mairsturnstile.com\/what-is-flap-barrier.html\" target=\"_blank\" rel=\"noopener\">cancello con barriera a ribalta<\/a> \u00e8 altamente integrato in tutti i sistemi di controllo degli accessi, come il riconoscimento facciale con dispositivi di controllo della temperatura, impronte digitali, lettori di <a href=\"https:\/\/en.wikipedia.org\/wiki\/QR_code\" target=\"_blank\" rel=\"noopener\">codici QR<\/a>, sistemi RFID, ecc.<\/p>\n<p>Possiamo anche creare un rendering per te in pochi minuti in base al tuo scenario reale. Forniamo anche layout e disegni dettagliati, nonch\u00e9 disegni di installazione.<\/p>\n\n        \t\n\t<style type=\"text\/css\">\n\t\t.slider-info-37737.bafg-slider-info .bafg-slider-title {\n\t\t\t\t\t\tfont-size: 22px;\n\t\t\t\t\t\t\n\t\t\t\n\t\t\t\t\t}\n\n\t\t.slider-info-37737.bafg-slider-info .bafg-slider-description {\n\t\t\t\n\t\t\t\n\t\t\t\t\t}\n\n\t\t.slider-info-37737.bafg-slider-info .bafg_slider_readmore_button {\n\t\t\t\n\t\t\t\n\t\t\t\n\t\t\t\n\t\t\t\n\t\t\ttext-align: center;\n\n\t\t\t\n\t\t\t\n\t\t\t\n\t\t\t\n\t\t\t\n\t\t\t\n\t\t\t\t\t}\n\n\t\t.slider-info-37737.bafg-slider-info .bafg_slider_readmore_button:hover {\n\n\t\t\t\n\t\t\t\n\t\t\t\t\t}\n\n\t<\/style>\n\t\n        <div class=\"bafg-twentytwenty-container slider-37737 \" bafg-orientation=\"horizontal\" bafg-default-offset=\"0.5\" bafg-before-label=\"Before\" bafg-after-label=\"After\" bafg-overlay=\"yes\" bafg-move-slider-on-hover=\"yes\" bafg-click-to-move=\"no\">\n              \n            <img decoding=\"async\" class=\"skip-lazy\" src=\"http:\/\/mairsturnstile.com\/wp-content\/uploads\/2022\/06\/turnstile-gates-saudi-arabia-11.jpg\" alt=\"turnstile gates saudi arabia\" data-skip-lazy title=\"\">\n            <img decoding=\"async\" class=\"skip-lazy\" src=\"http:\/\/mairsturnstile.com\/wp-content\/uploads\/2022\/06\/turnstile-gates-saudi-arabia-12.jpg\" alt=\"turnstile gates saudi arabia\" data-skip-lazy title=\"\">\n           \n        <\/div>\n\n        \t<div class=\"bafg-slider-info-wraper\">\n\t\t<div style=\"\" class=\"slider-info-37737 bafg-slider-info\">\n\t\t\t\t\t<\/div>\n\t<\/div>\n\t\n        <style type=\"text\/css\">\n            \n        <\/style>\n        \n<ul>\n<li>I tornelli con barriera a ribalta sono costruiti per controllare le persone che entrano o escono dall&#8217;area riservata. Di solito \u00e8 utilizzato in luoghi ad alto flusso di traffico pedonale in entrambe le direzioni.<\/li>\n<li>L&#8217;involucro della barriera a ribalta \u00e8 realizzato in acciaio inossidabile 304 spazzolato che crea un sistema di ingresso senza soluzione di continuit\u00e0 e piacevole per integrarsi nella maggior parte degli ambienti interni.<\/li>\n<li>Pu\u00f2 essere integrato con tutti i sistemi di controllo accessi di terze parti (es.: sistema di accesso RFID, Push the button, Fingerprint e riconoscimento facciale con controllo della temperatura).<\/li>\n<li>In caso di emergenza, il braccio FlapTurnstile si aprir\u00e0 automaticamente collegandosi alla batteria o al condensatore per consentire il libero passaggio.<\/li>\n<li>I tornelli a ribalta ottica sono adatti per soluzioni d&#8217;ingresso lussuose ed eleganti.<\/li>\n<li>Il tornello a ribalta \u00e8 caratterizzato da velocit\u00e0 elevata, lunga durata, prestazioni elevate e affidabilit\u00e0 operativa elevata<\/li>\n<li> Funzione di allarme, in caso di intrusione illecita e intrusione inversa.<\/li>\n<li>I migliori cancelli tornelli dell&#8217;Arabia Saudita.<\/li>\n<li>Il sensore a infrarossi emetter\u00e0 un allarme e la luce a LED lampegger\u00e0 per evitare di pizzicare i pedoni.<\/li>\n<li>Funzione di ripristino automatico: i bracci delle alette si chiudono automaticamente entro 5 secondi per impostazione predefinita (pu\u00f2 essere impostato) se il passeggero ritarda<\/li>\n<li>Il tornello a ribalta rimarr\u00e0 nella serratura se qualcuno vuole fare irruzione senza strisciare la carta RFID.<\/li>\n<li>Indicatore di direzione a LED sul montante superiore e anteriore<\/li>\n<li>Funzione anti-ritorno, il tornello emette un allarme se qualcuno vuole entrare nella direzione inversa.<\/li>\n<li>Sono disponibili opzioni per il funzionamento bidirezionale o unidirezionale<\/li>\n<li>Caratteristica: lettore IC\/ID, lettore di codici a barre, riconoscimento facciale, impronte digitali, altre apparecchiature di controllo accessi, UPS, ecc<\/li>\n<li>Direzione di lavoro: bidirezionale\/unidirezionale<\/li>\n<li>Situazione di emergenza: si apre automaticamente quando viene interrotta l&#8217;elettricit\u00e0 con un condensatore<\/li>\n<li>Umidit\u00e0: \u226490%<\/li>\n<li>Meccanismo stabile a tutta altezza<\/li>\n<li>Sono disponibili luci a LED sui bracci<\/li>\n<li>Temperatura di lavoro: -20\u2103~60\u2103<\/li>\n<li>Distanza di comunicazione: \u22641200 m<\/li>\n<li>Interfaccia di comunicazione: RS485<\/li>\n<li>Cancelli tornelli di qualit\u00e0 arabia saudita<\/li>\n<li>Tempo necessario per l&#8217;apertura: 0,2 s<\/li>\n<li>Ambiente di lavoro: al chiuso<\/li>\n<li>Campo di applicazione: comunit\u00e0, fabbrica, cantiere, scuola, luogo del resort, ecc<\/li>\n<\/ul>\n<p>Siamo in grado di fornire l&#8217;intera soluzione di controllo degli accessi di sicurezza. Se disponi di un tuo sistema di controllo degli accessi, puoi utilizzare direttamente il nostro cancello tornello. Se non ne hai uno, forniamo anche una soluzione completa per il controllo degli accessi di sicurezza. Si prega di fare riferimento al video qui sotto per i dettagli.<\/p>\n<p><iframe title=\"Lettore video di YouTube\" src=\"https:\/\/www.youtube.com\/embed\/7qleZzh1P8U?si=fWTiJ9fE10uW_7Oz\" width=\"1150\" height=\"650\" frameborder=\"0\" allowfullscreen=\"allowfullscreen\"><span data-mce-type=\"bookmark\" style=\"display: inline-block; width: 0px; overflow: hidden; line-height: 0;\" class=\"mce_SELRES_start\"><\/span><\/iframe><\/p>\n","protected":false},"excerpt":{"rendered":"<p>1. Dimensioni: 1000*300*980 mm (pu\u00f2 essere personalizzato)<\/p>\n<p>2. Larghezza corsia: 550 mm (personalizzabile)<\/p>\n<p>3. Velocit\u00e0 di passaggio: 30 persone\/min<\/p>\n<p>4. Alimentazione: 110 V\/220 V 50\/60 Hz<\/p>\n<p>5. Motore di azionamento a spazzole CC<\/p>\n<p>6. Motore di azionamento: DC24V<\/p>\n<p>7. Segnale cancello aperto: contatto pulito\/rel\u00e8<\/p>\n<p>8. Con 6 paia di sensori<\/p>\n<p>9. Materiale: acciaio inossidabile 304 da 1,2 mm e ferro verniciato a polvere<\/p>\n<p><span style=\"color: #0000ff;\"><strong><a style=\"color: #0000ff;\" title=\"Tornello con barriera a ribalta certificato CE Mairs\" href=\"http:\/\/mairsturnstile.com\/wp-content\/uploads\/2022\/09\/Mairs-CE-Certificate-Flap-Barrier-Turnstile.pdf\" target=\"_blank\" rel=\"noopener noreferrer\">Certificazione CE<\/a>, <a style=\"color: #0000ff;\" title=\"Certificato Mairs ISO9001\" href=\"http:\/\/mairsturnstile.com\/wp-content\/uploads\/2022\/09\/Mairs-Registration-Certificate-ISO9001.pdf\" target=\"_blank\" rel=\"noopener noreferrer\">certificato ISO 9001.<\/a><\/strong><\/span><\/p>\n","protected":false},"featured_media":37649,"comment_status":"closed","ping_status":"closed","template":"","meta":{"neve_meta_sidebar":"","neve_meta_container":"","neve_meta_enable_content_width":"off","neve_meta_content_width":0,"neve_meta_title_alignment":"","neve_meta_author_avatar":"","neve_post_elements_order":"","neve_meta_disable_header":"","neve_meta_disable_footer":"","neve_meta_disable_title":"","_ti_tpc_template_sync":false,"_ti_tpc_template_id":""},"product_cat":[883,888],"product_tag":[1776,1614,1777,1778,1550,1558,1375],"class_list":["post-10453","product","type-product","status-publish","has-post-thumbnail","hentry","product_cat-barriera-a-lembo","product_cat-tornelli-di-sicurezza","product_tag-cancelli-tornelli-arabia-saudita","product_tag-cancello-barriera-tornello","product_tag-fornitore-di-tornelli-in-arabia-saudita","product_tag-fornitore-di-tornelli-in-arabia-saudita-it","product_tag-tornelli-della-palestra","product_tag-tornello-a-falda","product_tag-tornello-di-uscita"],"_links":{"self":[{"href":"https:\/\/mairsturnstile.com\/it\/wp-json\/wp\/v2\/product\/10453","targetHints":{"allow":["GET"]}}],"collection":[{"href":"https:\/\/mairsturnstile.com\/it\/wp-json\/wp\/v2\/product"}],"about":[{"href":"https:\/\/mairsturnstile.com\/it\/wp-json\/wp\/v2\/types\/product"}],"replies":[{"embeddable":true,"href":"https:\/\/mairsturnstile.com\/it\/wp-json\/wp\/v2\/comments?post=10453"}],"version-history":[{"count":0,"href":"https:\/\/mairsturnstile.com\/it\/wp-json\/wp\/v2\/product\/10453\/revisions"}],"wp:featuredmedia":[{"embeddable":true,"href":"https:\/\/mairsturnstile.com\/it\/wp-json\/wp\/v2\/media\/37649"}],"wp:attachment":[{"href":"https:\/\/mairsturnstile.com\/it\/wp-json\/wp\/v2\/media?parent=10453"}],"wp:term":[{"taxonomy":"product_cat","embeddable":true,"href":"https:\/\/mairsturnstile.com\/it\/wp-json\/wp\/v2\/product_cat?post=10453"},{"taxonomy":"product_tag","embeddable":true,"href":"https:\/\/mairsturnstile.com\/it\/wp-json\/wp\/v2\/product_tag?post=10453"}],"curies":[{"name":"wp","href":"https:\/\/api.w.org\/{rel}","templated":true}]}}