{"id":10454,"date":"2021-04-27T18:38:38","date_gmt":"2021-04-27T10:38:38","guid":{"rendered":"https:\/\/mairsturnstile.com\/product\/vendita-meccanismo-flap-barrier-mt252"},"modified":"2023-11-14T09:04:18","modified_gmt":"2023-11-14T01:04:18","slug":"meccanismo-a-lembo-barriera","status":"publish","type":"product","link":"https:\/\/mairsturnstile.com\/it\/prodotto\/meccanismo-a-lembo-barriera","title":{"rendered":"SE VENDE MECANISMO DE BARRERA FLAP MT250"},"content":{"rendered":"<h2>Meccanismo barriera a ribalta, meccanismo automatico a barriera a ribalta in vendita.<\/h2>\n<h3>Mairs offre il meccanismo della migliore qualit\u00e0 per tornelli a barriera. Miglior meccanismo di barriera a lembo di design.<\/h3>\n<p>Il meccanismo di barriera a ribalta dal design speciale e il design elettrico e meccanico compatto con azionamento unico, garantiscono la durata e il funzionamento silenzioso del prodotto, il suo meccanismo autobloccante pu\u00f2 anche proteggere la sicurezza del controllo degli accessi. Il meccanismo della barriera del lembo di Mairs ha il rilevamento automatico, il rilevamento automatico dei guasti, conveniente per la manutenzione e il funzionamento dell&#8217;utente. Questo <a href=\"https:\/\/mairsturnstile.com\/turnstile-mechanism.html\" target=\"_blank\" rel=\"noopener\">meccanismo del tornello<\/a> con barriera a ribalta pu\u00f2 essere applicato a tutti i sistemi di <a href=\"https:\/\/en.wikipedia.org\/wiki\/Access_control\" target=\"_blank\" rel=\"noopener\">controllo degli accessi<\/a>, all&#8217;interfaccia di ingresso per contatto a secco e al collegamento del segnale di commutazione. Pertanto, i clienti possono integrare diversi sistemi, come lettori di carte, sistemi di biglietti, sistemi a gettoni e cos\u00ec via. Naturalmente, con funzioni di emergenza, pu\u00f2 essere integrato con dispositivi di protezione antincendio per il rilascio sicuro in caso di emergenza.<\/p>\n<h4>Il meccanismo della barriera a ribalta \u00e8 uno dei componenti principali del cancello del tornello con barriera a ribalta e il meccanismo di barriera a ribalta controlla il cancello del tornello controllando l&#8217;oscillazione del braccio a battente.<\/h4>\n<p>Il meccanismo di barriera a ribalta del cancello del tornello a ribalta \u00e8 il fulcro dell&#8217;intero cancello del tornello. La qualit\u00e0 di funzionamento del meccanismo della barriera a falde determina la qualit\u00e0 del cancello del tornello a barriera a falde, ma il guasto del cancello del tornello a barriera a falde \u00e8 anche correlato al meccanismo. Solo il corretto metodo di utilizzo e una corretta manutenzione sono le chiavi per garantire la vita utile del cancello tornello a barriera a ribalta. \u00c8 anche un metodo per migliorare la durata complessiva della <a href=\"https:\/\/mairsturnstile.com\/what-is-flap-barrier.html\">barriera a lamelle<\/a>.<\/p>\n<p><strong>Caratteristiche:<\/strong><\/p>\n<ol>\n<li>Un design CNC compatto con un azionamento unico e un meccanismo autobloccante.<\/li>\n<li>Rilevamento automatico dei guasti.<\/li>\n<li>L&#8217;interfaccia di ingresso pu\u00f2 essere utilizzata per il contatto pulito e il collegamento del segnale di commutazione.<\/li>\n<li>Apertura e chiusura automatiche regolabili.<\/li>\n<li>Fotocellula a infrarossi per passaggio sicuro.<\/li>\n<li>Allarme per flusso di passeggeri non autorizzato e vietato.<\/li>\n<li>Passa invece la palla.<\/li>\n<li>Accensione e spegnimento automatico.<\/li>\n<li>Apertura automatica e accesso libero allo spegnimento.<\/li>\n<li>Direzione di ingresso regolabile.<\/li>\n<li>Fornire un&#8217;interfaccia di emergenza.<\/li>\n<li>Semaforo per l&#8217;ingresso dei passeggeri.<\/li>\n<li>Connessione di ingresso: Segnale di livello +12V o impulso Ampio&gt;100ms Segnale di impulso, corrente&gt;100ms<\/li>\n<\/ol>\n","protected":false},"excerpt":{"rendered":"<p>1. Potenza: AC220V\u00b110V,50\/60HZ;<\/p>\n<p>2. Temperatura di esercizio: -45\u2103-60\u2103<\/p>\n<p>3. Umidit\u00e0 relativa: \u226495%, senza condensa<\/p>\n<p>4. Larghezza del passaggio: 550 mm (personalizzato)<\/p>\n<p>5. Motore: motore DC Brushless, 140 W\/24 V<\/p>\n<p>6. Tempo di apertura e chiusura del cancello: \u2264 0,4 S<\/p>\n<p>7. Sensori a infrarossi: 9 o 10 coppie<\/p>\n<p>8. Velocit\u00e0 di funzionamento del motore: 1600 giri\/min<\/p>\n<p>9. Collegamento di comunicazione: comunicazione RS485<\/p>\n<p>10. Livello di protezione: IP54<\/p>\n","protected":false},"featured_media":35562,"comment_status":"closed","ping_status":"closed","template":"","meta":{"neve_meta_sidebar":"","neve_meta_container":"","neve_meta_enable_content_width":"off","neve_meta_content_width":0,"neve_meta_title_alignment":"","neve_meta_author_avatar":"","neve_post_elements_order":"","neve_meta_disable_header":"","neve_meta_disable_footer":"","neve_meta_disable_title":"","_ti_tpc_template_sync":false,"_ti_tpc_template_id":""},"product_cat":[883,888],"product_tag":[1566,924,1565,942],"class_list":["post-10454","product","type-product","status-publish","has-post-thumbnail","hentry","product_cat-barriera-a-lembo","product_cat-tornelli-di-sicurezza","product_tag-componenti-del-tornello","product_tag-meccanismo-del-cancello-del-tornello","product_tag-meccanismo-del-tornello","product_tag-meccanismo-di-barriera-a-ribalta"],"_links":{"self":[{"href":"https:\/\/mairsturnstile.com\/it\/wp-json\/wp\/v2\/product\/10454","targetHints":{"allow":["GET"]}}],"collection":[{"href":"https:\/\/mairsturnstile.com\/it\/wp-json\/wp\/v2\/product"}],"about":[{"href":"https:\/\/mairsturnstile.com\/it\/wp-json\/wp\/v2\/types\/product"}],"replies":[{"embeddable":true,"href":"https:\/\/mairsturnstile.com\/it\/wp-json\/wp\/v2\/comments?post=10454"}],"version-history":[{"count":0,"href":"https:\/\/mairsturnstile.com\/it\/wp-json\/wp\/v2\/product\/10454\/revisions"}],"wp:featuredmedia":[{"embeddable":true,"href":"https:\/\/mairsturnstile.com\/it\/wp-json\/wp\/v2\/media\/35562"}],"wp:attachment":[{"href":"https:\/\/mairsturnstile.com\/it\/wp-json\/wp\/v2\/media?parent=10454"}],"wp:term":[{"taxonomy":"product_cat","embeddable":true,"href":"https:\/\/mairsturnstile.com\/it\/wp-json\/wp\/v2\/product_cat?post=10454"},{"taxonomy":"product_tag","embeddable":true,"href":"https:\/\/mairsturnstile.com\/it\/wp-json\/wp\/v2\/product_tag?post=10454"}],"curies":[{"name":"wp","href":"https:\/\/api.w.org\/{rel}","templated":true}]}}