{"id":10464,"date":"2020-09-13T00:48:49","date_gmt":"2020-09-12T16:48:49","guid":{"rendered":"https:\/\/mairsturnstile.com\/product\/tornello-scorrevole-a-tutta-altezza-super-mute-mt247"},"modified":"2024-10-31T18:16:21","modified_gmt":"2024-10-31T10:16:21","slug":"tornello-scorrevole","status":"publish","type":"product","link":"https:\/\/mairsturnstile.com\/it\/prodotto\/tornello-scorrevole","title":{"rendered":"TORNELLO SCORREVOLE A TUTTA ALTEZZA DI NUOVO DESIGN MT237-P"},"content":{"rendered":"        <!-- 3D Model html -->\r\n        <div class=\"bp_grand wrapper_37634\">   \r\n        <div class=\"bp_model_parent\">\r\n            <model-viewer class=\"model\" id=\"bp_model_id_37634\" src=\"http:\/\/mairsturnstile.com\/wp-content\/uploads\/2023\/11\/MT237-p.glb\" alt=\"MT237-p\" camera-controls  loading=\"auto\" auto-rotate                        >\r\n            <\/model-viewer>\r\n        \r\n            <!-- Button -->\r\n            <svg id=\"openBtn\" width=\"30px\" height=\"30px\" viewBox=\"0 0 16 16\" xmlns=\"http:\/\/www.w3.org\/2000\/svg\" fill=\"#f2f2f2\" class=\"bi bi-arrows-fullscreen model-icon\">\r\n                <path fill-rule=\"evenodd\" d=\"M5.828 10.172a.5.5 0 0 0-.707 0l-4.096 4.096V11.5a.5.5 0 0 0-1 0v3.975a.5.5 0 0 0 .5.5H4.5a.5.5 0 0 0 0-1H1.732l4.096-4.096a.5.5 0 0 0 0-.707zm4.344 0a.5.5 0 0 1 .707 0l4.096 4.096V11.5a.5.5 0 1 1 1 0v3.975a.5.5 0 0 1-.5.5H11.5a.5.5 0 0 1 0-1h2.768l-4.096-4.096a.5.5 0 0 1 0-.707zm0-4.344a.5.5 0 0 0 .707 0l4.096-4.096V4.5a.5.5 0 1 0 1 0V.525a.5.5 0 0 0-.5-.5H11.5a.5.5 0 0 0 0 1h2.768l-4.096 4.096a.5.5 0 0 0 0 .707zm-4.344 0a.5.5 0 0 1-.707 0L1.025 1.732V4.5a.5.5 0 0 1-1 0V.525a.5.5 0 0 1 .5-.5H4.5a.5.5 0 0 1 0 1H1.732l4.096 4.096a.5.5 0 0 1 0 .707z\"\/>\r\n            <\/svg>\r\n        \r\n            <svg id=\"closeBtn\" class=\"model-icon\" width=\"34px\" height=\"34px\" viewBox=\"0 0 24 24\" xmlns=\"http:\/\/www.w3.org\/2000\/svg\">\r\n                <path fill=\"none\" stroke=\"#f2f2f2\" stroke-width=\"2\" d=\"M7,7 L17,17 M7,17 L17,7\"\/>\r\n            <\/svg>\r\n        \r\n        <\/div>\r\n        <\/div> \r\n\r\n        <!-- Model Viewer Style -->\r\n        <style>\r\n            \r\n            .wrapper_37634 .bp_model_parent, #bp_model_id_37634 {\r\n                width: 1150px;\r\n                max-width: 100%;\r\n                                            }\r\n            #bp_model_id_37634 {\r\n                height:700px;\r\n                background-color: #f9f9f9;\r\n            }\r\n            .fullscreen #bp_model_id_37634{\r\n            height: 100%;\r\n            width: 100%;\r\n            }\r\n            .wrapper_37634 .bp_model_parent{\r\n                justify-content: start            }\r\n            model-viewer.model {\r\n                --poster-color: transparent;\r\n            }\r\n        <\/style>\r\n        \r\n        \n<h2>Tornello scorrevole super muto a tutta altezza, cancello a barriera con tornello scorrevole, tornello scorrevole in vendita.<\/h2>\n<h4>TORNELLO CON CANCELLO SCORREVOLE A TUTTA ALTEZZA \u00e8 coperto da una garanzia di 2 anni e da un supporto durevole per manutenzione e riparazione.<\/h4>\n<p><strong>Il tornello scorrevole \u00e8 un tipo di cancello girevole per il controllo dell&#8217;accesso pedonale basato sul movimento lineare parallelo di due deflettori nella stessa direzione o in direzioni diverse per aprire e chiudere la porta. <\/strong>Il tornello scorrevole \u00e8 un cancello a<a href=\"https:\/\/mairsturnstile.com\/product\/automated-turnstiles\" target=\"_blank\" rel=\"noopener\"> tornello automatizzato<\/a> a controllo elettrico, che pu\u00f2 essere aperto e chiuso manualmente tramite pulsanti, strisciamento della carta e telecomando, oppure completamente automatico tramite riconoscimento facciale e induzione del corpo umano. Attualmente, \u00e8 comunemente usato al cancello d&#8217;ingresso di varie aree residenziali, imprese, fabbriche e altri luoghi, che viene utilizzato specialmente per controllare l&#8217;accesso pedonale.<\/p>\n<p>Il tornello scorrevole \u00e8 composto da un telaio e da due ante mobili, che possono essere allungate e retratte per dissuadere o sbloccare. Questo nuovo tornello scorrevole a tutta altezza MT237-P adotta il design pi\u00f9 recente e la bella forma. La scelta dell&#8217;applicazione del tornello scorrevole \u00e8 determinata in base alle dimensioni e all&#8217;area del sito. La sua anta \u00e8 pi\u00f9 alta del cancello del tornello a battente e del tornello con barriera a ribalta. \u00c8 generalmente progettato per essere alto 1,6 m. La larghezza del canale \u00e8 la stessa del canale del cancello del tornello a battente. La larghezza di 0,55 M \u00e8 sufficiente per raggiungere lo scopo del passaggio di una persona.<\/p>\n<p>Per alcune agenzie e unit\u00e0 governative o luoghi con una forte riservatezza e requisiti di alta sicurezza, il tornello scorrevole pu\u00f2 essere selezionato come la principale apparecchiatura di gestione del controllo degli accessi, che ha una gestione degli accessi pi\u00f9 rigorosa e misure di sicurezza pi\u00f9 forti. Le misure di sicurezza si riflettono principalmente nel suo design. Il braccio scorrevole \u00e8 relativamente alto per impedire la perforazione e l&#8217;arrampicata e il materiale principale \u00e8 il vetro acrilico. La visione di questo canale non sar\u00e0 limitata. Si trova nell&#8217;atrio della palazzina uffici, e il tutto \u00e8 ancora trasparente e luminoso.<\/p>\n<p>Il tornello a barriera scorrevole \u00e8 diverso dal cancello del tornello a tripode, dal cancello del tornello a battente e dal cancello della barriera a ribalta. \u00c8 un tipo di attrezzatura per cancello pedonale del tornello che non \u00e8 comunemente usata e deve essere rigorosamente impedita l&#8217;entrata e l&#8217;uscita. Poich\u00e9 la barriera di blocco su entrambi i lati \u00e8 del tipo a traslazione e adotta il controllo automatico, non taglier\u00e0 facilmente le persone. Il design di una barriera ad alto blocco impedisce la possibilit\u00e0 di attraversamento e arrampicata non autorizzati, quindi l&#8217;elevata sicurezza \u00e8 il suo segno pi\u00f9 importante. La barriera di blocco \u00e8 sottile e pu\u00f2 essere trasformata in forma di due porte, che \u00e8 pi\u00f9 rinforzata per sicurezza, sicura e flessibile.<\/p>\n<p>Viene utilizzato principalmente in scene in cui \u00e8 necessario migliorare l&#8217;efficienza della sicurezza, come edifici per uffici di fascia alta, imprese di gruppo, corridoi o ascensori di edifici commerciali, scale, ecc.<\/p>\n<p>Possiamo anche creare un rendering per te in pochi minuti in base al tuo scenario reale. Forniamo anche layout e disegni dettagliati, nonch\u00e9 disegni di installazione.<\/p>\n\n        \t\n\t<style type=\"text\/css\">\n\t\t.slider-info-37633.bafg-slider-info .bafg-slider-title {\n\t\t\t\t\t\tfont-size: 22px;\n\t\t\t\t\t\t\n\t\t\t\n\t\t\t\t\t}\n\n\t\t.slider-info-37633.bafg-slider-info .bafg-slider-description {\n\t\t\t\n\t\t\t\n\t\t\t\t\t}\n\n\t\t.slider-info-37633.bafg-slider-info .bafg_slider_readmore_button {\n\t\t\t\n\t\t\t\n\t\t\t\n\t\t\t\n\t\t\t\n\t\t\ttext-align: center;\n\n\t\t\t\n\t\t\t\n\t\t\t\n\t\t\t\n\t\t\t\n\t\t\t\n\t\t\t\t\t}\n\n\t\t.slider-info-37633.bafg-slider-info .bafg_slider_readmore_button:hover {\n\n\t\t\t\n\t\t\t\n\t\t\t\t\t}\n\n\t<\/style>\n\t\n        <div class=\"bafg-twentytwenty-container slider-37633 \" bafg-orientation=\"horizontal\" bafg-default-offset=\"0.5\" bafg-before-label=\"Before\" bafg-after-label=\"After\" bafg-overlay=\"yes\" bafg-move-slider-on-hover=\"yes\" bafg-click-to-move=\"no\">\n              \n            <img decoding=\"async\" class=\"skip-lazy\" src=\"http:\/\/mairsturnstile.com\/wp-content\/uploads\/2024\/10\/sliding-turnstile-7.jpg\" alt=\"sliding turnstile\" data-skip-lazy title=\"\">\n            <img decoding=\"async\" class=\"skip-lazy\" src=\"http:\/\/mairsturnstile.com\/wp-content\/uploads\/2020\/09\/sliding-turnstile-5-1.jpg\" alt=\"sliding turnstile\" data-skip-lazy title=\"\">\n           \n        <\/div>\n\n        \t<div class=\"bafg-slider-info-wraper\">\n\t\t<div style=\"\" class=\"slider-info-37633 bafg-slider-info\">\n\t\t\t\t\t<\/div>\n\t<\/div>\n\t\n        <style type=\"text\/css\">\n            \n        <\/style>\n        \n<p><strong>Precauzioni per l&#8217;uso:<\/strong><\/p>\n<p>Nel processo di utilizzo del tornello a barriera scorrevole, il personale di passaggio deve attenersi al principio del passaggio di &#8220;carta strisciante al di fuori della linea gialla o identificazione insensata, nessun passaggio e passaggio inverso&#8221;.<\/p>\n<p>Nota: i pedoni strisciano le loro carte fuori dalla linea gialla all&#8217;esterno del passaggio. Solo una persona alla volta pu\u00f2 passare attraverso una carta valida. \u00c8 vietato ai pedoni dietro di seguire e di fronte passare nella direzione opposta senza strisciare le carte. &#8220;.<\/p>\n<p>Prestare attenzione alla pulizia e manutenzione quotidiana durante l&#8217;utilizzo del tornello a barriera scorrevole. Un&#8217;ispezione regolare pu\u00f2 prevenire efficacemente l&#8217;invecchiamento dell&#8217;apparecchiatura e una manutenzione tempestiva pu\u00f2 prolungare efficacemente la durata dell&#8217;apparecchiatura. Nella pratica applicazione del tornello a barriera scorrevole, l&#8217;aspetto e la funzione possono essere personalizzati secondo la richiesta.<\/p>\n<p>Siamo in grado di fornire servizi OEM e ODM. Forniamo anche dispositivi biometrici, come lettori di carte IC\/ID, scanner di impronte digitali, scanner di codici QR, fotocamere con riconoscimento facciale e cos\u00ec via. Se avete bisogno di integrare questi dispositivi sul cancello del tornello o avete domande, <a href=\"https:\/\/mairsturnstile.com\/contact\" target=\"_blank\" rel=\"noopener\">contattateci<\/a>.<\/p>\n<p>Il primo video \u00e8 un normale tornello scorrevole, ultra silenzioso e di bell&#8217;aspetto. Il seguente video \u00e8 un tornello scorrevole personalizzato. Indipendentemente dalle dimensioni o dall&#8217;aspetto del tornello scorrevole, \u00e8 personalizzato in base alle effettive esigenze dei clienti. Se hai bisogno di personalizzare un tornello scorrevole simile, puoi anche contattarci<\/p>\n<p><strong>TORNELLO A CANCELLO SCORREVOLE<\/strong> presenta un design elegante, alta velocit\u00e0, alta sicurezza, funzionamento a basso rumore, funzionamento regolare e lunga durata. \u00c8 altamente integrato per essere compatibile con scanner di temperatura per <a href=\"https:\/\/en.wikipedia.org\/wiki\/Facial_recognition\" target=\"_blank\" rel=\"noopener\">riconoscimento facciale<\/a>, controllo degli accessi tramite impronte digitali, sistemi QR, RFID per il controllo degli accessi ESD, ecc. Essendo la <a href=\"https:\/\/mairsturnstile.com\/what-is-flap-barrier.html\" target=\"_blank\" rel=\"noopener\">barriera a battente<\/a> di velocit\u00e0, il deflettore a battente si apre automaticamente quando l&#8217;alimentazione \u00e8 interrotta, libero di passare per esigenze antincendio\/uscita di emergenza.<\/p>\n<ul>\n<li>La <strong>giostra scorrevole <\/strong>\u00e8 costruita per controllare le persone che entrano o escono dall&#8217;area riservata. Di solito \u00e8 utilizzato in luoghi ad alto flusso di traffico pedonale in entrambe le direzioni.<\/li>\n<li>L&#8217;involucro del cancello del tornello a barriera scorrevole \u00e8 realizzato in acciaio inossidabile 304 spazzolato che crea un sistema di ingresso senza soluzione di continuit\u00e0 e piacevole per integrarsi nella maggior parte degli ambienti interni.<\/li>\n<li>Pu\u00f2 essere integrato con tutti i sistemi di controllo accessi di terze parti (es.: sistema di accesso RFID, Push the button, Fingerprint e riconoscimento facciale con controllo della temperatura).<\/li>\n<li>In caso di emergenza, il braccio del tornello scorrevole si aprir\u00e0 automaticamente collegandosi alla batteria o al condensatore per consentire il libero passaggio.<\/li>\n<li>Il tornello ottico scorrevole \u00e8 adatto per soluzioni d&#8217;ingresso lussuose ed eleganti.<\/li>\n<li>Il tornello scorrevole \u00e8 caratterizzato da velocit\u00e0 elevata, lunga durata, prestazioni elevate e affidabilit\u00e0 di funzionamento elevata.<\/li>\n<li> Funzione di allarme, in caso di intrusione illecita e intrusione inversa.<\/li>\n<li>Il sensore a infrarossi emetter\u00e0 un allarme e la luce a LED lampegger\u00e0 per evitare di pizzicare i pedoni.<\/li>\n<li>Funzione di ripristino automatico: i bracci scorrevoli si chiuderanno automaticamente entro 5 secondi per impostazione predefinita (pu\u00f2 essere impostato) se un passeggero ritarda<\/li>\n<li>Il tornello del cancello scorrevole rimarr\u00e0 nella serratura se qualcuno vuole fare irruzione senza strisciare la carta RFID.<\/li>\n<li>Un indicatore di direzione a LED sul montante superiore e anteriore<\/li>\n<li>Materiale della cassa: acciaio inossidabile 304<\/li>\n<li>Funzione anti-ritorno, il tornello emette un allarme se qualcuno vuole entrare nella direzione inversa.<\/li>\n<li>Sono disponibili opzioni per il funzionamento bidirezionale o unidirezionale<\/li>\n<\/ul>\n<p>Siamo in grado di fornire l&#8217;intera soluzione di controllo degli accessi di sicurezza. Se disponi di un tuo sistema di controllo degli accessi, puoi utilizzare direttamente il nostro cancello tornello. Se non ne hai uno, forniamo anche una soluzione completa per il controllo degli accessi di sicurezza. Si prega di fare riferimento al video qui sotto per i dettagli.<\/p>\n<p><iframe title=\"Tornello scorrevole, Tornello a cancello scorrevole, Tornello scorrevole a tutta altezza Super must - MairsTurnstile\" src=\"https:\/\/www.youtube.com\/embed\/NWiaz1Su7BI\" width=\"1150\" height=\"650\" frameborder=\"0\" allowfullscreen=\"allowfullscreen\"><\/iframe><\/p>\n","protected":false},"excerpt":{"rendered":"<p>1. Dimensioni: 1420 * 340 * 1000 mm (pu\u00f2 essere personalizzato)<\/p>\n<p>2. Larghezza corsia: 600 mm (standard) 900 mm (handicappati)<\/p>\n<p>3. Velocit\u00e0 di passaggio: 40 persone\/min<\/p>\n<p>4. Alimentazione: 110 V\/220 V 50\/60 Hz<\/p>\n<p>5. Motore di azionamento: 90 W<\/p>\n<p>6. Ingresso: contatto a secco<\/p>\n<p>7. Motore di azionamento: DC24V<\/p>\n<p>8. Cancello barriera tornello Peso: 70 kg\/pz<\/p>\n<p>9. Altezza braccio 1800 mm (personalizzabile)<\/p>\n<p><span style=\"color: #0000ff;\"><strong><a style=\"color: #0000ff;\" title=\"Tornello con barriera a ribalta certificato CE Mairs\" href=\"http:\/\/mairsturnstile.com\/wp-content\/uploads\/2022\/09\/Mairs-CE-Certificate-Flap-Barrier-Turnstile.pdf\" target=\"_blank\" rel=\"noopener noreferrer\">Certificazione CE<\/a>, <a style=\"color: #0000ff;\" title=\"Certificato Mairs ISO9001\" href=\"http:\/\/mairsturnstile.com\/wp-content\/uploads\/2022\/09\/Mairs-Registration-Certificate-ISO9001.pdf\" target=\"_blank\" rel=\"noopener noreferrer\">certificato ISO 9001.<\/a><\/strong><\/span><\/p>\n<p><a title=\"Brochure cancello girevole scorrevole\" href=\"http:\/\/mairsturnstile.com\/wp-content\/uploads\/2024\/03\/Sliding-turnstile-MT237-P-brochure.pdf\" target=\"  rel=\" rel=\"noopener\"><img decoding=\"async\" class=\"alignnone size-full wp-image-11034\" src=\"http:\/\/mairsturnstile.com\/wp-content\/uploads\/2022\/09\/pdf-MairsTurnstile.png\" alt=\"\" width=\"32\" height=\"32\"><span style=\"color: #0000ff;\"><strong>Opuscolo del cancello girevole scorrevole MT237-P<\/strong><\/span><\/a><\/p>\n","protected":false},"featured_media":37564,"comment_status":"closed","ping_status":"closed","template":"","meta":{"neve_meta_sidebar":"","neve_meta_container":"","neve_meta_enable_content_width":"off","neve_meta_content_width":0,"neve_meta_title_alignment":"","neve_meta_author_avatar":"","neve_post_elements_order":"","neve_meta_disable_header":"","neve_meta_disable_footer":"","neve_meta_disable_title":"","_ti_tpc_template_sync":false,"_ti_tpc_template_id":""},"product_cat":[1769,888],"product_tag":[954,1550,1557,1375,1177,939,940,1556],"class_list":["post-10464","product","type-product","status-publish","has-post-thumbnail","hentry","product_cat-tornello-scorrevole","product_cat-tornelli-di-sicurezza","product_tag-cancello-scorrevole-con-barriera-a-tornello","product_tag-tornelli-della-palestra","product_tag-tornelli-in-vetro","product_tag-tornello-di-uscita","product_tag-tornello-in-vetro","product_tag-tornello-scorrevole","product_tag-tornello-scorrevole-it","product_tag-tornello-scorrevole-a-tutta-altezza"],"_links":{"self":[{"href":"https:\/\/mairsturnstile.com\/it\/wp-json\/wp\/v2\/product\/10464","targetHints":{"allow":["GET"]}}],"collection":[{"href":"https:\/\/mairsturnstile.com\/it\/wp-json\/wp\/v2\/product"}],"about":[{"href":"https:\/\/mairsturnstile.com\/it\/wp-json\/wp\/v2\/types\/product"}],"replies":[{"embeddable":true,"href":"https:\/\/mairsturnstile.com\/it\/wp-json\/wp\/v2\/comments?post=10464"}],"version-history":[{"count":0,"href":"https:\/\/mairsturnstile.com\/it\/wp-json\/wp\/v2\/product\/10464\/revisions"}],"wp:featuredmedia":[{"embeddable":true,"href":"https:\/\/mairsturnstile.com\/it\/wp-json\/wp\/v2\/media\/37564"}],"wp:attachment":[{"href":"https:\/\/mairsturnstile.com\/it\/wp-json\/wp\/v2\/media?parent=10464"}],"wp:term":[{"taxonomy":"product_cat","embeddable":true,"href":"https:\/\/mairsturnstile.com\/it\/wp-json\/wp\/v2\/product_cat?post=10464"},{"taxonomy":"product_tag","embeddable":true,"href":"https:\/\/mairsturnstile.com\/it\/wp-json\/wp\/v2\/product_tag?post=10464"}],"curies":[{"name":"wp","href":"https:\/\/api.w.org\/{rel}","templated":true}]}}