{"id":10465,"date":"2020-09-13T00:43:09","date_gmt":"2020-09-12T16:43:09","guid":{"rendered":"https:\/\/mairsturnstile.com\/product\/barriera-a-ribalta-prezzo-barriera-a-ribalta-mt245"},"modified":"2024-10-31T18:15:03","modified_gmt":"2024-10-31T10:15:03","slug":"prezzo-accessibile-con-barriera-a-ribalta","status":"publish","type":"product","link":"https:\/\/mairsturnstile.com\/it\/prodotto\/prezzo-accessibile-con-barriera-a-ribalta","title":{"rendered":"BARRIERA A RIBALTA CANCELLO GIREVOLE SCORREVOLE MT227"},"content":{"rendered":"        <!-- 3D Model html -->\r\n        <div class=\"bp_grand wrapper_37928\">   \r\n        <div class=\"bp_model_parent\">\r\n            <model-viewer class=\"model\" id=\"bp_model_id_37928\" src=\"http:\/\/mairsturnstile.com\/wp-content\/uploads\/2023\/11\/MT227.glb\" alt=\"MT227\" camera-controls  loading=\"auto\" auto-rotate                        >\r\n            <\/model-viewer>\r\n        \r\n            <!-- Button -->\r\n            <svg id=\"openBtn\" width=\"30px\" height=\"30px\" viewBox=\"0 0 16 16\" xmlns=\"http:\/\/www.w3.org\/2000\/svg\" fill=\"#f2f2f2\" class=\"bi bi-arrows-fullscreen model-icon\">\r\n                <path fill-rule=\"evenodd\" d=\"M5.828 10.172a.5.5 0 0 0-.707 0l-4.096 4.096V11.5a.5.5 0 0 0-1 0v3.975a.5.5 0 0 0 .5.5H4.5a.5.5 0 0 0 0-1H1.732l4.096-4.096a.5.5 0 0 0 0-.707zm4.344 0a.5.5 0 0 1 .707 0l4.096 4.096V11.5a.5.5 0 1 1 1 0v3.975a.5.5 0 0 1-.5.5H11.5a.5.5 0 0 1 0-1h2.768l-4.096-4.096a.5.5 0 0 1 0-.707zm0-4.344a.5.5 0 0 0 .707 0l4.096-4.096V4.5a.5.5 0 1 0 1 0V.525a.5.5 0 0 0-.5-.5H11.5a.5.5 0 0 0 0 1h2.768l-4.096 4.096a.5.5 0 0 0 0 .707zm-4.344 0a.5.5 0 0 1-.707 0L1.025 1.732V4.5a.5.5 0 0 1-1 0V.525a.5.5 0 0 1 .5-.5H4.5a.5.5 0 0 1 0 1H1.732l4.096 4.096a.5.5 0 0 1 0 .707z\"\/>\r\n            <\/svg>\r\n        \r\n            <svg id=\"closeBtn\" class=\"model-icon\" width=\"34px\" height=\"34px\" viewBox=\"0 0 24 24\" xmlns=\"http:\/\/www.w3.org\/2000\/svg\">\r\n                <path fill=\"none\" stroke=\"#f2f2f2\" stroke-width=\"2\" d=\"M7,7 L17,17 M7,17 L17,7\"\/>\r\n            <\/svg>\r\n        \r\n        <\/div>\r\n        <\/div> \r\n\r\n        <!-- Model Viewer Style -->\r\n        <style>\r\n            \r\n            .wrapper_37928 .bp_model_parent, #bp_model_id_37928 {\r\n                width: 1150px;\r\n                max-width: 100%;\r\n                                            }\r\n            #bp_model_id_37928 {\r\n                height:700px;\r\n                background-color: #f9f9f9;\r\n            }\r\n            .fullscreen #bp_model_id_37928{\r\n            height: 100%;\r\n            width: 100%;\r\n            }\r\n            .wrapper_37928 .bp_model_parent{\r\n                justify-content: start            }\r\n            model-viewer.model {\r\n                --poster-color: transparent;\r\n            }\r\n        <\/style>\r\n        \r\n        \n<h4>FLAP BARRIER SLIDING TURNSTILE TURNSTILE ha una garanzia di due anni e un supporto duraturo per la manutenzione e la riparazione.<\/h4>\n<p>Siamo in grado di fornire servizi OEM e ODM. A seconda dei diversi design esterni e schemi di configurazione, il prezzo normale di una barriera a ribalta va da 600 USD a 800 USD.<\/p>\n<p>Il cancello girevole scorrevole \u00e8 un cancello girevole per il controllo degli accessi di fascia alta con uno squisito design esterno e il miglior effetto silenzioso. Questo cancello girevole scorrevole \u00e8 ampiamente utilizzato in luoghi ad alta quota come palestre, edifici per uffici, hall di hotel, ecc. Questo cancello girevole scorrevole della serie Meteor \u00e8 molto richiesto dai clienti e il suo design esterno elegante e strutturato incorpora elementi Meteor, rendendo l&#8217;intero cancello girevole scorrevole perfettamente integrato con l&#8217;ambiente. Il cancello girevole scorrevole \u00e8 conveniente e la barriera a lamelle ha la massima velocit\u00e0 di passaggio. Il cancello girevole scorrevole \u00e8 stato progettato appositamente per il <a href=\"https:\/\/en.wikipedia.org\/wiki\/Access_control\" target=\"_blank\" rel=\"noopener\">controllo degli accessi<\/a> pedonali e per la sicurezza di medio livello in vari luoghi.  <\/p>\n<p>  Fornisce una maggiore sicurezza di accesso attraverso i sensori, il <a href=\"https:\/\/mairsturnstile.com\/what-is-flap-barrier.html\" target=\"_blank\" rel=\"noopener\">cancello con barriera a ribalta<\/a> ha grandi caratteristiche, come una maggiore sicurezza, un design elegante e un funzionamento poco rumoroso, un funzionamento stabile e regolare, una lunga durata di utilizzo, ecc.<\/p>\n<p>Possiamo anche creare un rendering per te in pochi minuti in base al tuo scenario reale. Forniamo anche layout e disegni dettagliati, nonch\u00e9 disegni di installazione.<\/p>\n\n        \t\n\t<style type=\"text\/css\">\n\t\t.slider-info-37926.bafg-slider-info .bafg-slider-title {\n\t\t\t\t\t\tfont-size: 22px;\n\t\t\t\t\t\t\n\t\t\t\n\t\t\t\t\t}\n\n\t\t.slider-info-37926.bafg-slider-info .bafg-slider-description {\n\t\t\t\n\t\t\t\n\t\t\t\t\t}\n\n\t\t.slider-info-37926.bafg-slider-info .bafg_slider_readmore_button {\n\t\t\t\n\t\t\t\n\t\t\t\n\t\t\t\n\t\t\t\n\t\t\ttext-align: center;\n\n\t\t\t\n\t\t\t\n\t\t\t\n\t\t\t\n\t\t\t\n\t\t\t\n\t\t\t\t\t}\n\n\t\t.slider-info-37926.bafg-slider-info .bafg_slider_readmore_button:hover {\n\n\t\t\t\n\t\t\t\n\t\t\t\t\t}\n\n\t<\/style>\n\t\n        <div class=\"bafg-twentytwenty-container slider-37926 \" bafg-orientation=\"horizontal\" bafg-default-offset=\"0.5\" bafg-before-label=\"Before\" bafg-after-label=\"After\" bafg-overlay=\"yes\" bafg-move-slider-on-hover=\"yes\" bafg-click-to-move=\"no\">\n              \n            <img decoding=\"async\" class=\"skip-lazy\" src=\"http:\/\/mairsturnstile.com\/wp-content\/uploads\/2024\/07\/new-sliding-turnstile_1.jpg\" alt=\"\" data-skip-lazy title=\"\">\n            <img decoding=\"async\" class=\"skip-lazy\" src=\"http:\/\/mairsturnstile.com\/wp-content\/uploads\/2024\/07\/new-sliding-turnstile.jpg\" alt=\"\" data-skip-lazy title=\"\">\n           \n        <\/div>\n\n        \t<div class=\"bafg-slider-info-wraper\">\n\t\t<div style=\"\" class=\"slider-info-37926 bafg-slider-info\">\n\t\t\t\t\t<\/div>\n\t<\/div>\n\t\n        <style type=\"text\/css\">\n            \n        <\/style>\n        \n<ul>\n<li>Un cancello girevole scorrevole \u00e8 costruito per controllare le persone che entrano o escono dall&#8217;area riservata. Di solito \u00e8 utilizzato in luoghi ad alto flusso di traffico pedonale in entrambe le direzioni.<\/li>\n<li>L&#8217;involucro della barriera scorrevole \u00e8 realizzato in acciaio inox 304 spazzolato, per creare un sistema d&#8217;ingresso gradevole e senza soluzione di continuit\u00e0 che si integra nella maggior parte degli ambienti interni.<\/li>\n<li>Pu\u00f2 essere integrato con tutti i sistemi di controllo accessi di terze parti (es.: sistema di accesso RFID, Push the button, Fingerprint e riconoscimento facciale con controllo della temperatura).<\/li>\n<li>In caso di emergenza, il braccio del tornello scorrevole si aprir\u00e0 automaticamente collegandosi alla batteria o al condensatore per consentire il libero passaggio.<\/li>\n<li>I tornelli scorrevoli ottici sono adatti a soluzioni d&#8217;ingresso lussuose ed eleganti.<\/li>\n<li>Il tornello a cancello scorrevole \u00e8 caratterizzato da velocit\u00e0 elevata, lunga durata, alte prestazioni ed elevata affidabilit\u00e0 operativa.<\/li>\n<li>Funzione di allarme, in caso di intrusione illecita e intrusione inversa.<\/li>\n<li>Il sensore a infrarossi emetter\u00e0 un allarme e la luce a LED lampegger\u00e0 per evitare di pizzicare i pedoni.<\/li>\n<li>Funzione di ripristino automatico: i bracci scorrevoli si chiuderanno automaticamente entro 5 secondi per impostazione predefinita (pu\u00f2 essere impostato) se un passeggero ritarda<\/li>\n<li>Il tornello scorrevole rimarr\u00e0 nella serratura se qualcuno vuole fare irruzione senza strisciare la carta RFID.<\/li>\n<li>L&#8217;indicatore direzionale a LED sul montante superiore e anteriore.<\/li>\n<li>Prezzo conveniente della barriera a patta.<\/li>\n<li>Materiale della cassa: acciaio inossidabile 304<\/li>\n<li>Funzione anti-ritorno, il tornello emette un allarme se qualcuno vuole entrare nella direzione inversa.<\/li>\n<li>Sono disponibili opzioni per il funzionamento bidirezionale o unidirezionale<\/li>\n<\/ul>\n<p>Siamo in grado di fornire l&#8217;intera soluzione di controllo degli accessi di sicurezza. Se disponi di un tuo sistema di controllo degli accessi, puoi utilizzare direttamente il nostro cancello tornello. Se non ne hai uno, forniamo anche una soluzione completa per il controllo degli accessi di sicurezza. Si prega di fare riferimento al video qui sotto per i dettagli.<\/p>\n<p><iframe title=\"Tornello scorrevole, Tornello a cancello scorrevole, Tornello scorrevole a tutta altezza Super must - MairsTurnstile\" src=\"https:\/\/www.youtube.com\/embed\/NWiaz1Su7BI\" width=\"1150\" height=\"650\" frameborder=\"0\" allowfullscreen=\"allowfullscreen\"><\/iframe><\/p>\n","protected":false},"excerpt":{"rendered":"<p>1. Dimensioni: 1400 * 350 * 1000 mm (pu\u00f2 essere personalizzato)<\/p>\n<p>2. Larghezza corsia: 600 mm (personalizzabile)<\/p>\n<p>3. Velocit\u00e0 di passaggio: 40 persone\/min<\/p>\n<p>4. Alimentazione: 110 V\/220 V 50\/60 Hz<\/p>\n<p>5. Motore di azionamento: 30 W\/40 W<\/p>\n<p>6. Segnale cancello aperto: contatto pulito\/rel\u00e8<\/p>\n<p>7. Motore di azionamento: DC24V<\/p>\n<p>8. Tornello prezzo barriera a ribalta Peso: 70 kg\/pz<\/p>\n<p>9. Altezza braccio: 1200 mm<\/p>\n<p><span style=\"color: #0000ff;\"><strong><a style=\"color: #0000ff;\" title=\"Tornello con barriera a ribalta certificato CE Mairs\" href=\"http:\/\/mairsturnstile.com\/wp-content\/uploads\/2022\/09\/Mairs-CE-Certificate-Flap-Barrier-Turnstile.pdf\" target=\"_blank\" rel=\"noopener noreferrer\">Certificazione CE<\/a>, <a style=\"color: #0000ff;\" title=\"Certificato Mairs ISO9001\" href=\"http:\/\/mairsturnstile.com\/wp-content\/uploads\/2022\/09\/Mairs-Registration-Certificate-ISO9001.pdf\" target=\"_blank\" rel=\"noopener noreferrer\">certificato ISO 9001.<\/a><\/strong><\/span><\/p>\n<p><a title=\"Brochure cancello girevole scorrevole\" href=\"http:\/\/mairsturnstile.com\/wp-content\/uploads\/2024\/03\/Sliding-turnstile-MT227-brochure.pdf\" target=\"  rel=\" rel=\"noopener\"><img decoding=\"async\" class=\"alignnone size-full wp-image-11034\" src=\"http:\/\/mairsturnstile.com\/wp-content\/uploads\/2022\/09\/pdf-MairsTurnstile.png\" alt=\"\" width=\"32\" height=\"32\"><span style=\"color: #0000ff;\"><strong>Brochure del cancello girevole scorrevole MT227<\/strong><\/span><\/a><\/p>\n","protected":false},"featured_media":58849,"comment_status":"closed","ping_status":"closed","template":"","meta":{"neve_meta_sidebar":"","neve_meta_container":"","neve_meta_enable_content_width":"off","neve_meta_content_width":0,"neve_meta_title_alignment":"","neve_meta_author_avatar":"","neve_post_elements_order":"","neve_meta_disable_header":"","neve_meta_disable_footer":"","neve_meta_disable_title":"","_ti_tpc_template_sync":false,"_ti_tpc_template_id":""},"product_cat":[1769,888],"product_tag":[3272,3271,1549,1548,1550,940,939,1556],"class_list":["post-10465","product","type-product","status-publish","has-post-thumbnail","hentry","product_cat-tornello-scorrevole","product_cat-tornelli-di-sicurezza","product_tag-barriera-a-ribalta-tornello-scorrevole","product_tag-cancello-a-tornello-scorrevole","product_tag-costo-del-tornello","product_tag-quanto-costa-un-tornello","product_tag-tornelli-della-palestra","product_tag-tornello-scorrevole-it","product_tag-tornello-scorrevole","product_tag-tornello-scorrevole-a-tutta-altezza"],"_links":{"self":[{"href":"https:\/\/mairsturnstile.com\/it\/wp-json\/wp\/v2\/product\/10465","targetHints":{"allow":["GET"]}}],"collection":[{"href":"https:\/\/mairsturnstile.com\/it\/wp-json\/wp\/v2\/product"}],"about":[{"href":"https:\/\/mairsturnstile.com\/it\/wp-json\/wp\/v2\/types\/product"}],"replies":[{"embeddable":true,"href":"https:\/\/mairsturnstile.com\/it\/wp-json\/wp\/v2\/comments?post=10465"}],"version-history":[{"count":0,"href":"https:\/\/mairsturnstile.com\/it\/wp-json\/wp\/v2\/product\/10465\/revisions"}],"wp:featuredmedia":[{"embeddable":true,"href":"https:\/\/mairsturnstile.com\/it\/wp-json\/wp\/v2\/media\/58849"}],"wp:attachment":[{"href":"https:\/\/mairsturnstile.com\/it\/wp-json\/wp\/v2\/media?parent=10465"}],"wp:term":[{"taxonomy":"product_cat","embeddable":true,"href":"https:\/\/mairsturnstile.com\/it\/wp-json\/wp\/v2\/product_cat?post=10465"},{"taxonomy":"product_tag","embeddable":true,"href":"https:\/\/mairsturnstile.com\/it\/wp-json\/wp\/v2\/product_tag?post=10465"}],"curies":[{"name":"wp","href":"https:\/\/api.w.org\/{rel}","templated":true}]}}