{"id":10467,"date":"2020-09-13T00:27:25","date_gmt":"2020-09-12T16:27:25","guid":{"rendered":"https:\/\/mairsturnstile.com\/product\/tornello-a-battente-tornello-mobile-mt223-s"},"modified":"2023-11-01T21:54:27","modified_gmt":"2023-11-01T13:54:27","slug":"tornello-mobile","status":"publish","type":"product","link":"https:\/\/mairsturnstile.com\/it\/prodotto\/tornello-mobile","title":{"rendered":"TORNELLO BARRIERA FLAP TORNELLO MOBILE MT253"},"content":{"rendered":"<p data-format=\"%title% %sep% %sitename%\" data-empty-title=\"Click to enter custom title\">        <!-- 3D Model html -->\r\n        <div class=\"bp_grand wrapper_22555\">   \r\n        <div class=\"bp_model_parent\">\r\n            <model-viewer class=\"model\" id=\"bp_model_id_22555\" src=\"http:\/\/mairsturnstile.com\/wp-content\/uploads\/2023\/06\/MT259.glb\" alt=\"MT259\" camera-controls  loading=\"auto\" auto-rotate                        >\r\n            <\/model-viewer>\r\n        \r\n            <!-- Button -->\r\n            <svg id=\"openBtn\" width=\"30px\" height=\"30px\" viewBox=\"0 0 16 16\" xmlns=\"http:\/\/www.w3.org\/2000\/svg\" fill=\"#f2f2f2\" class=\"bi bi-arrows-fullscreen model-icon\">\r\n                <path fill-rule=\"evenodd\" d=\"M5.828 10.172a.5.5 0 0 0-.707 0l-4.096 4.096V11.5a.5.5 0 0 0-1 0v3.975a.5.5 0 0 0 .5.5H4.5a.5.5 0 0 0 0-1H1.732l4.096-4.096a.5.5 0 0 0 0-.707zm4.344 0a.5.5 0 0 1 .707 0l4.096 4.096V11.5a.5.5 0 1 1 1 0v3.975a.5.5 0 0 1-.5.5H11.5a.5.5 0 0 1 0-1h2.768l-4.096-4.096a.5.5 0 0 1 0-.707zm0-4.344a.5.5 0 0 0 .707 0l4.096-4.096V4.5a.5.5 0 1 0 1 0V.525a.5.5 0 0 0-.5-.5H11.5a.5.5 0 0 0 0 1h2.768l-4.096 4.096a.5.5 0 0 0 0 .707zm-4.344 0a.5.5 0 0 1-.707 0L1.025 1.732V4.5a.5.5 0 0 1-1 0V.525a.5.5 0 0 1 .5-.5H4.5a.5.5 0 0 1 0 1H1.732l4.096 4.096a.5.5 0 0 1 0 .707z\"\/>\r\n            <\/svg>\r\n        \r\n            <svg id=\"closeBtn\" class=\"model-icon\" width=\"34px\" height=\"34px\" viewBox=\"0 0 24 24\" xmlns=\"http:\/\/www.w3.org\/2000\/svg\">\r\n                <path fill=\"none\" stroke=\"#f2f2f2\" stroke-width=\"2\" d=\"M7,7 L17,17 M7,17 L17,7\"\/>\r\n            <\/svg>\r\n        \r\n        <\/div>\r\n        <\/div> \r\n\r\n        <!-- Model Viewer Style -->\r\n        <style>\r\n            \r\n            .wrapper_22555 .bp_model_parent, #bp_model_id_22555 {\r\n                width: 1150px;\r\n                max-width: 100%;\r\n                                            }\r\n            #bp_model_id_22555 {\r\n                height:700px;\r\n                background-color: #f2f2f2;\r\n            }\r\n            .fullscreen #bp_model_id_22555{\r\n            height: 100%;\r\n            width: 100%;\r\n            }\r\n            .wrapper_22555 .bp_model_parent{\r\n                justify-content: start            }\r\n            model-viewer.model {\r\n                --poster-color: transparent;\r\n            }\r\n        <\/style>\r\n        \r\n        <\/p>\n<h4 class=\"serp-title\" data-format=\"%title% %sep% %sitename%\" data-empty-title=\"Click to enter custom title\">Il tornello mobile con barriera a ribalta per tornello ha una garanzia di 2 anni e un supporto duraturo per la manutenzione e la riparazione.<\/h4>\n<p data-format=\"%title% %sep% %sitename%\" data-empty-title=\"Click to enter custom title\">Siamo in grado di fornire servizi OEM e ODM. Abbiamo designer esperti che possono completare una profonda personalizzazione in base a qualsiasi tua esigenza. Forniremo una serie di materiali come rendering 3D, disegni dimensionali, ecc. il prima possibile. I nostri tornelli mobili possono essere personalizzati in base alle vostre effettive esigenze. Se avete bisogno di personalizzare il tornello mobile e queste funzioni speciali, <a href=\"https:\/\/mairsturnstile.com\/contact\">contattateci<\/a>. Forniamo anche dispositivi biometrici, come lettori di carte IC\/ID, scanner di impronte digitali, scanner di codici QR, fotocamere con riconoscimento facciale e cos\u00ec via.<\/p>\n<p><strong>Il tornello mobile \u00e8 una sorta di cancello pedonale del tornello, che pu\u00f2 fare affidamento sul collegamento NFC del telefono cellulare al cancello del tornello per realizzare alcune funzioni di gestione del controllo degli accessi. Il cancello del tornello \u00e8 combinato con il corrispondente sistema NFC e il lettore di schede NFC per formare un tornello mobile.<\/strong> Il cancello pedonale del tornello collega la funzione NFC del cellulare per realizzare l&#8217;apertura e il passaggio della porta scansionando il cellulare, la funzione di presenza dei dipendenti dopo aver strisciato la tessera e la funzione di strisciamento del consumo del cellulare.<\/p>\n<p>Essendo il prodotto Internet mobile pi\u00f9 conveniente, l&#8217;industria sta facendo alcuni sviluppi pratici attorno alla funzione dei telefoni cellulari abbinati ad altri prodotti. Il cancello pedonale del tornello collega la funzione NFC dei telefoni cellulari per realizzare l&#8217;apertura della porta e il passaggio della scansione dei telefoni cellulari. Questa \u00e8 davvero una svolta tecnica comoda e pratica.<\/p>\n<p>Attualmente, il cancello pedonale del tornello \u00e8 stato ampiamente utilizzato in aree residenziali, cantieri, edifici per uffici, punti panoramici e altri luoghi, ma la scheda IC viene generalmente utilizzata per aprire il cancello del tornello o lo scanner di impronte digitali. A causa del rapido sviluppo dell&#8217;NFC, anche il tornello mobile \u00e8 stato ampiamente utilizzato, in particolare per i dipendenti della fabbrica e le persone che usano i telefoni cellulari da molto tempo, basta estrarre il telefono cellulare con un chip NFC e spazzare il dispositivo di lettura della scheda sul cancello tornello per realizzare il passaggio.<\/p>\n<h4 style=\"font-weight: 400;\"><span style=\"font-style: inherit; font-weight: inherit;\">Migliore qualit\u00e0 tornello mobile controllo accessi barriera lembo tornello <\/span><span style=\"font-style: inherit; font-weight: inherit;\">per il sistema di controllo accessi.<\/span><\/h4>\n<p>Possiamo anche creare un rendering per te in pochi minuti in base al tuo scenario reale. Forniamo anche layout e disegni dettagliati, nonch\u00e9 disegni di installazione.<\/p>\n\n        \t\n\t<style type=\"text\/css\">\n\t\t.slider-info-22564.bafg-slider-info .bafg-slider-title {\n\t\t\t\t\t\tfont-size: 22px;\n\t\t\t\t\t\t\n\t\t\t\n\t\t\t\t\t}\n\n\t\t.slider-info-22564.bafg-slider-info .bafg-slider-description {\n\t\t\t\n\t\t\t\n\t\t\t\t\t}\n\n\t\t.slider-info-22564.bafg-slider-info .bafg_slider_readmore_button {\n\t\t\t\n\t\t\t\n\t\t\t\n\t\t\t\n\t\t\t\n\t\t\ttext-align: center;\n\n\t\t\t\n\t\t\t\n\t\t\t\n\t\t\t\n\t\t\t\n\t\t\t\n\t\t\t\t\t}\n\n\t\t.slider-info-22564.bafg-slider-info .bafg_slider_readmore_button:hover {\n\n\t\t\t\n\t\t\t\n\t\t\t\t\t}\n\n\t<\/style>\n\t\n        <div class=\"bafg-twentytwenty-container slider-22564 \" bafg-orientation=\"horizontal\" bafg-default-offset=\"0.5\" bafg-before-label=\"Before\" bafg-after-label=\"After\" bafg-overlay=\"yes\" bafg-move-slider-on-hover=\"yes\" bafg-click-to-move=\"no\">\n              \n            <img decoding=\"async\" class=\"skip-lazy\" src=\"http:\/\/mairsturnstile.com\/wp-content\/uploads\/2023\/06\/mobile-turnstile_4.jpg\" alt=\"\" data-skip-lazy title=\"\">\n            <img decoding=\"async\" class=\"skip-lazy\" src=\"http:\/\/mairsturnstile.com\/wp-content\/uploads\/2023\/06\/mobile-turnstile_5.jpg\" alt=\"\" data-skip-lazy title=\"\">\n           \n        <\/div>\n\n        \t<div class=\"bafg-slider-info-wraper\">\n\t\t<div style=\"\" class=\"slider-info-22564 bafg-slider-info\">\n\t\t\t\t\t<\/div>\n\t<\/div>\n\t\n        <style type=\"text\/css\">\n            \n        <\/style>\n        \n<p data-format=\"%title% %sep% %sitename%\" data-empty-title=\"Click to enter custom title\"><span style=\"font-weight: 400;\"><span style=\"font-style: inherit; font-weight: inherit;\">Il cancello mobile con barriera a ribalta \u00e8 una barriera pedonale installata insieme a qualsiasi sistema <a href=\"https:\/\/en.wikipedia.org\/wiki\/Access_control\" target=\"_blank\" rel=\"noopener\">di controllo degli accessi<\/a> che fornisce un aiuto prezioso al personale di sicurezza in qualsiasi ingresso monitorato. <\/span><\/span><span style=\"font-weight: 400;\"><span style=\"font-style: inherit; font-weight: inherit;\">I sistemi di controllo degli accessi <a href=\"https:\/\/mairsturnstile.com\/what-is-flap-barrier.html\">con barriera a lamelle<\/a> rappresentano un mezzo efficace per il controllo della circolazione pedonale agli ingressi di comunit\u00e0 di alto livello, edifici intelligenti, alberghi, stazioni della metropolitana e altri luoghi di ritrovo di alto livello.<\/span><\/span><\/p>\n<ul>\n<li>La barriera di controllo accessi al tornello \u00e8 costruita per controllare le persone che entrano o escono dall&#8217;area riservata. Di solito \u00e8 utilizzato in luoghi ad alto flusso di traffico pedonale in entrambe le direzioni.<\/li>\n<li>L&#8217;involucro della barriera a ribalta \u00e8 realizzato in acciaio inossidabile 304 spazzolato che crea un sistema di ingresso senza soluzione di continuit\u00e0 e piacevole per integrarsi nella maggior parte degli ambienti interni.<\/li>\n<li>Pu\u00f2 essere integrato con tutti i sistemi di controllo accessi di terze parti (es.: sistema di accesso RFID, Push the button, Fingerprint e riconoscimento facciale con controllo della temperatura).<\/li>\n<li>In caso di emergenza, il braccio FlapTurnstile si aprir\u00e0 automaticamente collegandosi alla batteria o al condensatore per consentire il libero passaggio.<\/li>\n<li>Le barriere ottiche a ribalta per il controllo accessi del tornello sono adatte per soluzioni d&#8217;ingresso lussuose ed eleganti.<\/li>\n<li>Il tornello a ribalta \u00e8 caratterizzato da velocit\u00e0 elevata, lunga durata, prestazioni elevate e affidabilit\u00e0 operativa elevata<\/li>\n<li> Funzione di allarme, in caso di intrusione illecita e intrusione inversa.<\/li>\n<li>Il sensore a infrarossi emetter\u00e0 un allarme e la luce a LED lampegger\u00e0 per evitare di pizzicare i pedoni.<\/li>\n<li>Funzione di ripristino automatico: i bracci delle alette si chiudono automaticamente entro 5 secondi per impostazione predefinita (pu\u00f2 essere impostato) se un passeggero ritarda<\/li>\n<li>Il tornello a ribalta rimarr\u00e0 nella serratura se qualcuno vuole fare irruzione senza strisciare la carta RFID.<\/li>\n<li>L&#8217;indicatore direzionale a LED sui montanti superiore e anteriore.<\/li>\n<li>Funzione anti-ritorno, il tornello emette un allarme se qualcuno vuole entrare nella direzione inversa.<\/li>\n<li>Sono disponibili opzioni per il funzionamento bidirezionale o unidirezionale.<\/li>\n<\/ul>\n<p>Siamo in grado di fornire l&#8217;intera soluzione di controllo degli accessi di sicurezza. Se disponi di un tuo sistema di controllo degli accessi, puoi utilizzare direttamente il nostro cancello tornello. Se non ne hai uno, forniamo anche una soluzione completa per il controllo degli accessi di sicurezza. Si prega di fare riferimento al video qui sotto per i dettagli.<\/p>\n<p><iframe title=\"Tornello a ribaltina, Cancello a ribaltina, Tornello a ribaltina ottico - MairsTurnstile\" src=\"https:\/\/www.youtube.com\/embed\/nK1a72Ax-jQ\" width=\"1150\" height=\"650\" frameborder=\"0\" allowfullscreen=\"allowfullscreen\"><\/iframe><\/p>\n","protected":false},"excerpt":{"rendered":"<p>1. Dimensioni: 1400 * 300 * 980 mm (personalizzabile)<\/p>\n<p>2. Larghezza corsia: 550 mm (personalizzabile)<\/p>\n<p>3. Velocit\u00e0 di passaggio: 40 persone\/min<\/p>\n<p>4. Alimentazione: 110 V\/220 V 50\/60 Hz<\/p>\n<p>5. Motore di azionamento: 20 W<\/p>\n<p>6. Segnale cancello aperto: contatto pulito\/rel\u00e8<\/p>\n<p>7. Motore di azionamento: DC24V<\/p>\n<p>8. Porta a ribalta Peso: 70 kg\/pz<\/p>\n<p>9. Affidabilit\u00e0 del meccanismo: 3 milioni, senza colpa<\/p>\n<p><span style=\"color: #0000ff;\"><strong><a style=\"color: #0000ff;\" title=\"Tornello con barriera a ribalta certificato CE Mairs\" href=\"http:\/\/mairsturnstile.com\/wp-content\/uploads\/2022\/09\/Mairs-CE-Certificate-Flap-Barrier-Turnstile.pdf\" target=\"_blank\" rel=\"noopener noreferrer\">Certificazione CE<\/a>, <a style=\"color: #0000ff;\" title=\"Certificato Mairs ISO9001\" href=\"http:\/\/mairsturnstile.com\/wp-content\/uploads\/2022\/09\/Mairs-Registration-Certificate-ISO9001.pdf\" target=\"_blank\" rel=\"noopener noreferrer\">certificato ISO 9001.<\/a><\/strong><\/span><\/p>\n","protected":false},"featured_media":22020,"comment_status":"closed","ping_status":"closed","template":"","meta":{"neve_meta_sidebar":"","neve_meta_container":"","neve_meta_enable_content_width":"off","neve_meta_content_width":0,"neve_meta_title_alignment":"","neve_meta_author_avatar":"","neve_post_elements_order":"","neve_meta_disable_header":"","neve_meta_disable_footer":"","neve_meta_disable_title":"","_ti_tpc_template_sync":false,"_ti_tpc_template_id":""},"product_cat":[883,888],"product_tag":[955,1570,1559,961,1558,941,1375,960],"class_list":["post-10467","product","type-product","status-publish","has-post-thumbnail","hentry","product_cat-barriera-a-lembo","product_cat-tornelli-di-sicurezza","product_tag-cancello-di-sbarramento-a-ribalta","product_tag-cancello-tornello-a-ribalta","product_tag-sistema-di-barriera-a-ribalta","product_tag-tornelli-mobili","product_tag-tornello-a-falda","product_tag-tornello-a-ribalta","product_tag-tornello-di-uscita","product_tag-tornello-mobile"],"_links":{"self":[{"href":"https:\/\/mairsturnstile.com\/it\/wp-json\/wp\/v2\/product\/10467","targetHints":{"allow":["GET"]}}],"collection":[{"href":"https:\/\/mairsturnstile.com\/it\/wp-json\/wp\/v2\/product"}],"about":[{"href":"https:\/\/mairsturnstile.com\/it\/wp-json\/wp\/v2\/types\/product"}],"replies":[{"embeddable":true,"href":"https:\/\/mairsturnstile.com\/it\/wp-json\/wp\/v2\/comments?post=10467"}],"version-history":[{"count":0,"href":"https:\/\/mairsturnstile.com\/it\/wp-json\/wp\/v2\/product\/10467\/revisions"}],"wp:featuredmedia":[{"embeddable":true,"href":"https:\/\/mairsturnstile.com\/it\/wp-json\/wp\/v2\/media\/22020"}],"wp:attachment":[{"href":"https:\/\/mairsturnstile.com\/it\/wp-json\/wp\/v2\/media?parent=10467"}],"wp:term":[{"taxonomy":"product_cat","embeddable":true,"href":"https:\/\/mairsturnstile.com\/it\/wp-json\/wp\/v2\/product_cat?post=10467"},{"taxonomy":"product_tag","embeddable":true,"href":"https:\/\/mairsturnstile.com\/it\/wp-json\/wp\/v2\/product_tag?post=10467"}],"curies":[{"name":"wp","href":"https:\/\/api.w.org\/{rel}","templated":true}]}}