{"id":10470,"date":"2020-09-13T00:02:12","date_gmt":"2020-09-12T16:02:12","guid":{"rendered":"https:\/\/mairsturnstile.com\/product\/barriera-a-ribalta-di-nuovo-design-tornello-di-accesso-mt249"},"modified":"2023-11-01T21:56:27","modified_gmt":"2023-11-01T13:56:27","slug":"accesso-tornello","status":"publish","type":"product","link":"https:\/\/mairsturnstile.com\/it\/prodotto\/accesso-tornello","title":{"rendered":"TORNELLO DI ACCESSO BARRIERA A FLAP DI NUOVO DESIGN MT257"},"content":{"rendered":"        <!-- 3D Model html -->\r\n        <div class=\"bp_grand wrapper_22553\">   \r\n        <div class=\"bp_model_parent\">\r\n            <model-viewer class=\"model\" id=\"bp_model_id_22553\" src=\"http:\/\/mairsturnstile.com\/wp-content\/uploads\/2023\/06\/MT257.glb\" alt=\"MT257\" camera-controls  loading=\"auto\" auto-rotate                        >\r\n            <\/model-viewer>\r\n        \r\n            <!-- Button -->\r\n            <svg id=\"openBtn\" width=\"30px\" height=\"30px\" viewBox=\"0 0 16 16\" xmlns=\"http:\/\/www.w3.org\/2000\/svg\" fill=\"#f2f2f2\" class=\"bi bi-arrows-fullscreen model-icon\">\r\n                <path fill-rule=\"evenodd\" d=\"M5.828 10.172a.5.5 0 0 0-.707 0l-4.096 4.096V11.5a.5.5 0 0 0-1 0v3.975a.5.5 0 0 0 .5.5H4.5a.5.5 0 0 0 0-1H1.732l4.096-4.096a.5.5 0 0 0 0-.707zm4.344 0a.5.5 0 0 1 .707 0l4.096 4.096V11.5a.5.5 0 1 1 1 0v3.975a.5.5 0 0 1-.5.5H11.5a.5.5 0 0 1 0-1h2.768l-4.096-4.096a.5.5 0 0 1 0-.707zm0-4.344a.5.5 0 0 0 .707 0l4.096-4.096V4.5a.5.5 0 1 0 1 0V.525a.5.5 0 0 0-.5-.5H11.5a.5.5 0 0 0 0 1h2.768l-4.096 4.096a.5.5 0 0 0 0 .707zm-4.344 0a.5.5 0 0 1-.707 0L1.025 1.732V4.5a.5.5 0 0 1-1 0V.525a.5.5 0 0 1 .5-.5H4.5a.5.5 0 0 1 0 1H1.732l4.096 4.096a.5.5 0 0 1 0 .707z\"\/>\r\n            <\/svg>\r\n        \r\n            <svg id=\"closeBtn\" class=\"model-icon\" width=\"34px\" height=\"34px\" viewBox=\"0 0 24 24\" xmlns=\"http:\/\/www.w3.org\/2000\/svg\">\r\n                <path fill=\"none\" stroke=\"#f2f2f2\" stroke-width=\"2\" d=\"M7,7 L17,17 M7,17 L17,7\"\/>\r\n            <\/svg>\r\n        \r\n        <\/div>\r\n        <\/div> \r\n\r\n        <!-- Model Viewer Style -->\r\n        <style>\r\n            \r\n            .wrapper_22553 .bp_model_parent, #bp_model_id_22553 {\r\n                width: 1150px;\r\n                max-width: 100%;\r\n                                            }\r\n            #bp_model_id_22553 {\r\n                height:700px;\r\n                background-color: #f2f2f2;\r\n            }\r\n            .fullscreen #bp_model_id_22553{\r\n            height: 100%;\r\n            width: 100%;\r\n            }\r\n            .wrapper_22553 .bp_model_parent{\r\n                justify-content: start            }\r\n            model-viewer.model {\r\n                --poster-color: transparent;\r\n            }\r\n        <\/style>\r\n        \r\n        \n<h4>Il tornello di accesso MT249 ha una garanzia di 2 anni e un supporto duraturo per la manutenzione e la riparazione.<\/h4>\n<p>Siamo in grado di fornire servizi OEM e ODM. Abbiamo designer esperti che possono completare una profonda personalizzazione in base a qualsiasi tua esigenza. Forniremo una serie di materiali come rendering 3D, disegni dimensionali, ecc. il prima possibile. Forniamo anche dispositivi biometrici, come lettori di carte IC\/ID, scanner di impronte digitali, scanner di codici QR, fotocamere con riconoscimento facciale e cos\u00ec via. <span style=\"font-style: inherit; font-weight: inherit;\">304 portoni automatici della barriera della falda del tornello dell&#8217;acciaio inossidabile per il sistema di controllo di accesso.<\/span><\/p>\n<p><strong>Un tornello di accesso \u00e8 una sorta di apparecchiatura per la gestione del controllo degli accessi di sicurezza utilizzata in vari ingressi e uscite. Combinato con vari dispositivi biometrici, pu\u00f2 realizzare efficacemente il controllo e la gestione di tutti i tipi di accesso.<\/strong> Il tornello di accesso pu\u00f2 selezionare varie tipologie di tornelli in base alla reale situazione di accesso. Ad esempio, per l&#8217;accesso in ufficio, si pu\u00f2 scegliere un <a href=\"https:\/\/mairsturnstile.com\/what-is-flap-barrier.html\">tornello con barriera a lamelle<\/a> o un <a href=\"https:\/\/mairsturnstile.com\/speed-gate-turnstile.html\">cancello di velocit\u00e0<\/a>. Per l&#8217;accesso all&#8217;esterno, \u00e8 possibile scegliere un <a href=\"https:\/\/mairsturnstile.com\/product\/outdoor-turnstile\">tornello da esterno<\/a>. Per gli accessi con requisiti di sicurezza elevati, \u00e8 possibile scegliere <a href=\"https:\/\/mairsturnstile.com\/full-height-turnstiles.html\">tornelli a tutta altezza<\/a>.<\/p>\n<p>Se questo tornello per il controllo degli accessi non \u00e8 quello che vi serve, potete fare clic sulla nostra pagina dei <a href=\"https:\/\/mairsturnstile.com\/category\/security-turnstiles\">tornelli di sicurezza<\/a> per selezionare altri stili di tornelli di accesso. Naturalmente, abbiamo tornelli di controllo accessi pi\u00f9 belli e pi\u00f9 belli, che possono sicuramente soddisfare le tue esigenze. Possiamo anche personalizzare i cancelli dei tornelli pedonali con dimensioni ed aspetti speciali in base alle vostre effettive esigenze.<\/p>\n<p>Il tornello di accesso pu\u00f2 anche essere personalizzato in base alla situazione reale e alla larghezza del canale del tuo sito. Se il canale del tuo sito necessita di un tornello per il controllo degli accessi personalizzato cos\u00ec speciale, o non sai come scegliere il tornello per il controllo degli accessi, non esitare a <a href=\"https:\/\/mairsturnstile.com\/contact\">contattarci<\/a> e ti forniremo il tornello per il controllo degli accessi di alta qualit\u00e0 e il la soluzione di tornello di sicurezza pi\u00f9 adatta per risparmiare sui costi.<\/p>\n<p>TORNELLO DI ACCESSO BARRIERA A RIBALTA \u00e8 progettato per l&#8217;uso in applicazioni con traffico pedonale ad alto volume che richiedono un accesso rapido. La sicurezza \u00e8 sempre la priorit\u00e0, non importa in quale situazione. Il tornello con <a href=\"https:\/\/mairsturnstile.com\/what-is-flap-barrier.html\">barriera a ribalta<\/a> \u00e8 un cancello completamente automatico. Il movimento del personale \u00e8 monitorato da pi\u00f9 sensori di sicurezza integrati all&#8217;interno dell&#8217;involucro. La forza di chiusura dello sportello \u00e8 controllata dal sensore antipizzicamento che previene lesioni ai pedoni. Mairs fornisce i migliori cancelli di barriera a ribalta per tornelli di accesso.<\/p>\n<p>Possiamo anche creare un rendering per te in pochi minuti in base al tuo scenario reale. Forniamo anche layout e disegni dettagliati, nonch\u00e9 disegni di installazione.<\/p>\n\n        \t\n\t<style type=\"text\/css\">\n\t\t.slider-info-22567.bafg-slider-info .bafg-slider-title {\n\t\t\t\t\t\tfont-size: 22px;\n\t\t\t\t\t\t\n\t\t\t\n\t\t\t\t\t}\n\n\t\t.slider-info-22567.bafg-slider-info .bafg-slider-description {\n\t\t\t\n\t\t\t\n\t\t\t\t\t}\n\n\t\t.slider-info-22567.bafg-slider-info .bafg_slider_readmore_button {\n\t\t\t\n\t\t\t\n\t\t\t\n\t\t\t\n\t\t\t\n\t\t\ttext-align: center;\n\n\t\t\t\n\t\t\t\n\t\t\t\n\t\t\t\n\t\t\t\n\t\t\t\n\t\t\t\t\t}\n\n\t\t.slider-info-22567.bafg-slider-info .bafg_slider_readmore_button:hover {\n\n\t\t\t\n\t\t\t\n\t\t\t\t\t}\n\n\t<\/style>\n\t\n        <div class=\"bafg-twentytwenty-container slider-22567 \" bafg-orientation=\"horizontal\" bafg-default-offset=\"0.5\" bafg-before-label=\"Before\" bafg-after-label=\"After\" bafg-overlay=\"yes\" bafg-move-slider-on-hover=\"yes\" bafg-click-to-move=\"no\">\n              \n            <img decoding=\"async\" class=\"skip-lazy\" src=\"http:\/\/mairsturnstile.com\/wp-content\/uploads\/2023\/06\/access-turnstile_4.jpg\" alt=\"\" data-skip-lazy title=\"\">\n            <img decoding=\"async\" class=\"skip-lazy\" src=\"http:\/\/mairsturnstile.com\/wp-content\/uploads\/2023\/06\/access-turnstile_5.jpg\" alt=\"\" data-skip-lazy title=\"\">\n           \n        <\/div>\n\n        \t<div class=\"bafg-slider-info-wraper\">\n\t\t<div style=\"\" class=\"slider-info-22567 bafg-slider-info\">\n\t\t\t\t\t<\/div>\n\t<\/div>\n\t\n        <style type=\"text\/css\">\n            \n        <\/style>\n        \n<ul>\n<li>Un tornello di accesso al cancello Flap Barrier \u00e8 costruito per controllare le persone che entrano o escono dall&#8217;area riservata. Di solito \u00e8 utilizzato in luoghi ad alto flusso di traffico pedonale in entrambe le direzioni.<\/li>\n<li>L&#8217;involucro della barriera a ribalta \u00e8 realizzato in acciaio inossidabile 304 spazzolato che crea un sistema di ingresso senza soluzione di continuit\u00e0 e piacevole per integrarsi nella maggior parte degli ambienti interni.<\/li>\n<li>Pu\u00f2 essere integrato con tutti i sistemi di controllo accessi di terze parti (es.: sistema di accesso RFID, Push the button, <a href=\"https:\/\/en.wikipedia.org\/wiki\/Fingerprint\" target=\"_blank\" rel=\"noopener\">impronta digitale<\/a> e riconoscimento facciale con controllo della temperatura).<\/li>\n<li>In caso di emergenza, il braccio FlapTurnstile si aprir\u00e0 automaticamente collegandosi alla batteria o al condensatore per consentire il libero passaggio.<\/li>\n<li>Il tornello d&#8217;accesso con barriera a ribalta \u00e8 adatto per soluzioni d&#8217;ingresso lussuose ed eleganti.<\/li>\n<li>Il tornello di accesso alla barriera a ribalta \u00e8 caratterizzato da velocit\u00e0 elevata, lunga durata, prestazioni elevate ed elevata affidabilit\u00e0 operativa<\/li>\n<li>Funzione di allarme, in caso di intrusione illecita e intrusione inversa.<\/li>\n<li>Il sensore a infrarossi emetter\u00e0 un allarme e la luce a LED lampegger\u00e0 per evitare di pizzicare i pedoni.<\/li>\n<li>Funzione di ripristino automatico: i bracci delle alette si chiudono automaticamente entro 5 secondi per impostazione predefinita (pu\u00f2 essere impostato) se un passeggero ritarda<\/li>\n<li>Il tornello a ribalta rimarr\u00e0 nella serratura se qualcuno vuole fare irruzione senza strisciare la carta RFID.<\/li>\n<li>L&#8217;indicatore direzionale a LED sui montanti superiore e anteriore.<\/li>\n<li>Fornitore di cancelli per tornelli negli Emirati Arabi Uniti.<\/li>\n<li>Funzione anti-ritorno, il tornello emette un allarme se qualcuno vuole entrare nella direzione inversa.<\/li>\n<li>Sono disponibili opzioni per il funzionamento bidirezionale o unidirezionale<\/li>\n<\/ul>\n<p>Siamo in grado di fornire l&#8217;intera soluzione di controllo degli accessi di sicurezza. Se disponi di un tuo sistema di controllo degli accessi, puoi utilizzare direttamente il nostro cancello tornello. Se non ne hai uno, forniamo anche una soluzione completa per il controllo degli accessi di sicurezza. Si prega di fare riferimento al video qui sotto per i dettagli.<\/p>\n<p><iframe title=\"Tornello a ribaltina, Cancello a ribaltina, Tornello a ribaltina ottico - MairsTurnstile\" src=\"https:\/\/www.youtube.com\/embed\/nK1a72Ax-jQ\" width=\"1150\" height=\"650\" frameborder=\"0\" allowfullscreen=\"allowfullscreen\"><\/iframe><\/p>\n","protected":false},"excerpt":{"rendered":"<p>1. Dimensioni: 1400 * 300 * 980 mm (personalizzabile)<\/p>\n<p>2. Larghezza corsia: 550 mm (personalizzabile)<\/p>\n<p>3. Velocit\u00e0 di passaggio: 40 persone\/min<\/p>\n<p>4. Alimentazione: 110 V\/220 V 50\/60 Hz<\/p>\n<p>5. Motore di azionamento: 20 W<\/p>\n<p>6. Segnale cancello aperto: contatto pulito\/rel\u00e8<\/p>\n<p>7. Motore di azionamento: DC24V<\/p>\n<p>8. Peso: 70 kg\/pz<\/p>\n<p>9. Materiale del braccio ribaltabile: acrilico<\/p>\n<p>10. Materiale della cassa: acciaio inossidabile 304<\/p>\n","protected":false},"featured_media":21876,"comment_status":"closed","ping_status":"closed","template":"","meta":{"neve_meta_sidebar":"","neve_meta_container":"","neve_meta_enable_content_width":"off","neve_meta_content_width":0,"neve_meta_title_alignment":"","neve_meta_author_avatar":"","neve_post_elements_order":"","neve_meta_disable_header":"","neve_meta_disable_footer":"","neve_meta_disable_title":"","_ti_tpc_template_sync":false,"_ti_tpc_template_id":""},"product_cat":[883,888],"product_tag":[1614,1606,1638,966,967],"class_list":["post-10470","product","type-product","status-publish","has-post-thumbnail","hentry","product_cat-barriera-a-lembo","product_cat-tornelli-di-sicurezza","product_tag-cancello-barriera-tornello","product_tag-cancello-del-tornello-della-barriera-della-falda","product_tag-soluzioni-per-la-sicurezza-dei-tornelli","product_tag-tornello-di-accesso","product_tag-tornello-di-controllo-accessi"],"_links":{"self":[{"href":"https:\/\/mairsturnstile.com\/it\/wp-json\/wp\/v2\/product\/10470","targetHints":{"allow":["GET"]}}],"collection":[{"href":"https:\/\/mairsturnstile.com\/it\/wp-json\/wp\/v2\/product"}],"about":[{"href":"https:\/\/mairsturnstile.com\/it\/wp-json\/wp\/v2\/types\/product"}],"replies":[{"embeddable":true,"href":"https:\/\/mairsturnstile.com\/it\/wp-json\/wp\/v2\/comments?post=10470"}],"version-history":[{"count":0,"href":"https:\/\/mairsturnstile.com\/it\/wp-json\/wp\/v2\/product\/10470\/revisions"}],"wp:featuredmedia":[{"embeddable":true,"href":"https:\/\/mairsturnstile.com\/it\/wp-json\/wp\/v2\/media\/21876"}],"wp:attachment":[{"href":"https:\/\/mairsturnstile.com\/it\/wp-json\/wp\/v2\/media?parent=10470"}],"wp:term":[{"taxonomy":"product_cat","embeddable":true,"href":"https:\/\/mairsturnstile.com\/it\/wp-json\/wp\/v2\/product_cat?post=10470"},{"taxonomy":"product_tag","embeddable":true,"href":"https:\/\/mairsturnstile.com\/it\/wp-json\/wp\/v2\/product_tag?post=10470"}],"curies":[{"name":"wp","href":"https:\/\/api.w.org\/{rel}","templated":true}]}}