{"id":10474,"date":"2021-07-12T00:18:10","date_gmt":"2021-07-11T16:18:10","guid":{"rendered":"https:\/\/mairsturnstile.com\/product\/cancello-di-velocita-del-tornello-per-impronte-digitali-tornello-mt-a306"},"modified":"2023-11-01T11:38:31","modified_gmt":"2023-11-01T03:38:31","slug":"tornello-per-impronte-digitali","status":"publish","type":"product","link":"https:\/\/mairsturnstile.com\/it\/prodotto\/tornello-per-impronte-digitali","title":{"rendered":"Tornello per impronte digitali Tornello per cancello rapido MT-E316"},"content":{"rendered":"        <!-- 3D Model html -->\r\n        <div class=\"bp_grand wrapper_26319\">   \r\n        <div class=\"bp_model_parent\">\r\n            <model-viewer class=\"model\" id=\"bp_model_id_26319\" src=\"http:\/\/mairsturnstile.com\/wp-content\/uploads\/2024\/01\/MT-EE316.glb\" alt=\"MT-EE316\" camera-controls  loading=\"auto\" auto-rotate                        >\r\n            <\/model-viewer>\r\n        \r\n            <!-- Button -->\r\n            <svg id=\"openBtn\" width=\"30px\" height=\"30px\" viewBox=\"0 0 16 16\" xmlns=\"http:\/\/www.w3.org\/2000\/svg\" fill=\"#f2f2f2\" class=\"bi bi-arrows-fullscreen model-icon\">\r\n                <path fill-rule=\"evenodd\" d=\"M5.828 10.172a.5.5 0 0 0-.707 0l-4.096 4.096V11.5a.5.5 0 0 0-1 0v3.975a.5.5 0 0 0 .5.5H4.5a.5.5 0 0 0 0-1H1.732l4.096-4.096a.5.5 0 0 0 0-.707zm4.344 0a.5.5 0 0 1 .707 0l4.096 4.096V11.5a.5.5 0 1 1 1 0v3.975a.5.5 0 0 1-.5.5H11.5a.5.5 0 0 1 0-1h2.768l-4.096-4.096a.5.5 0 0 1 0-.707zm0-4.344a.5.5 0 0 0 .707 0l4.096-4.096V4.5a.5.5 0 1 0 1 0V.525a.5.5 0 0 0-.5-.5H11.5a.5.5 0 0 0 0 1h2.768l-4.096 4.096a.5.5 0 0 0 0 .707zm-4.344 0a.5.5 0 0 1-.707 0L1.025 1.732V4.5a.5.5 0 0 1-1 0V.525a.5.5 0 0 1 .5-.5H4.5a.5.5 0 0 1 0 1H1.732l4.096 4.096a.5.5 0 0 1 0 .707z\"\/>\r\n            <\/svg>\r\n        \r\n            <svg id=\"closeBtn\" class=\"model-icon\" width=\"34px\" height=\"34px\" viewBox=\"0 0 24 24\" xmlns=\"http:\/\/www.w3.org\/2000\/svg\">\r\n                <path fill=\"none\" stroke=\"#f2f2f2\" stroke-width=\"2\" d=\"M7,7 L17,17 M7,17 L17,7\"\/>\r\n            <\/svg>\r\n        \r\n        <\/div>\r\n        <\/div> \r\n\r\n        <!-- Model Viewer Style -->\r\n        <style>\r\n            \r\n            .wrapper_26319 .bp_model_parent, #bp_model_id_26319 {\r\n                width: 1150px;\r\n                max-width: 100%;\r\n                                            }\r\n            #bp_model_id_26319 {\r\n                height:700px;\r\n                background-color: #f9f9f9;\r\n            }\r\n            .fullscreen #bp_model_id_26319{\r\n            height: 100%;\r\n            width: 100%;\r\n            }\r\n            .wrapper_26319 .bp_model_parent{\r\n                justify-content: start            }\r\n            model-viewer.model {\r\n                --poster-color: transparent;\r\n            }\r\n        <\/style>\r\n        \r\n        \n<h2>Questo cancello di velocit\u00e0 con servomotore per tornello a impronte digitali MT-E316 offre una garanzia di 2 anni e un supporto duraturo per la manutenzione e la riparazione.<\/h2>\n<p>Siamo in grado di fornire servizi OEM e ODM. Abbiamo designer esperti che possono completare una profonda personalizzazione in base a qualsiasi tua esigenza. Forniremo una serie di materiali come rendering 3D, disegni dimensionali, ecc. il prima possibile.<\/p>\n<p><strong>Fingerprint Turnstile \u00e8 una sorta di cancello pedonale intelligente che si integra con uno scanner biometrico di impronte digitali o un lettore di impronte digitali al fine di realizzare la gestione della sicurezza del controllo dell&#8217;accesso pedonale attraverso la <a class=\"rank-math-link\" href=\"https:\/\/en.wikipedia.org\/wiki\/Fingerprint\" target=\"_blank\" rel=\"noopener noreferrer\">verifica dell&#8217;impronta<\/a> digitale. <\/strong>Naturalmente, possiamo integrare facilmente questi scanner di impronte digitali biometrici o lettori di impronte digitali nel nostro cancello del tornello. Forniamo anche dispositivi biometrici, come lettori di carte IC\/ID, scanner di impronte digitali, scanner di codici QR, fotocamere con riconoscimento facciale e cos\u00ec via. <strong>Mairs pu\u00f2 personalizzare Speed Gate del tornello per impronte digitali in base alle tue esigenze.<\/strong> Se hai bisogno di integrare questi dispositivi sul cancello del tornello o hai domande, se hai bisogno di questi tornelli per impronte digitali, <a href=\"https:\/\/mairsturnstile.com\/contact\">contattaci<\/a><\/p>\n<p>Anche la macchina per il riconoscimento delle impronte digitali \u00e8 un metodo di riconoscimento. Proprio come il lettore di schede nell&#8217;immagine del prodotto, \u00e8 possibile creare un tornello per impronte digitali aggiungendo una macchina per il riconoscimento delle impronte digitali di terze parti o sostituendo il lettore di schede con una macchina per impronte digitali.<\/p>\n<p>Il metodo biometrico delle impronte digitali consiste nell&#8217;identificare la biometria delle persone di passaggio e la sua affidabilit\u00e0 \u00e8 relativamente alta. Rispetto all&#8217;identificazione con carta RFID\/codice QR, evita la fatica di trasportare questi supporti esterni. Ma l&#8217;impronta digitale \u00e8 facile da raccogliere ed \u00e8 pi\u00f9 probabile che venga mimetizzata, quindi ci sono alcune vulnerabilit\u00e0. Inoltre, il passaggio necessita della collaborazione attiva dei pedoni per essere verificato.<\/p>\n<h3>Perch\u00e9 usare il tornello per impronte digitali?<\/h3>\n<p>L&#8217;identificazione delle impronte digitali \u00e8 una sorta di tecnologia biometrica, che \u00e8 stata sviluppata e applicata in precedenza. Essendo la tecnologia biometrica con la pi\u00f9 lunga storia di ricerca e sviluppo, presenta i seguenti vantaggi:<\/p>\n<p>1. L&#8217;impronta digitale \u00e8 una caratteristica unica del corpo umano e la sua complessit\u00e0 \u00e8 sufficiente a fornire caratteristiche sufficienti per l&#8217;identificazione;<br \/>\n2. Le impronte digitali di tutti sono piuttosto fisse e difficili da modificare;<br \/>\n3. Facile ottenere campioni di impronte digitali, sistema di identificazione facile da sviluppare e forte praticabilit\u00e0;<br \/>\n4. Le impronte digitali a dieci dita di una persona sono diverse, il che pu\u00f2 migliorare la sicurezza del sistema;<br \/>\n5. La memorizzazione dei modelli di impronte digitali \u00e8 molto inferiore a quella delle immagini delle impronte digitali;<br \/>\n6. La testina di acquisizione delle impronte digitali pu\u00f2 essere pi\u00f9 miniaturizzata ed economica.<\/p>\n<p>Possiamo anche creare un rendering per te in pochi minuti in base al tuo scenario reale. Forniamo anche layout e disegni dettagliati, nonch\u00e9 disegni di installazione.<\/p>\n\n        \t\n\t<style type=\"text\/css\">\n\t\t.slider-info-26322.bafg-slider-info .bafg-slider-title {\n\t\t\t\t\t\tfont-size: 22px;\n\t\t\t\t\t\t\n\t\t\t\n\t\t\t\t\t}\n\n\t\t.slider-info-26322.bafg-slider-info .bafg-slider-description {\n\t\t\t\n\t\t\t\n\t\t\t\t\t}\n\n\t\t.slider-info-26322.bafg-slider-info .bafg_slider_readmore_button {\n\t\t\t\n\t\t\t\n\t\t\t\n\t\t\t\n\t\t\t\n\t\t\ttext-align: center;\n\n\t\t\t\n\t\t\t\n\t\t\t\n\t\t\t\n\t\t\t\n\t\t\t\n\t\t\t\t\t}\n\n\t\t.slider-info-26322.bafg-slider-info .bafg_slider_readmore_button:hover {\n\n\t\t\t\n\t\t\t\n\t\t\t\t\t}\n\n\t<\/style>\n\t\n        <div class=\"bafg-twentytwenty-container slider-26322 \" bafg-orientation=\"horizontal\" bafg-default-offset=\"0.5\" bafg-before-label=\"Before\" bafg-after-label=\"After\" bafg-overlay=\"yes\" bafg-move-slider-on-hover=\"yes\" bafg-click-to-move=\"no\">\n              \n            <img decoding=\"async\" class=\"skip-lazy\" src=\"http:\/\/mairsturnstile.com\/wp-content\/uploads\/2021\/07\/fingerprint-turnstile-5.jpg\" alt=\"fingerprint turnstile\" data-skip-lazy title=\"\">\n            <img decoding=\"async\" class=\"skip-lazy\" src=\"http:\/\/mairsturnstile.com\/wp-content\/uploads\/2021\/07\/fingerprint-turnstile-6.jpg\" alt=\"fingerprint turnstile\" data-skip-lazy title=\"\">\n           \n        <\/div>\n\n        \t<div class=\"bafg-slider-info-wraper\">\n\t\t<div style=\"\" class=\"slider-info-26322 bafg-slider-info\">\n\t\t\t\t\t<\/div>\n\t<\/div>\n\t\n        <style type=\"text\/css\">\n            \n        <\/style>\n        \n<p>Durante la lettura delle impronte digitali, gli utenti devono toccare le dita con la testina di acquisizione delle impronte digitali. Il contatto diretto con la testina di acquisizione delle impronte digitali \u00e8 il metodo pi\u00f9 affidabile per leggere la biometria umana. Questo \u00e8 anche uno dei motivi principali per cui la tecnologia di identificazione delle impronte digitali pu\u00f2 occupare la maggior parte del mercato; Si pu\u00f2 vedere che la tecnologia di identificazione delle impronte digitali \u00e8 attualmente la soluzione tecnologica biometrica pi\u00f9 conveniente, affidabile, non invasiva ed economica e ha un grande potenziale nelle applicazioni su larga scala.<\/p>\n<p>Cancello di velocit\u00e0 del servomotore del tornello dell&#8217;impronta digitale Cancelli di <a href=\"https:\/\/mairsturnstile.com\/speed-gates.html\">sicurezza veloci<\/a> e sottili automatici per le lobby.<\/p>\n<p>Il tornello per impronte digitali con servomotore Speed Gate MT-E316 \u00e8 un prodotto tornello a barriera oscillante intelligente di fascia alta di Mairs, in grado di rilevare completamente la situazione di passaggio del corpo umano.<\/p>\n<p>Questo materiale del corpo del cancello di velocit\u00e0 del tornello per impronte digitali \u00e8 in acciaio inossidabile 304 che \u00e8 antiruggine, durevole e ad alta resistenza.<\/p>\n<p>Anti-tag dopo, anti-hit contro, comunicazione RS485, motore DC Brushless, Questo tornello per impronte digitali cancelli di velocit\u00e0 tornello compatibile con tutti i tipi di sistemi <a href=\"https:\/\/en.wikipedia.org\/wiki\/Access_control\" target=\"_blank\" rel=\"noopener noreferrer\">di controllo accessi<\/a>.<\/p>\n<p>Questi varchi veloci per tornelli a impronte digitali sono ampiamente utilizzati nelle stazioni degli autobus, nei porti, nelle metropolitane, nelle fabbriche, nei palazzi, nelle aree residenziali, negli hotel, nelle aziende e cos\u00ec via in qualsiasi luogo che richieda un controllo intelligente del flusso.<\/p>\n<p>Ha la funzione di autocontrollo dei guasti e di avviso di allarme, che \u00e8 conveniente per gli utenti da mantenere e utilizzare.<\/p>\n<p>Pu\u00f2 essere collegato con qualsiasi segnale di controllo o pulsante e pu\u00f2 essere emesso da qualsiasi dispositivo di controllo per realizzare un controllo unidirezionale e bidirezionale.<\/p>\n<p>Il passaggio libero unidirezionale e bidirezionale pu\u00f2 essere impostato arbitrariamente.<\/p>\n<p>Quando l&#8217;apparecchiatura viene accesa o riavviata, ha la funzione di autocontrollo dei guasti, che \u00e8 conveniente per gli utenti da mantenere e utilizzare.<\/p>\n<p>Indicazione dello stato del semaforo ad alta intensit\u00e0. Se qualcuno sta seguendo, il cancello avvier\u00e0 automaticamente il blocco della spinta inversa e dar\u00e0 un allarme. Collegare il segnale di allarme antincendio.<\/p>\n<p><strong>Parametro tecnico:<\/strong><\/p>\n<p>Larghezza passaggio: standard 600 mm max 1200 mm (braccio scavato pi\u00f9 di 900 mm)<br \/>\nUmidit\u00e0 di lavoro: 30%~95%<br \/>\nTemperatura di lavoro: -40\u2103~+70\u2103<br \/>\nAmbiente di lavoro: interno<br \/>\nInterfaccia di ingresso: RS485, contatto pulito<br \/>\nMeccanismo: Servomotore Brushless 120W<br \/>\nSensore a infrarossi: 6 paia<br \/>\nMCBF: 5.000.000 di cicli<br \/>\nApplicazione: edificio per uffici, hotel, corridoi governativi, ecc<\/p>\n<p>Siamo in grado di fornire l&#8217;intera soluzione di controllo degli accessi di sicurezza. Se disponi di un tuo sistema di controllo degli accessi, puoi utilizzare direttamente il nostro cancello tornello. Se non ne hai uno, forniamo anche una soluzione completa per il controllo degli accessi di sicurezza. Si prega di fare riferimento al video qui sotto per i dettagli.<\/p>\n<p><iframe title=\"Tornello aeroportuale, tornello speed gate per aeroporto, stazione metropolitana - MairsTurnstile.com\" src=\"https:\/\/www.youtube.com\/embed\/rR_US2dIKU8\" width=\"1150\" height=\"650\" frameborder=\"0\" allowfullscreen=\"allowfullscreen\"><\/iframe><\/p>\n","protected":false},"excerpt":{"rendered":"<p>1. Dimensione: 1500*150*980mm (pu\u00f2 essere personalizzato)<\/p>\n<p>2. Materiale: SUS 304 spazzolato da 1,2 mm<\/p>\n<p>3. Materiale delle braccia: acrilico da 10 mm (opzione vetro temperato)<\/p>\n<p>4. Altezza del braccio: 1300 mm max (entro 600 mm di larghezza<\/p>\n<p>5. Direzione di passaggio Monodirezionale\/Bidirezionale<\/p>\n<p>6. Tariffa di abbonamento: 30-35 persone\/minuto<\/p>\n<p>7. Tempo di funzionamento: 0,2 secondi<\/p>\n<p>8. Potenza assorbita: AC100-240V,50\/60HZ<\/p>\n<p>9. Tensione di lavoro: 24 V<\/p>\n<p><span style=\"color: #0000ff;\"><strong><a style=\"color: #0000ff;\" title=\"Tornello Speed Gate certificato CE Mairs\" href=\"http:\/\/mairsturnstile.com\/wp-content\/uploads\/2022\/09\/Mairs-CE-Certificate-Speed-Gate-Turnstile.pdf\" target=\"_blank\" rel=\"noopener noreferrer\">Certificazione CE<\/a>, <a style=\"color: #0000ff;\" title=\"Certificato Mairs ISO9001\" href=\"http:\/\/mairsturnstile.com\/wp-content\/uploads\/2022\/09\/Mairs-Registration-Certificate-ISO9001.pdf\" target=\"_blank\" rel=\"noopener noreferrer\">certificato ISO 9001.<\/a><\/strong><\/span><\/p>\n","protected":false},"featured_media":44339,"comment_status":"closed","ping_status":"closed","template":"","meta":{"neve_meta_sidebar":"","neve_meta_container":"","neve_meta_enable_content_width":"off","neve_meta_content_width":0,"neve_meta_title_alignment":"","neve_meta_author_avatar":"","neve_post_elements_order":"","neve_meta_disable_header":"","neve_meta_disable_footer":"","neve_meta_disable_title":"","_ti_tpc_template_sync":false,"_ti_tpc_template_id":""},"product_cat":[889,888],"product_tag":[975,1639,974,1607],"class_list":["post-10474","product","type-product","status-publish","has-post-thumbnail","hentry","product_cat-porte-veloci","product_cat-tornelli-di-sicurezza","product_tag-cancelli-veloci-in-vendita","product_tag-cancello-tornello-di-sicurezza","product_tag-tornello-per-impronte-digitali","product_tag-tornello-per-varchi-veloci"],"_links":{"self":[{"href":"https:\/\/mairsturnstile.com\/it\/wp-json\/wp\/v2\/product\/10474","targetHints":{"allow":["GET"]}}],"collection":[{"href":"https:\/\/mairsturnstile.com\/it\/wp-json\/wp\/v2\/product"}],"about":[{"href":"https:\/\/mairsturnstile.com\/it\/wp-json\/wp\/v2\/types\/product"}],"replies":[{"embeddable":true,"href":"https:\/\/mairsturnstile.com\/it\/wp-json\/wp\/v2\/comments?post=10474"}],"version-history":[{"count":0,"href":"https:\/\/mairsturnstile.com\/it\/wp-json\/wp\/v2\/product\/10474\/revisions"}],"wp:featuredmedia":[{"embeddable":true,"href":"https:\/\/mairsturnstile.com\/it\/wp-json\/wp\/v2\/media\/44339"}],"wp:attachment":[{"href":"https:\/\/mairsturnstile.com\/it\/wp-json\/wp\/v2\/media?parent=10474"}],"wp:term":[{"taxonomy":"product_cat","embeddable":true,"href":"https:\/\/mairsturnstile.com\/it\/wp-json\/wp\/v2\/product_cat?post=10474"},{"taxonomy":"product_tag","embeddable":true,"href":"https:\/\/mairsturnstile.com\/it\/wp-json\/wp\/v2\/product_tag?post=10474"}],"curies":[{"name":"wp","href":"https:\/\/api.w.org\/{rel}","templated":true}]}}