{"id":10476,"date":"2021-05-12T18:25:53","date_gmt":"2021-05-12T10:25:53","guid":{"rendered":"https:\/\/mairsturnstile.com\/product\/cancelli-di-velocita-per-tornelli-di-sicurezza-per-esterni-in-vendita-mt-359w"},"modified":"2023-11-01T11:39:48","modified_gmt":"2023-11-01T03:39:48","slug":"speed-gate-prezzo","status":"publish","type":"product","link":"https:\/\/mairsturnstile.com\/it\/prodotto\/speed-gate-prezzo","title":{"rendered":"Cancelli di velocit\u00e0 per tornelli di sicurezza per esterni in vendita MT-359W"},"content":{"rendered":"        <!-- 3D Model html -->\r\n        <div class=\"bp_grand wrapper_26318\">   \r\n        <div class=\"bp_model_parent\">\r\n            <model-viewer class=\"model\" id=\"bp_model_id_26318\" src=\"http:\/\/mairsturnstile.com\/wp-content\/uploads\/2021\/05\/MT-359W.glb\" alt=\"MT-359W\" camera-controls  loading=\"auto\" auto-rotate                        >\r\n            <\/model-viewer>\r\n        \r\n            <!-- Button -->\r\n            <svg id=\"openBtn\" width=\"30px\" height=\"30px\" viewBox=\"0 0 16 16\" xmlns=\"http:\/\/www.w3.org\/2000\/svg\" fill=\"#f2f2f2\" class=\"bi bi-arrows-fullscreen model-icon\">\r\n                <path fill-rule=\"evenodd\" d=\"M5.828 10.172a.5.5 0 0 0-.707 0l-4.096 4.096V11.5a.5.5 0 0 0-1 0v3.975a.5.5 0 0 0 .5.5H4.5a.5.5 0 0 0 0-1H1.732l4.096-4.096a.5.5 0 0 0 0-.707zm4.344 0a.5.5 0 0 1 .707 0l4.096 4.096V11.5a.5.5 0 1 1 1 0v3.975a.5.5 0 0 1-.5.5H11.5a.5.5 0 0 1 0-1h2.768l-4.096-4.096a.5.5 0 0 1 0-.707zm0-4.344a.5.5 0 0 0 .707 0l4.096-4.096V4.5a.5.5 0 1 0 1 0V.525a.5.5 0 0 0-.5-.5H11.5a.5.5 0 0 0 0 1h2.768l-4.096 4.096a.5.5 0 0 0 0 .707zm-4.344 0a.5.5 0 0 1-.707 0L1.025 1.732V4.5a.5.5 0 0 1-1 0V.525a.5.5 0 0 1 .5-.5H4.5a.5.5 0 0 1 0 1H1.732l4.096 4.096a.5.5 0 0 1 0 .707z\"\/>\r\n            <\/svg>\r\n        \r\n            <svg id=\"closeBtn\" class=\"model-icon\" width=\"34px\" height=\"34px\" viewBox=\"0 0 24 24\" xmlns=\"http:\/\/www.w3.org\/2000\/svg\">\r\n                <path fill=\"none\" stroke=\"#f2f2f2\" stroke-width=\"2\" d=\"M7,7 L17,17 M7,17 L17,7\"\/>\r\n            <\/svg>\r\n        \r\n        <\/div>\r\n        <\/div> \r\n\r\n        <!-- Model Viewer Style -->\r\n        <style>\r\n            \r\n            .wrapper_26318 .bp_model_parent, #bp_model_id_26318 {\r\n                width: 1150px;\r\n                max-width: 100%;\r\n                                            }\r\n            #bp_model_id_26318 {\r\n                height:700px;\r\n                background-color: #f9f9f9;\r\n            }\r\n            .fullscreen #bp_model_id_26318{\r\n            height: 100%;\r\n            width: 100%;\r\n            }\r\n            .wrapper_26318 .bp_model_parent{\r\n                justify-content: start            }\r\n            model-viewer.model {\r\n                --poster-color: transparent;\r\n            }\r\n        <\/style>\r\n        \r\n        \n<h4><strong><b>Il miglior prezzo dei cancelli di velocit\u00e0 da Mairs, questa corsia preferenziale <\/b><\/strong><strong><b>Cancelli di velocit\u00e0<\/b><\/strong><strong><b> Corsie di velocit\u00e0 <\/b><\/strong><strong><b>porta con s\u00e9 <\/b><\/strong><strong><b>una garanzia di 2 anni e un supporto duraturo per la manutenzione e la riparazione.<\/b><\/strong><\/h4>\n<p>Mairs pu\u00f2 personalizzare i cancelli di velocit\u00e0 in base alle tue esigenze. Abbiamo designer esperti che possono completare una profonda personalizzazione in base a qualsiasi tua esigenza. Forniremo una serie di materiali come rendering 3D, disegni dimensionali, ecc. il prima possibile. Forniamo anche dispositivi biometrici, come lettori di carte IC\/ID, scanner di impronte digitali, scanner di codici QR, fotocamere con riconoscimento facciale e cos\u00ec via.<\/p>\n<p>Fastlane Speed gates prezzo tornelli di sicurezza per esterni <strong><b>Cancelli automatici Slim Fast Speed <\/b><\/strong><strong><b>Tornelli di sicurezza.<\/b><\/strong><\/p>\n<h4><strong><b> Ambiente di lavoro: interno ed esterno.<\/b><\/strong><\/h4>\n<p><strong><b>i cancelli di velocit\u00e0 valutano le corsie di velocit\u00e0 <\/b><\/strong><strong><b>\u00e8 <\/b><\/strong><strong><b>un cancello girevole intelligente di fascia alta prodotto da Mairs, in grado di rilevare completamente la situazione di passaggio del corpo umano. <\/b><\/strong> <\/p>\n<p>Questo materiale del corpo del cancello automatico \u00e8 in acciaio inossidabile 304 che \u00e8 antiruggine, durevole e ad alta resistenza.<\/p>\n<p><strong><b>Anti-tag dopo, anti-hit contro, comunicazione RS485, motore DC Brushless, <\/b><\/strong>Questo tornello per <a href=\"https:\/\/mairsturnstile.com\/product\/security-speed-gates\">cancelli di sicurezza<\/a> \u00e8 <strong><b>Compatibile con tutti i tipi di sistemi di controllo accessi<\/b><\/strong><strong><b>.<\/b><\/strong><\/p>\n<p>QUESTA corsia SPEED GATES PRICE SPEED \u00e8 uno dei nuovi prodotti in vendita di fascia alta di MairsTurnstile.<\/p>\n<p>Possiamo anche creare un rendering per te in pochi minuti in base al tuo scenario reale. Forniamo anche layout e disegni dettagliati, nonch\u00e9 disegni di installazione.<\/p>\n\n        \t\n\t<style type=\"text\/css\">\n\t\t.slider-info-24285.bafg-slider-info .bafg-slider-title {\n\t\t\t\t\t\tfont-size: 22px;\n\t\t\t\t\t\t\n\t\t\t\n\t\t\t\t\t}\n\n\t\t.slider-info-24285.bafg-slider-info .bafg-slider-description {\n\t\t\t\n\t\t\t\n\t\t\t\t\t}\n\n\t\t.slider-info-24285.bafg-slider-info .bafg_slider_readmore_button {\n\t\t\t\n\t\t\t\n\t\t\t\n\t\t\t\n\t\t\t\n\t\t\ttext-align: center;\n\n\t\t\t\n\t\t\t\n\t\t\t\n\t\t\t\n\t\t\t\n\t\t\t\n\t\t\t\t\t}\n\n\t\t.slider-info-24285.bafg-slider-info .bafg_slider_readmore_button:hover {\n\n\t\t\t\n\t\t\t\n\t\t\t\t\t}\n\n\t<\/style>\n\t\n        <div class=\"bafg-twentytwenty-container slider-24285 \" bafg-orientation=\"horizontal\" bafg-default-offset=\"0.5\" bafg-before-label=\"Before\" bafg-after-label=\"After\" bafg-overlay=\"yes\" bafg-move-slider-on-hover=\"yes\" bafg-click-to-move=\"no\">\n              \n            <img decoding=\"async\" class=\"skip-lazy\" src=\"http:\/\/mairsturnstile.com\/wp-content\/uploads\/2021\/05\/speed-gate-price-7.jpg\" alt=\"speed gate price\" data-skip-lazy title=\"\">\n            <img decoding=\"async\" class=\"skip-lazy\" src=\"http:\/\/mairsturnstile.com\/wp-content\/uploads\/2021\/05\/speed-gate-price-8.jpg\" alt=\"speed gate price\" data-skip-lazy title=\"\">\n           \n        <\/div>\n\n        \t<div class=\"bafg-slider-info-wraper\">\n\t\t<div style=\"\" class=\"slider-info-24285 bafg-slider-info\">\n\t\t\t\t\t<\/div>\n\t<\/div>\n\t\n        <style type=\"text\/css\">\n            \n        <\/style>\n        \n<p>Con una tecnologia raffinata, funzioni complete e un&#8217;elevata affidabilit\u00e0, pu\u00f2 essere applicato a sedi di alto livello come comunit\u00e0 di fascia alta, edifici intelligenti, hotel, stazioni della metropolitana e palestre.<\/p>\n<p>Il nostro parapetto oscillante pu\u00f2 essere integrato con un moderno sistema di gestione intelligente per realizzare una gestione intelligente del <a href=\"https:\/\/en.wikipedia.org\/wiki\/Access_control\" target=\"_blank\" rel=\"noopener\">controllo degli accessi<\/a>.<\/p>\n<p>Las barandillas giratorias se pueden dividir en barandillas giratorias cil\u00edndricas y barandillas giratorias tipo puente.<\/p>\n<p>Design meccanico ed elettrico compatto, azionamento unico e meccanismo autobloccante<\/p>\n<p>Rilevamento automatico dei guasti. Precio de puertas de velocidad asequible en l\u00ednea.<\/p>\n<p>L&#8217;interfaccia di ingresso pu\u00f2 essere utilizzata per il contatto pulito e il collegamento del segnale di commutazione<\/p>\n<p>Chiusura ritardata automatica regolabile<\/p>\n<p>Fotocellula a infrarossi per passaggio sicuro<\/p>\n<p>Entrada no autorizada y alarmas de no entrada<\/p>\n<p>Accensione e spegnimento automatico<\/p>\n<p>Accesso gratuito allo spegnimento<\/p>\n<p>Direzione di ingresso regolabile<\/p>\n<p>Fornire un&#8217;interfaccia di emergenza<\/p>\n<p>Semaforo per l&#8217;ingresso dei passeggeri<\/p>\n<p>Temperatura di lavoro: \uff0d25 \u2103 \uff5e 70 \u2103<\/p>\n<p>Tariffa di abbonamento: 35p\/min<\/p>\n<p>Consumo energetico massimo: 120 W<\/p>\n<p>Altezza braccio: da terra 1300 mm su misura<\/p>\n<p>Interfaccia di comunicazione: segnale RS485\/rel\u00e8<\/p>\n<p>MCBF: 5.000.000 di cicli<\/p>\n<p>Applicazione: aeroporti, hotel, corridoi governativi, ecc<\/p>\n<p>Siamo in grado di fornire l&#8217;intera soluzione di controllo degli accessi di sicurezza. Se disponi di un tuo sistema di controllo degli accessi, puoi utilizzare direttamente il nostro cancello tornello. Se non ne hai uno, forniamo anche una soluzione completa per il controllo degli accessi di sicurezza. Si prega di fare riferimento al video qui sotto per i dettagli.<\/p>\n<p><iframe title=\"Tornelli per varchi rapidi di nuovo design, tornelli per ingressi, tornelli per uffici - MairsTurnstile.com\" src=\"https:\/\/www.youtube.com\/embed\/izk8WuYn4no\" width=\"1150\" height=\"650\" frameborder=\"0\" allowfullscreen=\"allowfullscreen\"><\/iframe><\/p>\n","protected":false},"excerpt":{"rendered":"<p>1. Dimensioni: 1500x150x980mm (pu\u00f2 essere personalizzato)<\/p>\n<p>2. Tensione di alimentazione: 110 V-240 V, 50 Hz\/60 Hz<\/p>\n<p>3. Tensione di lavoro: DC24V<\/p>\n<p>4. Umidit\u00e0 relativa: \u226495%, senza condensa<\/p>\n<p>5. Tempo di sblocco: 0,2 secondi<\/p>\n<p>6. Materiale: acciaio inossidabile 304<\/p>\n<p>7. Materiale delle braccia: acrilico da 10 mm<\/p>\n<p>8. Motore: servomotore brushless<\/p>\n<p>9. Larghezza passaggio: 600 mm standard 900 mm portatori di handicap<\/p>\n<p><span style=\"color: #0000ff;\"><strong><a style=\"color: #0000ff;\" title=\"Tornello Speed Gate certificato CE Mairs\" href=\"http:\/\/mairsturnstile.com\/wp-content\/uploads\/2022\/09\/Mairs-CE-Certificate-Speed-Gate-Turnstile.pdf\" target=\"_blank\" rel=\"noopener noreferrer\">Certificazione CE<\/a>, <a style=\"color: #0000ff;\" title=\"Certificato Mairs ISO9001\" href=\"http:\/\/mairsturnstile.com\/wp-content\/uploads\/2022\/09\/Mairs-Registration-Certificate-ISO9001.pdf\" target=\"_blank\" rel=\"noopener noreferrer\">certificato ISO 9001.<\/a><\/strong><\/span><\/p>\n","protected":false},"featured_media":65887,"comment_status":"closed","ping_status":"closed","template":"","meta":{"neve_meta_sidebar":"","neve_meta_container":"","neve_meta_enable_content_width":"off","neve_meta_content_width":0,"neve_meta_title_alignment":"","neve_meta_author_avatar":"","neve_post_elements_order":"","neve_meta_disable_header":"","neve_meta_disable_footer":"","neve_meta_disable_title":"","_ti_tpc_template_sync":false,"_ti_tpc_template_id":""},"product_cat":[889,888],"product_tag":[972,975,978,1551,1549,977,979,1548],"class_list":["post-10476","product","type-product","status-publish","has-post-thumbnail","hentry","product_cat-porte-veloci","product_cat-tornelli-di-sicurezza","product_tag-cancelli-veloci","product_tag-cancelli-veloci-in-vendita","product_tag-cancello-rapido-in-vendita","product_tag-corsie-preferenziali","product_tag-costo-del-tornello","product_tag-prezzo-cancelli-veloci","product_tag-prezzo-del-cancello-automatico","product_tag-quanto-costa-un-tornello"],"_links":{"self":[{"href":"https:\/\/mairsturnstile.com\/it\/wp-json\/wp\/v2\/product\/10476","targetHints":{"allow":["GET"]}}],"collection":[{"href":"https:\/\/mairsturnstile.com\/it\/wp-json\/wp\/v2\/product"}],"about":[{"href":"https:\/\/mairsturnstile.com\/it\/wp-json\/wp\/v2\/types\/product"}],"replies":[{"embeddable":true,"href":"https:\/\/mairsturnstile.com\/it\/wp-json\/wp\/v2\/comments?post=10476"}],"version-history":[{"count":0,"href":"https:\/\/mairsturnstile.com\/it\/wp-json\/wp\/v2\/product\/10476\/revisions"}],"wp:featuredmedia":[{"embeddable":true,"href":"https:\/\/mairsturnstile.com\/it\/wp-json\/wp\/v2\/media\/65887"}],"wp:attachment":[{"href":"https:\/\/mairsturnstile.com\/it\/wp-json\/wp\/v2\/media?parent=10476"}],"wp:term":[{"taxonomy":"product_cat","embeddable":true,"href":"https:\/\/mairsturnstile.com\/it\/wp-json\/wp\/v2\/product_cat?post=10476"},{"taxonomy":"product_tag","embeddable":true,"href":"https:\/\/mairsturnstile.com\/it\/wp-json\/wp\/v2\/product_tag?post=10476"}],"curies":[{"name":"wp","href":"https:\/\/api.w.org\/{rel}","templated":true}]}}