{"id":10478,"date":"2021-05-12T17:21:20","date_gmt":"2021-05-12T09:21:20","guid":{"rendered":"https:\/\/mairsturnstile.com\/product\/servomotore-corsie-di-velocita-cancelli-di-velocita-mt-a307"},"modified":"2023-11-01T11:41:11","modified_gmt":"2023-11-01T03:41:11","slug":"cancelli-veloci-uk","status":"publish","type":"product","link":"https:\/\/mairsturnstile.com\/it\/prodotto\/cancelli-veloci-uk","title":{"rendered":"Servomotor Speed lanes Speed Gates MT364"},"content":{"rendered":"        <!-- 3D Model html -->\r\n        <div class=\"bp_grand wrapper_24273\">   \r\n        <div class=\"bp_model_parent\">\r\n            <model-viewer class=\"model\" id=\"bp_model_id_24273\" src=\"http:\/\/mairsturnstile.com\/wp-content\/uploads\/2023\/06\/MT364.glb\" alt=\"MT364\" camera-controls  loading=\"auto\" auto-rotate                        >\r\n            <\/model-viewer>\r\n        \r\n            <!-- Button -->\r\n            <svg id=\"openBtn\" width=\"30px\" height=\"30px\" viewBox=\"0 0 16 16\" xmlns=\"http:\/\/www.w3.org\/2000\/svg\" fill=\"#f2f2f2\" class=\"bi bi-arrows-fullscreen model-icon\">\r\n                <path fill-rule=\"evenodd\" d=\"M5.828 10.172a.5.5 0 0 0-.707 0l-4.096 4.096V11.5a.5.5 0 0 0-1 0v3.975a.5.5 0 0 0 .5.5H4.5a.5.5 0 0 0 0-1H1.732l4.096-4.096a.5.5 0 0 0 0-.707zm4.344 0a.5.5 0 0 1 .707 0l4.096 4.096V11.5a.5.5 0 1 1 1 0v3.975a.5.5 0 0 1-.5.5H11.5a.5.5 0 0 1 0-1h2.768l-4.096-4.096a.5.5 0 0 1 0-.707zm0-4.344a.5.5 0 0 0 .707 0l4.096-4.096V4.5a.5.5 0 1 0 1 0V.525a.5.5 0 0 0-.5-.5H11.5a.5.5 0 0 0 0 1h2.768l-4.096 4.096a.5.5 0 0 0 0 .707zm-4.344 0a.5.5 0 0 1-.707 0L1.025 1.732V4.5a.5.5 0 0 1-1 0V.525a.5.5 0 0 1 .5-.5H4.5a.5.5 0 0 1 0 1H1.732l4.096 4.096a.5.5 0 0 1 0 .707z\"\/>\r\n            <\/svg>\r\n        \r\n            <svg id=\"closeBtn\" class=\"model-icon\" width=\"34px\" height=\"34px\" viewBox=\"0 0 24 24\" xmlns=\"http:\/\/www.w3.org\/2000\/svg\">\r\n                <path fill=\"none\" stroke=\"#f2f2f2\" stroke-width=\"2\" d=\"M7,7 L17,17 M7,17 L17,7\"\/>\r\n            <\/svg>\r\n        \r\n        <\/div>\r\n        <\/div> \r\n\r\n        <!-- Model Viewer Style -->\r\n        <style>\r\n            \r\n            .wrapper_24273 .bp_model_parent, #bp_model_id_24273 {\r\n                width: 1150px;\r\n                max-width: 100%;\r\n                                            }\r\n            #bp_model_id_24273 {\r\n                height:700px;\r\n                background-color: #f2f2f2;\r\n            }\r\n            .fullscreen #bp_model_id_24273{\r\n            height: 100%;\r\n            width: 100%;\r\n            }\r\n            .wrapper_24273 .bp_model_parent{\r\n                justify-content: start            }\r\n            model-viewer.model {\r\n                --poster-color: transparent;\r\n            }\r\n        <\/style>\r\n        \r\n        \n<h4><strong><b>SPEED GATES UK, SPEED LANES UK ha una garanzia di 2 anni e un supporto duraturo per la manutenzione e la riparazione. <\/b><\/strong><strong><b>una garanzia di 2 anni e un supporto duraturo per la manutenzione e la riparazione.<\/b><\/strong><strong><b> <\/b><\/strong><\/h4>\n<p>Siamo in grado di fornire servizi OEM e ODM. Abbiamo designer esperti che possono completare una profonda personalizzazione in base a qualsiasi tua esigenza. Forniremo una serie di materiali come rendering 3D, disegni dimensionali, ecc. il prima possibile.<\/p>\n<h4><strong><b>Mairs pu\u00f2 personalizzare i cancelli di velocit\u00e0 nel Regno Unito in base alle tue esigenze. Forniamo anche dispositivi biometrici, come lettori di carte IC\/ID, scanner di impronte digitali, scanner di codici QR, fotocamere con riconoscimento facciale e cos\u00ec via.<\/b><\/strong><\/h4>\n<p><strong><b>GARE DI VELOCIT\u00c0 REGNO UNITO <\/b><\/strong><strong><b>Cancelli veloci automatici Slim <a href=\"https:\/\/mairsturnstile.com\/speed-gates.html\">Porte veloci<\/a> Corsie di velocit\u00e0<\/b><\/strong><strong><b>Tornelli di sicurezza, esportiamo Porte veloci Corsie di velocit\u00e0 nel Regno Unito per le lobby.<\/b><\/strong><\/p>\n<p><strong><b>QUESTA VELOCIT\u00c0 cancelli UK MT-A307 \u00e8 un prodotto di cancelli di sicurezza per tornelli a battente intelligente di fascia alta di Mairs, in grado di rilevare completamente la situazione di passaggio del corpo umano. <\/b><\/strong><\/p>\n<p>Questo materiale del corpo del cancello automatico \u00e8 in a<a href=\"https:\/\/en.wikipedia.org\/wiki\/Stainless_steel\" target=\"_blank\" rel=\"noopener\">cciaio inossidabile<\/a> 304 che \u00e8 antiruggine, durevole e ad alta resistenza. L&#8217;altezza del braccio pu\u00f2 essere personalizzata<\/p>\n<p>Questo tornello per varchi di velocit\u00e0 pu\u00f2 essere compatibile con carte IC, carte d&#8217;identit\u00e0, carte con codici a barre, lettori di carte di impronte digitali, telecamere di riconoscimento facciale e altri dispositivi biometrici, fornendo un accesso civile e ordinato al personale; Gestire efficacemente i diritti di accesso dei dipendenti. Pu\u00f2 essere ampiamente utilizzato nelle lobby di edifici, metropolitane, aeroporti, dogane, sale espositive, edifici governativi, istituzioni finanziarie, club e altre applicazioni interne di fascia alta.<\/p>\n<p>Possiamo anche creare un rendering per te in pochi minuti in base al tuo scenario reale. Forniamo anche layout e disegni dettagliati, nonch\u00e9 disegni di installazione.<\/p>\n\n        \t\n\t<style type=\"text\/css\">\n\t\t.slider-info-24293.bafg-slider-info .bafg-slider-title {\n\t\t\t\t\t\tfont-size: 22px;\n\t\t\t\t\t\t\n\t\t\t\n\t\t\t\t\t}\n\n\t\t.slider-info-24293.bafg-slider-info .bafg-slider-description {\n\t\t\t\n\t\t\t\n\t\t\t\t\t}\n\n\t\t.slider-info-24293.bafg-slider-info .bafg_slider_readmore_button {\n\t\t\t\n\t\t\t\n\t\t\t\n\t\t\t\n\t\t\t\n\t\t\ttext-align: center;\n\n\t\t\t\n\t\t\t\n\t\t\t\n\t\t\t\n\t\t\t\n\t\t\t\n\t\t\t\t\t}\n\n\t\t.slider-info-24293.bafg-slider-info .bafg_slider_readmore_button:hover {\n\n\t\t\t\n\t\t\t\n\t\t\t\t\t}\n\n\t<\/style>\n\t\n        <div class=\"bafg-twentytwenty-container slider-24293 \" bafg-orientation=\"horizontal\" bafg-default-offset=\"0.5\" bafg-before-label=\"Before\" bafg-after-label=\"After\" bafg-overlay=\"yes\" bafg-move-slider-on-hover=\"yes\" bafg-click-to-move=\"no\">\n              \n            <img decoding=\"async\" class=\"skip-lazy\" src=\"http:\/\/mairsturnstile.com\/wp-content\/uploads\/2023\/07\/speed-gates-uk_4.jpg\" alt=\"speed gates uk\" data-skip-lazy title=\"\">\n            <img decoding=\"async\" class=\"skip-lazy\" src=\"http:\/\/mairsturnstile.com\/wp-content\/uploads\/2023\/07\/speed-gates-uk_5.jpg\" alt=\"speed gates uk\" data-skip-lazy title=\"\">\n           \n        <\/div>\n\n        \t<div class=\"bafg-slider-info-wraper\">\n\t\t<div style=\"\" class=\"slider-info-24293 bafg-slider-info\">\n\t\t\t\t\t<\/div>\n\t<\/div>\n\t\n        <style type=\"text\/css\">\n            \n        <\/style>\n        \n<ol>\n<li>Dimensioni: 1500 x 100 x 980 mm<\/li>\n<li>Materiale: SUS304 importato da 1,5 mm; Linea di neve polacca 400#<\/li>\n<li>Materiale delle braccia: acrilico da 10 mm<\/li>\n<li>Larghezza passaggio: 600 mm -900 mm<\/li>\n<li>Direzione di passaggio: Monodirezionale\/Bidirezionale<\/li>\n<li>Pass rate: 30-35 persone\/minuto<\/li>\n<li>Tempo di funzionamento: 0,2 secondi<\/li>\n<li>Potenza assorbita: AC100-240V,50\/60HZ<\/li>\n<li>Puertas r\u00e1pidas Reino Unido Voltaje de trabajo: 24V<\/li>\n<li>Umidit\u00e0 di lavoro: 30%~95%<\/li>\n<li>Temperatura di lavoro: -40\u2103~+70\u2103<\/li>\n<li>Ambiente di lavoro: interno<\/li>\n<li>Interfaccia di ingresso: RS485, contatto pulito<\/li>\n<li>Meccanismo: servomotore brushless + frizione<\/li>\n<li>Sensore a infrarossi: 6 paia<\/li>\n<li>MCBF: 5.000.000 di cicli<\/li>\n<li>Caratteristica: l&#8217;altezza del braccio pu\u00f2 essere personalizzata<\/li>\n<li>Applicazione: aeroporti, hotel, corridoi governativi, ecc<\/li>\n<\/ol>\n<p>Siamo in grado di fornire l&#8217;intera soluzione di controllo degli accessi di sicurezza. Se disponi di un tuo sistema di controllo degli accessi, puoi utilizzare direttamente il nostro cancello tornello. Se non ne hai uno, forniamo anche una soluzione completa per il controllo degli accessi di sicurezza. Si prega di fare riferimento al video qui sotto per i dettagli.<\/p>\n<p><iframe title=\"Tornello aeroportuale, tornello speed gate per aeroporto, stazione metropolitana - MairsTurnstile.com\" src=\"https:\/\/www.youtube.com\/embed\/rR_US2dIKU8\" width=\"1150\" height=\"650\" frameborder=\"0\" allowfullscreen=\"allowfullscreen\"><\/iframe><\/p>\n","protected":false},"excerpt":{"rendered":"<p>1. Dimensioni: 1400*130*980 mm (personalizzabile)<\/p>\n<p>2. Materiale: SUS304 importato da 1,5 mm; Linea di neve polacca 400#<\/p>\n<p>3. Materiale del braccio: acrilico da 10 mm<\/p>\n<p>4. Larghezza passaggio: 600 mm -900 mm<\/p>\n<p>5. Direzione di passaggio: Singola direzionale\/Bidirezionale<\/p>\n<p>6. Tariffa di abbonamento: 30-35 persone\/minuto<\/p>\n<p>7. Tempo di funzionamento: 0,2 secondi<\/p>\n<p>8. Potenza assorbita: AC100-240V,50\/60HZ<\/p>\n<p>9. Interfaccia di ingresso: RS485, contatto pulito<\/p>\n<p><span style=\"color: #0000ff;\"><strong><a style=\"color: #0000ff;\" title=\"Tornello Speed Gate certificato CE Mairs\" href=\"http:\/\/mairsturnstile.com\/wp-content\/uploads\/2022\/09\/Mairs-CE-Certificate-Speed-Gate-Turnstile.pdf\" target=\"_blank\" rel=\"noopener noreferrer\">Certificazione CE<\/a>, <a style=\"color: #0000ff;\" title=\"Certificato Mairs ISO9001\" href=\"http:\/\/mairsturnstile.com\/wp-content\/uploads\/2022\/09\/Mairs-Registration-Certificate-ISO9001.pdf\" target=\"_blank\" rel=\"noopener noreferrer\">certificato ISO 9001.<\/a><\/strong><\/span><\/p>\n","protected":false},"featured_media":26250,"comment_status":"closed","ping_status":"closed","template":"","meta":{"neve_meta_sidebar":"","neve_meta_container":"","neve_meta_enable_content_width":"off","neve_meta_content_width":0,"neve_meta_title_alignment":"","neve_meta_author_avatar":"","neve_post_elements_order":"","neve_meta_disable_header":"","neve_meta_disable_footer":"","neve_meta_disable_title":"","_ti_tpc_template_sync":false,"_ti_tpc_template_id":""},"product_cat":[889,888],"product_tag":[981,972,975,1660,1563],"class_list":["post-10478","product","type-product","status-publish","has-post-thumbnail","hentry","product_cat-porte-veloci","product_cat-tornelli-di-sicurezza","product_tag-cancelli-di-velocita-uk","product_tag-cancelli-veloci","product_tag-cancelli-veloci-in-vendita","product_tag-cancello-tornello-con-lettore-di-codici-a-barre","product_tag-cosa-sono-i-varchi-veloci"],"_links":{"self":[{"href":"https:\/\/mairsturnstile.com\/it\/wp-json\/wp\/v2\/product\/10478","targetHints":{"allow":["GET"]}}],"collection":[{"href":"https:\/\/mairsturnstile.com\/it\/wp-json\/wp\/v2\/product"}],"about":[{"href":"https:\/\/mairsturnstile.com\/it\/wp-json\/wp\/v2\/types\/product"}],"replies":[{"embeddable":true,"href":"https:\/\/mairsturnstile.com\/it\/wp-json\/wp\/v2\/comments?post=10478"}],"version-history":[{"count":0,"href":"https:\/\/mairsturnstile.com\/it\/wp-json\/wp\/v2\/product\/10478\/revisions"}],"wp:featuredmedia":[{"embeddable":true,"href":"https:\/\/mairsturnstile.com\/it\/wp-json\/wp\/v2\/media\/26250"}],"wp:attachment":[{"href":"https:\/\/mairsturnstile.com\/it\/wp-json\/wp\/v2\/media?parent=10478"}],"wp:term":[{"taxonomy":"product_cat","embeddable":true,"href":"https:\/\/mairsturnstile.com\/it\/wp-json\/wp\/v2\/product_cat?post=10478"},{"taxonomy":"product_tag","embeddable":true,"href":"https:\/\/mairsturnstile.com\/it\/wp-json\/wp\/v2\/product_tag?post=10478"}],"curies":[{"name":"wp","href":"https:\/\/api.w.org\/{rel}","templated":true}]}}