{"id":10479,"date":"2021-05-12T16:34:32","date_gmt":"2021-05-12T08:34:32","guid":{"rendered":"https:\/\/mairsturnstile.com\/product\/cancelli-di-velocita-cancelli-di-velocita-per-tornelli-in-vendita-mt-a308"},"modified":"2023-11-01T11:51:54","modified_gmt":"2023-11-01T03:51:54","slug":"porte-veloci-irlanda","status":"publish","type":"product","link":"https:\/\/mairsturnstile.com\/it\/prodotto\/porte-veloci-irlanda","title":{"rendered":"Cancelli di velocit\u00e0 Cancelli di velocit\u00e0 per tornelli in vendita MT-A308"},"content":{"rendered":"        <!-- 3D Model html -->\r\n        <div class=\"bp_grand wrapper_24282\">   \r\n        <div class=\"bp_model_parent\">\r\n            <model-viewer class=\"model\" id=\"bp_model_id_24282\" src=\"http:\/\/mairsturnstile.com\/wp-content\/uploads\/2023\/06\/MT-A308.glb\" alt=\"MT-A308\" camera-controls  loading=\"auto\" auto-rotate                        >\r\n            <\/model-viewer>\r\n        \r\n            <!-- Button -->\r\n            <svg id=\"openBtn\" width=\"30px\" height=\"30px\" viewBox=\"0 0 16 16\" xmlns=\"http:\/\/www.w3.org\/2000\/svg\" fill=\"#f2f2f2\" class=\"bi bi-arrows-fullscreen model-icon\">\r\n                <path fill-rule=\"evenodd\" d=\"M5.828 10.172a.5.5 0 0 0-.707 0l-4.096 4.096V11.5a.5.5 0 0 0-1 0v3.975a.5.5 0 0 0 .5.5H4.5a.5.5 0 0 0 0-1H1.732l4.096-4.096a.5.5 0 0 0 0-.707zm4.344 0a.5.5 0 0 1 .707 0l4.096 4.096V11.5a.5.5 0 1 1 1 0v3.975a.5.5 0 0 1-.5.5H11.5a.5.5 0 0 1 0-1h2.768l-4.096-4.096a.5.5 0 0 1 0-.707zm0-4.344a.5.5 0 0 0 .707 0l4.096-4.096V4.5a.5.5 0 1 0 1 0V.525a.5.5 0 0 0-.5-.5H11.5a.5.5 0 0 0 0 1h2.768l-4.096 4.096a.5.5 0 0 0 0 .707zm-4.344 0a.5.5 0 0 1-.707 0L1.025 1.732V4.5a.5.5 0 0 1-1 0V.525a.5.5 0 0 1 .5-.5H4.5a.5.5 0 0 1 0 1H1.732l4.096 4.096a.5.5 0 0 1 0 .707z\"\/>\r\n            <\/svg>\r\n        \r\n            <svg id=\"closeBtn\" class=\"model-icon\" width=\"34px\" height=\"34px\" viewBox=\"0 0 24 24\" xmlns=\"http:\/\/www.w3.org\/2000\/svg\">\r\n                <path fill=\"none\" stroke=\"#f2f2f2\" stroke-width=\"2\" d=\"M7,7 L17,17 M7,17 L17,7\"\/>\r\n            <\/svg>\r\n        \r\n        <\/div>\r\n        <\/div> \r\n\r\n        <!-- Model Viewer Style -->\r\n        <style>\r\n            \r\n            .wrapper_24282 .bp_model_parent, #bp_model_id_24282 {\r\n                width: 1150px;\r\n                max-width: 100%;\r\n                                            }\r\n            #bp_model_id_24282 {\r\n                height:700px;\r\n                background-color: #f2f2f2;\r\n            }\r\n            .fullscreen #bp_model_id_24282{\r\n            height: 100%;\r\n            width: 100%;\r\n            }\r\n            .wrapper_24282 .bp_model_parent{\r\n                justify-content: start            }\r\n            model-viewer.model {\r\n                --poster-color: transparent;\r\n            }\r\n        <\/style>\r\n        \r\n        \n<h4><strong><b>QUESTO GATE VELOCITA&#8217; DI ALTO LIVELLO Irlanda Tornello per lobby <\/b><\/strong><strong><b>porta con s\u00e9<\/b><\/strong><strong><b> una garanzia di 2 anni e un supporto duraturo per la manutenzione e la riparazione.<\/b><\/strong><strong><b> <\/b><\/strong><\/h4>\n<p>Siamo in grado di fornire servizi OEM e ODM. Abbiamo designer esperti che possono completare una profonda personalizzazione in base a qualsiasi tua esigenza. Forniremo una serie di materiali come rendering 3D, disegni dimensionali, ecc. il prima possibile. Forniamo anche dispositivi biometrici, come lettori di carte IC\/ID, scanner di impronte digitali, scanner di codici QR, fotocamere con riconoscimento facciale e cos\u00ec via.<\/p>\n<h4><strong><b>Mairs pu\u00f2 personalizzare i cancelli veloci irlandesi in base alle tue esigenze. Forniamo anche dispositivi biometrici, come lettori di carte IC\/ID, scanner di impronte digitali, scanner di codici QR, fotocamere con riconoscimento facciale e cos\u00ec via. <a href=\"https:\/\/mairsturnstile.com\/speed-gate-turnstile.html\">Tornello per varco veloce <\/a><\/b><\/strong><strong>produttori &#8211; Mairs offre i migliori cancelli rapidi in Irlanda, tornelli a battente a un prezzo conveniente.<\/strong><\/h4>\n<p>Este Speed Gates Ireland utiliza un panel de lectura modular que responde oportunamente al mercado, con servomotor: una velocidad de apertura m\u00e1s r\u00e1pida, y 10 pares de sensores infrarrojos se utilizan para una detecci\u00f3n m\u00e1s fuerte de la puerta trasera.<\/p>\n<p>El material de la carcasa es acero inoxidable SUS304, tiene una mayor durabilidad y un ciclo de vida del producto m\u00e1s largo, f\u00e1cil de cambiar y f\u00e1cil de instalar: RFID, <a href=\"https:\/\/en.wikipedia.org\/wiki\/Fingerprint\" target=\"_blank\" rel=\"noopener\">huella digital<\/a>, rostro, etc.<\/p>\n<p>Tiene control de operaci\u00f3n bidireccional, Indicador de canal led bidireccional, F\u00e1cil instalaci\u00f3n y mantenimiento, Varios paneles opcionales y un Modo de emergencia que permite el libre acceso en caso de corte de energ\u00eda o emergencia.<\/p>\n<p>Adatto per l&#8217;ingresso di edifici commerciali, metropolitane, aeroporti, dogane, sale espositive, edifici governativi, istituzioni finanziarie, club e altre applicazioni interne di fascia alta.<\/p>\n<p>Possiamo anche creare un rendering per te in pochi minuti in base al tuo scenario reale. Forniamo anche layout e disegni dettagliati, nonch\u00e9 disegni di installazione.<\/p>\n\n        \t\n\t<style type=\"text\/css\">\n\t\t.slider-info-24286.bafg-slider-info .bafg-slider-title {\n\t\t\t\t\t\tfont-size: 22px;\n\t\t\t\t\t\t\n\t\t\t\n\t\t\t\t\t}\n\n\t\t.slider-info-24286.bafg-slider-info .bafg-slider-description {\n\t\t\t\n\t\t\t\n\t\t\t\t\t}\n\n\t\t.slider-info-24286.bafg-slider-info .bafg_slider_readmore_button {\n\t\t\t\n\t\t\t\n\t\t\t\n\t\t\t\n\t\t\t\n\t\t\ttext-align: center;\n\n\t\t\t\n\t\t\t\n\t\t\t\n\t\t\t\n\t\t\t\n\t\t\t\n\t\t\t\t\t}\n\n\t\t.slider-info-24286.bafg-slider-info .bafg_slider_readmore_button:hover {\n\n\t\t\t\n\t\t\t\n\t\t\t\t\t}\n\n\t<\/style>\n\t\n        <div class=\"bafg-twentytwenty-container slider-24286 \" bafg-orientation=\"horizontal\" bafg-default-offset=\"0.5\" bafg-before-label=\"Before\" bafg-after-label=\"After\" bafg-overlay=\"yes\" bafg-move-slider-on-hover=\"yes\" bafg-click-to-move=\"no\">\n              \n            <img decoding=\"async\" class=\"skip-lazy\" src=\"http:\/\/mairsturnstile.com\/wp-content\/uploads\/2023\/06\/speed-gates-ireland_9.jpg\" alt=\"\" data-skip-lazy title=\"\">\n            <img decoding=\"async\" class=\"skip-lazy\" src=\"http:\/\/mairsturnstile.com\/wp-content\/uploads\/2023\/06\/speed-gates-ireland_10.jpg\" alt=\"\" data-skip-lazy title=\"\">\n           \n        <\/div>\n\n        \t<div class=\"bafg-slider-info-wraper\">\n\t\t<div style=\"\" class=\"slider-info-24286 bafg-slider-info\">\n\t\t\t\t\t<\/div>\n\t<\/div>\n\t\n        <style type=\"text\/css\">\n            \n        <\/style>\n        \n<p>Speed Gates Irlanda Voltaje de trabajo: 24V<\/p>\n<p>Umidit\u00e0 di lavoro: 30%~95%<\/p>\n<p>Temperatura di lavoro: -40\u2103~+70\u2103<\/p>\n<p>Interfaccia di ingresso: RS485, contatto pulito<\/p>\n<p>Meccanismo: Servomotore Brushless<\/p>\n<p>Sensore a infrarossi: 6 paia<\/p>\n<p>MCBF: 5.000.000 di cicli<\/p>\n<p>Caratteristica: l&#8217;altezza del braccio pu\u00f2 essere personalizzata<\/p>\n<p>Applicazione: aeroporti, hotel, corridoi governativi, ecc<\/p>\n<p>Siamo in grado di fornire l&#8217;intera soluzione di controllo degli accessi di sicurezza. Se disponi di un tuo sistema di controllo degli accessi, puoi utilizzare direttamente il nostro cancello tornello. Se non ne hai uno, forniamo anche una soluzione completa per il controllo degli accessi di sicurezza. Si prega di fare riferimento al video qui sotto per i dettagli.<\/p>\n<p><iframe title=\"Tornelli per varchi rapidi di nuovo design, tornelli per ingressi, tornelli per uffici - MairsTurnstile.com\" src=\"https:\/\/www.youtube.com\/embed\/izk8WuYn4no\" width=\"1150\" height=\"650\" frameborder=\"0\" allowfullscreen=\"allowfullscreen\"><\/iframe><\/p>\n","protected":false},"excerpt":{"rendered":"<p>1. Dimensioni: 1500*120*980 mm (Pu\u00f2 essere personalizzato)<\/p>\n<p>2. Materiale: 2,0 mm importato SUS polacco 400 # linea neve e copertura superiore in marmo<\/p>\n<p>3. Materiale del braccio: acrilico da 10 mm<\/p>\n<p>4. Larghezza passaggio: 600- 900 mm<\/p>\n<p>5. Direzione di passaggio: Singola direzionale\/Bidirezionale<\/p>\n<p>6. Tariffa di abbonamento: 30-35 persone\/minuto<\/p>\n<p>7. Tempo di funzionamento: 0,2 secondi<\/p>\n<p>8. Potenza assorbita: AC100-240V,50\/60HZ<\/p>\n<p>9. Ambiente di lavoro: interno<\/p>\n<p><span style=\"color: #0000ff;\"><strong><a style=\"color: #0000ff;\" title=\"Tornello Speed Gate certificato CE Mairs\" href=\"http:\/\/mairsturnstile.com\/wp-content\/uploads\/2022\/09\/Mairs-CE-Certificate-Speed-Gate-Turnstile.pdf\" target=\"_blank\" rel=\"noopener noreferrer\">Certificazione CE<\/a>, <a style=\"color: #0000ff;\" title=\"Certificato Mairs ISO9001\" href=\"http:\/\/mairsturnstile.com\/wp-content\/uploads\/2022\/09\/Mairs-Registration-Certificate-ISO9001.pdf\" target=\"_blank\" rel=\"noopener noreferrer\">certificato ISO 9001.<\/a><\/strong><\/span><\/p>\n","protected":false},"featured_media":24375,"comment_status":"closed","ping_status":"closed","template":"","meta":{"neve_meta_sidebar":"","neve_meta_container":"","neve_meta_enable_content_width":"off","neve_meta_content_width":0,"neve_meta_title_alignment":"","neve_meta_author_avatar":"","neve_post_elements_order":"","neve_meta_disable_header":"","neve_meta_disable_footer":"","neve_meta_disable_title":"","_ti_tpc_template_sync":false,"_ti_tpc_template_id":""},"product_cat":[889,888],"product_tag":[1615,972,975,982,1616],"class_list":["post-10479","product","type-product","status-publish","has-post-thumbnail","hentry","product_cat-porte-veloci","product_cat-tornelli-di-sicurezza","product_tag-cancelli-dingresso-tornelli","product_tag-cancelli-veloci","product_tag-cancelli-veloci-in-vendita","product_tag-porte-veloci-irlanda","product_tag-tornello-dellufficio"],"_links":{"self":[{"href":"https:\/\/mairsturnstile.com\/it\/wp-json\/wp\/v2\/product\/10479","targetHints":{"allow":["GET"]}}],"collection":[{"href":"https:\/\/mairsturnstile.com\/it\/wp-json\/wp\/v2\/product"}],"about":[{"href":"https:\/\/mairsturnstile.com\/it\/wp-json\/wp\/v2\/types\/product"}],"replies":[{"embeddable":true,"href":"https:\/\/mairsturnstile.com\/it\/wp-json\/wp\/v2\/comments?post=10479"}],"version-history":[{"count":0,"href":"https:\/\/mairsturnstile.com\/it\/wp-json\/wp\/v2\/product\/10479\/revisions"}],"wp:featuredmedia":[{"embeddable":true,"href":"https:\/\/mairsturnstile.com\/it\/wp-json\/wp\/v2\/media\/24375"}],"wp:attachment":[{"href":"https:\/\/mairsturnstile.com\/it\/wp-json\/wp\/v2\/media?parent=10479"}],"wp:term":[{"taxonomy":"product_cat","embeddable":true,"href":"https:\/\/mairsturnstile.com\/it\/wp-json\/wp\/v2\/product_cat?post=10479"},{"taxonomy":"product_tag","embeddable":true,"href":"https:\/\/mairsturnstile.com\/it\/wp-json\/wp\/v2\/product_tag?post=10479"}],"curies":[{"name":"wp","href":"https:\/\/api.w.org\/{rel}","templated":true}]}}