{"id":10580,"date":"2022-05-12T18:22:10","date_gmt":"2022-05-12T10:22:10","guid":{"rendered":"https:\/\/mairsturnstile.com\/product\/tornello-automatico-tornello-automatico-a-treppiede-led-mt124"},"modified":"2023-10-30T13:49:39","modified_gmt":"2023-10-30T05:49:39","slug":"tornello-automatico","status":"publish","type":"product","link":"https:\/\/mairsturnstile.com\/it\/prodotto\/tornello-automatico","title":{"rendered":"Tornello automatico Tornello automatico a treppiede LED MT124"},"content":{"rendered":"        <!-- 3D Model html -->\r\n        <div class=\"bp_grand wrapper_20727\">   \r\n        <div class=\"bp_model_parent\">\r\n            <model-viewer class=\"model\" id=\"bp_model_id_20727\" src=\"http:\/\/mairsturnstile.com\/wp-content\/uploads\/2023\/06\/MT124.glb\" alt=\"MT124\" camera-controls  loading=\"auto\" auto-rotate                        >\r\n            <\/model-viewer>\r\n        \r\n            <!-- Button -->\r\n            <svg id=\"openBtn\" width=\"30px\" height=\"30px\" viewBox=\"0 0 16 16\" xmlns=\"http:\/\/www.w3.org\/2000\/svg\" fill=\"#f2f2f2\" class=\"bi bi-arrows-fullscreen model-icon\">\r\n                <path fill-rule=\"evenodd\" d=\"M5.828 10.172a.5.5 0 0 0-.707 0l-4.096 4.096V11.5a.5.5 0 0 0-1 0v3.975a.5.5 0 0 0 .5.5H4.5a.5.5 0 0 0 0-1H1.732l4.096-4.096a.5.5 0 0 0 0-.707zm4.344 0a.5.5 0 0 1 .707 0l4.096 4.096V11.5a.5.5 0 1 1 1 0v3.975a.5.5 0 0 1-.5.5H11.5a.5.5 0 0 1 0-1h2.768l-4.096-4.096a.5.5 0 0 1 0-.707zm0-4.344a.5.5 0 0 0 .707 0l4.096-4.096V4.5a.5.5 0 1 0 1 0V.525a.5.5 0 0 0-.5-.5H11.5a.5.5 0 0 0 0 1h2.768l-4.096 4.096a.5.5 0 0 0 0 .707zm-4.344 0a.5.5 0 0 1-.707 0L1.025 1.732V4.5a.5.5 0 0 1-1 0V.525a.5.5 0 0 1 .5-.5H4.5a.5.5 0 0 1 0 1H1.732l4.096 4.096a.5.5 0 0 1 0 .707z\"\/>\r\n            <\/svg>\r\n        \r\n            <svg id=\"closeBtn\" class=\"model-icon\" width=\"34px\" height=\"34px\" viewBox=\"0 0 24 24\" xmlns=\"http:\/\/www.w3.org\/2000\/svg\">\r\n                <path fill=\"none\" stroke=\"#f2f2f2\" stroke-width=\"2\" d=\"M7,7 L17,17 M7,17 L17,7\"\/>\r\n            <\/svg>\r\n        \r\n        <\/div>\r\n        <\/div> \r\n\r\n        <!-- Model Viewer Style -->\r\n        <style>\r\n            \r\n            .wrapper_20727 .bp_model_parent, #bp_model_id_20727 {\r\n                width: 1150px;\r\n                max-width: 100%;\r\n                                            }\r\n            #bp_model_id_20727 {\r\n                height:700px;\r\n                background-color: #f2f2f2;\r\n            }\r\n            .fullscreen #bp_model_id_20727{\r\n            height: 100%;\r\n            width: 100%;\r\n            }\r\n            .wrapper_20727 .bp_model_parent{\r\n                justify-content: start            }\r\n            model-viewer.model {\r\n                --poster-color: transparent;\r\n            }\r\n        <\/style>\r\n        \r\n        \n<h4>Tornello automatico LED Tornello automatico a treppiede MT124 offre una garanzia di 2 anni e un supporto duraturo per la manutenzione e la riparazione.<\/h4>\n<p>Siamo in grado di fornire servizi OEM e ODM. Abbiamo designer esperti che possono completare una profonda personalizzazione in base a qualsiasi tua esigenza. Forniremo una serie di materiali come rendering 3D, disegni dimensionali, ecc. il prima possibile. Forniamo anche dispositivi biometrici, come lettori di carte IC\/ID, scanner di impronte digitali, scanner di codici QR, fotocamere con riconoscimento facciale e cos\u00ec via. Se avete bisogno di integrare questi dispositivi sul cancello girevole a tutta altezza o se avete domande, <a href=\"https:\/\/mairsturnstile.com\/contact\">contattateci<\/a>.<\/p>\n<p><strong><b>Automatica<\/b><\/strong><strong><b> <\/b><\/strong><strong><b>Il tornello \u00e8 un tipo di <\/b><\/strong><strong><b>pedonale <\/b><\/strong><strong><b>tornello pedonale dotato di un meccanismo di <\/b><\/strong><a href=\"https:\/\/mairsturnstile.com\/turnstile-mechanism.html\"><u>meccanismo del tornello<\/u><\/a><strong><b>, in cui tutte le operazioni della macchina tornello sono completate dal motore brushless. L&#8217;automatico<\/b><\/strong><strong><b> <\/b><\/strong><strong><b>il cancello del tornello pu\u00f2 essere autocontrollato automaticamente all&#8217;accensione. In modalit\u00e0 test di invecchiamento, si aprir\u00e0 e si chiuder\u00e0 automaticamente anche. In modalit\u00e0 scheda, una volta che c&#8217;\u00e8 un segnale di apertura, si aprir\u00e0 a 15 gradi e spingendo leggermente il braccio, i cancelli si apriranno completamente automaticamente.<\/b><\/strong><\/p>\n<p>Si tratta di un tornello automatico a treppiede; se volete conoscere maggiori dettagli sul tornello automatico a treppiede, consultate il nostro articolo: <a href=\"https:\/\/mairsturnstile.com\/tripod-turnstile.html\">cos&#8217;\u00e8 il tornello a treppiede<\/a>? Attualmente, la maggior parte dei tornelli a tripode sul mercato sono tornelli a tripode semiautomatici. Se hai bisogno di cancelli tornelli a treppiede completamente automatici, contattaci. Possiamo anche personalizzare il tornello a treppiede completamente automatico in base alle vostre effettive esigenze. Quello che segue \u00e8 un video del nostro tornello a treppiede completamente automatico su misura. Per favore controllalo.<\/p>\n<p>Conosciuto anche come cancello girevole a treppiede elettrico, \u00e8 dotato di un motore. Tutto il funzionamento del cancello automatico del tornello \u00e8 azionato dal motore. Allo stesso tempo, il motore fa ruotare l&#8217;asta di bloccaggio durante l&#8217;accensione, in modo da realizzare l&#8217;accensione automatica, che \u00e8 molto comoda da usare.<\/p>\n<p>Tornello automatico Il tornello a treppiede offre un metodo affidabile ed efficiente per garantire che solo gli utenti autorizzati possano accedere a ciascuna area di un edificio. This automatic <strong>tripod turnstile <\/strong>is highly efficient that is easy to handle high volume traffic and terrible conditions.Tornello automatico Il tornello a treppiede offre un metodo affidabile ed efficiente per garantire che solo gli utenti autorizzati possano accedere a ciascuna area di un edificio. tornello per cancelli di sicurezza a treppiede con la migliore qualit\u00e0 ad un prezzo economico.<\/p>\n<p>Possiamo anche creare un rendering per te in pochi minuti in base al tuo scenario reale. Forniamo anche layout e disegni dettagliati, nonch\u00e9 disegni di installazione.<\/p>\n\n        \t\n\t<style type=\"text\/css\">\n\t\t.slider-info-20752.bafg-slider-info .bafg-slider-title {\n\t\t\t\t\t\tfont-size: 22px;\n\t\t\t\t\t\t\n\t\t\t\n\t\t\t\t\t}\n\n\t\t.slider-info-20752.bafg-slider-info .bafg-slider-description {\n\t\t\t\n\t\t\t\n\t\t\t\t\t}\n\n\t\t.slider-info-20752.bafg-slider-info .bafg_slider_readmore_button {\n\t\t\t\n\t\t\t\n\t\t\t\n\t\t\t\n\t\t\t\n\t\t\ttext-align: center;\n\n\t\t\t\n\t\t\t\n\t\t\t\n\t\t\t\n\t\t\t\n\t\t\t\n\t\t\t\t\t}\n\n\t\t.slider-info-20752.bafg-slider-info .bafg_slider_readmore_button:hover {\n\n\t\t\t\n\t\t\t\n\t\t\t\t\t}\n\n\t<\/style>\n\t\n        <div class=\"bafg-twentytwenty-container slider-20752 \" bafg-orientation=\"horizontal\" bafg-default-offset=\"0.5\" bafg-before-label=\"Before\" bafg-after-label=\"After\" bafg-overlay=\"yes\" bafg-move-slider-on-hover=\"yes\" bafg-click-to-move=\"no\">\n              \n            <img decoding=\"async\" class=\"skip-lazy\" src=\"http:\/\/mairsturnstile.com\/wp-content\/uploads\/2023\/06\/automatic-turnstile_4.jpg\" alt=\"\" data-skip-lazy title=\"\">\n            <img decoding=\"async\" class=\"skip-lazy\" src=\"http:\/\/mairsturnstile.com\/wp-content\/uploads\/2023\/06\/automatic-turnstile_5.jpg\" alt=\"\" data-skip-lazy title=\"\">\n           \n        <\/div>\n\n        \t<div class=\"bafg-slider-info-wraper\">\n\t\t<div style=\"\" class=\"slider-info-20752 bafg-slider-info\">\n\t\t\t\t\t<\/div>\n\t<\/div>\n\t\n        <style type=\"text\/css\">\n            \n        <\/style>\n        \n<ul>\n<li>Un tornello automatico \u00e8 una soluzione di ingresso compatta ed economica.<\/li>\n<li>Il tornello per cancelli di sicurezza a treppiede ha un alloggiamento in <a href=\"https:\/\/en.wikipedia.org\/wiki\/Stainless_steel\" target=\"_blank\" rel=\"noopener\">acciaio inossidabile<\/a> 304 completamente impermeabile, resistente alla ruggine, solido e durevole.<\/li>\n<li>I tornelli automatici possono essere montati sia per ambienti interni che esterni. Il tasso IP \u00e8 54<\/li>\n<li>Dispone di un&#8217;uscita rel\u00e8 standard internazionale, che pu\u00f2 essere facilmente integrata con tutti i tipi di sistemi di controllo accessi di terze parti (es. RFID, impronte digitali, riconoscimento facciale, codici a barre, termometro IR).<\/li>\n<li>I cancelli di sicurezza a treppiede sono semiautomatici. Sar\u00e0 necessario spingere leggermente il braccio per aprire il cancello quando l&#8217;accesso \u00e8 consentito.<\/li>\n<li>Il design ragionevole e le prestazioni elevate garantiscono che i cancelli possano muoversi in modo rapido e preciso, stabile e silenzioso; con basso consumo energetico, risparmio energetico e protezione dell&#8217;ambiente.<\/li>\n<li>Meccanismo a stampo durevole, resistente alla corrosione e per impieghi gravosi per una maggiore durata<\/li>\n<li>Il meccanismo \u00e8 il design dello stampo. Tutti i componenti sono precisi. Fa funzionare il sistema del cancello senza intoppi, con bassa rumorosit\u00e0. Pu\u00f2 essere aggiunto un ammortizzatore idraulico.<\/li>\n<li>Il design del tornello a treppiede fa passare solo una persona alla volta.<\/li>\n<li>Unica o bidirezionale \u00e8 un&#8217;opzione.<\/li>\n<li>Indicatore di direzione a LED in alto<\/li>\n<li>Funzione orologio automatico: se si riceve un segnale di apertura, ma il visitatore non attraversa il cancello entro un determinato tempo (default 5s), il braccio del tornello si bloccher\u00e0 automaticamente.<\/li>\n<li>Lunghezza del braccio: 510 mm<\/li>\n<li>Il senso di rotazione: bidirezionale\/unidirezionale<\/li>\n<li>Emergenza: il braccio si abbassa automaticamente quando viene interrotta l&#8217;elettricit\u00e0.<\/li>\n<li>Tensione di esercizio: DC 24V \u00b15%<\/li>\n<li>La tensione della spia: DC12V \u00b1 5% (standard)<\/li>\n<li>Temperatura di lavoro: -30\u2103~60\u2103<\/li>\n<li>Umidit\u00e0: 5%~90%<\/li>\n<li>Impermeabile: IP43<\/li>\n<li>Affidabilit\u00e0 del meccanismo: 3 milioni, senza colpa<\/li>\n<li>Elettrovalvola: DC24V \u00b15%<\/li>\n<li>Autocontrollo automatico una volta acceso<\/li>\n<li>Caratteristica: lettore IC\/ID, lettore di codici a barre, riconoscimento facciale, impronte digitali, altre apparecchiature di controllo accessi, UPS, ecc<\/li>\n<li>Tempo necessario per l&#8217;apertura: 0,2 s<\/li>\n<li>Ambiente di lavoro: interno<\/li>\n<li>Campo di applicazione: comunit\u00e0, fabbrica, cantiere, scuola, luogo del resort, ecc<\/li>\n<li>Quando l&#8217;alimentazione \u00e8 spenta, i bracci del tornello a treppiede si abbassano automaticamente per consentire il libero passaggio, in conformit\u00e0 con i requisiti di sicurezza antincendio.<\/li>\n<\/ul>\n<p><iframe title=\"Lettore video di YouTube\" src=\"https:\/\/www.youtube.com\/embed\/6LIOkb5RGwk?si=A29DplOGOCAz5ovp\" width=\"1150\" height=\"650\" frameborder=\"0\" allowfullscreen=\"allowfullscreen\"><\/iframe><\/p>\n","protected":false},"excerpt":{"rendered":"<p>1. Dimensioni: 1400*270*980 mm (personalizzabile)<\/p>\n<p>2. Larghezza corsia: 550 mm<\/p>\n<p>3. Velocit\u00e0 di passaggio: 35 persone\/min<\/p>\n<p>4. Alimentazione: 110V\/220V 50\/60Hz<\/p>\n<p>5. Peso: 35 kg<\/p>\n<p>6. Ingresso: contatto pulito\/rel\u00e8<\/p>\n<p>7. Meccanismo motore brushless<\/p>\n<p>8. Materiale della cassa: acciaio inossidabile 3048. Materiale della cassa: acciaio inossidabile 304<\/p>\n<p>9. Modo operativo: automatico<\/p>\n<p><strong><a title=\"Tornello a tripode certificato CE Mairs\" href=\"http:\/\/mairsturnstile.com\/wp-content\/uploads\/2022\/09\/Mairs-CE-Certificate-Tripod-Turnstile.pdf\" target=\"_blank\" rel=\"noopener noreferrer\">Certificazione CE<\/a>, <a title=\"Certificato Mairs ISO9001\" href=\"http:\/\/mairsturnstile.com\/wp-content\/uploads\/2022\/09\/Mairs-Registration-Certificate-ISO9001.pdf\" target=\"_blank\" rel=\"noopener noreferrer\">certificato ISO 9001.<\/a><\/strong><\/p>\n","protected":false},"featured_media":20126,"comment_status":"closed","ping_status":"closed","template":"","meta":{"neve_meta_sidebar":"","neve_meta_container":"","neve_meta_enable_content_width":"off","neve_meta_content_width":0,"neve_meta_title_alignment":"","neve_meta_author_avatar":"","neve_post_elements_order":"","neve_meta_disable_header":"","neve_meta_disable_footer":"","neve_meta_disable_title":"","_ti_tpc_template_sync":false,"_ti_tpc_template_id":""},"product_cat":[888,891],"product_tag":[1141,1143,959,1666],"class_list":["post-10580","product","type-product","status-publish","has-post-thumbnail","hentry","product_cat-tornelli-di-sicurezza","product_cat-tornello-a-tripode","product_tag-cancello-automatico","product_tag-tornello-a-treppiede","product_tag-tornello-automatico","product_tag-tornello-automatico-a-treppiede"],"_links":{"self":[{"href":"https:\/\/mairsturnstile.com\/it\/wp-json\/wp\/v2\/product\/10580","targetHints":{"allow":["GET"]}}],"collection":[{"href":"https:\/\/mairsturnstile.com\/it\/wp-json\/wp\/v2\/product"}],"about":[{"href":"https:\/\/mairsturnstile.com\/it\/wp-json\/wp\/v2\/types\/product"}],"replies":[{"embeddable":true,"href":"https:\/\/mairsturnstile.com\/it\/wp-json\/wp\/v2\/comments?post=10580"}],"version-history":[{"count":0,"href":"https:\/\/mairsturnstile.com\/it\/wp-json\/wp\/v2\/product\/10580\/revisions"}],"wp:featuredmedia":[{"embeddable":true,"href":"https:\/\/mairsturnstile.com\/it\/wp-json\/wp\/v2\/media\/20126"}],"wp:attachment":[{"href":"https:\/\/mairsturnstile.com\/it\/wp-json\/wp\/v2\/media?parent=10580"}],"wp:term":[{"taxonomy":"product_cat","embeddable":true,"href":"https:\/\/mairsturnstile.com\/it\/wp-json\/wp\/v2\/product_cat?post=10580"},{"taxonomy":"product_tag","embeddable":true,"href":"https:\/\/mairsturnstile.com\/it\/wp-json\/wp\/v2\/product_tag?post=10580"}],"curies":[{"name":"wp","href":"https:\/\/api.w.org\/{rel}","templated":true}]}}