{"id":10581,"date":"2022-02-19T22:45:03","date_gmt":"2022-02-19T14:45:03","guid":{"rendered":"https:\/\/mairsturnstile.com\/product\/cancello-tornello-di-sicurezza-a-treppiedi-mt113-4"},"modified":"2023-10-30T13:51:37","modified_gmt":"2023-10-30T05:51:37","slug":"produttori-di-tornelli-a-tripode","status":"publish","type":"product","link":"https:\/\/mairsturnstile.com\/it\/prodotto\/produttori-di-tornelli-a-tripode","title":{"rendered":"TORNELLO DI SICUREZZA A TREPPIEDE CANCELLO MT156"},"content":{"rendered":"        <!-- 3D Model html -->\r\n        <div class=\"bp_grand wrapper_24838\">   \r\n        <div class=\"bp_model_parent\">\r\n            <model-viewer class=\"model\" id=\"bp_model_id_24838\" src=\"http:\/\/mairsturnstile.com\/wp-content\/uploads\/2023\/06\/MT156.glb\" alt=\"MT156\" camera-controls  loading=\"auto\" auto-rotate                        >\r\n            <\/model-viewer>\r\n        \r\n            <!-- Button -->\r\n            <svg id=\"openBtn\" width=\"30px\" height=\"30px\" viewBox=\"0 0 16 16\" xmlns=\"http:\/\/www.w3.org\/2000\/svg\" fill=\"#f2f2f2\" class=\"bi bi-arrows-fullscreen model-icon\">\r\n                <path fill-rule=\"evenodd\" d=\"M5.828 10.172a.5.5 0 0 0-.707 0l-4.096 4.096V11.5a.5.5 0 0 0-1 0v3.975a.5.5 0 0 0 .5.5H4.5a.5.5 0 0 0 0-1H1.732l4.096-4.096a.5.5 0 0 0 0-.707zm4.344 0a.5.5 0 0 1 .707 0l4.096 4.096V11.5a.5.5 0 1 1 1 0v3.975a.5.5 0 0 1-.5.5H11.5a.5.5 0 0 1 0-1h2.768l-4.096-4.096a.5.5 0 0 1 0-.707zm0-4.344a.5.5 0 0 0 .707 0l4.096-4.096V4.5a.5.5 0 1 0 1 0V.525a.5.5 0 0 0-.5-.5H11.5a.5.5 0 0 0 0 1h2.768l-4.096 4.096a.5.5 0 0 0 0 .707zm-4.344 0a.5.5 0 0 1-.707 0L1.025 1.732V4.5a.5.5 0 0 1-1 0V.525a.5.5 0 0 1 .5-.5H4.5a.5.5 0 0 1 0 1H1.732l4.096 4.096a.5.5 0 0 1 0 .707z\"\/>\r\n            <\/svg>\r\n        \r\n            <svg id=\"closeBtn\" class=\"model-icon\" width=\"34px\" height=\"34px\" viewBox=\"0 0 24 24\" xmlns=\"http:\/\/www.w3.org\/2000\/svg\">\r\n                <path fill=\"none\" stroke=\"#f2f2f2\" stroke-width=\"2\" d=\"M7,7 L17,17 M7,17 L17,7\"\/>\r\n            <\/svg>\r\n        \r\n        <\/div>\r\n        <\/div> \r\n\r\n        <!-- Model Viewer Style -->\r\n        <style>\r\n            \r\n            .wrapper_24838 .bp_model_parent, #bp_model_id_24838 {\r\n                width: 1150px;\r\n                max-width: 100%;\r\n                                            }\r\n            #bp_model_id_24838 {\r\n                height:700px;\r\n                background-color: #f2f2f2;\r\n            }\r\n            .fullscreen #bp_model_id_24838{\r\n            height: 100%;\r\n            width: 100%;\r\n            }\r\n            .wrapper_24838 .bp_model_parent{\r\n                justify-content: start            }\r\n            model-viewer.model {\r\n                --poster-color: transparent;\r\n            }\r\n        <\/style>\r\n        \r\n        \n<h4>Il CANCELLO DEL TORNELLO A TREPPIEDI dei produttori di tornelli a treppiede offre una garanzia di 2 anni e un supporto duraturo per la manutenzione e la riparazione.<\/h4>\n<p>Siamo in grado di fornire servizi OEM e ODM. Abbiamo designer esperti che possono completare una profonda personalizzazione in base a qualsiasi tua esigenza. Forniremo una serie di materiali come rendering 3D, disegni dimensionali, ecc. il prima possibile. Forniamo anche dispositivi biometrici, come lettori di carte IC\/ID, scanner di impronte digitali, scanner di codici QR, fotocamere con riconoscimento facciale e cos\u00ec via. Se hai bisogno di integrare questi dispositivi sul cancello del tornello a tutta altezza o hai domande, <a href=\"https:\/\/mairsturnstile.com\/contact\">contattaci<\/a><\/p>\n<p><strong>Il tornello a tripode \u00e8<\/strong><strong> il tipo pi\u00f9 elementare di cancello tornello pedonale, composto da telaio, meccanismo e tre aste di bloccaggio che si fermano o si sbloccano ruotando ogni volta di 120\u00b0.<\/strong> I suoi componenti includono un telaio, un meccanismo, una scheda di controllo dell&#8217;azionamento, un motore, un limite, una scheda dell&#8217;indicatore di direzione, una parte di controllo degli accessi, un contatore opzionale, ecc. L&#8217;asta in metallo (lunghezza asta standard 50 cm) forma un triangolo spaziale come corpo di bloccaggio (asta del freno). \u00c8 realizzato in acciaio inossidabile 304 o 316, resistente e non facile da deformare. Il blocco e il rilascio si ottengono mediante rotazione. MairsTurnstile \u00e8 un produttore professionale di tornelli a tripode.<\/p>\n<p>In genere, la forma del tornello a tripode \u00e8 realizzata con una lastra di <a class=\"rank-math-link\" href=\"https:\/\/en.wikipedia.org\/wiki\/Stainless_steel\" target=\"_blank\" rel=\"noopener noreferrer\">acciaio inox<\/a> 304, bella e generosa, antiruggine e durevole, in grado di resistere ai danni della forza esterna. Mairsturnstile come produttore professionale di tornelli a treppiede offre il cancello del tornello a treppiede della migliore qualit\u00e0 a un prezzo accessibile.<\/p>\n<p>Tornello a tripode dei produttori di tornelli a tripode Mairs \u00e8 suddiviso in tipo meccanico, tipo semiautomatico e tipo completamente automatico dalla modalit\u00e0 di controllo del meccanismo. Dalla forma, \u00e8 suddiviso in un tornello a tripode verticale e un tornello a tripode a ponte. Il cancello girevole a tripode verticale ha un volume ridotto ed \u00e8 relativamente facile da installare; Il cancello del tornello a treppiede del ponte ha un canale pi\u00f9 lungo e una maggiore sicurezza.<\/p>\n<p>Il tornello a treppiede pu\u00f2 essere combinato con smart card, impronte digitali, codici a barre e altre apparecchiature del sistema di identificazione per formare un sistema di controllo degli accessi intelligente; \u00c8 combinato con un computer, controllo accessi, presenze, gestione addebiti, sistema di biglietti e altri software per formare un sistema di gestione del controllo accessi intelligente, che pu\u00f2 realizzare le funzioni di controllo accessi, presenze, consumi, vendita di biglietti, restrizioni correnti e cos\u00ec via SU.<\/p>\n<p>Possiamo anche creare un rendering per te in pochi minuti in base al tuo scenario reale. Forniamo anche layout e disegni dettagliati, nonch\u00e9 disegni di installazione<\/p>\n\n        \t\n\t<style type=\"text\/css\">\n\t\t.slider-info-24847.bafg-slider-info .bafg-slider-title {\n\t\t\t\t\t\tfont-size: 22px;\n\t\t\t\t\t\t\n\t\t\t\n\t\t\t\t\t}\n\n\t\t.slider-info-24847.bafg-slider-info .bafg-slider-description {\n\t\t\t\n\t\t\t\n\t\t\t\t\t}\n\n\t\t.slider-info-24847.bafg-slider-info .bafg_slider_readmore_button {\n\t\t\t\n\t\t\t\n\t\t\t\n\t\t\t\n\t\t\t\n\t\t\ttext-align: center;\n\n\t\t\t\n\t\t\t\n\t\t\t\n\t\t\t\n\t\t\t\n\t\t\t\n\t\t\t\t\t}\n\n\t\t.slider-info-24847.bafg-slider-info .bafg_slider_readmore_button:hover {\n\n\t\t\t\n\t\t\t\n\t\t\t\t\t}\n\n\t<\/style>\n\t\n        <div class=\"bafg-twentytwenty-container slider-24847 \" bafg-orientation=\"horizontal\" bafg-default-offset=\"0.5\" bafg-before-label=\"Before\" bafg-after-label=\"After\" bafg-overlay=\"yes\" bafg-move-slider-on-hover=\"yes\" bafg-click-to-move=\"no\">\n              \n            <img decoding=\"async\" class=\"skip-lazy\" src=\"http:\/\/mairsturnstile.com\/wp-content\/uploads\/2023\/06\/tripod-turnstile-manufacturers_4.jpg\" alt=\"tripod turnstile manufacturers\" data-skip-lazy title=\"\">\n            <img decoding=\"async\" class=\"skip-lazy\" src=\"http:\/\/mairsturnstile.com\/wp-content\/uploads\/2023\/06\/tripod-turnstile-manufacturers_5.jpg\" alt=\"tripod turnstile manufacturers\" data-skip-lazy title=\"\">\n           \n        <\/div>\n\n        \t<div class=\"bafg-slider-info-wraper\">\n\t\t<div style=\"\" class=\"slider-info-24847 bafg-slider-info\">\n\t\t\t\t\t<\/div>\n\t<\/div>\n\t\n        <style type=\"text\/css\">\n            \n        <\/style>\n        \n<ul>\n<li>Il tornello a treppiede dei produttori di tornelli a treppiede \u00e8 una soluzione di ingresso compatta ed economica.<\/li>\n<li>Il tornello a treppiede ha un alloggiamento in acciaio inossidabile 304 completamente impermeabile, resistente alla ruggine, solido e durevole.<\/li>\n<li>Il tornello a treppiede dei produttori di tornelli a treppiede pu\u00f2 essere montato sia per ambienti interni che esterni. Il tasso IP \u00e8 54.<\/li>\n<li>Dispone di un&#8217;uscita rel\u00e8 standard internazionale, che pu\u00f2 essere facilmente integrata con tutti i tipi di sistemi di controllo accessi di terze parti (es. RFID, impronte digitali, viso, codici a barre, termometro IR).<\/li>\n<li>Il cancello di sicurezza a treppiede dei produttori di tornelli a treppiede \u00e8 semiautomatico. Sar\u00e0 necessario spingere leggermente il braccio per aprire il cancello quando l&#8217;accesso \u00e8 consentito.<\/li>\n<li>Il design ragionevole e le prestazioni elevate garantiscono che i cancelli possano muoversi in modo rapido e preciso, stabile e silenzioso; con basso consumo energetico, risparmio energetico e protezione dell&#8217;ambiente.<\/li>\n<li>Meccanismo a stampo durevole, resistente alla corrosione e per impieghi gravosi per una maggiore durata<\/li>\n<li>Il meccanismo \u00e8 il design dello stampo. Tutti i componenti sono precisi. Fa funzionare il sistema del cancello senza intoppi, con bassa rumorosit\u00e0. Pu\u00f2 essere aggiunto un ammortizzatore idraulico.<\/li>\n<li>Il design del tornello di sicurezza a treppiede fa passare solo una persona alla volta.<\/li>\n<li>Produttori professionali di tornelli a tripode &#8211; Mairsturnstile.<\/li>\n<li>Unica o bidirezionale \u00e8 un&#8217;opzione.<\/li>\n<li>Indicatore di direzione a LED in alto.<\/li>\n<li>Elettrovalvola: DC24V \u00b15%<\/li>\n<li>Funzione orologio automatico: se si riceve un segnale di apertura, ma il visitatore non attraversa il cancello entro un determinato tempo (default 5s), il braccio del tornello si bloccher\u00e0 automaticamente.<\/li>\n<li>Quando l&#8217;alimentazione \u00e8 spenta, i bracci del tornello a treppiede si abbassano automaticamente per consentire il libero passaggio, in conformit\u00e0 con i requisiti di sicurezza antincendio.<\/li>\n<\/ul>\n<p><iframe title=\"Tornello automatico a treppiede, cancello girevole a treppiede, soluzione tornello a treppiede - MairsTurnstile\" src=\"https:\/\/www.youtube.com\/embed\/6LIOkb5RGwk\" width=\"1150\" height=\"650\" frameborder=\"0\" allowfullscreen=\"allowfullscreen\"><\/iframe><\/p>\n","protected":false},"excerpt":{"rendered":"<p>1. Dimensioni: 1400*280*980 mm (pu\u00f2 essere personalizzato)<\/p>\n<p>2. Larghezza corsia: 550 mm (personalizzabile)<\/p>\n<p>3. Velocit\u00e0 di passaggio: 35 persone\/min<\/p>\n<p>4. Alimentazione: 110V\/220V 50\/60Hz<\/p>\n<p>5. Peso: 40 kg<\/p>\n<p>6. Segnale cancello aperto: contatto pulito\/rel\u00e8<\/p>\n<p>7. Materiale della cassa: acciaio inossidabile 304<\/p>\n<p>8. Affidabilit\u00e0 del meccanismo: 3 milioni, senza colpa<\/p>\n<p>9. Materiale del braccio: acciaio inossidabile 304<\/p>\n<p><strong><a title=\"Tornello a tripode certificato CE Mairs\" href=\"http:\/\/mairsturnstile.com\/wp-content\/uploads\/2022\/09\/Mairs-CE-Certificate-Tripod-Turnstile.pdf\" target=\"_blank\" rel=\"noopener noreferrer\">Certificazione CE<\/a>, <a title=\"Certificato Mairs ISO9001\" href=\"http:\/\/mairsturnstile.com\/wp-content\/uploads\/2022\/09\/Mairs-Registration-Certificate-ISO9001.pdf\" target=\"_blank\" rel=\"noopener noreferrer\">certificato ISO 9001.<\/a><\/strong><\/p>\n","protected":false},"featured_media":24690,"comment_status":"closed","ping_status":"closed","template":"","meta":{"neve_meta_sidebar":"","neve_meta_container":"","neve_meta_enable_content_width":"off","neve_meta_content_width":0,"neve_meta_title_alignment":"","neve_meta_author_avatar":"","neve_post_elements_order":"","neve_meta_disable_header":"","neve_meta_disable_footer":"","neve_meta_disable_title":"","_ti_tpc_template_sync":false,"_ti_tpc_template_id":""},"product_cat":[888,891],"product_tag":[1196,1205,1142],"class_list":["post-10581","product","type-product","status-publish","has-post-thumbnail","hentry","product_cat-tornelli-di-sicurezza","product_cat-tornello-a-tripode","product_tag-cancello-del-tornello-a-tripode","product_tag-cancello-di-sicurezza-a-treppiede","product_tag-produttori-di-tornelli-a-tripode"],"_links":{"self":[{"href":"https:\/\/mairsturnstile.com\/it\/wp-json\/wp\/v2\/product\/10581","targetHints":{"allow":["GET"]}}],"collection":[{"href":"https:\/\/mairsturnstile.com\/it\/wp-json\/wp\/v2\/product"}],"about":[{"href":"https:\/\/mairsturnstile.com\/it\/wp-json\/wp\/v2\/types\/product"}],"replies":[{"embeddable":true,"href":"https:\/\/mairsturnstile.com\/it\/wp-json\/wp\/v2\/comments?post=10581"}],"version-history":[{"count":0,"href":"https:\/\/mairsturnstile.com\/it\/wp-json\/wp\/v2\/product\/10581\/revisions"}],"wp:featuredmedia":[{"embeddable":true,"href":"https:\/\/mairsturnstile.com\/it\/wp-json\/wp\/v2\/media\/24690"}],"wp:attachment":[{"href":"https:\/\/mairsturnstile.com\/it\/wp-json\/wp\/v2\/media?parent=10581"}],"wp:term":[{"taxonomy":"product_cat","embeddable":true,"href":"https:\/\/mairsturnstile.com\/it\/wp-json\/wp\/v2\/product_cat?post=10581"},{"taxonomy":"product_tag","embeddable":true,"href":"https:\/\/mairsturnstile.com\/it\/wp-json\/wp\/v2\/product_tag?post=10581"}],"curies":[{"name":"wp","href":"https:\/\/api.w.org\/{rel}","templated":true}]}}