{"id":10605,"date":"2022-06-19T23:56:13","date_gmt":"2022-06-19T15:56:13","guid":{"rendered":"https:\/\/mairsturnstile.com\/product\/tornello-a-battente-ottico-mt347"},"modified":"2024-05-27T19:56:38","modified_gmt":"2024-05-27T11:56:38","slug":"tornelli-ottici-oscillanti","status":"publish","type":"product","link":"https:\/\/mairsturnstile.com\/it\/prodotto\/tornelli-ottici-oscillanti","title":{"rendered":"TORNELLO A BATTENTE OTTICO MT347"},"content":{"rendered":"        <!-- 3D Model html -->\r\n        <div class=\"bp_grand wrapper_23476\">   \r\n        <div class=\"bp_model_parent\">\r\n            <model-viewer class=\"model\" id=\"bp_model_id_23476\" src=\"http:\/\/mairsturnstile.com\/wp-content\/uploads\/2023\/06\/MT347.glb\" alt=\"MT347\" camera-controls  loading=\"auto\" auto-rotate                        >\r\n            <\/model-viewer>\r\n        \r\n            <!-- Button -->\r\n            <svg id=\"openBtn\" width=\"30px\" height=\"30px\" viewBox=\"0 0 16 16\" xmlns=\"http:\/\/www.w3.org\/2000\/svg\" fill=\"#f2f2f2\" class=\"bi bi-arrows-fullscreen model-icon\">\r\n                <path fill-rule=\"evenodd\" d=\"M5.828 10.172a.5.5 0 0 0-.707 0l-4.096 4.096V11.5a.5.5 0 0 0-1 0v3.975a.5.5 0 0 0 .5.5H4.5a.5.5 0 0 0 0-1H1.732l4.096-4.096a.5.5 0 0 0 0-.707zm4.344 0a.5.5 0 0 1 .707 0l4.096 4.096V11.5a.5.5 0 1 1 1 0v3.975a.5.5 0 0 1-.5.5H11.5a.5.5 0 0 1 0-1h2.768l-4.096-4.096a.5.5 0 0 1 0-.707zm0-4.344a.5.5 0 0 0 .707 0l4.096-4.096V4.5a.5.5 0 1 0 1 0V.525a.5.5 0 0 0-.5-.5H11.5a.5.5 0 0 0 0 1h2.768l-4.096 4.096a.5.5 0 0 0 0 .707zm-4.344 0a.5.5 0 0 1-.707 0L1.025 1.732V4.5a.5.5 0 0 1-1 0V.525a.5.5 0 0 1 .5-.5H4.5a.5.5 0 0 1 0 1H1.732l4.096 4.096a.5.5 0 0 1 0 .707z\"\/>\r\n            <\/svg>\r\n        \r\n            <svg id=\"closeBtn\" class=\"model-icon\" width=\"34px\" height=\"34px\" viewBox=\"0 0 24 24\" xmlns=\"http:\/\/www.w3.org\/2000\/svg\">\r\n                <path fill=\"none\" stroke=\"#f2f2f2\" stroke-width=\"2\" d=\"M7,7 L17,17 M7,17 L17,7\"\/>\r\n            <\/svg>\r\n        \r\n        <\/div>\r\n        <\/div> \r\n\r\n        <!-- Model Viewer Style -->\r\n        <style>\r\n            \r\n            .wrapper_23476 .bp_model_parent, #bp_model_id_23476 {\r\n                width: 1150px;\r\n                max-width: 100%;\r\n                                            }\r\n            #bp_model_id_23476 {\r\n                height:700px;\r\n                background-color: #f2f2f2;\r\n            }\r\n            .fullscreen #bp_model_id_23476{\r\n            height: 100%;\r\n            width: 100%;\r\n            }\r\n            .wrapper_23476 .bp_model_parent{\r\n                justify-content: start            }\r\n            model-viewer.model {\r\n                --poster-color: transparent;\r\n            }\r\n        <\/style>\r\n        \r\n        \n<h2>IL TORNELLO A BATTENTE OTTICO MT347 offre una garanzia di 2 anni e un supporto duraturo per la manutenzione e la riparazione.<\/h2>\n<p>Siamo in grado di fornire servizi OEM e ODM. Abbiamo designer esperti che possono completare una profonda personalizzazione in base a qualsiasi tua esigenza. Forniremo una serie di materiali come rendering 3D, disegni dimensionali, ecc. il prima possibile. Forniamo anche dispositivi biometrici, come lettori di carte IC\/ID, scanner di impronte digitali, scanner di codici QR, fotocamere con riconoscimento facciale e cos\u00ec via. Se avete bisogno di integrare questi dispositivi sul cancello girevole a tutta altezza o se avete domande, <a href=\"https:\/\/mairsturnstile.com\/contact\">contattateci<\/a>.<\/p>\n<p><strong>Il tornello a battente ottico \u00e8 una sorta di tornello a barriera oscillante controllato da sensori, che include il numero di sensori che incorporano una matrice di raggi di rilevamento.<\/strong> La corsia di passaggio sar\u00e0 controllata dalla logica dei sensori. Solo quando il cancello ottico a battente riceve il segnale di apertura, il passaggio \u00e8 libero di accedere. In caso contrario, il sensore attiver\u00e0 l&#8217;allarme. Un tornello a battente ottico pu\u00f2 prevenire efficacemente il tailgating. Se qualcuno ha effettuato l&#8217;accesso all&#8217;interno di una carta valida, l&#8217;allarme avviser\u00e0 le persone della sicurezza. I tornelli ottici sono opzioni perfette se hai bisogno del tuo spazio per avere un aspetto aperto. Pu\u00f2 accelerare il processo di iscrizione. Possono essere in entrambe le direzioni di marcia.<\/p>\n<p>Il sensore comunemente utilizzato dal tornello ottico oscillante \u00e8 un sensore fotoelettrico opposto, che pu\u00f2 rilevare con maggiore precisione il corpo umano. Un cancello girevole a battente ottico \u00e8 dotato di pi\u00f9 gruppi di sensori di radiazione per realizzare il rilevamento di persone dentro e fuori. \u00c8 principalmente all&#8217;ingresso del cancello, al settore dell&#8217;asta dell&#8217;ala e all&#8217;uscita del cancello. Per un rilevamento accurato, alcuni tornelli ottici installano sensori a diverse altezze di ciascuna parte.<\/p>\n<p>Questo tornello a battente ottico con barriera a battente \u00e8 un cancello girevole a battente sottile. Il rel\u00e8 standard e l&#8217;interfaccia RS485 lo rendono compatibile con tutti i sistemi di controllo accessi, come il sistema di carte RFID, il <a href=\"https:\/\/en.wikipedia.org\/wiki\/Facial_recognition\" target=\"_blank\" rel=\"noopener\">riconoscimento facciale<\/a>, il sistema di controllo della temperatura, il sistema a gettoni, il sistema di codici a barre e il controllo accessi ESD Tester. Il <a href=\"https:\/\/mairsturnstile.com\/category\/swing-turnstile-gate\">cancello girevole a battente<\/a> \u00e8 una soluzione d&#8217;ingresso compatta ed economica.<\/p>\n<p>Tutti i modelli di tornelli ottici a battente e cancelli automatici possono essere personalizzati in base alle vostre effettive esigenze. Alcuni modelli di cancelli girevoli a battente e di <a href=\"https:\/\/mairsturnstile.com\/product\/sliding-turnstile\">cancelli girevoli scorrevoli<\/a> possono avere una larghezza di passaggio di 900 mm. <span style=\"font-style: inherit; font-weight: inherit;\">Controllo degli accessi Cancelli girevoli pedonali di sicurezza Tornelli ottici in vetro Cancello di velocit\u00e0.<\/span><\/p>\n<p>Possiamo anche creare un rendering per te in pochi minuti in base al tuo scenario reale. Forniamo anche layout e disegni dettagliati, nonch\u00e9 disegni di installazione.<\/p>\n\n        \t\n\t<style type=\"text\/css\">\n\t\t.slider-info-23487.bafg-slider-info .bafg-slider-title {\n\t\t\t\t\t\tfont-size: 22px;\n\t\t\t\t\t\t\n\t\t\t\n\t\t\t\t\t}\n\n\t\t.slider-info-23487.bafg-slider-info .bafg-slider-description {\n\t\t\t\n\t\t\t\n\t\t\t\t\t}\n\n\t\t.slider-info-23487.bafg-slider-info .bafg_slider_readmore_button {\n\t\t\t\n\t\t\t\n\t\t\t\n\t\t\t\n\t\t\t\n\t\t\ttext-align: center;\n\n\t\t\t\n\t\t\t\n\t\t\t\n\t\t\t\n\t\t\t\n\t\t\t\n\t\t\t\t\t}\n\n\t\t.slider-info-23487.bafg-slider-info .bafg_slider_readmore_button:hover {\n\n\t\t\t\n\t\t\t\n\t\t\t\t\t}\n\n\t<\/style>\n\t\n        <div class=\"bafg-twentytwenty-container slider-23487 \" bafg-orientation=\"horizontal\" bafg-default-offset=\"0.5\" bafg-before-label=\"Before\" bafg-after-label=\"After\" bafg-overlay=\"yes\" bafg-move-slider-on-hover=\"yes\" bafg-click-to-move=\"no\">\n              \n            <img decoding=\"async\" class=\"skip-lazy\" src=\"http:\/\/mairsturnstile.com\/wp-content\/uploads\/2023\/06\/one-way-swing-gate_4.jpg\" alt=\"\" data-skip-lazy title=\"\">\n            <img decoding=\"async\" class=\"skip-lazy\" src=\"http:\/\/mairsturnstile.com\/wp-content\/uploads\/2023\/06\/optical-swing-turnstiles_4.jpg\" alt=\"\" data-skip-lazy title=\"\">\n           \n        <\/div>\n\n        \t<div class=\"bafg-slider-info-wraper\">\n\t\t<div style=\"\" class=\"slider-info-23487 bafg-slider-info\">\n\t\t\t\t\t<\/div>\n\t<\/div>\n\t\n        <style type=\"text\/css\">\n            \n        <\/style>\n        \n<ul>\n<li>In caso di emergenza, interrompere l&#8217;alimentazione elettrica, il tornello ottico a battente in vetro con barriera battente Slim si aprir\u00e0 automaticamente per consentire il libero passaggio conforme ai requisiti di sicurezza antincendio. Ma deve venire con una batteria. Per quanto riguarda l&#8217;esportazione, la batteria \u00e8 sensibile, possiamo usare il condensatore per la sostituzione<\/li>\n<li>Affidabilit\u00e0 del meccanismo: 3 milioni-5 milioni, senza colpa<\/li>\n<li>Il meccanismo anti-colpo si ripristina automaticamente quando si verifica un impatto di forza<\/li>\n<li>La luce LED sui bracci \u00e8 opzionale<\/li>\n<li>Credenza LED.<\/li>\n<li>Direzione di lavoro: bidirezionale\/unidirezionale<\/li>\n<li>Situazione di emergenza: si apre automaticamente quando viene interrotta l&#8217;elettricit\u00e0 con un condensatore<\/li>\n<li>Umidit\u00e0: \u226490%<\/li>\n<li>Temperatura di lavoro: -20\u2103~60\u2103<\/li>\n<li>Distanza di comunicazione: \u22641200 m<\/li>\n<li>Interfaccia di comunicazione: RS485<\/li>\n<li>Caratteristica: lettore IC\/ID, lettore di codici a barre, riconoscimento facciale, impronte digitali, altre apparecchiature di controllo accessi, UPS, ecc<\/li>\n<li>Tempo necessario per l&#8217;apertura: 0,2 s<\/li>\n<li>Campo di applicazione: comunit\u00e0, fabbrica, edificio per uffici, scuola, luogo del resort, ecc<\/li>\n<li>Ambiente di lavoro: al chiuso<\/li>\n<li>Materiale della cassa: acciaio inossidabile 304 e acrilico nero.<\/li>\n<li>Tornelli a battente ottici a prezzi accessibili in vendita.<\/li>\n<li>I tornelli ottici a barriera oscillante sono adatti per soluzioni di ingresso di lusso e di fascia alta.<\/li>\n<li>L&#8217;intero sistema funziona senza intoppi, con bassa rumorosit\u00e0 e alta velocit\u00e0.<\/li>\n<li>Funzione di allarme, in caso di intrusione illegale o intrusione inversa, il cancello a battente si allarma e la porta si blocca.<\/li>\n<li>C&#8217;\u00e8 un totale di 5 coppie di sensori a infrarossi Il sensore centrale serve a prevenire pizzicamento dei pedoni.<\/li>\n<li>Funzione anti-coda, una persona pu\u00f2 passare alla volta. Se qualcuno segue le persone davanti, il cancello della barriera a battente emetter\u00e0 un allarme<\/li>\n<li>Indicatore LED. Croce rossa e freccia verde. Ci sono anche indicatori LED sul montante anteriore. La luce LED pu\u00f2 essere aggiunta ai bracci.<\/li>\n<li>L&#8217;accesso bidirezionale riduce la necessit\u00e0 di pi\u00f9 cancelli. \u00c8 ospitato per sedia a rotelle e passeggino per la spesa aumentando l&#8217;efficienza di passaggio.<\/li>\n<li>Funzione di ripristino automatico. Se le persone non sono passate entro il tempo prestabilito (il tempo predefinito \u00e8 5 secondi), il sistema canceller\u00e0 l&#8217;autorizzazione dell&#8217;utente e chiuder\u00e0 automaticamente<\/li>\n<li>Anti-bump, Anti clamp, I tornelli ottici sono dotati di un motore brushless. Durante il funzionamento, se qualcuno colpisce il braccio, il cancello si ripristiner\u00e0 automaticamente. Questa funzione impedisce efficacemente ai pedoni, in particolare ai bambini, di urtare, tagliare, colpire, ecc.<\/li>\n<\/ul>\n<p>Siamo in grado di fornire l&#8217;intera soluzione di controllo degli accessi di sicurezza. Se disponi di un tuo sistema di controllo degli accessi, puoi utilizzare direttamente il nostro cancello tornello. Se non ne hai uno, forniamo anche una soluzione completa per il controllo degli accessi di sicurezza. Si prega di fare riferimento al video qui sotto per i dettagli.<\/p>\n<p><iframe title=\"Tornello battente ottico, Tornello barriera battente, Tornello battente - MairsTurnstile\" src=\"https:\/\/www.youtube.com\/embed\/hdoBSoM85u4\" width=\"1150\" height=\"650\" frameborder=\"0\" allowfullscreen=\"allowfullscreen\"><\/iframe><\/p>\n","protected":false},"excerpt":{"rendered":"<p>1. Dimensioni: 1334*160*1000 mm (pu\u00f2 essere personalizzato)<\/p>\n<p>2. Larghezza corsia: 600 mm (Standard) 900 mm (Disabili)<\/p>\n<p>3. Materiale del braccio: acrilico da 10 mm<\/p>\n<p>4. Velocit\u00e0 di passaggio: 35 persone\/min<\/p>\n<p>5. Alimentazione: 110 V\/220 V 50\/60 Hz<\/p>\n<p>6. Meccanismo: meccanismo motore DC Brushless<\/p>\n<p>7. Motore di azionamento: 24 V<\/p>\n<p>8. Segnale di apertura del cancello: Contatto secco\/ rel\u00e8<\/p>\n<p>9. Con 5 coppie di sensori<\/p>\n<p><strong><a title=\"Cancello a battente pedonale certificato CE Mairs\" href=\"http:\/\/mairsturnstile.com\/wp-content\/uploads\/2022\/09\/Mairs-CE-Certificate-MT310.pdf\" target=\"_blank\" rel=\"noopener noreferrer\">Certificazione CE<\/a>, <a title=\"Certificato Mairs ISO9001\" href=\"http:\/\/mairsturnstile.com\/wp-content\/uploads\/2022\/09\/Mairs-Registration-Certificate-ISO9001.pdf\" target=\"_blank\" rel=\"noopener noreferrer\">certificato ISO 9001.<\/a><\/strong><\/p>\n<p><a title=\"Brochure sui tornelli ottici a battente\" href=\"http:\/\/mairsturnstile.com\/wp-content\/uploads\/2023\/12\/MT347-brochure.pdf\" target=\"_blank\" rel=\"noopener noreferrer\"><img decoding=\"async\" class=\"alignnone size-full wp-image-11034\" src=\"http:\/\/mairsturnstile.com\/wp-content\/uploads\/2022\/09\/pdf-MairsTurnstile.png\" alt=\"\" width=\"32\" height=\"32\"><strong><span style=\"color: #0000ff;\">Brochure sui tornelli ottici a battente MT347<\/span><\/strong><\/a><\/p>\n","protected":false},"featured_media":25277,"comment_status":"closed","ping_status":"closed","template":"","meta":{"neve_meta_sidebar":"","neve_meta_container":"","neve_meta_enable_content_width":"off","neve_meta_content_width":0,"neve_meta_title_alignment":"","neve_meta_author_avatar":"","neve_post_elements_order":"","neve_meta_disable_header":"","neve_meta_disable_footer":"","neve_meta_disable_title":"","_ti_tpc_template_sync":false,"_ti_tpc_template_id":""},"product_cat":[888,890],"product_tag":[1564,1147,1154,1146,1148],"class_list":["post-10605","product","type-product","status-publish","has-post-thumbnail","hentry","product_cat-tornelli-di-sicurezza","product_cat-tornello-a-battente","product_tag-cancello-tornello-ottico","product_tag-tornelli-ottici","product_tag-tornello-a-barriera-oscillante","product_tag-tornello-ottico","product_tag-tornello-ottico-a-battente"],"_links":{"self":[{"href":"https:\/\/mairsturnstile.com\/it\/wp-json\/wp\/v2\/product\/10605","targetHints":{"allow":["GET"]}}],"collection":[{"href":"https:\/\/mairsturnstile.com\/it\/wp-json\/wp\/v2\/product"}],"about":[{"href":"https:\/\/mairsturnstile.com\/it\/wp-json\/wp\/v2\/types\/product"}],"replies":[{"embeddable":true,"href":"https:\/\/mairsturnstile.com\/it\/wp-json\/wp\/v2\/comments?post=10605"}],"version-history":[{"count":0,"href":"https:\/\/mairsturnstile.com\/it\/wp-json\/wp\/v2\/product\/10605\/revisions"}],"wp:featuredmedia":[{"embeddable":true,"href":"https:\/\/mairsturnstile.com\/it\/wp-json\/wp\/v2\/media\/25277"}],"wp:attachment":[{"href":"https:\/\/mairsturnstile.com\/it\/wp-json\/wp\/v2\/media?parent=10605"}],"wp:term":[{"taxonomy":"product_cat","embeddable":true,"href":"https:\/\/mairsturnstile.com\/it\/wp-json\/wp\/v2\/product_cat?post=10605"},{"taxonomy":"product_tag","embeddable":true,"href":"https:\/\/mairsturnstile.com\/it\/wp-json\/wp\/v2\/product_tag?post=10605"}],"curies":[{"name":"wp","href":"https:\/\/api.w.org\/{rel}","templated":true}]}}