{"id":10606,"date":"2022-02-17T19:22:11","date_gmt":"2022-02-17T11:22:11","guid":{"rendered":"https:\/\/mairsturnstile.com\/product\/personalizzato-swing-turnstile-airport-tornello-mt371l"},"modified":"2024-11-01T15:44:24","modified_gmt":"2024-11-01T07:44:24","slug":"tornello-dellaeroporto","status":"publish","type":"product","link":"https:\/\/mairsturnstile.com\/it\/prodotto\/tornello-dellaeroporto","title":{"rendered":"Personalizzato Swing Turnstile Airport tornello MT371L"},"content":{"rendered":"<h4>Questo tornello aeroportuale offre una garanzia di 2 anni e un supporto duraturo per la manutenzione e la riparazione.<\/h4>\n<p>Siamo in grado di fornire servizi OEM e ODM. Abbiamo designer esperti che possono completare una profonda personalizzazione in base a qualsiasi tua esigenza. Forniremo una serie di materiali come rendering 3D, disegni dimensionali, ecc. il prima possibile. Forniamo anche dispositivi biometrici, come lettori di carte IC\/ID, scanner di impronte digitali, scanner di codici QR, fotocamere con riconoscimento facciale e cos\u00ec via.<\/p>\n<p><strong>Il tornello dell&#8217;aeroporto \u00e8 una sorta di cancello del tornello per la gestione del controllo dell&#8217;accesso pedonale, utilizzato all&#8217;ingresso e all&#8217;uscita dell&#8217;aeroporto per controllare i passeggeri in entrata e in uscita in combinazione con un sistema di controllo dei biglietti dell&#8217;aeroporto.<\/strong><\/p>\n<p>Selezione di tornelli aeroportuali: <a href=\"https:\/\/mairsturnstile.com\/category\/swing-turnstile-gate\">tornelli a battente<\/a>, a <a href=\"https:\/\/mairsturnstile.com\/what-is-flap-barrier.html\">sbarramento<\/a>, a <a href=\"https:\/\/mairsturnstile.com\/speed-gates.html\">velocit\u00e0<\/a>, a <a href=\"https:\/\/mairsturnstile.com\/product\/face-recognition-turnstile\">riconoscimento facciale<\/a>.<\/p>\n<p>Perch\u00e9 usare il tornello dell&#8217;aeroporto? Il flusso aeroportuale \u00e8 molto ampio, si basa solo sulla gestione manuale, molto difficile, soprattutto la gestione degli ingressi e delle uscite. Se nell&#8217;aeroporto sono installati il cancello del tornello intelligente con codice QR e il cancello del tornello con riconoscimento facciale, non solo \u00e8 possibile semplificare la gestione dell&#8217;ingresso e dell&#8217;uscita, ma anche migliorare il livello di gestione.<\/p>\n<p><span style=\"font-weight: 400;\"><span style=\"font-style: inherit; font-weight: inherit;\">Il nostro tornello per aeroporto con barriera oscillante di sicurezza in <a href=\"https:\/\/en.wikipedia.org\/wiki\/Stainless_steel\" target=\"_blank\" rel=\"noopener\">acciaio inossidabile<\/a> SUS 304 offre una corsia larga fino a 1100 mm per ospitare biciclette, sedie a rotelle, moto, carrelli, bagagli, ecc. <\/span><\/span><span style=\"font-style: inherit; font-weight: inherit;\">Tornello a battente da esterno impermeabile in acciaio inox SUS 304 per ingresso appartamento. Viene utilizzato principalmente all&#8217;ingresso di unit\u00e0 aziendali, aree di impianti industriali e aree residenziali di fascia alta.<\/span><\/p>\n<p>Possiamo anche creare un rendering per te in pochi minuti in base al tuo scenario reale. Forniamo anche layout e disegni dettagliati, nonch\u00e9 disegni di installazione.<\/p>\n<ul>\n<li>Cancello girevole aeroportuale ad alta velocit\u00e0 di traffico, che viene solitamente applicato nei luoghi ad alto flusso di traffico con funzionamento bidirezionale.<\/li>\n<li>Il telaio \u00e8 realizzato in acciaio inossidabile 304 a trama sottile, che crea un punto di accesso senza soluzione di continuit\u00e0 ed elegante per adattarsi alla maggior parte degli ambienti interni.<\/li>\n<li>Questo tornello aeroportuale \u00e8 dotato di standard internazionale RS485 e rel\u00e8 che lo rendono ampiamente compatibile con tutti i software esistenti nel settore e quasi tutti i controlli di accesso come sistemi RFID, sistemi di codici a barre, sistemi di riconoscimento facciale, sistemi di impronte digitali, ecc.<\/li>\n<li>In caso di emergenza, interrompere l&#8217;alimentazione, il cancello girevole a battente Slim si aprir\u00e0 automaticamente per consentire il libero passaggio nel rispetto dei requisiti di sicurezza antincendio. Ma deve venire con una batteria. Per quanto riguarda l&#8217;esportazione, la batteria \u00e8 sensibile, possiamo usare il condensatore per la sostituzione<\/li>\n<li>Il tornello aeroportuale \u00e8 adatto a soluzioni di ingresso di lusso e di fascia alta.<\/li>\n<li>L&#8217;intero sistema funziona senza intoppi, con bassa rumorosit\u00e0 e alta velocit\u00e0.<\/li>\n<li>Funzione di allarme, se si tratta di un&#8217;intrusione illegale o di un&#8217;intrusione inversa, il cancello si allarma e la porta si blocca.<\/li>\n<li>Ci sono un totale di 5 paia di sensori a infrarossi. I sensori centrali servono a evitare di pizzicare i pedoni.<\/li>\n<li>Funzione anti-coda, una persona pu\u00f2 passare alla volta. Se qualcuno segue le persone in prima fila, il cancello emetter\u00e0 un allarme<\/li>\n<li>Indicatore LED. Croce rossa e freccia verde. Ci sono anche indicatori LED sul montante anteriore. La luce LED pu\u00f2 essere aggiunta ai bracci.<\/li>\n<li>L&#8217;accesso bidirezionale riduce la necessit\u00e0 di pi\u00f9 cancelli. \u00c8 ospitato per sedia a rotelle e passeggino per la spesa aumentando l&#8217;efficienza di passaggio.<\/li>\n<li>Funzione di ripristino automatico. Se le persone sono passate entro il tempo prestabilito (il tempo predefinito \u00e8 5 secondi), il sistema annuller\u00e0 l&#8217;autorizzazione dell&#8217;utente e si chiuder\u00e0 automaticamente.<\/li>\n<li>Anti-urto, anti-morsetto, il cancello del tornello esterno viene fornito senza spazzole durante il funzionamento se qualcuno colpisce il braccio, il cancello del tornello esterno si ripristiner\u00e0 automaticamente. Questa funzione impedisce efficacemente ai pedoni, in particolare ai bambini, di urtare, tagliare, colpire, ecc.<\/li>\n<li>Le dimensioni e lo spessore del materiale possono essere personalizzati<\/li>\n<li>Materiale della cassa: acciaio inossidabile 304<\/li>\n<li> Affidabilit\u00e0 del meccanismo: 3 milioni-5 milioni, senza colpa<\/li>\n<li>Le luci a LED sui bracci sono opzionali<\/li>\n<li>Il LED sulla credenza \u00e8 opzionale<\/li>\n<li>Spessore forcellone: 10 mm<\/li>\n<li>Direzione di lavoro: bidirezionale\/unidirezionale<\/li>\n<li>Situazione di emergenza: si apre automaticamente quando viene interrotta l&#8217;elettricit\u00e0 con un condensatore<\/li>\n<li>Umidit\u00e0: \u226490%<\/li>\n<li>Temperatura di lavoro: -20\u2103~60\u2103<\/li>\n<li>Distanza di comunicazione: \u22641200 m<\/li>\n<li>Interfaccia di comunicazione: RS485<\/li>\n<li>Caratteristica: lettore IC\/ID, lettore di codici a barre, riconoscimento facciale, impronte digitali, altre apparecchiature di controllo accessi, UPS, ecc<\/li>\n<li>Tempo necessario per l&#8217;apertura: 0,2 s<\/li>\n<li>Ambiente di lavoro: al chiuso<\/li>\n<li>Campo di applicazione: comunit\u00e0, fabbrica, cantiere, scuola, luogo del resort, ecc<\/li>\n<\/ul>\n<p>Siamo in grado di fornire l&#8217;intera soluzione di controllo degli accessi di sicurezza. Se disponi di un tuo sistema di controllo degli accessi, puoi utilizzare direttamente il nostro cancello tornello. Se non ne hai uno, forniamo anche una soluzione completa per il controllo degli accessi di sicurezza. Si prega di fare riferimento al video qui sotto per i dettagli.<\/p>\n<p><iframe title=\"Lettore video di YouTube\" src=\"https:\/\/www.youtube.com\/embed\/rR_US2dIKU8?si=E0N9uSYd9J7L-F0r\" width=\"1150\" height=\"650\" frameborder=\"0\" allowfullscreen=\"allowfullscreen\"><span data-mce-type=\"bookmark\" style=\"display: inline-block; width: 0px; overflow: hidden; line-height: 0;\" class=\"mce_SELRES_start\"><\/span><\/iframe><\/p>\n","protected":false},"excerpt":{"rendered":"<p>1. Dimensioni: 2200*200*1440 mm (pu\u00f2 essere personalizzato)<\/p>\n<p>2. Larghezza corsia: 600 mm (standard)<\/p>\n<p>3. Materiale delle braccia: acrilico<\/p>\n<p>4. Velocit\u00e0 di passaggio: 40 persone\/min<\/p>\n<p>5. Alimentazione: 110V\/220V 50\/60hz<\/p>\n<p>6. Motore senza spazzole<\/p>\n<p>7. Segnale cancello aperto: contatto pulito\/rel\u00e8<\/p>\n<p>8. Motore di azionamento: 24 V<\/p>\n<p>9. Peso: 90 kg\/pz<\/p>\n<p><strong><a title=\"Cancello del tornello a battente certificato CE Mairs\" href=\"http:\/\/mairsturnstile.com\/wp-content\/uploads\/2022\/09\/Mairs-CE-Certificate-Swing-Turnstile-Gate.pdf\" target=\"_blank\" rel=\"noopener noreferrer\">Certificazione CE<\/a>, <a title=\"Certificato Mairs ISO9001\" href=\"http:\/\/mairsturnstile.com\/wp-content\/uploads\/2022\/09\/Mairs-Registration-Certificate-ISO9001.pdf\" target=\"_blank\" rel=\"noopener noreferrer\">certificato ISO 9001.<\/a><\/strong><\/p>\n","protected":false},"featured_media":65819,"comment_status":"closed","ping_status":"closed","template":"","meta":{"neve_meta_sidebar":"","neve_meta_container":"","neve_meta_enable_content_width":"off","neve_meta_content_width":0,"neve_meta_title_alignment":"","neve_meta_author_avatar":"","neve_post_elements_order":"","neve_meta_disable_header":"","neve_meta_disable_footer":"","neve_meta_disable_title":"","_ti_tpc_template_sync":false,"_ti_tpc_template_id":""},"product_cat":[888,890],"product_tag":[1150,1151],"class_list":["post-10606","product","type-product","status-publish","has-post-thumbnail","hentry","product_cat-tornelli-di-sicurezza","product_cat-tornello-a-battente","product_tag-tornello-a-battente","product_tag-tornello-dellaeroporto"],"_links":{"self":[{"href":"https:\/\/mairsturnstile.com\/it\/wp-json\/wp\/v2\/product\/10606","targetHints":{"allow":["GET"]}}],"collection":[{"href":"https:\/\/mairsturnstile.com\/it\/wp-json\/wp\/v2\/product"}],"about":[{"href":"https:\/\/mairsturnstile.com\/it\/wp-json\/wp\/v2\/types\/product"}],"replies":[{"embeddable":true,"href":"https:\/\/mairsturnstile.com\/it\/wp-json\/wp\/v2\/comments?post=10606"}],"version-history":[{"count":0,"href":"https:\/\/mairsturnstile.com\/it\/wp-json\/wp\/v2\/product\/10606\/revisions"}],"wp:featuredmedia":[{"embeddable":true,"href":"https:\/\/mairsturnstile.com\/it\/wp-json\/wp\/v2\/media\/65819"}],"wp:attachment":[{"href":"https:\/\/mairsturnstile.com\/it\/wp-json\/wp\/v2\/media?parent=10606"}],"wp:term":[{"taxonomy":"product_cat","embeddable":true,"href":"https:\/\/mairsturnstile.com\/it\/wp-json\/wp\/v2\/product_cat?post=10606"},{"taxonomy":"product_tag","embeddable":true,"href":"https:\/\/mairsturnstile.com\/it\/wp-json\/wp\/v2\/product_tag?post=10606"}],"curies":[{"name":"wp","href":"https:\/\/api.w.org\/{rel}","templated":true}]}}