{"id":10608,"date":"2021-11-25T18:20:16","date_gmt":"2021-11-25T10:20:16","guid":{"rendered":"https:\/\/mairsturnstile.com\/product\/tornello-dingresso-del-supermercato-tornello-a-battente-mt313"},"modified":"2025-04-07T17:51:49","modified_gmt":"2025-04-07T09:51:49","slug":"supermercato-ingresso-tornello","status":"publish","type":"product","link":"https:\/\/mairsturnstile.com\/it\/prodotto\/supermercato-ingresso-tornello","title":{"rendered":"Tornello d&#8217;ingresso del supermercato Tornello a battente MT313"},"content":{"rendered":"        <!-- 3D Model html -->\r\n        <div class=\"bp_grand wrapper_23461\">   \r\n        <div class=\"bp_model_parent\">\r\n            <model-viewer class=\"model\" id=\"bp_model_id_23461\" src=\"http:\/\/mairsturnstile.com\/wp-content\/uploads\/2024\/11\/mt313.glb\" alt=\"mt313\" camera-controls  loading=\"auto\" auto-rotate                        >\r\n            <\/model-viewer>\r\n        \r\n            <!-- Button -->\r\n            <svg id=\"openBtn\" width=\"30px\" height=\"30px\" viewBox=\"0 0 16 16\" xmlns=\"http:\/\/www.w3.org\/2000\/svg\" fill=\"#f2f2f2\" class=\"bi bi-arrows-fullscreen model-icon\">\r\n                <path fill-rule=\"evenodd\" d=\"M5.828 10.172a.5.5 0 0 0-.707 0l-4.096 4.096V11.5a.5.5 0 0 0-1 0v3.975a.5.5 0 0 0 .5.5H4.5a.5.5 0 0 0 0-1H1.732l4.096-4.096a.5.5 0 0 0 0-.707zm4.344 0a.5.5 0 0 1 .707 0l4.096 4.096V11.5a.5.5 0 1 1 1 0v3.975a.5.5 0 0 1-.5.5H11.5a.5.5 0 0 1 0-1h2.768l-4.096-4.096a.5.5 0 0 1 0-.707zm0-4.344a.5.5 0 0 0 .707 0l4.096-4.096V4.5a.5.5 0 1 0 1 0V.525a.5.5 0 0 0-.5-.5H11.5a.5.5 0 0 0 0 1h2.768l-4.096 4.096a.5.5 0 0 0 0 .707zm-4.344 0a.5.5 0 0 1-.707 0L1.025 1.732V4.5a.5.5 0 0 1-1 0V.525a.5.5 0 0 1 .5-.5H4.5a.5.5 0 0 1 0 1H1.732l4.096 4.096a.5.5 0 0 1 0 .707z\"\/>\r\n            <\/svg>\r\n        \r\n            <svg id=\"closeBtn\" class=\"model-icon\" width=\"34px\" height=\"34px\" viewBox=\"0 0 24 24\" xmlns=\"http:\/\/www.w3.org\/2000\/svg\">\r\n                <path fill=\"none\" stroke=\"#f2f2f2\" stroke-width=\"2\" d=\"M7,7 L17,17 M7,17 L17,7\"\/>\r\n            <\/svg>\r\n        \r\n        <\/div>\r\n        <\/div> \r\n\r\n        <!-- Model Viewer Style -->\r\n        <style>\r\n            \r\n            .wrapper_23461 .bp_model_parent, #bp_model_id_23461 {\r\n                width: 1150px;\r\n                max-width: 100%;\r\n                                            }\r\n            #bp_model_id_23461 {\r\n                height:700px;\r\n                background-color: #f2f2f2;\r\n            }\r\n            .fullscreen #bp_model_id_23461{\r\n            height: 100%;\r\n            width: 100%;\r\n            }\r\n            .wrapper_23461 .bp_model_parent{\r\n                justify-content: start            }\r\n            model-viewer.model {\r\n                --poster-color: transparent;\r\n            }\r\n        <\/style>\r\n        \r\n        \n<h4>Il tornello d&#8217;ingresso del supermercato offre una garanzia di 2 anni e un supporto duraturo per la manutenzione e la riparazione.<\/h4>\n<p>Siamo in grado di fornire servizi OEM e ODM. Abbiamo designer esperti che possono completare una profonda personalizzazione in base a qualsiasi tua esigenza. Forniremo una serie di materiali come rendering 3D, disegni dimensionali, ecc. il prima possibile. Forniamo anche dispositivi biometrici, come lettori di carte IC\/ID, scanner di impronte digitali, scanner di codici QR, fotocamere con riconoscimento facciale e cos\u00ec via. Se avete bisogno di integrare questi dispositivi sul cancello girevole a tutta altezza o se avete domande, <a href=\"https:\/\/mairsturnstile.com\/contact\" target=\"_blank\" rel=\"noopener\">contattateci<\/a>.<\/p>\n<p><strong>Il tornello d&#8217;ingresso del supermercato \u00e8 una sorta di cancello pedonale del tornello, utilizzato specialmente per l&#8217;ingresso e l&#8217;uscita di grandi supermercati e supermercati non presidiati.<\/strong> La lunghezza dell&#8217;asta alare del tornello del supermercato pu\u00f2 essere personalizzata in base alla larghezza dell&#8217;ingresso del supermercato. Naturalmente, questo tornello d&#8217;ingresso del supermercato pu\u00f2 essere utilizzato anche in negozi di abbigliamento, supermercati, gioiellerie, centri commerciali, negozi di cosmetici, librerie, ecc.<\/p>\n<p>Lo scopo principale del tornello d&#8217;ingresso del supermercato \u00e8 la gestione del <a href=\"https:\/\/en.wikipedia.org\/wiki\/Access_control\" target=\"_blank\" rel=\"noopener\">controllo dell&#8217;accesso<\/a> del personale, l&#8217;ispezione di sicurezza e il check-out self-service. Un supermercato \u00e8 un luogo pubblico e tutti andranno a consumarlo. Come cliente ordinario, \u00e8 improbabile che porti con s\u00e9 una carta di accesso. Il tornello d&#8217;ingresso del supermercato aprir\u00e0 automaticamente la porta in base al sensore a infrarossi. Naturalmente, alcune funzioni aggiuntive possono essere personalizzate in base alle effettive esigenze, come il riconoscimento facciale o la scansione di codici QR.<\/p>\n<p>Questo tornello per l&#8217;ingresso del supermercato presenta i vantaggi di nessun rilevamento manuale, alta efficienza, servizio veloce, sicuro e buono.<\/p>\n<p>Il tornello di ingresso del supermercato con guardrail \u00e8 idoneo a controllare il flusso di persone che entrano nel supermercato e a mantenere un accesso standardizzato e ordinato al supermercato. Quando nessuno entra nel supermercato, <a href=\"https:\/\/mairsturnstile.com\/swing-turnstile-gate.html\" target=\"_blank\" rel=\"noopener\">il tornello girevole<\/a> viene automaticamente bloccato.<\/p>\n<p>Possiamo anche creare un rendering per te in pochi minuti in base al tuo scenario reale. Forniamo anche layout e disegni dettagliati, nonch\u00e9 disegni di installazione.<\/p>\n\n        \t\n\t<style type=\"text\/css\">\n\t\t.slider-info-23483.bafg-slider-info .bafg-slider-title {\n\t\t\t\t\t\tfont-size: 22px;\n\t\t\t\t\t\t\n\t\t\t\n\t\t\t\t\t}\n\n\t\t.slider-info-23483.bafg-slider-info .bafg-slider-description {\n\t\t\t\n\t\t\t\n\t\t\t\t\t}\n\n\t\t.slider-info-23483.bafg-slider-info .bafg_slider_readmore_button {\n\t\t\t\n\t\t\t\n\t\t\t\n\t\t\t\n\t\t\t\n\t\t\ttext-align: center;\n\n\t\t\t\n\t\t\t\n\t\t\t\n\t\t\t\n\t\t\t\n\t\t\t\n\t\t\t\t\t}\n\n\t\t.slider-info-23483.bafg-slider-info .bafg_slider_readmore_button:hover {\n\n\t\t\t\n\t\t\t\n\t\t\t\t\t}\n\n\t<\/style>\n\t\n        <div class=\"bafg-twentytwenty-container slider-23483 \" bafg-orientation=\"horizontal\" bafg-default-offset=\"0.5\" bafg-before-label=\"Before\" bafg-after-label=\"After\" bafg-overlay=\"yes\" bafg-move-slider-on-hover=\"yes\" bafg-click-to-move=\"no\">\n              \n            <img decoding=\"async\" class=\"skip-lazy\" src=\"http:\/\/mairsturnstile.com\/wp-content\/uploads\/2023\/07\/supermarket-swing-gate_8.jpg\" alt=\"supermarket swing gate\" data-skip-lazy title=\"\">\n            <img decoding=\"async\" class=\"skip-lazy\" src=\"http:\/\/mairsturnstile.com\/wp-content\/uploads\/2021\/11\/supermarket-entrance-turnstile-4.jpg\" alt=\"supermarket entrance turnstile\" data-skip-lazy title=\"\">\n           \n        <\/div>\n\n        \t<div class=\"bafg-slider-info-wraper\">\n\t\t<div style=\"\" class=\"slider-info-23483 bafg-slider-info\">\n\t\t\t\t\t<\/div>\n\t<\/div>\n\t\n        <style type=\"text\/css\">\n            \n        <\/style>\n        \n<p>Il tornello d&#8217;ingresso del supermercato \u00e8 diverso dai beni di consumo generali. A seconda del luogo in cui il flusso di persone \u00e8 ampio, sono particolarmente unici, come ad esempio: controllare se il personale trasporta la merce fuori dal supermercato, fare acquisti e casse automatiche in occasioni non presidiate e scansionare i codici QR per salvare i clienti tempo, quindi in base alle diverse esigenze, aspetto e funzioni dei diversi luoghi, le soluzioni di sicurezza specifiche per i tornelli del supermercato sono diverse.<\/p>\n<p>Il tornello d&#8217;ingresso del supermercato \u00e8 lucidato con squisito acciaio inossidabile, con uno stile nuovo e un aspetto elegante. Pu\u00f2 controllare efficacemente il flusso di persone e fornire un&#8217;efficace protezione di sicurezza per l&#8217;area riservata.<\/p>\n<p>Affidabilit\u00e0 del meccanismo: 3 milioni, senza guasti<br \/>\n\u00c8 disponibile un braccio acrilico<br \/>\nSpia LED sul coperchio superiore<br \/>\nSono disponibili pezzi singoli o due pezzi per corsia<br \/>\nDirezione di lavoro: bidirezionale\/monodirezionale<br \/>\nSituazione di emergenza: apertura automatica in caso di interruzione di corrente. Batteria di riserva autoalimentata<br \/>\nUmidit\u00e0: \u226490%<br \/>\nMateriale dell&#8217;involucro: acciaio inossidabile 304<br \/>\nTemperatura di esercizio: -20\u2103~60\u2103<br \/>\nDistanza di comunicazione: \u22641200 m<br \/>\nInterfaccia di comunicazione: RS485<br \/>\nFunzionalit\u00e0: lettore IC\/ID, lettore di codici a barre, riconoscimento facciale, impronte digitali, altre apparecchiature di controllo accessi, UPS, ecc.<br \/>\nTempo necessario per l&#8217;apertura: 0,2 s<br \/>\nAmbiente di lavoro: interno o esterno (esterno opzionale)<br \/>\nCampo di applicazione: comunit\u00e0, fabbrica, cantiere, scuola, luogo di villeggiatura, ecc. <\/p>\n<p>Siamo in grado di fornire l&#8217;intera soluzione di controllo degli accessi di sicurezza. Se disponi di un tuo sistema di controllo degli accessi, puoi utilizzare direttamente il nostro cancello tornello. Se non ne hai uno, forniamo anche una soluzione completa per il controllo degli accessi di sicurezza. Si prega di fare riferimento al video qui sotto per i dettagli.<\/p>\n<p><iframe title=\"Lettore video di YouTube\" src=\"https:\/\/www.youtube.com\/embed\/pHbTZ6CR_E8?si=lDw7vp4FUibCYOOb\" width=\"1150\" height=\"650\" frameborder=\"0\" allowfullscreen=\"allowfullscreen\"><span data-mce-type=\"bookmark\" style=\"display: inline-block; width: 0px; overflow: hidden; line-height: 0;\" class=\"mce_SELRES_start\"><\/span><\/iframe><\/p>\n","protected":false},"excerpt":{"rendered":"<p>1. Dimensioni: 250*190*980 mm (pu\u00f2 essere personalizzato)<\/p>\n<p>2. Larghezza massima del passaggio: 1000 mm (personalizzabile)<\/p>\n<p>3. Velocit\u00e0 di passaggio: 40 persone\/min<\/p>\n<p>4. Alimentazione: 110V\/220V 50\/60Hz<\/p>\n<p>5. Consumo di guida: 20 W<\/p>\n<p>6. Segnale cancello aperto: contatto pulito\/rel\u00e8<\/p>\n<p>7. Motore di azionamento senza spazzole: 24 V<\/p>\n<p>8. Peso: 30 kg\/pz<\/p>\n<p>9. Ampiamente usato per l&#8217;uscita gratuita<\/p>\n<p><span style=\"color: #0000ff;\"><strong><a style=\"color: #0000ff;\" title=\"Cancello del tornello a battente certificato CE Mairs\" href=\"http:\/\/mairsturnstile.com\/wp-content\/uploads\/2022\/09\/Mairs-CE-Certificate-Swing-Turnstile-Gate.pdf\" target=\"_blank\" rel=\"noopener noreferrer\">Certificazione CE<\/a>, <a style=\"color: #0000ff;\" title=\"Certificato Mairs ISO9001\" href=\"http:\/\/mairsturnstile.com\/wp-content\/uploads\/2022\/09\/Mairs-Registration-Certificate-ISO9001.pdf\" target=\"_blank\" rel=\"noopener noreferrer\">certificato ISO 9001.<\/a><\/strong><\/span><\/p>\n<p><a title=\"Opuscolo sui tornelli dei supermercati\" href=\"http:\/\/mairsturnstile.com\/wp-content\/uploads\/2023\/12\/MT313-brochure.pdf\" target=\"_blank\" rel=\"noopener noreferrer\" data-wp-editing=\"1\"><img decoding=\"async\" class=\"alignnone size-full wp-image-11034\" src=\"http:\/\/mairsturnstile.com\/wp-content\/uploads\/2022\/09\/pdf-MairsTurnstile.png\" alt=\"\" width=\"32\" height=\"32\"><strong><span style=\"color: #0000ff;\">Opuscolo sui tornelli dei supermercati<\/span><\/strong><\/a><\/p>\n","protected":false},"featured_media":58005,"comment_status":"closed","ping_status":"closed","template":"","meta":{"neve_meta_sidebar":"","neve_meta_container":"","neve_meta_enable_content_width":"off","neve_meta_content_width":0,"neve_meta_title_alignment":"","neve_meta_author_avatar":"","neve_post_elements_order":"","neve_meta_disable_header":"","neve_meta_disable_footer":"","neve_meta_disable_title":"","_ti_tpc_template_sync":false,"_ti_tpc_template_id":""},"product_cat":[888,890],"product_tag":[1546,1549,1548,1150,1152,1375,1153],"class_list":["post-10608","product","type-product","status-publish","has-post-thumbnail","hentry","product_cat-tornelli-di-sicurezza","product_cat-tornello-a-battente","product_tag-cancello-del-tornello","product_tag-costo-del-tornello","product_tag-quanto-costa-un-tornello","product_tag-tornello-a-battente","product_tag-tornello-del-supermercato","product_tag-tornello-di-uscita","product_tag-tornello-ingresso-supermercato"],"_links":{"self":[{"href":"https:\/\/mairsturnstile.com\/it\/wp-json\/wp\/v2\/product\/10608","targetHints":{"allow":["GET"]}}],"collection":[{"href":"https:\/\/mairsturnstile.com\/it\/wp-json\/wp\/v2\/product"}],"about":[{"href":"https:\/\/mairsturnstile.com\/it\/wp-json\/wp\/v2\/types\/product"}],"replies":[{"embeddable":true,"href":"https:\/\/mairsturnstile.com\/it\/wp-json\/wp\/v2\/comments?post=10608"}],"version-history":[{"count":0,"href":"https:\/\/mairsturnstile.com\/it\/wp-json\/wp\/v2\/product\/10608\/revisions"}],"wp:featuredmedia":[{"embeddable":true,"href":"https:\/\/mairsturnstile.com\/it\/wp-json\/wp\/v2\/media\/58005"}],"wp:attachment":[{"href":"https:\/\/mairsturnstile.com\/it\/wp-json\/wp\/v2\/media?parent=10608"}],"wp:term":[{"taxonomy":"product_cat","embeddable":true,"href":"https:\/\/mairsturnstile.com\/it\/wp-json\/wp\/v2\/product_cat?post=10608"},{"taxonomy":"product_tag","embeddable":true,"href":"https:\/\/mairsturnstile.com\/it\/wp-json\/wp\/v2\/product_tag?post=10608"}],"curies":[{"name":"wp","href":"https:\/\/api.w.org\/{rel}","templated":true}]}}