{"id":10612,"date":"2020-09-13T17:14:29","date_gmt":"2020-09-13T09:14:29","guid":{"rendered":"https:\/\/mairsturnstile.com\/product\/servo-motore-cancello-pedonale-a-battente-mt310"},"modified":"2025-04-08T15:23:30","modified_gmt":"2025-04-08T07:23:30","slug":"cancello-pedonale-a-battente","status":"publish","type":"product","link":"https:\/\/mairsturnstile.com\/it\/prodotto\/cancello-pedonale-a-battente","title":{"rendered":"SERVO MOTORE CANCELLO PEDONALE A BATTENTE MT310"},"content":{"rendered":"        <!-- 3D Model html -->\r\n        <div class=\"bp_grand wrapper_25053\">   \r\n        <div class=\"bp_model_parent\">\r\n            <model-viewer class=\"model\" id=\"bp_model_id_25053\" src=\"http:\/\/mairsturnstile.com\/wp-content\/uploads\/2024\/05\/MT310-B-\u706f\u5e26\u52a0\u9ad8\u52a0\u4eba\u8138.glb\" alt=\"MT310-B \u706f\u5e26\u52a0\u9ad8\u52a0\u4eba\u8138\" camera-controls  loading=\"auto\" auto-rotate                        >\r\n            <\/model-viewer>\r\n        \r\n            <!-- Button -->\r\n            <svg id=\"openBtn\" width=\"30px\" height=\"30px\" viewBox=\"0 0 16 16\" xmlns=\"http:\/\/www.w3.org\/2000\/svg\" fill=\"#f2f2f2\" class=\"bi bi-arrows-fullscreen model-icon\">\r\n                <path fill-rule=\"evenodd\" d=\"M5.828 10.172a.5.5 0 0 0-.707 0l-4.096 4.096V11.5a.5.5 0 0 0-1 0v3.975a.5.5 0 0 0 .5.5H4.5a.5.5 0 0 0 0-1H1.732l4.096-4.096a.5.5 0 0 0 0-.707zm4.344 0a.5.5 0 0 1 .707 0l4.096 4.096V11.5a.5.5 0 1 1 1 0v3.975a.5.5 0 0 1-.5.5H11.5a.5.5 0 0 1 0-1h2.768l-4.096-4.096a.5.5 0 0 1 0-.707zm0-4.344a.5.5 0 0 0 .707 0l4.096-4.096V4.5a.5.5 0 1 0 1 0V.525a.5.5 0 0 0-.5-.5H11.5a.5.5 0 0 0 0 1h2.768l-4.096 4.096a.5.5 0 0 0 0 .707zm-4.344 0a.5.5 0 0 1-.707 0L1.025 1.732V4.5a.5.5 0 0 1-1 0V.525a.5.5 0 0 1 .5-.5H4.5a.5.5 0 0 1 0 1H1.732l4.096 4.096a.5.5 0 0 1 0 .707z\"\/>\r\n            <\/svg>\r\n        \r\n            <svg id=\"closeBtn\" class=\"model-icon\" width=\"34px\" height=\"34px\" viewBox=\"0 0 24 24\" xmlns=\"http:\/\/www.w3.org\/2000\/svg\">\r\n                <path fill=\"none\" stroke=\"#f2f2f2\" stroke-width=\"2\" d=\"M7,7 L17,17 M7,17 L17,7\"\/>\r\n            <\/svg>\r\n        \r\n        <\/div>\r\n        <\/div> \r\n\r\n        <!-- Model Viewer Style -->\r\n        <style>\r\n            \r\n            .wrapper_25053 .bp_model_parent, #bp_model_id_25053 {\r\n                width: 1150px;\r\n                max-width: 100%;\r\n                                            }\r\n            #bp_model_id_25053 {\r\n                height:700px;\r\n                background-color: #f9f9f9;\r\n            }\r\n            .fullscreen #bp_model_id_25053{\r\n            height: 100%;\r\n            width: 100%;\r\n            }\r\n            .wrapper_25053 .bp_model_parent{\r\n                justify-content: start            }\r\n            model-viewer.model {\r\n                --poster-color: transparent;\r\n            }\r\n        <\/style>\r\n        \r\n        \n<h4>I cancelli di velocit\u00e0 per cilindri con servomotore MT310 hanno una garanzia di 2 anni e un supporto duraturo per la manutenzione e la riparazione.<\/h4>\n<p>Siamo in grado di fornire servizi OEM e ODM. Possiamo anche personalizzare questi cancelli del tornello di uscita in base alle vostre esigenze. Ad esempio, possiamo personalizzare la larghezza del canale speciale. Forniamo anche dispositivi biometrici, come lettori di carte IC\/ID, scanner di impronte digitali, scanner di codici QR, fotocamere con riconoscimento facciale e cos\u00ec via. Se hai bisogno di integrare questi dispositivi sul cancello del tornello a tutta altezza o hai domande, <a href=\"https:\/\/mairsturnstile.com\/contact\" target=\"_blank\" rel=\"noopener\">contattaci<\/a><\/p>\n<p><strong><b>I cancelli di velocit\u00e0 a cilindro sono un tipo di cancello a tornello di velocit\u00e0 di piccole dimensioni e dal design raffinato, solitamente utilizzato nei passaggi di emergenza o per disabili.<\/b><\/strong><strong> In alcune localit\u00e0 il flusso di traffico \u00e8 elevato. Per evitare il blocco del traffico, \u00e8 possibile impostare separatamente la corsia di ingresso e la corsia di uscita. Quindi questo tornello pedonale per cancelli a battente pu\u00f2 essere unidirezionale. Pu\u00f2 essere utilizzato anche per sedie a rotelle per disabili e per il controllo dell&#8217;accesso dei pedoni disabili.<\/strong><\/p>\n<p>I cancelli di velocit\u00e0 a cilindro con servomotore sono tornelli pedonali molto popolari. Molti clienti lo apprezzano molto ed \u00e8 ampiamente utilizzato per il suo aspetto bello, semplice e generoso e per le sue prestazioni ad alto costo. I varchi pedonali a cilindro utilizzano un servomotore unico nel suo genere, in grado di dare il massimo delle prestazioni.   Possiamo anche personalizzare questi cancelli del tornello di uscita in base alle esigenze dei clienti. Ad esempio, possiamo personalizzare la larghezza del canale speciale. Questi bellissimi tornelli elettronici di Mairs possono essere utilizzati principalmente in supermercati, magazzini, atri di edifici e altri luoghi di uffici.<\/p>\n<p><a href=\"https:\/\/mairsturnstile.com\/category\/security-turnstiles\/\" target=\"_blank\" rel=\"noopener\">Cancello per tornelli<\/a> di sicurezza dei produttori di tornelli -Mairs \u00e8 un prodotto ideale per la gestione dell&#8217;accesso pedonale. Il cancello di velocit\u00e0 cilindrico offre una corsia preferenziale ai passeggeri, in particolare a quelli con bagagli e ai disabili. Viene utilizzato principalmente in edifici residenziali di fascia alta, negozi, supermercati, magazzini, ecc. Essendo dotato di un servomotore, il braccio del cancello di velocit\u00e0 cilindrico \u00e8 molto pi\u00f9 lungo di altri cancelli di velocit\u00e0.<\/p>\n<p>Possiamo anche creare un rendering per te in pochi minuti in base al tuo scenario reale. Forniamo anche layout e disegni dettagliati, nonch\u00e9 disegni di installazione.<\/p>\n\n        \t\n\t<style type=\"text\/css\">\n\t\t.slider-info-25609.bafg-slider-info .bafg-slider-title {\n\t\t\t\t\t\tfont-size: 22px;\n\t\t\t\t\t\t\n\t\t\t\n\t\t\t\t\t}\n\n\t\t.slider-info-25609.bafg-slider-info .bafg-slider-description {\n\t\t\t\n\t\t\t\n\t\t\t\t\t}\n\n\t\t.slider-info-25609.bafg-slider-info .bafg_slider_readmore_button {\n\t\t\t\n\t\t\t\n\t\t\t\n\t\t\t\n\t\t\t\n\t\t\ttext-align: center;\n\n\t\t\t\n\t\t\t\n\t\t\t\n\t\t\t\n\t\t\t\n\t\t\t\n\t\t\t\t\t}\n\n\t\t.slider-info-25609.bafg-slider-info .bafg_slider_readmore_button:hover {\n\n\t\t\t\n\t\t\t\n\t\t\t\t\t}\n\n\t<\/style>\n\t\n        <div class=\"bafg-twentytwenty-container slider-25609 \" bafg-orientation=\"horizontal\" bafg-default-offset=\"0.5\" bafg-before-label=\"Before\" bafg-after-label=\"After\" bafg-overlay=\"yes\" bafg-move-slider-on-hover=\"yes\" bafg-click-to-move=\"no\">\n              \n            <img decoding=\"async\" class=\"skip-lazy\" src=\"http:\/\/mairsturnstile.com\/wp-content\/uploads\/2023\/07\/pedestrian-swing-gate_4.jpg\" alt=\"\" data-skip-lazy title=\"\">\n            <img decoding=\"async\" class=\"skip-lazy\" src=\"http:\/\/mairsturnstile.com\/wp-content\/uploads\/2023\/07\/pedestrian-swing-gate_5.jpg\" alt=\"\" data-skip-lazy title=\"\">\n           \n        <\/div>\n\n        \t<div class=\"bafg-slider-info-wraper\">\n\t\t<div style=\"\" class=\"slider-info-25609 bafg-slider-info\">\n\t\t\t\t\t<\/div>\n\t<\/div>\n\t\n        <style type=\"text\/css\">\n            \n        <\/style>\n        \n<p>Questi cancelli di velocit\u00e0 a cilindro pedonale sono un popolare cancello girevole a battente, utilizzato principalmente in supermercati, magazzini, passaggi pedonali, capannoni, uffici e altri luoghi. Il video mostra principalmente due diversi tipi di cancelli pedonali a battente personalizzati, che si riflettono principalmente nelle dimensioni e nel braccio oscillante di questo tornello a battente. Si pu\u00f2 vedere che i bracci oscillanti dei due prodotti sono diversi, che possono essere sotto forma di aste acriliche o metalliche.<\/p>\n<p>Molti dei nostri clienti hanno anche riferito che questo cancello di velocit\u00e0 cilindrico \u00e8 durevole, bello e conveniente. Se hai bisogno di personalizzare un cancello pedonale a battente simile, non esitare a contattarci. Se vuoi controllare questo tornello a battente con aste di bloccaggio in acrilico, controlla il seguente video:<\/p>\n<ul>\n<li>In caso di emergenza, interrompere l&#8217;alimentazione, i cancelli a velocit\u00e0 cilindrica si apriranno automaticamente per consentire il libero passaggio, in conformit\u00e0 con i requisiti di sicurezza antincendio.<\/li>\n<li>Il <a href=\"https:\/\/en.wikipedia.org\/wiki\/Optical_turnstile\" target=\"_blank\" rel=\"noopener\">tornello ottico<\/a> \u00e8 ampiamente utilizzato per le uscite di emergenza.<\/li>\n<li>L&#8217;intero sistema funziona senza intoppi, con bassa rumorosit\u00e0.<\/li>\n<li>Viene fornito con un servomotore ad alta potenza che funziona senza intoppi e con prestazioni elevate.<\/li>\n<li>Il braccio dei cancelli di velocit\u00e0 a cilindro pu\u00f2 essere in vetro temperato da 500 mm o in acrilico da 800 mm.<\/li>\n<li>Le luci a LED sui bracci sono disponibili quando si utilizza il braccio in acrilico.<\/li>\n<li>Segnale di apertura dei cancelli di velocit\u00e0 del cilindro: Contatto pulito\/ rel\u00e8<\/li>\n<li>Il design \u00e8 piccolo e raffinato ed \u00e8 ampiamente utilizzato per le lobby degli edifici per uffici.<\/li>\n<li>La luce LED pu\u00f2 essere aggiunta al braccio per indicare lo stato della corsia.<\/li>\n<li>L&#8217;accesso bidirezionale riduce la necessit\u00e0 di pi\u00f9 cancelli. \u00c8 ospitato per sedia a rotelle e passeggino per la spesa aumentando l&#8217;efficienza di passaggio.<\/li>\n<li>Funzione di ripristino automatico. Se le persone non sono passate entro il tempo prestabilito (il tempo predefinito \u00e8 5 secondi), il sistema annuller\u00e0 l&#8217;autorizzazione dell&#8217;utente e si chiuder\u00e0 automaticamente.<\/li>\n<\/ul>\n<p>Siamo in grado di fornire l&#8217;intera soluzione di controllo degli accessi di sicurezza. Se disponi di un tuo sistema di controllo degli accessi, puoi utilizzare direttamente il nostro cancello tornello. Se non ne hai uno, forniamo anche una soluzione completa per il controllo degli accessi di sicurezza. Si prega di fare riferimento al video qui sotto per i dettagli.<\/p>\n<p><iframe title=\"Lettore video di YouTube\" src=\"https:\/\/www.youtube.com\/embed\/Z69v4_4BlEA?si=IwoZ07dF4lXe-bmN\" width=\"1150\" height=\"650\" frameborder=\"0\" allowfullscreen=\"allowfullscreen\"><span data-mce-type=\"bookmark\" style=\"display: inline-block; width: 0px; overflow: hidden; line-height: 0;\" class=\"mce_SELRES_start\"><\/span><\/iframe><\/p>\n","protected":false},"excerpt":{"rendered":"<p>1. Dimensioni: 168 * 1000 mm (personalizzabile)<\/p>\n<p>2. Larghezza corsia standard: 600 mm (personalizzabile)<\/p>\n<p>3. Servomotore<\/p>\n<p>4. Alimentazione: 110 V\/220 V 50\/60 Hz<\/p>\n<p>5. Materiale delle braccia: acrilico o vetro temperato<\/p>\n<p>6. Lunghezza del braccio: acrilico-800 mm o vetro temperato-500 mm<\/p>\n<p>7. Motore di azionamento: 24 V<\/p>\n<p>8. Cancelli d&#8217;ingresso per tornelli Peso: 30 kg\/pz<\/p>\n<p>9. Materiale della cassa: acciaio inossidabile 304<\/p>\n<p><span style=\"color: #0000ff;\"><strong><a style=\"color: #0000ff;\" title=\"Cancello a battente pedonale certificato CE Mairs\" href=\"http:\/\/mairsturnstile.com\/wp-content\/uploads\/2022\/09\/Mairs-CE-Certificate-MT310.pdf\" target=\"_blank\" rel=\"noopener noreferrer\">Certificazione CE<\/a>, <a style=\"color: #0000ff;\" title=\"Certificato Mairs ISO9001\" href=\"http:\/\/mairsturnstile.com\/wp-content\/uploads\/2022\/09\/Mairs-Registration-Certificate-ISO9001.pdf\" target=\"_blank\" rel=\"noopener noreferrer\">certificato ISO 9001.<\/a><\/strong><\/span><\/p>\n<p><a title=\"Cancello pedonale a battente con servomotore\" href=\"http:\/\/mairsturnstile.com\/wp-content\/uploads\/2023\/12\/MT310-brochure.pdf\" target=\"_blank\" rel=\"noopener noreferrer\" data-wp-editing=\"1\"><img decoding=\"async\" class=\"alignnone size-full wp-image-11034\" src=\"http:\/\/mairsturnstile.com\/wp-content\/uploads\/2022\/09\/pdf-MairsTurnstile.png\" alt=\"\" width=\"32\" height=\"32\"><strong><span style=\"color: #0000ff;\">Brochure per cancello battente pedonale con servomotore MT310<\/span><\/strong><\/a><\/p>\n","protected":false},"featured_media":58079,"comment_status":"closed","ping_status":"closed","template":"","meta":{"neve_meta_sidebar":"","neve_meta_container":"","neve_meta_enable_content_width":"off","neve_meta_content_width":0,"neve_meta_title_alignment":"","neve_meta_author_avatar":"","neve_post_elements_order":"","neve_meta_disable_header":"","neve_meta_disable_footer":"","neve_meta_disable_title":"","_ti_tpc_template_sync":false,"_ti_tpc_template_id":""},"product_cat":[888,890],"product_tag":[3290,1156,1546,3291,1159,1564,1150,1375,1146],"class_list":["post-10612","product","type-product","status-publish","has-post-thumbnail","hentry","product_cat-tornelli-di-sicurezza","product_cat-tornello-a-battente","product_tag-cancelli-di-velocita-del-cilindro","product_tag-cancello-a-battente-a-battente","product_tag-cancello-del-tornello","product_tag-cancello-di-velocita-cilindrico","product_tag-cancello-pedonale-a-battente","product_tag-cancello-tornello-ottico","product_tag-tornello-a-battente","product_tag-tornello-di-uscita","product_tag-tornello-ottico"],"_links":{"self":[{"href":"https:\/\/mairsturnstile.com\/it\/wp-json\/wp\/v2\/product\/10612","targetHints":{"allow":["GET"]}}],"collection":[{"href":"https:\/\/mairsturnstile.com\/it\/wp-json\/wp\/v2\/product"}],"about":[{"href":"https:\/\/mairsturnstile.com\/it\/wp-json\/wp\/v2\/types\/product"}],"replies":[{"embeddable":true,"href":"https:\/\/mairsturnstile.com\/it\/wp-json\/wp\/v2\/comments?post=10612"}],"version-history":[{"count":0,"href":"https:\/\/mairsturnstile.com\/it\/wp-json\/wp\/v2\/product\/10612\/revisions"}],"wp:featuredmedia":[{"embeddable":true,"href":"https:\/\/mairsturnstile.com\/it\/wp-json\/wp\/v2\/media\/58079"}],"wp:attachment":[{"href":"https:\/\/mairsturnstile.com\/it\/wp-json\/wp\/v2\/media?parent=10612"}],"wp:term":[{"taxonomy":"product_cat","embeddable":true,"href":"https:\/\/mairsturnstile.com\/it\/wp-json\/wp\/v2\/product_cat?post=10612"},{"taxonomy":"product_tag","embeddable":true,"href":"https:\/\/mairsturnstile.com\/it\/wp-json\/wp\/v2\/product_tag?post=10612"}],"curies":[{"name":"wp","href":"https:\/\/api.w.org\/{rel}","templated":true}]}}