{"id":10613,"date":"2020-09-13T17:13:02","date_gmt":"2020-09-13T09:13:02","guid":{"rendered":"https:\/\/mairsturnstile.com\/product\/tornelli-dingresso-tornello-barriera-oscillante-mt321"},"modified":"2024-11-01T15:52:50","modified_gmt":"2024-11-01T07:52:50","slug":"tornelli-dingresso","status":"publish","type":"product","link":"https:\/\/mairsturnstile.com\/it\/prodotto\/tornelli-dingresso","title":{"rendered":"TORNELLI D&#8217;INGRESSO TORNELLO BARRIERA BATTENTE MT340"},"content":{"rendered":"        <!-- 3D Model html -->\r\n        <div class=\"bp_grand wrapper_23468\">   \r\n        <div class=\"bp_model_parent\">\r\n            <model-viewer class=\"model\" id=\"bp_model_id_23468\" src=\"http:\/\/mairsturnstile.com\/wp-content\/uploads\/2023\/06\/MT324.glb\" alt=\"MT324\" camera-controls  loading=\"auto\" auto-rotate                        >\r\n            <\/model-viewer>\r\n        \r\n            <!-- Button -->\r\n            <svg id=\"openBtn\" width=\"30px\" height=\"30px\" viewBox=\"0 0 16 16\" xmlns=\"http:\/\/www.w3.org\/2000\/svg\" fill=\"#f2f2f2\" class=\"bi bi-arrows-fullscreen model-icon\">\r\n                <path fill-rule=\"evenodd\" d=\"M5.828 10.172a.5.5 0 0 0-.707 0l-4.096 4.096V11.5a.5.5 0 0 0-1 0v3.975a.5.5 0 0 0 .5.5H4.5a.5.5 0 0 0 0-1H1.732l4.096-4.096a.5.5 0 0 0 0-.707zm4.344 0a.5.5 0 0 1 .707 0l4.096 4.096V11.5a.5.5 0 1 1 1 0v3.975a.5.5 0 0 1-.5.5H11.5a.5.5 0 0 1 0-1h2.768l-4.096-4.096a.5.5 0 0 1 0-.707zm0-4.344a.5.5 0 0 0 .707 0l4.096-4.096V4.5a.5.5 0 1 0 1 0V.525a.5.5 0 0 0-.5-.5H11.5a.5.5 0 0 0 0 1h2.768l-4.096 4.096a.5.5 0 0 0 0 .707zm-4.344 0a.5.5 0 0 1-.707 0L1.025 1.732V4.5a.5.5 0 0 1-1 0V.525a.5.5 0 0 1 .5-.5H4.5a.5.5 0 0 1 0 1H1.732l4.096 4.096a.5.5 0 0 1 0 .707z\"\/>\r\n            <\/svg>\r\n        \r\n            <svg id=\"closeBtn\" class=\"model-icon\" width=\"34px\" height=\"34px\" viewBox=\"0 0 24 24\" xmlns=\"http:\/\/www.w3.org\/2000\/svg\">\r\n                <path fill=\"none\" stroke=\"#f2f2f2\" stroke-width=\"2\" d=\"M7,7 L17,17 M7,17 L17,7\"\/>\r\n            <\/svg>\r\n        \r\n        <\/div>\r\n        <\/div> \r\n\r\n        <!-- Model Viewer Style -->\r\n        <style>\r\n            \r\n            .wrapper_23468 .bp_model_parent, #bp_model_id_23468 {\r\n                width: 1150px;\r\n                max-width: 100%;\r\n                                            }\r\n            #bp_model_id_23468 {\r\n                height:700px;\r\n                background-color: #f2f2f2;\r\n            }\r\n            .fullscreen #bp_model_id_23468{\r\n            height: 100%;\r\n            width: 100%;\r\n            }\r\n            .wrapper_23468 .bp_model_parent{\r\n                justify-content: start            }\r\n            model-viewer.model {\r\n                --poster-color: transparent;\r\n            }\r\n        <\/style>\r\n        \r\n        \n<h2>TORNELLI D&#8217;INGRESSO BARRIERA BATTENTE CANCELLO TORNELLO offre una garanzia di 2 anni e un supporto duraturo di manutenzione e riparazione.<\/h2>\n<p>Siamo in grado di fornire servizi OEM e ODM. Abbiamo designer esperti che possono completare una profonda personalizzazione in base a qualsiasi tua esigenza. Forniremo una serie di materiali come rendering 3D, disegni dimensionali, ecc. il prima possibile. Forniamo anche dispositivi biometrici, come lettori di carte IC\/ID, scanner di impronte digitali, scanner di codici QR, fotocamere con riconoscimento facciale e cos\u00ec via.<\/p>\n<p style=\"font-weight: 400;\"><span style=\"font-style: inherit; font-weight: inherit;\">Come tornelli d&#8217;ingresso ad<\/span> alte prestazioni <span style=\"font-style: inherit; font-weight: inherit;\">cancello girevole con barriera a battente, il cancello girevole d&#8217;ingresso pu\u00f2 essere utilizzato in molti luoghi in virt\u00f9 dei suoi numerosi vantaggi. Edifici per uffici, biblioteche, aeroporti, ecc., che possono proteggere efficacemente la sicurezza per il controllo degli accessi.<\/span><\/p>\n<p style=\"font-weight: 400;\"><span style=\"font-weight: 400;\">I tornelli d&#8217;ingresso sono un attraente tornello a barriera oscillante che \u00e8 facilmente in grado di gestire volumi elevati e condizioni abusive. \u00c8 ampiamente applicato alle stazioni degli autobus, ai porti, ai quartieri, agli hotel, ai club e alle aziende che vogliono effettuare una gestione intelligente del passaggio. <a href=\"https:\/\/mairsturnstile.com\/\">Mairsturnstile<\/a> offre la migliore qualit\u00e0 in vendita. <\/span><\/p>\n<p>Possiamo anche creare un rendering per te in pochi minuti in base al tuo scenario reale. Forniamo anche layout e disegni dettagliati, nonch\u00e9 disegni di installazione.<\/p>\n\n        \t\n\t<style type=\"text\/css\">\n\t\t.slider-info-23491.bafg-slider-info .bafg-slider-title {\n\t\t\t\t\t\tfont-size: 22px;\n\t\t\t\t\t\t\n\t\t\t\n\t\t\t\t\t}\n\n\t\t.slider-info-23491.bafg-slider-info .bafg-slider-description {\n\t\t\t\n\t\t\t\n\t\t\t\t\t}\n\n\t\t.slider-info-23491.bafg-slider-info .bafg_slider_readmore_button {\n\t\t\t\n\t\t\t\n\t\t\t\n\t\t\t\n\t\t\t\n\t\t\ttext-align: center;\n\n\t\t\t\n\t\t\t\n\t\t\t\n\t\t\t\n\t\t\t\n\t\t\t\n\t\t\t\t\t}\n\n\t\t.slider-info-23491.bafg-slider-info .bafg_slider_readmore_button:hover {\n\n\t\t\t\n\t\t\t\n\t\t\t\t\t}\n\n\t<\/style>\n\t\n        <div class=\"bafg-twentytwenty-container slider-23491 \" bafg-orientation=\"horizontal\" bafg-default-offset=\"0.5\" bafg-before-label=\"Before\" bafg-after-label=\"After\" bafg-overlay=\"yes\" bafg-move-slider-on-hover=\"yes\" bafg-click-to-move=\"no\">\n              \n            <img decoding=\"async\" class=\"skip-lazy\" src=\"http:\/\/mairsturnstile.com\/wp-content\/uploads\/2023\/06\/entry-turnstiles_7.jpg\" alt=\"\" data-skip-lazy title=\"\">\n            <img decoding=\"async\" class=\"skip-lazy\" src=\"http:\/\/mairsturnstile.com\/wp-content\/uploads\/2023\/06\/entry-turnstiles_8.jpg\" alt=\"\" data-skip-lazy title=\"\">\n           \n        <\/div>\n\n        \t<div class=\"bafg-slider-info-wraper\">\n\t\t<div style=\"\" class=\"slider-info-23491 bafg-slider-info\">\n\t\t\t\t\t<\/div>\n\t<\/div>\n\t\n        <style type=\"text\/css\">\n            \n        <\/style>\n        \n<ul>\n<li>I tornelli d&#8217;ingresso sono un cancello ad alta velocit\u00e0, un cancello girevole a battente, che viene solitamente applicato in luoghi con alto flusso di traffico in bidirezionale.<\/li>\n<li>Il telaio \u00e8 realizzato in <a href=\"https:\/\/en.wikipedia.org\/wiki\/Stainless_steel\" target=\"_blank\" rel=\"noopener\">acciaio inossidabile<\/a> 304 a trama sottile, che crea un punto di accesso senza soluzione di continuit\u00e0 ed elegante per adattarsi alla maggior parte degli ambienti interni.<\/li>\n<li>Questo cancello con barriera a battente per tornelli d&#8217;ingresso viene fornito con lo standard internazionale RS485 e rel\u00e8, il che lo rende ampiamente compatibile con tutti i software esistenti nel settore e quasi tutti i controlli di accesso come sistemi RFID, sistemi di codici a barre, sistemi di riconoscimento facciale e sistemi di impronte digitali, ecc.<\/li>\n<li>In caso di emergenza, interrompere l&#8217;alimentazione e il tornello ottico si aprir\u00e0 automaticamente per consentire il libero passaggio conforme ai requisiti di sicurezza antincendio. Ma deve venire con una batteria. Per quanto riguarda l&#8217;esportazione, la batteria \u00e8 sensibile, possiamo usare il condensatore per la sostituzione<\/li>\n<li>I tornelli con ingresso ottico sono adatti per soluzioni di ingresso di lusso e di fascia alta.<\/li>\n<li>L&#8217;intero sistema funziona senza intoppi, con bassa rumorosit\u00e0 e alta velocit\u00e0.<\/li>\n<li>Materiale della cassa: acciaio inossidabile 304<\/li>\n<li>Le dimensioni e lo spessore del materiale possono essere personalizzati<\/li>\n<li>Funzione di allarme, se c&#8217;\u00e8 un&#8217;intrusione illegale e un&#8217;intrusione inversa, il cancello emette l&#8217;allarme e la porta si blocca.<\/li>\n<li>Ci sono un totale di 5 coppie di sensori a infrarossi. I sensori centrali servono a prevenire i pizzichi dei pedoni.<\/li>\n<li>Funzione anti-coda, una persona pu\u00f2 passare alla volta. Se qualcuno segue le persone in prima fila, il cancello emetter\u00e0 un allarme<\/li>\n<li>Indicatore LED. Croce rossa e freccia verde. Ci sono anche indicatori LED sul montante anteriore. La luce LED pu\u00f2 essere aggiunta ai bracci.<\/li>\n<li>L&#8217;accesso bidirezionale riduce la necessit\u00e0 di pi\u00f9 cancelli. \u00c8 ospitato per sedia a rotelle, il passeggino per la spesa aumenta l&#8217;efficienza di passaggio.<\/li>\n<li>Funzione di ripristino automatico. Se le persone sono passate entro il tempo prestabilito (il tempo predefinito \u00e8 5 secondi), il sistema annuller\u00e0 l&#8217;autorizzazione dell&#8217;utente e si chiuder\u00e0 automaticamente<\/li>\n<li>Anti-bump, Anti clamp, I cancelli sono dotati di brushless Durante il funzionamento se qualcuno colpisce il braccio, il cancello si ripristiner\u00e0 automaticamente. Questa funzione impedisce efficacemente ai pedoni, in particolare ai bambini, di urtare, tagliare, colpire, ecc.<\/li>\n<\/ul>\n<p>Siamo in grado di fornire l&#8217;intera soluzione di controllo degli accessi di sicurezza. Se disponi di un tuo sistema di controllo degli accessi, puoi utilizzare direttamente il nostro cancello tornello. Se non ne hai uno, forniamo anche una soluzione completa per il controllo degli accessi di sicurezza. Si prega di fare riferimento al video qui sotto per i dettagli.<\/p>\n<p><iframe title=\"Tornello battente ottico, Tornello barriera battente, Tornello battente - MairsTurnstile\" src=\"https:\/\/www.youtube.com\/embed\/hdoBSoM85u4\" width=\"1150\" height=\"650\" frameborder=\"0\" allowfullscreen=\"allowfullscreen\"><\/iframe><\/p>\n","protected":false},"excerpt":{"rendered":"<p>1. Dimensioni: 1500*160*1000 mm (personalizzabile)<\/p>\n<p>2. Larghezza corsia: 600 mm (Standard) 900 mm (Disabili)<\/p>\n<p>3. Materiale del braccio: acciaio inossidabile 304<\/p>\n<p>4. Velocit\u00e0 di passaggio: 40 persone\/min<\/p>\n<p>5. Alimentazione: 110 V\/220 V 50\/60 Hz<\/p>\n<p>6. Motore a corrente continua: 20 W<\/p>\n<p>7. Segnale cancello aperto: contatto pulito\/rel\u00e8<\/p>\n<p>8. Tornelli ottici Motore di azionamento: 24 V<\/p>\n<p>9. Larghezza massima della corsia: 1600 mm<\/p>\n<p><strong><a title=\"Cancello del tornello a battente certificato CE Mairs\" href=\"http:\/\/mairsturnstile.com\/wp-content\/uploads\/2022\/09\/Mairs-CE-Certificate-Swing-Turnstile-Gate.pdf\" target=\"_blank\" rel=\"noopener noreferrer\">Certificazione CE<\/a>, <a title=\"Certificato Mairs ISO9001\" href=\"http:\/\/mairsturnstile.com\/wp-content\/uploads\/2022\/09\/Mairs-Registration-Certificate-ISO9001.pdf\" target=\"_blank\" rel=\"noopener noreferrer\">certificato ISO 9001.<\/a><\/strong><\/p>\n<p><a title=\"Brochure sui tornelli a battente\" href=\"http:\/\/mairsturnstile.com\/wp-content\/uploads\/2023\/12\/MT340-brochure.pdf%20target=\" rel=\"noopener noreferrer\" data-wp-editing=\"1\"><img decoding=\"async\" class=\"alignnone size-full wp-image-11034\" src=\"http:\/\/mairsturnstile.com\/wp-content\/uploads\/2022\/09\/pdf-MairsTurnstile.png\" alt=\"\" width=\"32\" height=\"32\"><strong><span style=\"color: #0000ff;\">Opuscolo sui tornelli MT340 con ingresso a battente<\/span><\/strong><\/a><\/p>\n","protected":false},"featured_media":22601,"comment_status":"closed","ping_status":"closed","template":"","meta":{"neve_meta_sidebar":"","neve_meta_container":"","neve_meta_enable_content_width":"off","neve_meta_content_width":0,"neve_meta_title_alignment":"","neve_meta_author_avatar":"","neve_post_elements_order":"","neve_meta_disable_header":"","neve_meta_disable_footer":"","neve_meta_disable_title":"","_ti_tpc_template_sync":false,"_ti_tpc_template_id":""},"product_cat":[888,890],"product_tag":[1156,1161,1160,1178,1561,1375],"class_list":["post-10613","product","type-product","status-publish","has-post-thumbnail","hentry","product_cat-tornelli-di-sicurezza","product_cat-tornello-a-battente","product_tag-cancello-a-battente-a-battente","product_tag-ingresso-del-tornello","product_tag-tornelli-dingresso","product_tag-tornelli-economici","product_tag-tornelli-esterni","product_tag-tornello-di-uscita"],"_links":{"self":[{"href":"https:\/\/mairsturnstile.com\/it\/wp-json\/wp\/v2\/product\/10613","targetHints":{"allow":["GET"]}}],"collection":[{"href":"https:\/\/mairsturnstile.com\/it\/wp-json\/wp\/v2\/product"}],"about":[{"href":"https:\/\/mairsturnstile.com\/it\/wp-json\/wp\/v2\/types\/product"}],"replies":[{"embeddable":true,"href":"https:\/\/mairsturnstile.com\/it\/wp-json\/wp\/v2\/comments?post=10613"}],"version-history":[{"count":0,"href":"https:\/\/mairsturnstile.com\/it\/wp-json\/wp\/v2\/product\/10613\/revisions"}],"wp:featuredmedia":[{"embeddable":true,"href":"https:\/\/mairsturnstile.com\/it\/wp-json\/wp\/v2\/media\/22601"}],"wp:attachment":[{"href":"https:\/\/mairsturnstile.com\/it\/wp-json\/wp\/v2\/media?parent=10613"}],"wp:term":[{"taxonomy":"product_cat","embeddable":true,"href":"https:\/\/mairsturnstile.com\/it\/wp-json\/wp\/v2\/product_cat?post=10613"},{"taxonomy":"product_tag","embeddable":true,"href":"https:\/\/mairsturnstile.com\/it\/wp-json\/wp\/v2\/product_tag?post=10613"}],"curies":[{"name":"wp","href":"https:\/\/api.w.org\/{rel}","templated":true}]}}