{"id":10615,"date":"2020-09-13T17:09:56","date_gmt":"2020-09-13T09:09:56","guid":{"rendered":"https:\/\/mairsturnstile.com\/product\/tornello-digitale-cancello-a-battente-mt351"},"modified":"2023-11-01T11:53:13","modified_gmt":"2023-11-01T03:53:13","slug":"tornello-digitale","status":"publish","type":"product","link":"https:\/\/mairsturnstile.com\/it\/prodotto\/tornello-digitale","title":{"rendered":"TORNELLO DIGITALE TORNELLO BATTENTE MT362"},"content":{"rendered":"        <!-- 3D Model html -->\r\n        <div class=\"bp_grand wrapper_24279\">   \r\n        <div class=\"bp_model_parent\">\r\n            <model-viewer class=\"model\" id=\"bp_model_id_24279\" src=\"http:\/\/mairsturnstile.com\/wp-content\/uploads\/2023\/06\/MT380.glb\" alt=\"MT380\" camera-controls  loading=\"auto\" auto-rotate                        >\r\n            <\/model-viewer>\r\n        \r\n            <!-- Button -->\r\n            <svg id=\"openBtn\" width=\"30px\" height=\"30px\" viewBox=\"0 0 16 16\" xmlns=\"http:\/\/www.w3.org\/2000\/svg\" fill=\"#f2f2f2\" class=\"bi bi-arrows-fullscreen model-icon\">\r\n                <path fill-rule=\"evenodd\" d=\"M5.828 10.172a.5.5 0 0 0-.707 0l-4.096 4.096V11.5a.5.5 0 0 0-1 0v3.975a.5.5 0 0 0 .5.5H4.5a.5.5 0 0 0 0-1H1.732l4.096-4.096a.5.5 0 0 0 0-.707zm4.344 0a.5.5 0 0 1 .707 0l4.096 4.096V11.5a.5.5 0 1 1 1 0v3.975a.5.5 0 0 1-.5.5H11.5a.5.5 0 0 1 0-1h2.768l-4.096-4.096a.5.5 0 0 1 0-.707zm0-4.344a.5.5 0 0 0 .707 0l4.096-4.096V4.5a.5.5 0 1 0 1 0V.525a.5.5 0 0 0-.5-.5H11.5a.5.5 0 0 0 0 1h2.768l-4.096 4.096a.5.5 0 0 0 0 .707zm-4.344 0a.5.5 0 0 1-.707 0L1.025 1.732V4.5a.5.5 0 0 1-1 0V.525a.5.5 0 0 1 .5-.5H4.5a.5.5 0 0 1 0 1H1.732l4.096 4.096a.5.5 0 0 1 0 .707z\"\/>\r\n            <\/svg>\r\n        \r\n            <svg id=\"closeBtn\" class=\"model-icon\" width=\"34px\" height=\"34px\" viewBox=\"0 0 24 24\" xmlns=\"http:\/\/www.w3.org\/2000\/svg\">\r\n                <path fill=\"none\" stroke=\"#f2f2f2\" stroke-width=\"2\" d=\"M7,7 L17,17 M7,17 L17,7\"\/>\r\n            <\/svg>\r\n        \r\n        <\/div>\r\n        <\/div> \r\n\r\n        <!-- Model Viewer Style -->\r\n        <style>\r\n            \r\n            .wrapper_24279 .bp_model_parent, #bp_model_id_24279 {\r\n                width: 1150px;\r\n                max-width: 100%;\r\n                                            }\r\n            #bp_model_id_24279 {\r\n                height:700px;\r\n                background-color: #f2f2f2;\r\n            }\r\n            .fullscreen #bp_model_id_24279{\r\n            height: 100%;\r\n            width: 100%;\r\n            }\r\n            .wrapper_24279 .bp_model_parent{\r\n                justify-content: start            }\r\n            model-viewer.model {\r\n                --poster-color: transparent;\r\n            }\r\n        <\/style>\r\n        \r\n        \n<h2>Il cancello del tornello a battente del tornello digitale offre una garanzia di 2 anni e un supporto duraturo per la manutenzione e la riparazione.<\/h2>\n<p>Siamo in grado di fornire servizi OEM e ODM. Abbiamo designer esperti che possono completare una profonda personalizzazione in base a qualsiasi tua esigenza. Forniremo una serie di materiali come rendering 3D, disegni dimensionali, ecc. il prima possibile. Forniamo anche dispositivi biometrici, come lettori di carte IC\/ID, scanner di impronte digitali, scanner di codici QR, fotocamere con riconoscimento facciale e cos\u00ec via.<\/p>\n<p>Il tornello digitale del cancello girevole controlla le persone per entrare o uscire dall&#8217;area riservata. L&#8217;altezza del braccio \u00e8 di 1300 mm, in grado di impedire alle persone di scavalcare il cancello. Il <a href=\"https:\/\/mairsturnstile.com\/category\/swing-turnstile-gate\">tornello a barriera girevole<\/a> \u00e8 un cancello ad alta sicurezza e velocit\u00e0, molto utilizzato negli uffici, negli atri delle banche, ecc.<\/p>\n<p>Possiamo anche creare un rendering per te in pochi minuti in base al tuo scenario reale. Forniamo anche layout e disegni dettagliati, nonch\u00e9 disegni di installazione.<\/p>\n\n        \t\n\t<style type=\"text\/css\">\n\t\t.slider-info-24294.bafg-slider-info .bafg-slider-title {\n\t\t\t\t\t\tfont-size: 22px;\n\t\t\t\t\t\t\n\t\t\t\n\t\t\t\t\t}\n\n\t\t.slider-info-24294.bafg-slider-info .bafg-slider-description {\n\t\t\t\n\t\t\t\n\t\t\t\t\t}\n\n\t\t.slider-info-24294.bafg-slider-info .bafg_slider_readmore_button {\n\t\t\t\n\t\t\t\n\t\t\t\n\t\t\t\n\t\t\t\n\t\t\ttext-align: center;\n\n\t\t\t\n\t\t\t\n\t\t\t\n\t\t\t\n\t\t\t\n\t\t\t\n\t\t\t\t\t}\n\n\t\t.slider-info-24294.bafg-slider-info .bafg_slider_readmore_button:hover {\n\n\t\t\t\n\t\t\t\n\t\t\t\t\t}\n\n\t<\/style>\n\t\n        <div class=\"bafg-twentytwenty-container slider-24294 \" bafg-orientation=\"horizontal\" bafg-default-offset=\"0.5\" bafg-before-label=\"Before\" bafg-after-label=\"After\" bafg-overlay=\"yes\" bafg-move-slider-on-hover=\"yes\" bafg-click-to-move=\"no\">\n              \n            <img decoding=\"async\" class=\"skip-lazy\" src=\"http:\/\/mairsturnstile.com\/wp-content\/uploads\/2023\/06\/digital-turnstile_4.jpg\" alt=\"\" data-skip-lazy title=\"\">\n            <img decoding=\"async\" class=\"skip-lazy\" src=\"http:\/\/mairsturnstile.com\/wp-content\/uploads\/2023\/06\/digital-turnstile_5.jpg\" alt=\"\" data-skip-lazy title=\"\">\n           \n        <\/div>\n\n        \t<div class=\"bafg-slider-info-wraper\">\n\t\t<div style=\"\" class=\"slider-info-24294 bafg-slider-info\">\n\t\t\t\t\t<\/div>\n\t<\/div>\n\t\n        <style type=\"text\/css\">\n            \n        <\/style>\n        \n<ul>\n<li>Il tornello digitale \u00e8 un cancello girevole a battente, un cancello ad alta velocit\u00e0, che viene solitamente applicato in un luogo ad alto flusso di traffico in bidirezionale. Il tornello digitale \u00e8 anche chiamato tornello elettronico o tornelli elettronici.<\/li>\n<li>Il telaio \u00e8 realizzato in <a href=\"https:\/\/en.wikipedia.org\/wiki\/Stainless_steel\" target=\"_blank\" rel=\"noopener\">acciaio inossidabile<\/a> 304 a trama sottile, che crea un punto di accesso senza soluzione di continuit\u00e0 ed elegante per adattarsi alla maggior parte degli ambienti interni.<\/li>\n<li>Questo cancello girevole per tornello digitale a battente \u00e8 dotato di standard internazionale RS485 e rel\u00e8, il che lo rende ampiamente compatibile con tutti i software esistenti nel settore e quasi tutti i controlli di accesso come sistemi RFID, sistemi di codici a barre e sistemi di riconoscimento facciale e sistemi di impronte digitali, ecc.<\/li>\n<li>In caso di emergenza, togliere l&#8217;alimentazione e il tornello a battente Slim si aprir\u00e0 automaticamente per consentire il libero passaggio nel rispetto dei requisiti di sicurezza antincendio. Ma deve venire con una batteria. Per quanto riguarda l&#8217;esportazione, la batteria \u00e8 sensibile, possiamo usare il condensatore per la sostituzione<\/li>\n<li>Il tornello digitale ottico \u00e8 adatto per soluzioni di ingresso di lusso e di fascia alta.<\/li>\n<li>L&#8217;intero sistema funziona senza intoppi, con bassa rumorosit\u00e0 e alta velocit\u00e0.<\/li>\n<li>Materiale del braccio oscillante: acrilico<\/li>\n<li>Spessore forcellone: 10 mm<\/li>\n<li>Funzione di allarme, se c&#8217;\u00e8 un&#8217;intrusione illegale e un&#8217;intrusione inversa, il cancello emette l&#8217;allarme e la porta si blocca.<\/li>\n<li>Ci sono un totale di 5 coppie di sensori a infrarossi. I sensori centrali servono a prevenire i pizzichi dei pedoni.<\/li>\n<li>Funzione anti-coda, una persona pu\u00f2 passare alla volta. Se qualcuno segue le persone in prima fila, il tornello digitale emetter\u00e0 l&#8217;allarme.<\/li>\n<li>Indicatore LED. Croce rossa e freccia verde. Ci sono anche indicatori LED sul montante anteriore. La luce LED pu\u00f2 essere aggiunta ai bracci.<\/li>\n<li>L&#8217;accesso bidirezionale riduce la necessit\u00e0 di pi\u00f9 cancelli. \u00c8 ospitato per sedia a rotelle, il passeggino per la spesa aumenta l&#8217;efficienza di passaggio.<\/li>\n<li>Funzione di ripristino automatico. Se le persone sono passate entro il tempo prestabilito (il tempo predefinito \u00e8 5 secondi), il sistema annuller\u00e0 l&#8217;autorizzazione dell&#8217;utente e si chiuder\u00e0 automaticamente<\/li>\n<li>Anti-bump, Anti clamp, I cancelli sono dotati di brushless Durante il funzionamento se qualcuno colpisce il braccio, il cancello si ripristiner\u00e0 automaticamente. Questa funzione impedisce efficacemente ai pedoni, in particolare ai bambini, di urtare, tagliare, colpire, ecc.<\/li>\n<\/ul>\n<p>Siamo in grado di fornire l&#8217;intera soluzione di controllo degli accessi di sicurezza. Se disponi di un tuo sistema di controllo degli accessi, puoi utilizzare direttamente il nostro cancello tornello. Se non ne hai uno, forniamo anche una soluzione completa per il controllo degli accessi di sicurezza. Si prega di fare riferimento al video qui sotto per i dettagli.<\/p>\n<p><iframe title=\"Tornelli per varchi rapidi di nuovo design, tornelli per ingressi, tornelli per uffici - MairsTurnstile.com\" src=\"https:\/\/www.youtube.com\/embed\/izk8WuYn4no\" width=\"1150\" height=\"650\" frameborder=\"0\" allowfullscreen=\"allowfullscreen\"><\/iframe><\/p>\n","protected":false},"excerpt":{"rendered":"<p>1. Dimensioni: 1400*150*980 mm (pu\u00f2 essere personalizzato)<\/p>\n<p>2. Larghezza corsia: 600 mm (personalizzabile)<\/p>\n<p>3. Altezza braccio: 1300 mm (personalizzabile)<\/p>\n<p>4. Velocit\u00e0 di passaggio: 40 persone\/min<\/p>\n<p>5. Alimentazione: 110 V\/220 V 50\/60 Hz<\/p>\n<p>6. Servomotore<\/p>\n<p>7. Segnale cancello aperto: contatto pulito\/rel\u00e8<\/p>\n<p>8. Tornello a barriera oscillante Motore di azionamento: 24 V<\/p>\n<p>9. Materiale della cassa: acciaio inossidabile 304<\/p>\n<p><span style=\"color: #0000ff;\"><strong><a style=\"color: #0000ff;\" title=\"Tornello Speed Gate certificato CE Mairs\" href=\"http:\/\/mairsturnstile.com\/wp-content\/uploads\/2022\/09\/Mairs-CE-Certificate-Speed-Gate-Turnstile.pdf\" target=\"_blank\" rel=\"noopener noreferrer\">Certificazione CE<\/a>, <a style=\"color: #0000ff;\" title=\"Certificato Mairs ISO9001\" href=\"http:\/\/mairsturnstile.com\/wp-content\/uploads\/2022\/09\/Mairs-Registration-Certificate-ISO9001.pdf\" target=\"_blank\" rel=\"noopener noreferrer\">certificato ISO 9001.<\/a><\/strong><\/span><\/p>\n","protected":false},"featured_media":23587,"comment_status":"closed","ping_status":"closed","template":"","meta":{"neve_meta_sidebar":"","neve_meta_container":"","neve_meta_enable_content_width":"off","neve_meta_content_width":0,"neve_meta_title_alignment":"","neve_meta_author_avatar":"","neve_post_elements_order":"","neve_meta_disable_header":"","neve_meta_disable_footer":"","neve_meta_disable_title":"","_ti_tpc_template_sync":false,"_ti_tpc_template_id":""},"product_cat":[889,888],"product_tag":[1164,1609,1562,1640,1166,1165],"class_list":["post-10615","product","type-product","status-publish","has-post-thumbnail","hentry","product_cat-porte-veloci","product_cat-tornelli-di-sicurezza","product_tag-cancelli-elettronici","product_tag-costruzione-di-tornelli","product_tag-sistema-di-controllo-accessi-al-tornello","product_tag-tornelli-della-biblioteca","product_tag-tornelli-elettronici","product_tag-tornello-digitale"],"_links":{"self":[{"href":"https:\/\/mairsturnstile.com\/it\/wp-json\/wp\/v2\/product\/10615","targetHints":{"allow":["GET"]}}],"collection":[{"href":"https:\/\/mairsturnstile.com\/it\/wp-json\/wp\/v2\/product"}],"about":[{"href":"https:\/\/mairsturnstile.com\/it\/wp-json\/wp\/v2\/types\/product"}],"replies":[{"embeddable":true,"href":"https:\/\/mairsturnstile.com\/it\/wp-json\/wp\/v2\/comments?post=10615"}],"version-history":[{"count":0,"href":"https:\/\/mairsturnstile.com\/it\/wp-json\/wp\/v2\/product\/10615\/revisions"}],"wp:featuredmedia":[{"embeddable":true,"href":"https:\/\/mairsturnstile.com\/it\/wp-json\/wp\/v2\/media\/23587"}],"wp:attachment":[{"href":"https:\/\/mairsturnstile.com\/it\/wp-json\/wp\/v2\/media?parent=10615"}],"wp:term":[{"taxonomy":"product_cat","embeddable":true,"href":"https:\/\/mairsturnstile.com\/it\/wp-json\/wp\/v2\/product_cat?post=10615"},{"taxonomy":"product_tag","embeddable":true,"href":"https:\/\/mairsturnstile.com\/it\/wp-json\/wp\/v2\/product_tag?post=10615"}],"curies":[{"name":"wp","href":"https:\/\/api.w.org\/{rel}","templated":true}]}}