{"id":10616,"date":"2020-09-13T16:01:00","date_gmt":"2020-09-13T08:01:00","guid":{"rendered":"https:\/\/mairsturnstile.com\/product\/tornello-di-riconoscimento-volto-tornello-a-battente-mt342"},"modified":"2024-11-01T15:56:30","modified_gmt":"2024-11-01T07:56:30","slug":"tornello-riconoscimento-facciale","status":"publish","type":"product","link":"https:\/\/mairsturnstile.com\/it\/prodotto\/tornello-riconoscimento-facciale","title":{"rendered":"TORNELLO DI RICONOSCIMENTO VOLTO TORNELLO A BATTENTE MT342"},"content":{"rendered":"        <!-- 3D Model html -->\r\n        <div class=\"bp_grand wrapper_23473\">   \r\n        <div class=\"bp_model_parent\">\r\n            <model-viewer class=\"model\" id=\"bp_model_id_23473\" src=\"http:\/\/mairsturnstile.com\/wp-content\/uploads\/2024\/01\/MT342-1.glb\" alt=\"MT342-1\" camera-controls  loading=\"auto\" auto-rotate                        >\r\n            <\/model-viewer>\r\n        \r\n            <!-- Button -->\r\n            <svg id=\"openBtn\" width=\"30px\" height=\"30px\" viewBox=\"0 0 16 16\" xmlns=\"http:\/\/www.w3.org\/2000\/svg\" fill=\"#f2f2f2\" class=\"bi bi-arrows-fullscreen model-icon\">\r\n                <path fill-rule=\"evenodd\" d=\"M5.828 10.172a.5.5 0 0 0-.707 0l-4.096 4.096V11.5a.5.5 0 0 0-1 0v3.975a.5.5 0 0 0 .5.5H4.5a.5.5 0 0 0 0-1H1.732l4.096-4.096a.5.5 0 0 0 0-.707zm4.344 0a.5.5 0 0 1 .707 0l4.096 4.096V11.5a.5.5 0 1 1 1 0v3.975a.5.5 0 0 1-.5.5H11.5a.5.5 0 0 1 0-1h2.768l-4.096-4.096a.5.5 0 0 1 0-.707zm0-4.344a.5.5 0 0 0 .707 0l4.096-4.096V4.5a.5.5 0 1 0 1 0V.525a.5.5 0 0 0-.5-.5H11.5a.5.5 0 0 0 0 1h2.768l-4.096 4.096a.5.5 0 0 0 0 .707zm-4.344 0a.5.5 0 0 1-.707 0L1.025 1.732V4.5a.5.5 0 0 1-1 0V.525a.5.5 0 0 1 .5-.5H4.5a.5.5 0 0 1 0 1H1.732l4.096 4.096a.5.5 0 0 1 0 .707z\"\/>\r\n            <\/svg>\r\n        \r\n            <svg id=\"closeBtn\" class=\"model-icon\" width=\"34px\" height=\"34px\" viewBox=\"0 0 24 24\" xmlns=\"http:\/\/www.w3.org\/2000\/svg\">\r\n                <path fill=\"none\" stroke=\"#f2f2f2\" stroke-width=\"2\" d=\"M7,7 L17,17 M7,17 L17,7\"\/>\r\n            <\/svg>\r\n        \r\n        <\/div>\r\n        <\/div> \r\n\r\n        <!-- Model Viewer Style -->\r\n        <style>\r\n            \r\n            .wrapper_23473 .bp_model_parent, #bp_model_id_23473 {\r\n                width: 1150px;\r\n                max-width: 100%;\r\n                                            }\r\n            #bp_model_id_23473 {\r\n                height:700px;\r\n                background-color: #f2f2f2;\r\n            }\r\n            .fullscreen #bp_model_id_23473{\r\n            height: 100%;\r\n            width: 100%;\r\n            }\r\n            .wrapper_23473 .bp_model_parent{\r\n                justify-content: start            }\r\n            model-viewer.model {\r\n                --poster-color: transparent;\r\n            }\r\n        <\/style>\r\n        \r\n        \n<h4>CANCELLO DEL TORNELLO A BATTENTE CON RICONOSCIMENTO DEL VOLTO Il CANCELLO DEL TORNELLO A BATTENTE offre una garanzia di 2 anni e un supporto durevole di manutenzione e riparazione.<\/h4>\n<p>Siamo in grado di fornire servizi OEM e ODM. Mairs offre in vendita il miglior cancello girevole per tornelli con <a href=\"https:\/\/en.wikipedia.org\/wiki\/Facial_recognition\" target=\"_blank\" rel=\"noopener\">riconoscimento facciale.<\/a> Forniamo anche dispositivi biometrici, come lettori di carte IC\/ID, scanner di impronte digitali, scanner di codici QR, fotocamere con riconoscimento facciale e cos\u00ec via.<\/p>\n<p><strong>Il tornello a riconoscimento facciale \u00e8 un tipo di tornello pedonale integrato con una <a href=\"https:\/\/mairsturnstile.com\/product\/face-recognition-camera\">telecamera di riconoscimento facciale<\/a><\/strong>. <strong>Di solito, tutti i tipi di cancelli girevoli possono essere integrati con una telecamera di riconoscimento facciale.<\/strong> Naturalmente, la telecamera di riconoscimento facciale pu\u00f2 anche integrare la funzione di misurazione della temperatura. Con lo sviluppo della societ\u00e0 e il progresso della scienza e della tecnologia, il tornello per il riconoscimento facciale sar\u00e0 sempre pi\u00f9 ampiamente utilizzato. Se avete bisogno di un qualsiasi tipo di cancello girevole con telecamera per il riconoscimento facciale, vi preghiamo di <a href=\"https:\/\/mairsturnstile.com\/contact\">richiederci<\/a><\/p>\n<p>Il tornello di riconoscimento facciale \u00e8 composto da due parti: il terminale della telecamera di riconoscimento facciale e il cancello pedonale del tornello. La differenza tra il tornello di riconoscimento facciale e il cancello del tornello utilizzato da solo \u00e8 che il tornello di riconoscimento facciale non solo pu\u00f2 controllare il cancello del tornello attraverso lo scorrimento della carta e il codice QR, ma pu\u00f2 anche controllare l&#8217;apertura del cancello del tornello attraverso il riconoscimento facciale (spazzolamento facciale), che fa non solo migliora l&#8217;esperienza dei pedoni dentro e fuori, ma migliora anche la sicurezza del luogo.<\/p>\n<p>Il riconoscimento facciale \u00e8 visivo e in linea con le abitudini di pensiero delle persone. In una certa misura, \u00e8 pi\u00f9 conveniente, sicuro e affidabile di password e chiavi. Il cancello girevole con riconoscimento facciale dinamico integra le funzioni di raccolta dei volti in loco, verifica dell&#8217;identit\u00e0, avviso anticipato della lista nera e cos\u00ec via. Dalla lettura delle informazioni sulla carta d&#8217;identit\u00e0 alla raccolta in loco delle foto dei volti, al confronto e all&#8217;ottenimento dei risultati, l&#8217;intero processo \u00e8 automatizzato senza aggiungere la configurazione hardware della periferica. Il processo operativo non richiede interventi manuali e le informazioni raccolte e i risultati del confronto possono essere caricati in tempo reale sulla piattaforma di acquisizione di big data.<\/p>\n<p>Negli ultimi anni, l&#8217;applicazione del tornello di riconoscimento facciale \u00e8 sempre pi\u00f9 diffusa. Molti edifici per uffici, stazioni ferroviarie e altri luoghi affollati utilizzano cancelli a tornello con riconoscimento facciale. Il tornello di riconoscimento facciale non solo pu\u00f2 confrontare rapidamente le persone dentro e fuori, ma anche migliorare efficacemente la sicurezza del sito e l&#8217;efficienza del traffico.<\/p>\n<p>Basato sul cancello del tornello hardware, il tornello di riconoscimento facciale aggiunge un modulo di riconoscimento facciale. Dopo aver raccolto le informazioni sul volto del visitatore e aver giudicato l&#8217;autorit\u00e0 in visita attraverso l&#8217;elaborazione di determinati algoritmi, viene spesso utilizzato nei luoghi pubblici per sostituire gli audit manuali.<\/p>\n<p>Possiamo anche creare un rendering per te in pochi minuti in base al tuo scenario reale. Forniamo anche layout e disegni dettagliati, nonch\u00e9 disegni di installazione.<\/p>\n\n        \t\n\t<style type=\"text\/css\">\n\t\t.slider-info-23490.bafg-slider-info .bafg-slider-title {\n\t\t\t\t\t\tfont-size: 22px;\n\t\t\t\t\t\t\n\t\t\t\n\t\t\t\t\t}\n\n\t\t.slider-info-23490.bafg-slider-info .bafg-slider-description {\n\t\t\t\n\t\t\t\n\t\t\t\t\t}\n\n\t\t.slider-info-23490.bafg-slider-info .bafg_slider_readmore_button {\n\t\t\t\n\t\t\t\n\t\t\t\n\t\t\t\n\t\t\t\n\t\t\ttext-align: center;\n\n\t\t\t\n\t\t\t\n\t\t\t\n\t\t\t\n\t\t\t\n\t\t\t\n\t\t\t\t\t}\n\n\t\t.slider-info-23490.bafg-slider-info .bafg_slider_readmore_button:hover {\n\n\t\t\t\n\t\t\t\n\t\t\t\t\t}\n\n\t<\/style>\n\t\n        <div class=\"bafg-twentytwenty-container slider-23490 \" bafg-orientation=\"horizontal\" bafg-default-offset=\"0.5\" bafg-before-label=\"Before\" bafg-after-label=\"After\" bafg-overlay=\"yes\" bafg-move-slider-on-hover=\"yes\" bafg-click-to-move=\"no\">\n              \n            <img decoding=\"async\" class=\"skip-lazy\" src=\"http:\/\/mairsturnstile.com\/wp-content\/uploads\/2023\/06\/turnstile-swing-gate_6.jpg\" alt=\"turnstile swing gate\" data-skip-lazy title=\"\">\n            <img decoding=\"async\" class=\"skip-lazy\" src=\"http:\/\/mairsturnstile.com\/wp-content\/uploads\/2020\/09\/face-recognition-turnstile-5.jpg\" alt=\"face recognition turnstile\" data-skip-lazy title=\"\">\n           \n        <\/div>\n\n        \t<div class=\"bafg-slider-info-wraper\">\n\t\t<div style=\"\" class=\"slider-info-23490 bafg-slider-info\">\n\t\t\t\t\t<\/div>\n\t<\/div>\n\t\n        <style type=\"text\/css\">\n            \n        <\/style>\n        \n<h3>Principio del tornello di riconoscimento facciale:<\/h3>\n<p>In primo luogo, raccogliere le informazioni sul volto della persona che passa il cancello del tornello attraverso la telecamera di riconoscimento facciale, quindi confrontarle con le informazioni sul personale nel database di sistema. Se il confronto del riconoscimento facciale passa, invia il segnale di apertura del cancello al cancello del tornello e il pedone pu\u00f2 oltrepassare il cancello. Se non ci sono informazioni sul volto della persona che passa il cancello nel database, pu\u00f2 passare strisciando la carta.<\/p>\n<p>In caso di intrusione illegale, il deflettore posteriore di rilevamento del cancello del tornello si bloccher\u00e0 automaticamente e allarmer\u00e0. In caso di follow-up, il cancello del tornello accender\u00e0 la luce rossa e l&#8217;allarme. Antiretrogrado. Dopo il riconoscimento facciale, se un dipendente dell&#8217;altra parte \u00e8 retrogrado, l&#8217;asta del freno del cancello del tornello verr\u00e0 automaticamente chiusa e bloccata.<\/p>\n<p>Il tornello a battente con riconoscimento facciale \u00e8 elegante ed efficiente. \u00c8 ampiamente utilizzato nella hall dell&#8217;hotel, negli edifici per uffici, nelle banche e in altri luoghi pubblici.<\/p>\n<p>L&#8217;amministratore pu\u00f2 controllare efficacemente l&#8217;ingresso e l&#8217;uscita. \u00c8 ad alta velocit\u00e0 e pu\u00f2 rispondere rapidamente a occasioni di traffico elevato.<\/p>\n<p>\u00c8 facile configurare l&#8217;accesso multiplo in base alla larghezza dell&#8217;ingresso. La larghezza della corsia pu\u00f2 essere di 900 mm per l&#8217;accesso di portatori di handicap o bagagli. Se desideri acquistare un cancello tornello, controlla la nostra <a href=\"https:\/\/mairsturnstile.com\/category\/security-turnstiles\">pagina dei prodotti.<\/a><\/p>\n<ul>\n<li>Tornello di riconoscimento facciale ad alta velocit\u00e0 di traffico, che viene solitamente applicato in localit\u00e0 ad alto flusso di traffico in direzione bidirezionale.<\/li>\n<li>Il telaio \u00e8 realizzato in acciaio inossidabile 304 a trama sottile, che crea un punto di accesso senza soluzione di continuit\u00e0 ed elegante per adattarsi alla maggior parte degli ambienti interni.<\/li>\n<li>Questo tornello di riconoscimento facciale viene fornito con lo standard internazionale RS485 e rel\u00e8, il che lo rende ampiamente compatibile con tutti i software esistenti nel settore e quasi tutti i controlli di accesso come sistemi RFID, sistemi di codici a barre, sistemi di riconoscimento facciale, sistemi di impronte digitali, ecc.<\/li>\n<li>In caso di emergenza, togliere l&#8217;alimentazione, il tornello a battente Slim si aprir\u00e0 automaticamente per consentire il libero passaggio nel rispetto dei requisiti di sicurezza antincendio. Ma deve venire con una batteria. Per quanto riguarda l&#8217;esportazione, la batteria \u00e8 sensibile, possiamo usare il condensatore per la sostituzione<\/li>\n<li>Il cancello del tornello a battente con riconoscimento facciale \u00e8 adatto per soluzioni di ingresso di lusso e di fascia alta.<\/li>\n<li>L&#8217;intero sistema funziona senza intoppi, con bassa rumorosit\u00e0, alta velocit\u00e0.<\/li>\n<li>Interfaccia di comunicazione: RS485<\/li>\n<li>Funzione di allarme, se c&#8217;\u00e8 un&#8217;intrusione illegale e un&#8217;intrusione inversa, il cancello emette l&#8217;allarme e la porta si blocca.<\/li>\n<li>Ci sono un totale di 5 coppie di sensori a infrarossi. I sensori centrali servono a prevenire i pizzichi dei pedoni.<\/li>\n<li>Funzione anti-coda, una persona pu\u00f2 passare alla volta. Se qualcuno segue le persone in prima fila, il cancello emetter\u00e0 un allarme.<\/li>\n<li>Indicatore LED. Croce rossa e freccia verde. Ci sono anche indicatori LED sul montante anteriore. La luce LED pu\u00f2 essere aggiunta ai bracci.<\/li>\n<li>L&#8217;accesso bidirezionale riduce la necessit\u00e0 di pi\u00f9 cancelli. \u00c8 ospitato per sedia a rotelle, il passeggino per la spesa aumenta l&#8217;efficienza di passaggio.<\/li>\n<li>Funzione di ripristino automatico. Se le persone sono passate entro il tempo prestabilito (il tempo predefinito \u00e8 5 secondi), il sistema annuller\u00e0 l&#8217;autorizzazione dell&#8217;utente e si chiuder\u00e0 automaticamente.<\/li>\n<li>Anti-bump, Anti clamp, I cancelli sono dotati di brushless Durante il funzionamento se qualcuno colpisce il braccio, il cancello si ripristiner\u00e0 automaticamente. Questa funzione impedisce efficacemente ai pedoni, in particolare ai bambini, di urtare, tagliare, colpire, ecc.<\/li>\n<\/ul>\n<p>Siamo in grado di fornire l&#8217;intera soluzione di controllo degli accessi di sicurezza. Se disponi di un tuo sistema di controllo degli accessi, puoi utilizzare direttamente il nostro cancello tornello. Se non ne hai uno, forniamo anche una soluzione completa per il controllo degli accessi di sicurezza. Si prega di fare riferimento al video qui sotto per i dettagli.<\/p>\n<p><iframe title=\"Tornello aeroportuale, tornello speed gate per aeroporto, stazione metropolitana - MairsTurnstile.com\" src=\"https:\/\/www.youtube.com\/embed\/rR_US2dIKU8\" width=\"1150\" height=\"650\" frameborder=\"0\" allowfullscreen=\"allowfullscreen\"><\/iframe><\/p>\n","protected":false},"excerpt":{"rendered":"<p>1. Dimensioni: 1400 * 180 * 1000 mm (personalizzabile)<\/p>\n<p>2. Larghezza corsia: 600 mm (standard) 900 mm (handicappati)<\/p>\n<p>3. Materiale del braccio: acrilico<\/p>\n<p>4. Velocit\u00e0 di passaggio: 40 persone\/min<\/p>\n<p>5. Alimentazione: 110V\/220V 50\/60Hz<\/p>\n<p>6. Motore senza spazzole<\/p>\n<p>7. Segnale cancello aperto: contatto pulito\/rel\u00e8<\/p>\n<p>8. Motore di azionamento del tornello a battente: 24V<\/p>\n<p>9. La luce LED sulle braccia \u00e8 opzionale<\/p>\n<p><strong><a title=\"Cancello del tornello a battente certificato CE Mairs\" href=\"http:\/\/mairsturnstile.com\/wp-content\/uploads\/2022\/09\/Mairs-CE-Certificate-Swing-Turnstile-Gate.pdf\" target=\"_blank\" rel=\"noopener noreferrer\">Certificazione CE<\/a>, <a title=\"Certificato Mairs ISO9001\" href=\"http:\/\/mairsturnstile.com\/wp-content\/uploads\/2022\/09\/Mairs-Registration-Certificate-ISO9001.pdf\" target=\"_blank\" rel=\"noopener noreferrer\">certificato ISO 9001.<\/a><\/strong><\/p>\n<p><a title=\"Brochure sui tornelli con riconoscimento facciale\" href=\"http:\/\/mairsturnstile.com\/wp-content\/uploads\/2023\/12\/MT342-brochure.pdf\" target=\"_blank\" rel=\"noopener noreferrer\"><img decoding=\"async\" class=\"alignnone size-full wp-image-11034\" src=\"http:\/\/mairsturnstile.com\/wp-content\/uploads\/2022\/09\/pdf-MairsTurnstile.png\" alt=\"\" width=\"32\" height=\"32\"><strong><span style=\"color: #0000ff;\">Brochure del tornello con riconoscimento facciale MT342<\/span><\/strong><\/a><\/p>\n","protected":false},"featured_media":44275,"comment_status":"closed","ping_status":"closed","template":"","meta":{"neve_meta_sidebar":"","neve_meta_container":"","neve_meta_enable_content_width":"off","neve_meta_content_width":0,"neve_meta_title_alignment":"","neve_meta_author_avatar":"","neve_post_elements_order":"","neve_meta_disable_header":"","neve_meta_disable_footer":"","neve_meta_disable_title":"","_ti_tpc_template_sync":false,"_ti_tpc_template_id":""},"product_cat":[888,890],"product_tag":[1156,1167,1168,1375],"class_list":["post-10616","product","type-product","status-publish","has-post-thumbnail","hentry","product_cat-tornelli-di-sicurezza","product_cat-tornello-a-battente","product_tag-cancello-a-battente-a-battente","product_tag-cancello-girevole-con-riconoscimento-facciale","product_tag-tornello-di-riconoscimento-facciale","product_tag-tornello-di-uscita"],"_links":{"self":[{"href":"https:\/\/mairsturnstile.com\/it\/wp-json\/wp\/v2\/product\/10616","targetHints":{"allow":["GET"]}}],"collection":[{"href":"https:\/\/mairsturnstile.com\/it\/wp-json\/wp\/v2\/product"}],"about":[{"href":"https:\/\/mairsturnstile.com\/it\/wp-json\/wp\/v2\/types\/product"}],"replies":[{"embeddable":true,"href":"https:\/\/mairsturnstile.com\/it\/wp-json\/wp\/v2\/comments?post=10616"}],"version-history":[{"count":0,"href":"https:\/\/mairsturnstile.com\/it\/wp-json\/wp\/v2\/product\/10616\/revisions"}],"wp:featuredmedia":[{"embeddable":true,"href":"https:\/\/mairsturnstile.com\/it\/wp-json\/wp\/v2\/media\/44275"}],"wp:attachment":[{"href":"https:\/\/mairsturnstile.com\/it\/wp-json\/wp\/v2\/media?parent=10616"}],"wp:term":[{"taxonomy":"product_cat","embeddable":true,"href":"https:\/\/mairsturnstile.com\/it\/wp-json\/wp\/v2\/product_cat?post=10616"},{"taxonomy":"product_tag","embeddable":true,"href":"https:\/\/mairsturnstile.com\/it\/wp-json\/wp\/v2\/product_tag?post=10616"}],"curies":[{"name":"wp","href":"https:\/\/api.w.org\/{rel}","templated":true}]}}