{"id":10621,"date":"2020-09-13T17:05:10","date_gmt":"2020-09-13T09:05:10","guid":{"rendered":"https:\/\/mairsturnstile.com\/product\/cancello-veloce-a-battente-a-battente-mt355"},"modified":"2023-11-23T16:00:06","modified_gmt":"2023-11-23T08:00:06","slug":"fornitore-tornello-in-malesia","status":"publish","type":"product","link":"https:\/\/mairsturnstile.com\/it\/prodotto\/fornitore-tornello-in-malesia","title":{"rendered":"CANCELLO TORNELLI BATTENTI FASTLANE SPEED MT368"},"content":{"rendered":"        <!-- 3D Model html -->\r\n        <div class=\"bp_grand wrapper_24277\">   \r\n        <div class=\"bp_model_parent\">\r\n            <model-viewer class=\"model\" id=\"bp_model_id_24277\" src=\"http:\/\/mairsturnstile.com\/wp-content\/uploads\/2023\/06\/MT368.glb\" alt=\"MT368\" camera-controls  loading=\"auto\" auto-rotate                        >\r\n            <\/model-viewer>\r\n        \r\n            <!-- Button -->\r\n            <svg id=\"openBtn\" width=\"30px\" height=\"30px\" viewBox=\"0 0 16 16\" xmlns=\"http:\/\/www.w3.org\/2000\/svg\" fill=\"#f2f2f2\" class=\"bi bi-arrows-fullscreen model-icon\">\r\n                <path fill-rule=\"evenodd\" d=\"M5.828 10.172a.5.5 0 0 0-.707 0l-4.096 4.096V11.5a.5.5 0 0 0-1 0v3.975a.5.5 0 0 0 .5.5H4.5a.5.5 0 0 0 0-1H1.732l4.096-4.096a.5.5 0 0 0 0-.707zm4.344 0a.5.5 0 0 1 .707 0l4.096 4.096V11.5a.5.5 0 1 1 1 0v3.975a.5.5 0 0 1-.5.5H11.5a.5.5 0 0 1 0-1h2.768l-4.096-4.096a.5.5 0 0 1 0-.707zm0-4.344a.5.5 0 0 0 .707 0l4.096-4.096V4.5a.5.5 0 1 0 1 0V.525a.5.5 0 0 0-.5-.5H11.5a.5.5 0 0 0 0 1h2.768l-4.096 4.096a.5.5 0 0 0 0 .707zm-4.344 0a.5.5 0 0 1-.707 0L1.025 1.732V4.5a.5.5 0 0 1-1 0V.525a.5.5 0 0 1 .5-.5H4.5a.5.5 0 0 1 0 1H1.732l4.096 4.096a.5.5 0 0 1 0 .707z\"\/>\r\n            <\/svg>\r\n        \r\n            <svg id=\"closeBtn\" class=\"model-icon\" width=\"34px\" height=\"34px\" viewBox=\"0 0 24 24\" xmlns=\"http:\/\/www.w3.org\/2000\/svg\">\r\n                <path fill=\"none\" stroke=\"#f2f2f2\" stroke-width=\"2\" d=\"M7,7 L17,17 M7,17 L17,7\"\/>\r\n            <\/svg>\r\n        \r\n        <\/div>\r\n        <\/div> \r\n\r\n        <!-- Model Viewer Style -->\r\n        <style>\r\n            \r\n            .wrapper_24277 .bp_model_parent, #bp_model_id_24277 {\r\n                width: 1150px;\r\n                max-width: 100%;\r\n                                            }\r\n            #bp_model_id_24277 {\r\n                height:700px;\r\n                background-color: #f2f2f2;\r\n            }\r\n            .fullscreen #bp_model_id_24277{\r\n            height: 100%;\r\n            width: 100%;\r\n            }\r\n            .wrapper_24277 .bp_model_parent{\r\n                justify-content: start            }\r\n            model-viewer.model {\r\n                --poster-color: transparent;\r\n            }\r\n        <\/style>\r\n        \r\n        \n<h4>FORNITORE DI TORNELLI IN MALESIA OFFERTA I tornelli fastlane hanno una garanzia di 2 anni e un supporto duraturo per la manutenzione e la riparazione.<\/h4>\n<p>Siamo in grado di fornire servizi OEM e ODM. Abbiamo designer esperti che possono completare una profonda personalizzazione in base a qualsiasi tua esigenza. Forniremo una serie di materiali come rendering 3D, disegni dimensionali, ecc. il prima possibile. Forniamo anche dispositivi biometrici, come lettori di carte IC\/ID, scanner di impronte digitali, scanner di codici QR, fotocamere con riconoscimento facciale e cos\u00ec via. Se avete bisogno di integrare questi dispositivi sul cancello girevole a tutta altezza o se avete domande, <a href=\"https:\/\/mairsturnstile.com\/contact\">contattateci<\/a>.<\/p>\n<h4><strong><b>Sistema RFID per cancello automatico a barriera oscillante per tornello Fastlane ad altezza vita biometrico dal fornitore di tornelli in Malesia.<\/b><\/strong><\/h4>\n<p>Il cancello per tornelli Fastlane del fornitore di tornelli in Malesia \u00e8 un sistema di sicurezza per il controllo degli accessi intelligente. Pu\u00f2 integrarsi con qualsiasi tipo di sistema di controllo degli accessi, come il riconoscimento delle impronte digitali del volto, i sistemi RFID, le impronte digitali, il <a href=\"https:\/\/en.wikipedia.org\/wiki\/QR_code\" target=\"_blank\" rel=\"noopener\">codice QR<\/a>, ecc.<\/p>\n<p>Il meccanismo ad alta velocit\u00e0 e il design dall&#8217;aspetto elegante lo rendono la scelta ideale per un edificio per uffici, un&#8217;universit\u00e0, un parco divertimenti, ecc. Un <a href=\"https:\/\/mairsturnstile.com\/category\/swing-turnstile-gate\">cancello tornello a battente<\/a> \u00e8 un cancello tornello ad alta efficienza che \u00e8 facilmente in grado di gestire volumi elevati e condizioni abusive.<\/p>\n<p>Possiamo anche creare un rendering per te in pochi minuti in base al tuo scenario reale. Forniamo anche layout e disegni dettagliati, nonch\u00e9 disegni di installazione.<\/p>\n\n        \t\n\t<style type=\"text\/css\">\n\t\t.slider-info-24289.bafg-slider-info .bafg-slider-title {\n\t\t\t\t\t\tfont-size: 22px;\n\t\t\t\t\t\t\n\t\t\t\n\t\t\t\t\t}\n\n\t\t.slider-info-24289.bafg-slider-info .bafg-slider-description {\n\t\t\t\n\t\t\t\n\t\t\t\t\t}\n\n\t\t.slider-info-24289.bafg-slider-info .bafg_slider_readmore_button {\n\t\t\t\n\t\t\t\n\t\t\t\n\t\t\t\n\t\t\t\n\t\t\ttext-align: center;\n\n\t\t\t\n\t\t\t\n\t\t\t\n\t\t\t\n\t\t\t\n\t\t\t\n\t\t\t\t\t}\n\n\t\t.slider-info-24289.bafg-slider-info .bafg_slider_readmore_button:hover {\n\n\t\t\t\n\t\t\t\n\t\t\t\t\t}\n\n\t<\/style>\n\t\n        <div class=\"bafg-twentytwenty-container slider-24289 \" bafg-orientation=\"horizontal\" bafg-default-offset=\"0.5\" bafg-before-label=\"Before\" bafg-after-label=\"After\" bafg-overlay=\"yes\" bafg-move-slider-on-hover=\"yes\" bafg-click-to-move=\"no\">\n              \n            <img decoding=\"async\" class=\"skip-lazy\" src=\"http:\/\/mairsturnstile.com\/wp-content\/uploads\/2023\/06\/turnstile-supplier-in-malaysia_4.jpg\" alt=\"\" data-skip-lazy title=\"\">\n            <img decoding=\"async\" class=\"skip-lazy\" src=\"http:\/\/mairsturnstile.com\/wp-content\/uploads\/2023\/06\/turnstile-supplier-in-malaysia_5.jpg\" alt=\"\" data-skip-lazy title=\"\">\n           \n        <\/div>\n\n        \t<div class=\"bafg-slider-info-wraper\">\n\t\t<div style=\"\" class=\"slider-info-24289 bafg-slider-info\">\n\t\t\t\t\t<\/div>\n\t<\/div>\n\t\n        <style type=\"text\/css\">\n            \n        <\/style>\n        \n<ul>\n<li>In caso di emergenza, togliendo corrente, i tornelli Fastlane si apriranno automaticamente per consentire il libero passaggio nel rispetto dei requisiti di sicurezza antincendio. Ma deve venire con una batteria. Per quanto riguarda l&#8217;esportazione, la batteria \u00e8 sensibile, possiamo usare il condensatore per la sostituzione<\/li>\n<li>I tornelli ottici sono adatti per soluzioni di ingresso di lusso e di fascia alta.<\/li>\n<li>L&#8217;intero sistema funziona senza intoppi, con bassa rumorosit\u00e0 e alta velocit\u00e0.<\/li>\n<li>Il fornitore di tornelli in Malesia offre il miglior prezzo di cancello del tornello.<\/li>\n<li>Sono disponibili luci a LED sui bracci<\/li>\n<li>\u00c8 disponibile la verniciatura a polvere in oro rosa<\/li>\n<li>Funzione di allarme, se c&#8217;\u00e8 un&#8217;intrusione illegale o un&#8217;intrusione inversa, il cancello emette l&#8217;allarme e la porta si blocca.<\/li>\n<li>C&#8217;\u00e8 un totale di 6 coppie di sensori a infrarossi Il sensore centrale serve a prevenire pizzicamento dei pedoni.<\/li>\n<li>Fornitore professionale di tornelli in Malesia.<\/li>\n<li>Funzione anti-coda, una persona pu\u00f2 passare alla volta. Se qualcuno segue le persone in prima fila, il cancello emetter\u00e0 un allarme<\/li>\n<li>Indicatore LED. Croce rossa e freccia verde. Ci sono anche indicatori LED sul montante anteriore. La luce LED pu\u00f2 essere aggiunta ai bracci.<\/li>\n<li>L&#8217;accesso bidirezionale riduce la necessit\u00e0 di pi\u00f9 cancelli. \u00c8 ospitato per sedia a rotelle, il passeggino per la spesa aumenta l&#8217;efficienza di passaggio.<\/li>\n<li>Funzione di ripristino automatico. Se le persone non sono passate entro il tempo prestabilito (il tempo predefinito \u00e8 5 secondi), il sistema canceller\u00e0 l&#8217;autorizzazione dell&#8217;utente e chiuder\u00e0 automaticamente<\/li>\n<li>Anti-bump, Anti clamp, I cancelli sono dotati di motore brushless. Durante il funzionamento, se qualcuno colpisce il braccio, il cancello si ripristiner\u00e0 automaticamente. Questa funzione impedisce efficacemente ai pedoni, in particolare ai bambini, di urtare, tagliare, colpire, ecc.<\/li>\n<\/ul>\n<p>Siamo in grado di fornire l&#8217;intera soluzione di controllo degli accessi di sicurezza. Se disponi di un tuo sistema di controllo degli accessi, puoi utilizzare direttamente il nostro cancello tornello. Se non ne hai uno, forniamo anche una soluzione completa per il controllo degli accessi di sicurezza. Si prega di fare riferimento al video qui sotto per i dettagli.<\/p>\n<p><iframe title=\"Lettore video di YouTube\" src=\"https:\/\/www.youtube.com\/embed\/zk0nMM7Qcd8?si=uuCPuuZifBEnZhDj\" width=\"1150\" height=\"650\" frameborder=\"0\" allowfullscreen=\"allowfullscreen\"><span data-mce-type=\"bookmark\" style=\"display: inline-block; width: 0px; overflow: hidden; line-height: 0;\" class=\"mce_SELRES_start\"><\/span><\/iframe><\/p>\n","protected":false},"excerpt":{"rendered":"<p>1. Dimensioni: 1400*150*980 mm (pu\u00f2 essere personalizzato)<\/p>\n<p>2. Larghezza corsia: 600 mm (Standard) 900 mm (Disabili)<\/p>\n<p>3. Materiale del braccio: vetro temperato<\/p>\n<p>4. Velocit\u00e0 di passaggio: 40 persone\/min<\/p>\n<p>5. Alimentazione: 110 V\/220 V 50\/60 Hz<\/p>\n<p>6. Motore senza spazzole: 40 W<\/p>\n<p>7. Segnale cancello aperto: contatto pulito\/rel\u00e8<\/p>\n<p>8. Tornelli Fastlane Motore di azionamento: 24 V<\/p>\n<p>9. Materiale della cassa: acciaio inossidabile 304<\/p>\n<p><strong><a title=\"Cancello del tornello a battente certificato CE Mairs\" href=\"http:\/\/mairsturnstile.com\/wp-content\/uploads\/2022\/09\/Mairs-CE-Certificate-Swing-Turnstile-Gate.pdf\" target=\"_blank\" rel=\"noopener noreferrer\">Certificazione CE<\/a>, <a title=\"Certificato Mairs ISO9001\" href=\"http:\/\/mairsturnstile.com\/wp-content\/uploads\/2022\/09\/Mairs-Registration-Certificate-ISO9001.pdf\" target=\"_blank\" rel=\"noopener noreferrer\">certificato ISO 9001.<\/a><\/strong><\/p>\n","protected":false},"featured_media":59669,"comment_status":"closed","ping_status":"closed","template":"","meta":{"neve_meta_sidebar":"","neve_meta_container":"","neve_meta_enable_content_width":"off","neve_meta_content_width":0,"neve_meta_title_alignment":"","neve_meta_author_avatar":"","neve_post_elements_order":"","neve_meta_disable_header":"","neve_meta_disable_footer":"","neve_meta_disable_title":"","_ti_tpc_template_sync":false,"_ti_tpc_template_id":""},"product_cat":[889,888],"product_tag":[1609,1175,1150,1608,1607],"class_list":["post-10621","product","type-product","status-publish","has-post-thumbnail","hentry","product_cat-porte-veloci","product_cat-tornelli-di-sicurezza","product_tag-costruzione-di-tornelli","product_tag-fornitore-di-tornelli-in-malesia","product_tag-tornello-a-battente","product_tag-tornello-a-corsia-preferenziale","product_tag-tornello-per-varchi-veloci"],"_links":{"self":[{"href":"https:\/\/mairsturnstile.com\/it\/wp-json\/wp\/v2\/product\/10621","targetHints":{"allow":["GET"]}}],"collection":[{"href":"https:\/\/mairsturnstile.com\/it\/wp-json\/wp\/v2\/product"}],"about":[{"href":"https:\/\/mairsturnstile.com\/it\/wp-json\/wp\/v2\/types\/product"}],"replies":[{"embeddable":true,"href":"https:\/\/mairsturnstile.com\/it\/wp-json\/wp\/v2\/comments?post=10621"}],"version-history":[{"count":0,"href":"https:\/\/mairsturnstile.com\/it\/wp-json\/wp\/v2\/product\/10621\/revisions"}],"wp:featuredmedia":[{"embeddable":true,"href":"https:\/\/mairsturnstile.com\/it\/wp-json\/wp\/v2\/media\/59669"}],"wp:attachment":[{"href":"https:\/\/mairsturnstile.com\/it\/wp-json\/wp\/v2\/media?parent=10621"}],"wp:term":[{"taxonomy":"product_cat","embeddable":true,"href":"https:\/\/mairsturnstile.com\/it\/wp-json\/wp\/v2\/product_cat?post=10621"},{"taxonomy":"product_tag","embeddable":true,"href":"https:\/\/mairsturnstile.com\/it\/wp-json\/wp\/v2\/product_tag?post=10621"}],"curies":[{"name":"wp","href":"https:\/\/api.w.org\/{rel}","templated":true}]}}