{"id":10624,"date":"2021-11-25T18:23:24","date_gmt":"2021-11-25T10:23:24","guid":{"rendered":"https:\/\/mairsturnstile.com\/product\/tornelli-a-vita-alta-tornelli-a-tripode-mt125"},"modified":"2023-10-31T17:14:07","modified_gmt":"2023-10-31T09:14:07","slug":"tornelli-allaltezza-della-vita","status":"publish","type":"product","link":"https:\/\/mairsturnstile.com\/it\/prodotto\/tornelli-allaltezza-della-vita","title":{"rendered":"Tornelli a vita alta Tornelli a tripode MT125"},"content":{"rendered":"        <!-- 3D Model html -->\r\n        <div class=\"bp_grand wrapper_20728\">   \r\n        <div class=\"bp_model_parent\">\r\n            <model-viewer class=\"model\" id=\"bp_model_id_20728\" src=\"http:\/\/mairsturnstile.com\/wp-content\/uploads\/2023\/06\/MT125.glb\" alt=\"MT125\" camera-controls  loading=\"auto\" auto-rotate                        >\r\n            <\/model-viewer>\r\n        \r\n            <!-- Button -->\r\n            <svg id=\"openBtn\" width=\"30px\" height=\"30px\" viewBox=\"0 0 16 16\" xmlns=\"http:\/\/www.w3.org\/2000\/svg\" fill=\"#f2f2f2\" class=\"bi bi-arrows-fullscreen model-icon\">\r\n                <path fill-rule=\"evenodd\" d=\"M5.828 10.172a.5.5 0 0 0-.707 0l-4.096 4.096V11.5a.5.5 0 0 0-1 0v3.975a.5.5 0 0 0 .5.5H4.5a.5.5 0 0 0 0-1H1.732l4.096-4.096a.5.5 0 0 0 0-.707zm4.344 0a.5.5 0 0 1 .707 0l4.096 4.096V11.5a.5.5 0 1 1 1 0v3.975a.5.5 0 0 1-.5.5H11.5a.5.5 0 0 1 0-1h2.768l-4.096-4.096a.5.5 0 0 1 0-.707zm0-4.344a.5.5 0 0 0 .707 0l4.096-4.096V4.5a.5.5 0 1 0 1 0V.525a.5.5 0 0 0-.5-.5H11.5a.5.5 0 0 0 0 1h2.768l-4.096 4.096a.5.5 0 0 0 0 .707zm-4.344 0a.5.5 0 0 1-.707 0L1.025 1.732V4.5a.5.5 0 0 1-1 0V.525a.5.5 0 0 1 .5-.5H4.5a.5.5 0 0 1 0 1H1.732l4.096 4.096a.5.5 0 0 1 0 .707z\"\/>\r\n            <\/svg>\r\n        \r\n            <svg id=\"closeBtn\" class=\"model-icon\" width=\"34px\" height=\"34px\" viewBox=\"0 0 24 24\" xmlns=\"http:\/\/www.w3.org\/2000\/svg\">\r\n                <path fill=\"none\" stroke=\"#f2f2f2\" stroke-width=\"2\" d=\"M7,7 L17,17 M7,17 L17,7\"\/>\r\n            <\/svg>\r\n        \r\n        <\/div>\r\n        <\/div> \r\n\r\n        <!-- Model Viewer Style -->\r\n        <style>\r\n            \r\n            .wrapper_20728 .bp_model_parent, #bp_model_id_20728 {\r\n                width: 1150px;\r\n                max-width: 100%;\r\n                                            }\r\n            #bp_model_id_20728 {\r\n                height:700px;\r\n                background-color: #f2f2f2;\r\n            }\r\n            .fullscreen #bp_model_id_20728{\r\n            height: 100%;\r\n            width: 100%;\r\n            }\r\n            .wrapper_20728 .bp_model_parent{\r\n                justify-content: start            }\r\n            model-viewer.model {\r\n                --poster-color: transparent;\r\n            }\r\n        <\/style>\r\n        \r\n        \n<h3>I tornelli alti fino alla vita MT125 hanno una garanzia di 2 anni e un supporto duraturo per la manutenzione e la riparazione.<\/h3>\n<p>Siamo in grado di fornire servizi OEM e ODM. Abbiamo designer esperti che possono completare una profonda personalizzazione in base a qualsiasi tua esigenza. Forniremo una serie di materiali come rendering 3D, disegni dimensionali, ecc. il prima possibile. Forniamo anche dispositivi biometrici, come lettori di carte IC\/ID, scanner di impronte digitali, scanner di codici QR, fotocamere con riconoscimento facciale e cos\u00ec via. Se avete bisogno di integrare questi dispositivi sul cancello girevole a tutta altezza o se avete domande, <a href=\"https:\/\/mairsturnstile.com\/contact\">contattateci<\/a>.<\/p>\n<p><strong>I tornelli alti fino alla vita sono una specie di cancello pedonale del <a href=\"https:\/\/mairsturnstile.com\/product\/tripod-security-gate\">tornello a treppiede<\/a>, la cui altezza raggiunge l&#8217;altezza della vita delle persone normali. Puoi anche capire che \u00e8 equivalente al cancello del tornello a treppiede. Ha varie caratteristiche di un cancello tornello a treppiede. I tornelli alti fino alla vita sono realizzati in acciaio inossidabile 304 o 316, resistente e non facile da deformare. Il blocco e il rilascio si ottengono mediante rotazione.<\/strong><\/p>\n<p>Se questo tornello alto fino alla vita non \u00e8 ci\u00f2 di cui hai bisogno, puoi fare clic sulla nostra pagina dei tornelli a treppiede per selezionare pi\u00f9 stili di un tornello alto fino alla vita. Naturalmente, abbiamo pi\u00f9 tornelli alti fino alla vita pi\u00f9 belli, che possono sicuramente soddisfare le tue esigenze. Possiamo anche personalizzare i prodotti con dimensioni e aspetti speciali in base alle tue effettive esigenze.<\/p>\n<p>I tornelli alti fino alla vita possono anche essere personalizzati in base alla situazione reale e alla larghezza del canale del tuo sito. Se il canale del tuo sito necessita di un tornello all&#8217;altezza della vita personalizzato cos\u00ec speciale o non sai come scegliere un tornello all&#8217;altezza della vita, non esitare a contattarci e ti forniremo la vita di alta qualit\u00e0- tornello alto e la soluzione di tornello di sicurezza pi\u00f9 adatta per risparmiare sui costi.<\/p>\n<p>I tornelli alti fino alla vita possono essere combinati con smart card, impronte digitali, codici a barre e altre apparecchiature del sistema di identificazione per formare un sistema di controllo accessi intelligente; \u00c8 combinato con un computer, controllo accessi, presenze, gestione degli addebiti, sistema di biglietteria e altri software per formare un sistema di gestione del controllo accessi intelligente, in grado di realizzare le funzioni di controllo accessi, presenze, consumi, vendita biglietti, restrizione corrente e cos\u00ec via Su.<\/p>\n<p>Naturalmente, i tornelli all&#8217;altezza della vita corrispondono al <a href=\"https:\/\/mairsturnstile.com\/full-height-turnstiles.html\">tornello a tutta altezza<\/a>, che si riferisce principalmente all&#8217;altezza del cancello del tornello pedonale. Generalmente, un tornello all&#8217;altezza della vita viene spesso utilizzato per la gestione della propriet\u00e0 della comunit\u00e0 e un cancello del tornello a tutta altezza viene spesso utilizzato per cantieri, carceri, imprese, istituzioni, stazioni ferroviarie, stazioni degli autobus, aeroporti e altri luoghi con requisiti di alta sicurezza occasioni.<\/p>\n<p>La forma dei tornelli all&#8217;altezza della vita \u00e8 costituita da una piastra in <a class=\"rank-math-link\" href=\"https:\/\/en.wikipedia.org\/wiki\/Stainless_steel\" target=\"_blank\" rel=\"noopener noreferrer\">acciaio inossidabile<\/a> 304, che \u00e8 bella e generosa, antiruggine e resistente e pu\u00f2 resistere ai danni della forza esterna.<\/p>\n<p>Possiamo anche creare un rendering per te in pochi minuti in base al tuo scenario reale. Forniamo anche layout e disegni dettagliati, nonch\u00e9 disegni di installazione.<\/p>\n\n        \t\n\t<style type=\"text\/css\">\n\t\t.slider-info-20741.bafg-slider-info .bafg-slider-title {\n\t\t\t\t\t\tfont-size: 22px;\n\t\t\t\t\t\t\n\t\t\t\n\t\t\t\t\t}\n\n\t\t.slider-info-20741.bafg-slider-info .bafg-slider-description {\n\t\t\t\n\t\t\t\n\t\t\t\t\t}\n\n\t\t.slider-info-20741.bafg-slider-info .bafg_slider_readmore_button {\n\t\t\t\n\t\t\t\n\t\t\t\n\t\t\t\n\t\t\t\n\t\t\ttext-align: center;\n\n\t\t\t\n\t\t\t\n\t\t\t\n\t\t\t\n\t\t\t\n\t\t\t\n\t\t\t\t\t}\n\n\t\t.slider-info-20741.bafg-slider-info .bafg_slider_readmore_button:hover {\n\n\t\t\t\n\t\t\t\n\t\t\t\t\t}\n\n\t<\/style>\n\t\n        <div class=\"bafg-twentytwenty-container slider-20741 \" bafg-orientation=\"horizontal\" bafg-default-offset=\"0.5\" bafg-before-label=\"Before\" bafg-after-label=\"After\" bafg-overlay=\"yes\" bafg-move-slider-on-hover=\"yes\" bafg-click-to-move=\"no\">\n              \n            <img decoding=\"async\" class=\"skip-lazy\" src=\"http:\/\/mairsturnstile.com\/wp-content\/uploads\/2023\/06\/waist-high-turnstiles_4.jpg\" alt=\"\" data-skip-lazy title=\"\">\n            <img decoding=\"async\" class=\"skip-lazy\" src=\"http:\/\/mairsturnstile.com\/wp-content\/uploads\/2023\/06\/waist-high-turnstiles_5.jpg\" alt=\"\" data-skip-lazy title=\"\">\n           \n        <\/div>\n\n        \t<div class=\"bafg-slider-info-wraper\">\n\t\t<div style=\"\" class=\"slider-info-20741 bafg-slider-info\">\n\t\t\t\t\t<\/div>\n\t<\/div>\n\t\n        <style type=\"text\/css\">\n            \n        <\/style>\n        \n<p>Elettrovalvola: DC24V \u00b15%<br \/>\nLunghezza del braccio: 510 mm<br \/>\nIl senso di rotazione: bidirezionale\/unidirezionale<br \/>\nEmergenza: il braccio si abbassa automaticamente quando viene interrotta l&#8217;elettricit\u00e0.<br \/>\nTensione di esercizio: DC 24V \u00b15%<br \/>\nLa tensione della spia: DC12V \u00b1 5\uff05 (standard)<br \/>\nAffidabilit\u00e0 del meccanismo: 3 milioni, senza colpa<br \/>\nTemperatura di lavoro: -30\u2103~60\u2103<br \/>\nUmidit\u00e0: 5%~90%<br \/>\nImpermeabile: IP56<br \/>\nCaratteristica: lettore IC\/ID, lettore di codici a barre, riconoscimento facciale, impronte digitali, altre apparecchiature di controllo accessi, UPS, ecc<br \/>\nTempo necessario per l&#8217;apertura: 0,2 s<br \/>\nAmbiente di lavoro: interno o esterno<br \/>\nCampo di applicazione: comunit\u00e0, fabbrica, cantiere, scuola, luogo del resort, ecc<\/p>\n<p><iframe title=\"Tornello automatico a treppiede, cancello girevole a treppiede, soluzione tornello a treppiede - MairsTurnstile\" src=\"https:\/\/www.youtube.com\/embed\/6LIOkb5RGwk\" width=\"1150\" height=\"650\" frameborder=\"0\" allowfullscreen=\"allowfullscreen\"><\/iframe><\/p>\n","protected":false},"excerpt":{"rendered":"<p>1. Dimensioni: 1400*280*980 mm (pu\u00f2 essere personalizzato)<\/p>\n<p>2. Larghezza corsia: 550 mm (personalizzabile)<\/p>\n<p>3. Velocit\u00e0 di passaggio: 35 persone\/min<\/p>\n<p>4. Alimentazione: 110V\/220V 50\/60Hz<\/p>\n<p>5. Peso: 45 kg<\/p>\n<p>6. Ingresso: rel\u00e8 a contatto pulito<\/p>\n<p>7. Solenoide 24V<\/p>\n<p>8. Materiale dell&#8217;involucro: acciaio inossidabile 304 e coperchio superiore in acrilico<\/p>\n<p>9. Modo operativo: semiautomatico<\/p>\n<p><strong><a title=\"Tornello a tripode certificato CE Mairs\" href=\"http:\/\/mairsturnstile.com\/wp-content\/uploads\/2022\/09\/Mairs-CE-Certificate-Tripod-Turnstile.pdf\" target=\"_blank\" rel=\"noopener noreferrer\">Certificazione CE<\/a>, <a title=\"Certificato Mairs ISO9001\" href=\"http:\/\/mairsturnstile.com\/wp-content\/uploads\/2022\/09\/Mairs-Registration-Certificate-ISO9001.pdf\" target=\"_blank\" rel=\"noopener noreferrer\">certificato ISO 9001.<\/a><\/strong><\/p>\n","protected":false},"featured_media":25549,"comment_status":"closed","ping_status":"closed","template":"","meta":{"neve_meta_sidebar":"","neve_meta_container":"","neve_meta_enable_content_width":"off","neve_meta_content_width":0,"neve_meta_title_alignment":"","neve_meta_author_avatar":"","neve_post_elements_order":"","neve_meta_disable_header":"","neve_meta_disable_footer":"","neve_meta_disable_title":"","_ti_tpc_template_sync":false,"_ti_tpc_template_id":""},"product_cat":[888,891],"product_tag":[1196,1549,1180,1548,1181,1143,1613],"class_list":["post-10624","product","type-product","status-publish","has-post-thumbnail","hentry","product_cat-tornelli-di-sicurezza","product_cat-tornello-a-tripode","product_tag-cancello-del-tornello-a-tripode","product_tag-costo-del-tornello","product_tag-prezzo-del-tornello-alto-fino-alla-vita","product_tag-quanto-costa-un-tornello","product_tag-tornelli-alti-fino-alla-vita","product_tag-tornello-a-treppiede","product_tag-tornello-alto-fino-alla-vita"],"_links":{"self":[{"href":"https:\/\/mairsturnstile.com\/it\/wp-json\/wp\/v2\/product\/10624","targetHints":{"allow":["GET"]}}],"collection":[{"href":"https:\/\/mairsturnstile.com\/it\/wp-json\/wp\/v2\/product"}],"about":[{"href":"https:\/\/mairsturnstile.com\/it\/wp-json\/wp\/v2\/types\/product"}],"replies":[{"embeddable":true,"href":"https:\/\/mairsturnstile.com\/it\/wp-json\/wp\/v2\/comments?post=10624"}],"version-history":[{"count":0,"href":"https:\/\/mairsturnstile.com\/it\/wp-json\/wp\/v2\/product\/10624\/revisions"}],"wp:featuredmedia":[{"embeddable":true,"href":"https:\/\/mairsturnstile.com\/it\/wp-json\/wp\/v2\/media\/25549"}],"wp:attachment":[{"href":"https:\/\/mairsturnstile.com\/it\/wp-json\/wp\/v2\/media?parent=10624"}],"wp:term":[{"taxonomy":"product_cat","embeddable":true,"href":"https:\/\/mairsturnstile.com\/it\/wp-json\/wp\/v2\/product_cat?post=10624"},{"taxonomy":"product_tag","embeddable":true,"href":"https:\/\/mairsturnstile.com\/it\/wp-json\/wp\/v2\/product_tag?post=10624"}],"curies":[{"name":"wp","href":"https:\/\/api.w.org\/{rel}","templated":true}]}}