{"id":10625,"date":"2021-04-27T15:44:16","date_gmt":"2021-04-27T07:44:16","guid":{"rendered":"https:\/\/mairsturnstile.com\/product\/vendita-meccanismo-tornello-a-treppiedi-mt143"},"modified":"2023-11-14T09:15:50","modified_gmt":"2023-11-14T01:15:50","slug":"meccanismo-a-tripode-tornello","status":"publish","type":"product","link":"https:\/\/mairsturnstile.com\/it\/prodotto\/meccanismo-a-tripode-tornello","title":{"rendered":"MECCANISMO DEL TORNELLO A TREPPIEDE IN VENDITA MT146"},"content":{"rendered":"<h2><strong>Meccanismo del tornello a treppiede, meccanismo automatico del tornello a treppiede<\/strong><\/h2>\n<h3>Meccanismo automatico durevole e personalizzato del <strong>cancello del tornello a treppiede<\/strong><\/h3>\n<p>Nella catena di montaggio della polichetide sintasi, \u00e8 stato determinato un meccanismo di gate tornello per l&#8217;elaborazione simultanea di intermedi. L&#8217;allungamento della catena provoca la chiusura del modulo e lo spostamento della catena al modulo successivo per riaprire il tornello.<\/p>\n<p>Il <strong><a href=\"https:\/\/mairsturnstile.com\/turnstile-mechanism.html\" target=\"_blank\" rel=\"noopener\">meccanismo del tornello<\/a> a treppiede<\/strong> \u00e8 uno dei componenti principali del cancello del <a href=\"https:\/\/mairsturnstile.com\/product\/tripod-security-gate\">tornello a treppiede<\/a> e il meccanismo del tornello controlla il cancello del tornello a treppiede controllando l&#8217;oscillazione del braccio dell&#8217;ala. La qualit\u00e0 operativa del meccanismo del tornello a treppiede determina la qualit\u00e0 del cancello del tornello a treppiede, ma il guasto del cancello del tornello a treppiede \u00e8 legato anche al meccanismo del tornello a treppiede.<\/p>\n<p><strong>Caratteristiche:<\/strong><\/p>\n<ol>\n<li>La scocca \u00e8 realizzata in <a href=\"https:\/\/en.wikipedia.org\/wiki\/Stainless_steel\" target=\"_blank\" rel=\"noopener\">acciaio inossidabile<\/a> 304 con uno spessore di 1,5 mm;<\/li>\n<li>Design della struttura meccatronica, giradischi di processo speciale, meccanismo autobloccante meccanico stabile e affidabile<\/li>\n<li>Accesso bidirezionale (braccio bidirezionale)<\/li>\n<li>Dopo aver inviato il segnale di apertura porta, se non passa entro 5 secondi, verr\u00e0 nuovamente bloccata<\/li>\n<li>Quando l&#8217;alimentazione viene interrotta automaticamente, il braccio si abbassa (con funzione di caduta del braccio), All&#8217;accensione, \u00e8 necessario rilasciare manualmente la leva e ripristinare il forcellone (opzionale)<\/li>\n<li>Collegabile al contaflusso bidirezionale esterno per visualizzare il numero di persone che transitano in questa direzione. Quando le persone passano, la porta di conteggio corrispondente emette un segnale di larghezza di impulso di circa 200 larghezze. Se il personale non riesce a superare il gate, la porta di conteggio corrispondente non verr\u00e0 emessa entro 200 ms.<\/li>\n<li>Personale anti-inversione (impedire ad altri di seguire)<\/li>\n<li>Motore elettromeccanico DC12V, operazione di blocco positivo di una persona alla volta; Impedire l&#8217;inversione.<\/li>\n<li>Tempo di emergenza e tempo di interruzione di corrente: il braccio scender\u00e0 automaticamente per mantenere sbloccato il passaggio di evacuazione.<\/li>\n<li>Pu\u00f2 essere utilizzato per l&#8217;interfaccia dei sistemi di controllo degli accessi, come lettori di schede biometriche, lettori di schede RFID, lettori di schede di scansione, pulsanti, ecc.<\/li>\n<li>L&#8217;indicatore luminoso di stato \u00e8 disponibile.<\/li>\n<li>C&#8217;\u00e8 un contatore passeggeri.<\/li>\n<\/ol>\n<p>&nbsp;<\/p>\n","protected":false},"excerpt":{"rendered":"<p>1. Potenza: AC220C \u00b1 10V, 50Hz<\/p>\n<p>2. Funzionamento: temperatura -15\u2103-60\u2103<\/p>\n<p>3. Umidit\u00e0 relativa: \u226495%, nessuna sensazione<\/p>\n<p>4. Larghezza di accesso: \u2264600 mm<\/p>\n<p>5. Velocit\u00e0 di passaggio: 30 persone\/min (carta IC)<\/p>\n<p>6. Connessione di ingresso: Segnale di livello +12V o impulso ampio&gt;100ms DC12V<\/p>\n<p>7. Collegamento di comunicazione: modulo di comunicazione RS485 standard.<\/p>\n<p>8. Materiale: SUS304, lo spessore non \u00e8 inferiore a 1,5 mm<\/p>\n<p>9. Grado di protezione: IP54<\/p>\n","protected":false},"featured_media":35642,"comment_status":"closed","ping_status":"closed","template":"","meta":{"neve_meta_sidebar":"","neve_meta_container":"","neve_meta_enable_content_width":"on","neve_meta_content_width":100,"neve_meta_title_alignment":"","neve_meta_author_avatar":"","neve_post_elements_order":"","neve_meta_disable_header":"","neve_meta_disable_footer":"","neve_meta_disable_title":"","_ti_tpc_template_sync":false,"_ti_tpc_template_id":""},"product_cat":[888,891],"product_tag":[1566,1183,1565,1182,1184],"class_list":["post-10625","product","type-product","status-publish","has-post-thumbnail","hentry","product_cat-tornelli-di-sicurezza","product_cat-tornello-a-tripode","product_tag-componenti-del-tornello","product_tag-meccanismo-del-cancello-del-tornello-a-treppiede","product_tag-meccanismo-del-tornello","product_tag-meccanismo-del-tornello-a-treppiede","product_tag-vendo-meccanismo-per-tornello-a-treppiede"],"_links":{"self":[{"href":"https:\/\/mairsturnstile.com\/it\/wp-json\/wp\/v2\/product\/10625","targetHints":{"allow":["GET"]}}],"collection":[{"href":"https:\/\/mairsturnstile.com\/it\/wp-json\/wp\/v2\/product"}],"about":[{"href":"https:\/\/mairsturnstile.com\/it\/wp-json\/wp\/v2\/types\/product"}],"replies":[{"embeddable":true,"href":"https:\/\/mairsturnstile.com\/it\/wp-json\/wp\/v2\/comments?post=10625"}],"version-history":[{"count":0,"href":"https:\/\/mairsturnstile.com\/it\/wp-json\/wp\/v2\/product\/10625\/revisions"}],"wp:featuredmedia":[{"embeddable":true,"href":"https:\/\/mairsturnstile.com\/it\/wp-json\/wp\/v2\/media\/35642"}],"wp:attachment":[{"href":"https:\/\/mairsturnstile.com\/it\/wp-json\/wp\/v2\/media?parent=10625"}],"wp:term":[{"taxonomy":"product_cat","embeddable":true,"href":"https:\/\/mairsturnstile.com\/it\/wp-json\/wp\/v2\/product_cat?post=10625"},{"taxonomy":"product_tag","embeddable":true,"href":"https:\/\/mairsturnstile.com\/it\/wp-json\/wp\/v2\/product_tag?post=10625"}],"curies":[{"name":"wp","href":"https:\/\/api.w.org\/{rel}","templated":true}]}}