{"id":10628,"date":"2020-09-13T17:57:27","date_gmt":"2020-09-13T09:57:27","guid":{"rendered":"https:\/\/mairsturnstile.com\/product\/tornello-a-treppiedi-con-sistema-conteggio-persone-mt141"},"modified":"2023-07-31T22:54:01","modified_gmt":"2023-07-31T14:54:01","slug":"sistema-di-conteggio-dei-tornelli","status":"publish","type":"product","link":"https:\/\/mairsturnstile.com\/it\/prodotto\/sistema-di-conteggio-dei-tornelli","title":{"rendered":"TORNELLO A TREPPIEDE CON CONTEGGIO PERSONE MT112"},"content":{"rendered":"<p><iframe title=\"Sistema di conteggio tornelli, contatore tornelli, contatore tornelli in vendita - MairsTurnstile.com\" src=\"https:\/\/www.youtube.com\/embed\/gn75kppFoZs\" width=\"920\" height=\"517\" frameborder=\"0\" allowfullscreen=\"allowfullscreen\"><\/iframe><\/p>\n<h4>IL SISTEMA DI CONTEGGIO DEL TORNELLO offre una garanzia di 2 anni e un supporto duraturo per la manutenzione e la riparazione.<\/h4>\n<p>Siamo in grado di fornire servizi OEM e ODM. Forniamo anche dispositivi biometrici, come lettori di carte IC\/ID, scanner di impronte digitali, scanner di codici QR, fotocamere con riconoscimento facciale e cos\u00ec via.<\/p>\n<p><strong><b>cos&#8217;\u00e8 il sistema di conteggio dei tornelli?<\/b><\/strong><\/p>\n<p><strong><b>T<\/b><\/strong><strong><b>urnstile<\/b><\/strong><strong><b>Il sistema di conteggio \u00e8 una parte del <a href=\"https:\/\/mairsturnstile.com\/turnstile-access-control-system.html\">sistema di controllo accessi a tornello<\/a> formato da<\/b><\/strong><strong><b>aggiungendo <\/b><\/strong><strong><b>a<\/b><\/strong><strong><b> <\/b><\/strong><strong><b>modulo di conteggio <\/b><\/strong><strong><b>sul tornello pedonale<\/b><\/strong><strong><b> cancello<\/b><\/strong><strong><b>, <\/b><\/strong><strong><b>che viene utilizzato principalmente per contare il numero di persone che transitano.<\/b><\/strong> Naturalmente, il sistema di conteggio del tornello comprende anche un modulo di rilevamento dei pedoni e un modulo di indicazione a LED. Il modulo di conteggio, il modulo di rilevamento dei pedoni e il modulo di indicazione LED sono incorporati all&#8217;interno del cancello del tornello, i risultati del conteggio possono essere visualizzati attraverso lo schermo del display a LED, che pu\u00f2 anche essere integrato nel cancello del tornello. Attraverso il modulo di conteggio, il sistema di conteggio del tornello pu\u00f2 azzerare il conteggio e impostare il limite superiore del conteggio.<\/p>\n<p>La funzione di conteggio del tornello pu\u00f2 essere realizzata abbinando il cancello del tornello al modulo di conteggio. I risultati del conteggio possono essere visualizzati direttamente sullo schermo del display. Naturalmente, questo display pu\u00f2 essere integrato anche nel cancello pedonale del tornello. Il nostro cancello del tornello pu\u00f2 facilmente realizzare la funzione di conteggio delle persone, possiamo anche personalizzare speciali cancelli del tornello con funzioni di conteggio delle persone in base alle vostre reali esigenze.<\/p>\n<p>Sistema di conteggio del tornello, che serve principalmente per registrare il numero di persone che passano, perch\u00e9 questa funzione \u00e8 richiesta da molti clienti, ed \u00e8 anche una delle funzioni base del cancello del tornello.<\/p>\n<p>Tutte le schede madri per cancelli a tornello sono dotate di una funzione di conteggio. Ogni volta che ricevono i segnali di apertura e chiusura, registreranno il numero di volte. Tuttavia, questo conteggio pu\u00f2 registrare solo il numero di varchi in apertura e chiusura, non il numero di passaggi.<\/p>\n<p>Qual \u00e8 il principio del sistema di conteggio dei tornelli?<\/p>\n<p>Principio del sistema di conteggio dei tornelli, la maggior parte delle schede madri dei tornelli ha interfacce di conteggio. Il cancello del tornello \u00e8 dotato di modulo di conteggio e di rilevamento pedoni integrati per ricevere il segnale di apertura del cancello, tramite il modulo di rilevamento pedoni (generalmente logica a infrarossi), se viene rilevato il passaggio del pedone \u00e8 possibile visualizzare il risultato del conteggio tramite il Schermo a LED. Solo un rilevamento efficace pu\u00f2 essere utilizzato come numero di passeggeri, che \u00e8 accurato ed efficace.<\/p>\n<p>Come requisito funzionale di base del tornello, molti clienti cercano questo sistema di conteggio del tornello. Se devi acquistare un tornello con funzione contapersone, <a href=\"https:\/\/mairsturnstile.com\/contact\"><u>contattaci,<\/u><\/a> fai clic sulla chat online nell&#8217;angolo in basso a sinistra o aggiungi il codice QR a destra per aggiungere la mia app what&#8217;s.<\/p>\n<p>Fondamentalmente, <a href=\"https:\/\/mairsturnstile.com\/types-of-turnstiles.html\"><u>tutti i nostri tipi di tornelli<\/u><\/a> possono realizzare la funzione di conteggio delle persone. Naturalmente, possiamo anche personalizzare il cancello del tornello per soddisfare altri requisiti funzionali in base alle vostre reali esigenze. Devi solo fornire informazioni semplici, come quali funzioni devi implementare, quanti canali hai bisogno, conteggio unidirezionale o conteggio bidirezionale, ecc. Il nostro personale di vendita professionale ti fornir\u00e0 le soluzioni di sicurezza appropriate per i tornelli.<\/p>\n<p>Cancello del prezzo del tornello a treppiede in <a href=\"https:\/\/en.wikipedia.org\/wiki\/Stainless_steel\" target=\"_blank\" rel=\"noopener\">acciaio inossidabile<\/a> per la gestione degli accessi elettronici con trattamento superficiale in acciaio inossidabile di alta qualit\u00e0 e linea sottile 400, questo <a href=\"https:\/\/mairsturnstile.com\/category\/tripod-turnstile\">tornello a treppiede<\/a> \u00e8 dotato di una serratura a solenoide e di un meccanismo progettato da noi per fornire una gestione regolare e autorizzata del traffico pedonale.<\/p>\n<ul>\n<li>I tornelli biometrici a treppiede sono soluzioni di ingresso compatte ed economiche.<\/li>\n<li>Il tornello biometrico a treppiede ha un alloggiamento in acciaio inossidabile 304 completamente impermeabile, resistente alla ruggine, solido e durevole.<\/li>\n<li>I tornelli a treppiede possono essere montati sia per ambienti interni che esterni. Il tasso IP \u00e8 54<\/li>\n<li>Dispone di un&#8217;uscita rel\u00e8 standard internazionale, che pu\u00f2 essere facilmente integrata con tutti i tipi di sistemi di controllo accessi di terze parti (es. RFID, impronte digitali, riconoscimento facciale, codici a barre, termometro IR).<\/li>\n<li>Il cancello girevole a tripode \u00e8 semiautomatico. Sar\u00e0 necessario spingere leggermente il braccio per aprire il cancello quando l&#8217;accesso \u00e8 consentito.<\/li>\n<li>Il design ragionevole e le prestazioni elevate garantiscono che i cancelli possano muoversi in modo rapido e preciso, stabile e silenzioso; con basso consumo energetico, risparmio energetico e protezione dell&#8217;ambiente.<\/li>\n<li>Meccanismo a stampo durevole, resistente alla corrosione e per impieghi gravosi per una maggiore durata.<\/li>\n<li>Il meccanismo \u00e8 il design dello stampo. Tutti i componenti sono precisi. Fa funzionare il sistema del cancello senza intoppi, con bassa rumorosit\u00e0. Pu\u00f2 essere aggiunto un ammortizzatore idraulico.<\/li>\n<li>Il design del sistema di conteggio del tornello a treppiede fa passare solo una persona alla volta.<\/li>\n<li>Unica o bidirezionale \u00e8 un&#8217;opzione.<\/li>\n<li>Indicatore di direzione a LED in alto.<\/li>\n<li>Il miglior prezzo del tornello a treppiede Filippine.<\/li>\n<li>Funzione orologio automatico: se si riceve un segnale di apertura, ma il visitatore non attraversa il cancello entro un determinato tempo (default 5s), il braccio del tornello si bloccher\u00e0 automaticamente.<\/li>\n<li>Quando l&#8217;alimentazione \u00e8 spenta, i bracci del tornello a treppiede si abbassano automaticamente per consentire il libero passaggio, in conformit\u00e0 con i requisiti di sicurezza antincendio.<\/li>\n<\/ul>\n<p>&nbsp;<\/p>\n","protected":false},"excerpt":{"rendered":"<p>1. Dimensioni: 480*280*980 mm (pu\u00f2 essere personalizzato)<\/p>\n<p>2. Larghezza corsia: 550 mm (personalizzabile)<\/p>\n<p>3. Velocit\u00e0 di passaggio: 35 persone\/min<\/p>\n<p>4. Alimentazione: 110V\/220V<\/p>\n<p>5. Peso: 60 kg<\/p>\n<p>6. Ingresso: contatto a secco<\/p>\n<p>7. \u00c8 possibile aggiungere un manicotto protettivo per il braccio<\/p>\n<p>8. Meccanismo con ammortizzatore idraulico per l&#8217;assorbimento degli urti<\/p>\n<p>9. Materiale della cassa: acciaio inossidabile 304<\/p>\n<p><strong><a title=\"Tornello a tripode certificato CE Mairs\" href=\"http:\/\/mairsturnstile.com\/wp-content\/uploads\/2022\/09\/Mairs-CE-Certificate-Tripod-Turnstile.pdf\" target=\"_blank\" rel=\"noopener noreferrer\">Certificazione CE<\/a>, <a title=\"Certificato Mairs ISO9001\" href=\"http:\/\/mairsturnstile.com\/wp-content\/uploads\/2022\/09\/Mairs-Registration-Certificate-ISO9001.pdf\" target=\"_blank\" rel=\"noopener noreferrer\">certificato ISO 9001.<\/a><\/strong><\/p>\n","protected":false},"featured_media":62311,"comment_status":"closed","ping_status":"closed","template":"","meta":{"neve_meta_sidebar":"","neve_meta_container":"","neve_meta_enable_content_width":"off","neve_meta_content_width":0,"neve_meta_title_alignment":"","neve_meta_author_avatar":"","neve_post_elements_order":"","neve_meta_disable_header":"","neve_meta_disable_footer":"","neve_meta_disable_title":"","_ti_tpc_template_sync":false,"_ti_tpc_template_id":""},"product_cat":[888,891],"product_tag":[1196,1567,1190,970,1143],"class_list":["post-10628","product","type-product","status-publish","has-post-thumbnail","hentry","product_cat-tornelli-di-sicurezza","product_cat-tornello-a-tripode","product_tag-cancello-del-tornello-a-tripode","product_tag-controllo-accessi-tornelli","product_tag-sistema-di-conteggio-dei-tornelli","product_tag-tornelli-di-sicurezza","product_tag-tornello-a-treppiede"],"_links":{"self":[{"href":"https:\/\/mairsturnstile.com\/it\/wp-json\/wp\/v2\/product\/10628","targetHints":{"allow":["GET"]}}],"collection":[{"href":"https:\/\/mairsturnstile.com\/it\/wp-json\/wp\/v2\/product"}],"about":[{"href":"https:\/\/mairsturnstile.com\/it\/wp-json\/wp\/v2\/types\/product"}],"replies":[{"embeddable":true,"href":"https:\/\/mairsturnstile.com\/it\/wp-json\/wp\/v2\/comments?post=10628"}],"version-history":[{"count":0,"href":"https:\/\/mairsturnstile.com\/it\/wp-json\/wp\/v2\/product\/10628\/revisions"}],"wp:featuredmedia":[{"embeddable":true,"href":"https:\/\/mairsturnstile.com\/it\/wp-json\/wp\/v2\/media\/62311"}],"wp:attachment":[{"href":"https:\/\/mairsturnstile.com\/it\/wp-json\/wp\/v2\/media?parent=10628"}],"wp:term":[{"taxonomy":"product_cat","embeddable":true,"href":"https:\/\/mairsturnstile.com\/it\/wp-json\/wp\/v2\/product_cat?post=10628"},{"taxonomy":"product_tag","embeddable":true,"href":"https:\/\/mairsturnstile.com\/it\/wp-json\/wp\/v2\/product_tag?post=10628"}],"curies":[{"name":"wp","href":"https:\/\/api.w.org\/{rel}","templated":true}]}}