{"id":10629,"date":"2020-09-13T17:53:39","date_gmt":"2020-09-13T09:53:39","guid":{"rendered":"https:\/\/mairsturnstile.com\/product\/tornello-esd-tornello-controllo-accessi-treppiedi-mt121-s"},"modified":"2023-10-31T17:42:15","modified_gmt":"2023-10-31T09:42:15","slug":"esd-tornello","status":"publish","type":"product","link":"https:\/\/mairsturnstile.com\/it\/prodotto\/esd-tornello","title":{"rendered":"TORNELLO ESD TREPPIEDE CONTROLLO ACCESSI TORNELLO MT156-ESD"},"content":{"rendered":"        <!-- 3D Model html -->\r\n        <div class=\"bp_grand wrapper_36237\">   \r\n        <div class=\"bp_model_parent\">\r\n            <model-viewer class=\"model\" id=\"bp_model_id_36237\" src=\"http:\/\/mairsturnstile.com\/wp-content\/uploads\/2023\/10\/esd-turnstile.glb\" alt=\"esd turnstile\" camera-controls  loading=\"auto\" auto-rotate                        >\r\n            <\/model-viewer>\r\n        \r\n            <!-- Button -->\r\n            <svg id=\"openBtn\" width=\"30px\" height=\"30px\" viewBox=\"0 0 16 16\" xmlns=\"http:\/\/www.w3.org\/2000\/svg\" fill=\"#f2f2f2\" class=\"bi bi-arrows-fullscreen model-icon\">\r\n                <path fill-rule=\"evenodd\" d=\"M5.828 10.172a.5.5 0 0 0-.707 0l-4.096 4.096V11.5a.5.5 0 0 0-1 0v3.975a.5.5 0 0 0 .5.5H4.5a.5.5 0 0 0 0-1H1.732l4.096-4.096a.5.5 0 0 0 0-.707zm4.344 0a.5.5 0 0 1 .707 0l4.096 4.096V11.5a.5.5 0 1 1 1 0v3.975a.5.5 0 0 1-.5.5H11.5a.5.5 0 0 1 0-1h2.768l-4.096-4.096a.5.5 0 0 1 0-.707zm0-4.344a.5.5 0 0 0 .707 0l4.096-4.096V4.5a.5.5 0 1 0 1 0V.525a.5.5 0 0 0-.5-.5H11.5a.5.5 0 0 0 0 1h2.768l-4.096 4.096a.5.5 0 0 0 0 .707zm-4.344 0a.5.5 0 0 1-.707 0L1.025 1.732V4.5a.5.5 0 0 1-1 0V.525a.5.5 0 0 1 .5-.5H4.5a.5.5 0 0 1 0 1H1.732l4.096 4.096a.5.5 0 0 1 0 .707z\"\/>\r\n            <\/svg>\r\n        \r\n            <svg id=\"closeBtn\" class=\"model-icon\" width=\"34px\" height=\"34px\" viewBox=\"0 0 24 24\" xmlns=\"http:\/\/www.w3.org\/2000\/svg\">\r\n                <path fill=\"none\" stroke=\"#f2f2f2\" stroke-width=\"2\" d=\"M7,7 L17,17 M7,17 L17,7\"\/>\r\n            <\/svg>\r\n        \r\n        <\/div>\r\n        <\/div> \r\n\r\n        <!-- Model Viewer Style -->\r\n        <style>\r\n            \r\n            .wrapper_36237 .bp_model_parent, #bp_model_id_36237 {\r\n                width: 1150px;\r\n                max-width: 100%;\r\n                                            }\r\n            #bp_model_id_36237 {\r\n                height:700px;\r\n                background-color: #f9f9f9;\r\n            }\r\n            .fullscreen #bp_model_id_36237{\r\n            height: 100%;\r\n            width: 100%;\r\n            }\r\n            .wrapper_36237 .bp_model_parent{\r\n                justify-content: start            }\r\n            model-viewer.model {\r\n                --poster-color: transparent;\r\n            }\r\n        <\/style>\r\n        \r\n        \n<h2>TORNELLO ESD Il TORNELLO CON CONTROLLO DELL&#8217;ACCESSO A TREPPIEDI offre una garanzia di 2 anni e un supporto durevole di manutenzione e riparazione.<\/h2>\n<p><strong>Il tornello ESD \u00e8 una sorta di cancello girevole che si integra con dispositivi di test elettrostatici umani (test ESD, cinturino da polso ESD, cinturino da polso ESD, scarpe ESD) per realizzare la gestione della sicurezza del controllo speciale dell&#8217;accesso pedonale.<\/strong> Naturalmente, possiamo integrare questi dispositivi di test elettrostatici umani nel nostro cancello del tornello. Se hai bisogno di questi tornelli ESD, <a href=\"https:\/\/mairsturnstile.com\/contact\" target=\"_blank\" rel=\"noopener\">contattaci<\/a><\/p>\n<p>Siamo in grado di fornire servizi OEM e ODM. Se vuoi saperne di pi\u00f9 sulle specifiche del tornello ESD, controlla il nostro articolo <a href=\"https:\/\/mairsturnstile.com\/esd-turnstile-gate-system.html\" target=\"_blank\" rel=\"noopener\">Sistema di cancello del tornello ESD.<\/a><\/p>\n<p><strong>Tutti gli stili di <a href=\"https:\/\/mairsturnstile.com\/product\/tripod-security-gate\" target=\"_blank\" rel=\"noopener\">tornelli a treppiede<\/a> e di <a href=\"https:\/\/mairsturnstile.com\/category\/flap-barrier-turnstile\" target=\"_blank\" rel=\"noopener\">tornelli a barriera con alette<\/a><\/strong> possono essere trasformati in tornelli ESD. Di solito, la maggior parte dei clienti sceglie i tornelli a tripode e i tornelli a barriera con alette. Naturalmente, anche alcuni modelli di <a href=\"https:\/\/mairsturnstile.com\/category\/swing-turnstile-gate\" target=\"_blank\" rel=\"noopener\">tornelli a battente<\/a> e di <a href=\"https:\/\/mairsturnstile.com\/category\/speed-gates\" target=\"_blank\" rel=\"noopener\">cancelli di velocit\u00e0<\/a> possono essere trasformati in tornelli ESD. Se avete bisogno di personalizzare un tornello con barriera a lamelle ESD, consultate la <a href=\"https:\/\/mairsturnstile.com\/category\/flap-barrier-turnstile\" target=\"_blank\" rel=\"noopener\">pagina dei prodotti della nostra barriera a lamelle<\/a>. Per i casi di progetto effettivi del tornello ESD con barriera a ribalta e del tornello a treppiede ESD, puoi vedere le seguenti immagini del caso.<\/p>\n<p>Come produttori professionali di cancelli per tornelli di controllo accessi pedonale. Mairs offre il miglior cancello girevole con treppiede per tornello ESD a un prezzo accessibile.<br \/>\nPossiamo anche creare un rendering per te in pochi minuti in base al tuo scenario reale. Forniamo anche layout e disegni dettagliati, nonch\u00e9 disegni di installazione.<\/p>\n\n        \t\n\t<style type=\"text\/css\">\n\t\t.slider-info-36238.bafg-slider-info .bafg-slider-title {\n\t\t\t\t\t\tfont-size: 22px;\n\t\t\t\t\t\t\n\t\t\t\n\t\t\t\t\t}\n\n\t\t.slider-info-36238.bafg-slider-info .bafg-slider-description {\n\t\t\t\n\t\t\t\n\t\t\t\t\t}\n\n\t\t.slider-info-36238.bafg-slider-info .bafg_slider_readmore_button {\n\t\t\t\n\t\t\t\n\t\t\t\n\t\t\t\n\t\t\t\n\t\t\ttext-align: center;\n\n\t\t\t\n\t\t\t\n\t\t\t\n\t\t\t\n\t\t\t\n\t\t\t\n\t\t\t\t\t}\n\n\t\t.slider-info-36238.bafg-slider-info .bafg_slider_readmore_button:hover {\n\n\t\t\t\n\t\t\t\n\t\t\t\t\t}\n\n\t<\/style>\n\t\n        <div class=\"bafg-twentytwenty-container slider-36238 \" bafg-orientation=\"horizontal\" bafg-default-offset=\"0.5\" bafg-before-label=\"Before\" bafg-after-label=\"After\" bafg-overlay=\"yes\" bafg-move-slider-on-hover=\"yes\" bafg-click-to-move=\"no\">\n              \n            <img decoding=\"async\" class=\"skip-lazy\" src=\"http:\/\/mairsturnstile.com\/wp-content\/uploads\/2023\/10\/esd-turnstile-4.jpg\" alt=\"\" data-skip-lazy title=\"\">\n            <img decoding=\"async\" class=\"skip-lazy\" src=\"http:\/\/mairsturnstile.com\/wp-content\/uploads\/2023\/10\/esd-turnstile-5.jpg\" alt=\"\" data-skip-lazy title=\"\">\n           \n        <\/div>\n\n        \t<div class=\"bafg-slider-info-wraper\">\n\t\t<div style=\"\" class=\"slider-info-36238 bafg-slider-info\">\n\t\t\t\t\t<\/div>\n\t<\/div>\n\t\n        <style type=\"text\/css\">\n            \n        <\/style>\n        \n<p>Il tornello a treppiede offre un controllo automatico dell&#8217;accesso dissuasivo per i siti con requisiti di utilizzo intenso. Ben costruito per una maggiore durata, controlla in modo efficiente un&#8217;elevata produttivit\u00e0. Poich\u00e9 pu\u00f2 essere installato all&#8217;interno o all&#8217;esterno degli edifici, fornisce il controllo degli abusi degli utenti occasionali. Questa \u00e8 un&#8217;attrezzatura semplice, durevole ed economica.<\/p>\n<ul>\n<li>Il cancello del tornello a treppiede del tornello ESD \u00e8 una soluzione di ingresso compatta ed economica.<\/li>\n<li>Il tornello a treppiede ESD ha un alloggiamento in <a href=\"https:\/\/en.wikipedia.org\/wiki\/Stainless_steel\" target=\"_blank\" rel=\"noopener\">acciaio inossidabile<\/a> 304 completamente impermeabile, resistente alla ruggine, solido e durevole.<\/li>\n<li>I tornelli a treppiede possono essere montati sia per ambienti interni che esterni. Il tasso IP \u00e8 54<\/li>\n<li>Dispone di un&#8217;uscita rel\u00e8 standard internazionale, che pu\u00f2 essere facilmente integrata con tutti i tipi di sistemi di controllo accessi di terze parti (ad esempio RFID, impronta digitale, riconoscimento facciale, codice a barre, termometro IR).<\/li>\n<li>Il cancello \u00e8 semiautomatico. Sar\u00e0 necessario spingere leggermente il braccio per aprire il cancello quando l&#8217;accesso \u00e8 consentito.<\/li>\n<li>Il design ragionevole e le prestazioni elevate garantiscono che i cancelli possano muoversi in modo rapido e preciso, stabile e silenzioso; con basso consumo energetico, risparmio energetico e protezione dell&#8217;ambiente.<\/li>\n<li>Meccanismo a stampo durevole, resistente alla corrosione e per impieghi gravosi per una maggiore durata<\/li>\n<li>Il meccanismo \u00e8 il design dello stampo. Tutti i componenti sono precisi. Fa funzionare il sistema del cancello senza intoppi, con bassa rumorosit\u00e0. Pu\u00f2 essere aggiunto un ammortizzatore idraulico.<\/li>\n<li>Il design del tornello a treppiede fa passare solo una persona alla volta.<\/li>\n<li>Unica o bidirezionale \u00e8 un&#8217;opzione.<\/li>\n<li>Indicatore di direzione a LED in alto.<\/li>\n<li>Funzione orologio automatico: se si riceve un segnale di apertura, ma il visitatore non attraversa il cancello entro un determinato tempo (default 5s), il braccio del tornello si bloccher\u00e0 automaticamente.<\/li>\n<li>Una volta spento, i bracci del tornello a treppiede si abbasseranno automaticamente per consentire il libero passaggio, in conformit\u00e0 con i requisiti di sicurezza antincendio.<\/li>\n<\/ul>\n<p>Siamo in grado di fornire l&#8217;intera soluzione di controllo degli accessi di sicurezza. Se disponi di un tuo sistema di controllo degli accessi, puoi utilizzare direttamente il nostro cancello tornello. Se non ne hai uno, forniamo anche una soluzione completa per il controllo degli accessi di sicurezza. Si prega di fare riferimento al video qui sotto per i dettagli.<\/p>\n","protected":false},"excerpt":{"rendered":"<p>1. Dimensioni: 1400*280*980 mm (pu\u00f2 essere personalizzato)<\/p>\n<p>2. Larghezza corsia: 550 mm (personalizzabile)<\/p>\n<p>3. Velocit\u00e0 di passaggio: 35 persone\/min<\/p>\n<p>4. Alimentazione: 110V\/220V 50\/60Hz<\/p>\n<p>5. Peso: 50 kg<\/p>\n<p>6. Segnale cancello aperto: contatto pulito\/rel\u00e8<\/p>\n<p>7. \u00c8 possibile aggiungere la piastra di tenuta laterale e la piastra inferiore<\/p>\n<p>8. Affidabilit\u00e0 del meccanismo: 3 milioni, senza colpa<\/p>\n<p>9. Modo operativo: semiautomatico<\/p>\n<p><strong><a title=\"Tornello a tripode certificato CE Mairs\" href=\"http:\/\/mairsturnstile.com\/wp-content\/uploads\/2022\/09\/Mairs-CE-Certificate-Tripod-Turnstile.pdf\" target=\"_blank\" rel=\"noopener noreferrer\">Certificazione CE<\/a>, <a title=\"Certificato Mairs ISO9001\" href=\"http:\/\/mairsturnstile.com\/wp-content\/uploads\/2022\/09\/Mairs-Registration-Certificate-ISO9001.pdf\" target=\"_blank\" rel=\"noopener noreferrer\">certificato ISO 9001.<\/a><\/strong><\/p>\n","protected":false},"featured_media":36231,"comment_status":"closed","ping_status":"closed","template":"","meta":{"neve_meta_sidebar":"","neve_meta_container":"","neve_meta_enable_content_width":"off","neve_meta_content_width":0,"neve_meta_title_alignment":"","neve_meta_author_avatar":"","neve_post_elements_order":"","neve_meta_disable_header":"","neve_meta_disable_footer":"","neve_meta_disable_title":"","_ti_tpc_template_sync":false,"_ti_tpc_template_id":""},"product_cat":[888,891],"product_tag":[1192,1194,1601,1602,1195,1600,1191,1193],"class_list":["post-10629","product","type-product","status-publish","has-post-thumbnail","hentry","product_cat-tornelli-di-sicurezza","product_cat-tornello-a-tripode","product_tag-cancello-tornello-est","product_tag-esd-sistema-cancello-tornello","product_tag-sistema-di-controllo-accessi-esd","product_tag-sistema-di-controllo-accessi-tornello-esd","product_tag-specifiche-del-tornello-esd","product_tag-tornelli-esd","product_tag-tornello-est","product_tag-tornello-tester-esd"],"_links":{"self":[{"href":"https:\/\/mairsturnstile.com\/it\/wp-json\/wp\/v2\/product\/10629","targetHints":{"allow":["GET"]}}],"collection":[{"href":"https:\/\/mairsturnstile.com\/it\/wp-json\/wp\/v2\/product"}],"about":[{"href":"https:\/\/mairsturnstile.com\/it\/wp-json\/wp\/v2\/types\/product"}],"replies":[{"embeddable":true,"href":"https:\/\/mairsturnstile.com\/it\/wp-json\/wp\/v2\/comments?post=10629"}],"version-history":[{"count":0,"href":"https:\/\/mairsturnstile.com\/it\/wp-json\/wp\/v2\/product\/10629\/revisions"}],"wp:featuredmedia":[{"embeddable":true,"href":"https:\/\/mairsturnstile.com\/it\/wp-json\/wp\/v2\/media\/36231"}],"wp:attachment":[{"href":"https:\/\/mairsturnstile.com\/it\/wp-json\/wp\/v2\/media?parent=10629"}],"wp:term":[{"taxonomy":"product_cat","embeddable":true,"href":"https:\/\/mairsturnstile.com\/it\/wp-json\/wp\/v2\/product_cat?post=10629"},{"taxonomy":"product_tag","embeddable":true,"href":"https:\/\/mairsturnstile.com\/it\/wp-json\/wp\/v2\/product_tag?post=10629"}],"curies":[{"name":"wp","href":"https:\/\/api.w.org\/{rel}","templated":true}]}}