{"id":14398,"date":"2022-01-25T00:32:30","date_gmt":"2022-01-24T16:32:30","guid":{"rendered":"https:\/\/mairsturnstile.com\/product\/killer-per-pneumatici-montato-in-superficie-killer-elettrico-automatico-per-pneumatici-mt632-s"},"modified":"2022-01-25T00:32:30","modified_gmt":"2022-01-24T16:32:30","slug":"prezzo-tyre-killer","status":"publish","type":"product","link":"https:\/\/mairsturnstile.com\/it\/prodotto\/prezzo-tyre-killer","title":{"rendered":"Killer per pneumatici montato in superficie Killer elettrico automatico per pneumatici MT632-S"},"content":{"rendered":"<h3><strong><b>Prezzo killer per pneumatici Traffic Spike<\/b><\/strong> ha una garanzia di 2 anni e un supporto duraturo per la manutenzione e la riparazione.<\/h3>\n<p>Siamo in grado di fornire servizi OEM e ODM. Mairs offre la migliore qualit\u00e0 di killer per pneumatici in vendita al prezzo pi\u00f9 basso, prezzo conveniente per la vendita di pneumatici per pneumatici. Se desideri acquistare un tyre killer, ti preghiamo di <a href=\"https:\/\/mairsturnstile.com\/contact\">contattarci<\/a><\/p>\n<p>Traffic spikes tire killer \u00e8 uno dei sistemi di controllo dell&#8217;accesso ai veicoli di massima sicurezza in cui un veicolo senza permesso non pu\u00f2 entrare. I pneumatici del veicolo non autorizzato si aprono immediatamente, quindi il veicolo si sposta ancora solo per pochi metri e viene fermato. Le fauci dell&#8217;assassino di pneumatici si muovono tutte insieme. L&#8217;unit\u00e0 di azionamento elettrico \u00e8 posizionata a un&#8217;estremit\u00e0 dell&#8217;abbattitore di pneumatici, si trova sopra il livello del suolo ed \u00e8 un assemblaggio completo con il corpo. In questo modo si ottiene sia una trasmissione fluida del movimento che un effetto minimo di fattori esterni.<\/p>\n<p>L&#8217;assassino di pneumatici appartiene all&#8217;attrezzatura per il controllo del passaggio dei veicoli stradali. Pu\u00f2 essere dotato di rilevatore di veicoli, bobina di induzione a terra e induzione a infrarossi. Pu\u00f2 essere utilizzato insieme al sistema di controllo <a href=\"https:\/\/en.wikipedia.org\/wiki\/Access_control\" target=\"_blank\" rel=\"noopener noreferrer\">accessi al cancello<\/a> della barriera di parcheggio o da solo.<\/p>\n<p>Luoghi di applicazione: canali per veicoli che devono essere controllati in luoghi speciali come dogane, ispezioni di frontiera, logistica, porti e banchine, carceri, tesori, centrali nucleari, basi militari, dipartimenti governativi chiave, aeroporti e cos\u00ec via; Lo scopo di impedire efficacemente ai veicoli di perforare con la forza le schede.<\/p>\n<p>Campo di applicazione: protezione sicura degli incroci nell&#8217;area principale<br \/>\nAltezza puntale: 150 mm<\/p>\n<p>Spessore punta: 10 mm<\/p>\n<p>Modalit\u00e0 di guida: elettromeccanica<br \/>\nAmbiente di lavoro: -40\u2103\uff5e+70\u2103<br \/>\nModalit\u00e0 di controllo: telecomando wireless a corto raggio\/drive-by-wire<br \/>\nDistanza di controllo: \u2264100M<br \/>\nDistanza del telecomando: entro 50 m<br \/>\nInterfaccia semaforo<br \/>\nControllo del collegamento con barriera di parcheggio e semaforo<br \/>\nSpessore del materiale inferiore: 12 mm<br \/>\nL&#8217;intero piatto che forma piegatura, senza saldatura<br \/>\nSistema: azionamento elettrico 220V<br \/>\nPressione di passaggio: camion portacontainer Max 80T<\/p>\n<p>Prezzo killer per pneumatici conveniente<br \/>\nPotenza dinamica del sistema (w): 180W<br \/>\nTempo di salita: \u22641-2S<br \/>\nTempo di abbassamento: \u22641-2S<br \/>\nTemperatura di lavoro: -35\u2103~75\u2103<br \/>\nAmbiente di stoccaggio: -10\u2103~65\u2103<br \/>\nMateriale: acciaio A3, con vernice antiruggine<br \/>\nColore: varie opzioni<br \/>\nPeso: 250 kg<br \/>\nDimensioni della cassa: custodia standard (pu\u00f2 essere personalizzata)<\/p>\n<p>L3000 (cm) * W550 (cm) * H85 (cm), Lunghezza in aumento \uff1a 150 (cm)<\/p>\n<p>L3500 (cm) * W550 (cm) * H85 (cm), Lunghezza in aumento \uff1a 150 (cm)<\/p>\n<p>L4000 (cm) * W550 (cm) * H85 (cm), Lunghezza in aumento \uff1a 150 (cm)<\/p>\n<p>L4500 (cm) * W550 (cm) * H85 (cm), Lunghezza in aumento \uff1a 150 (cm)<\/p>\n<p>L5000 (cm) * W550 (cm) * H85 (cm), Lunghezza in aumento \uff1a 150 (cm)<\/p>\n<p>L5500 (cm) * W550 (cm) * H85 (cm), Lunghezza in aumento \uff1a 150 (cm)<\/p>\n<p>L6000 (cm) * W550 (cm) * H85 (cm), Lunghezza in aumento \uff1a 150 (cm)<\/p>\n<p><img fetchpriority=\"high\" decoding=\"async\" class=\"wp-image-12601 size-full\" src=\"http:\/\/mairsturnstile.com\/wp-content\/uploads\/2022\/11\/dimension-of-tyre-killer-632s.jpg\" alt=\"dimensione del killer di pneumatici\" width=\"1024\" height=\"450\" title=\"\" srcset=\"https:\/\/mairsturnstile.com\/wp-content\/uploads\/2022\/11\/dimension-of-tyre-killer-632s.jpg 1024w, https:\/\/mairsturnstile.com\/wp-content\/uploads\/2022\/11\/dimension-of-tyre-killer-632s-300x132.jpg 300w, https:\/\/mairsturnstile.com\/wp-content\/uploads\/2022\/11\/dimension-of-tyre-killer-632s-768x338.jpg 768w, https:\/\/mairsturnstile.com\/wp-content\/uploads\/2022\/11\/dimension-of-tyre-killer-632s-800x352.jpg 800w\" sizes=\"(max-width: 1024px) 100vw, 1024px\" \/><\/p>\n<p><img decoding=\"async\" class=\"size-full wp-image-12530\" src=\"http:\/\/mairsturnstile.com\/wp-content\/uploads\/2022\/11\/tyre-killer.jpg\" alt=\"assassino di pneumatici\" width=\"1024\" height=\"1100\" title=\"\"><\/p>\n","protected":false},"excerpt":{"rendered":"<p>1. Materiale: acciaio A3<\/p>\n<p>2. Trattamento superficiale: vernice con striscia riflettente<\/p>\n<p>3. Tasso IP: IP67<\/p>\n<p>4. Colore specificato: nero e giallo<\/p>\n<p>5. Lunghezza: 6 m max<\/p>\n<p>6. Larghezza: 550 mm<\/p>\n<p>7. Altezza: 85 mm<\/p>\n<p>8. Peso massimo di caricamento: 80T<\/p>\n","protected":false},"featured_media":12835,"comment_status":"closed","ping_status":"closed","template":"","meta":{"neve_meta_sidebar":"","neve_meta_container":"","neve_meta_enable_content_width":"off","neve_meta_content_width":0,"neve_meta_title_alignment":"","neve_meta_author_avatar":"","neve_post_elements_order":"","neve_meta_disable_header":"","neve_meta_disable_footer":"","neve_meta_disable_title":"","_ti_tpc_template_sync":false,"_ti_tpc_template_id":""},"product_cat":[886,892],"product_tag":[1662,1661],"class_list":["post-14398","product","type-product","status-publish","has-post-thumbnail","hentry","product_cat-barriera-stradale","product_cat-killer-di-pneumatici","product_tag-prezzo-assassino-di-pneumatici","product_tag-prezzo-killer-di-pneumatici-in-pakistan"],"_links":{"self":[{"href":"https:\/\/mairsturnstile.com\/it\/wp-json\/wp\/v2\/product\/14398","targetHints":{"allow":["GET"]}}],"collection":[{"href":"https:\/\/mairsturnstile.com\/it\/wp-json\/wp\/v2\/product"}],"about":[{"href":"https:\/\/mairsturnstile.com\/it\/wp-json\/wp\/v2\/types\/product"}],"replies":[{"embeddable":true,"href":"https:\/\/mairsturnstile.com\/it\/wp-json\/wp\/v2\/comments?post=14398"}],"version-history":[{"count":0,"href":"https:\/\/mairsturnstile.com\/it\/wp-json\/wp\/v2\/product\/14398\/revisions"}],"wp:featuredmedia":[{"embeddable":true,"href":"https:\/\/mairsturnstile.com\/it\/wp-json\/wp\/v2\/media\/12835"}],"wp:attachment":[{"href":"https:\/\/mairsturnstile.com\/it\/wp-json\/wp\/v2\/media?parent=14398"}],"wp:term":[{"taxonomy":"product_cat","embeddable":true,"href":"https:\/\/mairsturnstile.com\/it\/wp-json\/wp\/v2\/product_cat?post=14398"},{"taxonomy":"product_tag","embeddable":true,"href":"https:\/\/mairsturnstile.com\/it\/wp-json\/wp\/v2\/product_tag?post=14398"}],"curies":[{"name":"wp","href":"https:\/\/api.w.org\/{rel}","templated":true}]}}