{"id":14410,"date":"2022-01-24T21:44:02","date_gmt":"2022-01-24T13:44:02","guid":{"rendered":"https:\/\/mairsturnstile.com\/product\/dissuasori-retrattili-dissuasori-idraulici-dissuasori-idraulici"},"modified":"2022-01-24T21:44:02","modified_gmt":"2022-01-24T13:44:02","slug":"dissuasori-idraulici","status":"publish","type":"product","link":"https:\/\/mairsturnstile.com\/it\/prodotto\/dissuasori-idraulici","title":{"rendered":"Dissuasori retrattili dissuasori idraulici dissuasori idraulici"},"content":{"rendered":"<h3>I dissuasori idraulici sono coperti da una garanzia di 2 anni e da un supporto duraturo per la manutenzione e la riparazione.<\/h3>\n<p>Siamo in grado di fornire servizi OEM e ODM. Questi dissuasori idraulici possono essere dotati di un lettore di schede, che pu\u00f2 controllare automaticamente il sollevamento dei dissuasori idraulici sollevabili tramite lo scorrimento della scheda. Pu\u00f2 anche essere dotato di cancello tornello di parcheggio o <a href=\"https:\/\/en.wikipedia.org\/wiki\/Access_control\" target=\"_blank\" rel=\"noopener\">controllo accessi.<\/a> Pu\u00f2 anche essere collegato al sistema di gestione e al sistema di ricarica e controllato dal computer. \u00c8 inoltre possibile personalizzare la funzione di lampeggio del LED in modo che lampeggi l&#8217;avviso durante l&#8217;attivit\u00e0 della colonna e l&#8217;avviso luminoso di notte. \u00c8 inoltre possibile personalizzare l&#8217;allarme acustico e l&#8217;allarme intermittente. Se desideri personalizzare un dissuasore a sollevamento idraulico, <a href=\"https:\/\/mairsturnstile.com\/contact\">contattaci<\/a><\/p>\n<p>I dissuasori idraulici sono un tipo di apparecchiatura per controllare il passaggio dei veicoli stradali, che possono essere utilizzati insieme al sistema di controllo del cancello del tornello di parcheggio o da soli; \u00c8 appositamente progettato e sviluppato per impedire l&#8217;irruzione di veicoli non autorizzati in aree sensibili e presenta un&#8217;elevata praticabilit\u00e0, affidabilit\u00e0 e sicurezza.<\/p>\n<p>I dissuasori idraulici sono composti da base inferiore, colonna barriera di sollevamento bloccante, dispositivo di trasmissione di potenza, controllo e altre parti. In base alle diverse esigenze dei diversi clienti, ha una variet\u00e0 di modalit\u00e0 di configurazione tra cui gli utenti possono scegliere, in grado di soddisfare i requisiti funzionali di vari clienti.<\/p>\n<p>I dissuasori idraulici automatici sono comunemente usati per mettere in sicurezza propriet\u00e0 pubbliche e private e alcune aree ad alta sicurezza. Agisce come una barriera visiva. Si va da dissuasori retrattili semiautomatici a dissuasori antiurto completamente automatici. Sono disponibili in una variet\u00e0 di dimensioni, finiture e materiali. I dissuasori e i road blocker di sicurezza possono proteggere persone e luoghi da problemi non garantiti.<\/p>\n<p>Prestazioni dei dissuasori idraulici:<br \/>\nLa struttura dei dissuasori idraulici \u00e8 solida e resistente, il carico del cuscinetto \u00e8 elevato, l&#8217;azione \u00e8 stabile e il rumore \u00e8 basso. Viene adottato il controllo PLC e le prestazioni operative del sistema sono stabili e affidabili, il che \u00e8 conveniente per l&#8217;integrazione. I dissuasori idraulici possono essere collegati ad altre apparecchiature come il cancello della barriera di parcheggio o possono essere combinati con altre apparecchiature di controllo per realizzare il controllo automatico.<\/p>\n<p>In caso di interruzione di corrente o guasto, se la colonna di sollevamento \u00e8 nello stato sollevato e deve essere abbassata, pu\u00f2 essere abbassata manualmente. L&#8217;operazione di spostamento abbasser\u00e0 la colonna sollevata in posizione orizzontale rispetto al suolo per consentire il passaggio dei veicoli. Viene adottata la tecnologia di azionamento idraulico a bassa pressione leader a livello internazionale e l&#8217;intero sistema ha un&#8217;elevata sicurezza, affidabilit\u00e0 e stabilit\u00e0.<br \/>\nDispositivo di controllo remoto: tramite telecomando wireless, pu\u00f2 trovarsi entro 30 metri attorno al controller (a seconda dell&#8217;ambiente di comunicazione radio in loco), il sollevamento della colonna di barricata del telecomando mobile.<\/p>\n<p>Ambiente di stoccaggio: -10 \u2103 ~ 65 \u2103, impermeabile, a prova di umidit\u00e0, a prova di polvere.<br \/>\nAltezza in aumento: 600 mm (standard) Max pu\u00f2 essere 800 mm<br \/>\nSpessore standard: 6 (standard) 8,10,25,30 mm (opzionale).<br \/>\nDiametro cilindro: 219<br \/>\nDimensioni della cassa: 430 x 430 x 900 mm<br \/>\nStruttura: con colonna-trave in acciaio portante, colonna-trave in acciaio anticollisione, 4 aste di navigazione<br \/>\nMeccanismo elettrico integrato: corsa 600mm, diametro esterno cilindro 60mm,<br \/>\nDiametro asta pistone: 16 mm<br \/>\nCilindro con superficie a specchio 6K<br \/>\nCon LED (cerchio di luce acrilica)<br \/>\nAdesivo riflettente: 2 strisce<br \/>\nIn caso di interruzione di corrente, i dissuasori possono essere abbassati manualmente collegandosi con una batteria di backup<br \/>\nTasso IP: certificato IP68<br \/>\nPeso: 150 \u00b1 KG<\/p>\n<p>In salita e discesa \u00e8 disponibile un funzionamento reversibile<br \/>\nUn dispositivo che esegue noise\u226460decibel<br \/>\nIl meccanismo idraulico \u00e8 un involucro di alluminio completamente sigillato per garantire un grado di impermeabilit\u00e0<br \/>\nL&#8217;azionamento idraulico \u00e8 dotato di un blocco idraulico<br \/>\nSistema di controllo dei comandi di programmazione PLC<br \/>\nTensione elettrovalvola 24V<br \/>\nDistanza del telecomando 50 M-100 M (in base all&#8217;ambiente)<br \/>\nLa casella di controllo visualizza il testo regolabile (su, gi\u00f9, azione, regolazione del controllo del tempo)<br \/>\nVisualizzazione del testo con bilingue cinese e inglese<br \/>\nSistema di crittografia integrato nel PLC<br \/>\nTelecomando APP e PC (opzionale)<\/p>\n<p><img fetchpriority=\"high\" decoding=\"async\" class=\"wp-image-12611 size-full\" src=\"http:\/\/mairsturnstile.com\/wp-content\/uploads\/2022\/11\/dimension-of-rising-bollards-219s.jpg\" alt=\"dimensione dei dissuasori idraulici\" width=\"1024\" height=\"820\" title=\"\" srcset=\"https:\/\/mairsturnstile.com\/wp-content\/uploads\/2022\/11\/dimension-of-rising-bollards-219s.jpg 1024w, https:\/\/mairsturnstile.com\/wp-content\/uploads\/2022\/11\/dimension-of-rising-bollards-219s-300x240.jpg 300w, https:\/\/mairsturnstile.com\/wp-content\/uploads\/2022\/11\/dimension-of-rising-bollards-219s-768x615.jpg 768w, https:\/\/mairsturnstile.com\/wp-content\/uploads\/2022\/11\/dimension-of-rising-bollards-219s-800x641.jpg 800w\" sizes=\"(max-width: 1024px) 100vw, 1024px\" \/><\/p>\n<p><img decoding=\"async\" class=\"size-full wp-image-12535\" src=\"http:\/\/mairsturnstile.com\/wp-content\/uploads\/2022\/11\/rising-bollards.jpg\" alt=\"dissuasori in aumento\" width=\"1024\" height=\"1100\" title=\"\" srcset=\"https:\/\/mairsturnstile.com\/wp-content\/uploads\/2022\/11\/rising-bollards.jpg 1024w, https:\/\/mairsturnstile.com\/wp-content\/uploads\/2022\/11\/rising-bollards-279x300.jpg 279w, https:\/\/mairsturnstile.com\/wp-content\/uploads\/2022\/11\/rising-bollards-953x1024.jpg 953w, https:\/\/mairsturnstile.com\/wp-content\/uploads\/2022\/11\/rising-bollards-768x825.jpg 768w, https:\/\/mairsturnstile.com\/wp-content\/uploads\/2022\/11\/rising-bollards-800x859.jpg 800w\" sizes=\"(max-width: 1024px) 100vw, 1024px\" \/><\/p>\n","protected":false},"excerpt":{"rendered":"<p>1. Impianto: impianto elettrico-idraulico<\/p>\n<p>2. Pressione massima di passaggio: camion da 80 tonnellate<\/p>\n<p>3. Tensione: AC220V 50Hz Integrato<\/p>\n<p>4. Potenza (w): 300 W integrato<\/p>\n<p>5. Tempo di attivit\u00e0: 4,5 secondi<\/p>\n<p>6. Tempo di inattivit\u00e0: 3S<\/p>\n<p>7. Temperatura di lavoro: -65\u2103~75\u2103<\/p>\n<p>8. Materiale: acciaio inossidabile 304<\/p>\n","protected":false},"featured_media":12726,"comment_status":"closed","ping_status":"closed","template":"","meta":{"neve_meta_sidebar":"","neve_meta_container":"","neve_meta_enable_content_width":"off","neve_meta_content_width":0,"neve_meta_title_alignment":"","neve_meta_author_avatar":"","neve_post_elements_order":"","neve_meta_disable_header":"","neve_meta_disable_footer":"","neve_meta_disable_title":"","_ti_tpc_template_sync":false,"_ti_tpc_template_id":""},"product_cat":[886,885],"product_tag":[1668,1669],"class_list":["post-14410","product","type-product","status-publish","has-post-thumbnail","hentry","product_cat-barriera-stradale","product_cat-dissuasori-in-aumento","product_tag-dissuasori-idraulici","product_tag-dissuasori-retrattili"],"_links":{"self":[{"href":"https:\/\/mairsturnstile.com\/it\/wp-json\/wp\/v2\/product\/14410","targetHints":{"allow":["GET"]}}],"collection":[{"href":"https:\/\/mairsturnstile.com\/it\/wp-json\/wp\/v2\/product"}],"about":[{"href":"https:\/\/mairsturnstile.com\/it\/wp-json\/wp\/v2\/types\/product"}],"replies":[{"embeddable":true,"href":"https:\/\/mairsturnstile.com\/it\/wp-json\/wp\/v2\/comments?post=14410"}],"version-history":[{"count":0,"href":"https:\/\/mairsturnstile.com\/it\/wp-json\/wp\/v2\/product\/14410\/revisions"}],"wp:featuredmedia":[{"embeddable":true,"href":"https:\/\/mairsturnstile.com\/it\/wp-json\/wp\/v2\/media\/12726"}],"wp:attachment":[{"href":"https:\/\/mairsturnstile.com\/it\/wp-json\/wp\/v2\/media?parent=14410"}],"wp:term":[{"taxonomy":"product_cat","embeddable":true,"href":"https:\/\/mairsturnstile.com\/it\/wp-json\/wp\/v2\/product_cat?post=14410"},{"taxonomy":"product_tag","embeddable":true,"href":"https:\/\/mairsturnstile.com\/it\/wp-json\/wp\/v2\/product_tag?post=14410"}],"curies":[{"name":"wp","href":"https:\/\/api.w.org\/{rel}","templated":true}]}}