{"id":19196,"date":"2021-06-10T16:00:22","date_gmt":"2021-06-10T08:00:22","guid":{"rendered":"https:\/\/mairsturnstile.com\/wysylka"},"modified":"2025-11-27T17:43:01","modified_gmt":"2025-11-27T09:43:01","slug":"wysylka","status":"publish","type":"page","link":"https:\/\/mairsturnstile.com\/pl\/wysylka","title":{"rendered":"Wysy\u0142ka"},"content":{"rendered":"\t\t<div data-elementor-type=\"wp-page\" data-elementor-id=\"19196\" class=\"elementor elementor-19196 elementor-3036\" data-elementor-post-type=\"page\">\n\t\t\t\t\t\t<section class=\"elementor-section elementor-top-section elementor-element elementor-element-3266d83 elementor-section-height-min-height elementor-section-content-middle elementor-section-boxed elementor-section-height-default elementor-section-items-middle\" data-id=\"3266d83\" data-element_type=\"section\" data-settings=\"{&quot;background_background&quot;:&quot;classic&quot;,&quot;shape_divider_bottom&quot;:&quot;opacity-tilt&quot;}\">\n\t\t\t\t\t\t\t<div class=\"elementor-background-overlay\"><\/div>\n\t\t\t\t\t\t<div class=\"elementor-shape elementor-shape-bottom\" data-negative=\"false\">\n\t\t\t<svg xmlns=\"http:\/\/www.w3.org\/2000\/svg\" viewBox=\"0 0 2600 131.1\" preserveAspectRatio=\"none\">\n\t<path class=\"elementor-shape-fill\" d=\"M0 0L2600 0 2600 69.1 0 0z\"\/>\n\t<path class=\"elementor-shape-fill\" style=\"opacity:0.5\" d=\"M0 0L2600 0 2600 69.1 0 69.1z\"\/>\n\t<path class=\"elementor-shape-fill\" style=\"opacity:0.25\" d=\"M2600 0L0 0 0 130.1 2600 69.1z\"\/>\n<\/svg>\t\t<\/div>\n\t\t\t\t\t<div class=\"elementor-container elementor-column-gap-default\">\n\t\t\t\t\t<div class=\"elementor-column elementor-col-100 elementor-top-column elementor-element elementor-element-fc698e7\" data-id=\"fc698e7\" data-element_type=\"column\">\n\t\t\t<div class=\"elementor-widget-wrap elementor-element-populated\">\n\t\t\t\t\t\t<div class=\"elementor-element elementor-element-9416d4b elementor-widget-mobile__width-initial elementor-invisible elementor-widget elementor-widget-heading\" data-id=\"9416d4b\" data-element_type=\"widget\" data-settings=\"{&quot;_animation&quot;:&quot;fadeInDown&quot;}\" data-widget_type=\"heading.default\">\n\t\t\t\t<div class=\"elementor-widget-container\">\n\t\t\t<h2 class=\"elementor-heading-title elementor-size-default\">Dostosuj ko\u0142owroty, kt\u00f3re nale\u017c\u0105 tylko do Ciebie, w oparciu o potrzeby rynku i projektu<\/h2>\t\t<\/div>\n\t\t\t\t<\/div>\n\t\t\t\t<div class=\"elementor-element elementor-element-9293aff elementor-widget-mobile__width-initial elementor-invisible elementor-widget elementor-widget-text-editor\" data-id=\"9293aff\" data-element_type=\"widget\" data-settings=\"{&quot;_animation&quot;:&quot;fadeInLeft&quot;}\" data-widget_type=\"text-editor.default\">\n\t\t\t\t<div class=\"elementor-widget-container\">\n\t\t\t\t\t\t\t<p>Nasz\u0105 zalet\u0105 jest to, \u017ce szybko mo\u017cemy dostosowa\u0107 bram\u0119 do Twoich potrzeb, a tak\u017ce w kr\u00f3tkim czasie mo\u017cemy dostarczy\u0107 Ci rzeczywiste wizualizacje i wymiary monta\u017cowe.<\/p>\n\t\t\t\t\t\t<\/div>\n\t\t\t\t<\/div>\n\t\t\t\t<div class=\"elementor-element elementor-element-65ab60c elementor-widget-mobile__width-initial elementor-invisible elementor-widget elementor-widget-button\" data-id=\"65ab60c\" data-element_type=\"widget\" data-settings=\"{&quot;_animation&quot;:&quot;fadeInRight&quot;}\" data-widget_type=\"button.default\">\n\t\t\t\t<div class=\"elementor-widget-container\">\n\t\t\t\t\t\t\t\t<a class=\"elementor-button elementor-button-link elementor-size-md elementor-animation-grow\" href=\"https:\/\/mairsturnstile.com\/m-series-turnstile\" target=\"_blank\">\n\t\t\t\t\t\t<span class=\"elementor-button-content-wrapper\">\n\t\t\t\t\t\t<span class=\"elementor-button-icon\">\n\t\t\t\t<i aria-hidden=\"true\" class=\"fas fa-arrow-circle-right\"><\/i>\t\t\t<\/span>\n\t\t\t\t\t\t\t\t\t<span class=\"elementor-button-text\">Czytaj wi\u0119cej<\/span>\n\t\t\t\t\t<\/span>\n\t\t\t\t\t<\/a>\n\t\t\t\t\t\t<\/div>\n\t\t\t\t<\/div>\n\t\t\t\t\t<\/div>\n\t\t<\/div>\n\t\t\t\t\t<\/div>\n\t\t<\/section>\n\t\t\t\t<section class=\"elementor-section elementor-top-section elementor-element elementor-element-b31da81 elementor-section-content-middle elementor-section-boxed elementor-section-height-default elementor-section-height-default\" data-id=\"b31da81\" data-element_type=\"section\">\n\t\t\t\t\t\t<div class=\"elementor-container elementor-column-gap-no\">\n\t\t\t\t\t<div class=\"elementor-column elementor-col-100 elementor-top-column elementor-element elementor-element-cf518fe\" data-id=\"cf518fe\" data-element_type=\"column\">\n\t\t\t<div class=\"elementor-widget-wrap elementor-element-populated\">\n\t\t\t\t\t\t<div class=\"elementor-element elementor-element-cfa8a16 elementor-widget elementor-widget-heading\" data-id=\"cfa8a16\" data-element_type=\"widget\" data-widget_type=\"heading.default\">\n\t\t\t\t<div class=\"elementor-widget-container\">\n\t\t\t<h3 class=\"elementor-heading-title elementor-size-default\">Wysy\u0142ka<\/h3>\t\t<\/div>\n\t\t\t\t<\/div>\n\t\t\t\t<div class=\"elementor-element elementor-element-28d5005 elementor-widget elementor-widget-text-editor\" data-id=\"28d5005\" data-element_type=\"widget\" data-widget_type=\"text-editor.default\">\n\t\t\t\t<div class=\"elementor-widget-container\">\n\t\t\t\t\t\t\t<p><strong>Wysy\u0142ka na ca\u0142y \u015bwiat:<\/strong><br \/>Eksportujemy<a href=\"https:\/\/mairsturnstile.com\/pl\" target=\"_blank\" rel=\"noopener\"> bramki obrotowe <\/a>do wszystkich kraj\u00f3w na ca\u0142ym \u015bwiecie. Aby zaoszcz\u0119dzi\u0107 na kosztach i rozwi\u0105za\u0107 problem, jest naszym d\u0105\u017ceniem.<br \/><strong>Czas realizacji:<\/strong><br \/>W przypadku produkt\u00f3w standardowych, w ilo\u015bci 30 sztuk, produkcja trwa zazwyczaj tydzie\u0144.<br \/>W przypadku produkt\u00f3w niestandardowych czas realizacji mo\u017ce by\u0107 d\u0142u\u017cszy. W celu uzyskania szczeg\u00f3\u0142owych informacji prosimy o kontakt z naszymi pracownikami sprzeda\u017cy.<br \/><strong>Czas dostawy:<\/strong><br \/>Mo\u017cemy zorganizowa\u0107 wysy\u0142k\u0119 ekspresow\u0105, morsk\u0105 i lotnicz\u0105, w zale\u017cno\u015bci od Pa\u0144stwa potrzeb. W niekt\u00f3rych krajach dost\u0119pna jest r\u00f3wnie\u017c us\u0142uga DDU i DDP. <br \/>Ekspresowym i lotniczym to szybszy spos\u00f3b, ale kosztowny. Drog\u0105 morsk\u0105 jest taniej, ale wymaga czasu.<br \/><strong>Koszty wysy\u0142ki:<\/strong><br \/>R\u00f3\u017cne regiony, r\u00f3\u017cne drogi, r\u00f3\u017cne stawki frachtu. Koszty wysy\u0142ki nie s\u0105 niezmienne. Prosimy o kontakt w celu potwierdzenia stawek frachtu. What&#8217;s APP&amp;Tel: <a href=\"https:\/\/api.whatsapp.com\/send?phone=+8615323431686\" target=\"_blank\" rel=\"noopener\">+8615323431686<\/a> Email: <a href=\"mailto:info@mairsturnstile.com\">info@mairsturnstile.com<\/a><\/p>\n<p>Zapewnimy najkorzystniejszy plan transportu w zale\u017cno\u015bci od wielko\u015bci \u0142adunku klienta. Mamy do\u015bwiadczone firmy spedycyjne, z kt\u00f3rymi wsp\u00f3\u0142pracujemy przez ca\u0142y rok i po\u0142\u0105czymy Twoje rzeczywiste potrzeby, aby stworzy\u0107 najkorzystniejszy \u0142adunek na rynku, oszcz\u0119dzaj\u0105c koszty i czas transportu.<\/p>\n<p>Ilo\u015b\u0107 naszych towar\u00f3w jest stosunkowo du\u017ca, op\u0142aca si\u0119 podr\u00f3\u017cowa\u0107 drog\u0105 morsk\u0105 lub kolejow\u0105, ale terminowo\u015b\u0107 jest stosunkowo powolna. Mo\u017cemy zorganizowa\u0107 transport morski do portu lub transport kolejowy do stacji. Mamy r\u00f3wnie\u017c us\u0142ug\u0119 door to door. Do Europy mo\u017cemy dostarczy\u0107 kolej\u0105 na stacj\u0119, a nast\u0119pnie ci\u0119\u017car\u00f3wk\u0105 pod adres klienta. Do Ameryki P\u00f3\u0142nocnej, Ameryki Po\u0142udniowej, Azji Po\u0142udniowo-Wschodniej, Australii mo\u017cemy wys\u0142a\u0107 drog\u0105 morsk\u0105, a nast\u0119pnie ci\u0119\u017car\u00f3wk\u0105 na adres klienta. Oba sposoby obejmuj\u0105 podw\u00f3jn\u0105 odpraw\u0119 celn\u0105, a tak\u017ce podatek.<\/p>\n<p>Je\u015bli towary wymagaj\u0105 pilnej instalacji, mo\u017cemy zorganizowa\u0107 ekspresowy (DHL, Fedex, UPS itp.) Lub transport lotniczy na lotnisko, zwykle 5-7 dni, a w przypadku transportu lotniczego mo\u017cemy r\u00f3wnie\u017c dostarczy\u0107 na lotnisko, a nast\u0119pnie do drzwi ci\u0119\u017car\u00f3wk\u0105 do niekt\u00f3rych kraj\u00f3w.<\/p>\n<p>Oczywi\u015bcie, je\u015bli klienci maj\u0105 w\u0142asn\u0105 wsp\u00f3\u0142pracuj\u0105c\u0105 i zaufan\u0105 firm\u0119 spedycyjn\u0105, mo\u017cemy r\u00f3wnie\u017c dostarczy\u0107 towar bezpo\u015brednio do Twojej w\u0142asnej firmy spedycyjnej, a tak\u017ce pomo\u017cemy spedytorowi w sprawach zg\u0142oszenia eksportowego.<\/p>\n\t\t\t\t\t\t<\/div>\n\t\t\t\t<\/div>\n\t\t\t\t\t<\/div>\n\t\t<\/div>\n\t\t\t\t\t<\/div>\n\t\t<\/section>\n\t\t\t\t<section class=\"elementor-section elementor-top-section elementor-element elementor-element-94c8335 elementor-section-height-min-height elementor-section-content-middle elementor-section-boxed elementor-section-height-default elementor-section-items-middle\" data-id=\"94c8335\" data-element_type=\"section\" data-settings=\"{&quot;background_background&quot;:&quot;classic&quot;,&quot;shape_divider_top&quot;:&quot;opacity-tilt&quot;}\">\n\t\t\t\t\t\t\t<div class=\"elementor-background-overlay\"><\/div>\n\t\t\t\t\t\t<div class=\"elementor-shape elementor-shape-top\" data-negative=\"false\">\n\t\t\t<svg xmlns=\"http:\/\/www.w3.org\/2000\/svg\" viewBox=\"0 0 2600 131.1\" preserveAspectRatio=\"none\">\n\t<path class=\"elementor-shape-fill\" d=\"M0 0L2600 0 2600 69.1 0 0z\"\/>\n\t<path class=\"elementor-shape-fill\" style=\"opacity:0.5\" d=\"M0 0L2600 0 2600 69.1 0 69.1z\"\/>\n\t<path class=\"elementor-shape-fill\" style=\"opacity:0.25\" d=\"M2600 0L0 0 0 130.1 2600 69.1z\"\/>\n<\/svg>\t\t<\/div>\n\t\t\t\t\t<div class=\"elementor-container elementor-column-gap-default\">\n\t\t\t\t\t<div class=\"elementor-column elementor-col-100 elementor-top-column elementor-element elementor-element-265d0e1\" data-id=\"265d0e1\" data-element_type=\"column\">\n\t\t\t<div class=\"elementor-widget-wrap elementor-element-populated\">\n\t\t\t\t\t\t<div class=\"elementor-element elementor-element-2e4f473 elementor-widget-tablet__width-initial elementor-widget-mobile__width-initial elementor-invisible elementor-widget elementor-widget-heading\" data-id=\"2e4f473\" data-element_type=\"widget\" data-settings=\"{&quot;_animation&quot;:&quot;fadeInLeft&quot;}\" data-widget_type=\"heading.default\">\n\t\t\t\t<div class=\"elementor-widget-container\">\n\t\t\t<h2 class=\"elementor-heading-title elementor-size-default\">Unikalny i modny ko\u0142owrotek<\/h2>\t\t<\/div>\n\t\t\t\t<\/div>\n\t\t\t\t<div class=\"elementor-element elementor-element-963edf3 elementor-widget-tablet__width-initial elementor-widget-mobile__width-initial elementor-invisible elementor-widget elementor-widget-heading\" data-id=\"963edf3\" data-element_type=\"widget\" data-settings=\"{&quot;_animation&quot;:&quot;fadeInLeft&quot;}\" data-widget_type=\"heading.default\">\n\t\t\t\t<div class=\"elementor-widget-container\">\n\t\t\t<h2 class=\"elementor-heading-title elementor-size-default\">Sprzeda\u017c bezpo\u015brednia w fabryce<\/h2>\t\t<\/div>\n\t\t\t\t<\/div>\n\t\t\t\t<div class=\"elementor-element elementor-element-c5fe28f elementor-widget-tablet__width-initial elementor-widget-mobile__width-initial elementor-invisible elementor-widget elementor-widget-heading\" data-id=\"c5fe28f\" data-element_type=\"widget\" data-settings=\"{&quot;_animation&quot;:&quot;fadeInLeft&quot;}\" data-widget_type=\"heading.default\">\n\t\t\t\t<div class=\"elementor-widget-container\">\n\t\t\t<h2 class=\"elementor-heading-title elementor-size-default\">Us\u0142uga OEM i ODM\n<\/h2>\t\t<\/div>\n\t\t\t\t<\/div>\n\t\t\t\t<div class=\"elementor-element elementor-element-6347606 elementor-widget-tablet__width-initial elementor-widget-mobile__width-initial elementor-invisible elementor-widget elementor-widget-heading\" data-id=\"6347606\" data-element_type=\"widget\" data-settings=\"{&quot;_animation&quot;:&quot;fadeInLeft&quot;}\" data-widget_type=\"heading.default\">\n\t\t\t\t<div class=\"elementor-widget-container\">\n\t\t\t<h2 class=\"elementor-heading-title elementor-size-default\">Globalna i szybka dostawa\n<\/h2>\t\t<\/div>\n\t\t\t\t<\/div>\n\t\t\t\t<div class=\"elementor-element elementor-element-cc7ed2d e-transform e-transform elementor-widget-mobile__width-initial elementor-invisible elementor-widget elementor-widget-heading\" data-id=\"cc7ed2d\" data-element_type=\"widget\" data-settings=\"{&quot;_animation&quot;:&quot;fadeInLeft&quot;,&quot;_transform_translateX_effect_hover&quot;:{&quot;unit&quot;:&quot;px&quot;,&quot;size&quot;:&quot;&quot;,&quot;sizes&quot;:[]},&quot;_transform_translateX_effect_hover_tablet&quot;:{&quot;unit&quot;:&quot;px&quot;,&quot;size&quot;:&quot;&quot;,&quot;sizes&quot;:[]},&quot;_transform_translateX_effect_hover_mobile&quot;:{&quot;unit&quot;:&quot;px&quot;,&quot;size&quot;:&quot;&quot;,&quot;sizes&quot;:[]},&quot;_transform_translateY_effect_hover&quot;:{&quot;unit&quot;:&quot;px&quot;,&quot;size&quot;:&quot;&quot;,&quot;sizes&quot;:[]},&quot;_transform_translateY_effect_hover_tablet&quot;:{&quot;unit&quot;:&quot;px&quot;,&quot;size&quot;:&quot;&quot;,&quot;sizes&quot;:[]},&quot;_transform_translateY_effect_hover_mobile&quot;:{&quot;unit&quot;:&quot;px&quot;,&quot;size&quot;:&quot;&quot;,&quot;sizes&quot;:[]},&quot;_transform_skewX_effect_hover&quot;:{&quot;unit&quot;:&quot;px&quot;,&quot;size&quot;:&quot;&quot;,&quot;sizes&quot;:[]},&quot;_transform_skewX_effect_hover_tablet&quot;:{&quot;unit&quot;:&quot;deg&quot;,&quot;size&quot;:&quot;&quot;,&quot;sizes&quot;:[]},&quot;_transform_skewX_effect_hover_mobile&quot;:{&quot;unit&quot;:&quot;deg&quot;,&quot;size&quot;:&quot;&quot;,&quot;sizes&quot;:[]},&quot;_transform_skewY_effect_hover&quot;:{&quot;unit&quot;:&quot;px&quot;,&quot;size&quot;:&quot;&quot;,&quot;sizes&quot;:[]},&quot;_transform_skewY_effect_hover_tablet&quot;:{&quot;unit&quot;:&quot;deg&quot;,&quot;size&quot;:&quot;&quot;,&quot;sizes&quot;:[]},&quot;_transform_skewY_effect_hover_mobile&quot;:{&quot;unit&quot;:&quot;deg&quot;,&quot;size&quot;:&quot;&quot;,&quot;sizes&quot;:[]}}\" data-widget_type=\"heading.default\">\n\t\t\t\t<div class=\"elementor-widget-container\">\n\t\t\t<h2 class=\"elementor-heading-title elementor-size-default\">Ko\u0142owr\u00f3t Mairsa<\/h2>\t\t<\/div>\n\t\t\t\t<\/div>\n\t\t\t\t\t<\/div>\n\t\t<\/div>\n\t\t\t\t\t<\/div>\n\t\t<\/section>\n\t\t\t\t<\/div>\n\t\t","protected":false},"excerpt":{"rendered":"<p>Dostosuj ko\u0142owroty, kt\u00f3re nale\u017c\u0105 tylko do Ciebie, w oparciu o potrzeby rynku i projektu Nasz\u0105 zalet\u0105 jest to, \u017ce szybko mo\u017cemy dostosowa\u0107 bram\u0119 do Twoich potrzeb, a tak\u017ce w kr\u00f3tkim czasie mo\u017cemy dostarczy\u0107 Ci rzeczywiste wizualizacje i wymiary monta\u017cowe. Czytaj wi\u0119cej Wysy\u0142ka Wysy\u0142ka na ca\u0142y \u015bwiat:Eksportujemy bramki obrotowe do wszystkich kraj\u00f3w na ca\u0142ym \u015bwiecie. Aby&hellip;&nbsp;<a href=\"https:\/\/mairsturnstile.com\/pl\/wysylka\" class=\"\" rel=\"bookmark\">Czytaj wi\u0119cej &raquo;<span class=\"screen-reader-text\">Wysy\u0142ka<\/span><\/a><\/p>\n","protected":false},"author":1,"featured_media":0,"parent":0,"menu_order":0,"comment_status":"closed","ping_status":"closed","template":"elementor_header_footer","meta":{"neve_meta_sidebar":"full-width","neve_meta_container":"","neve_meta_enable_content_width":"on","neve_meta_content_width":100,"neve_meta_title_alignment":"","neve_meta_author_avatar":"","neve_post_elements_order":"","neve_meta_disable_header":"","neve_meta_disable_footer":"","neve_meta_disable_title":"","_ti_tpc_template_sync":false,"_ti_tpc_template_id":"","footnotes":""},"class_list":["post-19196","page","type-page","status-publish","hentry"],"_links":{"self":[{"href":"https:\/\/mairsturnstile.com\/pl\/wp-json\/wp\/v2\/pages\/19196","targetHints":{"allow":["GET"]}}],"collection":[{"href":"https:\/\/mairsturnstile.com\/pl\/wp-json\/wp\/v2\/pages"}],"about":[{"href":"https:\/\/mairsturnstile.com\/pl\/wp-json\/wp\/v2\/types\/page"}],"author":[{"embeddable":true,"href":"https:\/\/mairsturnstile.com\/pl\/wp-json\/wp\/v2\/users\/1"}],"replies":[{"embeddable":true,"href":"https:\/\/mairsturnstile.com\/pl\/wp-json\/wp\/v2\/comments?post=19196"}],"version-history":[{"count":2,"href":"https:\/\/mairsturnstile.com\/pl\/wp-json\/wp\/v2\/pages\/19196\/revisions"}],"predecessor-version":[{"id":67182,"href":"https:\/\/mairsturnstile.com\/pl\/wp-json\/wp\/v2\/pages\/19196\/revisions\/67182"}],"wp:attachment":[{"href":"https:\/\/mairsturnstile.com\/pl\/wp-json\/wp\/v2\/media?parent=19196"}],"curies":[{"name":"wp","href":"https:\/\/api.w.org\/{rel}","templated":true}]}}