{"id":32960,"date":"2023-07-10T15:40:01","date_gmt":"2023-07-10T07:40:01","guid":{"rendered":"https:\/\/mairsturnstile.com\/product\/szklana-bramka-obrotowa-do-holu-mt-h318"},"modified":"2024-05-27T17:58:57","modified_gmt":"2024-05-27T09:58:57","slug":"szklana-brama-skrzydlowa","status":"publish","type":"product","link":"https:\/\/mairsturnstile.com\/pl\/produkt\/szklana-brama-skrzydlowa","title":{"rendered":"Szklana bramka obrotowa do holu MT-H318"},"content":{"rendered":"        <!-- 3D Model html -->\r\n        <div class=\"bp_grand wrapper_23471\">   \r\n        <div class=\"bp_model_parent\">\r\n            <model-viewer class=\"model\" id=\"bp_model_id_23471\" src=\"http:\/\/mairsturnstile.com\/wp-content\/uploads\/2023\/06\/MT326.glb\" alt=\"MT326\" camera-controls  loading=\"auto\" auto-rotate                        >\r\n            <\/model-viewer>\r\n        \r\n            <!-- Button -->\r\n            <svg id=\"openBtn\" width=\"30px\" height=\"30px\" viewBox=\"0 0 16 16\" xmlns=\"http:\/\/www.w3.org\/2000\/svg\" fill=\"#f2f2f2\" class=\"bi bi-arrows-fullscreen model-icon\">\r\n                <path fill-rule=\"evenodd\" d=\"M5.828 10.172a.5.5 0 0 0-.707 0l-4.096 4.096V11.5a.5.5 0 0 0-1 0v3.975a.5.5 0 0 0 .5.5H4.5a.5.5 0 0 0 0-1H1.732l4.096-4.096a.5.5 0 0 0 0-.707zm4.344 0a.5.5 0 0 1 .707 0l4.096 4.096V11.5a.5.5 0 1 1 1 0v3.975a.5.5 0 0 1-.5.5H11.5a.5.5 0 0 1 0-1h2.768l-4.096-4.096a.5.5 0 0 1 0-.707zm0-4.344a.5.5 0 0 0 .707 0l4.096-4.096V4.5a.5.5 0 1 0 1 0V.525a.5.5 0 0 0-.5-.5H11.5a.5.5 0 0 0 0 1h2.768l-4.096 4.096a.5.5 0 0 0 0 .707zm-4.344 0a.5.5 0 0 1-.707 0L1.025 1.732V4.5a.5.5 0 0 1-1 0V.525a.5.5 0 0 1 .5-.5H4.5a.5.5 0 0 1 0 1H1.732l4.096 4.096a.5.5 0 0 1 0 .707z\"\/>\r\n            <\/svg>\r\n        \r\n            <svg id=\"closeBtn\" class=\"model-icon\" width=\"34px\" height=\"34px\" viewBox=\"0 0 24 24\" xmlns=\"http:\/\/www.w3.org\/2000\/svg\">\r\n                <path fill=\"none\" stroke=\"#f2f2f2\" stroke-width=\"2\" d=\"M7,7 L17,17 M7,17 L17,7\"\/>\r\n            <\/svg>\r\n        \r\n        <\/div>\r\n        <\/div> \r\n\r\n        <!-- Model Viewer Style -->\r\n        <style>\r\n            \r\n            .wrapper_23471 .bp_model_parent, #bp_model_id_23471 {\r\n                width: 1150px;\r\n                max-width: 100%;\r\n                                            }\r\n            #bp_model_id_23471 {\r\n                height:700px;\r\n                background-color: #f2f2f2;\r\n            }\r\n            .fullscreen #bp_model_id_23471{\r\n            height: 100%;\r\n            width: 100%;\r\n            }\r\n            .wrapper_23471 .bp_model_parent{\r\n                justify-content: start            }\r\n            model-viewer.model {\r\n                --poster-color: transparent;\r\n            }\r\n        <\/style>\r\n        \r\n        \n<h4><strong><b>TA SZKLANA BRAMKA OBROTOWA <\/b><\/strong><strong><b>posiada <\/b><\/strong><strong><b>2-letni\u0105 gwarancj\u0105 oraz trwa\u0142ym wsparciem w zakresie konserwacji i napraw.<\/b><\/strong><strong><b> <\/b><\/strong><\/h4>\n<h4><strong><b>Mairs mo\u017ce dostosowa\u0107 szklan\u0105 bramk\u0119 obrotow\u0105 do Twoich wymaga\u0144. Dostarczamy r\u00f3wnie\u017c urz\u0105dzenia biometryczne, takie jak czytniki kart IC\/ID, skanery linii papilarnych, skanery kod\u00f3w QR, kamery rozpoznaj\u0105ce twarz i tak dalej.<\/b><\/strong><\/h4>\n<p>Szklana bramka obrotowa <strong><b>Automatyczne <a href=\"https:\/\/mairsturnstile.com\/speed-gates.html\">bramki <\/a> obrotowe Slim Fast<\/b><\/strong><strong><b>bramki obrotowe bezpiecze\u0144stwa, eksportujemy bramki pr\u0119dko\u015bci do Australii do lobby.<\/b><\/strong><\/p>\n<p><strong><b>Bramka szklana z bramk\u0105 obrotow\u0105 to wysokiej klasy inteligentny produkt z barier\u0105 obrotow\u0105 firmy Mairs, kt\u00f3ry mo\u017ce w pe\u0142ni wykry\u0107 przechodz\u0105c\u0105 sytuacj\u0119 ludzkiego cia\u0142a. <\/b><\/strong><\/p>\n<p>Ten szklany korpus bramy skrzyd\u0142owej wykonany jest ze stali nierdzewnej 304, kt\u00f3ra jest antykorozyjna, trwa\u0142a i odporna.<\/p>\n<p><strong><b>Anti-tag after, anti-hit against, komunikacja RS485, silnik bezszczotkowy DC, <\/b><\/strong>Ta bramka obrotowa jest <strong><b>Kompatybilny ze wszystkimi rodzajami system\u00f3w <a href=\"https:\/\/en.wikipedia.org\/wiki\/Access_control\" target=\"_blank\" rel=\"noopener\">kontroli<\/a> dost\u0119pu<\/b><\/strong><strong><b>.<\/b><\/strong><\/p>\n<p>Te bramki obrotowe bezpiecze\u0144stwa s\u0105 szeroko stosowane na dworcach autobusowych, portach, metrze, fabrykach, rezydencjach, obszarach mieszkalnych, hotelach, firmach i tak dalej w ka\u017cdym miejscu, kt\u00f3re wymaga inteligentnej kontroli przep\u0142ywu.<\/p>\n<p>Mo\u017cemy r\u00f3wnie\u017c w ci\u0105gu kilku minut stworzy\u0107 dla Ciebie rendering na podstawie Twojego rzeczywistego scenariusza. Dostarczamy r\u00f3wnie\u017c szczeg\u00f3\u0142owe plany i rysunki, a tak\u017ce rysunki instalacyjne.<\/p>\n\n        \t\n\t<style type=\"text\/css\">\n\t\t.slider-info-23480.bafg-slider-info .bafg-slider-title {\n\t\t\t\t\t\tfont-size: 22px;\n\t\t\t\t\t\t\n\t\t\t\n\t\t\t\t\t}\n\n\t\t.slider-info-23480.bafg-slider-info .bafg-slider-description {\n\t\t\t\n\t\t\t\n\t\t\t\t\t}\n\n\t\t.slider-info-23480.bafg-slider-info .bafg_slider_readmore_button {\n\t\t\t\n\t\t\t\n\t\t\t\n\t\t\t\n\t\t\t\n\t\t\ttext-align: center;\n\n\t\t\t\n\t\t\t\n\t\t\t\n\t\t\t\n\t\t\t\n\t\t\t\n\t\t\t\t\t}\n\n\t\t.slider-info-23480.bafg-slider-info .bafg_slider_readmore_button:hover {\n\n\t\t\t\n\t\t\t\n\t\t\t\t\t}\n\n\t<\/style>\n\t\n        <div class=\"bafg-twentytwenty-container slider-23480 \" bafg-orientation=\"horizontal\" bafg-default-offset=\"0.5\" bafg-before-label=\"Before\" bafg-after-label=\"After\" bafg-overlay=\"yes\" bafg-move-slider-on-hover=\"yes\" bafg-click-to-move=\"no\">\n              \n            <img decoding=\"async\" class=\"skip-lazy\" src=\"http:\/\/mairsturnstile.com\/wp-content\/uploads\/2023\/07\/glass-swing-gate_4.jpg\" alt=\"glass swing gate\" data-skip-lazy title=\"\">\n            <img decoding=\"async\" class=\"skip-lazy\" src=\"http:\/\/mairsturnstile.com\/wp-content\/uploads\/2023\/07\/glass-swing-gate_5.jpg\" alt=\"glass swing gate\" data-skip-lazy title=\"\">\n           \n        <\/div>\n\n        \t<div class=\"bafg-slider-info-wraper\">\n\t\t<div style=\"\" class=\"slider-info-23480 bafg-slider-info\">\n\t\t\t\t\t<\/div>\n\t<\/div>\n\t\n        <style type=\"text\/css\">\n            \n        <\/style>\n        \n<p>Posiada funkcj\u0119 samokontroli usterek i monitu alarmowego, co jest wygodne dla u\u017cytkownik\u00f3w w utrzymaniu i u\u017cytkowaniu.<\/p>\n<p>Mo\u017cna go po\u0142\u0105czy\u0107 z dowolnym sygna\u0142em steruj\u0105cym lub przyciskiem i mo\u017ce by\u0107 wysy\u0142any przez dowolne urz\u0105dzenie steruj\u0105ce w celu realizacji sterowania jednokierunkowego i dwukierunkowego.<\/p>\n<p>Swobodne przej\u015bcie jednokierunkowe i dwukierunkowe mo\u017cna ustawi\u0107 dowolnie.<\/p>\n<p>Gdy urz\u0105dzenie jest w\u0142\u0105czane lub uruchamiane ponownie, posiada funkcj\u0119 samokontroli usterek, co jest wygodne dla u\u017cytkownik\u00f3w w utrzymaniu i u\u017cytkowaniu.<\/p>\n<p>Wskazanie stanu sygnalizacji \u015bwietlnej o du\u017cej intensywno\u015bci. Je\u015bli kto\u015b pod\u0105\u017ca, brama automatycznie uruchomi blokad\u0119 odwrotnego ci\u0105gu i uruchomi alarm. Pod\u0142\u0105cz sygna\u0142 alarmu po\u017carowego.<\/p>\n<h4><strong>Parametr techniczny:<\/strong><\/h4>\n<ol>\n<li>Rozmiar: 1500*<em>120<\/em>*980mm<\/li>\n<li>Pob\u00f3r mocy: AC100-240V, 50\/60HZ<\/li>\n<li>Materia\u0142: 1,2 mm SUS 304 z lini\u0105 w\u0142os\u00f3w 400#<\/li>\n<li>Materia\u0142 ramion: akryl 10 mm<\/li>\n<li>Szeroko\u015b\u0107 przej\u015bcia: 600 mm-1100 mm<\/li>\n<li>Kierunek przej\u015bcia: jednokierunkowy\/dwukierunkowy<\/li>\n<li>Szybko\u015b\u0107 przej\u015bcia: 35-40 os\u00f3b\/minut\u0119<\/li>\n<li>Czas dzia\u0142ania: 0,2 sekundy<\/li>\n<li>Napi\u0119cie robocze: 24V<\/li>\n<li>Wilgotno\u015b\u0107 robocza: 30% ~ 95%<\/li>\n<li>Temperatura pracy: -40 \u2103 ~ + 70 \u2103<\/li>\n<li>\u015arodowisko pracy: Wewn\u0105trz<\/li>\n<li>Interfejs wej\u015bciowy: RS485 Styk bezpotencja\u0142owy<\/li>\n<li>Mechanizm: Silnik bezszczotkowy pr\u0105du sta\u0142ego<\/li>\n<li>Czujnik podczerwieni: 6 par<\/li>\n<li>MCBF: 5 000 000 cykli<\/li>\n<li>aplikacji: Lotniska, hotele, hale rz\u0105dowe itp<\/li>\n<\/ol>\n<p>Mo\u017cemy zapewni\u0107 ca\u0142e rozwi\u0105zanie kontroli dost\u0119pu bezpiecze\u0144stwa. Je\u015bli posiadasz w\u0142asny system kontroli dost\u0119pu, mo\u017cesz bezpo\u015brednio skorzysta\u0107 z naszej bramki obrotowej. Je\u015bli go nie posiadasz, zapewniamy r\u00f3wnie\u017c kompletne rozwi\u0105zanie w zakresie kontroli dost\u0119pu. Aby uzyska\u0107 szczeg\u00f3\u0142owe informacje, zapoznaj si\u0119 z poni\u017cszym filmem.<\/p>\n<p><iframe title=\"Odtwarzacz wideo YouTube\" src=\"https:\/\/www.youtube.com\/embed\/hdoBSoM85u4?si=ZND_0-eK_4JpsgUt\" width=\"1150\" height=\"650\" frameborder=\"0\" allowfullscreen=\"allowfullscreen\"><span data-mce-type=\"bookmark\" style=\"display: inline-block; width: 0px; overflow: hidden; line-height: 0;\" class=\"mce_SELRES_start\"><\/span><\/iframe><\/p>\n","protected":false},"excerpt":{"rendered":"<p>1. Rozmiar: 1500 * 120 * 980 mm (mo\u017cna dostosowa\u0107)<\/p>\n<p>2. Pob\u00f3r mocy: AC100-240V, 50\/60HZ<\/p>\n<p>3. Materia\u0142: 1,2 mm SUS 304 z lini\u0105 w\u0142os\u00f3w 400 #<\/p>\n<p>4. Materia\u0142 ramienia: akryl 10 mm<\/p>\n<p>5. Szeroko\u015b\u0107 przej\u015bcia: 600 mm-1100 mm (mo\u017cna dostosowa\u0107)<\/p>\n<p>6. Kierunek przej\u015bcia: jednokierunkowy\/dwukierunkowy<\/p>\n<p>7. Tempo zdawalno\u015bci: 35-40 os\u00f3b\/min<\/p>\n<p>8. Czas dzia\u0142ania: 0,2 sekundy<\/p>\n<p>9. \u015arodowisko pracy: Wewn\u0105trz<\/p>\n<p><span style=\"color: #0000ff;\"><strong><a style=\"color: #0000ff;\" title=\"Bramka obrotowa z certyfikatem CE Mairs\" href=\"http:\/\/mairsturnstile.com\/wp-content\/uploads\/2022\/09\/Mairs-CE-Certificate-Speed-Gate-Turnstile.pdf\" target=\"_blank\" rel=\"noopener noreferrer\">Certyfikat CE,<\/a> <a style=\"color: #0000ff;\" title=\"Certyfikat Mairs ISO9001\" href=\"http:\/\/mairsturnstile.com\/wp-content\/uploads\/2022\/09\/Mairs-Registration-Certificate-ISO9001.pdf\" target=\"_blank\" rel=\"noopener noreferrer\">Certyfikat ISO9001.<\/a><\/strong><\/span><\/p>\n<p><a title=\"Broszura dotycz\u0105ca szklanych bramek obrotowych\" href=\"http:\/\/mairsturnstile.com\/wp-content\/uploads\/2023\/12\/MT-H318-brochure.pdf\" target=\"_blank\" rel=\"noopener noreferrer\"><img decoding=\"async\" class=\"alignnone size-full wp-image-11034\" src=\"http:\/\/mairsturnstile.com\/wp-content\/uploads\/2022\/09\/pdf-MairsTurnstile.png\" alt=\"\" width=\"32\" height=\"32\"><strong><span style=\"color: #0000ff;\">MT-H318 Szklana brama skrzyd\u0142owa Broszura<\/span><\/strong><\/a><\/p>\n","protected":false},"featured_media":25118,"comment_status":"closed","ping_status":"closed","template":"","meta":{"neve_meta_sidebar":"","neve_meta_container":"","neve_meta_enable_content_width":"off","neve_meta_content_width":0,"neve_meta_title_alignment":"","neve_meta_author_avatar":"","neve_post_elements_order":"","neve_meta_disable_header":"","neve_meta_disable_footer":"","neve_meta_disable_title":"","_ti_tpc_template_sync":false,"_ti_tpc_template_id":""},"product_cat":[2037,2034],"product_tag":[2041,2042,2043,2044],"class_list":["post-32960","product","type-product","status-publish","has-post-thumbnail","hentry","product_cat-brama-obrotowa-obrotowa","product_cat-kolowroty-bezpieczenstwa","product_tag-bramka-obrotowa","product_tag-bramki-predkosci","product_tag-bramki-szybkiego-ruchu-w-australii","product_tag-co-to-sa-bramki-predkosci"],"_links":{"self":[{"href":"https:\/\/mairsturnstile.com\/pl\/wp-json\/wp\/v2\/product\/32960","targetHints":{"allow":["GET"]}}],"collection":[{"href":"https:\/\/mairsturnstile.com\/pl\/wp-json\/wp\/v2\/product"}],"about":[{"href":"https:\/\/mairsturnstile.com\/pl\/wp-json\/wp\/v2\/types\/product"}],"replies":[{"embeddable":true,"href":"https:\/\/mairsturnstile.com\/pl\/wp-json\/wp\/v2\/comments?post=32960"}],"version-history":[{"count":0,"href":"https:\/\/mairsturnstile.com\/pl\/wp-json\/wp\/v2\/product\/32960\/revisions"}],"wp:featuredmedia":[{"embeddable":true,"href":"https:\/\/mairsturnstile.com\/pl\/wp-json\/wp\/v2\/media\/25118"}],"wp:attachment":[{"href":"https:\/\/mairsturnstile.com\/pl\/wp-json\/wp\/v2\/media?parent=32960"}],"wp:term":[{"taxonomy":"product_cat","embeddable":true,"href":"https:\/\/mairsturnstile.com\/pl\/wp-json\/wp\/v2\/product_cat?post=32960"},{"taxonomy":"product_tag","embeddable":true,"href":"https:\/\/mairsturnstile.com\/pl\/wp-json\/wp\/v2\/product_tag?post=32960"}],"curies":[{"name":"wp","href":"https:\/\/api.w.org\/{rel}","templated":true}]}}