{"id":32965,"date":"2022-09-07T11:46:49","date_gmt":"2022-09-07T03:46:49","guid":{"rendered":"https:\/\/mairsturnstile.com\/product\/bramki-bramkowe-kontroli-dostepu-mt-s306"},"modified":"2026-05-11T15:08:13","modified_gmt":"2026-05-11T07:08:13","slug":"kolowrot-z-kontrola-dostepu","status":"publish","type":"product","link":"https:\/\/mairsturnstile.com\/pl\/produkt\/kolowrot-z-kontrola-dostepu","title":{"rendered":"BRAMKI BRAMKOWE KONTROLI DOST\u0118PU MT-S306"},"content":{"rendered":"        <!-- 3D Model html -->\r\n        <div class=\"bp_grand wrapper_26320\">   \r\n        <div class=\"bp_model_parent\">\r\n            <model-viewer class=\"model\" id=\"bp_model_id_26320\" src=\"http:\/\/mairsturnstile.com\/wp-content\/uploads\/2023\/07\/MT-S306.glb\" alt=\"MT-S306\" camera-controls  loading=\"auto\" auto-rotate                        >\r\n            <\/model-viewer>\r\n        \r\n            <!-- Button -->\r\n            <svg id=\"openBtn\" width=\"30px\" height=\"30px\" viewBox=\"0 0 16 16\" xmlns=\"http:\/\/www.w3.org\/2000\/svg\" fill=\"#f2f2f2\" class=\"bi bi-arrows-fullscreen model-icon\">\r\n                <path fill-rule=\"evenodd\" d=\"M5.828 10.172a.5.5 0 0 0-.707 0l-4.096 4.096V11.5a.5.5 0 0 0-1 0v3.975a.5.5 0 0 0 .5.5H4.5a.5.5 0 0 0 0-1H1.732l4.096-4.096a.5.5 0 0 0 0-.707zm4.344 0a.5.5 0 0 1 .707 0l4.096 4.096V11.5a.5.5 0 1 1 1 0v3.975a.5.5 0 0 1-.5.5H11.5a.5.5 0 0 1 0-1h2.768l-4.096-4.096a.5.5 0 0 1 0-.707zm0-4.344a.5.5 0 0 0 .707 0l4.096-4.096V4.5a.5.5 0 1 0 1 0V.525a.5.5 0 0 0-.5-.5H11.5a.5.5 0 0 0 0 1h2.768l-4.096 4.096a.5.5 0 0 0 0 .707zm-4.344 0a.5.5 0 0 1-.707 0L1.025 1.732V4.5a.5.5 0 0 1-1 0V.525a.5.5 0 0 1 .5-.5H4.5a.5.5 0 0 1 0 1H1.732l4.096 4.096a.5.5 0 0 1 0 .707z\"\/>\r\n            <\/svg>\r\n        \r\n            <svg id=\"closeBtn\" class=\"model-icon\" width=\"34px\" height=\"34px\" viewBox=\"0 0 24 24\" xmlns=\"http:\/\/www.w3.org\/2000\/svg\">\r\n                <path fill=\"none\" stroke=\"#f2f2f2\" stroke-width=\"2\" d=\"M7,7 L17,17 M7,17 L17,7\"\/>\r\n            <\/svg>\r\n        \r\n        <\/div>\r\n        <\/div> \r\n\r\n        <!-- Model Viewer Style -->\r\n        <style>\r\n            \r\n            .wrapper_26320 .bp_model_parent, #bp_model_id_26320 {\r\n                width: 1150px;\r\n                max-width: 100%;\r\n                                            }\r\n            #bp_model_id_26320 {\r\n                height:700px;\r\n                background-color: #f9f9f9;\r\n            }\r\n            .fullscreen #bp_model_id_26320{\r\n            height: 100%;\r\n            width: 100%;\r\n            }\r\n            .wrapper_26320 .bp_model_parent{\r\n                justify-content: start            }\r\n            model-viewer.model {\r\n                --poster-color: transparent;\r\n            }\r\n        <\/style>\r\n        \r\n        \n<p>Bramy obrotowe z kontrol\u0105 dost\u0119pu o kompaktowej konstrukcji MT-S306 obj\u0119te s\u0105 2-letni\u0105 gwarancj\u0105 i trwa\u0142ym wsparciem w zakresie konserwacji i napraw. Unikalny design \u2013 bramka obrotowa do kontroli dost\u0119pu (Speed \u200b\u200bGate) klasy Premium. Odkryj nasz\u0105 bramk\u0119 obrotow\u0105 o wyj\u0105tkowym wzornictwie \u2013 rozwi\u0105zanie klasy premium, \u0142\u0105cz\u0105ce eleganck\u0105 stylistyk\u0119 architektoniczn\u0105 z wytrzyma\u0142o\u015bci\u0105 i wydajno\u015bci\u0105 klasy przemys\u0142owej. Cechuje j\u0105 b\u0142yskawiczny czas otwarcia (0,2\u20130,5 s), przepustowo\u015b\u0107 na poziomie 40\u201360 os\u00f3b na minut\u0119 oraz zastosowanie bezszczotkowego serwomotoru pr\u0105du sta\u0142ego. Dost\u0119pna opcja personalizacji (OEM). Posiada certyfikat CE.   <\/p>\n<p>Mo\u017cemy \u015bwiadczy\u0107 us\u0142ugi OEM i ODM. Dostarczamy r\u00f3wnie\u017c urz\u0105dzenia biometryczne, takie jak czytniki kart IC\/ID, skanery linii papilarnych, skanery kod\u00f3w QR, kamery rozpoznaj\u0105ce twarz i tak dalej. Indywidualny projekt identyfikacji wizualnej Twojej marki. Potrzebujesz wyj\u0105tkowej bramki obrotowej kontroli dost\u0119pu do swojego kolejnego projektu? Nasza us\u0142uga projektowania na zam\u00f3wienie oferuje mo\u017cliwo\u015b\u0107 dostosowania wyko\u0144cze\u0144, kolor\u00f3w, materia\u0142\u00f3w i logo do ka\u017cdego stylu architektonicznego. Wysokiej jako\u015bci stal nierdzewna SUS304, z mo\u017cliwo\u015bci\u0105 weryfikacji biometrycznej, z zaawansowanymi czujnikami podczerwieni zapobiegaj\u0105cymi blokowaniu drzwi. Wsp\u00f3\u0142praca z producentami OEM\/ODM. Dost\u0119pna wysy\u0142ka na ca\u0142y \u015bwiat. Odkryj wiod\u0105cy w bran\u017cy czas otwierania 0,2\u20130,5 s z zaawansowan\u0105 ochron\u0105 przed blokowaniem drzwi. Nasza wysokowydajna bramka obrotowa kontroli dost\u0119pu \u0142\u0105czy sterowanie bezszczotkowym serwosilnikiem pr\u0105du sta\u0142ego i ponad 33 pary czujnik\u00f3w podczerwieni w unikalnie wyprofilowanej obudowie ze stali nierdzewnej. Przepustowo\u015b\u0107 40\u201360 os\u00f3b\/min. Zakres pracy od -20\u00b0C do +75\u00b0C. Gotowa do weryfikacji biometrycznej.         <\/p>\n<p><strong>Ko\u0142owr\u00f3t kontroli dost\u0119pu to rodzaj bramki obrotowej dla pieszych u\u017cywanej do kontroli i zarz\u0105dzania dost\u0119pem. Kontrola dost\u0119pu Bramka obrotowa Bramka obrotowa kontroluje ludzi wchodz\u0105cych i wychodz\u0105cych z zastrze\u017conego obszaru.<\/strong> Wysoko\u015b\u0107 ramienia wynosi 980 mm, co mo\u017ce uniemo\u017cliwi\u0107 ludziom wspinanie si\u0119 po bramce. <a href=\"https:\/\/mairsturnstile.com\/swing-turnstile-gate.html\">Bramka obrotowa z barier\u0105<\/a> obrotow\u0105 to bramka o wysokim poziomie bezpiecze\u0144stwa i du\u017cej pr\u0119dko\u015bci, kt\u00f3ra jest szeroko stosowana w budynkach biurowych, holach bankowych itp. Zmaksymalizuj przep\u0142yw pieszych dzi\u0119ki naszemu szybkiemu ko\u0142owrotowi kontroli dost\u0119pu. Urz\u0105dzenie osi\u0105ga przepustowo\u015b\u0107 40\u201360 os\u00f3b na minut\u0119 przy czasie otwarcia wynosz\u0105cym 0,2\u20130,5 sekundy. Wyr\u00f3\u017cnia si\u0119 unikalnym designem, zaawansowanymi czujnikami zapobiegaj\u0105cymi przej\u015bciom na \u201eogon\u201d (anti-tailgating) oraz wytrzyma\u0142\u0105 konstrukcj\u0105 ze stali SUS304. Wska\u017anik MCBF wynosi do 15 milion\u00f3w cykli. Idealne rozwi\u0105zanie dla lotnisk, stacji metra i stadion\u00f3w.    <\/p>\n<p>Bramka kontroli dost\u0119pu s\u0142u\u017cy g\u0142\u00f3wnie do kontrolowania i zarz\u0105dzania kana\u0142ami dla pieszych. W po\u0142\u0105czeniu z innymi systemami zarz\u0105dzania kontrol\u0105 dost\u0119pu mo\u017ce skutecznie kontrolowa\u0107 i zarz\u0105dza\u0107 r\u00f3\u017cnymi kana\u0142ami oraz zmniejsza\u0107 presj\u0119 i koszty zarz\u0105dzania kana\u0142ami w obiektach przedsi\u0119biorstwa. Poniewa\u017c mo\u017ce skutecznie rozwi\u0105zywa\u0107 r\u00f3\u017cne problemy zwi\u0105zane z zarz\u0105dzaniem kontrol\u0105 dost\u0119pu, jest preferowany przez klient\u00f3w i rynek bezpiecze\u0144stwa. Make a statement with our elegantly styled access control turnstile. Designed for high-traffic areas needing premium access control &#038; unique visual identity. Durable SUS304 full stainless steel construction, CE &#038; ISO certified. Ultra-slim profile, no exposed screws. Customizable LED lighting. Worldwide shipping. Wholesale Access Control Turnstile \u2013 High-End Quality for Large-Scale Projects, Looking for reliable access control turnstile for large-scale infrastructure projects? Our unique high-end design ensures brand distinction. OEM\/ODM accepted. Up to 15 million cycles MCBF, IP65 protection, fast lead time, global door-to-door delivery &#038; volume discounts available. CE\/ISO certified.          <\/p>\n<p>Mo\u017cemy r\u00f3wnie\u017c w ci\u0105gu kilku minut stworzy\u0107 dla Ciebie rendering na podstawie Twojego rzeczywistego scenariusza. Zapewniamy r\u00f3wnie\u017c szczeg\u00f3\u0142owy uk\u0142ad i rysunki, a tak\u017ce rysunki instalacyjne.<\/p>\n\n        \t\n\t<style type=\"text\/css\">\n\t\t.slider-info-26321.bafg-slider-info .bafg-slider-title {\n\t\t\t\t\t\tfont-size: 22px;\n\t\t\t\t\t\t\n\t\t\t\n\t\t\t\t\t}\n\n\t\t.slider-info-26321.bafg-slider-info .bafg-slider-description {\n\t\t\t\n\t\t\t\n\t\t\t\t\t}\n\n\t\t.slider-info-26321.bafg-slider-info .bafg_slider_readmore_button {\n\t\t\t\n\t\t\t\n\t\t\t\n\t\t\t\n\t\t\t\n\t\t\ttext-align: center;\n\n\t\t\t\n\t\t\t\n\t\t\t\n\t\t\t\n\t\t\t\n\t\t\t\n\t\t\t\t\t}\n\n\t\t.slider-info-26321.bafg-slider-info .bafg_slider_readmore_button:hover {\n\n\t\t\t\n\t\t\t\n\t\t\t\t\t}\n\n\t<\/style>\n\t\n        <div class=\"bafg-twentytwenty-container slider-26321 \" bafg-orientation=\"horizontal\" bafg-default-offset=\"0.5\" bafg-before-label=\"Before\" bafg-after-label=\"After\" bafg-overlay=\"yes\" bafg-move-slider-on-hover=\"yes\" bafg-click-to-move=\"no\">\n              \n            <img decoding=\"async\" class=\"skip-lazy\" src=\"http:\/\/mairsturnstile.com\/wp-content\/uploads\/2023\/07\/access-control-turnstile_4.jpg\" alt=\"\" data-skip-lazy title=\"\">\n            <img decoding=\"async\" class=\"skip-lazy\" src=\"http:\/\/mairsturnstile.com\/wp-content\/uploads\/2023\/07\/access-control-turnstile_5.jpg\" alt=\"\" data-skip-lazy title=\"\">\n           \n        <\/div>\n\n        \t<div class=\"bafg-slider-info-wraper\">\n\t\t<div style=\"\" class=\"slider-info-26321 bafg-slider-info\">\n\t\t\t\t\t<\/div>\n\t<\/div>\n\t\n        <style type=\"text\/css\">\n            \n        <\/style>\n        \n<ul>\n<li>Ko\u0142owrotek kontroli dost\u0119pu to rodzaj ko\u0142owrotu dla pieszych o kompaktowej konstrukcji, bramki szybkiego ruchu, kt\u00f3ra jest zwykle stosowana w miejscu o du\u017cym nat\u0119\u017ceniu ruchu w ruchu dwukierunkowym. Cyfrowy ko\u0142owrotek nazywany jest r\u00f3wnie\u017c elektronicznymi bramkami obrotowymi lub elektronicznymi ko\u0142owrotami.<\/li>\n<li>Obudowa bramki obrotowej kontroli dost\u0119pu wykonana jest ze <a href=\"https:\/\/en.wikipedia.org\/wiki\/Stainless_steel\" target=\"_blank\" rel=\"noopener\">stali nierdzewnej<\/a> 304 o strukturze w\u0142oskowatej, kt\u00f3ra tworzy jednolity i elegancki punkt dost\u0119pu pasuj\u0105cy do wi\u0119kszo\u015bci wn\u0119trz.<\/li>\n<li>Ta bramka obrotowa z kontrol\u0105 dost\u0119pu jest wyposa\u017cona w mi\u0119dzynarodowy standard RS485 i przeka\u017aniki, co czyni j\u0105 szeroko kompatybiln\u0105 ze ca\u0142ym istniej\u0105cym oprogramowaniem w bran\u017cy i prawie ca\u0142\u0105 kontrol\u0105 dost\u0119pu, tak\u0105 jak systemy RFID, systemy kod\u00f3w kreskowych, systemy rozpoznawania twarzy i systemy odcisk\u00f3w palc\u00f3w itp.<\/li>\n<li>W sytuacji awaryjnej nale\u017cy od\u0142\u0105czy\u0107 zasilanie, a ko\u0142owrotek Slim swing otworzy si\u0119 automatycznie, umo\u017cliwiaj\u0105c swobodne przej\u015bcie spe\u0142niaj\u0105ce wymogi bezpiecze\u0144stwa przeciwpo\u017carowego. Ale musi by\u0107 z bateri\u0105. Je\u015bli chodzi o eksport, bateria jest wra\u017cliwa, mo\u017cemy wymieni\u0107 kondensator<\/li>\n<li>Bramka z optyczn\u0105 kontrol\u0105 dost\u0119pu nadaje si\u0119 do luksusowych i wysokiej klasy rozwi\u0105za\u0144 wej\u015bciowych.<\/li>\n<li>Ca\u0142y system dzia\u0142a p\u0142ynnie, przy niskim poziomie ha\u0142asu i du\u017cej pr\u0119dko\u015bci.<\/li>\n<li>Funkcja alarmu, w przypadku nielegalnego w\u0142amania i w\u0142amania odwrotnego, brama uruchomi alarm, a drzwi zostan\u0105 zablokowane.<\/li>\n<li>W sumie jest 5 par czujnik\u00f3w podczerwieni. \u015arodkowe czujniki maj\u0105 zapobiega\u0107 przytrza\u015bni\u0119ciu pieszych.<\/li>\n<li>Funkcja zapobiegania ogonowaniu, jedna osoba mo\u017ce przej\u015b\u0107 w tym samym czasie. Je\u015bli kto\u015b b\u0119dzie pod\u0105\u017ca\u0142 za lud\u017ami z przodu, cyfrowy ko\u0142owrotek w\u0142\u0105czy alarm.<\/li>\n<li>Wska\u017anik ledowy. Czerwony krzy\u017c i zielona strza\u0142ka. Na przednim s\u0142upku znajduj\u0105 si\u0119 r\u00f3wnie\u017c kierunkowskazy LED. Do ramion mo\u017cna doda\u0107 o\u015bwietlenie LED.<\/li>\n<li>Dost\u0119p dwukierunkowy zmniejsza potrzeb\u0119 stosowania wi\u0119kszej liczby bramek. Jest przystosowany do w\u00f3zk\u00f3w inwalidzkich, w\u00f3zek sklepowy zwi\u0119ksza efektywno\u015b\u0107 przejazdu.<\/li>\n<li>Funkcja automatycznego resetowania. Je\u017celi w zadanym czasie (domy\u015blnie jest to 5 sekund) osoby przesz\u0142y, system anuluje uprawnienia u\u017cytkownika i zamknie si\u0119 automatycznie<\/li>\n<li>Zabezpieczenie przed uderzeniami, zabezpieczenie przed zaciskiem, Bramy s\u0105 wyposa\u017cone w nap\u0119d bezszczotkowy. Je\u015bli kto\u015b uderzy w rami\u0119, brama zostanie automatycznie zresetowana. Funkcja ta skutecznie zapobiega wpadaniu pieszych, zw\u0142aszcza dzieci, przycinaniu, uderzaniu itp.<\/li>\n<li>Wilgotno\u015b\u0107 robocza: 30% ~ 95%<\/li>\n<li>Temperatura pracy: -40 \u2103 ~ + 70 \u2103<\/li>\n<li>Interfejs wej\u015bciowy: RS485, styk suchy, przeka\u017anik<\/li>\n<li>Mechanizm ze sprz\u0119g\u0142em zabezpieczaj\u0105cym przed uderzeniem, automatyczny reset<\/li>\n<li>Czujnik podczerwieni: 4 pary<\/li>\n<li>MCBF: 5 000 000 cykli<\/li>\n<li>Funkcja: z interfejsem alarmu po\u017carowego, odblokuj po wy\u0142\u0105czeniu zasilania<\/li>\n<li>aplikacji: Budynek biurowy, hotele, sale rz\u0105dowe itp<\/li>\n<\/ul>\n<p>Mo\u017cemy zapewni\u0107 ca\u0142e rozwi\u0105zanie kontroli dost\u0119pu bezpiecze\u0144stwa. Je\u015bli posiadasz w\u0142asny system kontroli dost\u0119pu, mo\u017cesz bezpo\u015brednio skorzysta\u0107 z naszej bramki obrotowej. Je\u015bli go nie posiadasz, zapewniamy r\u00f3wnie\u017c kompletne rozwi\u0105zanie w zakresie kontroli dost\u0119pu. Aby uzyska\u0107 szczeg\u00f3\u0142owe informacje, zapoznaj si\u0119 z poni\u017cszym filmem.<\/p>\n<p><iframe title=\"Odtwarzacz wideo YouTube\" src=\"https:\/\/www.youtube.com\/embed\/YGzRnFxTroc?si=vzmVKnbhkfuUUg1n\" width=\"1150\" height=\"650\" frameborder=\"0\" allowfullscreen=\"allowfullscreen\"><span data-mce-type=\"bookmark\" style=\"display: inline-block; width: 0px; overflow: hidden; line-height: 0;\" class=\"mce_SELRES_start\"><\/span><\/iframe><\/p>\n","protected":false},"excerpt":{"rendered":"<p>1. Rozmiar: 600 * 130 * 980 mm (mo\u017cna dostosowa\u0107)<\/p>\n<p>2. Materia\u0142: stal walcowana na zimno o grubo\u015bci 1,5 mm malowana proszkowo<\/p>\n<p>3. Materia\u0142 ramion: akryl 10 mm (opcja ze szk\u0142a hartowanego)<\/p>\n<p>4. Szeroko\u015b\u0107 przej\u015bcia: standardowa 600 mm<\/p>\n<p>5. Mechanizm: mechanizm przeciwuderzeniowy i przeciwprzyciskowy<\/p>\n<p>6. Silnik bezszczotkowy 40W<\/p>\n<p>7. Kierunek przej\u015bcia: dwukierunkowy<\/p>\n<p>8. Szybko\u015b\u0107 zaliczenia: 30-35 os\u00f3b\/minut\u0119<\/p>\n<p>9. Czas dzia\u0142ania: 0,2 sekundy<\/p>\n<p>10. Pob\u00f3r mocy: AC100-240V, 50\/60HZ<\/p>\n<p><span style=\"color: #000000;\"><strong><a style=\"color: #000000;\" title=\"Bramka obrotowa z certyfikatem CE Mairs\" href=\"http:\/\/mairsturnstile.com\/wp-content\/uploads\/2022\/09\/Mairs-CE-Certificate-Speed-Gate-Turnstile.pdf\" target=\"_blank\" rel=\"noopener noreferrer\">Certyfikat CE,<\/a> <a style=\"color: #000000;\" title=\"Certyfikat Mairs ISO9001\" href=\"http:\/\/mairsturnstile.com\/wp-content\/uploads\/2022\/09\/Mairs-Registration-Certificate-ISO9001.pdf\" target=\"_blank\" rel=\"noopener noreferrer\">Certyfikat ISO9001.<\/a><\/strong><\/span><\/p>\n<p><a title=\"Broszura bramki obrotowej Slim Speed Gate\" href=\"https:\/\/mairsturnstile-online.com\/flipbook\/kq306-speed-gate-brochure\" target=\"_blank\" rel=\"noopener noreferrer\"><strong><span style=\"color: #fcaf3b;\">Download MT-S306 Slim Speed Gate Turnstile Brochure<\/span><\/strong><\/a><\/p>\n","protected":false},"featured_media":26115,"comment_status":"closed","ping_status":"closed","template":"","meta":{"neve_meta_sidebar":"","neve_meta_container":"","neve_meta_enable_content_width":"off","neve_meta_content_width":0,"neve_meta_title_alignment":"","neve_meta_author_avatar":"","neve_post_elements_order":"","neve_meta_disable_header":"","neve_meta_disable_footer":"","neve_meta_disable_title":"","_ti_tpc_template_sync":false,"_ti_tpc_template_id":""},"product_cat":[2036,2034],"product_tag":[2054,2057,2055,2058,2056],"class_list":["post-32965","product","type-product","status-publish","has-post-thumbnail","hentry","product_cat-bramki-predkosci","product_cat-kolowroty-bezpieczenstwa","product_tag-bramka-obrotowa-pl","product_tag-bramka-obrotowa-z-czytnikiem-kodow-kreskowych","product_tag-bramki-zabezpieczajace","product_tag-kolowrot-kontroli-dostepu","product_tag-kolowrotki-gimnastyczne"],"_links":{"self":[{"href":"https:\/\/mairsturnstile.com\/pl\/wp-json\/wp\/v2\/product\/32965","targetHints":{"allow":["GET"]}}],"collection":[{"href":"https:\/\/mairsturnstile.com\/pl\/wp-json\/wp\/v2\/product"}],"about":[{"href":"https:\/\/mairsturnstile.com\/pl\/wp-json\/wp\/v2\/types\/product"}],"replies":[{"embeddable":true,"href":"https:\/\/mairsturnstile.com\/pl\/wp-json\/wp\/v2\/comments?post=32965"}],"version-history":[{"count":1,"href":"https:\/\/mairsturnstile.com\/pl\/wp-json\/wp\/v2\/product\/32965\/revisions"}],"predecessor-version":[{"id":73058,"href":"https:\/\/mairsturnstile.com\/pl\/wp-json\/wp\/v2\/product\/32965\/revisions\/73058"}],"wp:featuredmedia":[{"embeddable":true,"href":"https:\/\/mairsturnstile.com\/pl\/wp-json\/wp\/v2\/media\/26115"}],"wp:attachment":[{"href":"https:\/\/mairsturnstile.com\/pl\/wp-json\/wp\/v2\/media?parent=32965"}],"wp:term":[{"taxonomy":"product_cat","embeddable":true,"href":"https:\/\/mairsturnstile.com\/pl\/wp-json\/wp\/v2\/product_cat?post=32965"},{"taxonomy":"product_tag","embeddable":true,"href":"https:\/\/mairsturnstile.com\/pl\/wp-json\/wp\/v2\/product_tag?post=32965"}],"curies":[{"name":"wp","href":"https:\/\/api.w.org\/{rel}","templated":true}]}}