{"id":32968,"date":"2022-07-09T17:17:14","date_gmt":"2022-07-09T09:17:14","guid":{"rendered":"https:\/\/mairsturnstile.com\/product\/wbudowany-skaner-kodow-qr-dla-bramki-obrotowej"},"modified":"2024-05-27T18:05:00","modified_gmt":"2024-05-27T10:05:00","slug":"skaner-kodow-qr","status":"publish","type":"product","link":"https:\/\/mairsturnstile.com\/pl\/produkt\/skaner-kodow-qr","title":{"rendered":"Wbudowany skaner kod\u00f3w QR dla bramek obrotowych"},"content":{"rendered":"<h2>Ten bezdotykowy wbudowany skaner kod\u00f3w QR MTX200 jest obj\u0119ty 2-letni\u0105 gwarancj\u0105 oraz trwa\u0142ym wsparciem w zakresie konserwacji i napraw.<\/h2>\n<p>Mo\u017cemy \u015bwiadczy\u0107 us\u0142ugi OEM i ODM. Dostarczamy r\u00f3wnie\u017c urz\u0105dzenia biometryczne, takie jak czytniki kart IC\/ID, skanery linii papilarnych, skanery <a href=\"https:\/\/en.wikipedia.org\/wiki\/QR_code\" target=\"_blank\" rel=\"noopener\">kod\u00f3w QR<\/a>, kamery rozpoznaj\u0105ce twarz i tak dalej.<\/p>\n<p>MTX200 to wbudowany skaner kod\u00f3w QR, kt\u00f3ry wykorzystuje samodzielnie opracowan\u0105 technologi\u0119 dekodowania rdzenia i mo\u017ce jednocze\u015bnie obs\u0142ugiwa\u0107 szybki odczyt kod\u00f3w jednowymiarowych i system\u00f3w kod\u00f3w QR. Jego powierzchnia wykonana jest ze szk\u0142a hartowanego, kt\u00f3re ma dobr\u0105 przepuszczalno\u015b\u0107 \u015bwiat\u0142a, odporno\u015b\u0107 na zarysowania i odporno\u015b\u0107 na upadek. Mo\u017cna go u\u017cywa\u0107 do wielu cel\u00f3w. Je\u015bli potrzebuj\u0105 Pa\u0144stwo skanera kod\u00f3w QR do bramki obrotowej, prosimy <a href=\"https:\/\/mairsturnstile.com\/contact\">o kontakt<\/a>.<\/p>\n<p>Ten skaner kod\u00f3w QR mo\u017ce by\u0107 wyposa\u017cony w funkcj\u0119 przesuwania karty NFC (bezdotykowa karta IC o cz\u0119stotliwo\u015bci radiowej 13,56 MHz, karta czujnika M1, telefon kom\u00f3rkowy NFC i dow\u00f3d osobisty), kt\u00f3r\u0105 mo\u017cna dostosowa\u0107 do z\u0142o\u017conych, kompleksowych scenariuszy zastosowa\u0144.<\/p>\n<p>Skaner kod\u00f3w QR MTX200 rozpoznaje r\u00f3\u017cne systemy kod\u00f3w, takie jak kod jednowymiarowy, kod dwuwymiarowy, kod ekranowy telefonu kom\u00f3rkowego, kod papierowy itp., 70 razy na sekund\u0119 i skanuje go dowolnie w zakresie 360 stopni. Rozpoznawalna odleg\u0142o\u015b\u0107 od 3 do 10 cm. Liczne mechanizmy sprz\u0119\u017cenia zwrotnego zwi\u0119kszaj\u0105 interaktywne wra\u017cenia. Trzy lampki kontrolne, migaj\u0105ce czerwone \u015bwiat\u0142o okienka odczytu i sygna\u0142 d\u017awi\u0119kowy informuj\u0105cy o kodzie skanowania poprawiaj\u0105 jako\u015b\u0107 skanowania.<\/p>\n<p>MTX200 mo\u017ce \u0142\u0105czy\u0107 USB, RS232, TTL i inne metody transmisji danych oraz integrowa\u0107 wyj\u015bcie WiFi, aby sprosta\u0107 trudnym potrzebom ery Internetu rzeczy. Automatyczne rozpoznawanie odczytu obrazu, wspiera rozw\u00f3j wt\u00f3rny i zapewnia dostosowywanie funkcji. Samorozw\u00f3j, r\u00f3\u017cnorodne interfejsy programistyczne, dobra kompatybilna pojemno\u015b\u0107.<\/p>\n<p>Dodatkowe interfejsy programistyczne: C\/C++, C#, Java, DELPHI, kompatybilny z Android Pad, Android development board, system Windows, Mac, Linux, kasa fiskalna, Raspberry Pi.<\/p>\n<p>Obs\u0142uguje napi\u0119cie wej\u015bciowe o szeroko\u015bci 4,7\u201315 V, eliminuje wp\u0142yw napi\u0119cia na \u017cywotno\u015b\u0107 sprz\u0119tu, oszcz\u0119dza zasilacz impulsowy, zmniejsza koszty sprz\u0119tu i stosuje si\u0119 do wi\u0119kszej liczby scenariuszy. Na przyk\u0142ad: bramka obrotowa dla pieszych 12 V, szafka samoobs\u0142ugowa 5 V, automat sprzedaj\u0105cy, automat do przyjmowania bilet\u00f3w, szafka do przyjmowania posi\u0142k\u00f3w, szafka ekspresowa, kosz na \u015bmieci, automat p\u0142atniczy, drukarka, maszyna kolejkowa, maszyna rejestruj\u0105ca, wypo\u017cyczanie i zwrot rega\u0142 na ksi\u0105\u017cki itp.<\/p>\n<p>Dost\u0119pne s\u0105 bogate interfejsy komunikacyjne, wyj\u015bcie Wi-Fi, RS232, TTL i USB (klawiatura analogowa, tryb programowania ukrytego) jest opcjonalne, dost\u0119pny jest pakiet SDK oraz obs\u0142ugiwane s\u0105 dodatkowe us\u0142ugi programistyczne i dostosowywania. Kompatybilny z systemami Windows (xp\/7\/8\/10), MAC, Android i Linux.<\/p>\n<p>\u017ar\u00f3d\u0142o \u015bwiat\u0142a: o\u015bwietlenie rozproszone LED (pod\u015bwietlenie bia\u0142e, kierunkowskaz czerwony)<br \/>\nInstrukcja: Brz\u0119czyk, trzy niebieskie wska\u017aniki stanu LED, czerwona dioda LED<br \/>\nKod identyfikacyjny: kod QR, Data Matrix, EAN_13, EAN_8, RSS_14, CODE_39, CODE_93, CODE_128, ITF, pasek kodu, kod odwrotny, kod lustrzany itp.<br \/>\nK\u0105t pola widzenia: Poziome pole widzenia 77\u00b0, pionowe pole widzenia 60\u00b0<br \/>\nK\u0105t odczytu: nachylenie \u00b1 40\u00b0, odchylenie \u00b1 30\u00b0, obr\u00f3t o 360\u00b0<br \/>\nG\u0142\u0119bia ostro\u015bci: 0 mm ~ 55 mm (kod QR 15 mil)<br \/>\nMikroprocesor: 32-bitowy procesor 1G, szybka pami\u0119\u0107 DDR<br \/>\nInterfejs danych: RS232 (9,6 ~ 115,2 kb\/s), USB1.1 (HID-KBW, HID-POS), niestandardowy HID (dodaj interfejs programistyczny USB, szybka transmisja)<\/p>\n<p>Linia danych: linia danych RS232 (interfejs zasilania USB + interfejs danych DB9), kabel USB, linia TTL<br \/>\nTemperatura pracy: -20 ~ 70 stopni Celsjusza<br \/>\nTemperatura przechowywania: -40 do 80 stopni Celsjusza<br \/>\nWilgotno\u015b\u0107: Wilgotno\u015b\u0107 wzgl\u0119dna 0% ~ 95%<br \/>\nNat\u0119\u017cenie \u015bwiat\u0142a otoczenia: 0 ~ 80 000 LUX<br \/>\nNapi\u0119cie robocze: Obs\u0142uguje napi\u0119cie wej\u015bciowe o szeroko\u015bci 5 ~ 15 V<br \/>\nPr\u0105d roboczy: 0,15 A (5 V) lub 0,05 A (15 V)<br \/>\nMaksymalny pob\u00f3r mocy: 0,75 W<br \/>\nBezdotykowy wbudowany skaner kod\u00f3w QR dla typ\u00f3w bramek obrotowych.<br \/>\nCertyfikacja mi\u0119dzynarodowa: FCC cz\u0119\u015b\u0107 15, klasa B, klasa CE EMC<br \/>\nWymagania dotycz\u0105ce konserwacji: Obs\u0142uga zdalnej konserwacji i aktualizacji online<br \/>\nMateria\u0142y Korpus: Importowane okno komputera: Szk\u0142o hartowane<br \/>\nSystem operacyjny: obs\u0142uguje Windows (xp.7.8.10), Linux, Android, Mac itp<\/p>\n","protected":false},"excerpt":{"rendered":"<p>1. wymiar fizyczny: 95*84*48mm<\/p>\n<p>2. Rozmiar okna odczytu: 59*46mm<\/p>\n<p>3. Metoda instalacji: Instalacja wbudowana<\/p>\n<p>4. Materia\u0142y: ABS<\/p>\n<p>5. Rozmiar otworu: 67,5 * 88 mm<\/p>\n<p>6. Promie\u0144 naro\u017cnika: 4,27 mm<\/p>\n<p>7. Przetwornik obrazu: 300 000 pikseli CMOS (640*480)<\/p>\n<p>8. Kontrast druku: \u2265 25%<\/p>\n<p>9. Dok\u0142adno\u015b\u0107 odczytu: \u2265 7mil<\/p>\n<p>10. Szybko\u015b\u0107 odczytu: 70 ms\/razy<\/p>\n<p><a title=\"Broszura skanera kod\u00f3w QR\" href=\"http:\/\/mairsturnstile.com\/wp-content\/uploads\/2023\/12\/MT-TX200-QR-code-scanner-brochure.pdf\" target=\"_blank\" rel=\"noopener noreferrer\"><img decoding=\"async\" class=\"alignnone size-full wp-image-11034\" src=\"http:\/\/mairsturnstile.com\/wp-content\/uploads\/2022\/09\/pdf-MairsTurnstile.png\" alt=\"\" width=\"32\" height=\"32\"><strong><span style=\"color: #0000ff;\">Broszura skanera kod\u00f3w QR MTX200<\/span><\/strong><\/a><\/p>\n","protected":false},"featured_media":42673,"comment_status":"closed","ping_status":"closed","template":"","meta":{"neve_meta_sidebar":"","neve_meta_container":"","neve_meta_enable_content_width":"off","neve_meta_content_width":0,"neve_meta_title_alignment":"","neve_meta_author_avatar":"","neve_post_elements_order":"","neve_meta_disable_header":"","neve_meta_disable_footer":"","neve_meta_disable_title":"","_ti_tpc_template_sync":false,"_ti_tpc_template_id":""},"product_cat":[2028],"product_tag":[2066],"class_list":["post-32968","product","type-product","status-publish","has-post-thumbnail","hentry","product_cat-kontrola-dostepu","product_tag-skaner-kodow-qr-kolowrotu"],"_links":{"self":[{"href":"https:\/\/mairsturnstile.com\/pl\/wp-json\/wp\/v2\/product\/32968","targetHints":{"allow":["GET"]}}],"collection":[{"href":"https:\/\/mairsturnstile.com\/pl\/wp-json\/wp\/v2\/product"}],"about":[{"href":"https:\/\/mairsturnstile.com\/pl\/wp-json\/wp\/v2\/types\/product"}],"replies":[{"embeddable":true,"href":"https:\/\/mairsturnstile.com\/pl\/wp-json\/wp\/v2\/comments?post=32968"}],"version-history":[{"count":0,"href":"https:\/\/mairsturnstile.com\/pl\/wp-json\/wp\/v2\/product\/32968\/revisions"}],"wp:featuredmedia":[{"embeddable":true,"href":"https:\/\/mairsturnstile.com\/pl\/wp-json\/wp\/v2\/media\/42673"}],"wp:attachment":[{"href":"https:\/\/mairsturnstile.com\/pl\/wp-json\/wp\/v2\/media?parent=32968"}],"wp:term":[{"taxonomy":"product_cat","embeddable":true,"href":"https:\/\/mairsturnstile.com\/pl\/wp-json\/wp\/v2\/product_cat?post=32968"},{"taxonomy":"product_tag","embeddable":true,"href":"https:\/\/mairsturnstile.com\/pl\/wp-json\/wp\/v2\/product_tag?post=32968"}],"curies":[{"name":"wp","href":"https:\/\/api.w.org\/{rel}","templated":true}]}}