{"id":32970,"date":"2022-06-19T23:56:13","date_gmt":"2022-06-19T15:56:13","guid":{"rendered":"https:\/\/mairsturnstile.com\/product\/optyczny-kierunek-obrotowy-mt347"},"modified":"2024-05-27T18:06:04","modified_gmt":"2024-05-27T10:06:04","slug":"kolowrotki-optyczne","status":"publish","type":"product","link":"https:\/\/mairsturnstile.com\/pl\/produkt\/kolowrotki-optyczne","title":{"rendered":"OPTYCZNY KIERUNEK OBR\u00d3TOWY MT347"},"content":{"rendered":"        <!-- 3D Model html -->\r\n        <div class=\"bp_grand wrapper_23476\">   \r\n        <div class=\"bp_model_parent\">\r\n            <model-viewer class=\"model\" id=\"bp_model_id_23476\" src=\"http:\/\/mairsturnstile.com\/wp-content\/uploads\/2023\/06\/MT347.glb\" alt=\"MT347\" camera-controls  loading=\"auto\" auto-rotate                        >\r\n            <\/model-viewer>\r\n        \r\n            <!-- Button -->\r\n            <svg id=\"openBtn\" width=\"30px\" height=\"30px\" viewBox=\"0 0 16 16\" xmlns=\"http:\/\/www.w3.org\/2000\/svg\" fill=\"#f2f2f2\" class=\"bi bi-arrows-fullscreen model-icon\">\r\n                <path fill-rule=\"evenodd\" d=\"M5.828 10.172a.5.5 0 0 0-.707 0l-4.096 4.096V11.5a.5.5 0 0 0-1 0v3.975a.5.5 0 0 0 .5.5H4.5a.5.5 0 0 0 0-1H1.732l4.096-4.096a.5.5 0 0 0 0-.707zm4.344 0a.5.5 0 0 1 .707 0l4.096 4.096V11.5a.5.5 0 1 1 1 0v3.975a.5.5 0 0 1-.5.5H11.5a.5.5 0 0 1 0-1h2.768l-4.096-4.096a.5.5 0 0 1 0-.707zm0-4.344a.5.5 0 0 0 .707 0l4.096-4.096V4.5a.5.5 0 1 0 1 0V.525a.5.5 0 0 0-.5-.5H11.5a.5.5 0 0 0 0 1h2.768l-4.096 4.096a.5.5 0 0 0 0 .707zm-4.344 0a.5.5 0 0 1-.707 0L1.025 1.732V4.5a.5.5 0 0 1-1 0V.525a.5.5 0 0 1 .5-.5H4.5a.5.5 0 0 1 0 1H1.732l4.096 4.096a.5.5 0 0 1 0 .707z\"\/>\r\n            <\/svg>\r\n        \r\n            <svg id=\"closeBtn\" class=\"model-icon\" width=\"34px\" height=\"34px\" viewBox=\"0 0 24 24\" xmlns=\"http:\/\/www.w3.org\/2000\/svg\">\r\n                <path fill=\"none\" stroke=\"#f2f2f2\" stroke-width=\"2\" d=\"M7,7 L17,17 M7,17 L17,7\"\/>\r\n            <\/svg>\r\n        \r\n        <\/div>\r\n        <\/div> \r\n\r\n        <!-- Model Viewer Style -->\r\n        <style>\r\n            \r\n            .wrapper_23476 .bp_model_parent, #bp_model_id_23476 {\r\n                width: 1150px;\r\n                max-width: 100%;\r\n                                            }\r\n            #bp_model_id_23476 {\r\n                height:700px;\r\n                background-color: #f2f2f2;\r\n            }\r\n            .fullscreen #bp_model_id_23476{\r\n            height: 100%;\r\n            width: 100%;\r\n            }\r\n            .wrapper_23476 .bp_model_parent{\r\n                justify-content: start            }\r\n            model-viewer.model {\r\n                --poster-color: transparent;\r\n            }\r\n        <\/style>\r\n        \r\n        \n<h2>OPTYCZNY KO\u0141Owr\u00f3t MT347 obj\u0119ty jest 2-letni\u0105 gwarancj\u0105 i trwa\u0142ym wsparciem w zakresie konserwacji i napraw.<\/h2>\n<p>Mo\u017cemy \u015bwiadczy\u0107 us\u0142ugi OEM i ODM. Mamy do\u015bwiadczonych projektant\u00f3w, kt\u00f3rzy s\u0105 w stanie dokona\u0107 g\u0142\u0119bokiej personalizacji wed\u0142ug Twoich potrzeb. W najszybszym mo\u017cliwym terminie udost\u0119pnimy szereg materia\u0142\u00f3w takich jak wizualizacje 3D, rysunki wymiarowe itp. Dostarczamy r\u00f3wnie\u017c urz\u0105dzenia biometryczne, takie jak czytniki kart IC\/ID, skanery linii papilarnych, skanery kod\u00f3w QR, kamery rozpoznaj\u0105ce twarz i tak dalej. Je\u015bli chcesz zintegrowa\u0107 te urz\u0105dzenia z bramk\u0105 obrotow\u0105 pe\u0142nej wysoko\u015bci lub masz jakie\u015b pytania, <a href=\"https:\/\/mairsturnstile.com\/contact\">skontaktuj si\u0119 z nami<\/a><\/p>\n<p><strong>Optyczna bramka obrotowa to rodzaj bramki obrotowej, kt\u00f3ra jest kontrolowana przez czujniki, w tym liczb\u0119 czujnik\u00f3w zawieraj\u0105cych matryc\u0119 wi\u0105zek detekcyjnych.<\/strong> Pas przej\u015bcia b\u0119dzie sterowany logik\u0105 czujnik\u00f3w. Dopiero gdy optyczna bramka obrotowa otrzyma sygna\u0142 otwarcia, dost\u0119p do przej\u015bcia b\u0119dzie wolny. Je\u017celi nie, czujnik uruchomi alarm. Optyczny ko\u0142owrotek obrotowy mo\u017ce skutecznie zapobiega\u0107 klapowaniu. Je\u015bli kto\u015b uzyska dost\u0119p w ramach wa\u017cnej karty, alarm zaalarmuje pracownik\u00f3w ochrony. Ko\u0142owroty optyczne s\u0105 idealnym rozwi\u0105zaniem, je\u015bli chcesz, aby Twoja przestrze\u0144 mia\u0142a otwarty wygl\u0105d. Mo\u017ce przyspieszy\u0107 proces wej\u015bcia. Mog\u0105 biega\u0107 w obu kierunkach.<\/p>\n<p>Czujnik powszechnie u\u017cywany w ko\u0142owrotku optycznym jest przeciwleg\u0142ym czujnikiem fotoelektrycznym, kt\u00f3ry mo\u017ce dok\u0142adniej wykry\u0107 ludzkie cia\u0142o. Optyczna bramka obrotowa wyposa\u017cona jest w wiele grup czujnik\u00f3w promieniowania, kt\u00f3re umo\u017cliwiaj\u0105 wykrywanie os\u00f3b wchodz\u0105cych i wychodz\u0105cych. Znajduje si\u0119 g\u0142\u00f3wnie przy wej\u015bciu do bramy, odcinku pr\u0119ta skrzyd\u0142a i wyj\u015bciu z bramy. Aby zapewni\u0107 dok\u0142adne wykrywanie, niekt\u00f3re optyczne bramki obrotowe instaluj\u0105 czujniki na r\u00f3\u017cnych wysoko\u015bciach ka\u017cdej cz\u0119\u015bci.<\/p>\n<p>Ten optyczny ko\u0142owr\u00f3t obrotowy z barier\u0105 uchyln\u0105 to w\u0105ska bramka obrotowa. Standardowy przeka\u017anik i interfejs RS485 sprawiaj\u0105, \u017ce jest ona kompatybilna ze wszystkimi systemami kontroli dost\u0119pu, takimi jak system kart RFID, system <a href=\"https:\/\/en.wikipedia.org\/wiki\/Facial_recognition\" target=\"_blank\" rel=\"noopener\">rozpoznawania twarzy<\/a>, system kontroli temperatury, system monetowy, system kod\u00f3w kreskowych i system kontroli dost\u0119pu ESD Tester. <a href=\"https:\/\/mairsturnstile.com\/category\/swing-turnstile-gate\">Bramka obrot owa to kompaktowe<\/a> i ekonomiczne rozwi\u0105zanie wej\u015bciowe.<\/p>\n<p>Wszystkie modele obrotowych ko\u0142owrot\u00f3w optycznych i bramek pr\u0119dko\u015bci mo\u017cna dostosowa\u0107 do rzeczywistych wymaga\u0144. Niekt\u00f3re modele bramek obrotowych i <a href=\"https:\/\/mairsturnstile.com\/product\/sliding-turnstile\">bramek przesuwnych<\/a> mog\u0105 mie\u0107 r\u00f3wnie\u017c szeroko\u015b\u0107 przej\u015bcia 900 mm. <span style=\"font-style: inherit; font-weight: inherit;\">Kontrola dost\u0119pu Bramki obrotowe dla pieszych Szklane bramki obrotowe Optyczne bramki obrotowe.<\/span><\/p>\n<p>Mo\u017cemy r\u00f3wnie\u017c w ci\u0105gu kilku minut stworzy\u0107 dla Ciebie rendering na podstawie Twojego rzeczywistego scenariusza. Dostarczamy r\u00f3wnie\u017c szczeg\u00f3\u0142owe plany i rysunki, a tak\u017ce rysunki instalacyjne.<\/p>\n\n        \t\n\t<style type=\"text\/css\">\n\t\t.slider-info-23487.bafg-slider-info .bafg-slider-title {\n\t\t\t\t\t\tfont-size: 22px;\n\t\t\t\t\t\t\n\t\t\t\n\t\t\t\t\t}\n\n\t\t.slider-info-23487.bafg-slider-info .bafg-slider-description {\n\t\t\t\n\t\t\t\n\t\t\t\t\t}\n\n\t\t.slider-info-23487.bafg-slider-info .bafg_slider_readmore_button {\n\t\t\t\n\t\t\t\n\t\t\t\n\t\t\t\n\t\t\t\n\t\t\ttext-align: center;\n\n\t\t\t\n\t\t\t\n\t\t\t\n\t\t\t\n\t\t\t\n\t\t\t\n\t\t\t\t\t}\n\n\t\t.slider-info-23487.bafg-slider-info .bafg_slider_readmore_button:hover {\n\n\t\t\t\n\t\t\t\n\t\t\t\t\t}\n\n\t<\/style>\n\t\n        <div class=\"bafg-twentytwenty-container slider-23487 \" bafg-orientation=\"horizontal\" bafg-default-offset=\"0.5\" bafg-before-label=\"Before\" bafg-after-label=\"After\" bafg-overlay=\"yes\" bafg-move-slider-on-hover=\"yes\" bafg-click-to-move=\"no\">\n              \n            <img decoding=\"async\" class=\"skip-lazy\" src=\"http:\/\/mairsturnstile.com\/wp-content\/uploads\/2023\/06\/one-way-swing-gate_4.jpg\" alt=\"\" data-skip-lazy title=\"\">\n            <img decoding=\"async\" class=\"skip-lazy\" src=\"http:\/\/mairsturnstile.com\/wp-content\/uploads\/2023\/06\/optical-swing-turnstiles_4.jpg\" alt=\"\" data-skip-lazy title=\"\">\n           \n        <\/div>\n\n        \t<div class=\"bafg-slider-info-wraper\">\n\t\t<div style=\"\" class=\"slider-info-23487 bafg-slider-info\">\n\t\t\t\t\t<\/div>\n\t<\/div>\n\t\n        <style type=\"text\/css\">\n            \n        <\/style>\n        \n<ul>\n<li>W sytuacji awaryjnej nale\u017cy odci\u0105\u0107 zasilanie, optyczny ko\u0142owrotek ze szklan\u0105 barier\u0105 Slim swing otworzy si\u0119 automatycznie, aby umo\u017cliwi\u0107 swobodne przej\u015bcie, spe\u0142niaj\u0105ce wymogi bezpiecze\u0144stwa przeciwpo\u017carowego. Ale musi by\u0107 z bateri\u0105. Je\u015bli chodzi o eksport, bateria jest wra\u017cliwa, mo\u017cemy wymieni\u0107 kondensator<\/li>\n<li>Niezawodno\u015b\u0107 mechanizmu: 3 miliony-5 milion\u00f3w, bez usterek<\/li>\n<li>Mechanizm zapobiegaj\u0105cy trafieniu resetuje si\u0119 automatycznie po napotkaniu uderzenia si\u0142\u0105<\/li>\n<li>O\u015bwietlenie LED na ramionach jest opcjonalne<\/li>\n<li>Kredens LED.<\/li>\n<li>Kierunek pracy: dwukierunkowy\/jednokierunkowy<\/li>\n<li>Sytuacja awaryjna: otwiera si\u0119 automatycznie po odci\u0119ciu pr\u0105du za pomoc\u0105 kondensatora<\/li>\n<li>Wilgotno\u015b\u0107: \u226490%<\/li>\n<li>Temperatura pracy: -20 \u2103 ~ 60 \u2103<\/li>\n<li>Odleg\u0142o\u015b\u0107 komunikacyjna: \u22641200 m<\/li>\n<li>Interfejs komunikacyjny: RS485<\/li>\n<li>Funkcja: czytnik IC\/ID, czytnik kod\u00f3w kreskowych, rozpoznawanie twarzy, odcisk palca, inny sprz\u0119t kontroli dost\u0119pu, UPS itp<\/li>\n<li>Czas potrzebny na otwarcie: 0,2 s<\/li>\n<li>Zakres zastosowania: spo\u0142eczno\u015b\u0107, fabryka, biurowiec, szko\u0142a, miejscowo\u015b\u0107 uzdrowiskowa itp<\/li>\n<li>\u015arodowisko pracy: W pomieszczeniu<\/li>\n<li>Materia\u0142 obudowy: stal nierdzewna 304 i czarny akryl.<\/li>\n<li>Sprzedam niedrogie obrotowe ko\u0142owroty optyczne.<\/li>\n<li>Ko\u0142owroty optyczne z barier\u0105 obrotow\u0105 nadaj\u0105 si\u0119 do luksusowych i wysokiej klasy rozwi\u0105za\u0144 wej\u015bciowych.<\/li>\n<li>Ca\u0142y system dzia\u0142a p\u0142ynnie, przy niskim poziomie ha\u0142asu i du\u017cej pr\u0119dko\u015bci.<\/li>\n<li>Funkcja alarmu, w przypadku nielegalnego w\u0142amania lub w\u0142amania odwrotnego, brama z barier\u0105 uchyln\u0105 uruchomi alarm, a drzwi zostan\u0105 zablokowane.<\/li>\n<li>\u0141\u0105cznie jest 5 par czujnik\u00f3w podczerwieni. \u015arodkowy czujnik ma zapobiega\u0107 przytrza\u015bni\u0119ciu pieszych.<\/li>\n<li>Funkcja zapobiegania ogonowaniu, jedna osoba mo\u017ce przej\u015b\u0107 w tym samym czasie. Je\u015bli kto\u015b b\u0119dzie pod\u0105\u017ca\u0142 za lud\u017ami z przodu, brama uchylna w\u0142\u0105czy alarm<\/li>\n<li>Wska\u017anik ledowy. Czerwony krzy\u017c i zielona strza\u0142ka. Na przednim s\u0142upku znajduj\u0105 si\u0119 r\u00f3wnie\u017c kierunkowskazy LED. Do ramion mo\u017cna doda\u0107 o\u015bwietlenie LED.<\/li>\n<li>Dost\u0119p dwukierunkowy zmniejsza potrzeb\u0119 stosowania wi\u0119kszej liczby bramek. Jest przystosowany do w\u00f3zk\u00f3w inwalidzkich i w\u00f3zk\u00f3w sklepowych, co zwi\u0119ksza wydajno\u015b\u0107 przejazdu.<\/li>\n<li>Funkcja automatycznego resetowania. Je\u017celi w zadanym czasie (domy\u015blny czas to 5 sekund) nie przejd\u0105 \u017cadne osoby, system anuluje uprawnienia u\u017cytkownika i zamknie si\u0119 automatycznie<\/li>\n<li>Anti-uderzenie, Anti zacisk, Ko\u0142owroty optyczne s\u0105 wyposa\u017cone w silnik bezszczotkowy. Je\u017celi podczas pracy kto\u015b uderzy w rami\u0119, brama automatycznie si\u0119 zresetuje. Funkcja ta skutecznie zapobiega wpadaniu, przycinaniu, uderzaniu pieszych, zw\u0142aszcza dzieci.<\/li>\n<\/ul>\n<p>Mo\u017cemy zapewni\u0107 ca\u0142e rozwi\u0105zanie kontroli dost\u0119pu bezpiecze\u0144stwa. Je\u015bli posiadasz w\u0142asny system kontroli dost\u0119pu, mo\u017cesz bezpo\u015brednio skorzysta\u0107 z naszej bramki obrotowej. Je\u015bli go nie posiadasz, zapewniamy r\u00f3wnie\u017c kompletne rozwi\u0105zanie w zakresie kontroli dost\u0119pu. Aby uzyska\u0107 szczeg\u00f3\u0142owe informacje, zapoznaj si\u0119 z poni\u017cszym filmem.<\/p>\n<p><iframe title=\"Optyczny ko\u0142owrotek obrotowy, ko\u0142owrotek obrotowy, ko\u0142owr\u00f3t obrotowy - MairsTurnstile\" src=\"https:\/\/www.youtube.com\/embed\/hdoBSoM85u4\" width=\"1150\" height=\"650\" frameborder=\"0\" allowfullscreen=\"allowfullscreen\"><\/iframe><\/p>\n","protected":false},"excerpt":{"rendered":"<p>1. Rozmiar: 1334*160*1000 mm (mo\u017cna dostosowa\u0107)<\/p>\n<p>2. Szeroko\u015b\u0107 pasa: 600 mm (standardowa) 900 mm (dla os\u00f3b niepe\u0142nosprawnych)<\/p>\n<p>3. Materia\u0142 ramienia: akryl 10 mm<\/p>\n<p>4. Pr\u0119dko\u015b\u0107 przejazdu: 35 os.\/min<\/p>\n<p>5. Zasilanie: 110 V\/220 V 50\/60 Hz<\/p>\n<p>6. Mechanizm: mechanizm silnika bezszczotkowego pr\u0105du sta\u0142ego<\/p>\n<p>7. Silnik nap\u0119dowy: 24 V<\/p>\n<p>8. Sygna\u0142 otwarcia bramy: styk bezpr\u0105dowy\/przeka\u017anik<\/p>\n<p>9. Z 5 parami czujnik\u00f3w<\/p>\n<p><strong><a title=\"Brama skrzyd\u0142owa dla pieszych z certyfikatem CE Mairs\" href=\"http:\/\/mairsturnstile.com\/wp-content\/uploads\/2022\/09\/Mairs-CE-Certificate-MT310.pdf\" target=\"_blank\" rel=\"noopener noreferrer\">Certyfikat CE,<\/a> <a title=\"Certyfikat Mairs ISO9001\" href=\"http:\/\/mairsturnstile.com\/wp-content\/uploads\/2022\/09\/Mairs-Registration-Certificate-ISO9001.pdf\" target=\"_blank\" rel=\"noopener noreferrer\">Certyfikat ISO9001.<\/a><\/strong><\/p>\n<p><a title=\"Broszura dotycz\u0105ca ko\u0142owrot\u00f3w optycznych\" href=\"http:\/\/mairsturnstile.com\/wp-content\/uploads\/2023\/12\/MT347-brochure.pdf\" target=\"_blank\" rel=\"noopener noreferrer\"><img decoding=\"async\" class=\"alignnone size-full wp-image-11034\" src=\"http:\/\/mairsturnstile.com\/wp-content\/uploads\/2022\/09\/pdf-MairsTurnstile.png\" alt=\"\" width=\"32\" height=\"32\"><strong><span style=\"color: #0000ff;\">Broszura dotycz\u0105ca ko\u0142owrot\u00f3w optycznych MT347<\/span><\/strong><\/a><\/p>\n","protected":false},"featured_media":25278,"comment_status":"closed","ping_status":"closed","template":"","meta":{"neve_meta_sidebar":"","neve_meta_container":"","neve_meta_enable_content_width":"off","neve_meta_content_width":0,"neve_meta_title_alignment":"","neve_meta_author_avatar":"","neve_post_elements_order":"","neve_meta_disable_header":"","neve_meta_disable_footer":"","neve_meta_disable_title":"","_ti_tpc_template_sync":false,"_ti_tpc_template_id":""},"product_cat":[2037,2034],"product_tag":[2046,2068,2047,2048,2067],"class_list":["post-32970","product","type-product","status-publish","has-post-thumbnail","hentry","product_cat-brama-obrotowa-obrotowa","product_cat-kolowroty-bezpieczenstwa","product_tag-kolowrotek-optyczny","product_tag-kolowrotek-z-barierka-wahadlowa","product_tag-kolowroty-optyczne","product_tag-optyczna-bramka-obrotowa","product_tag-optyczny-kolowrot-obrotowy"],"_links":{"self":[{"href":"https:\/\/mairsturnstile.com\/pl\/wp-json\/wp\/v2\/product\/32970","targetHints":{"allow":["GET"]}}],"collection":[{"href":"https:\/\/mairsturnstile.com\/pl\/wp-json\/wp\/v2\/product"}],"about":[{"href":"https:\/\/mairsturnstile.com\/pl\/wp-json\/wp\/v2\/types\/product"}],"replies":[{"embeddable":true,"href":"https:\/\/mairsturnstile.com\/pl\/wp-json\/wp\/v2\/comments?post=32970"}],"version-history":[{"count":0,"href":"https:\/\/mairsturnstile.com\/pl\/wp-json\/wp\/v2\/product\/32970\/revisions"}],"wp:featuredmedia":[{"embeddable":true,"href":"https:\/\/mairsturnstile.com\/pl\/wp-json\/wp\/v2\/media\/25278"}],"wp:attachment":[{"href":"https:\/\/mairsturnstile.com\/pl\/wp-json\/wp\/v2\/media?parent=32970"}],"wp:term":[{"taxonomy":"product_cat","embeddable":true,"href":"https:\/\/mairsturnstile.com\/pl\/wp-json\/wp\/v2\/product_cat?post=32970"},{"taxonomy":"product_tag","embeddable":true,"href":"https:\/\/mairsturnstile.com\/pl\/wp-json\/wp\/v2\/product_tag?post=32970"}],"curies":[{"name":"wp","href":"https:\/\/api.w.org\/{rel}","templated":true}]}}