{"id":32973,"date":"2022-05-13T17:25:20","date_gmt":"2022-05-13T09:25:20","guid":{"rendered":"https:\/\/mairsturnstile.com\/product\/kolowroty-w-lobie-szybka-bramka-kolowrotka-mt381"},"modified":"2023-10-25T22:44:05","modified_gmt":"2023-10-25T14:44:05","slug":"lobby-turnstiles","status":"publish","type":"product","link":"https:\/\/mairsturnstile.com\/pl\/produkt\/lobby-turnstiles","title":{"rendered":"KO\u0141OwrotY W LOBIE SZYBKA BRAMKA KO\u0141OWROTKA MT381"},"content":{"rendered":"        <!-- 3D Model html -->\r\n        <div class=\"bp_grand wrapper_25606\">   \r\n        <div class=\"bp_model_parent\">\r\n            <model-viewer class=\"model\" id=\"bp_model_id_25606\" src=\"http:\/\/mairsturnstile.com\/wp-content\/uploads\/2024\/11\/MT382.glb\" alt=\"MT382\" camera-controls  loading=\"auto\" auto-rotate                        >\r\n            <\/model-viewer>\r\n        \r\n            <!-- Button -->\r\n            <svg id=\"openBtn\" width=\"30px\" height=\"30px\" viewBox=\"0 0 16 16\" xmlns=\"http:\/\/www.w3.org\/2000\/svg\" fill=\"#f2f2f2\" class=\"bi bi-arrows-fullscreen model-icon\">\r\n                <path fill-rule=\"evenodd\" d=\"M5.828 10.172a.5.5 0 0 0-.707 0l-4.096 4.096V11.5a.5.5 0 0 0-1 0v3.975a.5.5 0 0 0 .5.5H4.5a.5.5 0 0 0 0-1H1.732l4.096-4.096a.5.5 0 0 0 0-.707zm4.344 0a.5.5 0 0 1 .707 0l4.096 4.096V11.5a.5.5 0 1 1 1 0v3.975a.5.5 0 0 1-.5.5H11.5a.5.5 0 0 1 0-1h2.768l-4.096-4.096a.5.5 0 0 1 0-.707zm0-4.344a.5.5 0 0 0 .707 0l4.096-4.096V4.5a.5.5 0 1 0 1 0V.525a.5.5 0 0 0-.5-.5H11.5a.5.5 0 0 0 0 1h2.768l-4.096 4.096a.5.5 0 0 0 0 .707zm-4.344 0a.5.5 0 0 1-.707 0L1.025 1.732V4.5a.5.5 0 0 1-1 0V.525a.5.5 0 0 1 .5-.5H4.5a.5.5 0 0 1 0 1H1.732l4.096 4.096a.5.5 0 0 1 0 .707z\"\/>\r\n            <\/svg>\r\n        \r\n            <svg id=\"closeBtn\" class=\"model-icon\" width=\"34px\" height=\"34px\" viewBox=\"0 0 24 24\" xmlns=\"http:\/\/www.w3.org\/2000\/svg\">\r\n                <path fill=\"none\" stroke=\"#f2f2f2\" stroke-width=\"2\" d=\"M7,7 L17,17 M7,17 L17,7\"\/>\r\n            <\/svg>\r\n        \r\n        <\/div>\r\n        <\/div> \r\n\r\n        <!-- Model Viewer Style -->\r\n        <style>\r\n            \r\n            .wrapper_25606 .bp_model_parent, #bp_model_id_25606 {\r\n                width: 1150px;\r\n                max-width: 100%;\r\n                                            }\r\n            #bp_model_id_25606 {\r\n                height:700px;\r\n                background-color: #f9f9f9;\r\n            }\r\n            .fullscreen #bp_model_id_25606{\r\n            height: 100%;\r\n            width: 100%;\r\n            }\r\n            .wrapper_25606 .bp_model_parent{\r\n                justify-content: start            }\r\n            model-viewer.model {\r\n                --poster-color: transparent;\r\n            }\r\n        <\/style>\r\n        \r\n        \n<h4>KO\u0141OwrotY W LOBIE SZYBKA BRAMKA KO\u0141OWROTKA MT353 jest obj\u0119ta 2-letni\u0105 gwarancj\u0105 i trwa\u0142ym wsparciem w zakresie konserwacji i napraw.<\/h4>\n<p>Mo\u017cemy \u015bwiadczy\u0107 us\u0142ugi OEM i ODM. Mamy do\u015bwiadczonych projektant\u00f3w, kt\u00f3rzy s\u0105 w stanie dokona\u0107 g\u0142\u0119bokiej personalizacji wed\u0142ug Twoich potrzeb. W najszybszym mo\u017cliwym terminie udost\u0119pnimy szereg materia\u0142\u00f3w takich jak wizualizacje 3D, rysunki wymiarowe itp. Dostarczamy r\u00f3wnie\u017c urz\u0105dzenia biometryczne, takie jak czytniki kart IC\/ID, skanery linii papilarnych, skanery kod\u00f3w QR, kamery rozpoznaj\u0105ce twarz i tak dalej. Je\u015bli potrzebuj\u0105 Pa\u0144stwo zintegrowa\u0107 te urz\u0105dzenia z bramk\u0105 obrotow\u0105 w holu lub maj\u0105 Pa\u0144stwo jakiekolwiek pytania, prosimy <a href=\"https:\/\/mairsturnstile.com\/contact\">o kontakt<\/a>.<\/p>\n<p><strong>Ko\u0142owroty w holu to rodzaj bramki obrotowej dla pieszych, kt\u00f3ra s\u0142u\u017cy do hol\u00f3w r\u00f3\u017cnych budynk\u00f3w do kontrolowania i zarz\u0105dzania dost\u0119pem personelu.<\/strong> Zastosowanie ko\u0142owrotu w holu znacznie poprawi\u0142o skuteczno\u015b\u0107 weryfikacji i efektywno\u015b\u0107 ruchu w hali budynku. Og\u00f3lnie rzecz bior\u0105c, bramki pr\u0119dko\u015bci i ko\u0142owroty obrotowe s\u0105 najcz\u0119stszymi ko\u0142owrotami w holu, a niekt\u00f3rzy klienci wybieraj\u0105 <a href=\"https:\/\/mairsturnstile.com\/what-is-flap-barrier.html\">ko\u0142owr\u00f3t z barier\u0105 klapow\u0105<\/a> zgodnie z ich rzeczywistymi potrzebami jako ko\u0142owroty w holu.<\/p>\n<p>Oczywi\u015bcie, <a href=\"https:\/\/mairsturnstile.com\/swing-turnstile-gate.html\">opr\u00f3cz bramki obrotowej<\/a> i <a href=\"https:\/\/mairsturnstile.com\/speed-gates.html\">bramki pr\u0119dko\u015bci<\/a>, w przypadku budynk\u00f3w biurowych z wieloma pracownikami i wieloma wej\u015bciami i wyj\u015bciami, dobrym wyborem jest r\u00f3wnie\u017c zainstalowanie inteligentnej bramki obrotowej z barier\u0105 klapow\u0105 w holu lub biurze.<\/p>\n<p>W przypadku niekt\u00f3rych agencji rz\u0105dowych i jednostek lub miejsc o wysokich wymaganiach dotycz\u0105cych poufno\u015bci i wysokiego bezpiecze\u0144stwa przesuwny ko\u0142owr\u00f3t mo\u017ce zosta\u0107 wybrany jako g\u0142\u00f3wny sprz\u0119t do zarz\u0105dzania kontrol\u0105 dost\u0119pu, kt\u00f3ry ma bardziej rygorystyczne zarz\u0105dzanie dost\u0119pem i silniejsze \u015brodki bezpiecze\u0144stwa. \u015arodki bezpiecze\u0144stwa znajduj\u0105 odzwierciedlenie g\u0142\u00f3wnie w jego konstrukcji. Rami\u0119 przesuwne jest stosunkowo wysokie, aby zapobiec wierceniu i wspinaniu si\u0119, a g\u0142\u00f3wnym materia\u0142em jest szk\u0142o akrylowe. Wizja tego kana\u0142u nie b\u0119dzie ograniczona. Umieszczona jest w holu biurowca, a ca\u0142o\u015b\u0107 pozostaje przejrzysta i jasna.<\/p>\n<p>Ko\u0142owroty w holu mog\u0105 nie tylko skutecznie zarz\u0105dza\u0107 personelem dost\u0119pu do budynku i obni\u017cy\u0107 koszty zarz\u0105dzania personelem nieruchomo\u015bci lub budynku, ale tak\u017ce zwi\u0119kszy\u0107 pi\u0119kno holu budynku i sprawi\u0107, \u017ce ca\u0142e lobby b\u0119dzie wygl\u0105da\u0107 bardziej ekskluzywnie.<\/p>\n<p>Mo\u017cemy r\u00f3wnie\u017c w ci\u0105gu kilku minut stworzy\u0107 dla Ciebie rendering na podstawie Twojego rzeczywistego scenariusza. Zapewniamy r\u00f3wnie\u017c szczeg\u00f3\u0142owy uk\u0142ad i rysunki, a tak\u017ce rysunki instalacyjne.<\/p>\n\n        \t\n\t<style type=\"text\/css\">\n\t\t.slider-info-25641.bafg-slider-info .bafg-slider-title {\n\t\t\t\t\t\tfont-size: 22px;\n\t\t\t\t\t\t\n\t\t\t\n\t\t\t\t\t}\n\n\t\t.slider-info-25641.bafg-slider-info .bafg-slider-description {\n\t\t\t\n\t\t\t\n\t\t\t\t\t}\n\n\t\t.slider-info-25641.bafg-slider-info .bafg_slider_readmore_button {\n\t\t\t\n\t\t\t\n\t\t\t\n\t\t\t\n\t\t\t\n\t\t\ttext-align: center;\n\n\t\t\t\n\t\t\t\n\t\t\t\n\t\t\t\n\t\t\t\n\t\t\t\n\t\t\t\t\t}\n\n\t\t.slider-info-25641.bafg-slider-info .bafg_slider_readmore_button:hover {\n\n\t\t\t\n\t\t\t\n\t\t\t\t\t}\n\n\t<\/style>\n\t\n        <div class=\"bafg-twentytwenty-container slider-25641 \" bafg-orientation=\"horizontal\" bafg-default-offset=\"0.5\" bafg-before-label=\"Before\" bafg-after-label=\"After\" bafg-overlay=\"yes\" bafg-move-slider-on-hover=\"yes\" bafg-click-to-move=\"no\">\n              \n            <img decoding=\"async\" class=\"skip-lazy\" src=\"http:\/\/mairsturnstile.com\/wp-content\/uploads\/2020\/09\/turnstile-gates-egypt-6.jpg\" alt=\"turnstile gates egypt\" data-skip-lazy title=\"\">\n            <img decoding=\"async\" class=\"skip-lazy\" src=\"http:\/\/mairsturnstile.com\/wp-content\/uploads\/2024\/11\/lobby-turnstiles.jpg\" alt=\"lobby turnstiles\" data-skip-lazy title=\"\">\n           \n        <\/div>\n\n        \t<div class=\"bafg-slider-info-wraper\">\n\t\t<div style=\"\" class=\"slider-info-25641 bafg-slider-info\">\n\t\t\t\t\t<\/div>\n\t<\/div>\n\t\n        <style type=\"text\/css\">\n            \n        <\/style>\n        \n<p>Bramka obrotowa w holu Fastlane to inteligentny system bezpiecze\u0144stwa kontroli dost\u0119pu. Mo\u017cna go zintegrowa\u0107 z dowolnym systemem kontroli dost\u0119pu, takim jak rozpoznawanie odcisk\u00f3w palc\u00f3w, systemy RFID, odciski palc\u00f3w, <a href=\"https:\/\/en.wikipedia.org\/wiki\/QR_code\" target=\"_blank\" rel=\"noopener\">kody QR<\/a> itp.<\/p>\n<p>Szybki mechanizm i elegancki wygl\u0105d sprawiaj\u0105, \u017ce jest to idealny wyb\u00f3r do biurowca, uniwersytetu, parku rozrywki itp. Brama obrotowa ko\u0142owrotu to wysokowydajna bramka obrotowa, kt\u00f3ra z \u0142atwo\u015bci\u0105 radzi sobie z du\u017cym nat\u0119\u017ceniem ruchu i nieodpowiednimi warunkami.<\/p>\n<ul>\n<li>W sytuacji awaryjnej nale\u017cy odci\u0105\u0107 zasilanie, ko\u0142owroty w holu Fastlane otworz\u0105 si\u0119 automatycznie, umo\u017cliwiaj\u0105c swobodne przej\u015bcie zgodne z wymogami bezpiecze\u0144stwa przeciwpo\u017carowego. Ale musi by\u0107 z bateri\u0105. Je\u015bli chodzi o eksport, bateria jest wra\u017cliwa, mo\u017cemy wymieni\u0107 kondensator<\/li>\n<li>Bramki obrotowe w holu nadaj\u0105 si\u0119 do luksusowych i wysokiej klasy rozwi\u0105za\u0144 wej\u015bciowych.<\/li>\n<li>Ca\u0142y system dzia\u0142a p\u0142ynnie, przy niskim poziomie ha\u0142asu i du\u017cej pr\u0119dko\u015bci.<\/li>\n<li>Funkcja alarmu, w przypadku nielegalnego w\u0142amania lub w\u0142amania odwrotnego, brama uruchomi alarm i drzwi zostan\u0105 zablokowane.<\/li>\n<li>\u0141\u0105cznie jest 6 par czujnik\u00f3w podczerwieni. \u015arodkowy czujnik ma zapobiega\u0107 przytrza\u015bni\u0119ciu pieszych.<\/li>\n<li>Funkcja zapobiegania ogonowaniu, jedna osoba mo\u017ce przej\u015b\u0107 w tym samym czasie. Je\u015bli kto\u015b b\u0119dzie pod\u0105\u017ca\u0142 za lud\u017ami z przodu, brama uruchomi alarm<\/li>\n<li>Wska\u017anik ledowy. Czerwony krzy\u017c i zielona strza\u0142ka. Na przednim s\u0142upku znajduj\u0105 si\u0119 r\u00f3wnie\u017c kierunkowskazy LED. Do ramion mo\u017cna doda\u0107 o\u015bwietlenie LED.<\/li>\n<li>Dost\u0119p dwukierunkowy zmniejsza potrzeb\u0119 stosowania wi\u0119kszej liczby bramek. Jest przystosowany do w\u00f3zk\u00f3w inwalidzkich, w\u00f3zek sklepowy zwi\u0119ksza efektywno\u015b\u0107 przejazdu.<\/li>\n<li>Funkcja automatycznego resetowania. Je\u017celi w zadanym czasie (domy\u015blny czas to 5 sekund) nie przejd\u0105 \u017cadne osoby, system anuluje uprawnienia u\u017cytkownika i zamknie si\u0119 automatycznie<\/li>\n<li>Anti-uderzenie, Anti zacisk, Bramy s\u0105 wyposa\u017cone w silnik bezszczotkowy. Je\u017celi podczas pracy kto\u015b uderzy w rami\u0119, brama automatycznie si\u0119 zresetuje. Funkcja ta skutecznie zapobiega wpadaniu, przycinaniu, uderzaniu pieszych, zw\u0142aszcza dzieci.<\/li>\n<li>Mechanizm zapobiegaj\u0105cy trafieniu resetuje si\u0119 automatycznie po napotkaniu uderzenia si\u0142\u0105<\/li>\n<li>Materia\u0142 obudowy ko\u0142owrot\u00f3w w holu: stal nierdzewna 304 i malowana proszkowo<\/li>\n<li>Niezawodno\u015b\u0107 mechanizmu: 5 milion\u00f3w, bez usterek<\/li>\n<li>Prze\u0142\u0105cznik Halla Rami\u0119 ustalaj\u0105ce, bardziej precyzyjne<\/li>\n<li>Kierunek pracy: dwukierunkowy\/jednokierunkowy<\/li>\n<li>Sytuacja awaryjna: otwiera si\u0119 automatycznie po odci\u0119ciu pr\u0105du za pomoc\u0105 kondensatora<\/li>\n<li>Wilgotno\u015b\u0107: \u226490%<\/li>\n<li>Dost\u0119pne s\u0105 diody LED na ramionach<\/li>\n<li>Grubo\u015b\u0107 akrylu ramienia: 10 mm<\/li>\n<li>Temperatura pracy: -20 \u2103 ~ 60 \u2103<\/li>\n<li>Odleg\u0142o\u015b\u0107 komunikacyjna: \u22641200 m<\/li>\n<li>Interfejs komunikacyjny: RS485<\/li>\n<li>Funkcja: czytnik IC\/ID, czytnik kod\u00f3w kreskowych, rozpoznawanie twarzy, odcisk palca, inny sprz\u0119t kontroli dost\u0119pu, UPS itp<\/li>\n<li>Czas potrzebny na otwarcie: 0,2 s<\/li>\n<li>\u015arodowisko pracy: W pomieszczeniu<\/li>\n<li>Zakres zastosowania: spo\u0142eczno\u015b\u0107, fabryka, plac budowy, szko\u0142a, miejscowo\u015b\u0107 wypoczynkowa itp<\/li>\n<\/ul>\n<p>Mo\u017cemy zapewni\u0107 ca\u0142e rozwi\u0105zanie kontroli dost\u0119pu bezpiecze\u0144stwa. Je\u015bli posiadasz w\u0142asny system kontroli dost\u0119pu, mo\u017cesz bezpo\u015brednio skorzysta\u0107 z naszej bramki obrotowej. Je\u015bli go nie posiadasz, zapewniamy r\u00f3wnie\u017c kompletne rozwi\u0105zanie w zakresie kontroli dost\u0119pu. Aby uzyska\u0107 szczeg\u00f3\u0142owe informacje, zapoznaj si\u0119 z poni\u017cszym filmem.<\/p>\n<p><iframe title=\"Nowy projekt ko\u0142owrotu Speed Gate, ko\u0142owroty w holu, ko\u0142owrotek biurowy - MairsTurnstile.com\" src=\"https:\/\/www.youtube.com\/embed\/izk8WuYn4no\" width=\"1150\" height=\"650\" frameborder=\"0\" allowfullscreen=\"allowfullscreen\"><\/iframe><\/p>\n","protected":false},"excerpt":{"rendered":"<p>1. Rozmiar: 1400 * 150 * 1000 mm (mo\u017cna dostosowa\u0107)<\/p>\n<p>2. Szeroko\u015b\u0107 pasa: 600 mm (standardowa) 900 mm (dla os\u00f3b niepe\u0142nosprawnych)<\/p>\n<p>3. Materia\u0142 ramienia: akryl<\/p>\n<p>4. Pr\u0119dko\u015b\u0107 przejazdu: 40 os.\/min<\/p>\n<p>5. Zasilanie: 110 V\/220 V 50\/60 Hz<\/p>\n<p>6. Silnik bezszczotkowy: 40W<\/p>\n<p>7. Sygna\u0142 otwarcia bramy: styk bezpr\u0105dowy\/przeka\u017anik<\/p>\n<p>8. Silnik nap\u0119dowy: 24 V<\/p>\n<p>9. Waga: 70 kg\/szt<\/p>\n<p><span style=\"color: #0000ff;\"><strong><a style=\"color: #0000ff;\" title=\"Bramka obrotowa z certyfikatem CE Mairs\" href=\"http:\/\/mairsturnstile.com\/wp-content\/uploads\/2022\/09\/Mairs-CE-Certificate-Speed-Gate-Turnstile.pdf\" target=\"_blank\" rel=\"noopener noreferrer\">Certyfikat CE,<\/a> <a style=\"color: #0000ff;\" title=\"Certyfikat Mairs ISO9001\" href=\"http:\/\/mairsturnstile.com\/wp-content\/uploads\/2022\/09\/Mairs-Registration-Certificate-ISO9001.pdf\" target=\"_blank\" rel=\"noopener noreferrer\">Certyfikat ISO9001.<\/a><\/strong><\/span><\/p>\n","protected":false},"featured_media":25230,"comment_status":"closed","ping_status":"closed","template":"","meta":{"neve_meta_sidebar":"","neve_meta_container":"","neve_meta_enable_content_width":"off","neve_meta_content_width":0,"neve_meta_title_alignment":"","neve_meta_author_avatar":"","neve_post_elements_order":"","neve_meta_disable_header":"","neve_meta_disable_footer":"","neve_meta_disable_title":"","_ti_tpc_template_sync":false,"_ti_tpc_template_id":""},"product_cat":[2036,2034],"product_tag":[2079,2080,2081,2082],"class_list":["post-32973","product","type-product","status-publish","has-post-thumbnail","hentry","product_cat-bramki-predkosci","product_cat-kolowroty-bezpieczenstwa","product_tag-bramki-wejsciowe-kolowrotu","product_tag-budowanie-kolowrotow","product_tag-kolowroty-w-holu","product_tag-kolowroty-zabezpieczajace-w-holu"],"_links":{"self":[{"href":"https:\/\/mairsturnstile.com\/pl\/wp-json\/wp\/v2\/product\/32973","targetHints":{"allow":["GET"]}}],"collection":[{"href":"https:\/\/mairsturnstile.com\/pl\/wp-json\/wp\/v2\/product"}],"about":[{"href":"https:\/\/mairsturnstile.com\/pl\/wp-json\/wp\/v2\/types\/product"}],"replies":[{"embeddable":true,"href":"https:\/\/mairsturnstile.com\/pl\/wp-json\/wp\/v2\/comments?post=32973"}],"version-history":[{"count":0,"href":"https:\/\/mairsturnstile.com\/pl\/wp-json\/wp\/v2\/product\/32973\/revisions"}],"wp:featuredmedia":[{"embeddable":true,"href":"https:\/\/mairsturnstile.com\/pl\/wp-json\/wp\/v2\/media\/25230"}],"wp:attachment":[{"href":"https:\/\/mairsturnstile.com\/pl\/wp-json\/wp\/v2\/media?parent=32973"}],"wp:term":[{"taxonomy":"product_cat","embeddable":true,"href":"https:\/\/mairsturnstile.com\/pl\/wp-json\/wp\/v2\/product_cat?post=32973"},{"taxonomy":"product_tag","embeddable":true,"href":"https:\/\/mairsturnstile.com\/pl\/wp-json\/wp\/v2\/product_tag?post=32973"}],"curies":[{"name":"wp","href":"https:\/\/api.w.org\/{rel}","templated":true}]}}