{"id":32977,"date":"2022-02-19T22:23:17","date_gmt":"2022-02-19T14:23:17","guid":{"rendered":"https:\/\/mairsturnstile.com\/product\/sprzedam-kolowrot-statywny-mt141"},"modified":"2023-10-25T22:47:29","modified_gmt":"2023-10-25T14:47:29","slug":"turnstile-price-kenya","status":"publish","type":"product","link":"https:\/\/mairsturnstile.com\/pl\/produkt\/turnstile-price-kenya","title":{"rendered":"SPRZEDAM KO\u0141Owr\u00f3t STATYWNY MT141"},"content":{"rendered":"        <!-- 3D Model html -->\r\n        <div class=\"bp_grand wrapper_20766\">   \r\n        <div class=\"bp_model_parent\">\r\n            <model-viewer class=\"model\" id=\"bp_model_id_20766\" src=\"http:\/\/mairsturnstile.com\/wp-content\/uploads\/2023\/06\/MT141.glb\" alt=\"MT141\" camera-controls  loading=\"auto\" auto-rotate                        >\r\n            <\/model-viewer>\r\n        \r\n            <!-- Button -->\r\n            <svg id=\"openBtn\" width=\"30px\" height=\"30px\" viewBox=\"0 0 16 16\" xmlns=\"http:\/\/www.w3.org\/2000\/svg\" fill=\"#f2f2f2\" class=\"bi bi-arrows-fullscreen model-icon\">\r\n                <path fill-rule=\"evenodd\" d=\"M5.828 10.172a.5.5 0 0 0-.707 0l-4.096 4.096V11.5a.5.5 0 0 0-1 0v3.975a.5.5 0 0 0 .5.5H4.5a.5.5 0 0 0 0-1H1.732l4.096-4.096a.5.5 0 0 0 0-.707zm4.344 0a.5.5 0 0 1 .707 0l4.096 4.096V11.5a.5.5 0 1 1 1 0v3.975a.5.5 0 0 1-.5.5H11.5a.5.5 0 0 1 0-1h2.768l-4.096-4.096a.5.5 0 0 1 0-.707zm0-4.344a.5.5 0 0 0 .707 0l4.096-4.096V4.5a.5.5 0 1 0 1 0V.525a.5.5 0 0 0-.5-.5H11.5a.5.5 0 0 0 0 1h2.768l-4.096 4.096a.5.5 0 0 0 0 .707zm-4.344 0a.5.5 0 0 1-.707 0L1.025 1.732V4.5a.5.5 0 0 1-1 0V.525a.5.5 0 0 1 .5-.5H4.5a.5.5 0 0 1 0 1H1.732l4.096 4.096a.5.5 0 0 1 0 .707z\"\/>\r\n            <\/svg>\r\n        \r\n            <svg id=\"closeBtn\" class=\"model-icon\" width=\"34px\" height=\"34px\" viewBox=\"0 0 24 24\" xmlns=\"http:\/\/www.w3.org\/2000\/svg\">\r\n                <path fill=\"none\" stroke=\"#f2f2f2\" stroke-width=\"2\" d=\"M7,7 L17,17 M7,17 L17,7\"\/>\r\n            <\/svg>\r\n        \r\n        <\/div>\r\n        <\/div> \r\n\r\n        <!-- Model Viewer Style -->\r\n        <style>\r\n            \r\n            .wrapper_20766 .bp_model_parent, #bp_model_id_20766 {\r\n                width: 1150px;\r\n                max-width: 100%;\r\n                                            }\r\n            #bp_model_id_20766 {\r\n                height:700px;\r\n                background-color: #f2f2f2;\r\n            }\r\n            .fullscreen #bp_model_id_20766{\r\n            height: 100%;\r\n            width: 100%;\r\n            }\r\n            .wrapper_20766 .bp_model_parent{\r\n                justify-content: start            }\r\n            model-viewer.model {\r\n                --poster-color: transparent;\r\n            }\r\n        <\/style>\r\n        \r\n        \n<h4>CENA KO\u0141OwrotU KENYA KO\u0141OwrotKI STATYWNE obj\u0119te s\u0105 2-letni\u0105 gwarancj\u0105 i trwa\u0142ym wsparciem w zakresie konserwacji i napraw.<\/h4>\n<p>Je\u015bli chcesz sprawdzi\u0107 cen\u0119 ko\u0142owrotu w Kenii, skontaktuj si\u0119 z nami, firma Mairs eksportuje wszelkiego rodzaju bramki obrotowe dla pieszych do Kenii, a my oferujemy najlepsz\u0105 cen\u0119 ko\u0142owrotu w Kenii.<\/p>\n<p>Mo\u017cemy \u015bwiadczy\u0107 us\u0142ugi OEM i ODM. Mamy do\u015bwiadczonych projektant\u00f3w, kt\u00f3rzy s\u0105 w stanie dokona\u0107 g\u0142\u0119bokiej personalizacji wed\u0142ug Twoich potrzeb. W najszybszym mo\u017cliwym terminie udost\u0119pnimy szereg materia\u0142\u00f3w takich jak wizualizacje 3D, rysunki wymiarowe itp. Dostarczamy r\u00f3wnie\u017c urz\u0105dzenia biometryczne, takie jak czytniki kart IC\/ID, skanery linii papilarnych, skanery kod\u00f3w QR, kamery rozpoznaj\u0105ce twarz i tak dalej. Je\u015bli chcesz zintegrowa\u0107 te urz\u0105dzenia z bramk\u0105 obrotow\u0105 pe\u0142nej wysoko\u015bci lub masz jakie\u015b pytania, <a href=\"https:\/\/mairsturnstile.com\/contact\">skontaktuj si\u0119 z nami<\/a><\/p>\n<p><strong>Ko\u0142owr\u00f3t na statywie jest<\/strong><strong> najbardziej podstawowy typ bramki obrotowej dla pieszych, kt\u00f3ry sk\u0142ada si\u0119 z podwozia, mechanizmu i trzech pr\u0119t\u00f3w blokuj\u0105cych, kt\u00f3re zatrzymuj\u0105 si\u0119 lub zwalniaj\u0105 poprzez ka\u017cdorazowy obr\u00f3t o 120\u00b0.<\/strong> Jego elementy obejmuj\u0105 obudow\u0119, mechanizm, tablic\u0119 steruj\u0105c\u0105 nap\u0119dem, silnik, ogranicznik, tablic\u0119 kierunkowskaz\u00f3w, cz\u0119\u015b\u0107 kontroli dost\u0119pu, opcjonalny licznik itp. Pr\u0119t metalowy (standardowa d\u0142ugo\u015b\u0107 pr\u0119ta 50 cm) tworzy przestrzenny tr\u00f3jk\u0105t jako korpus blokuj\u0105cy (dr\u0105\u017cek hamulcowy). Wykonany jest ze stali nierdzewnej 304 lub 316, kt\u00f3ra jest trwa\u0142a i nie\u0142atwa do odkszta\u0142cenia. Blokowanie i zwalnianie uzyskuje si\u0119 przez obracanie.<\/p>\n<p>Og\u00f3lnie rzecz bior\u0105c, kszta\u0142t ko\u0142owrotu na tr\u00f3jnogu jest wykonany z p\u0142yty <a class=\"rank-math-link\" href=\"https:\/\/en.wikipedia.org\/wiki\/Stainless_steel\" target=\"_blank\" rel=\"noopener noreferrer\">ze stali nierdzewnej<\/a> 304, kt\u00f3ra jest pi\u0119kna i hojna, odporna na rdz\u0119 i trwa\u0142a oraz mo\u017ce by\u0107 odporna na uszkodzenia spowodowane si\u0142\u0105 zewn\u0119trzn\u0105.<\/p>\n<p>Ko\u0142owr\u00f3t statywowy dzieli si\u0119 na typ mechaniczny, p\u00f3\u0142automatyczny i w pe\u0142ni automatyczny z trybu sterowania mechanizmem. Z formy dzieli si\u0119 na ko\u0142owr\u00f3t na statywie pionowym i ko\u0142owr\u00f3t na statywie mostowym. Cena ko\u0142owrotu Ko\u0142owrotek ze statywem w Kenii ma ma\u0142\u0105 obj\u0119to\u015b\u0107 i jest stosunkowo \u0142atwy w monta\u017cu; Brama obrotowa na statywie mostowym ma d\u0142u\u017cszy kana\u0142 i wi\u0119ksze bezpiecze\u0144stwo.<\/p>\n<p>Ko\u0142owr\u00f3t na statywie mo\u017cna po\u0142\u0105czy\u0107 z kartami inteligentnymi, odciskami palc\u00f3w, kodami kreskowymi i innym wyposa\u017ceniem systemu identyfikacji, tworz\u0105c inteligentny system kontroli dost\u0119pu; Jest po\u0142\u0105czony z komputerem, kontrol\u0105 dost\u0119pu, frekwencj\u0105, zarz\u0105dzaniem op\u0142atami, systemem biletowym i innym oprogramowaniem, tworz\u0105c inteligentny system zarz\u0105dzania kontrol\u0105 dost\u0119pu, kt\u00f3ry mo\u017ce realizowa\u0107 funkcje kontroli dost\u0119pu, obecno\u015bci, zu\u017cycia, sprzeda\u017cy bilet\u00f3w, bie\u017c\u0105cych ogranicze\u0144 i tak dalej NA.<\/p>\n<p>Mo\u017cemy r\u00f3wnie\u017c w ci\u0105gu kilku minut stworzy\u0107 dla Ciebie rendering na podstawie Twojego rzeczywistego scenariusza. Zapewniamy r\u00f3wnie\u017c szczeg\u00f3\u0142owy uk\u0142ad i rysunki, a tak\u017ce rysunki instalacyjne.<\/p>\n\n        \t\n\t<style type=\"text\/css\">\n\t\t.slider-info-20749.bafg-slider-info .bafg-slider-title {\n\t\t\t\t\t\tfont-size: 22px;\n\t\t\t\t\t\t\n\t\t\t\n\t\t\t\t\t}\n\n\t\t.slider-info-20749.bafg-slider-info .bafg-slider-description {\n\t\t\t\n\t\t\t\n\t\t\t\t\t}\n\n\t\t.slider-info-20749.bafg-slider-info .bafg_slider_readmore_button {\n\t\t\t\n\t\t\t\n\t\t\t\n\t\t\t\n\t\t\t\n\t\t\ttext-align: center;\n\n\t\t\t\n\t\t\t\n\t\t\t\n\t\t\t\n\t\t\t\n\t\t\t\n\t\t\t\t\t}\n\n\t\t.slider-info-20749.bafg-slider-info .bafg_slider_readmore_button:hover {\n\n\t\t\t\n\t\t\t\n\t\t\t\t\t}\n\n\t<\/style>\n\t\n        <div class=\"bafg-twentytwenty-container slider-20749 \" bafg-orientation=\"horizontal\" bafg-default-offset=\"0.5\" bafg-before-label=\"Before\" bafg-after-label=\"After\" bafg-overlay=\"yes\" bafg-move-slider-on-hover=\"yes\" bafg-click-to-move=\"no\">\n              \n            <img decoding=\"async\" class=\"skip-lazy\" src=\"http:\/\/mairsturnstile.com\/wp-content\/uploads\/2023\/06\/turnstile-price-kenya_5.jpg\" alt=\"\" data-skip-lazy title=\"\">\n            <img decoding=\"async\" class=\"skip-lazy\" src=\"http:\/\/mairsturnstile.com\/wp-content\/uploads\/2023\/06\/turnstile-price-kenya_6.jpg\" alt=\"\" data-skip-lazy title=\"\">\n           \n        <\/div>\n\n        \t<div class=\"bafg-slider-info-wraper\">\n\t\t<div style=\"\" class=\"slider-info-20749 bafg-slider-info\">\n\t\t\t\t\t<\/div>\n\t<\/div>\n\t\n        <style type=\"text\/css\">\n            \n        <\/style>\n        \n<ul>\n<li>Ko\u0142owr\u00f3t na statywie to kompaktowe i ekonomiczne rozwi\u0105zanie wej\u015bciowe.<\/li>\n<li>Ko\u0142owrotek na statywie ma w pe\u0142ni odporn\u0105 na deszcz obudow\u0119 ze stali nierdzewnej 304, kt\u00f3ra jest odporna na rdz\u0119, solidna i trwa\u0142a.<\/li>\n<li>Cena ko\u0142owrotu Ko\u0142owrotek na statywie Kenia mo\u017cna zamontowa\u0107 zar\u00f3wno w pomieszczeniach, jak i na zewn\u0105trz. Wsp\u00f3\u0142czynnik IP wynosi 54<\/li>\n<li>Posiada wyj\u015bcie przeka\u017anikowe w mi\u0119dzynarodowym standardzie, kt\u00f3re mo\u017cna \u0142atwo zintegrowa\u0107 ze wszystkimi systemami kontroli dost\u0119pu innych firm (tj. RFID, odcisk palca, twarz, kod kreskowy, termometr na podczerwie\u0144).<\/li>\n<li>Bramka obrotowa Kenya Tripod jest bramk\u0105 p\u00f3\u0142automatyczn\u0105. Aby otworzy\u0107 bram\u0119 po uzyskaniu dost\u0119pu, nale\u017cy lekko popchn\u0105\u0107 rami\u0119.<\/li>\n<li>Rozs\u0105dna konstrukcja i wysoka wydajno\u015b\u0107 maj\u0105 zapewni\u0107 szybkie i dok\u0142adne, stabilne i ciche poruszanie si\u0119 bram; z niskim zu\u017cyciem energii, oszcz\u0119dzaniem energii i ochron\u0105 \u015brodowiska.<\/li>\n<li>Trwa\u0142y, odporny na korozj\u0119, wytrzyma\u0142y mechanizm formy zapewniaj\u0105cy d\u0142u\u017csz\u0105 \u017cywotno\u015b\u0107<\/li>\n<li>Mechanizm to konstrukcja formy. Wszystkie elementy s\u0105 precyzyjne. Dzi\u0119ki temu system bramowy dzia\u0142a p\u0142ynnie, przy niskim poziomie ha\u0142asu. Mo\u017cna doda\u0107 amortyzator hydrauliczny.<\/li>\n<li>Konstrukcja bramki obrotowej zabezpieczaj\u0105cej na statywie sprawia, \u017ce jednocze\u015bnie przechodzi tylko jedna osoba.<\/li>\n<li>Mairs oferuje najlepsz\u0105 cen\u0119 ko\u0142owrotu w Kenii.<\/li>\n<li>Opcj\u0105 jest jednokierunkowo\u015b\u0107 lub dwukierunkowo\u015b\u0107.<\/li>\n<li>Kierunkowskaz LED na g\u00f3rze<\/li>\n<li>Funkcja automatycznego zegara: je\u015bli odebrany zostanie sygna\u0142 otwarcia, ale go\u015b\u0107 nie przejdzie przez bramk\u0119 w okre\u015blonym czasie (domy\u015blnie 5s), rami\u0119 ko\u0142owrotu zablokuje si\u0119 automatycznie.<\/li>\n<li>Po wy\u0142\u0105czeniu zasilania ramiona ko\u0142owrotu statywu opuszcz\u0105 si\u0119 automatycznie, aby umo\u017cliwi\u0107 swobodne przej\u015bcie, co jest zgodne z wymogami bezpiecze\u0144stwa przeciwpo\u017carowego.<\/li>\n<\/ul>\n<p>Mo\u017cemy zapewni\u0107 ca\u0142e rozwi\u0105zanie kontroli dost\u0119pu bezpiecze\u0144stwa. Je\u015bli posiadasz w\u0142asny system kontroli dost\u0119pu, mo\u017cesz bezpo\u015brednio skorzysta\u0107 z naszej bramki obrotowej. Je\u015bli go nie posiadasz, zapewniamy r\u00f3wnie\u017c kompletne rozwi\u0105zanie w zakresie kontroli dost\u0119pu. Aby uzyska\u0107 szczeg\u00f3\u0142owe informacje, zapoznaj si\u0119 z poni\u017cszym filmem.<\/p>\n<p><iframe title=\"Automatyczny ko\u0142owrotek na statywie, bramka ko\u0142owrotu na statywie, rozwi\u0105zanie ko\u0142owrotu na statywie - MairsTurnstile\" src=\"https:\/\/www.youtube.com\/embed\/6LIOkb5RGwk\" width=\"1150\" height=\"650\" frameborder=\"0\" allowfullscreen=\"allowfullscreen\"><\/iframe><\/p>\n","protected":false},"excerpt":{"rendered":"<p>1. Rozmiar: 1400 * 280 * 980 mm (mo\u017cna dostosowa\u0107)<\/p>\n<p>2. Szeroko\u015b\u0107 pasa: 550 mm (mo\u017cna dostosowa\u0107)<\/p>\n<p>3. Pr\u0119dko\u015b\u0107 przejazdu: 35 os.\/min<\/p>\n<p>4. Zasilanie: 110 V\/220 V 50\/60 Hz<\/p>\n<p>5. Waga: 40 kg<\/p>\n<p>6. Sygna\u0142 otwarcia bramy: styk bezpr\u0105dowy\/przeka\u017anik<\/p>\n<p>7. Materia\u0142 obudowy: stal nierdzewna 304<\/p>\n<p>8. Niezawodno\u015b\u0107 mechanizmu: 3 miliony, bez usterek<\/p>\n<p>9. Materia\u0142 ramienia: stal nierdzewna 304<\/p>\n<p><strong><a title=\"Ko\u0142owr\u00f3t statywowy Mairs z certyfikatem CE\" href=\"http:\/\/mairsturnstile.com\/wp-content\/uploads\/2022\/09\/Mairs-CE-Certificate-Tripod-Turnstile.pdf\" target=\"_blank\" rel=\"noopener noreferrer\">Certyfikat CE,<\/a> <a title=\"Certyfikat Mairs ISO9001\" href=\"http:\/\/mairsturnstile.com\/wp-content\/uploads\/2022\/09\/Mairs-Registration-Certificate-ISO9001.pdf\" target=\"_blank\" rel=\"noopener noreferrer\">Certyfikat ISO9001.<\/a><\/strong><\/p>\n","protected":false},"featured_media":20631,"comment_status":"closed","ping_status":"closed","template":"","meta":{"neve_meta_sidebar":"","neve_meta_container":"","neve_meta_enable_content_width":"off","neve_meta_content_width":0,"neve_meta_title_alignment":"","neve_meta_author_avatar":"","neve_post_elements_order":"","neve_meta_disable_header":"","neve_meta_disable_footer":"","neve_meta_disable_title":"","_ti_tpc_template_sync":false,"_ti_tpc_template_id":""},"product_cat":[2038,2034],"product_tag":[2055,2093,2060,2087],"class_list":["post-32977","product","type-product","status-publish","has-post-thumbnail","hentry","product_cat-kolowrotek-na-statywie","product_cat-kolowroty-bezpieczenstwa","product_tag-bramki-zabezpieczajace","product_tag-cena-kolowrotu-w-kenii","product_tag-ile-kosztuje-kolowrotek","product_tag-kolowrot-statywu"],"_links":{"self":[{"href":"https:\/\/mairsturnstile.com\/pl\/wp-json\/wp\/v2\/product\/32977","targetHints":{"allow":["GET"]}}],"collection":[{"href":"https:\/\/mairsturnstile.com\/pl\/wp-json\/wp\/v2\/product"}],"about":[{"href":"https:\/\/mairsturnstile.com\/pl\/wp-json\/wp\/v2\/types\/product"}],"replies":[{"embeddable":true,"href":"https:\/\/mairsturnstile.com\/pl\/wp-json\/wp\/v2\/comments?post=32977"}],"version-history":[{"count":0,"href":"https:\/\/mairsturnstile.com\/pl\/wp-json\/wp\/v2\/product\/32977\/revisions"}],"wp:featuredmedia":[{"embeddable":true,"href":"https:\/\/mairsturnstile.com\/pl\/wp-json\/wp\/v2\/media\/20631"}],"wp:attachment":[{"href":"https:\/\/mairsturnstile.com\/pl\/wp-json\/wp\/v2\/media?parent=32977"}],"wp:term":[{"taxonomy":"product_cat","embeddable":true,"href":"https:\/\/mairsturnstile.com\/pl\/wp-json\/wp\/v2\/product_cat?post=32977"},{"taxonomy":"product_tag","embeddable":true,"href":"https:\/\/mairsturnstile.com\/pl\/wp-json\/wp\/v2\/product_tag?post=32977"}],"curies":[{"name":"wp","href":"https:\/\/api.w.org\/{rel}","templated":true}]}}