{"id":33169,"date":"2022-02-17T19:22:11","date_gmt":"2022-02-17T11:22:11","guid":{"rendered":"https:\/\/mairsturnstile.com\/product\/dostosowany-kolowrotek-obrotowy-kolowrotek-lotniskowy-mt371l"},"modified":"2024-11-01T16:14:26","modified_gmt":"2024-11-01T08:14:26","slug":"bramka-lotniskowa","status":"publish","type":"product","link":"https:\/\/mairsturnstile.com\/pl\/produkt\/bramka-lotniskowa","title":{"rendered":"Dostosowany ko\u0142owrotek obrotowy ko\u0142owrotek lotniskowy MT371L"},"content":{"rendered":"<h4>Ten ko\u0142owrotek lotniskowy obj\u0119ty jest 2-letni\u0105 gwarancj\u0105 oraz trwa\u0142ym wsparciem w zakresie konserwacji i napraw.<\/h4>\n<p>Mo\u017cemy \u015bwiadczy\u0107 us\u0142ugi OEM i ODM. Mamy do\u015bwiadczonych projektant\u00f3w, kt\u00f3rzy s\u0105 w stanie dokona\u0107 g\u0142\u0119bokiej personalizacji wed\u0142ug Twoich potrzeb. W najszybszym mo\u017cliwym terminie udost\u0119pnimy szereg materia\u0142\u00f3w takich jak wizualizacje 3D, rysunki wymiarowe itp. Dostarczamy r\u00f3wnie\u017c urz\u0105dzenia biometryczne, takie jak czytniki kart IC\/ID, skanery linii papilarnych, skanery kod\u00f3w QR, kamery rozpoznaj\u0105ce twarz i tak dalej.<\/p>\n<p><strong>Bramka lotniskowa to rodzaj bramki obrotowej zarz\u0105dzaj\u0105cej kontrol\u0105 dost\u0119pu dla pieszych, kt\u00f3ra jest u\u017cywana przy wej\u015bciu i wyj\u015bciu z lotniska do kontroli pasa\u017cer\u00f3w wchodz\u0105cych i wychodz\u0105cych w po\u0142\u0105czeniu z systemem kontroli bilet\u00f3w lotniskowych.<\/strong><\/p>\n<p>Wyb\u00f3r bramki obrotowej na lotnisku: <a href=\"https:\/\/mairsturnstile.com\/category\/swing-turnstile-gate\">bramka obrotowa obrotowa<\/a>, <a href=\"https:\/\/mairsturnstile.com\/what-is-flap-barrier.html\">bramka z barier\u0105 klapow\u0105<\/a>, <a href=\"https:\/\/mairsturnstile.com\/speed-gates.html\">bramki pr\u0119dko\u015bci<\/a>, <a href=\"https:\/\/mairsturnstile.com\/product\/face-recognition-turnstile\">bramka obrotowa z rozpoznawaniem twarzy<\/a>.<\/p>\n<p>Dlaczego warto korzysta\u0107 z bramki obrotowej na lotnisku? Przep\u0142yw na lotnisku jest bardzo du\u017cy, opiera si\u0119 wy\u0142\u0105cznie na r\u0119cznym zarz\u0105dzaniu, co jest bardzo trudne, zw\u0142aszcza zarz\u0105dzanie wej\u015bciami i wyj\u015bciami. Je\u015bli na lotnisku zainstalowana zostanie inteligentna bramka obrotowa z kodem QR i bramka obrotowa z funkcj\u0105 rozpoznawania twarzy, mo\u017ce to nie tylko u\u0142atwi\u0107 zarz\u0105dzanie wej\u015bciami i wyj\u015bciami, ale tak\u017ce poprawi\u0107 poziom zarz\u0105dzania.<\/p>\n<p><span style=\"font-weight: 400;\"><span style=\"font-style: inherit; font-weight: inherit;\">Nasza bramka obrotowa ze <a href=\"https:\/\/en.wikipedia.org\/wiki\/Stainless_steel\" target=\"_blank\" rel=\"noopener\">stali nierdzewnej<\/a> SUS 304 zapewnia szeroki pas o szeroko\u015bci 1100 mm, aby pomie\u015bci\u0107 rowery, w\u00f3zki inwalidzkie, motocykle, w\u00f3zki, baga\u017c itp. <\/span><\/span><span style=\"font-style: inherit; font-weight: inherit;\">Wodoodporny ko\u0142owr\u00f3t obrotowy ze stali nierdzewnej SUS 304 do wej\u015bcia do mieszkania. Stosowany jest najcz\u0119\u015bciej przy bramach jednostek przedsi\u0119biorstw, obszar\u00f3w zak\u0142ad\u00f3w przemys\u0142owych i wysokiej klasy obszar\u00f3w mieszkalnych.<\/span><\/p>\n<p>Mo\u017cemy r\u00f3wnie\u017c w ci\u0105gu kilku minut stworzy\u0107 dla Ciebie rendering na podstawie Twojego rzeczywistego scenariusza. Zapewniamy r\u00f3wnie\u017c szczeg\u00f3\u0142owy uk\u0142ad i rysunki, a tak\u017ce rysunki instalacyjne.<\/p>\n<ul>\n<li>Bramka obrotowa lotniska o du\u017cej pr\u0119dko\u015bci ruchu, stosowana zwykle w lokalizacjach o du\u017cym nat\u0119\u017ceniu ruchu w ruchu dwukierunkowym.<\/li>\n<li>Obudowa wykonana jest ze stali nierdzewnej 304 o fakturze w\u0142osa, kt\u00f3ra tworzy jednolity i elegancki punkt dost\u0119pu pasuj\u0105cy do wi\u0119kszo\u015bci \u015brodowisk wewn\u0119trznych.<\/li>\n<li>Ten ko\u0142owrotek na lotnisku jest wyposa\u017cony w mi\u0119dzynarodowy standard RS485 i przeka\u017aniki, co czyni go szeroko kompatybilnym ze wszystkimi istniej\u0105cymi w bran\u017cy oprogramowaniem i prawie wszystkimi systemami kontroli dost\u0119pu, takimi jak systemy RFID, systemy kod\u00f3w kreskowych, systemy rozpoznawania twarzy, systemy odcisk\u00f3w palc\u00f3w itp.<\/li>\n<li>W sytuacji awaryjnej nale\u017cy odci\u0105\u0107 zasilanie, bramka obrotowa Slim otworzy si\u0119 automatycznie, umo\u017cliwiaj\u0105c swobodne przej\u015bcie, spe\u0142niaj\u0105ce wymogi bezpiecze\u0144stwa przeciwpo\u017carowego. Ale musi by\u0107 z bateri\u0105. Je\u015bli chodzi o eksport, bateria jest wra\u017cliwa, mo\u017cemy wymieni\u0107 kondensator<\/li>\n<li>Bramka lotniskowa nadaje si\u0119 do luksusowych i wysokiej klasy rozwi\u0105za\u0144 wej\u015bciowych.<\/li>\n<li>Ca\u0142y system dzia\u0142a p\u0142ynnie, przy niskim poziomie ha\u0142asu i du\u017cej pr\u0119dko\u015bci.<\/li>\n<li>Funkcja alarmu, je\u015bli nast\u0105pi nielegalne lub odwrotne w\u0142amanie, brama uruchomi alarm i drzwi zostan\u0105 zablokowane.<\/li>\n<li>\u0141\u0105cznie jest 5 par czujnik\u00f3w podczerwieni. Czujniki \u015brodkowe maj\u0105 zapobiega\u0107 przytrza\u015bni\u0119ciu pieszych.<\/li>\n<li>Funkcja zapobiegania ogonowaniu, jedna osoba mo\u017ce przej\u015b\u0107 w tym samym czasie. Je\u015bli kto\u015b b\u0119dzie pod\u0105\u017ca\u0142 za lud\u017ami z przodu, brama uruchomi alarm<\/li>\n<li>Wska\u017anik ledowy. Czerwony krzy\u017c i zielona strza\u0142ka. Na przednim s\u0142upku znajduj\u0105 si\u0119 r\u00f3wnie\u017c kierunkowskazy LED. Do ramion mo\u017cna doda\u0107 o\u015bwietlenie LED.<\/li>\n<li>Dost\u0119p dwukierunkowy zmniejsza potrzeb\u0119 stosowania wi\u0119kszej liczby bramek. Jest przystosowany do w\u00f3zk\u00f3w inwalidzkich i w\u00f3zk\u00f3w sklepowych, co zwi\u0119ksza wydajno\u015b\u0107 przejazdu.<\/li>\n<li>Funkcja automatycznego resetowania. Je\u015bli w zadanym czasie (domy\u015blnie jest to 5 sekund) osoby przesz\u0142y, system anuluje uprawnienia u\u017cytkownika i zamknie si\u0119 automatycznie.<\/li>\n<li>Przeciwuderzeniowa, zapobiegaj\u0105ca zaciskaniu, zewn\u0119trzna bramka obrotowa jest wyposa\u017cona w funkcj\u0119 bezszczotkow\u0105 podczas pracy, je\u015bli kto\u015b uderzy w rami\u0119, zewn\u0119trzna bramka obrotowa zostanie automatycznie zresetowana. Funkcja ta skutecznie zapobiega wpadaniu pieszych, zw\u0142aszcza dzieci, przycinaniu, uderzaniu itp.<\/li>\n<li>Rozmiar i grubo\u015b\u0107 materia\u0142u mo\u017cna dostosowa\u0107<\/li>\n<li>Materia\u0142 obudowy: stal nierdzewna 304<\/li>\n<li> Niezawodno\u015b\u0107 mechanizmu: 3 miliony-5 milion\u00f3w, bez usterek<\/li>\n<li>O\u015bwietlenie LED na ramionach jest opcjonalne<\/li>\n<li>Dioda LED na kredensie jest opcjonalna<\/li>\n<li>Grubo\u015b\u0107 ramienia wahad\u0142owego: 10 mm<\/li>\n<li>Kierunek pracy: dwukierunkowy\/jednokierunkowy<\/li>\n<li>Sytuacja awaryjna: otwiera si\u0119 automatycznie po odci\u0119ciu pr\u0105du za pomoc\u0105 kondensatora<\/li>\n<li>Wilgotno\u015b\u0107: \u226490%<\/li>\n<li>Temperatura pracy: -20 \u2103 ~ 60 \u2103<\/li>\n<li>Odleg\u0142o\u015b\u0107 komunikacyjna: \u22641200 m<\/li>\n<li>Interfejs komunikacyjny: RS485<\/li>\n<li>Funkcja: czytnik IC\/ID, czytnik kod\u00f3w kreskowych, rozpoznawanie twarzy, odcisk palca, inny sprz\u0119t kontroli dost\u0119pu, UPS itp<\/li>\n<li>Czas potrzebny na otwarcie: 0,2 s<\/li>\n<li>\u015arodowisko pracy: W pomieszczeniu<\/li>\n<li>Zakres zastosowania: spo\u0142eczno\u015b\u0107, fabryka, plac budowy, szko\u0142a, miejscowo\u015b\u0107 wypoczynkowa itp<\/li>\n<\/ul>\n<p>Mo\u017cemy zapewni\u0107 ca\u0142e rozwi\u0105zanie kontroli dost\u0119pu bezpiecze\u0144stwa. Je\u015bli posiadasz w\u0142asny system kontroli dost\u0119pu, mo\u017cesz bezpo\u015brednio skorzysta\u0107 z naszej bramki obrotowej. Je\u015bli go nie posiadasz, zapewniamy r\u00f3wnie\u017c kompletne rozwi\u0105zanie w zakresie kontroli dost\u0119pu. Aby uzyska\u0107 szczeg\u00f3\u0142owe informacje, zapoznaj si\u0119 z poni\u017cszym filmem.<\/p>\n<p><iframe title=\"Odtwarzacz wideo YouTube\" src=\"https:\/\/www.youtube.com\/embed\/rR_US2dIKU8?si=E0N9uSYd9J7L-F0r\" width=\"1150\" height=\"650\" frameborder=\"0\" allowfullscreen=\"allowfullscreen\"><span data-mce-type=\"bookmark\" style=\"display: inline-block; width: 0px; overflow: hidden; line-height: 0;\" class=\"mce_SELRES_start\"><\/span><\/iframe><\/p>\n","protected":false},"excerpt":{"rendered":"<p>1. Rozmiar: 2200 * 200 * 1440 mm (mo\u017cna dostosowa\u0107)<\/p>\n<p>2. Szeroko\u015b\u0107 pasa: 600 mm (standardowo)<\/p>\n<p>3. Materia\u0142 ramion: akryl<\/p>\n<p>4. Pr\u0119dko\u015b\u0107 przejazdu: 40 os.\/min<\/p>\n<p>5. Zasilanie: 110 V\/220 V 50\/60 Hz<\/p>\n<p>6. Silnik bezszczotkowy<\/p>\n<p>7. Sygna\u0142 otwarcia bramy: styk bezpr\u0105dowy\/przeka\u017anik<\/p>\n<p>8. Silnik nap\u0119dowy: 24 V<\/p>\n<p>9. Waga: 90 kg\/szt<\/p>\n<p><strong><a title=\"Brama obrotowa obrotowa z certyfikatem CE Mairs\" href=\"http:\/\/mairsturnstile.com\/wp-content\/uploads\/2022\/09\/Mairs-CE-Certificate-Swing-Turnstile-Gate.pdf\" target=\"_blank\" rel=\"noopener noreferrer\">Certyfikat CE,<\/a> <a title=\"Certyfikat Mairs ISO9001\" href=\"http:\/\/mairsturnstile.com\/wp-content\/uploads\/2022\/09\/Mairs-Registration-Certificate-ISO9001.pdf\" target=\"_blank\" rel=\"noopener noreferrer\">Certyfikat ISO9001.<\/a><\/strong><\/p>\n","protected":false},"featured_media":65820,"comment_status":"closed","ping_status":"closed","template":"","meta":{"neve_meta_sidebar":"","neve_meta_container":"","neve_meta_enable_content_width":"off","neve_meta_content_width":0,"neve_meta_title_alignment":"","neve_meta_author_avatar":"","neve_post_elements_order":"","neve_meta_disable_header":"","neve_meta_disable_footer":"","neve_meta_disable_title":"","_ti_tpc_template_sync":false,"_ti_tpc_template_id":""},"product_cat":[2037,2034],"product_tag":[2152,2045],"class_list":["post-33169","product","type-product","status-publish","has-post-thumbnail","hentry","product_cat-brama-obrotowa-obrotowa","product_cat-kolowroty-bezpieczenstwa","product_tag-bramka-lotniskowa","product_tag-kolowrot-obrotowy"],"_links":{"self":[{"href":"https:\/\/mairsturnstile.com\/pl\/wp-json\/wp\/v2\/product\/33169","targetHints":{"allow":["GET"]}}],"collection":[{"href":"https:\/\/mairsturnstile.com\/pl\/wp-json\/wp\/v2\/product"}],"about":[{"href":"https:\/\/mairsturnstile.com\/pl\/wp-json\/wp\/v2\/types\/product"}],"replies":[{"embeddable":true,"href":"https:\/\/mairsturnstile.com\/pl\/wp-json\/wp\/v2\/comments?post=33169"}],"version-history":[{"count":0,"href":"https:\/\/mairsturnstile.com\/pl\/wp-json\/wp\/v2\/product\/33169\/revisions"}],"wp:featuredmedia":[{"embeddable":true,"href":"https:\/\/mairsturnstile.com\/pl\/wp-json\/wp\/v2\/media\/65820"}],"wp:attachment":[{"href":"https:\/\/mairsturnstile.com\/pl\/wp-json\/wp\/v2\/media?parent=33169"}],"wp:term":[{"taxonomy":"product_cat","embeddable":true,"href":"https:\/\/mairsturnstile.com\/pl\/wp-json\/wp\/v2\/product_cat?post=33169"},{"taxonomy":"product_tag","embeddable":true,"href":"https:\/\/mairsturnstile.com\/pl\/wp-json\/wp\/v2\/product_tag?post=33169"}],"curies":[{"name":"wp","href":"https:\/\/api.w.org\/{rel}","templated":true}]}}