{"id":33170,"date":"2022-02-17T18:25:21","date_gmt":"2022-02-17T10:25:21","guid":{"rendered":"https:\/\/mairsturnstile.com\/product\/bramki-obrotowe-ze-stopu-aluminium-mt-l363"},"modified":"2022-02-17T18:25:21","modified_gmt":"2022-02-17T10:25:21","slug":"kolowroty-bezpieczenstwa","status":"publish","type":"product","link":"https:\/\/mairsturnstile.com\/pl\/produkt\/kolowroty-bezpieczenstwa","title":{"rendered":"Bramki obrotowe ze stopu aluminium MT-L363"},"content":{"rendered":"<p><iframe title=\"Odtwarzacz wideo YouTube\" src=\"https:\/\/www.youtube.com\/embed\/9pBxTPosnpw\" width=\"920\" height=\"517\" frameborder=\"0\" allowfullscreen=\"allowfullscreen\"><span data-mce-type=\"bookmark\" style=\"display: inline-block; width: 0px; overflow: hidden; line-height: 0;\" class=\"mce_SELRES_start\"><\/span><\/iframe><\/p>\n<h4><strong>Bramy obrotowe ze stopu aluminium obj\u0119te s\u0105 2-letni\u0105 gwarancj\u0105 i trwa\u0142ym wsparciem w zakresie konserwacji i napraw. <\/strong><\/h4>\n<p>Mo\u017cemy \u015bwiadczy\u0107 us\u0142ugi OEM i ODM. Dostarczamy r\u00f3wnie\u017c urz\u0105dzenia biometryczne, takie jak czytniki kart IC\/ID, skanery linii papilarnych, skanery kod\u00f3w QR, kamery rozpoznaj\u0105ce twarz i tak dalej. Je\u015bli potrzebuj\u0105 Pa\u0144stwo zintegrowa\u0107 te urz\u0105dzenia z bramk\u0105 obrotow\u0105 w holu lub maj\u0105 Pa\u0144stwo jakiekolwiek pytania, prosimy <a href=\"https:\/\/mairsturnstile.com\/contact\">o kontakt<\/a>.<\/p>\n<p><strong>Ko\u0142owroty bezpiecze\u0144stwa to rodzaj sprz\u0119tu do <a href=\"https:\/\/en.wikipedia.org\/wiki\/Access_control\" target=\"_blank\" rel=\"noopener\">kontroli dost\u0119pu<\/a> dla pieszych, kt\u00f3ry jest szeroko stosowany w miejscach, w kt\u00f3rych nale\u017cy kontrolowa\u0107 wej\u015bcie i wyj\u015bcie personelu. Wyposa\u017cenie ko\u0142owrot\u00f3w bezpiecze\u0144stwa znacznie poprawia bezpiecze\u0144stwo przej\u015bcia pieszych i \u015brodowiska oraz zwi\u0119ksza poczucie bezpiecze\u0144stwa pieszych.<\/strong><\/p>\n<p>G\u0142\u00f3wn\u0105 funkcj\u0105 ko\u0142owrot\u00f3w bezpiecze\u0144stwa jest zapewnienie uporz\u0105dkowanego przep\u0142ywu pieszych przez przej\u015bcie, tak aby zapewni\u0107 bezpiecze\u0144stwo pieszych i \u015brodowiska.<\/p>\n<p>Ko\u0142owroty bezpiecze\u0144stwa s\u0105 zwykle podzielone na <a href=\"https:\/\/mairsturnstile.com\/category\/tripod-turnstile\">ko\u0142owr\u00f3t statywowy<\/a>, <a href=\"https:\/\/mairsturnstile.com\/swing-turnstile-gate.html\">ko\u0142owr\u00f3t wahad\u0142owy<\/a>, <a href=\"https:\/\/mairsturnstile.com\/what-is-flap-barrier.html\">ko\u0142owr\u00f3t z barier\u0105 klapow\u0105<\/a>, <a href=\"https:\/\/mairsturnstile.com\/full-height-turnstiles.html\">ko\u0142owr\u00f3t o pe\u0142nej wysoko\u015bci<\/a>, ko\u0142owr\u00f3t <a href=\"https:\/\/mairsturnstile.com\/product\/sliding-turnstile\">przesuwny<\/a>, <a href=\"https:\/\/mairsturnstile.com\/speed-gates.html\">bramki pr\u0119dko\u015bci<\/a>, je\u015bli chc\u0105 Pa\u0144stwo sprawdzi\u0107 wi\u0119cej szczeg\u00f3\u0142\u00f3w, prosimy zapozna\u0107 si\u0119 z naszym artyku\u0142em: <a href=\"https:\/\/mairsturnstile.com\/types-of-turnstiles.html\">rodzaje ko\u0142owrot\u00f3w<\/a>.<\/p>\n<p>Bramki obrotowe zabezpieczaj\u0105ce Speed Gates MT-L363 to tak\u017ce rodzaj bramki Speed. Bramy pr\u0119dko\u015bci s\u0105 rodzajem bramki obrotowej kontroli dost\u0119pu dla pieszych, kt\u00f3ra ma wi\u0119ksz\u0105 pr\u0119dko\u015b\u0107 ruchu, pr\u0119dko\u015b\u0107 jazdy, dok\u0142adniejsz\u0105 funkcj\u0119 pozycjonowania i bardziej stabiln\u0105 prac\u0119 ni\u017c bramka obrotowa. Mo\u017cna go uzna\u0107 za ulepszony produkt bramki obrotowej. Bramy szybkiego ruchu wykorzystuj\u0105 lepszy zintegrowany mechanizm bezszczotkowego pr\u0105du sta\u0142ego lub serwomotoru. Jest to wysoce inteligentny sprz\u0119t do zarz\u0105dzania kontrol\u0105 dost\u0119pu pieszych, kt\u00f3ry mo\u017ce w pe\u0142ni wykry\u0107 przej\u015bcie ludzkiego cia\u0142a, dzi\u0119ki czemu jest bezpieczny, niezawodny, szybki i wydajny.<\/p>\n<p>Bramka zabezpieczaj\u0105ca Speed Gate ma wysok\u0105 wydajno\u015b\u0107 kosztow\u0105. Szeroko stosowany w ekskluzywnych okazjach komercyjnych, lobby budynk\u00f3w, dworc\u00f3w kolejowych, stacji metra, malowniczych miejsc itp.<\/p>\n<p>Bramka zabezpieczaj\u0105ca Speed Gate ma szybk\u0105 reakcj\u0119, super wyciszenie, modny wygl\u0105d, zapobieganie kolizjom, automatyczne resetowanie, funkcj\u0119 pami\u0119ci, zdalne sterowanie, funkcj\u0119 komunikat\u00f3w g\u0142osowych itp.<\/p>\n<p>Ten ko\u0142owrotek do bramek szybkiego ruchu mo\u017ce by\u0107 kompatybilny z kartami IC, kartami identyfikacyjnymi, kartami z kodami kreskowymi, czytnikami kart linii papilarnych, kamerami do rozpoznawania twarzy i innymi urz\u0105dzeniami biometrycznymi, zapewniaj\u0105c cywilizowany i uporz\u0105dkowany dost\u0119p dla personelu; Efektywne zarz\u0105dzanie prawami dost\u0119pu pracownik\u00f3w. Mo\u017ce by\u0107 szeroko stosowany w lobby budynk\u00f3w, stacji, nabrze\u017cy, metra, fabryk, biurowc\u00f3w, hoteli, klub\u00f3w, inteligentnych spo\u0142eczno\u015bci, przedsi\u0119biorstw i innych miejsc wymagaj\u0105cych inteligentnego zarz\u0105dzania kontrol\u0105 dost\u0119pu.<\/p>\n<h4><strong>Parametr techniczny:<\/strong><\/h4>\n<p>Rozmiar i grubo\u015b\u0107 materia\u0142u mo\u017cna dostosowa\u0107<\/p>\n<p>Materia\u0142 obudowy: Blacha walcowana na zimno i stop aluminium;<\/p>\n<p>Aluminum alloy can be oxidized into various colors<\/p>\n<p>Niezawodno\u015b\u0107 mechanizmu: 3 miliony-5 milion\u00f3w, bez usterek<\/p>\n<p>Kierunek pracy: dwukierunkowy\/jednokierunkowy<\/p>\n<p>Sytuacja awaryjna: otwiera si\u0119 automatycznie po odci\u0119ciu pr\u0105du za pomoc\u0105 kondensatora<\/p>\n<p>Wilgotno\u015b\u0107: \u226490% Brak kondensacji<\/p>\n<p>Temperatura pracy: -25 \u2103 ~ 70 \u2103<\/p>\n<p>Odleg\u0142o\u015b\u0107 komunikacyjna: \u22641200 m<\/p>\n<p>Interfejs komunikacyjny: RS485<\/p>\n<p>Funkcja: czytnik IC\/ID, czytnik kod\u00f3w kreskowych, rozpoznawanie twarzy, odcisk palca, inny sprz\u0119t kontroli dost\u0119pu, UPS itp<\/p>\n<p>Czas potrzebny na otwarcie: 0,2 s<\/p>\n<p>\u015arodowisko pracy: W pomieszczeniu<\/p>\n<p>Application range: Community, Office Building, School, Place of the resort, etc<\/p>\n<p><img fetchpriority=\"high\" decoding=\"async\" class=\"alignnone size-full wp-image-5655\" src=\"http:\/\/mairsturnstile.com\/wp-content\/uploads\/2022\/05\/speed-gates-turnstile-dimension-L363.jpg\" alt=\"\" width=\"1024\" height=\"913\" title=\"\"><img decoding=\"async\" class=\"alignnone size-full wp-image-5716\" src=\"http:\/\/mairsturnstile.com\/wp-content\/uploads\/2022\/05\/speed-gates-cases.jpg\" alt=\"\" width=\"1024\" height=\"1100\" title=\"\"><img decoding=\"async\" class=\"alignnone size-full wp-image-5625\" src=\"http:\/\/mairsturnstile.com\/wp-content\/uploads\/2022\/05\/turnstile-gate-access-control-system.png\" alt=\"system kontroli dost\u0119pu do bramki obrotowej\" width=\"1024\" height=\"900\" title=\"\"><img loading=\"lazy\" decoding=\"async\" class=\"alignnone size-full wp-image-5617\" src=\"http:\/\/mairsturnstile.com\/wp-content\/uploads\/2022\/05\/packing-of-turnstile-gate.jpg\" alt=\"pakiet bramki obrotowej\" width=\"1024\" height=\"900\" title=\"\"><\/p>\n","protected":false},"excerpt":{"rendered":"<p>1. Rozmiar: 1500 * 120 * 1000 mm (mo\u017cna dostosowa\u0107)<\/p>\n<p>2. Szeroko\u015b\u0107 pasa: 600 mm (standard) 1000 mm (maks.)<\/p>\n<p>3. Materia\u0142 ramienia: akryl 10 mm<\/p>\n<p>4. Pr\u0119dko\u015b\u0107 przejazdu: 40 os.\/min<\/p>\n<p>5. Zasilanie: 110 V\/220 V 50\/60 Hz<\/p>\n<p>6. Mechanizm: Silnik bezszczotkowy<\/p>\n<p>7. Sygna\u0142 otwarcia bramy: styk bezpr\u0105dowy 12 V<\/p>\n<p>8. Silnik nap\u0119dowy: 24 V<\/p>\n<p>9. Waga: 90 kg\/szt<\/p>\n<p><span style=\"color: #0000ff;\"><strong><a style=\"color: #0000ff;\" title=\"Bramka obrotowa z certyfikatem CE Mairs\" href=\"http:\/\/mairsturnstile.com\/wp-content\/uploads\/2022\/09\/Mairs-CE-Certificate-Speed-Gate-Turnstile.pdf\" target=\"_blank\" rel=\"noopener noreferrer\">Certyfikat CE,<\/a> <a style=\"color: #0000ff;\" title=\"Certyfikat Mairs ISO9001\" href=\"http:\/\/mairsturnstile.com\/wp-content\/uploads\/2022\/09\/Mairs-Registration-Certificate-ISO9001.pdf\" target=\"_blank\" rel=\"noopener noreferrer\">Certyfikat ISO9001.<\/a><\/strong><\/span><\/p>\n","protected":false},"featured_media":59464,"comment_status":"closed","ping_status":"closed","template":"","meta":{"neve_meta_sidebar":"","neve_meta_container":"","neve_meta_enable_content_width":"off","neve_meta_content_width":0,"neve_meta_title_alignment":"","neve_meta_author_avatar":"","neve_post_elements_order":"","neve_meta_disable_header":"","neve_meta_disable_footer":"","neve_meta_disable_title":"","_ti_tpc_template_sync":false,"_ti_tpc_template_id":""},"product_cat":[2036,2034],"product_tag":[2041,2153,2042,2079,2055],"class_list":["post-33170","product","type-product","status-publish","has-post-thumbnail","hentry","product_cat-bramki-predkosci","product_cat-kolowroty-bezpieczenstwa","product_tag-bramka-obrotowa","product_tag-bramka-zabezpieczajaca","product_tag-bramki-predkosci","product_tag-bramki-wejsciowe-kolowrotu","product_tag-bramki-zabezpieczajace"],"_links":{"self":[{"href":"https:\/\/mairsturnstile.com\/pl\/wp-json\/wp\/v2\/product\/33170","targetHints":{"allow":["GET"]}}],"collection":[{"href":"https:\/\/mairsturnstile.com\/pl\/wp-json\/wp\/v2\/product"}],"about":[{"href":"https:\/\/mairsturnstile.com\/pl\/wp-json\/wp\/v2\/types\/product"}],"replies":[{"embeddable":true,"href":"https:\/\/mairsturnstile.com\/pl\/wp-json\/wp\/v2\/comments?post=33170"}],"version-history":[{"count":0,"href":"https:\/\/mairsturnstile.com\/pl\/wp-json\/wp\/v2\/product\/33170\/revisions"}],"wp:featuredmedia":[{"embeddable":true,"href":"https:\/\/mairsturnstile.com\/pl\/wp-json\/wp\/v2\/media\/59464"}],"wp:attachment":[{"href":"https:\/\/mairsturnstile.com\/pl\/wp-json\/wp\/v2\/media?parent=33170"}],"wp:term":[{"taxonomy":"product_cat","embeddable":true,"href":"https:\/\/mairsturnstile.com\/pl\/wp-json\/wp\/v2\/product_cat?post=33170"},{"taxonomy":"product_tag","embeddable":true,"href":"https:\/\/mairsturnstile.com\/pl\/wp-json\/wp\/v2\/product_tag?post=33170"}],"curies":[{"name":"wp","href":"https:\/\/api.w.org\/{rel}","templated":true}]}}