{"id":33171,"date":"2022-01-06T18:03:48","date_gmt":"2022-01-06T10:03:48","guid":{"rendered":"https:\/\/mairsturnstile.com\/product\/bramka-obrotowa-o-wysokim-poziomie-bezpieczenstwa-mt405"},"modified":"2023-11-02T11:48:33","modified_gmt":"2023-11-02T03:48:33","slug":"kolowrot-calego-ciala","status":"publish","type":"product","link":"https:\/\/mairsturnstile.com\/pl\/produkt\/kolowrot-calego-ciala","title":{"rendered":"Bramka obrotowa o wysokim poziomie bezpiecze\u0144stwa, MT405"},"content":{"rendered":"        <!-- 3D Model html -->\r\n        <div class=\"bp_grand wrapper_19988\">   \r\n        <div class=\"bp_model_parent\">\r\n            <model-viewer class=\"model\" id=\"bp_model_id_19988\" src=\"http:\/\/mairsturnstile.com\/wp-content\/uploads\/2023\/06\/MT405.glb\" alt=\"MT405\" camera-controls  loading=\"auto\" auto-rotate                        >\r\n            <\/model-viewer>\r\n        \r\n            <!-- Button -->\r\n            <svg id=\"openBtn\" width=\"30px\" height=\"30px\" viewBox=\"0 0 16 16\" xmlns=\"http:\/\/www.w3.org\/2000\/svg\" fill=\"#f2f2f2\" class=\"bi bi-arrows-fullscreen model-icon\">\r\n                <path fill-rule=\"evenodd\" d=\"M5.828 10.172a.5.5 0 0 0-.707 0l-4.096 4.096V11.5a.5.5 0 0 0-1 0v3.975a.5.5 0 0 0 .5.5H4.5a.5.5 0 0 0 0-1H1.732l4.096-4.096a.5.5 0 0 0 0-.707zm4.344 0a.5.5 0 0 1 .707 0l4.096 4.096V11.5a.5.5 0 1 1 1 0v3.975a.5.5 0 0 1-.5.5H11.5a.5.5 0 0 1 0-1h2.768l-4.096-4.096a.5.5 0 0 1 0-.707zm0-4.344a.5.5 0 0 0 .707 0l4.096-4.096V4.5a.5.5 0 1 0 1 0V.525a.5.5 0 0 0-.5-.5H11.5a.5.5 0 0 0 0 1h2.768l-4.096 4.096a.5.5 0 0 0 0 .707zm-4.344 0a.5.5 0 0 1-.707 0L1.025 1.732V4.5a.5.5 0 0 1-1 0V.525a.5.5 0 0 1 .5-.5H4.5a.5.5 0 0 1 0 1H1.732l4.096 4.096a.5.5 0 0 1 0 .707z\"\/>\r\n            <\/svg>\r\n        \r\n            <svg id=\"closeBtn\" class=\"model-icon\" width=\"34px\" height=\"34px\" viewBox=\"0 0 24 24\" xmlns=\"http:\/\/www.w3.org\/2000\/svg\">\r\n                <path fill=\"none\" stroke=\"#f2f2f2\" stroke-width=\"2\" d=\"M7,7 L17,17 M7,17 L17,7\"\/>\r\n            <\/svg>\r\n        \r\n        <\/div>\r\n        <\/div> \r\n\r\n        <!-- Model Viewer Style -->\r\n        <style>\r\n            \r\n            .wrapper_19988 .bp_model_parent, #bp_model_id_19988 {\r\n                width: 1150px;\r\n                max-width: 100%;\r\n                                            }\r\n            #bp_model_id_19988 {\r\n                height:700px;\r\n                background-color: #f2f2f2;\r\n            }\r\n            .fullscreen #bp_model_id_19988{\r\n            height: 100%;\r\n            width: 100%;\r\n            }\r\n            .wrapper_19988 .bp_model_parent{\r\n                justify-content: start            }\r\n            model-viewer.model {\r\n                --poster-color: transparent;\r\n            }\r\n        <\/style>\r\n        \r\n        \n<h3>Ko\u0142owr\u00f3t o wysokim poziomie bezpiecze\u0144stwa Okr\u0105g\u0142y ko\u0142owr\u00f3t o wysokim poziomie bezpiecze\u0144stwa i pe\u0142nej wysoko\u015bci obj\u0119ty jest 2-letni\u0105 gwarancj\u0105 oraz trwa\u0142ym wsparciem w zakresie konserwacji i napraw.<\/h3>\n<p>Mo\u017cemy \u015bwiadczy\u0107 us\u0142ugi OEM i ODM. Mamy do\u015bwiadczonych projektant\u00f3w, kt\u00f3rzy s\u0105 w stanie dokona\u0107 g\u0142\u0119bokiej personalizacji wed\u0142ug Twoich potrzeb. W najszybszym mo\u017cliwym terminie udost\u0119pnimy szereg materia\u0142\u00f3w takich jak wizualizacje 3D, rysunki wymiarowe itp. Dostarczamy r\u00f3wnie\u017c urz\u0105dzenia biometryczne, takie jak czytniki kart IC\/ID, skanery linii papilarnych, skanery <a href=\"https:\/\/en.wikipedia.org\/wiki\/QR_code\" target=\"_blank\" rel=\"noopener\">kod\u00f3w QR<\/a>, kamery rozpoznaj\u0105ce twarz i tak dalej. Je\u015bli chcesz zintegrowa\u0107 te urz\u0105dzenia z bramk\u0105 obrotow\u0105 o pe\u0142nej wysoko\u015bci lub masz jakiekolwiek pytania, skontaktuj <a href=\"https:\/\/mairsturnstile.com\/contact\">si\u0119 z nami<\/a><\/p>\n<p><strong>Bramka obrotowa z pe\u0142nym korpusem to rodzaj bramki obrotowej z pr\u0119tem blokuj\u0105cym o pe\u0142nym rozmiarze i wysoko\u015bci, kt\u00f3ra ma najsilniejsze dzia\u0142anie zabezpieczaj\u0105ce.<\/strong> W zale\u017cno\u015bci od wysoko\u015bci korpusu blokuj\u0105cego, istnieje jeszcze jedna <a href=\"https:\/\/mairsturnstile.com\/product\/half-height-turnstile\">bramka obrotowa o po\u0142owie wysoko\u015bci<\/a>.<\/p>\n<p>Ten ko\u0142owrotek na ca\u0142e cia\u0142o jest pi\u0119kny i trwa\u0142y jako ca\u0142o\u015b\u0107. Po ci\u0105gnieniu drutu nie jest \u0142atwo rdzewie\u0107. Generally, 20-35 people can pass through one minute at a time, and 60 people can pass through one minute in case of evacuation. Interfejs komunikacyjny obs\u0142uguje RS485 \/ RS232; Interfejs TCP \/ IP (konfigurowalny).<\/p>\n<p>W por\u00f3wnaniu z wewn\u0119trzn\u0105 <a href=\"https:\/\/mairsturnstile.com\/category\/swing-turnstile-gate\">obrotow\u0105 bramk\u0105<\/a> obrotow\u0105, <a href=\"https:\/\/mairsturnstile.com\/what-is-flap-barrier.html\">klapow\u0105 bramk\u0105 barierow\u0105<\/a> i innymi urz\u0105dzeniami obrotowymi, ta pe\u0142na bramka obrotowa u\u017cywana w \u015brodowisku zewn\u0119trznym ma ogromne zalety pod wzgl\u0119dem wygl\u0105du i funkcji.<\/p>\n<p>Ko\u0142owr\u00f3t o pe\u0142nej wysoko\u015bci mo\u017ce uniemo\u017cliwi\u0107 nieautoryzowanemu personelowi wej\u015bcie przez system przesuwania karty lub rozpoznawania twarzy, a tak\u017ce mo\u017ce uniemo\u017cliwi\u0107 nieautoryzowanemu personelowi wiercenie i wspinanie si\u0119.<\/p>\n<p>W ten spos\u00f3b mo\u017ce wzmocni\u0107 zarz\u0105dzanie bezpiecze\u0144stwem wsp\u00f3lnoty mieszkaniowej, aby zapewni\u0107 bezpiecze\u0144stwo \u015brodowiska i personelu spo\u0142eczno\u015bci<\/p>\n<p>Mo\u017cemy r\u00f3wnie\u017c w ci\u0105gu kilku minut stworzy\u0107 dla Ciebie rendering na podstawie Twojego rzeczywistego scenariusza. Zapewniamy r\u00f3wnie\u017c szczeg\u00f3\u0142owy uk\u0142ad i rysunki, a tak\u017ce rysunki instalacyjne.<\/p>\n\n        \t\n\t<style type=\"text\/css\">\n\t\t.slider-info-21845.bafg-slider-info .bafg-slider-title {\n\t\t\t\t\t\tfont-size: 22px;\n\t\t\t\t\t\t\n\t\t\t\n\t\t\t\t\t}\n\n\t\t.slider-info-21845.bafg-slider-info .bafg-slider-description {\n\t\t\t\n\t\t\t\n\t\t\t\t\t}\n\n\t\t.slider-info-21845.bafg-slider-info .bafg_slider_readmore_button {\n\t\t\t\n\t\t\t\n\t\t\t\n\t\t\t\n\t\t\t\n\t\t\ttext-align: center;\n\n\t\t\t\n\t\t\t\n\t\t\t\n\t\t\t\n\t\t\t\n\t\t\t\n\t\t\t\t\t}\n\n\t\t.slider-info-21845.bafg-slider-info .bafg_slider_readmore_button:hover {\n\n\t\t\t\n\t\t\t\n\t\t\t\t\t}\n\n\t<\/style>\n\t\n        <div class=\"bafg-twentytwenty-container slider-21845 \" bafg-orientation=\"horizontal\" bafg-default-offset=\"0.5\" bafg-before-label=\"Before\" bafg-after-label=\"After\" bafg-overlay=\"yes\" bafg-move-slider-on-hover=\"yes\" bafg-click-to-move=\"no\">\n              \n            <img decoding=\"async\" class=\"skip-lazy\" src=\"http:\/\/mairsturnstile.com\/wp-content\/uploads\/2023\/06\/full-height-turnstiles_7.jpg\" alt=\"\" data-skip-lazy title=\"\">\n            <img decoding=\"async\" class=\"skip-lazy\" src=\"http:\/\/mairsturnstile.com\/wp-content\/uploads\/2023\/06\/full-body-turnstile.jpg\" alt=\"\" data-skip-lazy title=\"\">\n           \n        <\/div>\n\n        \t<div class=\"bafg-slider-info-wraper\">\n\t\t<div style=\"\" class=\"slider-info-21845 bafg-slider-info\">\n\t\t\t\t\t<\/div>\n\t<\/div>\n\t\n        <style type=\"text\/css\">\n            \n        <\/style>\n        \n<p>Niezawodno\u015b\u0107 mechanizmu: 5 milion\u00f3w, bez usterek<br \/>\nMechanizm z amortyzatorem hydraulicznym do amortyzacji<br \/>\nNap\u0119d: P\u00f3\u0142automatyczny<br \/>\nD\u0142ugo\u015b\u0107 ramienia: 600 mm<br \/>\nKierunek obrotu: Dwukierunkowy<br \/>\nSytuacja awaryjna: W przypadku sytuacji awaryjnej lub od\u0142\u0105czenia zasilania, drzwi obrotowe mo\u017cna skonfigurowa\u0107 w trybie Fail-Safe, tj. obracaj\u0105 si\u0119 swobodnie lub w trybie Fail-Lock<br \/>\nWilgotno\u015b\u0107: \u226495%<\/p>\n<p>Temperatura pracy: -25 \u2103 ~ 60 \u2103<br \/>\nFunkcja opcjonalna: czytnik IC\/ID, czytnik kod\u00f3w kreskowych, rozpoznawanie twarzy, odcisk palca, inny sprz\u0119t kontroli dost\u0119pu, UPS itp.<br \/>\nOdleg\u0142o\u015b\u0107 komunikacyjna: \u22641200 m<br \/>\nInterfejs komunikacyjny: RS485<br \/>\nCzas potrzebny na otwarcie: 0,2 s<br \/>\n\u015arodowisko pracy: Wewn\u0105trz lub na zewn\u0105trz<br \/>\nZapobieganie otwieraniu si\u0119 ty\u0142u: ko\u0142owrotek pozostanie w zamku, gdy jest otwarty pod k\u0105tem oko\u0142o 60 stopni (3 ramiona) lub 45 stopni (4 ramiona), wi\u0119c brama nie mo\u017ce dzia\u0142a\u0107 w odwrotnym kierunku, aby zapobiec otwieraniu ty\u0142u<br \/>\nZakres zastosowania: spo\u0142eczno\u015b\u0107, fabryka, plac budowy, szko\u0142a, miejscowo\u015b\u0107 wypoczynkowa itp<\/p>\n<p>Mo\u017cemy zapewni\u0107 ca\u0142e rozwi\u0105zanie kontroli dost\u0119pu bezpiecze\u0144stwa. Je\u015bli posiadasz w\u0142asny system kontroli dost\u0119pu, mo\u017cesz bezpo\u015brednio skorzysta\u0107 z naszej bramki obrotowej. If you don&#8217;t have one, we also provide a complete security access control solution. Aby uzyska\u0107 szczeg\u00f3\u0142owe informacje, zapoznaj si\u0119 z poni\u017cszym filmem.<\/p>\n<p><iframe title=\"Odtwarzacz wideo YouTube\" src=\"https:\/\/www.youtube.com\/embed\/zrBojatLOdc\" width=\"1150\" height=\"650\" frameborder=\"0\" allowfullscreen=\"allowfullscreen\"><\/iframe><\/p>\n","protected":false},"excerpt":{"rendered":"<p>1. Rozmiar: 1500 * 1500 * 2200 mm (mo\u017cna dostosowa\u0107)<\/p>\n<p>2. Szeroko\u015b\u0107 pasa: oko\u0142o 650 mm (mo\u017cna dostosowa\u0107)<\/p>\n<p>3. Pr\u0119dko\u015b\u0107 przejazdu: 30 os.\/min<\/p>\n<p>4. Zasilanie: 110 V\/220 V 50\/60 Hz<\/p>\n<p>5. Elektrozaw\u00f3r: DC24V<\/p>\n<p>6. Sygna\u0142 otwarcia bramy: styk bezpr\u0105dowy\/przeka\u017anik<\/p>\n<p>7. Napi\u0119cie logiczne: DC24V<\/p>\n<p>8. Materia\u0142 obudowy: stal nierdzewna 304 lub stal nierdzewna 316<\/p>\n<p>9. Kierunek obrotu: dwukierunkowy<\/p>\n<p><strong><a title=\"Ko\u0142owr\u00f3t o pe\u0142nej wysoko\u015bci z certyfikatem CE Mairs\" href=\"http:\/\/mairsturnstile.com\/wp-content\/uploads\/2022\/09\/Mairs-CE-Certificate-Full-Height-Turnstile.pdf\" target=\"_blank\" rel=\"noopener noreferrer\">Certyfikat CE,<\/a> <a title=\"Certyfikat Mairs ISO9001\" href=\"http:\/\/mairsturnstile.com\/wp-content\/uploads\/2022\/09\/Mairs-Registration-Certificate-ISO9001.pdf\" target=\"_blank\" rel=\"noopener noreferrer\">Certyfikat ISO9001.<\/a><\/strong><\/p>\n<p><a title=\"Broszura dotycz\u0105ca ko\u0142owrotk\u00f3w ca\u0142ego cia\u0142a\" href=\"http:\/\/mairsturnstile.com\/wp-content\/uploads\/2022\/09\/MT405-Full-Body-Turnstile-Brochure.pdf\" target=\"_blank\" rel=\"noopener noreferrer\"><img decoding=\"async\" class=\"alignnone size-full wp-image-11034\" src=\"http:\/\/mairsturnstile.com\/wp-content\/uploads\/2022\/09\/pdf-MairsTurnstile.png\" alt=\"\" width=\"32\" height=\"32\"><span style=\"color: #0000ff;\"><strong>Broszura dotycz\u0105ca ko\u0142owrotu MT405 ca\u0142ego cia\u0142a<\/strong><\/span><\/a><\/p>\n<p><a title=\"Instrukcja monta\u017cu ko\u0142owrotu o pe\u0142nej wysoko\u015bci\" href=\"http:\/\/mairsturnstile.com\/wp-content\/uploads\/2023\/09\/Full-height-turnstile-installation-manual.pdf\" target=\"_blank\" rel=\"noopener noreferrer\"><img decoding=\"async\" class=\"alignnone size-full wp-image-11034\" src=\"http:\/\/mairsturnstile.com\/wp-content\/uploads\/2022\/09\/pdf-MairsTurnstile.png\" alt=\"\" width=\"32\" height=\"32\"><strong><span style=\"color: #0000ff;\"> Instrukcja obs\u0142ugi i instalacji ko\u0142owrotu o pe\u0142nej wysoko\u015bci<\/span><\/strong><\/a><\/p>\n","protected":false},"featured_media":18300,"comment_status":"closed","ping_status":"closed","template":"","meta":{"neve_meta_sidebar":"","neve_meta_container":"","neve_meta_enable_content_width":"off","neve_meta_content_width":0,"neve_meta_title_alignment":"","neve_meta_author_avatar":"","neve_post_elements_order":"","neve_meta_disable_header":"","neve_meta_disable_footer":"","neve_meta_disable_title":"","_ti_tpc_template_sync":false,"_ti_tpc_template_id":""},"product_cat":[2031],"product_tag":[2154,2156,2155,2064,2084,2157],"class_list":["post-33171","product","type-product","status-publish","has-post-thumbnail","hentry","product_cat-kolowroty-o-pelnej-wysokosci","product_tag-brama-obrotowa-o-pelnej-wysokosci-w-chinach","product_tag-kolowrot-calego-ciala","product_tag-kolowrot-pelnej-wysokosci-z-czytnikiem-kart","product_tag-kolowrotek-lub-kolowrotek","product_tag-kolowroty-o-pelnej-wysokosci","product_tag-rozwiazanie-zabezpieczajace-kolowrot"],"_links":{"self":[{"href":"https:\/\/mairsturnstile.com\/pl\/wp-json\/wp\/v2\/product\/33171","targetHints":{"allow":["GET"]}}],"collection":[{"href":"https:\/\/mairsturnstile.com\/pl\/wp-json\/wp\/v2\/product"}],"about":[{"href":"https:\/\/mairsturnstile.com\/pl\/wp-json\/wp\/v2\/types\/product"}],"replies":[{"embeddable":true,"href":"https:\/\/mairsturnstile.com\/pl\/wp-json\/wp\/v2\/comments?post=33171"}],"version-history":[{"count":0,"href":"https:\/\/mairsturnstile.com\/pl\/wp-json\/wp\/v2\/product\/33171\/revisions"}],"wp:featuredmedia":[{"embeddable":true,"href":"https:\/\/mairsturnstile.com\/pl\/wp-json\/wp\/v2\/media\/18300"}],"wp:attachment":[{"href":"https:\/\/mairsturnstile.com\/pl\/wp-json\/wp\/v2\/media?parent=33171"}],"wp:term":[{"taxonomy":"product_cat","embeddable":true,"href":"https:\/\/mairsturnstile.com\/pl\/wp-json\/wp\/v2\/product_cat?post=33171"},{"taxonomy":"product_tag","embeddable":true,"href":"https:\/\/mairsturnstile.com\/pl\/wp-json\/wp\/v2\/product_tag?post=33171"}],"curies":[{"name":"wp","href":"https:\/\/api.w.org\/{rel}","templated":true}]}}