{"id":33173,"date":"2021-11-25T18:20:16","date_gmt":"2021-11-25T10:20:16","guid":{"rendered":"https:\/\/mairsturnstile.com\/product\/kolowrotek-wejsciowy-do-supermarketu-kolowrotek-obrotowy-mt313"},"modified":"2025-04-07T17:49:15","modified_gmt":"2025-04-07T09:49:15","slug":"kolowrot-wejsciowy-do-supermarketu","status":"publish","type":"product","link":"https:\/\/mairsturnstile.com\/pl\/produkt\/kolowrot-wejsciowy-do-supermarketu","title":{"rendered":"Ko\u0142owrotek wej\u015bciowy do supermarketu Ko\u0142owrotek obrotowy MT313"},"content":{"rendered":"        <!-- 3D Model html -->\r\n        <div class=\"bp_grand wrapper_23461\">   \r\n        <div class=\"bp_model_parent\">\r\n            <model-viewer class=\"model\" id=\"bp_model_id_23461\" src=\"http:\/\/mairsturnstile.com\/wp-content\/uploads\/2024\/11\/mt313.glb\" alt=\"mt313\" camera-controls  loading=\"auto\" auto-rotate                        >\r\n            <\/model-viewer>\r\n        \r\n            <!-- Button -->\r\n            <svg id=\"openBtn\" width=\"30px\" height=\"30px\" viewBox=\"0 0 16 16\" xmlns=\"http:\/\/www.w3.org\/2000\/svg\" fill=\"#f2f2f2\" class=\"bi bi-arrows-fullscreen model-icon\">\r\n                <path fill-rule=\"evenodd\" d=\"M5.828 10.172a.5.5 0 0 0-.707 0l-4.096 4.096V11.5a.5.5 0 0 0-1 0v3.975a.5.5 0 0 0 .5.5H4.5a.5.5 0 0 0 0-1H1.732l4.096-4.096a.5.5 0 0 0 0-.707zm4.344 0a.5.5 0 0 1 .707 0l4.096 4.096V11.5a.5.5 0 1 1 1 0v3.975a.5.5 0 0 1-.5.5H11.5a.5.5 0 0 1 0-1h2.768l-4.096-4.096a.5.5 0 0 1 0-.707zm0-4.344a.5.5 0 0 0 .707 0l4.096-4.096V4.5a.5.5 0 1 0 1 0V.525a.5.5 0 0 0-.5-.5H11.5a.5.5 0 0 0 0 1h2.768l-4.096 4.096a.5.5 0 0 0 0 .707zm-4.344 0a.5.5 0 0 1-.707 0L1.025 1.732V4.5a.5.5 0 0 1-1 0V.525a.5.5 0 0 1 .5-.5H4.5a.5.5 0 0 1 0 1H1.732l4.096 4.096a.5.5 0 0 1 0 .707z\"\/>\r\n            <\/svg>\r\n        \r\n            <svg id=\"closeBtn\" class=\"model-icon\" width=\"34px\" height=\"34px\" viewBox=\"0 0 24 24\" xmlns=\"http:\/\/www.w3.org\/2000\/svg\">\r\n                <path fill=\"none\" stroke=\"#f2f2f2\" stroke-width=\"2\" d=\"M7,7 L17,17 M7,17 L17,7\"\/>\r\n            <\/svg>\r\n        \r\n        <\/div>\r\n        <\/div> \r\n\r\n        <!-- Model Viewer Style -->\r\n        <style>\r\n            \r\n            .wrapper_23461 .bp_model_parent, #bp_model_id_23461 {\r\n                width: 1150px;\r\n                max-width: 100%;\r\n                                            }\r\n            #bp_model_id_23461 {\r\n                height:700px;\r\n                background-color: #f2f2f2;\r\n            }\r\n            .fullscreen #bp_model_id_23461{\r\n            height: 100%;\r\n            width: 100%;\r\n            }\r\n            .wrapper_23461 .bp_model_parent{\r\n                justify-content: start            }\r\n            model-viewer.model {\r\n                --poster-color: transparent;\r\n            }\r\n        <\/style>\r\n        \r\n        \n<h4>Bramka przy wej\u015bciu do supermarketu jest obj\u0119ta 2-letni\u0105 gwarancj\u0105 oraz trwa\u0142ym wsparciem w zakresie konserwacji i napraw.<\/h4>\n<p>Mo\u017cemy \u015bwiadczy\u0107 us\u0142ugi OEM i ODM. Mamy do\u015bwiadczonych projektant\u00f3w, kt\u00f3rzy s\u0105 w stanie dokona\u0107 g\u0142\u0119bokiej personalizacji wed\u0142ug Twoich potrzeb. W najszybszym mo\u017cliwym terminie udost\u0119pnimy szereg materia\u0142\u00f3w takich jak wizualizacje 3D, rysunki wymiarowe itp. Dostarczamy r\u00f3wnie\u017c urz\u0105dzenia biometryczne, takie jak czytniki kart IC\/ID, skanery linii papilarnych, skanery kod\u00f3w QR, kamery rozpoznaj\u0105ce twarz i tak dalej. Je\u015bli chcesz zintegrowa\u0107 te urz\u0105dzenia z bramk\u0105 obrotow\u0105 pe\u0142nej wysoko\u015bci lub masz jakie\u015b pytania, <a href=\"https:\/\/mairsturnstile.com\/contact\" target=\"_blank\" rel=\"noopener\">skontaktuj si\u0119 z nami<\/a><\/p>\n<p><strong>Bramka wej\u015bciowa do supermarketu to rodzaj bramki obrotowej dla pieszych, kt\u00f3ra jest specjalnie u\u017cywana do wej\u015bcia i wyj\u015bcia z du\u017cych supermarket\u00f3w i supermarket\u00f3w bezza\u0142ogowych.<\/strong> D\u0142ugo\u015b\u0107 pr\u0119ta skrzyd\u0142owego ko\u0142owrotu w supermarkecie mo\u017cna dostosowa\u0107 do szeroko\u015bci wej\u015bcia do supermarketu. Oczywi\u015bcie ten ko\u0142owr\u00f3t wej\u015bciowy do supermarketu mo\u017ce by\u0107 r\u00f3wnie\u017c stosowany w sklepach odzie\u017cowych, supermarketach, sklepach jubilerskich, centrach handlowych, sklepach kosmetycznych, ksi\u0119garniach itp.<\/p>\n<p>G\u0142\u00f3wnym celem ko\u0142owrotu wej\u015bciowego do supermarketu jest zarz\u0105dzanie <a href=\"https:\/\/en.wikipedia.org\/wiki\/Access_control\" target=\"_blank\" rel=\"noopener\">kontrol\u0105 dost\u0119pu<\/a> personelu, kontrola bezpiecze\u0144stwa i samoobs\u0142uga kasowa. Supermarket jest miejscem publicznym i ka\u017cdy p\u00f3jdzie po konsumpcj\u0119. Jako zwyk\u0142y klient raczej nie zabior\u0119 ze sob\u0105 karty dost\u0119pu. Bramka wej\u015bciowa do supermarketu automatycznie otworzy drzwi zgodnie z czujnikiem podczerwieni. Oczywi\u015bcie niekt\u00f3re dodatkowe funkcje mo\u017cna dostosowa\u0107 do rzeczywistych potrzeb, jak np. rozpoznawanie twarzy czy skanowanie kod\u00f3w QR.<\/p>\n<p>Ten ko\u0142owrotek wej\u015bciowy do supermarketu ma t\u0119 zalet\u0119, \u017ce nie ma r\u0119cznego wykrywania, ma wysok\u0105 wydajno\u015b\u0107, jest szybki, bezpieczny i dobry serwis.<\/p>\n<p>Bramka wej\u015bciowa do supermarketu z barierk\u0105 nadaje si\u0119 do kontrolowania przep\u0142ywu os\u00f3b wchodz\u0105cych do supermarketu i utrzymywania jednolitego i uporz\u0105dkowanego dost\u0119pu do supermarketu. Gdy \u017caden pracownik nie wejdzie do supermarketu, <a href=\"https:\/\/mairsturnstile.com\/swing-turnstile-gate.html\" target=\"_blank\" rel=\"noopener\">bramka obrotowa <\/a>w supermarkecie zostanie automatycznie zablokowana.<\/p>\n<p>Mo\u017cemy r\u00f3wnie\u017c w ci\u0105gu kilku minut stworzy\u0107 dla Ciebie rendering na podstawie Twojego rzeczywistego scenariusza. Zapewniamy r\u00f3wnie\u017c szczeg\u00f3\u0142owy uk\u0142ad i rysunki, a tak\u017ce rysunki instalacyjne.<\/p>\n\n        \t\n\t<style type=\"text\/css\">\n\t\t.slider-info-23483.bafg-slider-info .bafg-slider-title {\n\t\t\t\t\t\tfont-size: 22px;\n\t\t\t\t\t\t\n\t\t\t\n\t\t\t\t\t}\n\n\t\t.slider-info-23483.bafg-slider-info .bafg-slider-description {\n\t\t\t\n\t\t\t\n\t\t\t\t\t}\n\n\t\t.slider-info-23483.bafg-slider-info .bafg_slider_readmore_button {\n\t\t\t\n\t\t\t\n\t\t\t\n\t\t\t\n\t\t\t\n\t\t\ttext-align: center;\n\n\t\t\t\n\t\t\t\n\t\t\t\n\t\t\t\n\t\t\t\n\t\t\t\n\t\t\t\t\t}\n\n\t\t.slider-info-23483.bafg-slider-info .bafg_slider_readmore_button:hover {\n\n\t\t\t\n\t\t\t\n\t\t\t\t\t}\n\n\t<\/style>\n\t\n        <div class=\"bafg-twentytwenty-container slider-23483 \" bafg-orientation=\"horizontal\" bafg-default-offset=\"0.5\" bafg-before-label=\"Before\" bafg-after-label=\"After\" bafg-overlay=\"yes\" bafg-move-slider-on-hover=\"yes\" bafg-click-to-move=\"no\">\n              \n            <img decoding=\"async\" class=\"skip-lazy\" src=\"http:\/\/mairsturnstile.com\/wp-content\/uploads\/2023\/07\/supermarket-swing-gate_8.jpg\" alt=\"supermarket swing gate\" data-skip-lazy title=\"\">\n            <img decoding=\"async\" class=\"skip-lazy\" src=\"http:\/\/mairsturnstile.com\/wp-content\/uploads\/2021\/11\/supermarket-entrance-turnstile-4.jpg\" alt=\"supermarket entrance turnstile\" data-skip-lazy title=\"\">\n           \n        <\/div>\n\n        \t<div class=\"bafg-slider-info-wraper\">\n\t\t<div style=\"\" class=\"slider-info-23483 bafg-slider-info\">\n\t\t\t\t\t<\/div>\n\t<\/div>\n\t\n        <style type=\"text\/css\">\n            \n        <\/style>\n        \n<p>Bramka wej\u015bciowa do supermarketu r\u00f3\u017cni si\u0119 od og\u00f3lnych towar\u00f3w konsumpcyjnych. W zale\u017cno\u015bci od miejsca, w kt\u00f3rym przep\u0142yw ludzi jest du\u017cy, s\u0105 one szczeg\u00f3lnie wyj\u0105tkowe, takie jak: sprawdzanie, czy personel wynosi towar z supermarketu, samodzielne robienie zakup\u00f3w i kasa samoobs\u0142ugowa w sytuacjach bezobs\u0142ugowych oraz skanowanie kod\u00f3w QR w celu zapisywania zakup\u00f3w czas, wi\u0119c w zale\u017cno\u015bci od r\u00f3\u017cnych potrzeb, wygl\u0105du i funkcji r\u00f3\u017cnych miejsc, konkretne rozwi\u0105zania w zakresie bezpiecze\u0144stwa ko\u0142owrot\u00f3w w supermarketach s\u0105 r\u00f3\u017cne.<\/p>\n<p>Bramka wej\u015bciowa do supermarketu jest polerowana wykwintn\u0105 stal\u0105 nierdzewn\u0105, o nowatorskim stylu i eleganckim wygl\u0105dzie. Mo\u017ce skutecznie kontrolowa\u0107 przep\u0142yw ludzi i zapewnia\u0107 skuteczn\u0105 ochron\u0119 bezpiecze\u0144stwa obszaru o ograniczonym dost\u0119pie.<\/p>\n<p>Niezawodno\u015b\u0107 mechanizmu: 3 miliony, bezawaryjny<br \/>\nDost\u0119pne jest rami\u0119 akrylowe<br \/>\nPod\u015bwietlenie LED na g\u00f3rnej pokrywie<br \/>\nPojedyncze sztuki lub dwie sztuki na pasie s\u0105 dost\u0119pne<br \/>\nKierunek pracy: Dwukierunkowy\/jednokierunkowy<br \/>\nSytuacja awaryjna: otwiera si\u0119 automatycznie po odci\u0119ciu zasilania. Bateria zapasowa dostarczana we w\u0142asnym zakresie<br \/>\nWilgotno\u015b\u0107: \u226490\uff05<br \/>\nMateria\u0142 obudowy: Stal nierdzewna 304<br \/>\nTemperatura pracy: -20 \u2103 \uff5e 60 \u2103<br \/>\nOdleg\u0142o\u015b\u0107 komunikacji: \u22641200 m<br \/>\nInterfejs komunikacyjny: RS485<br \/>\nFunkcja: Czytnik IC\/ID, czytnik kod\u00f3w kreskowych, rozpoznawanie twarzy, odcisk palca, inne urz\u0105dzenia kontroli dost\u0119pu, UPS itp.<br \/>\nCzas potrzebny na otwarcie: 0,2 s<br \/>\n\u015arodowisko pracy: Wewn\u0105trz lub na zewn\u0105trz (na zewn\u0105trz jest opcjonalne)<br \/>\nZakres zastosowa\u0144: Spo\u0142eczno\u015b\u0107, fabryka, plac budowy, szko\u0142a, o\u015brodek wypoczynkowy itp. <\/p>\n<p>Mo\u017cemy zapewni\u0107 ca\u0142e rozwi\u0105zanie kontroli dost\u0119pu bezpiecze\u0144stwa. Je\u015bli posiadasz w\u0142asny system kontroli dost\u0119pu, mo\u017cesz bezpo\u015brednio skorzysta\u0107 z naszej bramki obrotowej. Je\u015bli go nie posiadasz, zapewniamy r\u00f3wnie\u017c kompletne rozwi\u0105zanie w zakresie kontroli dost\u0119pu. Aby uzyska\u0107 szczeg\u00f3\u0142owe informacje, zapoznaj si\u0119 z poni\u017cszym filmem.<\/p>\n<p><iframe title=\"Odtwarzacz wideo YouTube\" src=\"https:\/\/www.youtube.com\/embed\/pHbTZ6CR_E8?si=lDw7vp4FUibCYOOb\" width=\"1150\" height=\"650\" frameborder=\"0\" allowfullscreen=\"allowfullscreen\"><span data-mce-type=\"bookmark\" style=\"display: inline-block; width: 0px; overflow: hidden; line-height: 0;\" class=\"mce_SELRES_start\"><\/span><\/iframe><\/p>\n","protected":false},"excerpt":{"rendered":"<p>1. Rozmiar: 250 * 190 * 980 mm (mo\u017cna dostosowa\u0107)<\/p>\n<p>2. Maksymalna szeroko\u015b\u0107 przej\u015bcia: 1000 mm (mo\u017cna dostosowa\u0107)<\/p>\n<p>3. Pr\u0119dko\u015b\u0107 przejazdu: 40 os.\/min<\/p>\n<p>4. Zasilanie: 110 V\/220 V 50\/60 Hz<\/p>\n<p>5. Driving Consumption: 20W<\/p>\n<p>6. Sygna\u0142 otwarcia bramy: styk bezpr\u0105dowy\/przeka\u017anik<\/p>\n<p>7. Bezszczotkowy silnik nap\u0119dowy: 24 V<\/p>\n<p>8. Waga: 30 kg\/szt<\/p>\n<p>9. Szeroko stosowany do swobodnego wyj\u015bcia<\/p>\n<p><span style=\"color: #0000ff;\"><strong><a style=\"color: #0000ff;\" title=\"Brama obrotowa obrotowa z certyfikatem CE Mairs\" href=\"http:\/\/mairsturnstile.com\/wp-content\/uploads\/2022\/09\/Mairs-CE-Certificate-Swing-Turnstile-Gate.pdf\" target=\"_blank\" rel=\"noopener noreferrer\">Certyfikat CE,<\/a> <a style=\"color: #0000ff;\" title=\"Certyfikat Mairs ISO9001\" href=\"http:\/\/mairsturnstile.com\/wp-content\/uploads\/2022\/09\/Mairs-Registration-Certificate-ISO9001.pdf\" target=\"_blank\" rel=\"noopener noreferrer\">Certyfikat ISO9001.<\/a><\/strong><\/span><\/p>\n<p><a title=\"Broszura dotycz\u0105ca ko\u0142owrot\u00f3w w supermarketach\" href=\"http:\/\/mairsturnstile.com\/wp-content\/uploads\/2023\/12\/MT313-brochure.pdf\" target=\"_blank\" rel=\"noopener noreferrer\" data-wp-editing=\"1\"><img decoding=\"async\" class=\"alignnone size-full wp-image-11034\" src=\"http:\/\/mairsturnstile.com\/wp-content\/uploads\/2022\/09\/pdf-MairsTurnstile.png\" alt=\"\" width=\"32\" height=\"32\"><strong><span style=\"color: #0000ff;\">Broszura bramki obrotowej MT313 dla supermarket\u00f3w<\/span><\/strong><\/a><\/p>\n","protected":false},"featured_media":58006,"comment_status":"closed","ping_status":"closed","template":"","meta":{"neve_meta_sidebar":"","neve_meta_container":"","neve_meta_enable_content_width":"off","neve_meta_content_width":0,"neve_meta_title_alignment":"","neve_meta_author_avatar":"","neve_post_elements_order":"","neve_meta_disable_header":"","neve_meta_disable_footer":"","neve_meta_disable_title":"","_ti_tpc_template_sync":false,"_ti_tpc_template_id":""},"product_cat":[2037,2034],"product_tag":[2054,2060,2045,2162,2161,2049,2062],"class_list":["post-33173","product","type-product","status-publish","has-post-thumbnail","hentry","product_cat-brama-obrotowa-obrotowa","product_cat-kolowroty-bezpieczenstwa","product_tag-bramka-obrotowa-pl","product_tag-ile-kosztuje-kolowrotek","product_tag-kolowrot-obrotowy","product_tag-kolowrot-wejsciowy-do-supermarketu","product_tag-kolowrotek-w-supermarkecie","product_tag-kolowrotek-wyjsciowy","product_tag-koszt-kolowrotu"],"_links":{"self":[{"href":"https:\/\/mairsturnstile.com\/pl\/wp-json\/wp\/v2\/product\/33173","targetHints":{"allow":["GET"]}}],"collection":[{"href":"https:\/\/mairsturnstile.com\/pl\/wp-json\/wp\/v2\/product"}],"about":[{"href":"https:\/\/mairsturnstile.com\/pl\/wp-json\/wp\/v2\/types\/product"}],"replies":[{"embeddable":true,"href":"https:\/\/mairsturnstile.com\/pl\/wp-json\/wp\/v2\/comments?post=33173"}],"version-history":[{"count":0,"href":"https:\/\/mairsturnstile.com\/pl\/wp-json\/wp\/v2\/product\/33173\/revisions"}],"wp:featuredmedia":[{"embeddable":true,"href":"https:\/\/mairsturnstile.com\/pl\/wp-json\/wp\/v2\/media\/58006"}],"wp:attachment":[{"href":"https:\/\/mairsturnstile.com\/pl\/wp-json\/wp\/v2\/media?parent=33173"}],"wp:term":[{"taxonomy":"product_cat","embeddable":true,"href":"https:\/\/mairsturnstile.com\/pl\/wp-json\/wp\/v2\/product_cat?post=33173"},{"taxonomy":"product_tag","embeddable":true,"href":"https:\/\/mairsturnstile.com\/pl\/wp-json\/wp\/v2\/product_tag?post=33173"}],"curies":[{"name":"wp","href":"https:\/\/api.w.org\/{rel}","templated":true}]}}