{"id":33174,"date":"2021-11-24T02:36:46","date_gmt":"2021-11-23T18:36:46","guid":{"rendered":"https:\/\/mairsturnstile.com\/product\/tandemowy-kolowrot-o-pelnej-wysokosci-mt402-2-x"},"modified":"2024-10-30T19:07:24","modified_gmt":"2024-10-30T11:07:24","slug":"kolowrot-tandemowy","status":"publish","type":"product","link":"https:\/\/mairsturnstile.com\/pl\/produkt\/kolowrot-tandemowy","title":{"rendered":"Tandemowy ko\u0142owr\u00f3t o pe\u0142nej wysoko\u015bci MT402-2-X"},"content":{"rendered":"        <!-- 3D Model html -->\r\n        <div class=\"bp_grand wrapper_19980\">   \r\n        <div class=\"bp_model_parent\">\r\n            <model-viewer class=\"model\" id=\"bp_model_id_19980\" src=\"http:\/\/mairsturnstile.com\/wp-content\/uploads\/2023\/06\/MT402-2-B.glb\" alt=\"MT402-2-B\" camera-controls  loading=\"auto\" auto-rotate                        >\r\n            <\/model-viewer>\r\n        \r\n            <!-- Button -->\r\n            <svg id=\"openBtn\" width=\"30px\" height=\"30px\" viewBox=\"0 0 16 16\" xmlns=\"http:\/\/www.w3.org\/2000\/svg\" fill=\"#f2f2f2\" class=\"bi bi-arrows-fullscreen model-icon\">\r\n                <path fill-rule=\"evenodd\" d=\"M5.828 10.172a.5.5 0 0 0-.707 0l-4.096 4.096V11.5a.5.5 0 0 0-1 0v3.975a.5.5 0 0 0 .5.5H4.5a.5.5 0 0 0 0-1H1.732l4.096-4.096a.5.5 0 0 0 0-.707zm4.344 0a.5.5 0 0 1 .707 0l4.096 4.096V11.5a.5.5 0 1 1 1 0v3.975a.5.5 0 0 1-.5.5H11.5a.5.5 0 0 1 0-1h2.768l-4.096-4.096a.5.5 0 0 1 0-.707zm0-4.344a.5.5 0 0 0 .707 0l4.096-4.096V4.5a.5.5 0 1 0 1 0V.525a.5.5 0 0 0-.5-.5H11.5a.5.5 0 0 0 0 1h2.768l-4.096 4.096a.5.5 0 0 0 0 .707zm-4.344 0a.5.5 0 0 1-.707 0L1.025 1.732V4.5a.5.5 0 0 1-1 0V.525a.5.5 0 0 1 .5-.5H4.5a.5.5 0 0 1 0 1H1.732l4.096 4.096a.5.5 0 0 1 0 .707z\"\/>\r\n            <\/svg>\r\n        \r\n            <svg id=\"closeBtn\" class=\"model-icon\" width=\"34px\" height=\"34px\" viewBox=\"0 0 24 24\" xmlns=\"http:\/\/www.w3.org\/2000\/svg\">\r\n                <path fill=\"none\" stroke=\"#f2f2f2\" stroke-width=\"2\" d=\"M7,7 L17,17 M7,17 L17,7\"\/>\r\n            <\/svg>\r\n        \r\n        <\/div>\r\n        <\/div> \r\n\r\n        <!-- Model Viewer Style -->\r\n        <style>\r\n            \r\n            .wrapper_19980 .bp_model_parent, #bp_model_id_19980 {\r\n                width: 1150px;\r\n                max-width: 100%;\r\n                                            }\r\n            #bp_model_id_19980 {\r\n                height:700px;\r\n                background-color: #f2f2f2;\r\n            }\r\n            .fullscreen #bp_model_id_19980{\r\n            height: 100%;\r\n            width: 100%;\r\n            }\r\n            .wrapper_19980 .bp_model_parent{\r\n                justify-content: start            }\r\n            model-viewer.model {\r\n                --poster-color: transparent;\r\n            }\r\n        <\/style>\r\n        \r\n        \n<h2>Full Height Tandem Turnstile carries a 2 years warranty and durable maintenance and repair support.<\/h2>\n<p>Mo\u017cemy \u015bwiadczy\u0107 us\u0142ugi OEM i ODM. Mamy do\u015bwiadczonych projektant\u00f3w, kt\u00f3rzy s\u0105 w stanie dokona\u0107 g\u0142\u0119bokiej personalizacji wed\u0142ug Twoich potrzeb. W najszybszym mo\u017cliwym terminie udost\u0119pnimy szereg materia\u0142\u00f3w takich jak wizualizacje 3D, rysunki wymiarowe itp. Wprowadzili\u015bmy r\u00f3wnie\u017c now\u0105 seri\u0119 bramek obrotowych o pe\u0142nej wysoko\u015bci, o stylowym wygl\u0105dzie i solidnej konstrukcji. Sprawd\u017a: <span style=\"\"><a style=\"\" href=\"\" target=\"\" rel=\"noopener\">seria ko\u0142owrot\u00f3w o pe\u0142nej wysoko\u015bci<\/a><\/span> <\/p>\n<p>Ko\u0142owr\u00f3t tandemowy to dwutorowy ko\u0142owr\u00f3t o pe\u0142nej wysoko\u015bci sk\u0142adaj\u0105cy si\u0119 z dw\u00f3ch kana\u0142\u00f3w obok siebie lub z wieloma kana\u0142ami. Ko\u0142owroty o pe\u0142nej wysoko\u015bci sk\u0142adaj\u0105 si\u0119 z wielu ko\u0142owrot\u00f3w ustawionych obok siebie. Bramka obrotowa tandemowa o najlepszych parametrach bezpiecze\u0144stwa, kt\u00f3ra jest znacznie wy\u017csza i szersza ni\u017c zwyk\u0142a bramka obrotowa i ma oczywiste zalety bezpiecze\u0144stwa.<\/p>\n<p>Mo\u017cemy \u015bwiadczy\u0107 us\u0142ugi OEM i ODM, w tym dostosowywanie koloru, stylu, materia\u0142u, rozmiaru itp. Na przyk\u0142ad w przypadku specjalnego koloru klient musi tylko poda\u0107 nam numer Pantone, a my dostosujemy kolor zgodnie z Pantone numer i spryskaj proszek w tym samym kolorze. Je\u015bli klient ma potrzeby ODM, mo\u017cemy r\u00f3wnie\u017c zaprojektowa\u0107 styl dla tego klienta zgodnie z preferencjami dotycz\u0105cymi wygl\u0105du i rozmiaru, bez zewn\u0119trznej sprzeda\u017cy. To b\u0119dzie jedyny unikalny styl Twojej firmy na rynku.<\/p>\n<p>Dostarczamy r\u00f3wnie\u017c urz\u0105dzenia biometryczne, takie jak czytniki kart IC\/ID, skanery linii papilarnych, skanery kod\u00f3w QR, kamery rozpoznaj\u0105ce twarz i tak dalej. Je\u015bli potrzebuj\u0105 Pa\u0144stwo zintegrowa\u0107 te urz\u0105dzenia z bramk\u0105 obrotow\u0105 o pe\u0142nej wysoko\u015bci lub maj\u0105 Pa\u0144stwo jakiekolwiek pytania, prosimy <a href=\"https:\/\/mairsturnstile.com\/contact\" target=\"_blank\" rel=\"noopener\">o kontakt z nami<\/a>.<\/p>\n<p>Ko\u0142owr\u00f3t tandemowy o pe\u0142nej wysoko\u015bci mo\u017ce tworzy\u0107 zamkni\u0119t\u0105 przestrze\u0144 przej\u015bciow\u0105, a personel przechodzi w spos\u00f3b uporz\u0105dkowany, przesuwaj\u0105c karty i innymi metodami. Ko\u0142owr\u00f3t tandemowy o pe\u0142nej wysoko\u015bci mo\u017ce pracowa\u0107 bez nadzoru i ma wysok\u0105 warto\u015b\u0107 u\u017cytkow\u0105 w niekt\u00f3rych miejscach przy rygorystycznych \u015brodkach bezpiecze\u0144stwa. Bramka obrotowa Tandem sk\u0142ada si\u0119 z podwozia i 3 lub 4 rz\u0119d\u00f3w obracaj\u0105cych si\u0119 pr\u0119t\u00f3w. Jest opracowany na bazie tr\u00f3jno\u017cnej bramki obrotowej.<\/p>\n<p>Jest to dostosowany do indywidualnych potrzeb ko\u0142owr\u00f3t tandemowy o pe\u0142nej wysoko\u015bci, poddany specjalnej obr\u00f3bce. Podstawowym materia\u0142em jest p\u0142yta \u017celazna ze stali nierdzewnej 304. Powierzchnia jest pokryta farb\u0105 do pieczenia o bardzo wysokiej temperaturze. Farba nie odpadnie po d\u0142ugotrwa\u0142ym u\u017cytkowaniu. Mo\u017cna go u\u017cywa\u0107 na zewn\u0105trz, a kolor mo\u017cna dowolnie dostosowywa\u0107. Podobnie jak w przypadku dostosowywania tego produktu, wszystkie inne produkty mo\u017cemy dostosowa\u0107 do Twoich potrzeb, w tym rozmiaru.<\/p>\n<p><strong>Materia\u0142 bramki obrotowej o pe\u0142nej wysoko\u015bci:<\/strong><\/p>\n<p>Full-height tandem turnstile is made of SUS304 stainless steel. Przyjmuje najbardziej zaawansowan\u0105 technologi\u0119 sterowania nap\u0119dem, kt\u00f3ra mo\u017ce zmienia\u0107 projekt w szerokim zakresie, aby spe\u0142ni\u0107 r\u00f3\u017cne wymagania r\u00f3\u017cnych styl\u00f3w nowoczesnych budynk\u00f3w dla inteligentnych system\u00f3w <a href=\"https:\/\/en.wikipedia.org\/wiki\/Access_control\" target=\"_blank\" rel=\"noopener\">kontroli dost\u0119pu<\/a> dla pieszych.<\/p>\n<p><strong><b>Performance characteristics:<\/b><\/strong><\/p>\n<ol>\n<li>Mechanizm ko\u0142owrotu o pe\u0142nej wysoko\u015bci wykorzystuje unikaln\u0105 konstrukcj\u0119 mechaniczn\u0105, rozs\u0105dn\u0105 i niezawodn\u0105 konstrukcj\u0119, niski poziom ha\u0142asu, stabiln\u0105 prac\u0119 i d\u0142ug\u0105 \u017cywotno\u015b\u0107.<\/li>\n<li>Mo\u017ce skutecznie zapobiega\u0107 ogonowaniu i poprawia\u0107 pr\u0119dko\u015b\u0107 ruchu ludzi.<\/li>\n<li>After a power failure, the door will be unlocked automatically to form a mechanical mode, and personnel can enter and exit by themselves, meeting the fire protection requirements.<\/li>\n<li>Dioda LED wskazuj\u0105ca, czy przesuni\u0119cie karty jest skuteczne.<\/li>\n<li>Posiada funkcj\u0119 automatycznego resetowania. Je\u017celi obs\u0142uga nie przejdzie przez bram\u0119 w ustalonym czasie po uzyskaniu zezwolenia na wjazd na bram\u0119, brama pe\u0142nej wysoko\u015bci automatycznie anuluje upowa\u017cnienie i powr\u00f3ci do stanu pocz\u0105tkowego.<\/li>\n<li>Wodoodporny, chroni\u0105cy przed s\u0142o\u0144cem, odporny na zimno i wysokie temperatury.<\/li>\n<li>Posiada spersonalizowany interfejs instalacyjny i jest kompatybilny z uk\u0142adami scalonymi, kartami identyfikacyjnymi i innymi kartami inteligentnymi.<\/li>\n<li>Mo\u017cna go rozszerzy\u0107 do systemu automatycznej identyfikacji w celu realizacji kontroli dost\u0119pu, obecno\u015bci, \u0142adowania i innych funkcji.<\/li>\n<li>Zdalne sterowanie i zarz\u0105dzanie mo\u017cna realizowa\u0107 bezpo\u015brednio za po\u015brednictwem komputera zarz\u0105dzaj\u0105cego<\/li>\n<li>Niezawodno\u015b\u0107 mechanizmu: 5 milion\u00f3w, bez usterek<\/li>\n<li>Mechanizm z amortyzatorem hydraulicznym do amortyzacji<\/li>\n<\/ol>\n<p>Mo\u017cemy zapewni\u0107 ca\u0142e rozwi\u0105zanie kontroli dost\u0119pu bezpiecze\u0144stwa. Je\u015bli posiadasz w\u0142asny system kontroli dost\u0119pu, mo\u017cesz bezpo\u015brednio skorzysta\u0107 z naszej bramki obrotowej. If you don&#8217;t have one, we also provide a complete security access control solution. Aby uzyska\u0107 szczeg\u00f3\u0142owe informacje, zapoznaj si\u0119 z poni\u017cszym filmem.<\/p>\n<p><iframe title=\"Odtwarzacz wideo YouTube\" src=\"https:\/\/www.youtube.com\/embed\/XyxFKnS3Br0\" width=\"1150\" height=\"650\" frameborder=\"0\" allowfullscreen=\"allowfullscreen\"><span data-mce-type=\"bookmark\" style=\"display: inline-block; width: 0px; overflow: hidden; line-height: 0;\" class=\"mce_SELRES_start\"><\/span><\/iframe><\/p>\n","protected":false},"excerpt":{"rendered":"<p>1. Rozmiar: 2400 * 1500 * 2310 mm (mo\u017cna dostosowa\u0107)<\/p>\n<p>2. Szeroko\u015b\u0107 pasa: 650 mm (mo\u017cna dostosowa\u0107)<\/p>\n<p>3. Materia\u0142: stal nierdzewna 304 lub stal nierdzewna 316<\/p>\n<p>4. Pr\u0119dko\u015b\u0107 przejazdu: 30 os.\/min<\/p>\n<p>5. Zasilanie: 110 V\/220 V 50\/60 Hz<\/p>\n<p>6. Elektrozaw\u00f3r: DC24V<\/p>\n<p>7. Sygna\u0142 otwarcia bramy: styk bezpr\u0105dowy\/przeka\u017anik<\/p>\n<p>8. Napi\u0119cie logiczne: DC24V<\/p>\n<p>9. Nap\u0119d: obs\u0142ugiwany p\u00f3\u0142automatycznie<\/p>\n<p><strong><a title=\"Ko\u0142owr\u00f3t o pe\u0142nej wysoko\u015bci z certyfikatem CE Mairs\" href=\"http:\/\/mairsturnstile.com\/wp-content\/uploads\/2022\/09\/Mairs-CE-Certificate-Full-Height-Turnstile.pdf\" target=\"_blank\" rel=\"noopener noreferrer\">Certyfikat CE,<\/a> <a title=\"Certyfikat Mairs ISO9001\" href=\"http:\/\/mairsturnstile.com\/wp-content\/uploads\/2022\/09\/Mairs-Registration-Certificate-ISO9001.pdf\" target=\"_blank\" rel=\"noopener noreferrer\">Certyfikat ISO9001.<\/a><\/strong><\/p>\n<p><a title=\"Instrukcja monta\u017cu ko\u0142owrotu o pe\u0142nej wysoko\u015bci\" href=\"http:\/\/mairsturnstile.com\/wp-content\/uploads\/2023\/09\/Full-height-turnstile-installation-manual.pdf\" target=\"_blank\" rel=\"noopener noreferrer\"><img decoding=\"async\" class=\"alignnone size-full wp-image-11034\" src=\"http:\/\/mairsturnstile.com\/wp-content\/uploads\/2022\/09\/pdf-MairsTurnstile.png\" alt=\"\" width=\"32\" height=\"32\"><strong><span style=\"color: #0000ff;\"> Instrukcja obs\u0142ugi i instalacji ko\u0142owrotu o pe\u0142nej wysoko\u015bci<\/span><\/strong><\/a><\/p>\n","protected":false},"featured_media":59613,"comment_status":"closed","ping_status":"closed","template":"","meta":{"neve_meta_sidebar":"","neve_meta_container":"","neve_meta_enable_content_width":"off","neve_meta_content_width":0,"neve_meta_title_alignment":"","neve_meta_author_avatar":"","neve_post_elements_order":"","neve_meta_disable_header":"","neve_meta_disable_footer":"","neve_meta_disable_title":"","_ti_tpc_template_sync":false,"_ti_tpc_template_id":""},"product_cat":[2034,2031],"product_tag":[2163,2155,2164,2165,2166],"class_list":["post-33174","product","type-product","status-publish","has-post-thumbnail","hentry","product_cat-kolowroty-bezpieczenstwa","product_cat-kolowroty-o-pelnej-wysokosci","product_tag-bramka-obrotowa-o-pelnej-wysokosci-pl","product_tag-kolowrot-pelnej-wysokosci-z-czytnikiem-kart","product_tag-kolowrot-tandemowy","product_tag-kolowrot-tandemowy-o-pelnej-wysokosci","product_tag-tandemowa-bramka-obrotowa"],"_links":{"self":[{"href":"https:\/\/mairsturnstile.com\/pl\/wp-json\/wp\/v2\/product\/33174","targetHints":{"allow":["GET"]}}],"collection":[{"href":"https:\/\/mairsturnstile.com\/pl\/wp-json\/wp\/v2\/product"}],"about":[{"href":"https:\/\/mairsturnstile.com\/pl\/wp-json\/wp\/v2\/types\/product"}],"replies":[{"embeddable":true,"href":"https:\/\/mairsturnstile.com\/pl\/wp-json\/wp\/v2\/comments?post=33174"}],"version-history":[{"count":0,"href":"https:\/\/mairsturnstile.com\/pl\/wp-json\/wp\/v2\/product\/33174\/revisions"}],"wp:featuredmedia":[{"embeddable":true,"href":"https:\/\/mairsturnstile.com\/pl\/wp-json\/wp\/v2\/media\/59613"}],"wp:attachment":[{"href":"https:\/\/mairsturnstile.com\/pl\/wp-json\/wp\/v2\/media?parent=33174"}],"wp:term":[{"taxonomy":"product_cat","embeddable":true,"href":"https:\/\/mairsturnstile.com\/pl\/wp-json\/wp\/v2\/product_cat?post=33174"},{"taxonomy":"product_tag","embeddable":true,"href":"https:\/\/mairsturnstile.com\/pl\/wp-json\/wp\/v2\/product_tag?post=33174"}],"curies":[{"name":"wp","href":"https:\/\/api.w.org\/{rel}","templated":true}]}}