{"id":33175,"date":"2021-11-24T02:16:16","date_gmt":"2021-11-23T18:16:16","guid":{"rendered":"https:\/\/mairsturnstile.com\/product\/obrotowe-drzwi-obrotowe-o-pelnej-wysokosci-mt406"},"modified":"2023-11-02T11:49:18","modified_gmt":"2023-11-02T03:49:18","slug":"drzwi-obrotowe","status":"publish","type":"product","link":"https:\/\/mairsturnstile.com\/pl\/produkt\/drzwi-obrotowe","title":{"rendered":"Obrotowe drzwi obrotowe o pe\u0142nej wysoko\u015bci MT406"},"content":{"rendered":"        <!-- 3D Model html -->\r\n        <div class=\"bp_grand wrapper_21818\">   \r\n        <div class=\"bp_model_parent\">\r\n            <model-viewer class=\"model\" id=\"bp_model_id_21818\" src=\"http:\/\/mairsturnstile.com\/wp-content\/uploads\/2024\/10\/turnstyle-door.glb\" alt=\"turnstyle door\" camera-controls  loading=\"auto\" auto-rotate                        >\r\n            <\/model-viewer>\r\n        \r\n            <!-- Button -->\r\n            <svg id=\"openBtn\" width=\"30px\" height=\"30px\" viewBox=\"0 0 16 16\" xmlns=\"http:\/\/www.w3.org\/2000\/svg\" fill=\"#f2f2f2\" class=\"bi bi-arrows-fullscreen model-icon\">\r\n                <path fill-rule=\"evenodd\" d=\"M5.828 10.172a.5.5 0 0 0-.707 0l-4.096 4.096V11.5a.5.5 0 0 0-1 0v3.975a.5.5 0 0 0 .5.5H4.5a.5.5 0 0 0 0-1H1.732l4.096-4.096a.5.5 0 0 0 0-.707zm4.344 0a.5.5 0 0 1 .707 0l4.096 4.096V11.5a.5.5 0 1 1 1 0v3.975a.5.5 0 0 1-.5.5H11.5a.5.5 0 0 1 0-1h2.768l-4.096-4.096a.5.5 0 0 1 0-.707zm0-4.344a.5.5 0 0 0 .707 0l4.096-4.096V4.5a.5.5 0 1 0 1 0V.525a.5.5 0 0 0-.5-.5H11.5a.5.5 0 0 0 0 1h2.768l-4.096 4.096a.5.5 0 0 0 0 .707zm-4.344 0a.5.5 0 0 1-.707 0L1.025 1.732V4.5a.5.5 0 0 1-1 0V.525a.5.5 0 0 1 .5-.5H4.5a.5.5 0 0 1 0 1H1.732l4.096 4.096a.5.5 0 0 1 0 .707z\"\/>\r\n            <\/svg>\r\n        \r\n            <svg id=\"closeBtn\" class=\"model-icon\" width=\"34px\" height=\"34px\" viewBox=\"0 0 24 24\" xmlns=\"http:\/\/www.w3.org\/2000\/svg\">\r\n                <path fill=\"none\" stroke=\"#f2f2f2\" stroke-width=\"2\" d=\"M7,7 L17,17 M7,17 L17,7\"\/>\r\n            <\/svg>\r\n        \r\n        <\/div>\r\n        <\/div> \r\n\r\n        <!-- Model Viewer Style -->\r\n        <style>\r\n            \r\n            .wrapper_21818 .bp_model_parent, #bp_model_id_21818 {\r\n                width: 1150px;\r\n                max-width: 100%;\r\n                                            }\r\n            #bp_model_id_21818 {\r\n                height:700px;\r\n                background-color: #f2f2f2;\r\n            }\r\n            .fullscreen #bp_model_id_21818{\r\n            height: 100%;\r\n            width: 100%;\r\n            }\r\n            .wrapper_21818 .bp_model_parent{\r\n                justify-content: start            }\r\n            model-viewer.model {\r\n                --poster-color: transparent;\r\n            }\r\n        <\/style>\r\n        \r\n        \n<h2>Obrotowy ko\u0142owr\u00f3t o pe\u0142nej wysoko\u015bci z drzwiami obrotowymi obj\u0119ty jest 2-letni\u0105 gwarancj\u0105 i trwa\u0142ym wsparciem w zakresie konserwacji i napraw.<\/h2>\n<p>Mo\u017cemy \u015bwiadczy\u0107 us\u0142ugi OEM i ODM. Mamy do\u015bwiadczonych projektant\u00f3w, kt\u00f3rzy s\u0105 w stanie dokona\u0107 g\u0142\u0119bokiej personalizacji wed\u0142ug Twoich potrzeb. W najszybszym mo\u017cliwym terminie udost\u0119pnimy szereg materia\u0142\u00f3w takich jak wizualizacje 3D, rysunki wymiarowe itp. Dostarczamy r\u00f3wnie\u017c urz\u0105dzenia biometryczne, takie jak czytniki kart IC\/ID, skanery linii papilarnych, skanery kod\u00f3w QR, kamery rozpoznaj\u0105ce twarz i tak dalej. Je\u015bli potrzebuj\u0105 Pa\u0144stwo zintegrowa\u0107 te urz\u0105dzenia z bramk\u0105 obrotow\u0105 o pe\u0142nej wysoko\u015bci lub maj\u0105 Pa\u0144stwo jakiekolwiek pytania, prosimy <a href=\"https:\/\/mairsturnstile.com\/contact\" target=\"_blank\" rel=\"noopener\">o kontakt z nami<\/a>.<\/p>\n<p><strong>Drzwi obrotowe to rodzaj pojedynczego obrotowego ko\u0142owrotu o pe\u0142nej wysoko\u015bci z du\u017cym okr\u0105g\u0142ym kszta\u0142tem drzwi obrotowych\/obrotowych. W por\u00f3wnaniu ze zwyk\u0142ymi ko\u0142owrotami o pe\u0142nej wysoko\u015bci najwi\u0119ksz\u0105 r\u00f3\u017cnic\u0105 jest wygl\u0105d.<\/strong><\/p>\n<p><strong>Bramka obrotowa zosta\u0142a opracowana na podstawie bramki obrotowej na statywie i czerpie wnioski z charakterystyki drzwi obrotowych. <\/strong>Mo\u017cna go podzieli\u0107 na ko\u0142owrotek obrotowy o pe\u0142nej wysoko\u015bci i ko\u0142owr\u00f3t o po\u0142owie wysoko\u015bci w zale\u017cno\u015bci od wzrostu. Ten obrotowy ko\u0142owr\u00f3t nale\u017cy do obrotowego ko\u0142owrotu o pe\u0142nej wysoko\u015bci. Je\u015bli potrzebuj\u0105 Pa\u0144stwo ko\u0142owrotu obrotowego o po\u0142owie wysoko\u015bci, prosimy sprawdzi\u0107 nasz inny produkt: <a href=\"https:\/\/mairsturnstile.com\/product\/half-height-turnstile\" target=\"_blank\" rel=\"noopener\">ko\u0142owr\u00f3t obrotowy o po\u0142owie wysoko\u015bci<\/a><\/p>\n<p>Pude\u0142ko o du\u017cej pojemno\u015bci jest wyposa\u017cone w elastyczny tryb identyfikacji, dzi\u0119ki czemu nie jest niepor\u0119czne w u\u017cyciu, ale zapewnia najlepsze bezpiecze\u0144stwo. Jego dwie strony nie s\u0105 ju\u017c wykonane ze <a href=\"https:\/\/en.wikipedia.org\/wiki\/Stainless_steel\" target=\"_blank\" rel=\"noopener\">stali nierdzewnej<\/a> 304, ale ze specjalnego materia\u0142u PC (arkusz poliw\u0119glanu), kt\u00f3ry ma zalety odporno\u015bci na ciep\u0142o, zimno, ognioodporno\u015b\u0107, ognioodporno\u015b\u0107, odporno\u015b\u0107 na uderzenia, bardzo dobr\u0105 przepuszczalno\u015b\u0107 \u015bwiat\u0142a i wiele kolor\u00f3w. Taka kompozycja sprawia, \u017ce ca\u0142e drzwi obrotowe s\u0105 pi\u0119kne i trwa\u0142e, \u0142atwe w demonta\u017cu oraz wygodne w transporcie i monta\u017cu.<\/p>\n<p>Drzwi obrotowe mo\u017cna zastosowa\u0107 we wszystkich \u015brodowiskach budowlanych i mog\u0105 rozwi\u0105za\u0107 wszystkie problemy zwi\u0105zane z kontrol\u0105 wej\u015b\u0107 i wyj\u015b\u0107 dla pieszych. Mo\u017ce kontrolowa\u0107, czy drzwi obrotowe s\u0105 w dowolnym momencie otwarte, czy zamkni\u0119te, produkt ma r\u00f3wnie\u017c wiele r\u00f3\u017cnych rodzaj\u00f3w interfejs\u00f3w sygna\u0142owych. Klienci mog\u0105 integrowa\u0107 si\u0119 z innym oprogramowaniem innych firm lub sprz\u0119tem biometrycznym, aby rozszerzy\u0107 wymagane funkcje specjalne.<\/p>\n<p>Mo\u017cemy r\u00f3wnie\u017c w ci\u0105gu kilku minut stworzy\u0107 dla Ciebie rendering na podstawie Twojego rzeczywistego scenariusza. Zapewniamy r\u00f3wnie\u017c szczeg\u00f3\u0142owy uk\u0142ad i rysunki, a tak\u017ce rysunki instalacyjne.<\/p>\n\n        \t\n\t<style type=\"text\/css\">\n\t\t.slider-info-21840.bafg-slider-info .bafg-slider-title {\n\t\t\t\t\t\tfont-size: 22px;\n\t\t\t\t\t\t\n\t\t\t\n\t\t\t\t\t}\n\n\t\t.slider-info-21840.bafg-slider-info .bafg-slider-description {\n\t\t\t\n\t\t\t\n\t\t\t\t\t}\n\n\t\t.slider-info-21840.bafg-slider-info .bafg_slider_readmore_button {\n\t\t\t\n\t\t\t\n\t\t\t\n\t\t\t\n\t\t\t\n\t\t\ttext-align: center;\n\n\t\t\t\n\t\t\t\n\t\t\t\n\t\t\t\n\t\t\t\n\t\t\t\n\t\t\t\t\t}\n\n\t\t.slider-info-21840.bafg-slider-info .bafg_slider_readmore_button:hover {\n\n\t\t\t\n\t\t\t\n\t\t\t\t\t}\n\n\t<\/style>\n\t\n        <div class=\"bafg-twentytwenty-container slider-21840 \" bafg-orientation=\"horizontal\" bafg-default-offset=\"0.5\" bafg-before-label=\"Before\" bafg-after-label=\"After\" bafg-overlay=\"yes\" bafg-move-slider-on-hover=\"yes\" bafg-click-to-move=\"no\">\n              \n            <img decoding=\"async\" class=\"skip-lazy\" src=\"http:\/\/mairsturnstile.com\/wp-content\/uploads\/2021\/11\/turn-style-door-3-1.jpg\" alt=\"turn style door\" data-skip-lazy title=\"\">\n            <img decoding=\"async\" class=\"skip-lazy\" src=\"http:\/\/mairsturnstile.com\/wp-content\/uploads\/2021\/11\/turn-style-door-4.jpg\" alt=\"turn style door\" data-skip-lazy title=\"\">\n           \n        <\/div>\n\n        \t<div class=\"bafg-slider-info-wraper\">\n\t\t<div style=\"\" class=\"slider-info-21840 bafg-slider-info\">\n\t\t\t\t\t<\/div>\n\t<\/div>\n\t\n        <style type=\"text\/css\">\n            \n        <\/style>\n        \n<p>Nap\u0119d: P\u00f3\u0142automatyczny<br \/>\nD\u0142ugo\u015b\u0107 ramienia: 600 mm<br \/>\nKierunek obrotu: Dwukierunkowy<br \/>\nNiezawodno\u015b\u0107 mechanizmu: 5 milion\u00f3w, bez usterek<br \/>\nSytuacja awaryjna: W przypadku sytuacji awaryjnej lub od\u0142\u0105czenia zasilania, drzwi obrotowe mo\u017cna skonfigurowa\u0107 w trybie Fail-Safe, tj. obracaj\u0105 si\u0119 swobodnie lub w trybie Fail-Lock<br \/>\nWilgotno\u015b\u0107: \u226495%<br \/>\nTemperatura pracy: -25 \u2103 ~ 60 \u2103<br \/>\nFunkcje opcjonalne: Czytnik IC\/ID, czytnik kod\u00f3w kreskowych, rozpoznawanie twarzy, odcisk palca, inny sprz\u0119t kontroli dost\u0119pu, UPS itp.<br \/>\nOdleg\u0142o\u015b\u0107 komunikacyjna: \u22641200 m<br \/>\nInterfejs komunikacyjny: RS485<br \/>\nRozmiar mo\u017cna dostosowa\u0107<\/p>\n<p>Czas potrzebny na otwarcie: 0,2 s<br \/>\n\u015arodowisko pracy: Wewn\u0105trz lub na zewn\u0105trz<br \/>\nZapobieganie otwieraniu si\u0119 ty\u0142u: ko\u0142owrotek pozostanie w zamku, gdy jest otwarty pod k\u0105tem oko\u0142o 60 stopni (3 ramiona) lub 45 stopni (4 ramiona), wi\u0119c brama nie mo\u017ce dzia\u0142a\u0107 w odwrotnym kierunku do bramy zapobiegawczej<br \/>\nZakres zastosowania: spo\u0142eczno\u015b\u0107, fabryka, plac budowy, szko\u0142a, miejscowo\u015b\u0107 wypoczynkowa itp<\/p>\n<p>Mo\u017cemy zapewni\u0107 ca\u0142e rozwi\u0105zanie kontroli dost\u0119pu bezpiecze\u0144stwa. Je\u015bli posiadasz w\u0142asny system kontroli dost\u0119pu, mo\u017cesz bezpo\u015brednio skorzysta\u0107 z naszej bramki obrotowej. Je\u015bli go nie posiadasz, zapewniamy r\u00f3wnie\u017c kompletne rozwi\u0105zanie w zakresie kontroli dost\u0119pu. Aby uzyska\u0107 szczeg\u00f3\u0142owe informacje, zapoznaj si\u0119 z poni\u017cszym filmem.<\/p>\n<p><iframe title=\"Odtwarzacz wideo YouTube\" src=\"https:\/\/www.youtube.com\/embed\/XyxFKnS3Br0\" width=\"1150\" height=\"650\" frameborder=\"0\" allowfullscreen=\"allowfullscreen\"><span data-mce-type=\"bookmark\" style=\"display: inline-block; width: 0px; overflow: hidden; line-height: 0;\" class=\"mce_SELRES_start\"><\/span><\/iframe><\/p>\n","protected":false},"excerpt":{"rendered":"<p>1. Rozmiar: 1520 * 1520 * 2300 mm (mo\u017cna dostosowa\u0107)<\/p>\n<p>2. Szeroko\u015b\u0107 pasa: oko\u0142o 650 mm (mo\u017cna dostosowa\u0107)<\/p>\n<p>3. Pr\u0119dko\u015b\u0107 przejazdu: 30 os.\/min<\/p>\n<p>4. Zasilanie: 110 V\/220 V 50\/60 Hz<\/p>\n<p>5. Elektrozaw\u00f3r: DC24V<\/p>\n<p>6. Sygna\u0142 otwarcia bramy: styk bezpr\u0105dowy\/przeka\u017anik<\/p>\n<p>7. Napi\u0119cie logiczne: DC24V<\/p>\n<p>8. Materia\u0142 obudowy: stal nierdzewna 304 lub stal nierdzewna 316 i p\u0142ytka drukowana<\/p>\n<p>9. Mechanizm z amortyzatorem hydraulicznym do amortyzacji<\/p>\n<p><strong><a title=\"Ko\u0142owr\u00f3t o pe\u0142nej wysoko\u015bci z certyfikatem CE Mairs\" href=\"http:\/\/mairsturnstile.com\/wp-content\/uploads\/2022\/09\/Mairs-CE-Certificate-Full-Height-Turnstile.pdf\" target=\"_blank\" rel=\"noopener noreferrer\">Certyfikat CE,<\/a> <a title=\"Certyfikat Mairs ISO9001\" href=\"http:\/\/mairsturnstile.com\/wp-content\/uploads\/2022\/09\/Mairs-Registration-Certificate-ISO9001.pdf\" target=\"_blank\" rel=\"noopener noreferrer\">Certyfikat ISO9001.<\/a><\/strong><\/p>\n<p><a title=\"Broszura dotycz\u0105ca ko\u0142owrot\u00f3w obrotowych o pe\u0142nej wysoko\u015bci\" href=\"http:\/\/mairsturnstile.com\/wp-content\/uploads\/2022\/09\/MT406-Full-Height-Revolving-Turnstile-Brochure.pdf\" target=\"_blank\" rel=\"noopener noreferrer\"><img decoding=\"async\" class=\"alignnone size-full wp-image-11034\" src=\"http:\/\/mairsturnstile.com\/wp-content\/uploads\/2022\/09\/pdf-MairsTurnstile.png\" alt=\"\" width=\"32\" height=\"32\"><span style=\"color: #0000ff;\"><strong>Broszura dotycz\u0105ca obrotowego ko\u0142owrotu MT406 o pe\u0142nej wysoko\u015bci<\/strong><\/span><\/a><\/p>\n<p><a title=\"Instrukcja monta\u017cu ko\u0142owrotu o pe\u0142nej wysoko\u015bci\" href=\"http:\/\/mairsturnstile.com\/wp-content\/uploads\/2023\/09\/Full-height-turnstile-installation-manual.pdf\" target=\"_blank\" rel=\"noopener noreferrer\"><img decoding=\"async\" class=\"alignnone size-full wp-image-11034\" src=\"http:\/\/mairsturnstile.com\/wp-content\/uploads\/2022\/09\/pdf-MairsTurnstile.png\" alt=\"\" width=\"32\" height=\"32\"><strong><span style=\"color: #0000ff;\"> Instrukcja obs\u0142ugi i instalacji ko\u0142owrotu o pe\u0142nej wysoko\u015bci<\/span><\/strong><\/a><\/p>\n","protected":false},"featured_media":58366,"comment_status":"closed","ping_status":"closed","template":"","meta":{"neve_meta_sidebar":"","neve_meta_container":"","neve_meta_enable_content_width":"off","neve_meta_content_width":0,"neve_meta_title_alignment":"","neve_meta_author_avatar":"","neve_post_elements_order":"","neve_meta_disable_header":"","neve_meta_disable_footer":"","neve_meta_disable_title":"","_ti_tpc_template_sync":false,"_ti_tpc_template_id":""},"product_cat":[2034,2031],"product_tag":[2085,2168,2064,2169,2167,2170],"class_list":["post-33175","product","type-product","status-publish","has-post-thumbnail","hentry","product_cat-kolowroty-bezpieczenstwa","product_cat-kolowroty-o-pelnej-wysokosci","product_tag-brama-w-stylu-kolei","product_tag-drzwi-w-stylu-obroconym","product_tag-kolowrotek-lub-kolowrotek","product_tag-obrotowy-kolowrotek","product_tag-szklane-drzwi-obrotowe","product_tag-szklane-kolowroty"],"_links":{"self":[{"href":"https:\/\/mairsturnstile.com\/pl\/wp-json\/wp\/v2\/product\/33175","targetHints":{"allow":["GET"]}}],"collection":[{"href":"https:\/\/mairsturnstile.com\/pl\/wp-json\/wp\/v2\/product"}],"about":[{"href":"https:\/\/mairsturnstile.com\/pl\/wp-json\/wp\/v2\/types\/product"}],"replies":[{"embeddable":true,"href":"https:\/\/mairsturnstile.com\/pl\/wp-json\/wp\/v2\/comments?post=33175"}],"version-history":[{"count":0,"href":"https:\/\/mairsturnstile.com\/pl\/wp-json\/wp\/v2\/product\/33175\/revisions"}],"wp:featuredmedia":[{"embeddable":true,"href":"https:\/\/mairsturnstile.com\/pl\/wp-json\/wp\/v2\/media\/58366"}],"wp:attachment":[{"href":"https:\/\/mairsturnstile.com\/pl\/wp-json\/wp\/v2\/media?parent=33175"}],"wp:term":[{"taxonomy":"product_cat","embeddable":true,"href":"https:\/\/mairsturnstile.com\/pl\/wp-json\/wp\/v2\/product_cat?post=33175"},{"taxonomy":"product_tag","embeddable":true,"href":"https:\/\/mairsturnstile.com\/pl\/wp-json\/wp\/v2\/product_tag?post=33175"}],"curies":[{"name":"wp","href":"https:\/\/api.w.org\/{rel}","templated":true}]}}