{"id":33176,"date":"2021-07-12T00:20:07","date_gmt":"2021-07-11T16:20:07","guid":{"rendered":"https:\/\/mairsturnstile.com\/product\/sprzedaz-hurtowa-i-detaliczna-kolowroty-speed-gate-kolowrot-mt325"},"modified":"2024-11-01T16:13:41","modified_gmt":"2024-11-01T08:13:41","slug":"kolowrotki-detaliczne","status":"publish","type":"product","link":"https:\/\/mairsturnstile.com\/pl\/produkt\/kolowrotki-detaliczne","title":{"rendered":"Sprzeda\u017c hurtowa i detaliczna Ko\u0142owroty Speed Gate Ko\u0142owr\u00f3t MT325"},"content":{"rendered":"        <!-- 3D Model html -->\r\n        <div class=\"bp_grand wrapper_23470\">   \r\n        <div class=\"bp_model_parent\">\r\n            <model-viewer class=\"model\" id=\"bp_model_id_23470\" src=\"http:\/\/mairsturnstile.com\/wp-content\/uploads\/2023\/07\/MT325.glb\" alt=\"MT325\" camera-controls  loading=\"auto\" auto-rotate                        >\r\n            <\/model-viewer>\r\n        \r\n            <!-- Button -->\r\n            <svg id=\"openBtn\" width=\"30px\" height=\"30px\" viewBox=\"0 0 16 16\" xmlns=\"http:\/\/www.w3.org\/2000\/svg\" fill=\"#f2f2f2\" class=\"bi bi-arrows-fullscreen model-icon\">\r\n                <path fill-rule=\"evenodd\" d=\"M5.828 10.172a.5.5 0 0 0-.707 0l-4.096 4.096V11.5a.5.5 0 0 0-1 0v3.975a.5.5 0 0 0 .5.5H4.5a.5.5 0 0 0 0-1H1.732l4.096-4.096a.5.5 0 0 0 0-.707zm4.344 0a.5.5 0 0 1 .707 0l4.096 4.096V11.5a.5.5 0 1 1 1 0v3.975a.5.5 0 0 1-.5.5H11.5a.5.5 0 0 1 0-1h2.768l-4.096-4.096a.5.5 0 0 1 0-.707zm0-4.344a.5.5 0 0 0 .707 0l4.096-4.096V4.5a.5.5 0 1 0 1 0V.525a.5.5 0 0 0-.5-.5H11.5a.5.5 0 0 0 0 1h2.768l-4.096 4.096a.5.5 0 0 0 0 .707zm-4.344 0a.5.5 0 0 1-.707 0L1.025 1.732V4.5a.5.5 0 0 1-1 0V.525a.5.5 0 0 1 .5-.5H4.5a.5.5 0 0 1 0 1H1.732l4.096 4.096a.5.5 0 0 1 0 .707z\"\/>\r\n            <\/svg>\r\n        \r\n            <svg id=\"closeBtn\" class=\"model-icon\" width=\"34px\" height=\"34px\" viewBox=\"0 0 24 24\" xmlns=\"http:\/\/www.w3.org\/2000\/svg\">\r\n                <path fill=\"none\" stroke=\"#f2f2f2\" stroke-width=\"2\" d=\"M7,7 L17,17 M7,17 L17,7\"\/>\r\n            <\/svg>\r\n        \r\n        <\/div>\r\n        <\/div> \r\n\r\n        <!-- Model Viewer Style -->\r\n        <style>\r\n            \r\n            .wrapper_23470 .bp_model_parent, #bp_model_id_23470 {\r\n                width: 1150px;\r\n                max-width: 100%;\r\n                                            }\r\n            #bp_model_id_23470 {\r\n                height:700px;\r\n                background-color: #f2f2f2;\r\n            }\r\n            .fullscreen #bp_model_id_23470{\r\n            height: 100%;\r\n            width: 100%;\r\n            }\r\n            .wrapper_23470 .bp_model_parent{\r\n                justify-content: start            }\r\n            model-viewer.model {\r\n                --poster-color: transparent;\r\n            }\r\n        <\/style>\r\n        \r\n        \n<h4><strong><b>Bramka obrotowa do sprzeda\u017cy hurtowej i detalicznej MT328 <\/b><\/strong><strong><b>posiada <\/b><\/strong><strong><b>2-letni\u0105 gwarancj\u0105 oraz trwa\u0142ym wsparciem w zakresie konserwacji i napraw.<\/b><\/strong><strong><b> <\/b><\/strong><\/h4>\n<p>Mairs mo\u017ce dostosowa\u0107 bramki obrotowe Fastlane do Twoich wymaga\u0144. Mo\u017cemy \u015bwiadczy\u0107 us\u0142ugi OEM i ODM. Dostarczamy r\u00f3wnie\u017c urz\u0105dzenia biometryczne, takie jak czytniki kart IC\/ID, skanery linii papilarnych, skanery kod\u00f3w QR, kamery rozpoznaj\u0105ce twarz i tak dalej. Je\u015bli potrzebuj\u0105 Pa\u0144stwo zintegrowa\u0107 te urz\u0105dzenia z bramk\u0105 obrotow\u0105 o pe\u0142nej wysoko\u015bci lub maj\u0105 Pa\u0144stwo jakiekolwiek pytania, prosimy <a href=\"https:\/\/mairsturnstile.com\/contact\">o kontakt z nami<\/a>.<\/p>\n<p><strong>Sprzeda\u017c detaliczna Bramki obrotowe Speed Gate MT328<\/strong> <strong><b>Automatyczne bramki obrotowe Slim <a href=\"https:\/\/mairsturnstile.com\/speed-gates.html\">Fast<\/a><\/b><\/strong><strong><b>bramki obrotowe bezpiecze\u0144stwa do lobby.<\/b><\/strong><\/p>\n<p><strong><b>Ko\u0142owr\u00f3t do sprzeda\u017cy detalicznej Speed Gate Turnstile MT328 to wysokiej klasy inteligentny ko\u0142owrotek z szybk\u0105 bram\u0105 obrotow\u0105 firmy Mairs, kt\u00f3ry mo\u017ce w pe\u0142ni wykry\u0107 przechodz\u0105c\u0105 sytuacj\u0119 ludzkiego cia\u0142a.<\/b><\/strong><\/p>\n<p>Materia\u0142 korpusu optycznych bramek obrotowych Fastlane do sprzeda\u017cy detalicznej jest wykonany ze stali nierdzewnej 304, kt\u00f3ra jest antykorozyjna, trwa\u0142a i ma wysok\u0105 odporno\u015b\u0107.<\/p>\n<p>Jeste\u015bmy fabryk\u0105 sprzeda\u017cy bezpo\u015bredniej. zale\u017cy nam r\u00f3wnie\u017c na oszcz\u0119dzaniu koszt\u00f3w dla naszych klient\u00f3w. gwarantujemy, \u017ce zaoferujemy najlepsz\u0105 cen\u0119 bramki obrotowej w Internecie, zoptymalizowan\u0105 pod k\u0105tem niskich koszt\u00f3w. Dlatego zapewniamy nie tylko najlepsze ceny hurtowe ko\u0142owrot\u00f3w, ale tak\u017ce konkurencyjne ceny ko\u0142owrot\u00f3w detalicznych. Jednocze\u015bnie wszystkie nasze bramki obrotowe zapewniaj\u0105 2-letni\u0105 gwarancj\u0119. Zapewnij wysokiej jako\u015bci i niedrogi sprz\u0119t ko\u0142owrotu do kontroli dost\u0119pu, aby uczyni\u0107 nasz \u015bwiat lepszym miejscem.<\/p>\n<p>Niezale\u017cnie od tego, czy jeste\u015b firm\u0105, czy osob\u0105 fizyczn\u0105, czy chcesz wi\u0119cej ni\u017c jedn\u0105 bramk\u0119 obrotow\u0105, czy tylko jedn\u0105, zapewnimy Ci najlepsz\u0105 obs\u0142ug\u0119 i najlepsz\u0105 cen\u0119 detaliczn\u0105 ko\u0142owrot\u00f3w.<\/p>\n<p>Mo\u017cemy r\u00f3wnie\u017c w ci\u0105gu kilku minut stworzy\u0107 dla Ciebie rendering na podstawie Twojego rzeczywistego scenariusza. Dostarczamy r\u00f3wnie\u017c szczeg\u00f3\u0142owe plany i rysunki, a tak\u017ce rysunki instalacyjne.<\/p>\n\n        \t\n\t<style type=\"text\/css\">\n\t\t.slider-info-23484.bafg-slider-info .bafg-slider-title {\n\t\t\t\t\t\tfont-size: 22px;\n\t\t\t\t\t\t\n\t\t\t\n\t\t\t\t\t}\n\n\t\t.slider-info-23484.bafg-slider-info .bafg-slider-description {\n\t\t\t\n\t\t\t\n\t\t\t\t\t}\n\n\t\t.slider-info-23484.bafg-slider-info .bafg_slider_readmore_button {\n\t\t\t\n\t\t\t\n\t\t\t\n\t\t\t\n\t\t\t\n\t\t\ttext-align: center;\n\n\t\t\t\n\t\t\t\n\t\t\t\n\t\t\t\n\t\t\t\n\t\t\t\n\t\t\t\t\t}\n\n\t\t.slider-info-23484.bafg-slider-info .bafg_slider_readmore_button:hover {\n\n\t\t\t\n\t\t\t\n\t\t\t\t\t}\n\n\t<\/style>\n\t\n        <div class=\"bafg-twentytwenty-container slider-23484 \" bafg-orientation=\"horizontal\" bafg-default-offset=\"0.5\" bafg-before-label=\"Before\" bafg-after-label=\"After\" bafg-overlay=\"yes\" bafg-move-slider-on-hover=\"yes\" bafg-click-to-move=\"no\">\n              \n            <img decoding=\"async\" class=\"skip-lazy\" src=\"http:\/\/mairsturnstile.com\/wp-content\/uploads\/2023\/07\/retail-turnstiles_6.jpg\" alt=\"\" data-skip-lazy title=\"\">\n            <img decoding=\"async\" class=\"skip-lazy\" src=\"http:\/\/mairsturnstile.com\/wp-content\/uploads\/2023\/07\/retail-turnstiles_7.jpg\" alt=\"\" data-skip-lazy title=\"\">\n           \n        <\/div>\n\n        \t<div class=\"bafg-slider-info-wraper\">\n\t\t<div style=\"\" class=\"slider-info-23484 bafg-slider-info\">\n\t\t\t\t\t<\/div>\n\t<\/div>\n\t\n        <style type=\"text\/css\">\n            \n        <\/style>\n        \n<p><strong><b>Anti-tag after, anti-hit against, komunikacja RS485, silnik bezszczotkowy DC, <\/b><\/strong>Bramka obrotowa o tej pr\u0119dko\u015bci <strong><b>Kompatybilny ze wszystkimi rodzajami system\u00f3w <a href=\"https:\/\/en.wikipedia.org\/wiki\/Access_control\" target=\"_blank\" rel=\"noopener noreferrer\">kontroli<\/a> dost\u0119pu<\/b><\/strong><strong><b>.<\/b><\/strong><\/p>\n<p>Te bramki obrotowe do sprzeda\u017cy detalicznej, bramki obrotowe, s\u0105 szeroko stosowane na dworcach autobusowych, portach, metrze, fabrykach, rezydencjach, obszarach mieszkalnych, hotelach, firmach i tak dalej w ka\u017cdym miejscu, kt\u00f3re wymaga inteligentnej kontroli przep\u0142ywu.<\/p>\n<p>Posiada funkcj\u0119 samokontroli usterek i monitu alarmowego, co jest wygodne dla u\u017cytkownik\u00f3w w utrzymaniu i u\u017cytkowaniu.<\/p>\n<p>Mo\u017cna go po\u0142\u0105czy\u0107 z dowolnym sygna\u0142em steruj\u0105cym lub przyciskiem i mo\u017ce by\u0107 wysy\u0142any przez dowolne urz\u0105dzenie steruj\u0105ce w celu realizacji sterowania jednokierunkowego i dwukierunkowego.<\/p>\n<p>Swobodne przej\u015bcie jednokierunkowe i dwukierunkowe mo\u017cna ustawi\u0107 dowolnie.<\/p>\n<p>Gdy urz\u0105dzenie jest w\u0142\u0105czane lub uruchamiane ponownie, posiada funkcj\u0119 samokontroli usterek, co jest wygodne dla u\u017cytkownik\u00f3w w utrzymaniu i u\u017cytkowaniu.<\/p>\n<p>Wskazanie stanu sygnalizacji \u015bwietlnej o du\u017cej intensywno\u015bci. Je\u015bli kto\u015b pod\u0105\u017ca, brama automatycznie uruchomi blokad\u0119 odwrotnego ci\u0105gu i uruchomi alarm. Pod\u0142\u0105cz sygna\u0142 alarmu po\u017carowego.<\/p>\n<p><strong>Parametr techniczny:<\/strong><\/p>\n<p>1. Rozmiar: 1200 * 185 * 980 mm<br \/>\n2. Materia\u0142: 1,0 mm SUS 304 Hairline 400 # + g\u00f3rna pokrywa 1,5 mm SUS304<br \/>\n3. Materia\u0142 ramienia: panel akrylowy<br \/>\n4. Szeroko\u015b\u0107 przej\u015bcia: standardowa 600 mm dla os\u00f3b niepe\u0142nosprawnych 900 mm<br \/>\n5. Kierunek przej\u015bcia Jednokierunkowy\/Dwukierunkowy<br \/>\n6. Szybko\u015b\u0107 zaliczenia: 30-35 os\u00f3b\/minut\u0119<br \/>\n7. Czas dzia\u0142ania: 0,2 sekundy<br \/>\n8. Pob\u00f3r mocy: AC100-240V, 50\/60HZ<br \/>\n9. Napi\u0119cie robocze 24V<br \/>\n10. Working humidity: 30%~95%<br \/>\n11. Temperatura pracy: -10 \u2103 ~ + 70 \u2103<br \/>\n12. \u015arodowisko pracy: Wewn\u0105trz i na zewn\u0105trz<br \/>\n13. Interfejs wej\u015bciowy: RS485, przeka\u017anik ze stykiem bezpotencja\u0142owym<br \/>\n14. Mechanizm: Mechanizm przeciwuderzeniowy z silnikiem bezszczotkowym pr\u0105du sta\u0142ego<br \/>\n15. Infrared sensor: 4 pairs<br \/>\n16. MCBF: 3 000 000 cykli<br \/>\n17. Zastosowanie: dworce autobusowe, biblioteki, hale rz\u0105dowe, fabryki, szko\u0142y itp<\/p>\n<p>Mo\u017cemy zapewni\u0107 ca\u0142e rozwi\u0105zanie kontroli dost\u0119pu bezpiecze\u0144stwa. Je\u015bli posiadasz w\u0142asny system kontroli dost\u0119pu, mo\u017cesz bezpo\u015brednio skorzysta\u0107 z naszej bramki obrotowej. Je\u015bli go nie posiadasz, zapewniamy r\u00f3wnie\u017c kompletne rozwi\u0105zanie w zakresie kontroli dost\u0119pu. Aby uzyska\u0107 szczeg\u00f3\u0142owe informacje, zapoznaj si\u0119 z poni\u017cszym filmem.<\/p>\n<p><iframe title=\"Ko\u0142owroty szklane, Ko\u0142owroty ze szk\u0142a hartowanego, Sprzedam ko\u0142owroty szklane - MairsTurnstile\" src=\"https:\/\/www.youtube.com\/embed\/n6MbKy14gAk\" width=\"1150\" height=\"650\" frameborder=\"0\" allowfullscreen=\"allowfullscreen\"><\/iframe><\/p>\n","protected":false},"excerpt":{"rendered":"<p>1. Rozmiar: 1200 * 185 * 980 mm (mo\u017cna dostosowa\u0107)<\/p>\n<p>2. Materia\u0142: 1,0 mm SUS 304 Hairline 400 # + g\u00f3rna pokrywa 1,5 mm SUS304<\/p>\n<p>3. Materia\u0142 ramienia: panel akrylowy<\/p>\n<p>4. Szeroko\u015b\u0107 przej\u015bcia: standardowa 600 mm dla os\u00f3b niepe\u0142nosprawnych 900 mm<\/p>\n<p>5. Kierunek przej\u015bcia Jednokierunkowy\/Dwukierunkowy<\/p>\n<p>6. Szybko\u015b\u0107 zaliczenia: 30-35 os\u00f3b\/minut\u0119<\/p>\n<p>7. Czas dzia\u0142ania: 0,2 sekundy<\/p>\n<p>8. Pob\u00f3r mocy: AC100-240V, 50\/60HZ<\/p>\n<p>9. Interfejs wej\u015bciowy: RS485, przeka\u017anik ze stykiem bezpotencja\u0142owym<\/p>\n<p><strong><a title=\"Brama obrotowa obrotowa z certyfikatem CE Mairs\" href=\"http:\/\/mairsturnstile.com\/wp-content\/uploads\/2022\/09\/Mairs-CE-Certificate-Swing-Turnstile-Gate.pdf\" target=\"_blank\" rel=\"noopener noreferrer\">Certyfikat CE,<\/a> <a title=\"Certyfikat Mairs ISO9001\" href=\"http:\/\/mairsturnstile.com\/wp-content\/uploads\/2022\/09\/Mairs-Registration-Certificate-ISO9001.pdf\" target=\"_blank\" rel=\"noopener noreferrer\">Certyfikat ISO9001.<\/a><\/strong><\/p>\n<p><a title=\"Broszura dotycz\u0105ca ko\u0142owrotu obrotowego\" href=\"http:\/\/mairsturnstile.com\/wp-content\/uploads\/2023\/12\/MT325-brochure.pdf\" target=\"_blank\" rel=\"noopener noreferrer\" data-wp-editing=\"1\"><img decoding=\"async\" class=\"alignnone size-full wp-image-11034\" src=\"http:\/\/mairsturnstile.com\/wp-content\/uploads\/2022\/09\/pdf-MairsTurnstile.png\" alt=\"\" width=\"32\" height=\"32\"><strong><span style=\"color: #0000ff;\">Broszura bramki obrotowej MT325<\/span><\/strong><\/a><\/p>\n","protected":false},"featured_media":26847,"comment_status":"closed","ping_status":"closed","template":"","meta":{"neve_meta_sidebar":"","neve_meta_container":"","neve_meta_enable_content_width":"off","neve_meta_content_width":0,"neve_meta_title_alignment":"","neve_meta_author_avatar":"","neve_post_elements_order":"","neve_meta_disable_header":"","neve_meta_disable_footer":"","neve_meta_disable_title":"","_ti_tpc_template_sync":false,"_ti_tpc_template_id":""},"product_cat":[2037,2034],"product_tag":[2171,2173,2060,2172,2062],"class_list":["post-33176","product","type-product","status-publish","has-post-thumbnail","hentry","product_cat-brama-obrotowa-obrotowa","product_cat-kolowroty-bezpieczenstwa","product_tag-cena-bramy-obrotowej","product_tag-hurtownia-kolowrotow","product_tag-ile-kosztuje-kolowrotek","product_tag-kolowroty-detaliczne","product_tag-koszt-kolowrotu"],"_links":{"self":[{"href":"https:\/\/mairsturnstile.com\/pl\/wp-json\/wp\/v2\/product\/33176","targetHints":{"allow":["GET"]}}],"collection":[{"href":"https:\/\/mairsturnstile.com\/pl\/wp-json\/wp\/v2\/product"}],"about":[{"href":"https:\/\/mairsturnstile.com\/pl\/wp-json\/wp\/v2\/types\/product"}],"replies":[{"embeddable":true,"href":"https:\/\/mairsturnstile.com\/pl\/wp-json\/wp\/v2\/comments?post=33176"}],"version-history":[{"count":0,"href":"https:\/\/mairsturnstile.com\/pl\/wp-json\/wp\/v2\/product\/33176\/revisions"}],"wp:featuredmedia":[{"embeddable":true,"href":"https:\/\/mairsturnstile.com\/pl\/wp-json\/wp\/v2\/media\/26847"}],"wp:attachment":[{"href":"https:\/\/mairsturnstile.com\/pl\/wp-json\/wp\/v2\/media?parent=33176"}],"wp:term":[{"taxonomy":"product_cat","embeddable":true,"href":"https:\/\/mairsturnstile.com\/pl\/wp-json\/wp\/v2\/product_cat?post=33176"},{"taxonomy":"product_tag","embeddable":true,"href":"https:\/\/mairsturnstile.com\/pl\/wp-json\/wp\/v2\/product_tag?post=33176"}],"curies":[{"name":"wp","href":"https:\/\/api.w.org\/{rel}","templated":true}]}}