{"id":33177,"date":"2021-07-12T00:18:10","date_gmt":"2021-07-11T16:18:10","guid":{"rendered":"https:\/\/mairsturnstile.com\/product\/kolowrot-odciskow-palcow-kolowrot-mt-e316"},"modified":"2026-05-11T15:14:42","modified_gmt":"2026-05-11T07:14:42","slug":"kolowrot-odciskow-palcow","status":"publish","type":"product","link":"https:\/\/mairsturnstile.com\/pl\/produkt\/kolowrot-odciskow-palcow","title":{"rendered":"Ko\u0142owr\u00f3t odcisk\u00f3w palc\u00f3w Ko\u0142owr\u00f3t MT-E316"},"content":{"rendered":"        <!-- 3D Model html -->\r\n        <div class=\"bp_grand wrapper_26319\">   \r\n        <div class=\"bp_model_parent\">\r\n            <model-viewer class=\"model\" id=\"bp_model_id_26319\" src=\"http:\/\/mairsturnstile.com\/wp-content\/uploads\/2024\/01\/MT-EE316.glb\" alt=\"MT-EE316\" camera-controls  loading=\"auto\" auto-rotate                        >\r\n            <\/model-viewer>\r\n        \r\n            <!-- Button -->\r\n            <svg id=\"openBtn\" width=\"30px\" height=\"30px\" viewBox=\"0 0 16 16\" xmlns=\"http:\/\/www.w3.org\/2000\/svg\" fill=\"#f2f2f2\" class=\"bi bi-arrows-fullscreen model-icon\">\r\n                <path fill-rule=\"evenodd\" d=\"M5.828 10.172a.5.5 0 0 0-.707 0l-4.096 4.096V11.5a.5.5 0 0 0-1 0v3.975a.5.5 0 0 0 .5.5H4.5a.5.5 0 0 0 0-1H1.732l4.096-4.096a.5.5 0 0 0 0-.707zm4.344 0a.5.5 0 0 1 .707 0l4.096 4.096V11.5a.5.5 0 1 1 1 0v3.975a.5.5 0 0 1-.5.5H11.5a.5.5 0 0 1 0-1h2.768l-4.096-4.096a.5.5 0 0 1 0-.707zm0-4.344a.5.5 0 0 0 .707 0l4.096-4.096V4.5a.5.5 0 1 0 1 0V.525a.5.5 0 0 0-.5-.5H11.5a.5.5 0 0 0 0 1h2.768l-4.096 4.096a.5.5 0 0 0 0 .707zm-4.344 0a.5.5 0 0 1-.707 0L1.025 1.732V4.5a.5.5 0 0 1-1 0V.525a.5.5 0 0 1 .5-.5H4.5a.5.5 0 0 1 0 1H1.732l4.096 4.096a.5.5 0 0 1 0 .707z\"\/>\r\n            <\/svg>\r\n        \r\n            <svg id=\"closeBtn\" class=\"model-icon\" width=\"34px\" height=\"34px\" viewBox=\"0 0 24 24\" xmlns=\"http:\/\/www.w3.org\/2000\/svg\">\r\n                <path fill=\"none\" stroke=\"#f2f2f2\" stroke-width=\"2\" d=\"M7,7 L17,17 M7,17 L17,7\"\/>\r\n            <\/svg>\r\n        \r\n        <\/div>\r\n        <\/div> \r\n\r\n        <!-- Model Viewer Style -->\r\n        <style>\r\n            \r\n            .wrapper_26319 .bp_model_parent, #bp_model_id_26319 {\r\n                width: 1150px;\r\n                max-width: 100%;\r\n                                            }\r\n            #bp_model_id_26319 {\r\n                height:700px;\r\n                background-color: #f9f9f9;\r\n            }\r\n            .fullscreen #bp_model_id_26319{\r\n            height: 100%;\r\n            width: 100%;\r\n            }\r\n            .wrapper_26319 .bp_model_parent{\r\n                justify-content: start            }\r\n            model-viewer.model {\r\n                --poster-color: transparent;\r\n            }\r\n        <\/style>\r\n        \r\n        \n<p>Bramka obrotowa z obrotnic\u0105 linii papilarnych MT-E316 obj\u0119ta jest 2-letni\u0105 gwarancj\u0105 i trwa\u0142ym wsparciem w zakresie konserwacji i napraw. Unikalna bramka obrotowa z czytnikiem linii papilarnych i zabezpieczeniem biometrycznym. Odkryj nasz\u0105 unikalnie zaprojektowan\u0105 bramk\u0119 obrotow\u0105 z czytnikiem linii papilarnych \u2013 wysokiej klasy bramk\u0119 \u0142\u0105cz\u0105c\u0105 elegancki styl architektoniczny z biometrycznym zabezpieczeniem. Wyposa\u017cona w optyczny\/pojemno\u015bciowy czujnik linii papilarnych o dok\u0142adno\u015bci 99,9%, szybkie otwieranie w zakresie 0,3 s\u20130,6 s i przepustowo\u015b\u0107 25\u201330 os\u00f3b\/min. Bezszczotkowy silnik serwo DC, zabezpieczenie przed \u201etailgating\u201d dzi\u0119ki ponad 8 parom czujnik\u00f3w podczerwieni. Dost\u0119pne wersje OEM. Certyfikat CE. Zabezpiecz swoje biuro lub centrum danych dzi\u0119ki naszej bramce obrotowej z czytnikiem linii papilarnych. Unikalna, estetyczna konstrukcja, wyko\u0144czenie ze stali nierdzewnej SUS304 i niezwykle cichy bezszczotkowy silnik DC. Weryfikacja odcisku palca gwarantuje \u201ejedna osoba, jedna to\u017csamo\u015b\u0107\u201d \u2013 koniec z udost\u0119pnianiem kart i \u201etailgating\u201d. Dok\u0142adno\u015b\u0107 rozpoznawania 99,9%, przepustowo\u015b\u0107 25\u201330 os\u00f3b\/min. Bezproblemowa integracja z RFID, QR i rozpoznawaniem twarzy. Idealna do siedzib firm, bank\u00f3w i centr\u00f3w danych.          <\/p>\n<p>Mo\u017cemy \u015bwiadczy\u0107 us\u0142ugi OEM i ODM. Indywidualny projekt bramek szybkiego przej\u015bcia, sp\u00f3jny z identyfikacj\u0105 Twojej marki. Potrzebujesz bramki obrotowej z czytnikiem linii papilarnych, kt\u00f3ra odzwierciedla to\u017csamo\u015b\u0107 Twojej marki? Nasza us\u0142uga projektowania na zam\u00f3wienie oferuje mo\u017cliwo\u015b\u0107 dostosowania wyko\u0144cze\u0144 (stal nierdzewna SUS304, matowa czer\u0144, malowanie proszkowe w kolorach z palety RAL), materia\u0142\u00f3w oraz integracji logo. Weryfikacja linii papilarnych z dok\u0142adno\u015bci\u0105 99,9%, system anty-tailgating (zapobieganie przej\u015bciom na \u201eogon\u201d) oparty na ponad 8 parach czujnik\u00f3w podczerwieni oraz bezszczotkowy silnik pr\u0105du sta\u0142ego. Fabrycznie zintegrowane rozwi\u0105zanie typu \u201eplug &#038; play\u201d. Zapraszamy do wsp\u00f3\u0142pracy w modelu OEM\/ODM. Wysy\u0142ka na ca\u0142y \u015bwiat. Bramka obrotowa z czytnikiem linii papilarnych o wysokiej przepustowo\u015bci \u2013 25\u201330 os\u00f3b na minut\u0119 (dla lotnisk i stadion\u00f3w). Zmaksymalizuj bezpiecze\u0144stwo i p\u0142ynno\u015b\u0107 ruchu pieszego dzi\u0119ki naszej bramce obrotowej o wysokiej przepustowo\u015bci. Urz\u0105dzenie osi\u0105ga przepustowo\u015b\u0107 na poziomie 25\u201330 os\u00f3b na minut\u0119, z czasem otwarcia wynosz\u0105cym 0,3\u20130,6 sekundy. Rozpoznawanie linii papilarnych z dok\u0142adno\u015bci\u0105 99,9% gwarantuje realizacj\u0119 zasady \u201ejedna osoba \u2013 jedna to\u017csamo\u015b\u0107\u201d. Unikalny design, ponad 8 par czujnik\u00f3w podczerwieni zapobiegaj\u0105cych przej\u015bciom nieuprawnionym oraz trwa\u0142a konstrukcja ze stali nierdzewnej SUS304. \u017bywotno\u015b\u0107 (MCBF) wynosz\u0105ca od 2 do 10 milion\u00f3w cykli. Idealne rozwi\u0105zanie dla lotnisk, stacji metra, stadion\u00f3w sportowych oraz centr\u00f3w konferencyjnych.           <\/p>\n<p>Mamy do\u015bwiadczonych projektant\u00f3w, kt\u00f3rzy s\u0105 w stanie dokona\u0107 g\u0142\u0119bokiej personalizacji wed\u0142ug Twoich potrzeb. W najszybszym mo\u017cliwym terminie udost\u0119pnimy szereg materia\u0142\u00f3w takich jak wizualizacje 3D, rysunki wymiarowe itp. Bramka obrotowa na odcisk palca, wielobiometryczna bramka szybkiego dost\u0119pu, gotowa na przysz\u0142o\u015b\u0107 bramka obrotowa na odcisk palca z opcjonalnym rozpoznawaniem twarzy i RFID. Przepustowo\u015b\u0107 ponad 45 os\u00f3b\/min, cichy serwomotor. Wej\u015bcie bezdotykowe. Zatrzymanie nieautoryzowanego wej\u015bcia. Nasza bramka obrotowa na odcisk palca jednocze\u015bnie weryfikuje to\u017csamo\u015b\u0107 i wykrywa osoby wje\u017cd\u017caj\u0105ce na parking. Do stref rz\u0105dowych i stref o zaostrzonym rygorze.     <\/p>\n<p>Ko\u0142owr\u00f3t z czytnikiem linii papilarnych to rodzaj inteligentnej bramki obrotowej dla pieszych, zintegrowanej z biometrycznym skanerem lub czytnikiem linii papilarnych, s\u0142u\u017c\u0105cej do zarz\u0105dzania bezpiecze\u0144stwem dost\u0119pu pieszych <a class=\"rank-math-link\" href=\"https:\/\/en.wikipedia.org\/wiki\/Fingerprint\" target=\"_blank\" rel=\"noopener noreferrer\">poprzez<\/a> weryfikacj\u0119 odcisk\u00f3w palc\u00f3w. Oczywi\u015bcie mo\u017cemy \u0142atwo zintegrowa\u0107 te biometryczne skanery linii papilarnych lub czytniki linii papilarnych z nasz\u0105 bramk\u0105 obrotow\u0105. Dostarczamy r\u00f3wnie\u017c urz\u0105dzenia biometryczne, takie jak czytniki kart IC\/ID, skanery linii papilarnych, skanery kod\u00f3w QR, kamery rozpoznaj\u0105ce twarz i tak dalej. Mairs mo\u017ce dostosowa\u0107 bramk\u0119 obrotow\u0105 Speed \u200b\u200bGate z czytnikiem linii papilarnych do Twoich wymaga\u0144. Je\u015bli potrzebuj\u0105 Pa\u0144stwo zintegrowa\u0107 te urz\u0105dzenia z bramk\u0105 obrotow\u0105 lub maj\u0105 Pa\u0144stwo jakiekolwiek pytania, prosimy <a href=\"https:\/\/mairsturnstile.com\/contact\">o kontakt z nami<\/a>.<\/p>\n<p>.Urz\u0105dzenie do rozpoznawania odcisk\u00f3w palc\u00f3w jest r\u00f3wnie\u017c metod\u0105 rozpoznawania Podobnie jak czytnik kart na zdj\u0119ciu produktu, ko\u0142owr\u00f3t odcisk\u00f3w palc\u00f3w mo\u017cna utworzy\u0107, dodaj\u0105c urz\u0105dzenie do rozpoznawania odcisk\u00f3w palc\u00f3w innej firmy lub zast\u0119puj\u0105c czytnik kart urz\u0105dzeniem do rozpoznawania linii papilarnych. Eleganckie zabezpieczenie. Nasza bramka obrotowa na odcisk palca wyposa\u017cona jest w 12-milimetrowe szklane skrzyd\u0142a, szczotkowan\u0105 stal 304SS, diody LED i czytnik linii papilarnych. Zajmuj\u0105ca ma\u0142o miejsca bramka obrotowa na odcisk palca (szeroko\u015b\u0107 \u2264180 mm) pasuje do w\u0105skich gniazdek. Pe\u0142na blokada przed wchodzeniem na ty\u0142 pojazdu i cicha praca. Do biur i sklep\u00f3w.    <\/p>\n<p>Metoda biometryczna linii papilarnych polega na identyfikacji danych biometrycznych przechodz\u0105cych os\u00f3b, a jej wiarygodno\u015b\u0107 jest stosunkowo wysoka. W por\u00f3wnaniu z identyfikacj\u0105 za pomoc\u0105 karty RFID\/kodu QR, oszcz\u0119dza to k\u0142opot\u00f3w z przenoszeniem zewn\u0119trznych no\u015bnik\u00f3w. Jednak odcisk palca jest \u0142atwy do pobrania i jest bardziej prawdopodobne, \u017ce zostanie zakamuflowany, dlatego istniej\u0105 pewne luki w zabezpieczeniach. Ponadto weryfikacja przej\u015bcia wymaga aktywnej wsp\u00f3\u0142pracy pieszych.<\/p>\n<h3>Dlaczego warto u\u017cywa\u0107 ko\u0142owrotu linii papilarnych?<\/h3>\n<p>Identyfikacja odcisk\u00f3w palc\u00f3w jest rodzajem technologii biometrycznej, kt\u00f3ra zosta\u0142a opracowana i zastosowana wcze\u015bniej. Jako technologia biometryczna z najd\u0142u\u017csz\u0105 histori\u0105 bada\u0144 i rozwoju, posiada nast\u0119puj\u0105ce zalety:<\/p>\n<p>1. The fingerprint is a unique feature of the human body, and its complexity is enough to provide sufficient features for identification;<br \/>\n2. Everyone&#8217;s fingerprints are quite fixed and difficult to change;<br \/>\n3. Easy to obtain fingerprint samples, easy to develop identification system, and strong practicability;<br \/>\n4. A person&#8217;s ten-finger fingerprints are different, which can improve the security of the system;<br \/>\n5. The storage of fingerprint templates is much less than that of fingerprint images;<br \/>\n6. The fingerprint acquisition head can be more miniaturized and cheaper.<\/p>\n<p>Mo\u017cemy r\u00f3wnie\u017c w ci\u0105gu kilku minut stworzy\u0107 dla Ciebie rendering na podstawie Twojego rzeczywistego scenariusza. Zapewniamy r\u00f3wnie\u017c szczeg\u00f3\u0142owy uk\u0142ad i rysunki, a tak\u017ce rysunki instalacyjne.<\/p>\n\n        \t\n\t<style type=\"text\/css\">\n\t\t.slider-info-26322.bafg-slider-info .bafg-slider-title {\n\t\t\t\t\t\tfont-size: 22px;\n\t\t\t\t\t\t\n\t\t\t\n\t\t\t\t\t}\n\n\t\t.slider-info-26322.bafg-slider-info .bafg-slider-description {\n\t\t\t\n\t\t\t\n\t\t\t\t\t}\n\n\t\t.slider-info-26322.bafg-slider-info .bafg_slider_readmore_button {\n\t\t\t\n\t\t\t\n\t\t\t\n\t\t\t\n\t\t\t\n\t\t\ttext-align: center;\n\n\t\t\t\n\t\t\t\n\t\t\t\n\t\t\t\n\t\t\t\n\t\t\t\n\t\t\t\t\t}\n\n\t\t.slider-info-26322.bafg-slider-info .bafg_slider_readmore_button:hover {\n\n\t\t\t\n\t\t\t\n\t\t\t\t\t}\n\n\t<\/style>\n\t\n        <div class=\"bafg-twentytwenty-container slider-26322 \" bafg-orientation=\"horizontal\" bafg-default-offset=\"0.5\" bafg-before-label=\"Before\" bafg-after-label=\"After\" bafg-overlay=\"yes\" bafg-move-slider-on-hover=\"yes\" bafg-click-to-move=\"no\">\n              \n            <img decoding=\"async\" class=\"skip-lazy\" src=\"http:\/\/mairsturnstile.com\/wp-content\/uploads\/2021\/07\/fingerprint-turnstile-5.jpg\" alt=\"fingerprint turnstile\" data-skip-lazy title=\"\">\n            <img decoding=\"async\" class=\"skip-lazy\" src=\"http:\/\/mairsturnstile.com\/wp-content\/uploads\/2021\/07\/fingerprint-turnstile-6.jpg\" alt=\"fingerprint turnstile\" data-skip-lazy title=\"\">\n           \n        <\/div>\n\n        \t<div class=\"bafg-slider-info-wraper\">\n\t\t<div style=\"\" class=\"slider-info-26322 bafg-slider-info\">\n\t\t\t\t\t<\/div>\n\t<\/div>\n\t\n        <style type=\"text\/css\">\n            \n        <\/style>\n        \n<p>Podczas odczytywania odcisk\u00f3w palc\u00f3w u\u017cytkownicy musz\u0105 dotyka\u0107 palc\u00f3w g\u0142owic\u0105 pobieraj\u0105c\u0105 odciski palc\u00f3w. Bezpo\u015bredni kontakt z g\u0142owic\u0105 pobieraj\u0105c\u0105 odciski palc\u00f3w jest najbardziej niezawodn\u0105 metod\u0105 odczytu danych biometrycznych cz\u0142owieka. Jest to r\u00f3wnie\u017c g\u0142\u00f3wny pow\u00f3d, dla kt\u00f3rego technologia identyfikacji odcisk\u00f3w palc\u00f3w mo\u017ce zaj\u0105\u0107 wi\u0119kszo\u015b\u0107 rynku; Mo\u017cna zauwa\u017cy\u0107, \u017ce technologia identyfikacji odcisk\u00f3w palc\u00f3w jest obecnie najwygodniejszym, niezawodnym, nieinwazyjnym i tanim rozwi\u0105zaniem w dziedzinie technologii biometrycznej i ma ogromny potencja\u0142 w zastosowaniach na du\u017c\u0105 skal\u0119.<\/p>\n<p>Bramka obrotowa na odcisk palca Servo Motor Speed Gate Automatic Slim Fast <a href=\"https:\/\/mairsturnstile.com\/speed-gates.html\">Speed Gates<\/a> bramki obrotowe bezpiecze\u0144stwa do lobby.<\/p>\n<p>Serwomotorowa bramka obrotowa z czytnikiem linii papilarnych MT-E316 to wysokiej klasy inteligentny produkt z barier\u0105 obrotow\u0105 firmy Mairs, kt\u00f3ry mo\u017ce w pe\u0142ni wykry\u0107 przechodz\u0105c\u0105 sytuacj\u0119 ludzkiego cia\u0142a.<\/p>\n<p>Materia\u0142 korpusu bramki obrotowej odcisk\u00f3w palc\u00f3w to stal nierdzewna 304, kt\u00f3ra jest antykorozyjna, trwa\u0142a i odporna.<\/p>\n<p>Zabezpieczenie przed znacznikami, zabezpieczenie przed uderzeniami, komunikacja RS485, silnik bezszczotkowy pr\u0105du sta\u0142ego, ten ko\u0142owrotek pr\u0119dko\u015bci obrotowej z odciskami palc\u00f3w kompatybilny ze wszystkimi rodzajami system\u00f3w <a href=\"https:\/\/en.wikipedia.org\/wiki\/Access_control\" target=\"_blank\" rel=\"noopener noreferrer\">kontroli dost\u0119pu.<\/a><\/p>\n<p>Te bramki obrotowe z czytnikiem linii papilarnych s\u0105 szeroko stosowane na dworcach autobusowych, portach, metrze, fabrykach, rezydencjach, obszarach mieszkalnych, hotelach, firmach i tak dalej w ka\u017cdym miejscu, kt\u00f3re wymaga inteligentnej kontroli przep\u0142ywu.<\/p>\n<p>Posiada funkcj\u0119 samokontroli usterek i monitu alarmowego, co jest wygodne dla u\u017cytkownik\u00f3w w utrzymaniu i u\u017cytkowaniu.<\/p>\n<p>Mo\u017cna go po\u0142\u0105czy\u0107 z dowolnym sygna\u0142em steruj\u0105cym lub przyciskiem i mo\u017ce by\u0107 wysy\u0142any przez dowolne urz\u0105dzenie steruj\u0105ce w celu realizacji sterowania jednokierunkowego i dwukierunkowego.<\/p>\n<p>Swobodne przej\u015bcie jednokierunkowe i dwukierunkowe mo\u017cna ustawi\u0107 dowolnie.<\/p>\n<p>Gdy urz\u0105dzenie jest w\u0142\u0105czane lub uruchamiane ponownie, posiada funkcj\u0119 samokontroli usterek, co jest wygodne dla u\u017cytkownik\u00f3w w utrzymaniu i u\u017cytkowaniu.<\/p>\n<p>Wskazanie stanu sygnalizacji \u015bwietlnej o du\u017cej intensywno\u015bci. Je\u015bli kto\u015b pod\u0105\u017ca, brama automatycznie uruchomi blokad\u0119 odwrotnego ci\u0105gu i uruchomi alarm. Pod\u0142\u0105cz sygna\u0142 alarmu po\u017carowego.<\/p>\n<p><strong>Parametr techniczny:<\/strong><\/p>\n<p>Szeroko\u015b\u0107 przej\u015bcia: Standardowo 600 mm (maks. 1200 mm \u2013 rami\u0119 o d\u0142ugo\u015bci powy\u017cej 900 mm)<br \/>\nWilgotno\u015b\u0107 robocza: 30%\u201395%<br \/>\nTemperatura robocza: -40\u00b0C \u2013 +70\u00b0C<br \/>\n\u015arodowisko pracy: Wewn\u0105trz pomieszcze\u0144<br \/>\nInterfejs wej\u015bciowy: RS485, styk bezpotencja\u0142owy (dry contact)<br \/>\nMechanizm: Bezszczotkowy silnik serwo 120 W<br \/>\nCzujniki podczerwieni: 6 par<br \/>\nMCBF: 5 000 000 cykli<br \/>\nZastosowanie: Biurowce, hotele, budynki administracji publicznej itp.<\/p>\n<p>Mo\u017cemy zapewni\u0107 ca\u0142e rozwi\u0105zanie kontroli dost\u0119pu bezpiecze\u0144stwa. Je\u015bli posiadasz w\u0142asny system kontroli dost\u0119pu, mo\u017cesz bezpo\u015brednio skorzysta\u0107 z naszej bramki obrotowej. Je\u015bli go nie posiadasz, zapewniamy r\u00f3wnie\u017c kompletne rozwi\u0105zanie w zakresie kontroli dost\u0119pu. Aby uzyska\u0107 szczeg\u00f3\u0142owe informacje, zapoznaj si\u0119 z poni\u017cszym filmem.<\/p>\n<p><iframe title=\"Szybka bramka obrotowa MT352, bramki do lobby, bramki biurowe, bramka optyczna \u2013 MairsTurnstile\" src=\"https:\/\/www.youtube.com\/embed\/IjOCC-mTXwk\" width=\"1150\" height=\"650\" frameborder=\"0\" allowfullscreen=\"allowfullscreen\"><\/iframe><\/p>\n","protected":false},"excerpt":{"rendered":"<p>1. Rozmiar: 1500 * 150 * 980 mm (mo\u017cna dostosowa\u0107)<\/p>\n<p>2. Materia\u0142: szczotkowany SUS 304 o grubo\u015bci 1,2 mm<\/p>\n<p>3. Materia\u0142 ramion: akryl 10 mm (opcja ze szk\u0142a hartowanego)<\/p>\n<p>4. Wysoko\u015b\u0107 ramienia: maks. 1300 mm (w obr\u0119bie szeroko\u015bci 600 mm<\/p>\n<p>5. Kierunek przej\u015bcia Jednokierunkowy\/Dwukierunkowy<\/p>\n<p>6. Szybko\u015b\u0107 zaliczenia: 30-35 os\u00f3b\/minut\u0119<\/p>\n<p>7. Czas dzia\u0142ania: 0,2 sekundy<\/p>\n<p>8. Pob\u00f3r mocy: AC100-240V, 50\/60HZ<\/p>\n<p>9. Working voltage: 24V<\/p>\n<p><span style=\"color: #000000;\"><strong><a style=\"color: #000000;\" title=\"Bramka obrotowa z certyfikatem CE Mairs\" href=\"http:\/\/mairsturnstile.com\/wp-content\/uploads\/2022\/09\/Mairs-CE-Certificate-Speed-Gate-Turnstile.pdf\" target=\"_blank\" rel=\"noopener noreferrer\">Certyfikat CE,<\/a> <a style=\"color: #000000;\" title=\"Certyfikat Mairs ISO9001\" href=\"http:\/\/mairsturnstile.com\/wp-content\/uploads\/2022\/09\/Mairs-Registration-Certificate-ISO9001.pdf\" target=\"_blank\" rel=\"noopener noreferrer\">Certyfikat ISO9001.<\/a><\/strong><\/span><\/p>\n<p><a title=\"Security Turnstiles Brochure\" href=\"https:\/\/mairsturnstile-online.com\/flipbook\/mt-a301-speed-gate-turnstile-brochure\" target=\"_blank\" rel=\"noopener noreferrer\"><strong><span style=\"color: #fcaf3b;\">Download MT-A301 Security Turnstile Brochure<\/span><\/strong><\/a><\/p>\n","protected":false},"featured_media":44340,"comment_status":"closed","ping_status":"closed","template":"","meta":{"neve_meta_sidebar":"","neve_meta_container":"","neve_meta_enable_content_width":"off","neve_meta_content_width":0,"neve_meta_title_alignment":"","neve_meta_author_avatar":"","neve_post_elements_order":"","neve_meta_disable_header":"","neve_meta_disable_footer":"","neve_meta_disable_title":"","_ti_tpc_template_sync":false,"_ti_tpc_template_id":""},"product_cat":[2036,2034],"product_tag":[2041,2153,2174,2175],"class_list":["post-33177","product","type-product","status-publish","has-post-thumbnail","hentry","product_cat-bramki-predkosci","product_cat-kolowroty-bezpieczenstwa","product_tag-bramka-obrotowa","product_tag-bramka-zabezpieczajaca","product_tag-kolowrot-odciskow-palcow","product_tag-sprzedam-bramki-szybkobiezne"],"_links":{"self":[{"href":"https:\/\/mairsturnstile.com\/pl\/wp-json\/wp\/v2\/product\/33177","targetHints":{"allow":["GET"]}}],"collection":[{"href":"https:\/\/mairsturnstile.com\/pl\/wp-json\/wp\/v2\/product"}],"about":[{"href":"https:\/\/mairsturnstile.com\/pl\/wp-json\/wp\/v2\/types\/product"}],"replies":[{"embeddable":true,"href":"https:\/\/mairsturnstile.com\/pl\/wp-json\/wp\/v2\/comments?post=33177"}],"version-history":[{"count":1,"href":"https:\/\/mairsturnstile.com\/pl\/wp-json\/wp\/v2\/product\/33177\/revisions"}],"predecessor-version":[{"id":73061,"href":"https:\/\/mairsturnstile.com\/pl\/wp-json\/wp\/v2\/product\/33177\/revisions\/73061"}],"wp:featuredmedia":[{"embeddable":true,"href":"https:\/\/mairsturnstile.com\/pl\/wp-json\/wp\/v2\/media\/44340"}],"wp:attachment":[{"href":"https:\/\/mairsturnstile.com\/pl\/wp-json\/wp\/v2\/media?parent=33177"}],"wp:term":[{"taxonomy":"product_cat","embeddable":true,"href":"https:\/\/mairsturnstile.com\/pl\/wp-json\/wp\/v2\/product_cat?post=33177"},{"taxonomy":"product_tag","embeddable":true,"href":"https:\/\/mairsturnstile.com\/pl\/wp-json\/wp\/v2\/product_tag?post=33177"}],"curies":[{"name":"wp","href":"https:\/\/api.w.org\/{rel}","templated":true}]}}