{"id":33180,"date":"2021-07-12T00:09:36","date_gmt":"2021-07-11T16:09:36","guid":{"rendered":"https:\/\/mairsturnstile.com\/product\/kolowrotek-z-klapa-metra-kolowrotek-mt225"},"modified":"2023-11-01T21:43:16","modified_gmt":"2023-11-01T13:43:16","slug":"kolowrot-metra","status":"publish","type":"product","link":"https:\/\/mairsturnstile.com\/pl\/produkt\/kolowrot-metra","title":{"rendered":"Ko\u0142owrotek z klap\u0105 metra Ko\u0142owrotek MT225"},"content":{"rendered":"<p><iframe title=\"Ko\u0142owr\u00f3t z barier\u0105 klapow\u0105, brama z barier\u0105 klapow\u0105, ko\u0142owr\u00f3t z klap\u0105 optyczn\u0105 - MairsTurnstile\" src=\"https:\/\/www.youtube.com\/embed\/nK1a72Ax-jQ\" width=\"560\" height=\"315\" frameborder=\"0\" allowfullscreen=\"allowfullscreen\"><span data-mce-type=\"bookmark\" style=\"display: inline-block; width: 0px; overflow: hidden; line-height: 0;\" class=\"mce_SELRES_start\"><\/span><\/iframe><\/p>\n<h4>Ko\u0142owrotek z klap\u0105 ko\u0142owrotu metra MT225 obj\u0119ty jest dwuletni\u0105 gwarancj\u0105 i trwa\u0142ym wsparciem w zakresie konserwacji i napraw.<\/h4>\n<p>Mo\u017cemy \u015bwiadczy\u0107 us\u0142ugi OEM i ODM. Mamy do\u015bwiadczonych projektant\u00f3w, kt\u00f3rzy s\u0105 w stanie dokona\u0107 g\u0142\u0119bokiej personalizacji wed\u0142ug Twoich potrzeb. W najszybszym mo\u017cliwym terminie udost\u0119pnimy szereg materia\u0142\u00f3w takich jak wizualizacje 3D, rysunki wymiarowe itp. Dostarczamy r\u00f3wnie\u017c urz\u0105dzenia biometryczne, takie jak czytniki kart IC\/ID, skanery linii papilarnych, skanery kod\u00f3w QR, kamery rozpoznaj\u0105ce twarz i tak dalej. Je\u015bli chcesz zintegrowa\u0107 te urz\u0105dzenia z bramk\u0105 obrotow\u0105 pe\u0142nej wysoko\u015bci lub masz jakie\u015b pytania, <a href=\"https:\/\/mairsturnstile.com\/contact\">skontaktuj si\u0119 z nami<\/a><\/p>\n<p><strong>Bramka metra jest rodzajem bramki obrotowej zarz\u0105dzaj\u0105cej kontrol\u0105 dost\u0119pu dla pieszych, kt\u00f3ra s\u0142u\u017cy przy wej\u015bciu i wyj\u015bciu ze stacji metra do kontroli pasa\u017cer\u00f3w wchodz\u0105cych i wychodz\u0105cych w po\u0142\u0105czeniu z systemem kontroli bilet\u00f3w metra.<\/strong>  Og\u00f3lnie rzecz bior\u0105c, ko\u0142owr\u00f3t z barier\u0105 klapow\u0105 jest wybierany dla ko\u0142owrotu metra, poniewa\u017c stacja metra jest miejscem z bliskim personelem, przep\u0142yw pasa\u017cer\u00f3w jest stosunkowo du\u017cy, a pr\u0119dko\u015b\u0107 ruchu ko\u0142owrotu z barier\u0105 klapow\u0105 jest r\u00f3wnie\u017c stosunkowo du\u017ca.<\/p>\n<p>Dlaczego bramka w metrze mija szybciej, poniewa\u017c czujnik zwykle u\u017cywany w bramce w metrze jest przeciwleg\u0142ym czujnikiem fotoelektrycznym, kt\u00f3ry mo\u017ce dok\u0142adniej wyczu\u0107 ludzkie cia\u0142o. Brama obrotowa w metrze jest wyposa\u017cona w wiele grup czujnik\u00f3w promieniowania, kt\u00f3re umo\u017cliwiaj\u0105 wykrywanie ludzi wchodz\u0105cych i wychodz\u0105cych. Znajduje si\u0119 g\u0142\u00f3wnie przy wej\u015bciu do bramy, jej \u015brodku i wyj\u015bciu z bramy. Aby zapewni\u0107 dok\u0142adne wykrywanie, niekt\u00f3re bramki obrotowe w metrze instaluj\u0105 czujniki na r\u00f3\u017cnych wysoko\u015bciach ka\u017cdej cz\u0119\u015bci.<\/p>\n<p>Mo\u017cemy r\u00f3wnie\u017c w ci\u0105gu kilku minut stworzy\u0107 dla Ciebie rendering na podstawie Twojego rzeczywistego scenariusza. Dostarczamy r\u00f3wnie\u017c szczeg\u00f3\u0142owe plany i rysunki, a tak\u017ce rysunki instalacyjne.<\/p>\n<h4>Zasada bramki obrotowej metra:<\/h4>\n<p>Czujnik zainstalowany przy wej\u015bciu do bramy s\u0142u\u017cy do wykrywania, czy ludzie wtargn\u0105 do bramy. Przesu\u0144 kart\u0119 poza \u017c\u00f3\u0142t\u0105 lini\u0119, przy wej\u015bciu do bramy nie ma \u017cadnego obiektu, sygna\u0142 czujnika jest normalny, a drzwi ko\u0142owrotu si\u0119 otworz\u0105; Je\u015bli osoba wejdzie na \u017c\u00f3\u0142t\u0105 lini\u0119, sygna\u0142 czujnika przy wej\u015bciu do bramki zmieni si\u0119 i nawet je\u015bli przesuniesz kart\u0119, drzwi ko\u0142owrotu nie otworz\u0105 si\u0119. Celem tej konstrukcji jest zapobieganie otwieraniu i zamykaniu bramki obrotowej podczas przesuwania karty na niewielk\u0105 odleg\u0142o\u015b\u0107, co mog\u0142oby spowodowa\u0107 potencjalne zagro\u017cenie bezpiecze\u0144stwa oraz zapobieganie omijaniu bilet\u00f3w.<\/p>\n<p>Po otwarciu drzwi ko\u0142owrotu cia\u0142o ludzkie przejdzie przez czujnik w drugiej cz\u0119\u015bci drzwi. Gdy kto\u015b stoi przy drzwiach, czujnik wykrywa t\u0119 osob\u0119, a drzwi b\u0119d\u0105 zawsze otwarte, aby zapobiec obra\u017ceniom.<\/p>\n<p>Po przej\u015bciu osoby przez drzwi podejd\u017a do czujnika wyj\u015bcia z bramy w trzeciej cz\u0119\u015bci. W tym momencie czujnik wykrywa osob\u0119 poprzez odbity sygna\u0142, a sygna\u0142 zostanie zwr\u00f3cony do drzwi, a drzwi zostan\u0105 zamkni\u0119te. Je\u015bli dwie osoby na si\u0142\u0119 przejd\u0105 przez bram\u0119, a pierwsza wyjdzie pierwsza, grozi to uszczypni\u0119ciem.<\/p>\n<p>Technologia czujnika ko\u0142owrotu w metrze wraz z systemem zliczania mo\u017ce zosta\u0107 wykorzystana do statystyki liczby os\u00f3b przechodz\u0105cych przez wej\u015bcie do metra. Ta aplikacja jest bardzo wa\u017cnym prze\u0142omem technologicznym. Dlatego bramka obrotowa metra ma bardzo wysokie wymagania dotycz\u0105ce stabilno\u015bci i niezawodno\u015bci czujnika.<\/p>\n<p>Bramka z barierk\u0105 klapow\u0105 Bramka metra MT225 oferuje niezawodn\u0105 i wydajn\u0105 metod\u0119 zapewniaj\u0105c\u0105, \u017ce tylko autoryzowani u\u017cytkownicy maj\u0105 dost\u0119p do ka\u017cdego obszaru budynku. Kierunkowskaz pokazywa\u0142, \u017ce piesi mieli dost\u0119p do aktualnego stanu i prowadzi\u0142 pieszych przez prawid\u0142owe i p\u0142ynne przej\u015bcie. Te <a href=\"https:\/\/mairsturnstile.com\/category\/security-turnstiles\/\">bramki obrotowe<\/a> s\u0105 wysoce zintegrowane z ka\u017cdym systemem kontroli dost\u0119pu, takim jak urz\u0105dzenia do rozpoznawania twarzy, odcisk\u00f3w palc\u00f3w, czytniki QR, systemy RFID itp.<\/p>\n<ul>\n<li style=\"list-style-type: none;\">\n<ul>\n<li>Ko\u0142owr\u00f3t z barier\u0105 klapow\u0105 w metrze jest skonstruowany w celu kontrolowania os\u00f3b wchodz\u0105cych i wychodz\u0105cych z obszaru o ograniczonym dost\u0119pie. Stosowane jest zazwyczaj w miejscach o du\u017cym nat\u0119\u017ceniu ruchu pieszego w obu kierunkach.<\/li>\n<li>Obudowa bariery klapowej wykonana jest ze szczotkowanej <a href=\"https:\/\/en.wikipedia.org\/wiki\/Stainless_steel\" target=\"_blank\" rel=\"noopener\">stali nierdzewnej<\/a> 304, kt\u00f3ra tworzy jednolity i \u0142adny system wej\u015bciowy, kt\u00f3ry wtapia si\u0119 w wi\u0119kszo\u015b\u0107 \u015brodowisk wewn\u0119trznych.<\/li>\n<li>Mo\u017cna go zintegrowa\u0107 ze wszystkimi systemami kontroli dost\u0119pu innych firm (np.: systemem dost\u0119pu RFID, Push the Button, rozpoznawaniem linii papilarnych i twarzy ze sprawdzeniem temperatury).<\/li>\n<li>W sytuacji awaryjnej rami\u0119 FlapTurntile otworzy si\u0119 automatycznie, \u0142\u0105cz\u0105c si\u0119 z akumulatorem lub kondensatorem, aby umo\u017cliwi\u0107 swobodny przep\u0142yw.<\/li>\n<li>Ko\u0142owrotki z klap\u0105 optyczn\u0105 nadaj\u0105 si\u0119 do luksusowych i eleganckich rozwi\u0105za\u0144 wej\u015bciowych.<\/li>\n<li>Ko\u0142owr\u00f3t klapowy charakteryzuje si\u0119 du\u017c\u0105 szybko\u015bci\u0105, d\u0142ug\u0105 \u017cywotno\u015bci\u0105, wysok\u0105 wydajno\u015bci\u0105 i wysok\u0105 niezawodno\u015bci\u0105 dzia\u0142ania.<\/li>\n<li> Funkcja alarmu w przypadku nielegalnego w\u0142amania i w\u0142amania odwrotnego.<\/li>\n<li>Czujnik podczerwieni uruchomi alarm, a dioda LED zacznie miga\u0107, aby zapobiec uszczypni\u0119ciu pieszych.<\/li>\n<li>Funkcja automatycznego resetowania: ramiona klap zamkn\u0105 si\u0119 automatycznie w ci\u0105gu 5 sekund (domy\u015blnie mo\u017cna ustawi\u0107), je\u015bli pasa\u017cer si\u0119 sp\u00f3\u017ani<\/li>\n<li>Ko\u0142owr\u00f3t klapowy pozostanie w zamku, je\u015bli kto\u015b b\u0119dzie chcia\u0142 si\u0119 w\u0142ama\u0107 bez przesuwania karty RFID.<\/li>\n<li>Kierunkowskaz LED na g\u00f3rnym i przednim s\u0142upku<\/li>\n<li>Funkcja zapobiegaj\u0105ca cofaniu, ko\u0142owrotek alarmuje, je\u015bli kto\u015b chce wej\u015b\u0107 w odwrotnym kierunku.<\/li>\n<li>Do wyboru jest bieg dwukierunkowy lub jednokierunkowy<\/li>\n<li>Temperatura pracy: -40 \u2103 ~ + 70 \u2103<\/li>\n<li>Wilgotno\u015b\u0107 robocza: 30% ~ 95%<\/li>\n<li>\u015arodowisko pracy: Wewn\u0105trz<\/li>\n<li>Input interface: RS485, dry contact relay<\/li>\n<li>Mechanizm: Silnik szczotkowy 35W<\/li>\n<li>Czujnik podczerwieni: 4 pary<\/li>\n<li>MCBF: 5 000 000 cykli<\/li>\n<li>Zastosowanie: Dworce autobusowe, hotele, hale rz\u0105dowe, szko\u0142y itp<\/li>\n<\/ul>\n<\/li>\n<\/ul>\n<p>Mo\u017cemy zapewni\u0107 ca\u0142e rozwi\u0105zanie kontroli dost\u0119pu bezpiecze\u0144stwa. Je\u015bli posiadasz w\u0142asny system kontroli dost\u0119pu, mo\u017cesz bezpo\u015brednio skorzysta\u0107 z naszej bramki obrotowej. Je\u015bli go nie posiadasz, zapewniamy r\u00f3wnie\u017c kompletne rozwi\u0105zanie w zakresie kontroli dost\u0119pu. Aby uzyska\u0107 szczeg\u00f3\u0142owe informacje, zapoznaj si\u0119 z poni\u017cszym filmem.<\/p>\n","protected":false},"excerpt":{"rendered":"<p>1. Rozmiar: 1200 * 300 * 980 mm (mo\u017cna dostosowa\u0107)<\/p>\n<p>2. Materia\u0142: 1,0 mm SUS 304 Hairline 400 # + g\u00f3rna pokrywa 1,2 mm SUS304<\/p>\n<p>3. Materia\u0142 ramienia: p\u0142ytka drukowana<\/p>\n<p>4. Szeroko\u015b\u0107 przej\u015bcia: standardowa 550 mm (mo\u017cna dostosowa\u0107)<\/p>\n<p>5. Kierunek przej\u015bcia Jednokierunkowy\/Dwukierunkowy<\/p>\n<p>6. Szybko\u015b\u0107 zaliczenia: 30-35 os\u00f3b\/minut\u0119<\/p>\n<p>7. Czas dzia\u0142ania: 0,2 sekundy<\/p>\n<p>8. Pob\u00f3r mocy: AC100-240V, 50\/60HZ<\/p>\n<p>9. Working voltage: 24V<\/p>\n<p><span style=\"color: #0000ff;\"><strong><a style=\"color: #0000ff;\" title=\"Ko\u0142owr\u00f3t z barier\u0105 klapow\u0105 Mairs z certyfikatem CE\" href=\"http:\/\/mairsturnstile.com\/wp-content\/uploads\/2022\/09\/Mairs-CE-Certificate-Flap-Barrier-Turnstile.pdf\" target=\"_blank\" rel=\"noopener noreferrer\">Certyfikat CE,<\/a> <a style=\"color: #0000ff;\" title=\"Certyfikat Mairs ISO9001\" href=\"http:\/\/mairsturnstile.com\/wp-content\/uploads\/2022\/09\/Mairs-Registration-Certificate-ISO9001.pdf\" target=\"_blank\" rel=\"noopener noreferrer\">Certyfikat ISO9001.<\/a><\/strong><\/span><\/p>\n","protected":false},"featured_media":62493,"comment_status":"closed","ping_status":"closed","template":"","meta":{"neve_meta_sidebar":"","neve_meta_container":"","neve_meta_enable_content_width":"off","neve_meta_content_width":0,"neve_meta_title_alignment":"","neve_meta_author_avatar":"","neve_post_elements_order":"","neve_meta_disable_header":"","neve_meta_disable_footer":"","neve_meta_disable_title":"","_ti_tpc_template_sync":false,"_ti_tpc_template_id":""},"product_cat":[2030,2034],"product_tag":[2178,2180,2184,2183,2075,2185,2181],"class_list":["post-33180","product","type-product","status-publish","has-post-thumbnail","hentry","product_cat-bariera-klapowa","product_cat-kolowroty-bezpieczenstwa","product_tag-bariera-klapowa","product_tag-bramka-barierowa-klapowa","product_tag-bramka-metra","product_tag-bramka-obrotowa-z-bariera-klapowa","product_tag-bramka-obrotowa-z-klapa","product_tag-sprzedam-bramke-obrotowa-do-metra","product_tag-system-barier-klapowych"],"_links":{"self":[{"href":"https:\/\/mairsturnstile.com\/pl\/wp-json\/wp\/v2\/product\/33180","targetHints":{"allow":["GET"]}}],"collection":[{"href":"https:\/\/mairsturnstile.com\/pl\/wp-json\/wp\/v2\/product"}],"about":[{"href":"https:\/\/mairsturnstile.com\/pl\/wp-json\/wp\/v2\/types\/product"}],"replies":[{"embeddable":true,"href":"https:\/\/mairsturnstile.com\/pl\/wp-json\/wp\/v2\/comments?post=33180"}],"version-history":[{"count":0,"href":"https:\/\/mairsturnstile.com\/pl\/wp-json\/wp\/v2\/product\/33180\/revisions"}],"wp:featuredmedia":[{"embeddable":true,"href":"https:\/\/mairsturnstile.com\/pl\/wp-json\/wp\/v2\/media\/62493"}],"wp:attachment":[{"href":"https:\/\/mairsturnstile.com\/pl\/wp-json\/wp\/v2\/media?parent=33180"}],"wp:term":[{"taxonomy":"product_cat","embeddable":true,"href":"https:\/\/mairsturnstile.com\/pl\/wp-json\/wp\/v2\/product_cat?post=33180"},{"taxonomy":"product_tag","embeddable":true,"href":"https:\/\/mairsturnstile.com\/pl\/wp-json\/wp\/v2\/product_tag?post=33180"}],"curies":[{"name":"wp","href":"https:\/\/api.w.org\/{rel}","templated":true}]}}