{"id":33309,"date":"2021-05-12T18:25:53","date_gmt":"2021-05-12T10:25:53","guid":{"rendered":"https:\/\/mairsturnstile.com\/product\/zewnetrzne-bramki-obrotowe-zabezpieczajace-na-sprzedaz-mt-359w"},"modified":"2023-11-01T11:17:11","modified_gmt":"2023-11-01T03:17:11","slug":"cena-bramek-predkosci","status":"publish","type":"product","link":"https:\/\/mairsturnstile.com\/pl\/produkt\/cena-bramek-predkosci","title":{"rendered":"Zewn\u0119trzne bramki obrotowe zabezpieczaj\u0105ce na sprzeda\u017c MT-359W"},"content":{"rendered":"        <!-- 3D Model html -->\r\n        <div class=\"bp_grand wrapper_26318\">   \r\n        <div class=\"bp_model_parent\">\r\n            <model-viewer class=\"model\" id=\"bp_model_id_26318\" src=\"http:\/\/mairsturnstile.com\/wp-content\/uploads\/2021\/05\/MT-359W.glb\" alt=\"MT-359W\" camera-controls  loading=\"auto\" auto-rotate                        >\r\n            <\/model-viewer>\r\n        \r\n            <!-- Button -->\r\n            <svg id=\"openBtn\" width=\"30px\" height=\"30px\" viewBox=\"0 0 16 16\" xmlns=\"http:\/\/www.w3.org\/2000\/svg\" fill=\"#f2f2f2\" class=\"bi bi-arrows-fullscreen model-icon\">\r\n                <path fill-rule=\"evenodd\" d=\"M5.828 10.172a.5.5 0 0 0-.707 0l-4.096 4.096V11.5a.5.5 0 0 0-1 0v3.975a.5.5 0 0 0 .5.5H4.5a.5.5 0 0 0 0-1H1.732l4.096-4.096a.5.5 0 0 0 0-.707zm4.344 0a.5.5 0 0 1 .707 0l4.096 4.096V11.5a.5.5 0 1 1 1 0v3.975a.5.5 0 0 1-.5.5H11.5a.5.5 0 0 1 0-1h2.768l-4.096-4.096a.5.5 0 0 1 0-.707zm0-4.344a.5.5 0 0 0 .707 0l4.096-4.096V4.5a.5.5 0 1 0 1 0V.525a.5.5 0 0 0-.5-.5H11.5a.5.5 0 0 0 0 1h2.768l-4.096 4.096a.5.5 0 0 0 0 .707zm-4.344 0a.5.5 0 0 1-.707 0L1.025 1.732V4.5a.5.5 0 0 1-1 0V.525a.5.5 0 0 1 .5-.5H4.5a.5.5 0 0 1 0 1H1.732l4.096 4.096a.5.5 0 0 1 0 .707z\"\/>\r\n            <\/svg>\r\n        \r\n            <svg id=\"closeBtn\" class=\"model-icon\" width=\"34px\" height=\"34px\" viewBox=\"0 0 24 24\" xmlns=\"http:\/\/www.w3.org\/2000\/svg\">\r\n                <path fill=\"none\" stroke=\"#f2f2f2\" stroke-width=\"2\" d=\"M7,7 L17,17 M7,17 L17,7\"\/>\r\n            <\/svg>\r\n        \r\n        <\/div>\r\n        <\/div> \r\n\r\n        <!-- Model Viewer Style -->\r\n        <style>\r\n            \r\n            .wrapper_26318 .bp_model_parent, #bp_model_id_26318 {\r\n                width: 1150px;\r\n                max-width: 100%;\r\n                                            }\r\n            #bp_model_id_26318 {\r\n                height:700px;\r\n                background-color: #f9f9f9;\r\n            }\r\n            .fullscreen #bp_model_id_26318{\r\n            height: 100%;\r\n            width: 100%;\r\n            }\r\n            .wrapper_26318 .bp_model_parent{\r\n                justify-content: start            }\r\n            model-viewer.model {\r\n                --poster-color: transparent;\r\n            }\r\n        <\/style>\r\n        \r\n        \n<h4><strong><b>NAJLEPSZE CENY BRAMEK PR\u0118DKO\u015aCIOWYCH od Mairs, Ten Fastlane <\/b><\/strong><strong><b>Bramki pr\u0119dko\u015bci<\/b><\/strong><strong><b> Pasy pr\u0119dko\u015bci <\/b><\/strong><strong><b>posiada <\/b><\/strong><strong><b>2-letni\u0105 gwarancj\u0105 oraz trwa\u0142ym wsparciem w zakresie konserwacji i napraw.<\/b><\/strong><\/h4>\n<p>Mairs can customize speed gates according to your requirements. Mamy do\u015bwiadczonych projektant\u00f3w, kt\u00f3rzy s\u0105 w stanie dokona\u0107 g\u0142\u0119bokiej personalizacji wed\u0142ug Twoich potrzeb. W najszybszym mo\u017cliwym terminie udost\u0119pnimy szereg materia\u0142\u00f3w takich jak wizualizacje 3D, rysunki wymiarowe itp. Dostarczamy r\u00f3wnie\u017c urz\u0105dzenia biometryczne, takie jak czytniki kart IC\/ID, skanery linii papilarnych, skanery kod\u00f3w QR, kamery rozpoznaj\u0105ce twarz i tak dalej.<\/p>\n<p>Bramki szybkobie\u017cne Fastlane cena bramki obrotowe bezpiecze\u0144stwa na zewn\u0105trz <strong><b>Automatyczne bramki szybkobie\u017cne Slim <\/b><\/strong><strong><b>Bramki obrotowe bezpiecze\u0144stwa.<\/b><\/strong><\/p>\n<h4><strong><b> Working environment: Indoor and outdoor.<\/b><\/strong><\/h4>\n<p><strong><b>BRAMKI PR\u0118DKO\u015aCI CENA SPPED PASY RUCHU <\/b><\/strong><strong><b>to <\/b><\/strong><strong><b>to wysokiej klasy inteligentna bramka obrotowa firmy Mairs, kt\u00f3ra mo\u017ce w pe\u0142ni wykry\u0107 sytuacj\u0119 przej\u015bcia ludzkiego cia\u0142a. <\/b><\/strong> <\/p>\n<p>Materia\u0142 korpusu bramy pr\u0119dko\u015bci to stal nierdzewna 304, kt\u00f3ra jest antykorozyjna, trwa\u0142a i odporna.<\/p>\n<p><strong><b>Anti-tag after, anti-hit against, komunikacja RS485, silnik bezszczotkowy DC, <\/b><\/strong>Ten ko\u0142owr\u00f3t <a href=\"https:\/\/mairsturnstile.com\/product\/security-speed-gates\">bramek bezpiecze\u0144stwa<\/a> jest <strong><b>Kompatybilny ze wszystkimi rodzajami system\u00f3w kontroli dost\u0119pu<\/b><\/strong><strong><b>.<\/b><\/strong><\/p>\n<p>TA PR\u0118DKO\u015a\u0106 BRAMKA PR\u0118DKO\u015aCI CENOWEJ lane jest jednym z nowych, wysokiej klasy, gor\u0105cych produkt\u00f3w w sprzeda\u017cy od MairsTurnstile.<\/p>\n<p>Mo\u017cemy r\u00f3wnie\u017c w ci\u0105gu kilku minut stworzy\u0107 dla Ciebie rendering na podstawie Twojego rzeczywistego scenariusza. Zapewniamy r\u00f3wnie\u017c szczeg\u00f3\u0142owy uk\u0142ad i rysunki, a tak\u017ce rysunki instalacyjne.<\/p>\n\n        \t\n\t<style type=\"text\/css\">\n\t\t.slider-info-24285.bafg-slider-info .bafg-slider-title {\n\t\t\t\t\t\tfont-size: 22px;\n\t\t\t\t\t\t\n\t\t\t\n\t\t\t\t\t}\n\n\t\t.slider-info-24285.bafg-slider-info .bafg-slider-description {\n\t\t\t\n\t\t\t\n\t\t\t\t\t}\n\n\t\t.slider-info-24285.bafg-slider-info .bafg_slider_readmore_button {\n\t\t\t\n\t\t\t\n\t\t\t\n\t\t\t\n\t\t\t\n\t\t\ttext-align: center;\n\n\t\t\t\n\t\t\t\n\t\t\t\n\t\t\t\n\t\t\t\n\t\t\t\n\t\t\t\t\t}\n\n\t\t.slider-info-24285.bafg-slider-info .bafg_slider_readmore_button:hover {\n\n\t\t\t\n\t\t\t\n\t\t\t\t\t}\n\n\t<\/style>\n\t\n        <div class=\"bafg-twentytwenty-container slider-24285 \" bafg-orientation=\"horizontal\" bafg-default-offset=\"0.5\" bafg-before-label=\"Before\" bafg-after-label=\"After\" bafg-overlay=\"yes\" bafg-move-slider-on-hover=\"yes\" bafg-click-to-move=\"no\">\n              \n            <img decoding=\"async\" class=\"skip-lazy\" src=\"http:\/\/mairsturnstile.com\/wp-content\/uploads\/2021\/05\/speed-gate-price-7.jpg\" alt=\"speed gate price\" data-skip-lazy title=\"\">\n            <img decoding=\"async\" class=\"skip-lazy\" src=\"http:\/\/mairsturnstile.com\/wp-content\/uploads\/2021\/05\/speed-gate-price-8.jpg\" alt=\"speed gate price\" data-skip-lazy title=\"\">\n           \n        <\/div>\n\n        \t<div class=\"bafg-slider-info-wraper\">\n\t\t<div style=\"\" class=\"slider-info-24285 bafg-slider-info\">\n\t\t\t\t\t<\/div>\n\t<\/div>\n\t\n        <style type=\"text\/css\">\n            \n        <\/style>\n        \n<p>Dzi\u0119ki doskona\u0142ej technologii, wszechstronnym funkcjom i wysokiej niezawodno\u015bci mo\u017cna go zastosowa\u0107 w obiektach o wysokim poziomie, takich jak wysokiej klasy spo\u0142eczno\u015bci, inteligentne budynki, hotele, stacje metra i si\u0142ownie.<\/p>\n<p>Nasza por\u0119cz uchylna mo\u017ce by\u0107 zintegrowana z nowoczesnym inteligentnym systemem zarz\u0105dzania w celu realizacji inteligentnego zarz\u0105dzania <a href=\"https:\/\/en.wikipedia.org\/wiki\/Access_control\" target=\"_blank\" rel=\"noopener\">kontrol\u0105 dost\u0119pu<\/a>.<\/p>\n<p>Por\u0119cze obrotowe mo\u017cna podzieli\u0107 na por\u0119cze obrotowe cylindryczne i por\u0119cze obrotowe mostowe.<\/p>\n<p>Kompaktowa konstrukcja mechaniczna i elektryczna, unikalny nap\u0119d i mechanizm samoblokuj\u0105cy<\/p>\n<p>Automatyczne wykrywanie usterek. Niedroga cena bramek pr\u0119dko\u015bci w Internecie.<\/p>\n<p>Interfejs wej\u015bciowy mo\u017ce by\u0107 u\u017cywany do pod\u0142\u0105czenia sygna\u0142u bezpr\u0105dowego i sygna\u0142u prze\u0142\u0105czaj\u0105cego<\/p>\n<p>Regulowane automatyczne op\u00f3\u017anienie zamykania<\/p>\n<p>Fotokom\u00f3rka na podczerwie\u0144 zapewniaj\u0105ca bezpieczne przej\u015bcie<\/p>\n<p>Alarmy nieautoryzowanego wej\u015bcia i braku wej\u015bcia<\/p>\n<p>W\u0142\u0105czaj i wy\u0142\u0105czaj automatycznie<\/p>\n<p>Free access when power off<\/p>\n<p>Adjustable entry direction<\/p>\n<p>Zapewnij interfejs awaryjny<\/p>\n<p>Sygnalizacja \u015bwietlna umo\u017cliwiaj\u0105ca pasa\u017cerom wej\u015bcie<\/p>\n<p>Temperatura pracy: -25 \u2103 \uff5e 70 \u2103<\/p>\n<p>Szybko\u015b\u0107 zaliczenia: 35 p\/min<\/p>\n<p>Maksymalny pob\u00f3r mocy: 120W<\/p>\n<p>Wysoko\u015b\u0107 ramienia: od pod\u0142o\u017ca 1300 mm dostosowana<\/p>\n<p>Interfejs komunikacyjny: sygna\u0142 RS485\/przeka\u017anik<\/p>\n<p>MCBF: 5 000 000 cykli<\/p>\n<p>aplikacji: Lotniska, hotele, hale rz\u0105dowe itp<\/p>\n<p>Mo\u017cemy zapewni\u0107 ca\u0142e rozwi\u0105zanie kontroli dost\u0119pu bezpiecze\u0144stwa. Je\u015bli posiadasz w\u0142asny system kontroli dost\u0119pu, mo\u017cesz bezpo\u015brednio skorzysta\u0107 z naszej bramki obrotowej. Je\u015bli go nie posiadasz, zapewniamy r\u00f3wnie\u017c kompletne rozwi\u0105zanie w zakresie kontroli dost\u0119pu. Aby uzyska\u0107 szczeg\u00f3\u0142owe informacje, zapoznaj si\u0119 z poni\u017cszym filmem.<\/p>\n<p><iframe title=\"Nowy projekt ko\u0142owrotu Speed Gate, ko\u0142owroty w holu, ko\u0142owrotek biurowy - MairsTurnstile.com\" src=\"https:\/\/www.youtube.com\/embed\/izk8WuYn4no\" width=\"1150\" height=\"650\" frameborder=\"0\" allowfullscreen=\"allowfullscreen\"><\/iframe><\/p>\n","protected":false},"excerpt":{"rendered":"<p>1. Rozmiar: 1500 x 150 x 980 mm (mo\u017cna dostosowa\u0107)<\/p>\n<p>2. Napi\u0119cie zasilania: 110 V-240 V, 50 Hz\/60 Hz<\/p>\n<p>3. Working Voltage: DC24V<\/p>\n<p>4. Wilgotno\u015b\u0107 wzgl\u0119dna: \u226495%, bez kondensacji<\/p>\n<p>5. Czas odblokowania: 0,2 s<\/p>\n<p>6. Materia\u0142: stal nierdzewna 304<\/p>\n<p>7. Materia\u0142 ramion: akryl 10 mm<\/p>\n<p>8. Motor: Brushless Servo Motor<\/p>\n<p>9. Szeroko\u015b\u0107 przej\u015bcia: standardowa 600 mm, dla niepe\u0142nosprawnych 900 mm<\/p>\n<p><span style=\"color: #0000ff;\"><strong><a style=\"color: #0000ff;\" title=\"Bramka obrotowa z certyfikatem CE Mairs\" href=\"http:\/\/mairsturnstile.com\/wp-content\/uploads\/2022\/09\/Mairs-CE-Certificate-Speed-Gate-Turnstile.pdf\" target=\"_blank\" rel=\"noopener noreferrer\">Certyfikat CE,<\/a> <a style=\"color: #0000ff;\" title=\"Certyfikat Mairs ISO9001\" href=\"http:\/\/mairsturnstile.com\/wp-content\/uploads\/2022\/09\/Mairs-Registration-Certificate-ISO9001.pdf\" target=\"_blank\" rel=\"noopener noreferrer\">Certyfikat ISO9001.<\/a><\/strong><\/span><\/p>\n","protected":false},"featured_media":65888,"comment_status":"closed","ping_status":"closed","template":"","meta":{"neve_meta_sidebar":"","neve_meta_container":"","neve_meta_enable_content_width":"off","neve_meta_content_width":0,"neve_meta_title_alignment":"","neve_meta_author_avatar":"","neve_post_elements_order":"","neve_meta_disable_header":"","neve_meta_disable_footer":"","neve_meta_disable_title":"","_ti_tpc_template_sync":false,"_ti_tpc_template_id":""},"product_cat":[2036,2034],"product_tag":[2042,2253,2255,2060,2062,2252,2254,2175],"class_list":["post-33309","product","type-product","status-publish","has-post-thumbnail","hentry","product_cat-bramki-predkosci","product_cat-kolowroty-bezpieczenstwa","product_tag-bramki-predkosci","product_tag-cena-bramek-predkosci","product_tag-cena-bramki-predkosci","product_tag-ile-kosztuje-kolowrotek","product_tag-koszt-kolowrotu","product_tag-pasy-predkosci","product_tag-sprzedam-brame-szybkobiezna","product_tag-sprzedam-bramki-szybkobiezne"],"_links":{"self":[{"href":"https:\/\/mairsturnstile.com\/pl\/wp-json\/wp\/v2\/product\/33309","targetHints":{"allow":["GET"]}}],"collection":[{"href":"https:\/\/mairsturnstile.com\/pl\/wp-json\/wp\/v2\/product"}],"about":[{"href":"https:\/\/mairsturnstile.com\/pl\/wp-json\/wp\/v2\/types\/product"}],"replies":[{"embeddable":true,"href":"https:\/\/mairsturnstile.com\/pl\/wp-json\/wp\/v2\/comments?post=33309"}],"version-history":[{"count":0,"href":"https:\/\/mairsturnstile.com\/pl\/wp-json\/wp\/v2\/product\/33309\/revisions"}],"wp:featuredmedia":[{"embeddable":true,"href":"https:\/\/mairsturnstile.com\/pl\/wp-json\/wp\/v2\/media\/65888"}],"wp:attachment":[{"href":"https:\/\/mairsturnstile.com\/pl\/wp-json\/wp\/v2\/media?parent=33309"}],"wp:term":[{"taxonomy":"product_cat","embeddable":true,"href":"https:\/\/mairsturnstile.com\/pl\/wp-json\/wp\/v2\/product_cat?post=33309"},{"taxonomy":"product_tag","embeddable":true,"href":"https:\/\/mairsturnstile.com\/pl\/wp-json\/wp\/v2\/product_tag?post=33309"}],"curies":[{"name":"wp","href":"https:\/\/api.w.org\/{rel}","templated":true}]}}