{"id":33311,"date":"2021-05-12T17:21:20","date_gmt":"2021-05-12T09:21:20","guid":{"rendered":"https:\/\/mairsturnstile.com\/product\/pasy-predkosci-silnika-serwo-speed-gates-mt364"},"modified":"2023-11-01T11:18:38","modified_gmt":"2023-11-01T03:18:38","slug":"speed-gates-uk","status":"publish","type":"product","link":"https:\/\/mairsturnstile.com\/pl\/produkt\/speed-gates-uk","title":{"rendered":"Pasy pr\u0119dko\u015bci silnika serwo Speed Gates MT364"},"content":{"rendered":"        <!-- 3D Model html -->\r\n        <div class=\"bp_grand wrapper_24273\">   \r\n        <div class=\"bp_model_parent\">\r\n            <model-viewer class=\"model\" id=\"bp_model_id_24273\" src=\"http:\/\/mairsturnstile.com\/wp-content\/uploads\/2023\/06\/MT364.glb\" alt=\"MT364\" camera-controls  loading=\"auto\" auto-rotate                        >\r\n            <\/model-viewer>\r\n        \r\n            <!-- Button -->\r\n            <svg id=\"openBtn\" width=\"30px\" height=\"30px\" viewBox=\"0 0 16 16\" xmlns=\"http:\/\/www.w3.org\/2000\/svg\" fill=\"#f2f2f2\" class=\"bi bi-arrows-fullscreen model-icon\">\r\n                <path fill-rule=\"evenodd\" d=\"M5.828 10.172a.5.5 0 0 0-.707 0l-4.096 4.096V11.5a.5.5 0 0 0-1 0v3.975a.5.5 0 0 0 .5.5H4.5a.5.5 0 0 0 0-1H1.732l4.096-4.096a.5.5 0 0 0 0-.707zm4.344 0a.5.5 0 0 1 .707 0l4.096 4.096V11.5a.5.5 0 1 1 1 0v3.975a.5.5 0 0 1-.5.5H11.5a.5.5 0 0 1 0-1h2.768l-4.096-4.096a.5.5 0 0 1 0-.707zm0-4.344a.5.5 0 0 0 .707 0l4.096-4.096V4.5a.5.5 0 1 0 1 0V.525a.5.5 0 0 0-.5-.5H11.5a.5.5 0 0 0 0 1h2.768l-4.096 4.096a.5.5 0 0 0 0 .707zm-4.344 0a.5.5 0 0 1-.707 0L1.025 1.732V4.5a.5.5 0 0 1-1 0V.525a.5.5 0 0 1 .5-.5H4.5a.5.5 0 0 1 0 1H1.732l4.096 4.096a.5.5 0 0 1 0 .707z\"\/>\r\n            <\/svg>\r\n        \r\n            <svg id=\"closeBtn\" class=\"model-icon\" width=\"34px\" height=\"34px\" viewBox=\"0 0 24 24\" xmlns=\"http:\/\/www.w3.org\/2000\/svg\">\r\n                <path fill=\"none\" stroke=\"#f2f2f2\" stroke-width=\"2\" d=\"M7,7 L17,17 M7,17 L17,7\"\/>\r\n            <\/svg>\r\n        \r\n        <\/div>\r\n        <\/div> \r\n\r\n        <!-- Model Viewer Style -->\r\n        <style>\r\n            \r\n            .wrapper_24273 .bp_model_parent, #bp_model_id_24273 {\r\n                width: 1150px;\r\n                max-width: 100%;\r\n                                            }\r\n            #bp_model_id_24273 {\r\n                height:700px;\r\n                background-color: #f2f2f2;\r\n            }\r\n            .fullscreen #bp_model_id_24273{\r\n            height: 100%;\r\n            width: 100%;\r\n            }\r\n            .wrapper_24273 .bp_model_parent{\r\n                justify-content: start            }\r\n            model-viewer.model {\r\n                --poster-color: transparent;\r\n            }\r\n        <\/style>\r\n        \r\n        \n<h4><strong><b>SPEED GATES UK, SPEED LANES UK oferuje Pa\u0144stwu <\/b><\/strong><strong><b>2-letni\u0105 gwarancj\u0119 oraz trwa\u0142e wsparcie w zakresie konserwacji i napraw.<\/b><\/strong><strong><b> <\/b><\/strong><\/h4>\n<p>Mo\u017cemy \u015bwiadczy\u0107 us\u0142ugi OEM i ODM. Mamy do\u015bwiadczonych projektant\u00f3w, kt\u00f3rzy s\u0105 w stanie dokona\u0107 g\u0142\u0119bokiej personalizacji wed\u0142ug Twoich potrzeb. W najszybszym mo\u017cliwym terminie udost\u0119pnimy szereg materia\u0142\u00f3w takich jak wizualizacje 3D, rysunki wymiarowe itp.<\/p>\n<h4><strong><b>Mairs mo\u017ce dostosowa\u0107 BRAMY PR\u0118DKO\u015aCI W Wielkiej Brytanii do Twoich wymaga\u0144. Dostarczamy r\u00f3wnie\u017c urz\u0105dzenia biometryczne, takie jak czytniki kart IC\/ID, skanery linii papilarnych, skanery kod\u00f3w QR, kamery rozpoznaj\u0105ce twarz i tak dalej.<\/b><\/strong><\/h4>\n<p><strong><b>BRAMKI PR\u0118DKO\u015aCI UK <\/b><\/strong><strong><b>Automatyczne w\u0105skie <a href=\"https:\/\/mairsturnstile.com\/speed-gates.html\">bramki<\/a> szybkiej pr\u0119dko\u015bci Pasy pr\u0119dko\u015bci<\/b><\/strong><strong><b>bramki obrotowe bezpiecze\u0144stwa, eksportujemy SPEED GAETS SPEED LANES do Wielkiej Brytanii do lobby.<\/b><\/strong><\/p>\n<p><strong><b>ta bramka pr\u0119dko\u015bci tuk MT-A307 to wysokiej klasy inteligentny produkt firmy Mairs z inteligentnymi bramkami zabezpieczaj\u0105cymi, kt\u00f3ry mo\u017ce w pe\u0142ni wykry\u0107 przechodz\u0105c\u0105 sytuacj\u0119 ludzkiego cia\u0142a. <\/b><\/strong><\/p>\n<p>Materia\u0142 korpusu bramek pr\u0119dko\u015bci to <a href=\"https:\/\/en.wikipedia.org\/wiki\/Stainless_steel\" target=\"_blank\" rel=\"noopener\">stal nierdzewna<\/a> 304, kt\u00f3ra jest antykorozyjna, trwa\u0142a i wysoce odporna. Wysoko\u015b\u0107 ramienia mo\u017cna dostosowa\u0107<\/p>\n<p>Ten ko\u0142owrotek do bramek szybkiego ruchu mo\u017ce by\u0107 kompatybilny z kartami IC, kartami identyfikacyjnymi, kartami z kodami kreskowymi, czytnikami kart linii papilarnych, kamerami do rozpoznawania twarzy i innymi urz\u0105dzeniami biometrycznymi, zapewniaj\u0105c cywilizowany i uporz\u0105dkowany dost\u0119p dla personelu; Efektywne zarz\u0105dzanie prawami dost\u0119pu pracownik\u00f3w. Mo\u017ce by\u0107 szeroko stosowany w holach budynk\u00f3w, metrze, lotniskach, urz\u0119dach celnych, halach wystawowych, budynkach rz\u0105dowych, instytucjach finansowych, klubach i innych wysokiej klasy zastosowaniach wewn\u0119trznych.<\/p>\n<p>Mo\u017cemy r\u00f3wnie\u017c w ci\u0105gu kilku minut stworzy\u0107 dla Ciebie rendering na podstawie Twojego rzeczywistego scenariusza. Dostarczamy r\u00f3wnie\u017c szczeg\u00f3\u0142owe plany i rysunki, a tak\u017ce rysunki instalacyjne.<\/p>\n\n        \t\n\t<style type=\"text\/css\">\n\t\t.slider-info-24293.bafg-slider-info .bafg-slider-title {\n\t\t\t\t\t\tfont-size: 22px;\n\t\t\t\t\t\t\n\t\t\t\n\t\t\t\t\t}\n\n\t\t.slider-info-24293.bafg-slider-info .bafg-slider-description {\n\t\t\t\n\t\t\t\n\t\t\t\t\t}\n\n\t\t.slider-info-24293.bafg-slider-info .bafg_slider_readmore_button {\n\t\t\t\n\t\t\t\n\t\t\t\n\t\t\t\n\t\t\t\n\t\t\ttext-align: center;\n\n\t\t\t\n\t\t\t\n\t\t\t\n\t\t\t\n\t\t\t\n\t\t\t\n\t\t\t\t\t}\n\n\t\t.slider-info-24293.bafg-slider-info .bafg_slider_readmore_button:hover {\n\n\t\t\t\n\t\t\t\n\t\t\t\t\t}\n\n\t<\/style>\n\t\n        <div class=\"bafg-twentytwenty-container slider-24293 \" bafg-orientation=\"horizontal\" bafg-default-offset=\"0.5\" bafg-before-label=\"Before\" bafg-after-label=\"After\" bafg-overlay=\"yes\" bafg-move-slider-on-hover=\"yes\" bafg-click-to-move=\"no\">\n              \n            <img decoding=\"async\" class=\"skip-lazy\" src=\"http:\/\/mairsturnstile.com\/wp-content\/uploads\/2023\/07\/speed-gates-uk_4.jpg\" alt=\"speed gates uk\" data-skip-lazy title=\"\">\n            <img decoding=\"async\" class=\"skip-lazy\" src=\"http:\/\/mairsturnstile.com\/wp-content\/uploads\/2023\/07\/speed-gates-uk_5.jpg\" alt=\"speed gates uk\" data-skip-lazy title=\"\">\n           \n        <\/div>\n\n        \t<div class=\"bafg-slider-info-wraper\">\n\t\t<div style=\"\" class=\"slider-info-24293 bafg-slider-info\">\n\t\t\t\t\t<\/div>\n\t<\/div>\n\t\n        <style type=\"text\/css\">\n            \n        <\/style>\n        \n<ol>\n<li>Rozmiar: 1500*100*980mm<\/li>\n<li>Materia\u0142: importowany SUS304 o grubo\u015bci 1,5 mm; Polska linia 400# Snow<\/li>\n<li>Materia\u0142 ramion: akryl 10 mm<\/li>\n<li>Szeroko\u015b\u0107 przej\u015bcia: 600 mm -900 mm<\/li>\n<li>Kierunek przej\u015bcia: jednokierunkowy\/dwukierunkowy<\/li>\n<li>Pass rate: 30-35 persons\/minute<\/li>\n<li>Czas dzia\u0142ania: 0,2 sekundy<\/li>\n<li>Pob\u00f3r mocy: AC100-240V, 50\/60HZ<\/li>\n<li>Bramki zwalniaj\u0105ce UK Napi\u0119cie robocze: 24V<\/li>\n<li>Wilgotno\u015b\u0107 robocza: 30% ~ 95%<\/li>\n<li>Temperatura pracy: -40 \u2103 ~ + 70 \u2103<\/li>\n<li>\u015arodowisko pracy: Wewn\u0105trz<\/li>\n<li>Interfejs wej\u015bciowy: RS485, styk bezpotencja\u0142owy<\/li>\n<li>Mechanizm: bezszczotkowy serwosilnik + sprz\u0119g\u0142o<\/li>\n<li>Czujnik podczerwieni: 6 par<\/li>\n<li>MCBF: 5 000 000 cykli<\/li>\n<li>Funkcja: Wysoko\u015b\u0107 ramienia mo\u017cna dostosowa\u0107<\/li>\n<li>aplikacji: Lotniska, hotele, hale rz\u0105dowe itp<\/li>\n<\/ol>\n<p>Mo\u017cemy zapewni\u0107 ca\u0142e rozwi\u0105zanie kontroli dost\u0119pu bezpiecze\u0144stwa. Je\u015bli posiadasz w\u0142asny system kontroli dost\u0119pu, mo\u017cesz bezpo\u015brednio skorzysta\u0107 z naszej bramki obrotowej. Je\u015bli go nie posiadasz, zapewniamy r\u00f3wnie\u017c kompletne rozwi\u0105zanie w zakresie kontroli dost\u0119pu. Aby uzyska\u0107 szczeg\u00f3\u0142owe informacje, zapoznaj si\u0119 z poni\u017cszym filmem.<\/p>\n<p><iframe title=\"Ko\u0142owr\u00f3t na lotnisku, bramka szybkiego ruchu na lotnisko, stacja metra - MairsTurnstile.com\" src=\"https:\/\/www.youtube.com\/embed\/rR_US2dIKU8\" width=\"1150\" height=\"650\" frameborder=\"0\" allowfullscreen=\"allowfullscreen\"><\/iframe><\/p>\n","protected":false},"excerpt":{"rendered":"<p>1. Rozmiar: 1400 * 130 * 980 mm (mo\u017cna dostosowa\u0107)<\/p>\n<p>2. Materia\u0142: importowany SUS304 o grubo\u015bci 1,5 mm; Polska linia 400# Snow<\/p>\n<p>3. Materia\u0142 ramienia: akryl 10 mm<\/p>\n<p>4. Szeroko\u015b\u0107 przej\u015bcia: 600 mm -900 mm<\/p>\n<p>5. Kierunek przej\u015bcia: jednokierunkowy\/dwukierunkowy<\/p>\n<p>6. Szybko\u015b\u0107 zaliczenia: 30-35 os\u00f3b\/minut\u0119<\/p>\n<p>7. Czas dzia\u0142ania: 0,2 sekundy<\/p>\n<p>8. Pob\u00f3r mocy: AC100-240V, 50\/60HZ<\/p>\n<p>9. Input interface: RS485, Dry contact<\/p>\n<p><span style=\"color: #0000ff;\"><strong><a style=\"color: #0000ff;\" title=\"Bramka obrotowa z certyfikatem CE Mairs\" href=\"http:\/\/mairsturnstile.com\/wp-content\/uploads\/2022\/09\/Mairs-CE-Certificate-Speed-Gate-Turnstile.pdf\" target=\"_blank\" rel=\"noopener noreferrer\">Certyfikat CE,<\/a> <a style=\"color: #0000ff;\" title=\"Certyfikat Mairs ISO9001\" href=\"http:\/\/mairsturnstile.com\/wp-content\/uploads\/2022\/09\/Mairs-Registration-Certificate-ISO9001.pdf\" target=\"_blank\" rel=\"noopener noreferrer\">Certyfikat ISO9001.<\/a><\/strong><\/span><\/p>\n","protected":false},"featured_media":26251,"comment_status":"closed","ping_status":"closed","template":"","meta":{"neve_meta_sidebar":"","neve_meta_container":"","neve_meta_enable_content_width":"off","neve_meta_content_width":0,"neve_meta_title_alignment":"","neve_meta_author_avatar":"","neve_post_elements_order":"","neve_meta_disable_header":"","neve_meta_disable_footer":"","neve_meta_disable_title":"","_ti_tpc_template_sync":false,"_ti_tpc_template_id":""},"product_cat":[2036,2034],"product_tag":[2057,2042,2256,2044,2175],"class_list":["post-33311","product","type-product","status-publish","has-post-thumbnail","hentry","product_cat-bramki-predkosci","product_cat-kolowroty-bezpieczenstwa","product_tag-bramka-obrotowa-z-czytnikiem-kodow-kreskowych","product_tag-bramki-predkosci","product_tag-bramki-predkosci-w-wielkiej-brytanii","product_tag-co-to-sa-bramki-predkosci","product_tag-sprzedam-bramki-szybkobiezne"],"_links":{"self":[{"href":"https:\/\/mairsturnstile.com\/pl\/wp-json\/wp\/v2\/product\/33311","targetHints":{"allow":["GET"]}}],"collection":[{"href":"https:\/\/mairsturnstile.com\/pl\/wp-json\/wp\/v2\/product"}],"about":[{"href":"https:\/\/mairsturnstile.com\/pl\/wp-json\/wp\/v2\/types\/product"}],"replies":[{"embeddable":true,"href":"https:\/\/mairsturnstile.com\/pl\/wp-json\/wp\/v2\/comments?post=33311"}],"version-history":[{"count":0,"href":"https:\/\/mairsturnstile.com\/pl\/wp-json\/wp\/v2\/product\/33311\/revisions"}],"wp:featuredmedia":[{"embeddable":true,"href":"https:\/\/mairsturnstile.com\/pl\/wp-json\/wp\/v2\/media\/26251"}],"wp:attachment":[{"href":"https:\/\/mairsturnstile.com\/pl\/wp-json\/wp\/v2\/media?parent=33311"}],"wp:term":[{"taxonomy":"product_cat","embeddable":true,"href":"https:\/\/mairsturnstile.com\/pl\/wp-json\/wp\/v2\/product_cat?post=33311"},{"taxonomy":"product_tag","embeddable":true,"href":"https:\/\/mairsturnstile.com\/pl\/wp-json\/wp\/v2\/product_tag?post=33311"}],"curies":[{"name":"wp","href":"https:\/\/api.w.org\/{rel}","templated":true}]}}