{"id":33316,"date":"2020-09-13T17:59:07","date_gmt":"2020-09-13T09:59:07","guid":{"rendered":"https:\/\/mairsturnstile.com\/product\/statywny-system-kontroli-dostepu-kolowrot-mt152"},"modified":"2023-10-31T17:08:52","modified_gmt":"2023-10-31T09:08:52","slug":"system-kontroli-dostepu-na-statywie","status":"publish","type":"product","link":"https:\/\/mairsturnstile.com\/pl\/produkt\/system-kontroli-dostepu-na-statywie","title":{"rendered":"STATYWNY SYSTEM KONTROLI DOST\u0118PU KO\u0141Owr\u00f3t MT152"},"content":{"rendered":"        <!-- 3D Model html -->\r\n        <div class=\"bp_grand wrapper_20730\">   \r\n        <div class=\"bp_model_parent\">\r\n            <model-viewer class=\"model\" id=\"bp_model_id_20730\" src=\"http:\/\/mairsturnstile.com\/wp-content\/uploads\/2023\/06\/MT152.glb\" alt=\"MT152\" camera-controls  loading=\"auto\" auto-rotate                        >\r\n            <\/model-viewer>\r\n        \r\n            <!-- Button -->\r\n            <svg id=\"openBtn\" width=\"30px\" height=\"30px\" viewBox=\"0 0 16 16\" xmlns=\"http:\/\/www.w3.org\/2000\/svg\" fill=\"#f2f2f2\" class=\"bi bi-arrows-fullscreen model-icon\">\r\n                <path fill-rule=\"evenodd\" d=\"M5.828 10.172a.5.5 0 0 0-.707 0l-4.096 4.096V11.5a.5.5 0 0 0-1 0v3.975a.5.5 0 0 0 .5.5H4.5a.5.5 0 0 0 0-1H1.732l4.096-4.096a.5.5 0 0 0 0-.707zm4.344 0a.5.5 0 0 1 .707 0l4.096 4.096V11.5a.5.5 0 1 1 1 0v3.975a.5.5 0 0 1-.5.5H11.5a.5.5 0 0 1 0-1h2.768l-4.096-4.096a.5.5 0 0 1 0-.707zm0-4.344a.5.5 0 0 0 .707 0l4.096-4.096V4.5a.5.5 0 1 0 1 0V.525a.5.5 0 0 0-.5-.5H11.5a.5.5 0 0 0 0 1h2.768l-4.096 4.096a.5.5 0 0 0 0 .707zm-4.344 0a.5.5 0 0 1-.707 0L1.025 1.732V4.5a.5.5 0 0 1-1 0V.525a.5.5 0 0 1 .5-.5H4.5a.5.5 0 0 1 0 1H1.732l4.096 4.096a.5.5 0 0 1 0 .707z\"\/>\r\n            <\/svg>\r\n        \r\n            <svg id=\"closeBtn\" class=\"model-icon\" width=\"34px\" height=\"34px\" viewBox=\"0 0 24 24\" xmlns=\"http:\/\/www.w3.org\/2000\/svg\">\r\n                <path fill=\"none\" stroke=\"#f2f2f2\" stroke-width=\"2\" d=\"M7,7 L17,17 M7,17 L17,7\"\/>\r\n            <\/svg>\r\n        \r\n        <\/div>\r\n        <\/div> \r\n\r\n        <!-- Model Viewer Style -->\r\n        <style>\r\n            \r\n            .wrapper_20730 .bp_model_parent, #bp_model_id_20730 {\r\n                width: 1150px;\r\n                max-width: 100%;\r\n                                            }\r\n            #bp_model_id_20730 {\r\n                height:700px;\r\n                background-color: #f2f2f2;\r\n            }\r\n            .fullscreen #bp_model_id_20730{\r\n            height: 100%;\r\n            width: 100%;\r\n            }\r\n            .wrapper_20730 .bp_model_parent{\r\n                justify-content: start            }\r\n            model-viewer.model {\r\n                --poster-color: transparent;\r\n            }\r\n        <\/style>\r\n        \r\n        \n<h4>SYSTEM KONTROLI DOST\u0118PU DO STATYWU TURNSTILE obj\u0119ty jest 2-letni\u0105 gwarancj\u0105 oraz trwa\u0142ym wsparciem w zakresie konserwacji i napraw.<\/h4>\n<p>Mo\u017cemy \u015bwiadczy\u0107 us\u0142ugi OEM i ODM. Mamy do\u015bwiadczonych projektant\u00f3w, kt\u00f3rzy s\u0105 w stanie dokona\u0107 g\u0142\u0119bokiej personalizacji wed\u0142ug Twoich potrzeb. W najszybszym mo\u017cliwym terminie udost\u0119pnimy szereg materia\u0142\u00f3w takich jak wizualizacje 3D, rysunki wymiarowe itp. Dostarczamy r\u00f3wnie\u017c urz\u0105dzenia biometryczne, takie jak czytniki kart IC\/ID, skanery linii papilarnych, skanery kod\u00f3w QR, kamery rozpoznaj\u0105ce twarz i tak dalej. Je\u015bli chcesz zintegrowa\u0107 te urz\u0105dzenia z bramk\u0105 obrotow\u0105 pe\u0142nej wysoko\u015bci lub masz jakie\u015b pytania, <a href=\"https:\/\/mairsturnstile.com\/contact\">skontaktuj si\u0119 z nami<\/a><\/p>\n<p><a href=\"https:\/\/mairsturnstile.com\/category\/tripod-turnstile\">Ko\u0142owrotek na statywie<\/a> oferuje niezawodn\u0105 i skuteczn\u0105 metod\u0119 zapewnienia, \u017ce tylko autoryzowani u\u017cytkownicy maj\u0105 dost\u0119p do ka\u017cdego obszaru budynku.<\/p>\n<p>Mo\u017cemy r\u00f3wnie\u017c w ci\u0105gu kilku minut stworzy\u0107 dla Ciebie rendering na podstawie Twojego rzeczywistego scenariusza. Zapewniamy r\u00f3wnie\u017c szczeg\u00f3\u0142owy uk\u0142ad i rysunki, a tak\u017ce rysunki instalacyjne.<\/p>\n\n        \t\n\t<style type=\"text\/css\">\n\t\t.slider-info-20744.bafg-slider-info .bafg-slider-title {\n\t\t\t\t\t\tfont-size: 22px;\n\t\t\t\t\t\t\n\t\t\t\n\t\t\t\t\t}\n\n\t\t.slider-info-20744.bafg-slider-info .bafg-slider-description {\n\t\t\t\n\t\t\t\n\t\t\t\t\t}\n\n\t\t.slider-info-20744.bafg-slider-info .bafg_slider_readmore_button {\n\t\t\t\n\t\t\t\n\t\t\t\n\t\t\t\n\t\t\t\n\t\t\ttext-align: center;\n\n\t\t\t\n\t\t\t\n\t\t\t\n\t\t\t\n\t\t\t\n\t\t\t\n\t\t\t\t\t}\n\n\t\t.slider-info-20744.bafg-slider-info .bafg_slider_readmore_button:hover {\n\n\t\t\t\n\t\t\t\n\t\t\t\t\t}\n\n\t<\/style>\n\t\n        <div class=\"bafg-twentytwenty-container slider-20744 \" bafg-orientation=\"horizontal\" bafg-default-offset=\"0.5\" bafg-before-label=\"Before\" bafg-after-label=\"After\" bafg-overlay=\"yes\" bafg-move-slider-on-hover=\"yes\" bafg-click-to-move=\"no\">\n              \n            <img decoding=\"async\" class=\"skip-lazy\" src=\"http:\/\/mairsturnstile.com\/wp-content\/uploads\/2020\/09\/tripod-access-control-system-4.jpg\" alt=\"tripod access control system\" data-skip-lazy title=\"\">\n            <img decoding=\"async\" class=\"skip-lazy\" src=\"http:\/\/mairsturnstile.com\/wp-content\/uploads\/2020\/09\/tripod-access-control-system-5.jpg\" alt=\"tripod access control system\" data-skip-lazy title=\"\">\n           \n        <\/div>\n\n        \t<div class=\"bafg-slider-info-wraper\">\n\t\t<div style=\"\" class=\"slider-info-20744 bafg-slider-info\">\n\t\t\t\t\t<\/div>\n\t<\/div>\n\t\n        <style type=\"text\/css\">\n            \n        <\/style>\n        \n<ul>\n<li>Ko\u0142owroty z systemem kontroli dost\u0119pu na statywie to kompaktowe i ekonomiczne rozwi\u0105zania wej\u015bciowe.<\/li>\n<li>Ko\u0142owr\u00f3t systemu kontroli dost\u0119pu do statywu ma w pe\u0142ni odporn\u0105 na deszcz obudow\u0119 ze stali nierdzewnej 304, kt\u00f3ra jest odporna na rdz\u0119, solidna i trwa\u0142a.<\/li>\n<li>Ko\u0142owroty tr\u00f3jno\u017cne mo\u017cna montowa\u0107 zar\u00f3wno w pomieszczeniach, jak i na zewn\u0105trz. Wsp\u00f3\u0142czynnik IP wynosi 54<\/li>\n<li>Posiada wyj\u015bcie przeka\u017anikowe o mi\u0119dzynarodowym standardzie, kt\u00f3re mo\u017cna \u0142atwo zintegrowa\u0107 z wszelkiego rodzaju systemami kontroli dost\u0119pu innych firm (tj. RFID, odcisk palca, rozpoznawanie twarzy, <a href=\"https:\/\/en.wikipedia.org\/wiki\/Barcode\" target=\"_blank\" rel=\"noopener\">kod kreskowy<\/a>, termometr na podczerwie\u0144).<\/li>\n<li>Brama jest p\u00f3\u0142automatyczna. Aby otworzy\u0107 bram\u0119 po uzyskaniu dost\u0119pu, nale\u017cy lekko popchn\u0105\u0107 rami\u0119.<\/li>\n<li>Rozs\u0105dna konstrukcja i wysoka wydajno\u015b\u0107 maj\u0105 zapewni\u0107 szybkie i dok\u0142adne, stabilne i ciche poruszanie si\u0119 bram; z niskim zu\u017cyciem energii, oszcz\u0119dzaniem energii i ochron\u0105 \u015brodowiska.<\/li>\n<li>Trwa\u0142y, odporny na korozj\u0119, wytrzyma\u0142y mechanizm formy zapewniaj\u0105cy d\u0142u\u017csz\u0105 \u017cywotno\u015b\u0107<\/li>\n<li>Mechanizm to konstrukcja formy. Wszystkie elementy s\u0105 precyzyjne i. Dzi\u0119ki temu system bramowy dzia\u0142a p\u0142ynnie, przy niskim poziomie ha\u0142asu. Mo\u017cna doda\u0107 amortyzator hydrauliczny.<\/li>\n<li>Konstrukcja ko\u0142owrotu tr\u00f3jno\u017cnego sprawia, \u017ce w danym momencie przechodzi tylko jedna osoba.<\/li>\n<li>Niezawodno\u015b\u0107 mechanizmu: 3 miliony, bez usterek<\/li>\n<li>Opcj\u0105 jest jednokierunkowo\u015b\u0107 lub dwukierunkowo\u015b\u0107.<\/li>\n<li>Kierunkowskaz LED na g\u00f3rze<\/li>\n<li>Funkcja automatycznego zegara: je\u015bli odebrany zostanie sygna\u0142 otwarcia, ale go\u015b\u0107 nie przejdzie przez bramk\u0119 w okre\u015blonym czasie (domy\u015blnie 5s), rami\u0119 ko\u0142owrotu zablokuje si\u0119 automatycznie.<\/li>\n<li>Po wy\u0142\u0105czeniu zasilania ramiona ko\u0142owrotu statywu opadn\u0105 automatycznie, aby umo\u017cliwi\u0107 swobodne przej\u015bcie, co jest zgodne z wymogami bezpiecze\u0144stwa przeciwpo\u017carowego.<\/li>\n<\/ul>\n<p><iframe title=\"Automatyczny ko\u0142owrotek na statywie, bramka ko\u0142owrotu na statywie, rozwi\u0105zanie ko\u0142owrotu na statywie - MairsTurnstile\" src=\"https:\/\/www.youtube.com\/embed\/6LIOkb5RGwk\" width=\"1150\" height=\"650\" frameborder=\"0\" allowfullscreen=\"allowfullscreen\"><\/iframe><\/p>\n","protected":false},"excerpt":{"rendered":"<p>1. Rozmiar: 1400 * 280 * 980 mm (mo\u017cna dostosowa\u0107)<\/p>\n<p>2. Szeroko\u015b\u0107 pasa: 550 mm (mo\u017cna dostosowa\u0107)<\/p>\n<p>3. Pr\u0119dko\u015b\u0107 przejazdu: 35 os.\/min<\/p>\n<p>4. Zasilanie: 110 V\/220 V 50\/60 Hz<\/p>\n<p>5. System kontroli dost\u0119pu na statywie Waga: 60 kg<\/p>\n<p>6. Sygna\u0142 otwarcia bramy: styk bezpr\u0105dowy\/przeka\u017anik<\/p>\n<p>7. Mo\u017cna doda\u0107 r\u0119kaw ochronny na rami\u0119<\/p>\n<p>8. Mechanizm z amortyzatorem hydraulicznym do amortyzacji<\/p>\n<p>9. Spos\u00f3b dzia\u0142ania: p\u00f3\u0142automatyczny<\/p>\n<p><strong><a title=\"Ko\u0142owr\u00f3t statywowy Mairs z certyfikatem CE\" href=\"http:\/\/mairsturnstile.com\/wp-content\/uploads\/2022\/09\/Mairs-CE-Certificate-Tripod-Turnstile.pdf\" target=\"_blank\" rel=\"noopener noreferrer\">Certyfikat CE,<\/a> <a title=\"Certyfikat Mairs ISO9001\" href=\"http:\/\/mairsturnstile.com\/wp-content\/uploads\/2022\/09\/Mairs-Registration-Certificate-ISO9001.pdf\" target=\"_blank\" rel=\"noopener noreferrer\">Certyfikat ISO9001.<\/a><\/strong><\/p>\n","protected":false},"featured_media":59726,"comment_status":"closed","ping_status":"closed","template":"","meta":{"neve_meta_sidebar":"","neve_meta_container":"","neve_meta_enable_content_width":"off","neve_meta_content_width":0,"neve_meta_title_alignment":"","neve_meta_author_avatar":"","neve_post_elements_order":"","neve_meta_disable_header":"","neve_meta_disable_footer":"","neve_meta_disable_title":"","_ti_tpc_template_sync":false,"_ti_tpc_template_id":""},"product_cat":[2038,2034],"product_tag":[2266,2268,2176,2267,2269],"class_list":["post-33316","product","type-product","status-publish","has-post-thumbnail","hentry","product_cat-kolowrotek-na-statywie","product_cat-kolowroty-bezpieczenstwa","product_tag-kontrola-dostepu-do-statywu","product_tag-system-dostepu-do-statywu","product_tag-system-kontroli-dostepu-kolowrotek","product_tag-system-kontroli-dostepu-na-statywie","product_tag-systemy-bezpieczenstwa-kontroli-dostepu-do-kolowrotow"],"_links":{"self":[{"href":"https:\/\/mairsturnstile.com\/pl\/wp-json\/wp\/v2\/product\/33316","targetHints":{"allow":["GET"]}}],"collection":[{"href":"https:\/\/mairsturnstile.com\/pl\/wp-json\/wp\/v2\/product"}],"about":[{"href":"https:\/\/mairsturnstile.com\/pl\/wp-json\/wp\/v2\/types\/product"}],"replies":[{"embeddable":true,"href":"https:\/\/mairsturnstile.com\/pl\/wp-json\/wp\/v2\/comments?post=33316"}],"version-history":[{"count":0,"href":"https:\/\/mairsturnstile.com\/pl\/wp-json\/wp\/v2\/product\/33316\/revisions"}],"wp:featuredmedia":[{"embeddable":true,"href":"https:\/\/mairsturnstile.com\/pl\/wp-json\/wp\/v2\/media\/59726"}],"wp:attachment":[{"href":"https:\/\/mairsturnstile.com\/pl\/wp-json\/wp\/v2\/media?parent=33316"}],"wp:term":[{"taxonomy":"product_cat","embeddable":true,"href":"https:\/\/mairsturnstile.com\/pl\/wp-json\/wp\/v2\/product_cat?post=33316"},{"taxonomy":"product_tag","embeddable":true,"href":"https:\/\/mairsturnstile.com\/pl\/wp-json\/wp\/v2\/product_tag?post=33316"}],"curies":[{"name":"wp","href":"https:\/\/api.w.org\/{rel}","templated":true}]}}